{"id":3046,"date":"2026-04-29T09:38:10","date_gmt":"2026-04-29T09:38:10","guid":{"rendered":"https:\/\/purehivehoney.com\/de\/product\/savannah-bee-company-honigkamm-akazien-glas-sechseckig-aus-reinem-akazienhonig\/"},"modified":"2026-04-29T09:38:27","modified_gmt":"2026-04-29T09:38:27","slug":"savannah-bee-company-honigkamm-akazien-glas-sechseckig-aus-reinem-akazienhonig","status":"publish","type":"product","link":"https:\/\/purehivehoney.com\/de\/product\/savannah-bee-company-honigkamm-akazien-glas-sechseckig-aus-reinem-akazienhonig\/","title":{"rendered":"Savannah Bee Company Honigkamm-Akaz..."},"content":{"rendered":"<p>    <span>Wir stellen Ihnen vor, reine rohe Akazienwabe von Savannah Bee. Sorgf\u00e4ltig aus den \u00fcppigen W\u00e4ldern Ungarns bezogen, wird diese Wabe fachm\u00e4nnisch aus dem nat\u00fcrlichen Nektar von Akazienb\u00e4umen gefertigt, der f\u00fcr die Herstellung von Honig von au\u00dfergew\u00f6hnlicher Qualit\u00e4t bekannt ist. Jedes St\u00fcck Wabe wird sorgf\u00e4ltig von Hand geschnitten und versiegelt, um seine unvergleichliche Frische bei der Ankunft zu gew\u00e4hrleisten. Unser unersch\u00fctterliches Engagement f\u00fcr die Lieferung der feinsten Biowaben sorgt f\u00fcr ein bemerkenswertes Erlebnis direkt vor Ihrer Haust\u00fcr. Die Wabe wird bequem in einem Tablett geliefert, was eine einfache Handhabung und Lagerung erm\u00f6glicht. G\u00f6nnen Sie sich die reine Essenz der Natur mit unserer 100% reinen Wabe, ungefiltert, um ihre nat\u00fcrliche G\u00fcte zu bewahren. Tauchen Sie ein in die einzigartigen, leichten und subtilen Aromen, die diese Wabe wirklich au\u00dfergew\u00f6hnlich machen. Im Gegensatz zu anderen Waben hat unser Produkt eine reduzierte Kristallisationsneigung und beh\u00e4lt seine glatte und samtige Textur. Auf Wunsch stellt ein sanftes Eintauchen in warmes Wasser jedoch m\u00fchelos seine herrliche Konsistenz wieder her. Neben seinem bemerkenswerten Geschmack bietet unsere Wabe eine F\u00fclle von ern\u00e4hrungsphysiologischen Vorteilen. Vollgepackt mit reichhaltigen und komplexen Vitaminen, dient es als gesunde Erg\u00e4nzung zu Ihrer t\u00e4glichen Ern\u00e4hrung, f\u00f6rdert das allgemeine Wohlbefinden und die Vitalit\u00e4t. Entdecken Sie die Vielseitigkeit unserer Waben und f\u00fcgen Sie Ihren kulinarischen Kreationen eine neue Dimension hinzu. Ob direkt aus dem Kamm, zart \u00fcber Ihren Lieblingstoast getr\u00e4ufelt oder \u00fcber frisches Obst oder verw\u00f6hnendes Eis zerkleinert, sein kompliziertes Geschmacksprofil hebt jedes Gericht hervor. F\u00fcr eine exquisite Gourmet-Paarung genie\u00dfen Sie ihn zusammen mit Brie-K\u00e4se, wo sich die kontrastierenden Aromen harmonisch miteinander verflechten. Tauchen Sie ein in die nat\u00fcrliche G\u00fcte unserer ungefilterten Waben, die bequem in einem Tablett f\u00fcr einfache Handhabung und Lagerung pr\u00e4sentiert werden. Verleihen Sie Ihren Lieblingsgerichten einen Hauch von unvergleichlichem Geschmack und Luxus mit unserer au\u00dfergew\u00f6hnlichen Wabe.<\/span>    <br \/> Is Discontinued By Manufacturer                                            \u200f                                            :                                            \u200e                                            No   <br \/> Package Dimensions                                            \u200f                                            :                                            \u200e                                            15.9 x 13.3 x 9.6 cm; 340.19 g   <br \/> ASIN                                            \u200f                                            :                                            \u200e                                            B07477LM57   <br \/>  Customer reviews:                                                                                            4.5               4.5 out of 5 stars                                  (13)                                              var dpAcrHasRegisteredArcLinkClickAction;                    P.when(&#8218;A&#8216;, &#8218;ready&#8216;).execute(function(A) {                        if (dpAcrHasRegisteredArcLinkClickAction !== true) {                            dpAcrHasRegisteredArcLinkClickAction = true;                            A.declarative(                                &#8218;acrLink-click-metrics&#8216;, &#8218;click&#8216;,                                { &#8222;allowLinkDefault&#8220;: true },                                function (event) {                                    if (window.ue) {                                        ue.count(&#8222;acrLinkClickCount&#8220;, (ue.count(&#8222;acrLinkClickCount&#8220;) || 0) + 1);                                    }                                }                            );                        }                    });                                             P.when(&#8218;A&#8216;, &#8218;cf&#8216;).execute(function(A) {                A.declarative(&#8218;acrStarsLink-click-metrics&#8216;, &#8218;click&#8216;, { &#8222;allowLinkDefault&#8220; : true },  function(event){                    if(window.ue) {                        ue.count(&#8222;acrStarsLinkWithPopoverClickCount&#8220;, (ue.count(&#8222;acrStarsLinkWithPopoverClickCount&#8220;) || 0) + 1);                    }                });            });                          <br \/>Rohhonig \u2013 Genie\u00dfen Sie das Wunder des Honigs in seinem nat\u00fcrlichsten Zustand mit einem wundersch\u00f6nen St\u00fcck roher Waben aus Ungarn.<br \/>Ganz nat\u00fcrlich \u2013 verteilen Sie es auf warmem Brot, ploppen Sie es in Salate oder graben Sie es einfach mit einem L\u00f6ffel ein \u2013 ja, Sie k\u00f6nnen das Wachs essen<br \/>100 % rein \u2013 Die W\u00e4nde der sechseckigen Zellen der Waben sind nur 0,5 cm dick, k\u00f6nnen aber das 25-fache ihres eigenen Gewichts tragen.<br \/>Unverzichtbar in der K\u00fcche \u2013 der Honigkamm hat einen komplexeren Geschmack als nat\u00fcrlicher Honig. Essen Sie es roh, tropfen Sie den Bio-Honig als Toastaufstrich, zerdr\u00fccken Sie ihn \u00fcber Obst oder Eis oder genie\u00dfen Sie ihn mit Brie-K\u00e4se.<br \/>\n<button id=\"nav-assist-product-summary\" role=\"button\" tabindex=\"-1\" class=\"nav-assistant-menu-item nav-assistant-link-item nav-assistant-keyboard-shortcut-item keyboard-shortcut-menu-container a-color-base a-color-link nav-assistant-link-button\" data-nav-assist-menu-item-index=\"13\" data-behavior=\"activate\" data-actuators='[{\"eventKey\":\"\u00ce\",\"eventCode\":\"KeyD\",\"isShiftRequired\":true},{\"eventKey\":\"\u2122\",\"eventCode\":\"KeyD\",\"isShiftRequired\":true},{\"eventKey\":\"\u2206\",\"eventCode\":\"KeyD\",\"isShiftRequired\":true},{\"eventKey\":\"D\",\"isShiftRequired\":true}]' data-target=\"#pqv-trigger\" data-modal-ignore='[data-cel-widget=\"pqv-dpx-widget-desktop\"]' aria-label=\"Product summary, shift, ALT, d\" aria-describedby=\"nav-assist-shortcut-help\"><\/p>\n<div class=\"keyboard-shortcut-container\" aria-hidden=\"true\">\n          <span class=\"shortcut-name nav-assistant-card-font\">Product summary<\/span><\/p>\n<div class=\"shortcut-keys-container\" dir=\"ltr\">\n              <span class=\"shortcut-key nav-assistant-card-font font-color\">shift<\/span><br \/>\n              <span class=\"plus-sign-color\">+<\/span><br \/>\n              <span class=\"shortcut-key nav-assistant-card-font font-color\">ALT<\/span><br \/>\n              <span class=\"plus-sign-color\">+<\/span><br \/>\n              <span class=\"shortcut-key nav-assistant-card-font font-color\">D<\/span><\/p><\/div>\n<\/p><\/div>\n<p>      <\/button><br \/>\n<br \/><\/p>\n","protected":false},"excerpt":{"rendered":"<p>Wir stellen Ihnen vor, reine rohe Akazienwabe von Savannah Bee. Sorgf\u00e4ltig aus den \u00fcppigen W\u00e4ldern Ungarns bezogen, wird diese Wabe fachm\u00e4nnisch aus dem nat\u00fcrlichen Nektar von Akazienb\u00e4umen gefertigt, der f\u00fcr die Herstellung von Honig von au\u00dfergew\u00f6hnlicher Qualit\u00e4t bekannt ist. Jedes St\u00fcck Wabe wird sorgf\u00e4ltig von Hand geschnitten und versiegelt, um seine unvergleichliche Frische bei der [&hellip;]<\/p>\n","protected":false},"featured_media":3047,"comment_status":"open","ping_status":"closed","template":"","meta":{"_aipt_faq_data":""},"store":[],"product_brand":[385],"product_cat":[47],"product_tag":[113],"class_list":{"0":"post-3046","1":"product","2":"type-product","3":"status-publish","4":"has-post-thumbnail","6":"product_brand-savannah-bee-company","7":"product_cat-akazienhonig","8":"product_tag-akazienhonig-bio-qualitaet","10":"first","11":"instock","12":"shipping-taxable","13":"product-type-external"},"yoast_head":"<!-- This site is optimized with the Yoast SEO plugin v27.4 - https:\/\/yoast.com\/product\/yoast-seo-wordpress\/ -->\n<title>Savannah Bee Company Honigkamm-Akazien-Glas, sechseckig, aus reinem Akazienhonig - PureHiveHoney<\/title>\n<meta name=\"description\" content=\"Entdecken Sie hochwertigen Rohhonig, Bio Honig, Manuka Honig und nat\u00fcrliche Bienenprodukte. PureHiveHoney hilft Ihnen dabei, sorgf\u00e4ltig ausgew\u00e4hlte Honigsorten mit nat\u00fcrlicher Qualit\u00e4t und Reinheit zu entdecken.\" \/>\n<meta name=\"robots\" content=\"index, follow, max-snippet:-1, max-image-preview:large, max-video-preview:-1\" \/>\n<link rel=\"canonical\" href=\"https:\/\/purehivehoney.com\/de\/product\/savannah-bee-company-honigkamm-akazien-glas-sechseckig-aus-reinem-akazienhonig\/\" \/>\n<meta property=\"og:locale\" content=\"de_DE\" \/>\n<meta property=\"og:type\" content=\"article\" \/>\n<meta property=\"og:title\" content=\"Savannah Bee Company Honigkamm-Akazien-Glas, sechseckig, aus reinem Akazienhonig - PureHiveHoney\" \/>\n<meta property=\"og:description\" content=\"Entdecken Sie hochwertigen Rohhonig, Bio Honig, Manuka Honig und nat\u00fcrliche Bienenprodukte. PureHiveHoney hilft Ihnen dabei, sorgf\u00e4ltig ausgew\u00e4hlte Honigsorten mit nat\u00fcrlicher Qualit\u00e4t und Reinheit zu entdecken.\" \/>\n<meta property=\"og:url\" content=\"https:\/\/purehivehoney.com\/de\/product\/savannah-bee-company-honigkamm-akazien-glas-sechseckig-aus-reinem-akazienhonig\/\" \/>\n<meta property=\"og:site_name\" content=\"PureHiveHoney\" \/>\n<meta property=\"article:modified_time\" content=\"2026-04-29T09:38:27+00:00\" \/>\n<meta name=\"twitter:card\" content=\"summary_large_image\" \/>\n<meta name=\"twitter:label1\" content=\"Gesch\u00e4tzte Lesezeit\" \/>\n\t<meta name=\"twitter:data1\" content=\"3\u00a0Minuten\" \/>\n<script type=\"application\/ld+json\" class=\"yoast-schema-graph\">{\"@context\":\"https:\\\/\\\/schema.org\",\"@graph\":[{\"@type\":\"WebPage\",\"@id\":\"https:\\\/\\\/purehivehoney.com\\\/de\\\/product\\\/savannah-bee-company-honigkamm-akazien-glas-sechseckig-aus-reinem-akazienhonig\\\/\",\"url\":\"https:\\\/\\\/purehivehoney.com\\\/de\\\/product\\\/savannah-bee-company-honigkamm-akazien-glas-sechseckig-aus-reinem-akazienhonig\\\/\",\"name\":\"Savannah Bee Company Honigkamm-Akazien-Glas, sechseckig, aus reinem Akazienhonig - PureHiveHoney\",\"isPartOf\":{\"@id\":\"https:\\\/\\\/purehivehoney.com\\\/de\\\/#website\"},\"primaryImageOfPage\":{\"@id\":\"https:\\\/\\\/purehivehoney.com\\\/de\\\/product\\\/savannah-bee-company-honigkamm-akazien-glas-sechseckig-aus-reinem-akazienhonig\\\/#primaryimage\"},\"image\":{\"@id\":\"https:\\\/\\\/purehivehoney.com\\\/de\\\/product\\\/savannah-bee-company-honigkamm-akazien-glas-sechseckig-aus-reinem-akazienhonig\\\/#primaryimage\"},\"thumbnailUrl\":\"https:\\\/\\\/purehivehoney.com\\\/de\\\/wp-content\\\/uploads\\\/2026\\\/04\\\/81H0q6j3ETL._SL1500_.jpg\",\"datePublished\":\"2026-04-29T09:38:10+00:00\",\"dateModified\":\"2026-04-29T09:38:27+00:00\",\"description\":\"Entdecken Sie hochwertigen Rohhonig, Bio Honig, Manuka Honig und nat\u00fcrliche Bienenprodukte. PureHiveHoney hilft Ihnen dabei, sorgf\u00e4ltig ausgew\u00e4hlte Honigsorten mit nat\u00fcrlicher Qualit\u00e4t und Reinheit zu entdecken.\",\"breadcrumb\":{\"@id\":\"https:\\\/\\\/purehivehoney.com\\\/de\\\/product\\\/savannah-bee-company-honigkamm-akazien-glas-sechseckig-aus-reinem-akazienhonig\\\/#breadcrumb\"},\"inLanguage\":\"de\",\"potentialAction\":[{\"@type\":\"ReadAction\",\"target\":[\"https:\\\/\\\/purehivehoney.com\\\/de\\\/product\\\/savannah-bee-company-honigkamm-akazien-glas-sechseckig-aus-reinem-akazienhonig\\\/\"]}]},{\"@type\":\"ImageObject\",\"inLanguage\":\"de\",\"@id\":\"https:\\\/\\\/purehivehoney.com\\\/de\\\/product\\\/savannah-bee-company-honigkamm-akazien-glas-sechseckig-aus-reinem-akazienhonig\\\/#primaryimage\",\"url\":\"https:\\\/\\\/purehivehoney.com\\\/de\\\/wp-content\\\/uploads\\\/2026\\\/04\\\/81H0q6j3ETL._SL1500_.jpg\",\"contentUrl\":\"https:\\\/\\\/purehivehoney.com\\\/de\\\/wp-content\\\/uploads\\\/2026\\\/04\\\/81H0q6j3ETL._SL1500_.jpg\",\"width\":1500,\"height\":1500},{\"@type\":\"BreadcrumbList\",\"@id\":\"https:\\\/\\\/purehivehoney.com\\\/de\\\/product\\\/savannah-bee-company-honigkamm-akazien-glas-sechseckig-aus-reinem-akazienhonig\\\/#breadcrumb\",\"itemListElement\":[{\"@type\":\"ListItem\",\"position\":1,\"name\":\"Home\",\"item\":\"https:\\\/\\\/purehivehoney.com\\\/de\\\/\"},{\"@type\":\"ListItem\",\"position\":2,\"name\":\"Shop\",\"item\":\"https:\\\/\\\/purehivehoney.com\\\/de\\\/shop\\\/\"},{\"@type\":\"ListItem\",\"position\":3,\"name\":\"Savannah Bee Company Honigkamm-Akaz...\"}]},{\"@type\":\"WebSite\",\"@id\":\"https:\\\/\\\/purehivehoney.com\\\/de\\\/#website\",\"url\":\"https:\\\/\\\/purehivehoney.com\\\/de\\\/\",\"name\":\"PureHiveHoney\",\"description\":\"Reiner Honig &amp; Bienenprodukte Online | Rohhonig, Bio Honig &amp; Spezialhonig\",\"publisher\":{\"@id\":\"https:\\\/\\\/purehivehoney.com\\\/de\\\/#organization\"},\"potentialAction\":[{\"@type\":\"SearchAction\",\"target\":{\"@type\":\"EntryPoint\",\"urlTemplate\":\"https:\\\/\\\/purehivehoney.com\\\/de\\\/?s={search_term_string}\"},\"query-input\":{\"@type\":\"PropertyValueSpecification\",\"valueRequired\":true,\"valueName\":\"search_term_string\"}}],\"inLanguage\":\"de\"},{\"@type\":\"Organization\",\"@id\":\"https:\\\/\\\/purehivehoney.com\\\/de\\\/#organization\",\"name\":\"PureHiveHoney\",\"url\":\"https:\\\/\\\/purehivehoney.com\\\/de\\\/\",\"logo\":{\"@type\":\"ImageObject\",\"inLanguage\":\"de\",\"@id\":\"https:\\\/\\\/purehivehoney.com\\\/de\\\/#\\\/schema\\\/logo\\\/image\\\/\",\"url\":\"https:\\\/\\\/purehivehoney.com\\\/de\\\/wp-content\\\/uploads\\\/2026\\\/03\\\/Screenshot-2026-03-16-at-1.06.01-AM.png\",\"contentUrl\":\"https:\\\/\\\/purehivehoney.com\\\/de\\\/wp-content\\\/uploads\\\/2026\\\/03\\\/Screenshot-2026-03-16-at-1.06.01-AM.png\",\"width\":2112,\"height\":1086,\"caption\":\"PureHiveHoney\"},\"image\":{\"@id\":\"https:\\\/\\\/purehivehoney.com\\\/de\\\/#\\\/schema\\\/logo\\\/image\\\/\"}}]}<\/script>\n<!-- \/ Yoast SEO plugin. -->","yoast_head_json":{"title":"Savannah Bee Company Honigkamm-Akazien-Glas, sechseckig, aus reinem Akazienhonig - PureHiveHoney","description":"Entdecken Sie hochwertigen Rohhonig, Bio Honig, Manuka Honig und nat\u00fcrliche Bienenprodukte. PureHiveHoney hilft Ihnen dabei, sorgf\u00e4ltig ausgew\u00e4hlte Honigsorten mit nat\u00fcrlicher Qualit\u00e4t und Reinheit zu entdecken.","robots":{"index":"index","follow":"follow","max-snippet":"max-snippet:-1","max-image-preview":"max-image-preview:large","max-video-preview":"max-video-preview:-1"},"canonical":"https:\/\/purehivehoney.com\/de\/product\/savannah-bee-company-honigkamm-akazien-glas-sechseckig-aus-reinem-akazienhonig\/","og_locale":"de_DE","og_type":"article","og_title":"Savannah Bee Company Honigkamm-Akazien-Glas, sechseckig, aus reinem Akazienhonig - PureHiveHoney","og_description":"Entdecken Sie hochwertigen Rohhonig, Bio Honig, Manuka Honig und nat\u00fcrliche Bienenprodukte. PureHiveHoney hilft Ihnen dabei, sorgf\u00e4ltig ausgew\u00e4hlte Honigsorten mit nat\u00fcrlicher Qualit\u00e4t und Reinheit zu entdecken.","og_url":"https:\/\/purehivehoney.com\/de\/product\/savannah-bee-company-honigkamm-akazien-glas-sechseckig-aus-reinem-akazienhonig\/","og_site_name":"PureHiveHoney","article_modified_time":"2026-04-29T09:38:27+00:00","twitter_card":"summary_large_image","twitter_misc":{"Gesch\u00e4tzte Lesezeit":"3\u00a0Minuten"},"schema":{"@context":"https:\/\/schema.org","@graph":[{"@type":"WebPage","@id":"https:\/\/purehivehoney.com\/de\/product\/savannah-bee-company-honigkamm-akazien-glas-sechseckig-aus-reinem-akazienhonig\/","url":"https:\/\/purehivehoney.com\/de\/product\/savannah-bee-company-honigkamm-akazien-glas-sechseckig-aus-reinem-akazienhonig\/","name":"Savannah Bee Company Honigkamm-Akazien-Glas, sechseckig, aus reinem Akazienhonig - PureHiveHoney","isPartOf":{"@id":"https:\/\/purehivehoney.com\/de\/#website"},"primaryImageOfPage":{"@id":"https:\/\/purehivehoney.com\/de\/product\/savannah-bee-company-honigkamm-akazien-glas-sechseckig-aus-reinem-akazienhonig\/#primaryimage"},"image":{"@id":"https:\/\/purehivehoney.com\/de\/product\/savannah-bee-company-honigkamm-akazien-glas-sechseckig-aus-reinem-akazienhonig\/#primaryimage"},"thumbnailUrl":"https:\/\/purehivehoney.com\/de\/wp-content\/uploads\/2026\/04\/81H0q6j3ETL._SL1500_.jpg","datePublished":"2026-04-29T09:38:10+00:00","dateModified":"2026-04-29T09:38:27+00:00","description":"Entdecken Sie hochwertigen Rohhonig, Bio Honig, Manuka Honig und nat\u00fcrliche Bienenprodukte. PureHiveHoney hilft Ihnen dabei, sorgf\u00e4ltig ausgew\u00e4hlte Honigsorten mit nat\u00fcrlicher Qualit\u00e4t und Reinheit zu entdecken.","breadcrumb":{"@id":"https:\/\/purehivehoney.com\/de\/product\/savannah-bee-company-honigkamm-akazien-glas-sechseckig-aus-reinem-akazienhonig\/#breadcrumb"},"inLanguage":"de","potentialAction":[{"@type":"ReadAction","target":["https:\/\/purehivehoney.com\/de\/product\/savannah-bee-company-honigkamm-akazien-glas-sechseckig-aus-reinem-akazienhonig\/"]}]},{"@type":"ImageObject","inLanguage":"de","@id":"https:\/\/purehivehoney.com\/de\/product\/savannah-bee-company-honigkamm-akazien-glas-sechseckig-aus-reinem-akazienhonig\/#primaryimage","url":"https:\/\/purehivehoney.com\/de\/wp-content\/uploads\/2026\/04\/81H0q6j3ETL._SL1500_.jpg","contentUrl":"https:\/\/purehivehoney.com\/de\/wp-content\/uploads\/2026\/04\/81H0q6j3ETL._SL1500_.jpg","width":1500,"height":1500},{"@type":"BreadcrumbList","@id":"https:\/\/purehivehoney.com\/de\/product\/savannah-bee-company-honigkamm-akazien-glas-sechseckig-aus-reinem-akazienhonig\/#breadcrumb","itemListElement":[{"@type":"ListItem","position":1,"name":"Home","item":"https:\/\/purehivehoney.com\/de\/"},{"@type":"ListItem","position":2,"name":"Shop","item":"https:\/\/purehivehoney.com\/de\/shop\/"},{"@type":"ListItem","position":3,"name":"Savannah Bee Company Honigkamm-Akaz..."}]},{"@type":"WebSite","@id":"https:\/\/purehivehoney.com\/de\/#website","url":"https:\/\/purehivehoney.com\/de\/","name":"PureHiveHoney","description":"Reiner Honig &amp; Bienenprodukte Online | Rohhonig, Bio Honig &amp; Spezialhonig","publisher":{"@id":"https:\/\/purehivehoney.com\/de\/#organization"},"potentialAction":[{"@type":"SearchAction","target":{"@type":"EntryPoint","urlTemplate":"https:\/\/purehivehoney.com\/de\/?s={search_term_string}"},"query-input":{"@type":"PropertyValueSpecification","valueRequired":true,"valueName":"search_term_string"}}],"inLanguage":"de"},{"@type":"Organization","@id":"https:\/\/purehivehoney.com\/de\/#organization","name":"PureHiveHoney","url":"https:\/\/purehivehoney.com\/de\/","logo":{"@type":"ImageObject","inLanguage":"de","@id":"https:\/\/purehivehoney.com\/de\/#\/schema\/logo\/image\/","url":"https:\/\/purehivehoney.com\/de\/wp-content\/uploads\/2026\/03\/Screenshot-2026-03-16-at-1.06.01-AM.png","contentUrl":"https:\/\/purehivehoney.com\/de\/wp-content\/uploads\/2026\/03\/Screenshot-2026-03-16-at-1.06.01-AM.png","width":2112,"height":1086,"caption":"PureHiveHoney"},"image":{"@id":"https:\/\/purehivehoney.com\/de\/#\/schema\/logo\/image\/"}}]}},"_links":{"self":[{"href":"https:\/\/purehivehoney.com\/de\/wp-json\/wp\/v2\/product\/3046","targetHints":{"allow":["GET"]}}],"collection":[{"href":"https:\/\/purehivehoney.com\/de\/wp-json\/wp\/v2\/product"}],"about":[{"href":"https:\/\/purehivehoney.com\/de\/wp-json\/wp\/v2\/types\/product"}],"replies":[{"embeddable":true,"href":"https:\/\/purehivehoney.com\/de\/wp-json\/wp\/v2\/comments?post=3046"}],"wp:featuredmedia":[{"embeddable":true,"href":"https:\/\/purehivehoney.com\/de\/wp-json\/wp\/v2\/media\/3047"}],"wp:attachment":[{"href":"https:\/\/purehivehoney.com\/de\/wp-json\/wp\/v2\/media?parent=3046"}],"wp:term":[{"taxonomy":"store","embeddable":true,"href":"https:\/\/purehivehoney.com\/de\/wp-json\/wp\/v2\/store?post=3046"},{"taxonomy":"product_brand","embeddable":true,"href":"https:\/\/purehivehoney.com\/de\/wp-json\/wp\/v2\/product_brand?post=3046"},{"taxonomy":"product_cat","embeddable":true,"href":"https:\/\/purehivehoney.com\/de\/wp-json\/wp\/v2\/product_cat?post=3046"},{"taxonomy":"product_tag","embeddable":true,"href":"https:\/\/purehivehoney.com\/de\/wp-json\/wp\/v2\/product_tag?post=3046"}],"curies":[{"name":"wp","href":"https:\/\/api.w.org\/{rel}","templated":true}]}}