{"id":3024,"date":"2026-04-24T16:34:23","date_gmt":"2026-04-24T16:34:23","guid":{"rendered":"https:\/\/purehivehoney.com\/de\/product\/allnutrition-sugar-free-jam-and-sugar-free-chocolate-spread-frulove-choco-in-jelly-raspberry-low-calorie-spread-sugar-free-jam-healthy-snacks-vegan-friendly-300-g\/"},"modified":"2026-04-24T16:34:49","modified_gmt":"2026-04-24T16:34:49","slug":"allnutrition-sugar-free-jam-and-sugar-free-chocolate-spread-frulove-choco-in-jelly-raspberry-low-calorie-spread-sugar-free-jam-healthy-snacks-vegan-friendly-300-g","status":"publish","type":"product","link":"https:\/\/purehivehoney.com\/de\/product\/allnutrition-sugar-free-jam-and-sugar-free-chocolate-spread-frulove-choco-in-jelly-raspberry-low-calorie-spread-sugar-free-jam-healthy-snacks-vegan-friendly-300-g\/","title":{"rendered":"ALLNUTRITION Sugar-Free Jam and Sug..."},"content":{"rendered":"<p>                                             Product Description   <\/p>\n<p>                                                                             <img decoding=\"async\" alt=\"1\" src=\"https:\/\/images-na.ssl-images-amazon.com\/images\/G\/01\/x-locale\/common\/grey-pixel.gif\" class=\"a-spacing-base a-lazy-loaded\" data-src=\"https:\/\/m.media-amazon.com\/images\/S\/aplus-media-library-service-media\/76fb72dd-027a-47e7-9e8b-0370cb5b436c.__CR0,0,970,600_PT0_SX970_V1___.jpg\"><img decoding=\"async\" alt=\"1\" src=\"https:\/\/m.media-amazon.com\/images\/S\/aplus-media-library-service-media\/76fb72dd-027a-47e7-9e8b-0370cb5b436c.__CR0,0,970,600_PT0_SX970_V1___.jpg\">                                                                    <\/p>\n<p>                                                                             <img decoding=\"async\" alt=\"2 UK\" src=\"https:\/\/images-na.ssl-images-amazon.com\/images\/G\/01\/x-locale\/common\/grey-pixel.gif\" class=\"a-spacing-base a-lazy-loaded\" data-src=\"https:\/\/m.media-amazon.com\/images\/S\/aplus-media-library-service-media\/15359e84-059a-48a5-817e-7f0f4f1f749c.__CR0,0,970,600_PT0_SX970_V1___.jpg\"><img decoding=\"async\" alt=\"2 UK\" src=\"https:\/\/m.media-amazon.com\/images\/S\/aplus-media-library-service-media\/15359e84-059a-48a5-817e-7f0f4f1f749c.__CR0,0,970,600_PT0_SX970_V1___.jpg\">                                                                    <\/p>\n<p>                                                                             <img decoding=\"async\" alt=\"3 US\" src=\"https:\/\/images-na.ssl-images-amazon.com\/images\/G\/01\/x-locale\/common\/grey-pixel.gif\" class=\"a-spacing-base a-lazy-loaded\" data-src=\"https:\/\/m.media-amazon.com\/images\/S\/aplus-media-library-service-media\/e677db17-d891-4654-b709-3c46b83dc3e1.__CR0,0,970,600_PT0_SX970_V1___.jpg\"><img decoding=\"async\" alt=\"3 US\" src=\"https:\/\/m.media-amazon.com\/images\/S\/aplus-media-library-service-media\/e677db17-d891-4654-b709-3c46b83dc3e1.__CR0,0,970,600_PT0_SX970_V1___.jpg\">                                                                    <\/p>\n<p>                                                                             <img decoding=\"async\" alt=\"4 US\" src=\"https:\/\/images-na.ssl-images-amazon.com\/images\/G\/01\/x-locale\/common\/grey-pixel.gif\" class=\"a-spacing-base a-lazy-loaded\" data-src=\"https:\/\/m.media-amazon.com\/images\/S\/aplus-media-library-service-media\/3978049e-3a36-4951-a854-ce4772970ab2.__CR0,0,970,600_PT0_SX970_V1___.jpg\"><img decoding=\"async\" alt=\"4 US\" src=\"https:\/\/m.media-amazon.com\/images\/S\/aplus-media-library-service-media\/3978049e-3a36-4951-a854-ce4772970ab2.__CR0,0,970,600_PT0_SX970_V1___.jpg\">                                                                    <\/p>\n<p>                                                                             <img decoding=\"async\" alt=\"5 US\" src=\"https:\/\/images-na.ssl-images-amazon.com\/images\/G\/01\/x-locale\/common\/grey-pixel.gif\" class=\"a-spacing-base a-lazy-loaded\" data-src=\"https:\/\/m.media-amazon.com\/images\/S\/aplus-media-library-service-media\/2a1d2931-f3ba-44ae-9ba3-b47fb259a9da.__CR0,0,970,600_PT0_SX970_V1___.jpg\"><img decoding=\"async\" alt=\"5 US\" src=\"https:\/\/m.media-amazon.com\/images\/S\/aplus-media-library-service-media\/2a1d2931-f3ba-44ae-9ba3-b47fb259a9da.__CR0,0,970,600_PT0_SX970_V1___.jpg\">                                                                    <\/p>\n<p> Package Dimensions                                            \u200f                                            :                                            \u200e                                            15.1 x 10.9 x 10.6 cm; 300 g   <br \/> Manufacturer                                            \u200f                                            :                                            \u200e                                            ALLNUTRITION   <br \/> ASIN                                            \u200f                                            :                                            \u200e                                            B0C3H27QLW   <br \/>  Customer reviews:                                                                                            3.4               3.4 out of 5 stars                                  (9)                                              var dpAcrHasRegisteredArcLinkClickAction;                    P.when(&#8218;A&#8216;, &#8218;ready&#8216;).execute(function(A) {                        if (dpAcrHasRegisteredArcLinkClickAction !== true) {                            dpAcrHasRegisteredArcLinkClickAction = true;                            A.declarative(                                &#8218;acrLink-click-metrics&#8216;, &#8218;click&#8216;,                                { &#8222;allowLinkDefault&#8220;: true },                                function (event) {                                    if (window.ue) {                                        ue.count(&#8222;acrLinkClickCount&#8220;, (ue.count(&#8222;acrLinkClickCount&#8220;) || 0) + 1);                                    }                                }                            );                        }                    });                                             P.when(&#8218;A&#8216;, &#8218;cf&#8216;).execute(function(A) {                A.declarative(&#8218;acrStarsLink-click-metrics&#8216;, &#8218;click&#8216;, { &#8222;allowLinkDefault&#8220; : true },  function(event){                    if(window.ue) {                        ue.count(&#8222;acrStarsLinkWithPopoverClickCount&#8220;, (ue.count(&#8222;acrStarsLinkWithPopoverClickCount&#8220;) || 0) + 1);                    }                });            });                          <br \/>Delicious &#038; Healthy Jams: Frulove Choco In Jelly Raspberry has the consistency of a gel and contains delicious raspberry pieces dipped in sugar-free chocolate. It is intended as a guilt-free snack, even for people who are on a diet. It is also suitable for vegans.<br \/>Low Calorie Sweets Our fruit chocolate jelly product is sweetened with erythritol and contains no added white sugar, so you can include it in your diet without a guilty conscience. It contains only 4.5 g of sugar per 100 g. Thus, it is also a truly guilt-free snack for people who are on a diet.<br \/>Choc Zero Raspberry Jam The consistency of the jam is thick but velvety enough to spread on a slice of crispy bread. The combination of sweet milk chocolate and raspberry provides a distinctive and unusual taste that will surely be remembered for longer.<br \/>Nutrient-rich fruits: raspberries are rich in antioxidants and fiber. They are also a great source of vitamins and minerals, such as calcium, iron, zinc, potassium, magnesium, copper, selenium, phosphorus and sodium.<br \/>DELICIOUSLY VERSATILE Enjoy it straight from the jar with a spoon, spread it on your toast as a fruity version of a regular sugar-free jam or a low-carb chocolate spread, or refine your waffles, pancakes, ice cream etc. Bake it in cakes and other treats, or stir it into your pasta and rice dishes for a sweet taste boost.<\/p>\n\n","protected":false},"excerpt":{"rendered":"<p>Product Description Package Dimensions \u200f : \u200e 15.1 x 10.9 x 10.6 cm; 300 g Manufacturer \u200f : \u200e ALLNUTRITION ASIN \u200f : \u200e B0C3H27QLW Customer reviews: 3.4 3.4 out of 5 stars (9) var dpAcrHasRegisteredArcLinkClickAction; P.when(&#8218;A&#8216;, &#8218;ready&#8216;).execute(function(A) { if (dpAcrHasRegisteredArcLinkClickAction !== true) { dpAcrHasRegisteredArcLinkClickAction = true; A.declarative( &#8218;acrLink-click-metrics&#8216;, &#8218;click&#8216;, { &#8222;allowLinkDefault&#8220;: true }, function [&hellip;]<\/p>\n","protected":false},"featured_media":3025,"comment_status":"open","ping_status":"closed","template":"","meta":{"_aipt_faq_data":""},"store":[],"product_brand":[329],"product_cat":[58],"product_tag":[324],"class_list":{"0":"post-3024","1":"product","2":"type-product","3":"status-publish","4":"has-post-thumbnail","6":"product_brand-allnutrition","7":"product_cat-honig-nuss-aufstriche","8":"product_tag-honig-nuss-aufstriche-ohne-zucker","10":"first","11":"instock","12":"shipping-taxable","13":"product-type-external"},"yoast_head":"<!-- This site is optimized with the Yoast SEO plugin v27.4 - https:\/\/yoast.com\/product\/yoast-seo-wordpress\/ -->\n<title>ALLNUTRITION Sugar-Free Jam and Sugar-free Chocolate Spread - Frulove Choco In Jelly Raspberry - Low Calorie Spread - Sugar-Free Jam - Healthy Snacks - Vegan Friendly - 300 g - PureHiveHoney<\/title>\n<meta name=\"description\" content=\"Entdecken Sie hochwertigen Rohhonig, Bio Honig, Manuka Honig und nat\u00fcrliche Bienenprodukte. PureHiveHoney hilft Ihnen dabei, sorgf\u00e4ltig ausgew\u00e4hlte Honigsorten mit nat\u00fcrlicher Qualit\u00e4t und Reinheit zu entdecken.\" \/>\n<meta name=\"robots\" content=\"index, follow, max-snippet:-1, max-image-preview:large, max-video-preview:-1\" \/>\n<link rel=\"canonical\" href=\"https:\/\/purehivehoney.com\/de\/product\/allnutrition-sugar-free-jam-and-sugar-free-chocolate-spread-frulove-choco-in-jelly-raspberry-low-calorie-spread-sugar-free-jam-healthy-snacks-vegan-friendly-300-g\/\" \/>\n<meta property=\"og:locale\" content=\"de_DE\" \/>\n<meta property=\"og:type\" content=\"article\" \/>\n<meta property=\"og:title\" content=\"ALLNUTRITION Sugar-Free Jam and Sugar-free Chocolate Spread - Frulove Choco In Jelly Raspberry - Low Calorie Spread - Sugar-Free Jam - Healthy Snacks - Vegan Friendly - 300 g - PureHiveHoney\" \/>\n<meta property=\"og:description\" content=\"Entdecken Sie hochwertigen Rohhonig, Bio Honig, Manuka Honig und nat\u00fcrliche Bienenprodukte. PureHiveHoney hilft Ihnen dabei, sorgf\u00e4ltig ausgew\u00e4hlte Honigsorten mit nat\u00fcrlicher Qualit\u00e4t und Reinheit zu entdecken.\" \/>\n<meta property=\"og:url\" content=\"https:\/\/purehivehoney.com\/de\/product\/allnutrition-sugar-free-jam-and-sugar-free-chocolate-spread-frulove-choco-in-jelly-raspberry-low-calorie-spread-sugar-free-jam-healthy-snacks-vegan-friendly-300-g\/\" \/>\n<meta property=\"og:site_name\" content=\"PureHiveHoney\" \/>\n<meta property=\"article:modified_time\" content=\"2026-04-24T16:34:49+00:00\" \/>\n<meta property=\"og:image\" content=\"https:\/\/images-na.ssl-images-amazon.com\/images\/G\/01\/x-locale\/common\/grey-pixel.gif\" \/>\n<meta name=\"twitter:card\" content=\"summary_large_image\" \/>\n<meta name=\"twitter:label1\" content=\"Gesch\u00e4tzte Lesezeit\" \/>\n\t<meta name=\"twitter:data1\" content=\"2\u00a0Minuten\" \/>\n<script type=\"application\/ld+json\" class=\"yoast-schema-graph\">{\"@context\":\"https:\\\/\\\/schema.org\",\"@graph\":[{\"@type\":\"WebPage\",\"@id\":\"https:\\\/\\\/purehivehoney.com\\\/de\\\/product\\\/allnutrition-sugar-free-jam-and-sugar-free-chocolate-spread-frulove-choco-in-jelly-raspberry-low-calorie-spread-sugar-free-jam-healthy-snacks-vegan-friendly-300-g\\\/\",\"url\":\"https:\\\/\\\/purehivehoney.com\\\/de\\\/product\\\/allnutrition-sugar-free-jam-and-sugar-free-chocolate-spread-frulove-choco-in-jelly-raspberry-low-calorie-spread-sugar-free-jam-healthy-snacks-vegan-friendly-300-g\\\/\",\"name\":\"ALLNUTRITION Sugar-Free Jam and Sugar-free Chocolate Spread - Frulove Choco In Jelly Raspberry - Low Calorie Spread - Sugar-Free Jam - Healthy Snacks - Vegan Friendly - 300 g - PureHiveHoney\",\"isPartOf\":{\"@id\":\"https:\\\/\\\/purehivehoney.com\\\/de\\\/#website\"},\"primaryImageOfPage\":{\"@id\":\"https:\\\/\\\/purehivehoney.com\\\/de\\\/product\\\/allnutrition-sugar-free-jam-and-sugar-free-chocolate-spread-frulove-choco-in-jelly-raspberry-low-calorie-spread-sugar-free-jam-healthy-snacks-vegan-friendly-300-g\\\/#primaryimage\"},\"image\":{\"@id\":\"https:\\\/\\\/purehivehoney.com\\\/de\\\/product\\\/allnutrition-sugar-free-jam-and-sugar-free-chocolate-spread-frulove-choco-in-jelly-raspberry-low-calorie-spread-sugar-free-jam-healthy-snacks-vegan-friendly-300-g\\\/#primaryimage\"},\"thumbnailUrl\":\"https:\\\/\\\/purehivehoney.com\\\/de\\\/wp-content\\\/uploads\\\/2026\\\/04\\\/71vo0UF9wHL._SL1500_.jpg\",\"datePublished\":\"2026-04-24T16:34:23+00:00\",\"dateModified\":\"2026-04-24T16:34:49+00:00\",\"description\":\"Entdecken Sie hochwertigen Rohhonig, Bio Honig, Manuka Honig und nat\u00fcrliche Bienenprodukte. PureHiveHoney hilft Ihnen dabei, sorgf\u00e4ltig ausgew\u00e4hlte Honigsorten mit nat\u00fcrlicher Qualit\u00e4t und Reinheit zu entdecken.\",\"breadcrumb\":{\"@id\":\"https:\\\/\\\/purehivehoney.com\\\/de\\\/product\\\/allnutrition-sugar-free-jam-and-sugar-free-chocolate-spread-frulove-choco-in-jelly-raspberry-low-calorie-spread-sugar-free-jam-healthy-snacks-vegan-friendly-300-g\\\/#breadcrumb\"},\"inLanguage\":\"de\",\"potentialAction\":[{\"@type\":\"ReadAction\",\"target\":[\"https:\\\/\\\/purehivehoney.com\\\/de\\\/product\\\/allnutrition-sugar-free-jam-and-sugar-free-chocolate-spread-frulove-choco-in-jelly-raspberry-low-calorie-spread-sugar-free-jam-healthy-snacks-vegan-friendly-300-g\\\/\"]}]},{\"@type\":\"ImageObject\",\"inLanguage\":\"de\",\"@id\":\"https:\\\/\\\/purehivehoney.com\\\/de\\\/product\\\/allnutrition-sugar-free-jam-and-sugar-free-chocolate-spread-frulove-choco-in-jelly-raspberry-low-calorie-spread-sugar-free-jam-healthy-snacks-vegan-friendly-300-g\\\/#primaryimage\",\"url\":\"https:\\\/\\\/purehivehoney.com\\\/de\\\/wp-content\\\/uploads\\\/2026\\\/04\\\/71vo0UF9wHL._SL1500_.jpg\",\"contentUrl\":\"https:\\\/\\\/purehivehoney.com\\\/de\\\/wp-content\\\/uploads\\\/2026\\\/04\\\/71vo0UF9wHL._SL1500_.jpg\",\"width\":1500,\"height\":1500},{\"@type\":\"BreadcrumbList\",\"@id\":\"https:\\\/\\\/purehivehoney.com\\\/de\\\/product\\\/allnutrition-sugar-free-jam-and-sugar-free-chocolate-spread-frulove-choco-in-jelly-raspberry-low-calorie-spread-sugar-free-jam-healthy-snacks-vegan-friendly-300-g\\\/#breadcrumb\",\"itemListElement\":[{\"@type\":\"ListItem\",\"position\":1,\"name\":\"Home\",\"item\":\"https:\\\/\\\/purehivehoney.com\\\/de\\\/\"},{\"@type\":\"ListItem\",\"position\":2,\"name\":\"Shop\",\"item\":\"https:\\\/\\\/purehivehoney.com\\\/de\\\/shop\\\/\"},{\"@type\":\"ListItem\",\"position\":3,\"name\":\"ALLNUTRITION Sugar-Free Jam and Sug...\"}]},{\"@type\":\"WebSite\",\"@id\":\"https:\\\/\\\/purehivehoney.com\\\/de\\\/#website\",\"url\":\"https:\\\/\\\/purehivehoney.com\\\/de\\\/\",\"name\":\"PureHiveHoney\",\"description\":\"Reiner Honig &amp; Bienenprodukte Online | Rohhonig, Bio Honig &amp; Spezialhonig\",\"publisher\":{\"@id\":\"https:\\\/\\\/purehivehoney.com\\\/de\\\/#organization\"},\"potentialAction\":[{\"@type\":\"SearchAction\",\"target\":{\"@type\":\"EntryPoint\",\"urlTemplate\":\"https:\\\/\\\/purehivehoney.com\\\/de\\\/?s={search_term_string}\"},\"query-input\":{\"@type\":\"PropertyValueSpecification\",\"valueRequired\":true,\"valueName\":\"search_term_string\"}}],\"inLanguage\":\"de\"},{\"@type\":\"Organization\",\"@id\":\"https:\\\/\\\/purehivehoney.com\\\/de\\\/#organization\",\"name\":\"PureHiveHoney\",\"url\":\"https:\\\/\\\/purehivehoney.com\\\/de\\\/\",\"logo\":{\"@type\":\"ImageObject\",\"inLanguage\":\"de\",\"@id\":\"https:\\\/\\\/purehivehoney.com\\\/de\\\/#\\\/schema\\\/logo\\\/image\\\/\",\"url\":\"https:\\\/\\\/purehivehoney.com\\\/de\\\/wp-content\\\/uploads\\\/2026\\\/03\\\/Screenshot-2026-03-16-at-1.06.01-AM.png\",\"contentUrl\":\"https:\\\/\\\/purehivehoney.com\\\/de\\\/wp-content\\\/uploads\\\/2026\\\/03\\\/Screenshot-2026-03-16-at-1.06.01-AM.png\",\"width\":2112,\"height\":1086,\"caption\":\"PureHiveHoney\"},\"image\":{\"@id\":\"https:\\\/\\\/purehivehoney.com\\\/de\\\/#\\\/schema\\\/logo\\\/image\\\/\"}}]}<\/script>\n<!-- \/ Yoast SEO plugin. -->","yoast_head_json":{"title":"ALLNUTRITION Sugar-Free Jam and Sugar-free Chocolate Spread - Frulove Choco In Jelly Raspberry - Low Calorie Spread - Sugar-Free Jam - Healthy Snacks - Vegan Friendly - 300 g - PureHiveHoney","description":"Entdecken Sie hochwertigen Rohhonig, Bio Honig, Manuka Honig und nat\u00fcrliche Bienenprodukte. PureHiveHoney hilft Ihnen dabei, sorgf\u00e4ltig ausgew\u00e4hlte Honigsorten mit nat\u00fcrlicher Qualit\u00e4t und Reinheit zu entdecken.","robots":{"index":"index","follow":"follow","max-snippet":"max-snippet:-1","max-image-preview":"max-image-preview:large","max-video-preview":"max-video-preview:-1"},"canonical":"https:\/\/purehivehoney.com\/de\/product\/allnutrition-sugar-free-jam-and-sugar-free-chocolate-spread-frulove-choco-in-jelly-raspberry-low-calorie-spread-sugar-free-jam-healthy-snacks-vegan-friendly-300-g\/","og_locale":"de_DE","og_type":"article","og_title":"ALLNUTRITION Sugar-Free Jam and Sugar-free Chocolate Spread - Frulove Choco In Jelly Raspberry - Low Calorie Spread - Sugar-Free Jam - Healthy Snacks - Vegan Friendly - 300 g - PureHiveHoney","og_description":"Entdecken Sie hochwertigen Rohhonig, Bio Honig, Manuka Honig und nat\u00fcrliche Bienenprodukte. PureHiveHoney hilft Ihnen dabei, sorgf\u00e4ltig ausgew\u00e4hlte Honigsorten mit nat\u00fcrlicher Qualit\u00e4t und Reinheit zu entdecken.","og_url":"https:\/\/purehivehoney.com\/de\/product\/allnutrition-sugar-free-jam-and-sugar-free-chocolate-spread-frulove-choco-in-jelly-raspberry-low-calorie-spread-sugar-free-jam-healthy-snacks-vegan-friendly-300-g\/","og_site_name":"PureHiveHoney","article_modified_time":"2026-04-24T16:34:49+00:00","og_image":[{"url":"https:\/\/images-na.ssl-images-amazon.com\/images\/G\/01\/x-locale\/common\/grey-pixel.gif","type":"","width":"","height":""}],"twitter_card":"summary_large_image","twitter_misc":{"Gesch\u00e4tzte Lesezeit":"2\u00a0Minuten"},"schema":{"@context":"https:\/\/schema.org","@graph":[{"@type":"WebPage","@id":"https:\/\/purehivehoney.com\/de\/product\/allnutrition-sugar-free-jam-and-sugar-free-chocolate-spread-frulove-choco-in-jelly-raspberry-low-calorie-spread-sugar-free-jam-healthy-snacks-vegan-friendly-300-g\/","url":"https:\/\/purehivehoney.com\/de\/product\/allnutrition-sugar-free-jam-and-sugar-free-chocolate-spread-frulove-choco-in-jelly-raspberry-low-calorie-spread-sugar-free-jam-healthy-snacks-vegan-friendly-300-g\/","name":"ALLNUTRITION Sugar-Free Jam and Sugar-free Chocolate Spread - Frulove Choco In Jelly Raspberry - Low Calorie Spread - Sugar-Free Jam - Healthy Snacks - Vegan Friendly - 300 g - PureHiveHoney","isPartOf":{"@id":"https:\/\/purehivehoney.com\/de\/#website"},"primaryImageOfPage":{"@id":"https:\/\/purehivehoney.com\/de\/product\/allnutrition-sugar-free-jam-and-sugar-free-chocolate-spread-frulove-choco-in-jelly-raspberry-low-calorie-spread-sugar-free-jam-healthy-snacks-vegan-friendly-300-g\/#primaryimage"},"image":{"@id":"https:\/\/purehivehoney.com\/de\/product\/allnutrition-sugar-free-jam-and-sugar-free-chocolate-spread-frulove-choco-in-jelly-raspberry-low-calorie-spread-sugar-free-jam-healthy-snacks-vegan-friendly-300-g\/#primaryimage"},"thumbnailUrl":"https:\/\/purehivehoney.com\/de\/wp-content\/uploads\/2026\/04\/71vo0UF9wHL._SL1500_.jpg","datePublished":"2026-04-24T16:34:23+00:00","dateModified":"2026-04-24T16:34:49+00:00","description":"Entdecken Sie hochwertigen Rohhonig, Bio Honig, Manuka Honig und nat\u00fcrliche Bienenprodukte. PureHiveHoney hilft Ihnen dabei, sorgf\u00e4ltig ausgew\u00e4hlte Honigsorten mit nat\u00fcrlicher Qualit\u00e4t und Reinheit zu entdecken.","breadcrumb":{"@id":"https:\/\/purehivehoney.com\/de\/product\/allnutrition-sugar-free-jam-and-sugar-free-chocolate-spread-frulove-choco-in-jelly-raspberry-low-calorie-spread-sugar-free-jam-healthy-snacks-vegan-friendly-300-g\/#breadcrumb"},"inLanguage":"de","potentialAction":[{"@type":"ReadAction","target":["https:\/\/purehivehoney.com\/de\/product\/allnutrition-sugar-free-jam-and-sugar-free-chocolate-spread-frulove-choco-in-jelly-raspberry-low-calorie-spread-sugar-free-jam-healthy-snacks-vegan-friendly-300-g\/"]}]},{"@type":"ImageObject","inLanguage":"de","@id":"https:\/\/purehivehoney.com\/de\/product\/allnutrition-sugar-free-jam-and-sugar-free-chocolate-spread-frulove-choco-in-jelly-raspberry-low-calorie-spread-sugar-free-jam-healthy-snacks-vegan-friendly-300-g\/#primaryimage","url":"https:\/\/purehivehoney.com\/de\/wp-content\/uploads\/2026\/04\/71vo0UF9wHL._SL1500_.jpg","contentUrl":"https:\/\/purehivehoney.com\/de\/wp-content\/uploads\/2026\/04\/71vo0UF9wHL._SL1500_.jpg","width":1500,"height":1500},{"@type":"BreadcrumbList","@id":"https:\/\/purehivehoney.com\/de\/product\/allnutrition-sugar-free-jam-and-sugar-free-chocolate-spread-frulove-choco-in-jelly-raspberry-low-calorie-spread-sugar-free-jam-healthy-snacks-vegan-friendly-300-g\/#breadcrumb","itemListElement":[{"@type":"ListItem","position":1,"name":"Home","item":"https:\/\/purehivehoney.com\/de\/"},{"@type":"ListItem","position":2,"name":"Shop","item":"https:\/\/purehivehoney.com\/de\/shop\/"},{"@type":"ListItem","position":3,"name":"ALLNUTRITION Sugar-Free Jam and Sug..."}]},{"@type":"WebSite","@id":"https:\/\/purehivehoney.com\/de\/#website","url":"https:\/\/purehivehoney.com\/de\/","name":"PureHiveHoney","description":"Reiner Honig &amp; Bienenprodukte Online | Rohhonig, Bio Honig &amp; Spezialhonig","publisher":{"@id":"https:\/\/purehivehoney.com\/de\/#organization"},"potentialAction":[{"@type":"SearchAction","target":{"@type":"EntryPoint","urlTemplate":"https:\/\/purehivehoney.com\/de\/?s={search_term_string}"},"query-input":{"@type":"PropertyValueSpecification","valueRequired":true,"valueName":"search_term_string"}}],"inLanguage":"de"},{"@type":"Organization","@id":"https:\/\/purehivehoney.com\/de\/#organization","name":"PureHiveHoney","url":"https:\/\/purehivehoney.com\/de\/","logo":{"@type":"ImageObject","inLanguage":"de","@id":"https:\/\/purehivehoney.com\/de\/#\/schema\/logo\/image\/","url":"https:\/\/purehivehoney.com\/de\/wp-content\/uploads\/2026\/03\/Screenshot-2026-03-16-at-1.06.01-AM.png","contentUrl":"https:\/\/purehivehoney.com\/de\/wp-content\/uploads\/2026\/03\/Screenshot-2026-03-16-at-1.06.01-AM.png","width":2112,"height":1086,"caption":"PureHiveHoney"},"image":{"@id":"https:\/\/purehivehoney.com\/de\/#\/schema\/logo\/image\/"}}]}},"_links":{"self":[{"href":"https:\/\/purehivehoney.com\/de\/wp-json\/wp\/v2\/product\/3024","targetHints":{"allow":["GET"]}}],"collection":[{"href":"https:\/\/purehivehoney.com\/de\/wp-json\/wp\/v2\/product"}],"about":[{"href":"https:\/\/purehivehoney.com\/de\/wp-json\/wp\/v2\/types\/product"}],"replies":[{"embeddable":true,"href":"https:\/\/purehivehoney.com\/de\/wp-json\/wp\/v2\/comments?post=3024"}],"wp:featuredmedia":[{"embeddable":true,"href":"https:\/\/purehivehoney.com\/de\/wp-json\/wp\/v2\/media\/3025"}],"wp:attachment":[{"href":"https:\/\/purehivehoney.com\/de\/wp-json\/wp\/v2\/media?parent=3024"}],"wp:term":[{"taxonomy":"store","embeddable":true,"href":"https:\/\/purehivehoney.com\/de\/wp-json\/wp\/v2\/store?post=3024"},{"taxonomy":"product_brand","embeddable":true,"href":"https:\/\/purehivehoney.com\/de\/wp-json\/wp\/v2\/product_brand?post=3024"},{"taxonomy":"product_cat","embeddable":true,"href":"https:\/\/purehivehoney.com\/de\/wp-json\/wp\/v2\/product_cat?post=3024"},{"taxonomy":"product_tag","embeddable":true,"href":"https:\/\/purehivehoney.com\/de\/wp-json\/wp\/v2\/product_tag?post=3024"}],"curies":[{"name":"wp","href":"https:\/\/api.w.org\/{rel}","templated":true}]}}