{"id":2980,"date":"2026-04-23T06:36:31","date_gmt":"2026-04-23T06:36:31","guid":{"rendered":"https:\/\/purehivehoney.com\/de\/product\/raps-napus-organic-natural-high-quality-anti-aging-and-skin-care-to-stay-fit-500g\/"},"modified":"2026-04-23T06:36:40","modified_gmt":"2026-04-23T06:36:40","slug":"raps-napus-organic-natural-high-quality-anti-aging-and-skin-care-to-stay-fit-500g","status":"publish","type":"product","link":"https:\/\/purehivehoney.com\/de\/product\/raps-napus-organic-natural-high-quality-anti-aging-and-skin-care-to-stay-fit-500g\/","title":{"rendered":"Raps-Napus Organic, Natural, High Q..."},"content":{"rendered":"<p>    <span>Bee pollen is restored in honeycombs and fermented pollen balls returned by bees when collecting honey. Bee pollen, which belongs to the male germ cell in the stamen of anthophytes, biologically not only carries all genetic information, but also provides abundant food for future breeding, therefore it is known as a basis for generation, source of vital energy. Bee pollen is collected from flowering plants (including nectar source and plant pollen) and presented as irregular and flattened pollen grains mixed with glandular secretions (honey and bee saliva). Currently, bee pollen is known to more and more people as an all-round dietary supplement, enriched organic pharmacy and internal conditioning for skin care with high protein and low fat content, as they occupy large and important values in the areas of organic health, pharmacy and cosmetics. Rapeseed (Brassica napus), also known as rapeseed, rapa, rappi, , , , is a bright yellow flowering member of the Brassicaceae family (mustard or cabbage family), which is consumed as a vegetable in China and southern Africa. It is grown mainly for its oil-rich seed, the third largest source of vegetable oil in the world. It is a green leafy vegetable characterized by the distinct yellow flowers it bears. Each flower has four yellow, oval to round petals with six stamens on fleshy, upright stems that are 0.5 to 1 centimeter in diameter and 15 to 20 centimeters high, with light to dark green, oval leaves with lightly sawn edges that never form compact heads like the cabbage. Be careful if you have pollen allergies, please make sure that you are not allergic to pollen before use.<\/span>    <br \/> Manufacturer                                            \u200f                                            :                                            \u200e                                            SM   <br \/> ASIN                                            \u200f                                            :                                            \u200e                                            B09WMWSZ7S   <br \/> Country of origin                                            \u200f                                            :                                            \u200e                                            China   <br \/>Functions: 1. Improve comprehensive human immune function. Anti-ageing and organic skin care. 3. Prevention of cardiovascular and cerebrovascular diseases 4. Keep fit 5. Regulate gastrointestinal functions 6. Keep liver function healthy. 7. Adjust the nervous system to improve sleep quality. 8. Stay Healthy 9. Prevention for prostate diseases<\/p>\n\n","protected":false},"excerpt":{"rendered":"<p>Bee pollen is restored in honeycombs and fermented pollen balls returned by bees when collecting honey. Bee pollen, which belongs to the male germ cell in the stamen of anthophytes, biologically not only carries all genetic information, but also provides abundant food for future breeding, therefore it is known as a basis for generation, source [&hellip;]<\/p>\n","protected":false},"featured_media":2981,"comment_status":"open","ping_status":"closed","template":"","meta":{"_aipt_faq_data":""},"store":[],"product_brand":[233],"product_cat":[64],"product_tag":[97],"class_list":{"0":"post-2980","1":"product","2":"type-product","3":"status-publish","4":"has-post-thumbnail","6":"product_brand-helloyoung","7":"product_cat-bienenpollen","8":"product_tag-bienenpollen-roh-bio","10":"first","11":"instock","12":"shipping-taxable","13":"product-type-external"},"yoast_head":"<!-- This site is optimized with the Yoast SEO plugin v27.4 - https:\/\/yoast.com\/product\/yoast-seo-wordpress\/ -->\n<title>Raps-Napus Organic, Natural, High Quality Anti-Aging and Skin Care to Stay Fit (500g) - PureHiveHoney<\/title>\n<meta name=\"description\" content=\"Entdecken Sie hochwertigen Rohhonig, Bio Honig, Manuka Honig und nat\u00fcrliche Bienenprodukte. PureHiveHoney hilft Ihnen dabei, sorgf\u00e4ltig ausgew\u00e4hlte Honigsorten mit nat\u00fcrlicher Qualit\u00e4t und Reinheit zu entdecken.\" \/>\n<meta name=\"robots\" content=\"index, follow, max-snippet:-1, max-image-preview:large, max-video-preview:-1\" \/>\n<link rel=\"canonical\" href=\"https:\/\/purehivehoney.com\/de\/product\/raps-napus-organic-natural-high-quality-anti-aging-and-skin-care-to-stay-fit-500g\/\" \/>\n<meta property=\"og:locale\" content=\"de_DE\" \/>\n<meta property=\"og:type\" content=\"article\" \/>\n<meta property=\"og:title\" content=\"Raps-Napus Organic, Natural, High Quality Anti-Aging and Skin Care to Stay Fit (500g) - PureHiveHoney\" \/>\n<meta property=\"og:description\" content=\"Entdecken Sie hochwertigen Rohhonig, Bio Honig, Manuka Honig und nat\u00fcrliche Bienenprodukte. PureHiveHoney hilft Ihnen dabei, sorgf\u00e4ltig ausgew\u00e4hlte Honigsorten mit nat\u00fcrlicher Qualit\u00e4t und Reinheit zu entdecken.\" \/>\n<meta property=\"og:url\" content=\"https:\/\/purehivehoney.com\/de\/product\/raps-napus-organic-natural-high-quality-anti-aging-and-skin-care-to-stay-fit-500g\/\" \/>\n<meta property=\"og:site_name\" content=\"PureHiveHoney\" \/>\n<meta property=\"article:modified_time\" content=\"2026-04-23T06:36:40+00:00\" \/>\n<meta name=\"twitter:card\" content=\"summary_large_image\" \/>\n<meta name=\"twitter:label1\" content=\"Gesch\u00e4tzte Lesezeit\" \/>\n\t<meta name=\"twitter:data1\" content=\"2\u00a0Minuten\" \/>\n<script type=\"application\/ld+json\" class=\"yoast-schema-graph\">{\"@context\":\"https:\\\/\\\/schema.org\",\"@graph\":[{\"@type\":\"WebPage\",\"@id\":\"https:\\\/\\\/purehivehoney.com\\\/de\\\/product\\\/raps-napus-organic-natural-high-quality-anti-aging-and-skin-care-to-stay-fit-500g\\\/\",\"url\":\"https:\\\/\\\/purehivehoney.com\\\/de\\\/product\\\/raps-napus-organic-natural-high-quality-anti-aging-and-skin-care-to-stay-fit-500g\\\/\",\"name\":\"Raps-Napus Organic, Natural, High Quality Anti-Aging and Skin Care to Stay Fit (500g) - PureHiveHoney\",\"isPartOf\":{\"@id\":\"https:\\\/\\\/purehivehoney.com\\\/de\\\/#website\"},\"primaryImageOfPage\":{\"@id\":\"https:\\\/\\\/purehivehoney.com\\\/de\\\/product\\\/raps-napus-organic-natural-high-quality-anti-aging-and-skin-care-to-stay-fit-500g\\\/#primaryimage\"},\"image\":{\"@id\":\"https:\\\/\\\/purehivehoney.com\\\/de\\\/product\\\/raps-napus-organic-natural-high-quality-anti-aging-and-skin-care-to-stay-fit-500g\\\/#primaryimage\"},\"thumbnailUrl\":\"https:\\\/\\\/purehivehoney.com\\\/de\\\/wp-content\\\/uploads\\\/2026\\\/04\\\/41aokzb9EPS.jpg\",\"datePublished\":\"2026-04-23T06:36:31+00:00\",\"dateModified\":\"2026-04-23T06:36:40+00:00\",\"description\":\"Entdecken Sie hochwertigen Rohhonig, Bio Honig, Manuka Honig und nat\u00fcrliche Bienenprodukte. PureHiveHoney hilft Ihnen dabei, sorgf\u00e4ltig ausgew\u00e4hlte Honigsorten mit nat\u00fcrlicher Qualit\u00e4t und Reinheit zu entdecken.\",\"breadcrumb\":{\"@id\":\"https:\\\/\\\/purehivehoney.com\\\/de\\\/product\\\/raps-napus-organic-natural-high-quality-anti-aging-and-skin-care-to-stay-fit-500g\\\/#breadcrumb\"},\"inLanguage\":\"de\",\"potentialAction\":[{\"@type\":\"ReadAction\",\"target\":[\"https:\\\/\\\/purehivehoney.com\\\/de\\\/product\\\/raps-napus-organic-natural-high-quality-anti-aging-and-skin-care-to-stay-fit-500g\\\/\"]}]},{\"@type\":\"ImageObject\",\"inLanguage\":\"de\",\"@id\":\"https:\\\/\\\/purehivehoney.com\\\/de\\\/product\\\/raps-napus-organic-natural-high-quality-anti-aging-and-skin-care-to-stay-fit-500g\\\/#primaryimage\",\"url\":\"https:\\\/\\\/purehivehoney.com\\\/de\\\/wp-content\\\/uploads\\\/2026\\\/04\\\/41aokzb9EPS.jpg\",\"contentUrl\":\"https:\\\/\\\/purehivehoney.com\\\/de\\\/wp-content\\\/uploads\\\/2026\\\/04\\\/41aokzb9EPS.jpg\",\"width\":500,\"height\":500},{\"@type\":\"BreadcrumbList\",\"@id\":\"https:\\\/\\\/purehivehoney.com\\\/de\\\/product\\\/raps-napus-organic-natural-high-quality-anti-aging-and-skin-care-to-stay-fit-500g\\\/#breadcrumb\",\"itemListElement\":[{\"@type\":\"ListItem\",\"position\":1,\"name\":\"Home\",\"item\":\"https:\\\/\\\/purehivehoney.com\\\/de\\\/\"},{\"@type\":\"ListItem\",\"position\":2,\"name\":\"Shop\",\"item\":\"https:\\\/\\\/purehivehoney.com\\\/de\\\/shop\\\/\"},{\"@type\":\"ListItem\",\"position\":3,\"name\":\"Raps-Napus Organic, Natural, High Q...\"}]},{\"@type\":\"WebSite\",\"@id\":\"https:\\\/\\\/purehivehoney.com\\\/de\\\/#website\",\"url\":\"https:\\\/\\\/purehivehoney.com\\\/de\\\/\",\"name\":\"PureHiveHoney\",\"description\":\"Reiner Honig &amp; Bienenprodukte Online | Rohhonig, Bio Honig &amp; Spezialhonig\",\"publisher\":{\"@id\":\"https:\\\/\\\/purehivehoney.com\\\/de\\\/#organization\"},\"potentialAction\":[{\"@type\":\"SearchAction\",\"target\":{\"@type\":\"EntryPoint\",\"urlTemplate\":\"https:\\\/\\\/purehivehoney.com\\\/de\\\/?s={search_term_string}\"},\"query-input\":{\"@type\":\"PropertyValueSpecification\",\"valueRequired\":true,\"valueName\":\"search_term_string\"}}],\"inLanguage\":\"de\"},{\"@type\":\"Organization\",\"@id\":\"https:\\\/\\\/purehivehoney.com\\\/de\\\/#organization\",\"name\":\"PureHiveHoney\",\"url\":\"https:\\\/\\\/purehivehoney.com\\\/de\\\/\",\"logo\":{\"@type\":\"ImageObject\",\"inLanguage\":\"de\",\"@id\":\"https:\\\/\\\/purehivehoney.com\\\/de\\\/#\\\/schema\\\/logo\\\/image\\\/\",\"url\":\"https:\\\/\\\/purehivehoney.com\\\/de\\\/wp-content\\\/uploads\\\/2026\\\/03\\\/Screenshot-2026-03-16-at-1.06.01-AM.png\",\"contentUrl\":\"https:\\\/\\\/purehivehoney.com\\\/de\\\/wp-content\\\/uploads\\\/2026\\\/03\\\/Screenshot-2026-03-16-at-1.06.01-AM.png\",\"width\":2112,\"height\":1086,\"caption\":\"PureHiveHoney\"},\"image\":{\"@id\":\"https:\\\/\\\/purehivehoney.com\\\/de\\\/#\\\/schema\\\/logo\\\/image\\\/\"}}]}<\/script>\n<!-- \/ Yoast SEO plugin. -->","yoast_head_json":{"title":"Raps-Napus Organic, Natural, High Quality Anti-Aging and Skin Care to Stay Fit (500g) - PureHiveHoney","description":"Entdecken Sie hochwertigen Rohhonig, Bio Honig, Manuka Honig und nat\u00fcrliche Bienenprodukte. PureHiveHoney hilft Ihnen dabei, sorgf\u00e4ltig ausgew\u00e4hlte Honigsorten mit nat\u00fcrlicher Qualit\u00e4t und Reinheit zu entdecken.","robots":{"index":"index","follow":"follow","max-snippet":"max-snippet:-1","max-image-preview":"max-image-preview:large","max-video-preview":"max-video-preview:-1"},"canonical":"https:\/\/purehivehoney.com\/de\/product\/raps-napus-organic-natural-high-quality-anti-aging-and-skin-care-to-stay-fit-500g\/","og_locale":"de_DE","og_type":"article","og_title":"Raps-Napus Organic, Natural, High Quality Anti-Aging and Skin Care to Stay Fit (500g) - PureHiveHoney","og_description":"Entdecken Sie hochwertigen Rohhonig, Bio Honig, Manuka Honig und nat\u00fcrliche Bienenprodukte. PureHiveHoney hilft Ihnen dabei, sorgf\u00e4ltig ausgew\u00e4hlte Honigsorten mit nat\u00fcrlicher Qualit\u00e4t und Reinheit zu entdecken.","og_url":"https:\/\/purehivehoney.com\/de\/product\/raps-napus-organic-natural-high-quality-anti-aging-and-skin-care-to-stay-fit-500g\/","og_site_name":"PureHiveHoney","article_modified_time":"2026-04-23T06:36:40+00:00","twitter_card":"summary_large_image","twitter_misc":{"Gesch\u00e4tzte Lesezeit":"2\u00a0Minuten"},"schema":{"@context":"https:\/\/schema.org","@graph":[{"@type":"WebPage","@id":"https:\/\/purehivehoney.com\/de\/product\/raps-napus-organic-natural-high-quality-anti-aging-and-skin-care-to-stay-fit-500g\/","url":"https:\/\/purehivehoney.com\/de\/product\/raps-napus-organic-natural-high-quality-anti-aging-and-skin-care-to-stay-fit-500g\/","name":"Raps-Napus Organic, Natural, High Quality Anti-Aging and Skin Care to Stay Fit (500g) - PureHiveHoney","isPartOf":{"@id":"https:\/\/purehivehoney.com\/de\/#website"},"primaryImageOfPage":{"@id":"https:\/\/purehivehoney.com\/de\/product\/raps-napus-organic-natural-high-quality-anti-aging-and-skin-care-to-stay-fit-500g\/#primaryimage"},"image":{"@id":"https:\/\/purehivehoney.com\/de\/product\/raps-napus-organic-natural-high-quality-anti-aging-and-skin-care-to-stay-fit-500g\/#primaryimage"},"thumbnailUrl":"https:\/\/purehivehoney.com\/de\/wp-content\/uploads\/2026\/04\/41aokzb9EPS.jpg","datePublished":"2026-04-23T06:36:31+00:00","dateModified":"2026-04-23T06:36:40+00:00","description":"Entdecken Sie hochwertigen Rohhonig, Bio Honig, Manuka Honig und nat\u00fcrliche Bienenprodukte. PureHiveHoney hilft Ihnen dabei, sorgf\u00e4ltig ausgew\u00e4hlte Honigsorten mit nat\u00fcrlicher Qualit\u00e4t und Reinheit zu entdecken.","breadcrumb":{"@id":"https:\/\/purehivehoney.com\/de\/product\/raps-napus-organic-natural-high-quality-anti-aging-and-skin-care-to-stay-fit-500g\/#breadcrumb"},"inLanguage":"de","potentialAction":[{"@type":"ReadAction","target":["https:\/\/purehivehoney.com\/de\/product\/raps-napus-organic-natural-high-quality-anti-aging-and-skin-care-to-stay-fit-500g\/"]}]},{"@type":"ImageObject","inLanguage":"de","@id":"https:\/\/purehivehoney.com\/de\/product\/raps-napus-organic-natural-high-quality-anti-aging-and-skin-care-to-stay-fit-500g\/#primaryimage","url":"https:\/\/purehivehoney.com\/de\/wp-content\/uploads\/2026\/04\/41aokzb9EPS.jpg","contentUrl":"https:\/\/purehivehoney.com\/de\/wp-content\/uploads\/2026\/04\/41aokzb9EPS.jpg","width":500,"height":500},{"@type":"BreadcrumbList","@id":"https:\/\/purehivehoney.com\/de\/product\/raps-napus-organic-natural-high-quality-anti-aging-and-skin-care-to-stay-fit-500g\/#breadcrumb","itemListElement":[{"@type":"ListItem","position":1,"name":"Home","item":"https:\/\/purehivehoney.com\/de\/"},{"@type":"ListItem","position":2,"name":"Shop","item":"https:\/\/purehivehoney.com\/de\/shop\/"},{"@type":"ListItem","position":3,"name":"Raps-Napus Organic, Natural, High Q..."}]},{"@type":"WebSite","@id":"https:\/\/purehivehoney.com\/de\/#website","url":"https:\/\/purehivehoney.com\/de\/","name":"PureHiveHoney","description":"Reiner Honig &amp; Bienenprodukte Online | Rohhonig, Bio Honig &amp; Spezialhonig","publisher":{"@id":"https:\/\/purehivehoney.com\/de\/#organization"},"potentialAction":[{"@type":"SearchAction","target":{"@type":"EntryPoint","urlTemplate":"https:\/\/purehivehoney.com\/de\/?s={search_term_string}"},"query-input":{"@type":"PropertyValueSpecification","valueRequired":true,"valueName":"search_term_string"}}],"inLanguage":"de"},{"@type":"Organization","@id":"https:\/\/purehivehoney.com\/de\/#organization","name":"PureHiveHoney","url":"https:\/\/purehivehoney.com\/de\/","logo":{"@type":"ImageObject","inLanguage":"de","@id":"https:\/\/purehivehoney.com\/de\/#\/schema\/logo\/image\/","url":"https:\/\/purehivehoney.com\/de\/wp-content\/uploads\/2026\/03\/Screenshot-2026-03-16-at-1.06.01-AM.png","contentUrl":"https:\/\/purehivehoney.com\/de\/wp-content\/uploads\/2026\/03\/Screenshot-2026-03-16-at-1.06.01-AM.png","width":2112,"height":1086,"caption":"PureHiveHoney"},"image":{"@id":"https:\/\/purehivehoney.com\/de\/#\/schema\/logo\/image\/"}}]}},"_links":{"self":[{"href":"https:\/\/purehivehoney.com\/de\/wp-json\/wp\/v2\/product\/2980","targetHints":{"allow":["GET"]}}],"collection":[{"href":"https:\/\/purehivehoney.com\/de\/wp-json\/wp\/v2\/product"}],"about":[{"href":"https:\/\/purehivehoney.com\/de\/wp-json\/wp\/v2\/types\/product"}],"replies":[{"embeddable":true,"href":"https:\/\/purehivehoney.com\/de\/wp-json\/wp\/v2\/comments?post=2980"}],"wp:featuredmedia":[{"embeddable":true,"href":"https:\/\/purehivehoney.com\/de\/wp-json\/wp\/v2\/media\/2981"}],"wp:attachment":[{"href":"https:\/\/purehivehoney.com\/de\/wp-json\/wp\/v2\/media?parent=2980"}],"wp:term":[{"taxonomy":"store","embeddable":true,"href":"https:\/\/purehivehoney.com\/de\/wp-json\/wp\/v2\/store?post=2980"},{"taxonomy":"product_brand","embeddable":true,"href":"https:\/\/purehivehoney.com\/de\/wp-json\/wp\/v2\/product_brand?post=2980"},{"taxonomy":"product_cat","embeddable":true,"href":"https:\/\/purehivehoney.com\/de\/wp-json\/wp\/v2\/product_cat?post=2980"},{"taxonomy":"product_tag","embeddable":true,"href":"https:\/\/purehivehoney.com\/de\/wp-json\/wp\/v2\/product_tag?post=2980"}],"curies":[{"name":"wp","href":"https:\/\/api.w.org\/{rel}","templated":true}]}}