{"id":2968,"date":"2026-04-23T01:25:06","date_gmt":"2026-04-23T01:25:06","guid":{"rendered":"https:\/\/purehivehoney.com\/de\/product\/the-vintage-dundee-orange-jam-340g-mackays-thick-cut-dark-jam-made-with-a-thick-peel\/"},"modified":"2026-04-23T01:25:08","modified_gmt":"2026-04-23T01:25:08","slug":"the-vintage-dundee-orange-jam-340g-mackays-thick-cut-dark-jam-made-with-a-thick-peel","status":"publish","type":"product","link":"https:\/\/purehivehoney.com\/de\/product\/the-vintage-dundee-orange-jam-340g-mackays-thick-cut-dark-jam-made-with-a-thick-peel\/","title":{"rendered":"The Vintage Dundee Orange Jam 340g ..."},"content":{"rendered":"<p>    <span>Made with whole fruit. Kosher &#8211; KLBD Vintage Dundee Orange Jam In 1797 the first jar of jam was made in Dundee. Mackays, a family owned business, is now the last remaining producer of Dundee Orange Jam in the Dundee region &#8211; The Home of Jam. With a traditional open copper pan, the highest quality bitter oranges and our authentic methods, we ensure rich fruit flavors in every batch and the special homemade flavor you expect from Mackays Facebook\/mackays.jams<\/span>    <br \/> Is Discontinued By Manufacturer                                            \u200f                                            :                                            \u200e                                            No   <br \/> Manufacturer                                            \u200f                                            :                                            \u200e                                            Groceries   <br \/> ASIN                                            \u200f                                            :                                            \u200e                                            B00MWV0FF0   <br \/> Manufacturer reference                                            \u200f                                            :                                            \u200e                                            GFC018528.2   <br \/>  Customer reviews:                                                                                            4.3               4.3 out of 5 stars                                  (35)                                              var dpAcrHasRegisteredArcLinkClickAction;                    P.when(&#8218;A&#8216;, &#8218;ready&#8216;).execute(function(A) {                        if (dpAcrHasRegisteredArcLinkClickAction !== true) {                            dpAcrHasRegisteredArcLinkClickAction = true;                            A.declarative(                                &#8218;acrLink-click-metrics&#8216;, &#8218;click&#8216;,                                { &#8222;allowLinkDefault&#8220;: true },                                function (event) {                                    if (window.ue) {                                        ue.count(&#8222;acrLinkClickCount&#8220;, (ue.count(&#8222;acrLinkClickCount&#8220;) || 0) + 1);                                    }                                }                            );                        }                    });                                             P.when(&#8218;A&#8216;, &#8218;cf&#8216;).execute(function(A) {                A.declarative(&#8218;acrStarsLink-click-metrics&#8216;, &#8218;click&#8216;, { &#8222;allowLinkDefault&#8220; : true },  function(event){                    if(window.ue) {                        ue.count(&#8222;acrStarsLinkWithPopoverClickCount&#8220;, (ue.count(&#8222;acrStarsLinkWithPopoverClickCount&#8220;) || 0) + 1);                    }                });            });                          <br \/>Unless otherwise stated, actual product packaging may vary from the picture. We recommend that you do not rely solely on the information provided. Please always read the labels, warnings and instructions before using a product<br \/>Product type: food<br \/>Brand: Mackays<\/p>\n\n","protected":false},"excerpt":{"rendered":"<p>Made with whole fruit. Kosher &#8211; KLBD Vintage Dundee Orange Jam In 1797 the first jar of jam was made in Dundee. Mackays, a family owned business, is now the last remaining producer of Dundee Orange Jam in the Dundee region &#8211; The Home of Jam. With a traditional open copper pan, the highest quality [&hellip;]<\/p>\n","protected":false},"featured_media":2969,"comment_status":"open","ping_status":"closed","template":"","meta":{"_aipt_faq_data":""},"store":[],"product_brand":[381],"product_cat":[49],"product_tag":[380],"class_list":{"0":"post-2968","1":"product","2":"type-product","3":"status-publish","4":"has-post-thumbnail","6":"product_brand-mackays","7":"product_cat-orangenblutenhonig","8":"product_tag-orangenbluetenhonig-im-glas","10":"first","11":"instock","12":"shipping-taxable","13":"product-type-external"},"yoast_head":"<!-- This site is optimized with the Yoast SEO plugin v27.4 - https:\/\/yoast.com\/product\/yoast-seo-wordpress\/ -->\n<title>The Vintage Dundee Orange Jam 340g Mackays Thick Cut Dark Jam Made with a thick peel. - PureHiveHoney<\/title>\n<meta name=\"description\" content=\"Entdecken Sie hochwertigen Rohhonig, Bio Honig, Manuka Honig und nat\u00fcrliche Bienenprodukte. PureHiveHoney hilft Ihnen dabei, sorgf\u00e4ltig ausgew\u00e4hlte Honigsorten mit nat\u00fcrlicher Qualit\u00e4t und Reinheit zu entdecken.\" \/>\n<meta name=\"robots\" content=\"index, follow, max-snippet:-1, max-image-preview:large, max-video-preview:-1\" \/>\n<link rel=\"canonical\" href=\"https:\/\/purehivehoney.com\/de\/product\/the-vintage-dundee-orange-jam-340g-mackays-thick-cut-dark-jam-made-with-a-thick-peel\/\" \/>\n<meta property=\"og:locale\" content=\"de_DE\" \/>\n<meta property=\"og:type\" content=\"article\" \/>\n<meta property=\"og:title\" content=\"The Vintage Dundee Orange Jam 340g Mackays Thick Cut Dark Jam Made with a thick peel. - PureHiveHoney\" \/>\n<meta property=\"og:description\" content=\"Entdecken Sie hochwertigen Rohhonig, Bio Honig, Manuka Honig und nat\u00fcrliche Bienenprodukte. PureHiveHoney hilft Ihnen dabei, sorgf\u00e4ltig ausgew\u00e4hlte Honigsorten mit nat\u00fcrlicher Qualit\u00e4t und Reinheit zu entdecken.\" \/>\n<meta property=\"og:url\" content=\"https:\/\/purehivehoney.com\/de\/product\/the-vintage-dundee-orange-jam-340g-mackays-thick-cut-dark-jam-made-with-a-thick-peel\/\" \/>\n<meta property=\"og:site_name\" content=\"PureHiveHoney\" \/>\n<meta property=\"article:modified_time\" content=\"2026-04-23T01:25:08+00:00\" \/>\n<meta name=\"twitter:card\" content=\"summary_large_image\" \/>\n<meta name=\"twitter:label1\" content=\"Gesch\u00e4tzte Lesezeit\" \/>\n\t<meta name=\"twitter:data1\" content=\"1\u00a0Minute\" \/>\n<script type=\"application\/ld+json\" class=\"yoast-schema-graph\">{\"@context\":\"https:\\\/\\\/schema.org\",\"@graph\":[{\"@type\":\"WebPage\",\"@id\":\"https:\\\/\\\/purehivehoney.com\\\/de\\\/product\\\/the-vintage-dundee-orange-jam-340g-mackays-thick-cut-dark-jam-made-with-a-thick-peel\\\/\",\"url\":\"https:\\\/\\\/purehivehoney.com\\\/de\\\/product\\\/the-vintage-dundee-orange-jam-340g-mackays-thick-cut-dark-jam-made-with-a-thick-peel\\\/\",\"name\":\"The Vintage Dundee Orange Jam 340g Mackays Thick Cut Dark Jam Made with a thick peel. - PureHiveHoney\",\"isPartOf\":{\"@id\":\"https:\\\/\\\/purehivehoney.com\\\/de\\\/#website\"},\"primaryImageOfPage\":{\"@id\":\"https:\\\/\\\/purehivehoney.com\\\/de\\\/product\\\/the-vintage-dundee-orange-jam-340g-mackays-thick-cut-dark-jam-made-with-a-thick-peel\\\/#primaryimage\"},\"image\":{\"@id\":\"https:\\\/\\\/purehivehoney.com\\\/de\\\/product\\\/the-vintage-dundee-orange-jam-340g-mackays-thick-cut-dark-jam-made-with-a-thick-peel\\\/#primaryimage\"},\"thumbnailUrl\":\"https:\\\/\\\/purehivehoney.com\\\/de\\\/wp-content\\\/uploads\\\/2026\\\/04\\\/61KHcNtkSBL._SL1000_.jpg\",\"datePublished\":\"2026-04-23T01:25:06+00:00\",\"dateModified\":\"2026-04-23T01:25:08+00:00\",\"description\":\"Entdecken Sie hochwertigen Rohhonig, Bio Honig, Manuka Honig und nat\u00fcrliche Bienenprodukte. PureHiveHoney hilft Ihnen dabei, sorgf\u00e4ltig ausgew\u00e4hlte Honigsorten mit nat\u00fcrlicher Qualit\u00e4t und Reinheit zu entdecken.\",\"breadcrumb\":{\"@id\":\"https:\\\/\\\/purehivehoney.com\\\/de\\\/product\\\/the-vintage-dundee-orange-jam-340g-mackays-thick-cut-dark-jam-made-with-a-thick-peel\\\/#breadcrumb\"},\"inLanguage\":\"de\",\"potentialAction\":[{\"@type\":\"ReadAction\",\"target\":[\"https:\\\/\\\/purehivehoney.com\\\/de\\\/product\\\/the-vintage-dundee-orange-jam-340g-mackays-thick-cut-dark-jam-made-with-a-thick-peel\\\/\"]}]},{\"@type\":\"ImageObject\",\"inLanguage\":\"de\",\"@id\":\"https:\\\/\\\/purehivehoney.com\\\/de\\\/product\\\/the-vintage-dundee-orange-jam-340g-mackays-thick-cut-dark-jam-made-with-a-thick-peel\\\/#primaryimage\",\"url\":\"https:\\\/\\\/purehivehoney.com\\\/de\\\/wp-content\\\/uploads\\\/2026\\\/04\\\/61KHcNtkSBL._SL1000_.jpg\",\"contentUrl\":\"https:\\\/\\\/purehivehoney.com\\\/de\\\/wp-content\\\/uploads\\\/2026\\\/04\\\/61KHcNtkSBL._SL1000_.jpg\",\"width\":1000,\"height\":1000},{\"@type\":\"BreadcrumbList\",\"@id\":\"https:\\\/\\\/purehivehoney.com\\\/de\\\/product\\\/the-vintage-dundee-orange-jam-340g-mackays-thick-cut-dark-jam-made-with-a-thick-peel\\\/#breadcrumb\",\"itemListElement\":[{\"@type\":\"ListItem\",\"position\":1,\"name\":\"Home\",\"item\":\"https:\\\/\\\/purehivehoney.com\\\/de\\\/\"},{\"@type\":\"ListItem\",\"position\":2,\"name\":\"Shop\",\"item\":\"https:\\\/\\\/purehivehoney.com\\\/de\\\/shop\\\/\"},{\"@type\":\"ListItem\",\"position\":3,\"name\":\"The Vintage Dundee Orange Jam 340g ...\"}]},{\"@type\":\"WebSite\",\"@id\":\"https:\\\/\\\/purehivehoney.com\\\/de\\\/#website\",\"url\":\"https:\\\/\\\/purehivehoney.com\\\/de\\\/\",\"name\":\"PureHiveHoney\",\"description\":\"Reiner Honig &amp; Bienenprodukte Online | Rohhonig, Bio Honig &amp; Spezialhonig\",\"publisher\":{\"@id\":\"https:\\\/\\\/purehivehoney.com\\\/de\\\/#organization\"},\"potentialAction\":[{\"@type\":\"SearchAction\",\"target\":{\"@type\":\"EntryPoint\",\"urlTemplate\":\"https:\\\/\\\/purehivehoney.com\\\/de\\\/?s={search_term_string}\"},\"query-input\":{\"@type\":\"PropertyValueSpecification\",\"valueRequired\":true,\"valueName\":\"search_term_string\"}}],\"inLanguage\":\"de\"},{\"@type\":\"Organization\",\"@id\":\"https:\\\/\\\/purehivehoney.com\\\/de\\\/#organization\",\"name\":\"PureHiveHoney\",\"url\":\"https:\\\/\\\/purehivehoney.com\\\/de\\\/\",\"logo\":{\"@type\":\"ImageObject\",\"inLanguage\":\"de\",\"@id\":\"https:\\\/\\\/purehivehoney.com\\\/de\\\/#\\\/schema\\\/logo\\\/image\\\/\",\"url\":\"https:\\\/\\\/purehivehoney.com\\\/de\\\/wp-content\\\/uploads\\\/2026\\\/03\\\/Screenshot-2026-03-16-at-1.06.01-AM.png\",\"contentUrl\":\"https:\\\/\\\/purehivehoney.com\\\/de\\\/wp-content\\\/uploads\\\/2026\\\/03\\\/Screenshot-2026-03-16-at-1.06.01-AM.png\",\"width\":2112,\"height\":1086,\"caption\":\"PureHiveHoney\"},\"image\":{\"@id\":\"https:\\\/\\\/purehivehoney.com\\\/de\\\/#\\\/schema\\\/logo\\\/image\\\/\"}}]}<\/script>\n<!-- \/ Yoast SEO plugin. -->","yoast_head_json":{"title":"The Vintage Dundee Orange Jam 340g Mackays Thick Cut Dark Jam Made with a thick peel. - PureHiveHoney","description":"Entdecken Sie hochwertigen Rohhonig, Bio Honig, Manuka Honig und nat\u00fcrliche Bienenprodukte. PureHiveHoney hilft Ihnen dabei, sorgf\u00e4ltig ausgew\u00e4hlte Honigsorten mit nat\u00fcrlicher Qualit\u00e4t und Reinheit zu entdecken.","robots":{"index":"index","follow":"follow","max-snippet":"max-snippet:-1","max-image-preview":"max-image-preview:large","max-video-preview":"max-video-preview:-1"},"canonical":"https:\/\/purehivehoney.com\/de\/product\/the-vintage-dundee-orange-jam-340g-mackays-thick-cut-dark-jam-made-with-a-thick-peel\/","og_locale":"de_DE","og_type":"article","og_title":"The Vintage Dundee Orange Jam 340g Mackays Thick Cut Dark Jam Made with a thick peel. - PureHiveHoney","og_description":"Entdecken Sie hochwertigen Rohhonig, Bio Honig, Manuka Honig und nat\u00fcrliche Bienenprodukte. PureHiveHoney hilft Ihnen dabei, sorgf\u00e4ltig ausgew\u00e4hlte Honigsorten mit nat\u00fcrlicher Qualit\u00e4t und Reinheit zu entdecken.","og_url":"https:\/\/purehivehoney.com\/de\/product\/the-vintage-dundee-orange-jam-340g-mackays-thick-cut-dark-jam-made-with-a-thick-peel\/","og_site_name":"PureHiveHoney","article_modified_time":"2026-04-23T01:25:08+00:00","twitter_card":"summary_large_image","twitter_misc":{"Gesch\u00e4tzte Lesezeit":"1\u00a0Minute"},"schema":{"@context":"https:\/\/schema.org","@graph":[{"@type":"WebPage","@id":"https:\/\/purehivehoney.com\/de\/product\/the-vintage-dundee-orange-jam-340g-mackays-thick-cut-dark-jam-made-with-a-thick-peel\/","url":"https:\/\/purehivehoney.com\/de\/product\/the-vintage-dundee-orange-jam-340g-mackays-thick-cut-dark-jam-made-with-a-thick-peel\/","name":"The Vintage Dundee Orange Jam 340g Mackays Thick Cut Dark Jam Made with a thick peel. - PureHiveHoney","isPartOf":{"@id":"https:\/\/purehivehoney.com\/de\/#website"},"primaryImageOfPage":{"@id":"https:\/\/purehivehoney.com\/de\/product\/the-vintage-dundee-orange-jam-340g-mackays-thick-cut-dark-jam-made-with-a-thick-peel\/#primaryimage"},"image":{"@id":"https:\/\/purehivehoney.com\/de\/product\/the-vintage-dundee-orange-jam-340g-mackays-thick-cut-dark-jam-made-with-a-thick-peel\/#primaryimage"},"thumbnailUrl":"https:\/\/purehivehoney.com\/de\/wp-content\/uploads\/2026\/04\/61KHcNtkSBL._SL1000_.jpg","datePublished":"2026-04-23T01:25:06+00:00","dateModified":"2026-04-23T01:25:08+00:00","description":"Entdecken Sie hochwertigen Rohhonig, Bio Honig, Manuka Honig und nat\u00fcrliche Bienenprodukte. PureHiveHoney hilft Ihnen dabei, sorgf\u00e4ltig ausgew\u00e4hlte Honigsorten mit nat\u00fcrlicher Qualit\u00e4t und Reinheit zu entdecken.","breadcrumb":{"@id":"https:\/\/purehivehoney.com\/de\/product\/the-vintage-dundee-orange-jam-340g-mackays-thick-cut-dark-jam-made-with-a-thick-peel\/#breadcrumb"},"inLanguage":"de","potentialAction":[{"@type":"ReadAction","target":["https:\/\/purehivehoney.com\/de\/product\/the-vintage-dundee-orange-jam-340g-mackays-thick-cut-dark-jam-made-with-a-thick-peel\/"]}]},{"@type":"ImageObject","inLanguage":"de","@id":"https:\/\/purehivehoney.com\/de\/product\/the-vintage-dundee-orange-jam-340g-mackays-thick-cut-dark-jam-made-with-a-thick-peel\/#primaryimage","url":"https:\/\/purehivehoney.com\/de\/wp-content\/uploads\/2026\/04\/61KHcNtkSBL._SL1000_.jpg","contentUrl":"https:\/\/purehivehoney.com\/de\/wp-content\/uploads\/2026\/04\/61KHcNtkSBL._SL1000_.jpg","width":1000,"height":1000},{"@type":"BreadcrumbList","@id":"https:\/\/purehivehoney.com\/de\/product\/the-vintage-dundee-orange-jam-340g-mackays-thick-cut-dark-jam-made-with-a-thick-peel\/#breadcrumb","itemListElement":[{"@type":"ListItem","position":1,"name":"Home","item":"https:\/\/purehivehoney.com\/de\/"},{"@type":"ListItem","position":2,"name":"Shop","item":"https:\/\/purehivehoney.com\/de\/shop\/"},{"@type":"ListItem","position":3,"name":"The Vintage Dundee Orange Jam 340g ..."}]},{"@type":"WebSite","@id":"https:\/\/purehivehoney.com\/de\/#website","url":"https:\/\/purehivehoney.com\/de\/","name":"PureHiveHoney","description":"Reiner Honig &amp; Bienenprodukte Online | Rohhonig, Bio Honig &amp; Spezialhonig","publisher":{"@id":"https:\/\/purehivehoney.com\/de\/#organization"},"potentialAction":[{"@type":"SearchAction","target":{"@type":"EntryPoint","urlTemplate":"https:\/\/purehivehoney.com\/de\/?s={search_term_string}"},"query-input":{"@type":"PropertyValueSpecification","valueRequired":true,"valueName":"search_term_string"}}],"inLanguage":"de"},{"@type":"Organization","@id":"https:\/\/purehivehoney.com\/de\/#organization","name":"PureHiveHoney","url":"https:\/\/purehivehoney.com\/de\/","logo":{"@type":"ImageObject","inLanguage":"de","@id":"https:\/\/purehivehoney.com\/de\/#\/schema\/logo\/image\/","url":"https:\/\/purehivehoney.com\/de\/wp-content\/uploads\/2026\/03\/Screenshot-2026-03-16-at-1.06.01-AM.png","contentUrl":"https:\/\/purehivehoney.com\/de\/wp-content\/uploads\/2026\/03\/Screenshot-2026-03-16-at-1.06.01-AM.png","width":2112,"height":1086,"caption":"PureHiveHoney"},"image":{"@id":"https:\/\/purehivehoney.com\/de\/#\/schema\/logo\/image\/"}}]}},"_links":{"self":[{"href":"https:\/\/purehivehoney.com\/de\/wp-json\/wp\/v2\/product\/2968","targetHints":{"allow":["GET"]}}],"collection":[{"href":"https:\/\/purehivehoney.com\/de\/wp-json\/wp\/v2\/product"}],"about":[{"href":"https:\/\/purehivehoney.com\/de\/wp-json\/wp\/v2\/types\/product"}],"replies":[{"embeddable":true,"href":"https:\/\/purehivehoney.com\/de\/wp-json\/wp\/v2\/comments?post=2968"}],"wp:featuredmedia":[{"embeddable":true,"href":"https:\/\/purehivehoney.com\/de\/wp-json\/wp\/v2\/media\/2969"}],"wp:attachment":[{"href":"https:\/\/purehivehoney.com\/de\/wp-json\/wp\/v2\/media?parent=2968"}],"wp:term":[{"taxonomy":"store","embeddable":true,"href":"https:\/\/purehivehoney.com\/de\/wp-json\/wp\/v2\/store?post=2968"},{"taxonomy":"product_brand","embeddable":true,"href":"https:\/\/purehivehoney.com\/de\/wp-json\/wp\/v2\/product_brand?post=2968"},{"taxonomy":"product_cat","embeddable":true,"href":"https:\/\/purehivehoney.com\/de\/wp-json\/wp\/v2\/product_cat?post=2968"},{"taxonomy":"product_tag","embeddable":true,"href":"https:\/\/purehivehoney.com\/de\/wp-json\/wp\/v2\/product_tag?post=2968"}],"curies":[{"name":"wp","href":"https:\/\/api.w.org\/{rel}","templated":true}]}}