{"id":2948,"date":"2026-04-22T20:01:14","date_gmt":"2026-04-22T20:01:14","guid":{"rendered":"https:\/\/purehivehoney.com\/de\/product\/hops-saaz-half-early-red-hawk-zatecky-cervenak-polorany-100-g-granules-czech-hopen-500-g\/"},"modified":"2026-04-22T20:01:16","modified_gmt":"2026-04-22T20:01:16","slug":"hops-saaz-half-early-red-hawk-zatecky-cervenak-polorany-100-g-granules-czech-hopen-500-g","status":"publish","type":"product","link":"https:\/\/purehivehoney.com\/de\/product\/hops-saaz-half-early-red-hawk-zatecky-cervenak-polorany-100-g-granules-czech-hopen-500-g\/","title":{"rendered":"Hops Saaz Half-Early Red Hawk (Zate..."},"content":{"rendered":"<p>    <span>Saaz half-early red hawk. It gives the beer a pleasant and balanced taste and smell. It is very rich in polyphenols. The balanced ratio of alpha and beta-bitter substances together with the unique content of hop oils causes the distinctive character of the beer taste. Brewery: Saaz Saaz is a fine aromatic variety for second and third hopping or cold hopping. Aroma: the aroma of the hop cones is characterised as a quality standard. It is a true, fine hop aroma. ORIGIN: Saaz Saaz was acquired by clone selection in the original areas in Saaz and Usti. This variety is grown in nine clones: Osvalds Clone 31 (1952). Osvald&#8217;s Clone 72 (1952), Osvald&#8217;s Clone 114 (1952), Sirius (1969), Blato (1974), Lucan, Zlatan (1976), Podle\u0161\u00e1k (1989), Bl\u0161anka (1993). Alpha bitter acids 3-6 (% wt.) Design: granulate 90<\/span>    <br \/>czech hops<br \/>Alpha bitter acids 3-6 (% wt.)<br \/>Design: granulate 90<br \/>Saaz Saaz is a fine aromatic variety for the second and third hopping or for cold hopping.<\/p>\n\n","protected":false},"excerpt":{"rendered":"<p>Saaz half-early red hawk. It gives the beer a pleasant and balanced taste and smell. It is very rich in polyphenols. The balanced ratio of alpha and beta-bitter substances together with the unique content of hop oils causes the distinctive character of the beer taste. Brewery: Saaz Saaz is a fine aromatic variety for second [&hellip;]<\/p>\n","protected":false},"featured_media":2949,"comment_status":"open","ping_status":"closed","template":"","meta":{"_aipt_faq_data":""},"store":[],"product_brand":[],"product_cat":[64],"product_tag":[139],"class_list":{"0":"post-2948","1":"product","2":"type-product","3":"status-publish","4":"has-post-thumbnail","6":"product_cat-bienenpollen","7":"product_tag-getrocknete-bienenpollen-kaufen","9":"first","10":"instock","11":"shipping-taxable","12":"product-type-external"},"yoast_head":"<!-- This site is optimized with the Yoast SEO plugin v27.4 - https:\/\/yoast.com\/product\/yoast-seo-wordpress\/ -->\n<title>Hops Saaz Half-Early Red Hawk (Zatecky Cervenak Polorany) 100 g Granules (Czech Hopen) 500 g - PureHiveHoney<\/title>\n<meta name=\"description\" content=\"Entdecken Sie hochwertigen Rohhonig, Bio Honig, Manuka Honig und nat\u00fcrliche Bienenprodukte. PureHiveHoney hilft Ihnen dabei, sorgf\u00e4ltig ausgew\u00e4hlte Honigsorten mit nat\u00fcrlicher Qualit\u00e4t und Reinheit zu entdecken.\" \/>\n<meta name=\"robots\" content=\"index, follow, max-snippet:-1, max-image-preview:large, max-video-preview:-1\" \/>\n<link rel=\"canonical\" href=\"https:\/\/purehivehoney.com\/de\/product\/hops-saaz-half-early-red-hawk-zatecky-cervenak-polorany-100-g-granules-czech-hopen-500-g\/\" \/>\n<meta property=\"og:locale\" content=\"de_DE\" \/>\n<meta property=\"og:type\" content=\"article\" \/>\n<meta property=\"og:title\" content=\"Hops Saaz Half-Early Red Hawk (Zatecky Cervenak Polorany) 100 g Granules (Czech Hopen) 500 g - PureHiveHoney\" \/>\n<meta property=\"og:description\" content=\"Entdecken Sie hochwertigen Rohhonig, Bio Honig, Manuka Honig und nat\u00fcrliche Bienenprodukte. PureHiveHoney hilft Ihnen dabei, sorgf\u00e4ltig ausgew\u00e4hlte Honigsorten mit nat\u00fcrlicher Qualit\u00e4t und Reinheit zu entdecken.\" \/>\n<meta property=\"og:url\" content=\"https:\/\/purehivehoney.com\/de\/product\/hops-saaz-half-early-red-hawk-zatecky-cervenak-polorany-100-g-granules-czech-hopen-500-g\/\" \/>\n<meta property=\"og:site_name\" content=\"PureHiveHoney\" \/>\n<meta property=\"article:modified_time\" content=\"2026-04-22T20:01:16+00:00\" \/>\n<meta name=\"twitter:card\" content=\"summary_large_image\" \/>\n<meta name=\"twitter:label1\" content=\"Gesch\u00e4tzte Lesezeit\" \/>\n\t<meta name=\"twitter:data1\" content=\"1\u00a0Minute\" \/>\n<script type=\"application\/ld+json\" class=\"yoast-schema-graph\">{\"@context\":\"https:\\\/\\\/schema.org\",\"@graph\":[{\"@type\":\"WebPage\",\"@id\":\"https:\\\/\\\/purehivehoney.com\\\/de\\\/product\\\/hops-saaz-half-early-red-hawk-zatecky-cervenak-polorany-100-g-granules-czech-hopen-500-g\\\/\",\"url\":\"https:\\\/\\\/purehivehoney.com\\\/de\\\/product\\\/hops-saaz-half-early-red-hawk-zatecky-cervenak-polorany-100-g-granules-czech-hopen-500-g\\\/\",\"name\":\"Hops Saaz Half-Early Red Hawk (Zatecky Cervenak Polorany) 100 g Granules (Czech Hopen) 500 g - PureHiveHoney\",\"isPartOf\":{\"@id\":\"https:\\\/\\\/purehivehoney.com\\\/de\\\/#website\"},\"primaryImageOfPage\":{\"@id\":\"https:\\\/\\\/purehivehoney.com\\\/de\\\/product\\\/hops-saaz-half-early-red-hawk-zatecky-cervenak-polorany-100-g-granules-czech-hopen-500-g\\\/#primaryimage\"},\"image\":{\"@id\":\"https:\\\/\\\/purehivehoney.com\\\/de\\\/product\\\/hops-saaz-half-early-red-hawk-zatecky-cervenak-polorany-100-g-granules-czech-hopen-500-g\\\/#primaryimage\"},\"thumbnailUrl\":\"https:\\\/\\\/purehivehoney.com\\\/de\\\/wp-content\\\/uploads\\\/2026\\\/04\\\/71w2f7mo4IL._AC_SL1500_.jpg\",\"datePublished\":\"2026-04-22T20:01:14+00:00\",\"dateModified\":\"2026-04-22T20:01:16+00:00\",\"description\":\"Entdecken Sie hochwertigen Rohhonig, Bio Honig, Manuka Honig und nat\u00fcrliche Bienenprodukte. PureHiveHoney hilft Ihnen dabei, sorgf\u00e4ltig ausgew\u00e4hlte Honigsorten mit nat\u00fcrlicher Qualit\u00e4t und Reinheit zu entdecken.\",\"breadcrumb\":{\"@id\":\"https:\\\/\\\/purehivehoney.com\\\/de\\\/product\\\/hops-saaz-half-early-red-hawk-zatecky-cervenak-polorany-100-g-granules-czech-hopen-500-g\\\/#breadcrumb\"},\"inLanguage\":\"de\",\"potentialAction\":[{\"@type\":\"ReadAction\",\"target\":[\"https:\\\/\\\/purehivehoney.com\\\/de\\\/product\\\/hops-saaz-half-early-red-hawk-zatecky-cervenak-polorany-100-g-granules-czech-hopen-500-g\\\/\"]}]},{\"@type\":\"ImageObject\",\"inLanguage\":\"de\",\"@id\":\"https:\\\/\\\/purehivehoney.com\\\/de\\\/product\\\/hops-saaz-half-early-red-hawk-zatecky-cervenak-polorany-100-g-granules-czech-hopen-500-g\\\/#primaryimage\",\"url\":\"https:\\\/\\\/purehivehoney.com\\\/de\\\/wp-content\\\/uploads\\\/2026\\\/04\\\/71w2f7mo4IL._AC_SL1500_.jpg\",\"contentUrl\":\"https:\\\/\\\/purehivehoney.com\\\/de\\\/wp-content\\\/uploads\\\/2026\\\/04\\\/71w2f7mo4IL._AC_SL1500_.jpg\",\"width\":1244,\"height\":1200},{\"@type\":\"BreadcrumbList\",\"@id\":\"https:\\\/\\\/purehivehoney.com\\\/de\\\/product\\\/hops-saaz-half-early-red-hawk-zatecky-cervenak-polorany-100-g-granules-czech-hopen-500-g\\\/#breadcrumb\",\"itemListElement\":[{\"@type\":\"ListItem\",\"position\":1,\"name\":\"Home\",\"item\":\"https:\\\/\\\/purehivehoney.com\\\/de\\\/\"},{\"@type\":\"ListItem\",\"position\":2,\"name\":\"Shop\",\"item\":\"https:\\\/\\\/purehivehoney.com\\\/de\\\/shop\\\/\"},{\"@type\":\"ListItem\",\"position\":3,\"name\":\"Hops Saaz Half-Early Red Hawk (Zate...\"}]},{\"@type\":\"WebSite\",\"@id\":\"https:\\\/\\\/purehivehoney.com\\\/de\\\/#website\",\"url\":\"https:\\\/\\\/purehivehoney.com\\\/de\\\/\",\"name\":\"PureHiveHoney\",\"description\":\"Reiner Honig &amp; Bienenprodukte Online | Rohhonig, Bio Honig &amp; Spezialhonig\",\"publisher\":{\"@id\":\"https:\\\/\\\/purehivehoney.com\\\/de\\\/#organization\"},\"potentialAction\":[{\"@type\":\"SearchAction\",\"target\":{\"@type\":\"EntryPoint\",\"urlTemplate\":\"https:\\\/\\\/purehivehoney.com\\\/de\\\/?s={search_term_string}\"},\"query-input\":{\"@type\":\"PropertyValueSpecification\",\"valueRequired\":true,\"valueName\":\"search_term_string\"}}],\"inLanguage\":\"de\"},{\"@type\":\"Organization\",\"@id\":\"https:\\\/\\\/purehivehoney.com\\\/de\\\/#organization\",\"name\":\"PureHiveHoney\",\"url\":\"https:\\\/\\\/purehivehoney.com\\\/de\\\/\",\"logo\":{\"@type\":\"ImageObject\",\"inLanguage\":\"de\",\"@id\":\"https:\\\/\\\/purehivehoney.com\\\/de\\\/#\\\/schema\\\/logo\\\/image\\\/\",\"url\":\"https:\\\/\\\/purehivehoney.com\\\/de\\\/wp-content\\\/uploads\\\/2026\\\/03\\\/Screenshot-2026-03-16-at-1.06.01-AM.png\",\"contentUrl\":\"https:\\\/\\\/purehivehoney.com\\\/de\\\/wp-content\\\/uploads\\\/2026\\\/03\\\/Screenshot-2026-03-16-at-1.06.01-AM.png\",\"width\":2112,\"height\":1086,\"caption\":\"PureHiveHoney\"},\"image\":{\"@id\":\"https:\\\/\\\/purehivehoney.com\\\/de\\\/#\\\/schema\\\/logo\\\/image\\\/\"}}]}<\/script>\n<!-- \/ Yoast SEO plugin. -->","yoast_head_json":{"title":"Hops Saaz Half-Early Red Hawk (Zatecky Cervenak Polorany) 100 g Granules (Czech Hopen) 500 g - PureHiveHoney","description":"Entdecken Sie hochwertigen Rohhonig, Bio Honig, Manuka Honig und nat\u00fcrliche Bienenprodukte. PureHiveHoney hilft Ihnen dabei, sorgf\u00e4ltig ausgew\u00e4hlte Honigsorten mit nat\u00fcrlicher Qualit\u00e4t und Reinheit zu entdecken.","robots":{"index":"index","follow":"follow","max-snippet":"max-snippet:-1","max-image-preview":"max-image-preview:large","max-video-preview":"max-video-preview:-1"},"canonical":"https:\/\/purehivehoney.com\/de\/product\/hops-saaz-half-early-red-hawk-zatecky-cervenak-polorany-100-g-granules-czech-hopen-500-g\/","og_locale":"de_DE","og_type":"article","og_title":"Hops Saaz Half-Early Red Hawk (Zatecky Cervenak Polorany) 100 g Granules (Czech Hopen) 500 g - PureHiveHoney","og_description":"Entdecken Sie hochwertigen Rohhonig, Bio Honig, Manuka Honig und nat\u00fcrliche Bienenprodukte. PureHiveHoney hilft Ihnen dabei, sorgf\u00e4ltig ausgew\u00e4hlte Honigsorten mit nat\u00fcrlicher Qualit\u00e4t und Reinheit zu entdecken.","og_url":"https:\/\/purehivehoney.com\/de\/product\/hops-saaz-half-early-red-hawk-zatecky-cervenak-polorany-100-g-granules-czech-hopen-500-g\/","og_site_name":"PureHiveHoney","article_modified_time":"2026-04-22T20:01:16+00:00","twitter_card":"summary_large_image","twitter_misc":{"Gesch\u00e4tzte Lesezeit":"1\u00a0Minute"},"schema":{"@context":"https:\/\/schema.org","@graph":[{"@type":"WebPage","@id":"https:\/\/purehivehoney.com\/de\/product\/hops-saaz-half-early-red-hawk-zatecky-cervenak-polorany-100-g-granules-czech-hopen-500-g\/","url":"https:\/\/purehivehoney.com\/de\/product\/hops-saaz-half-early-red-hawk-zatecky-cervenak-polorany-100-g-granules-czech-hopen-500-g\/","name":"Hops Saaz Half-Early Red Hawk (Zatecky Cervenak Polorany) 100 g Granules (Czech Hopen) 500 g - PureHiveHoney","isPartOf":{"@id":"https:\/\/purehivehoney.com\/de\/#website"},"primaryImageOfPage":{"@id":"https:\/\/purehivehoney.com\/de\/product\/hops-saaz-half-early-red-hawk-zatecky-cervenak-polorany-100-g-granules-czech-hopen-500-g\/#primaryimage"},"image":{"@id":"https:\/\/purehivehoney.com\/de\/product\/hops-saaz-half-early-red-hawk-zatecky-cervenak-polorany-100-g-granules-czech-hopen-500-g\/#primaryimage"},"thumbnailUrl":"https:\/\/purehivehoney.com\/de\/wp-content\/uploads\/2026\/04\/71w2f7mo4IL._AC_SL1500_.jpg","datePublished":"2026-04-22T20:01:14+00:00","dateModified":"2026-04-22T20:01:16+00:00","description":"Entdecken Sie hochwertigen Rohhonig, Bio Honig, Manuka Honig und nat\u00fcrliche Bienenprodukte. PureHiveHoney hilft Ihnen dabei, sorgf\u00e4ltig ausgew\u00e4hlte Honigsorten mit nat\u00fcrlicher Qualit\u00e4t und Reinheit zu entdecken.","breadcrumb":{"@id":"https:\/\/purehivehoney.com\/de\/product\/hops-saaz-half-early-red-hawk-zatecky-cervenak-polorany-100-g-granules-czech-hopen-500-g\/#breadcrumb"},"inLanguage":"de","potentialAction":[{"@type":"ReadAction","target":["https:\/\/purehivehoney.com\/de\/product\/hops-saaz-half-early-red-hawk-zatecky-cervenak-polorany-100-g-granules-czech-hopen-500-g\/"]}]},{"@type":"ImageObject","inLanguage":"de","@id":"https:\/\/purehivehoney.com\/de\/product\/hops-saaz-half-early-red-hawk-zatecky-cervenak-polorany-100-g-granules-czech-hopen-500-g\/#primaryimage","url":"https:\/\/purehivehoney.com\/de\/wp-content\/uploads\/2026\/04\/71w2f7mo4IL._AC_SL1500_.jpg","contentUrl":"https:\/\/purehivehoney.com\/de\/wp-content\/uploads\/2026\/04\/71w2f7mo4IL._AC_SL1500_.jpg","width":1244,"height":1200},{"@type":"BreadcrumbList","@id":"https:\/\/purehivehoney.com\/de\/product\/hops-saaz-half-early-red-hawk-zatecky-cervenak-polorany-100-g-granules-czech-hopen-500-g\/#breadcrumb","itemListElement":[{"@type":"ListItem","position":1,"name":"Home","item":"https:\/\/purehivehoney.com\/de\/"},{"@type":"ListItem","position":2,"name":"Shop","item":"https:\/\/purehivehoney.com\/de\/shop\/"},{"@type":"ListItem","position":3,"name":"Hops Saaz Half-Early Red Hawk (Zate..."}]},{"@type":"WebSite","@id":"https:\/\/purehivehoney.com\/de\/#website","url":"https:\/\/purehivehoney.com\/de\/","name":"PureHiveHoney","description":"Reiner Honig &amp; Bienenprodukte Online | Rohhonig, Bio Honig &amp; Spezialhonig","publisher":{"@id":"https:\/\/purehivehoney.com\/de\/#organization"},"potentialAction":[{"@type":"SearchAction","target":{"@type":"EntryPoint","urlTemplate":"https:\/\/purehivehoney.com\/de\/?s={search_term_string}"},"query-input":{"@type":"PropertyValueSpecification","valueRequired":true,"valueName":"search_term_string"}}],"inLanguage":"de"},{"@type":"Organization","@id":"https:\/\/purehivehoney.com\/de\/#organization","name":"PureHiveHoney","url":"https:\/\/purehivehoney.com\/de\/","logo":{"@type":"ImageObject","inLanguage":"de","@id":"https:\/\/purehivehoney.com\/de\/#\/schema\/logo\/image\/","url":"https:\/\/purehivehoney.com\/de\/wp-content\/uploads\/2026\/03\/Screenshot-2026-03-16-at-1.06.01-AM.png","contentUrl":"https:\/\/purehivehoney.com\/de\/wp-content\/uploads\/2026\/03\/Screenshot-2026-03-16-at-1.06.01-AM.png","width":2112,"height":1086,"caption":"PureHiveHoney"},"image":{"@id":"https:\/\/purehivehoney.com\/de\/#\/schema\/logo\/image\/"}}]}},"_links":{"self":[{"href":"https:\/\/purehivehoney.com\/de\/wp-json\/wp\/v2\/product\/2948","targetHints":{"allow":["GET"]}}],"collection":[{"href":"https:\/\/purehivehoney.com\/de\/wp-json\/wp\/v2\/product"}],"about":[{"href":"https:\/\/purehivehoney.com\/de\/wp-json\/wp\/v2\/types\/product"}],"replies":[{"embeddable":true,"href":"https:\/\/purehivehoney.com\/de\/wp-json\/wp\/v2\/comments?post=2948"}],"wp:featuredmedia":[{"embeddable":true,"href":"https:\/\/purehivehoney.com\/de\/wp-json\/wp\/v2\/media\/2949"}],"wp:attachment":[{"href":"https:\/\/purehivehoney.com\/de\/wp-json\/wp\/v2\/media?parent=2948"}],"wp:term":[{"taxonomy":"store","embeddable":true,"href":"https:\/\/purehivehoney.com\/de\/wp-json\/wp\/v2\/store?post=2948"},{"taxonomy":"product_brand","embeddable":true,"href":"https:\/\/purehivehoney.com\/de\/wp-json\/wp\/v2\/product_brand?post=2948"},{"taxonomy":"product_cat","embeddable":true,"href":"https:\/\/purehivehoney.com\/de\/wp-json\/wp\/v2\/product_cat?post=2948"},{"taxonomy":"product_tag","embeddable":true,"href":"https:\/\/purehivehoney.com\/de\/wp-json\/wp\/v2\/product_tag?post=2948"}],"curies":[{"name":"wp","href":"https:\/\/api.w.org\/{rel}","templated":true}]}}