{"id":2941,"date":"2026-04-22T18:39:20","date_gmt":"2026-04-22T18:39:20","guid":{"rendered":"https:\/\/purehivehoney.com\/de\/product\/hilltop-honey-manuka-mgo-50-new-zealand-225g\/"},"modified":"2026-04-22T18:39:34","modified_gmt":"2026-04-22T18:39:34","slug":"hilltop-honey-manuka-mgo-50-new-zealand-225g","status":"publish","type":"product","link":"https:\/\/purehivehoney.com\/de\/product\/hilltop-honey-manuka-mgo-50-new-zealand-225g\/","title":{"rendered":"Hilltop Honey &#8211; Manuka MGO 50..."},"content":{"rendered":"<p>                                             Product Description   <\/p>\n<p>                                                  <img decoding=\"async\" alt=\"Hilltop brand Manuka honey jar with golden honey dripping, featuring German text about New Zealand Manuka honey properties.\" src=\"https:\/\/images-na.ssl-images-amazon.com\/images\/G\/01\/x-locale\/common\/grey-pixel.gif\" class=\"a-lazy-loaded\" data-src=\"https:\/\/m.media-amazon.com\/images\/S\/aplus-media-library-service-media\/13fc0613-df46-4385-b414-9bfb1730865b.__CR0,74,1464,453_PT0_SX970_V1___.png\"><img decoding=\"async\" alt=\"Hilltop brand Manuka honey jar with golden honey dripping, featuring German text about New Zealand Manuka honey properties.\" src=\"https:\/\/m.media-amazon.com\/images\/S\/aplus-media-library-service-media\/13fc0613-df46-4385-b414-9bfb1730865b.__CR0,74,1464,453_PT0_SX970_V1___.png\">  <\/p>\n<p>                                                  <img decoding=\"async\" alt=\"the new product is available in the uk\" src=\"https:\/\/images-na.ssl-images-amazon.com\/images\/G\/01\/x-locale\/common\/grey-pixel.gif\" class=\"a-lazy-loaded\" data-src=\"https:\/\/m.media-amazon.com\/images\/S\/aplus-media-library-service-media\/04721946-f17a-4683-8eb4-6df3751bcdda.__CR0,74,1464,453_PT0_SX970_V1___.png\"><img decoding=\"async\" alt=\"the new product is available in the uk\" src=\"https:\/\/m.media-amazon.com\/images\/S\/aplus-media-library-service-media\/04721946-f17a-4683-8eb4-6df3751bcdda.__CR0,74,1464,453_PT0_SX970_V1___.png\">  <\/p>\n<p>                                                  <img decoding=\"async\" alt=\"hochwertiger\" src=\"https:\/\/images-na.ssl-images-amazon.com\/images\/G\/01\/x-locale\/common\/grey-pixel.gif\" class=\"a-lazy-loaded\" data-src=\"https:\/\/m.media-amazon.com\/images\/S\/aplus-media-library-service-media\/d1e011d4-2c6f-4b75-b2dd-7ebeec68e0d5.__CR0,74,1464,453_PT0_SX970_V1___.png\"><img decoding=\"async\" alt=\"hochwertiger\" src=\"https:\/\/m.media-amazon.com\/images\/S\/aplus-media-library-service-media\/d1e011d4-2c6f-4b75-b2dd-7ebeec68e0d5.__CR0,74,1464,453_PT0_SX970_V1___.png\">  <\/p>\n<p>                                                  <img decoding=\"async\" alt=\"roh rein nat\u00fcrlich\" src=\"https:\/\/images-na.ssl-images-amazon.com\/images\/G\/01\/x-locale\/common\/grey-pixel.gif\" class=\"a-lazy-loaded\" data-src=\"https:\/\/m.media-amazon.com\/images\/S\/aplus-media-library-service-media\/c4633a0a-a93e-494c-8e08-6af70d2d3838.__CR0,74,1464,453_PT0_SX970_V1___.png\"><img decoding=\"async\" alt=\"roh rein nat\u00fcrlich\" src=\"https:\/\/m.media-amazon.com\/images\/S\/aplus-media-library-service-media\/c4633a0a-a93e-494c-8e08-6af70d2d3838.__CR0,74,1464,453_PT0_SX970_V1___.png\">  <\/p>\n<p> Product Dimensions                                            \u200f                                            :                                            \u200e                                            6.1 x 6.9 x 9 cm; 225 g   <br \/> Manufacturer                                            \u200f                                            :                                            \u200e                                            Hilltop Honey   <br \/> ASIN                                            \u200f                                            :                                            \u200e                                            B07WW5YF4H   <br \/> Item model number                                            \u200f                                            :                                            \u200e                                            141012   <br \/>  Customer reviews:                                                                                            4.5               4.5 out of 5 stars                                  (1,549)                                              var dpAcrHasRegisteredArcLinkClickAction;                    P.when(&#8218;A&#8216;, &#8218;ready&#8216;).execute(function(A) {                        if (dpAcrHasRegisteredArcLinkClickAction !== true) {                            dpAcrHasRegisteredArcLinkClickAction = true;                            A.declarative(                                &#8218;acrLink-click-metrics&#8216;, &#8218;click&#8216;,                                { &#8222;allowLinkDefault&#8220;: true },                                function (event) {                                    if (window.ue) {                                        ue.count(&#8222;acrLinkClickCount&#8220;, (ue.count(&#8222;acrLinkClickCount&#8220;) || 0) + 1);                                    }                                }                            );                        }                    });                                             P.when(&#8218;A&#8216;, &#8218;cf&#8216;).execute(function(A) {                A.declarative(&#8218;acrStarsLink-click-metrics&#8216;, &#8218;click&#8216;, { &#8222;allowLinkDefault&#8220; : true },  function(event){                    if(window.ue) {                        ue.count(&#8222;acrStarsLinkWithPopoverClickCount&#8220;, (ue.count(&#8222;acrStarsLinkWithPopoverClickCount&#8220;) || 0) + 1);                    }                });            });                          <br \/>New Zealand Manuka &#8211; Hilltop Manuka Honey is pure, natural and authentic. Carefully sourced from the finest New Zealand beekeepers and independently tested twice to certify its authenticity.<br \/>Premium quality \u2013 Our favourite insects, the bees, collect the Manuka bush native to New Zealand to bring you this delicious, dark, herbal, amber Manuka honey.<br \/>Fully certified \u2013 MGO stands for methylglyoxal; this is the natural compound that gives Manuka honey its special properties. Simply put, the higher the MGO rating on the front of the glass, the greater the antibacterial strength of the honey.<br \/>MANUKA RANGE &#8211; We have the entire range of MGO from 50 to 1000+, all fully certified, and cover everything from your daily needs to the times when you need an extra boost.<br \/>Fully traceable \u2013 the well-being of bees and the extraction of the highest quality honey are of the utmost importance, so our products are fully traceable to ensure first-class quality and sourcing.<\/p>\n\n","protected":false},"excerpt":{"rendered":"<p>Product Description Product Dimensions \u200f : \u200e 6.1 x 6.9 x 9 cm; 225 g Manufacturer \u200f : \u200e Hilltop Honey ASIN \u200f : \u200e B07WW5YF4H Item model number \u200f : \u200e 141012 Customer reviews: 4.5 4.5 out of 5 stars (1,549) var dpAcrHasRegisteredArcLinkClickAction; P.when(&#8218;A&#8216;, &#8218;ready&#8216;).execute(function(A) { if (dpAcrHasRegisteredArcLinkClickAction !== true) { dpAcrHasRegisteredArcLinkClickAction = true; [&hellip;]<\/p>\n","protected":false},"featured_media":2942,"comment_status":"open","ping_status":"closed","template":"","meta":{"_aipt_faq_data":""},"store":[],"product_brand":[200],"product_cat":[47],"product_tag":[154],"class_list":{"0":"post-2941","1":"product","2":"type-product","3":"status-publish","4":"has-post-thumbnail","6":"product_brand-hilltop-honey","7":"product_cat-akazienhonig","8":"product_tag-akazienhonig-im-glas","10":"first","11":"instock","12":"shipping-taxable","13":"product-type-external"},"yoast_head":"<!-- This site is optimized with the Yoast SEO plugin v27.4 - https:\/\/yoast.com\/product\/yoast-seo-wordpress\/ -->\n<title>Hilltop Honey - Manuka MGO 50+ - New Zealand - 225g - PureHiveHoney<\/title>\n<meta name=\"description\" content=\"Entdecken Sie hochwertigen Rohhonig, Bio Honig, Manuka Honig und nat\u00fcrliche Bienenprodukte. PureHiveHoney hilft Ihnen dabei, sorgf\u00e4ltig ausgew\u00e4hlte Honigsorten mit nat\u00fcrlicher Qualit\u00e4t und Reinheit zu entdecken.\" \/>\n<meta name=\"robots\" content=\"index, follow, max-snippet:-1, max-image-preview:large, max-video-preview:-1\" \/>\n<link rel=\"canonical\" href=\"https:\/\/purehivehoney.com\/de\/product\/hilltop-honey-manuka-mgo-50-new-zealand-225g\/\" \/>\n<meta property=\"og:locale\" content=\"de_DE\" \/>\n<meta property=\"og:type\" content=\"article\" \/>\n<meta property=\"og:title\" content=\"Hilltop Honey - Manuka MGO 50+ - New Zealand - 225g - PureHiveHoney\" \/>\n<meta property=\"og:description\" content=\"Entdecken Sie hochwertigen Rohhonig, Bio Honig, Manuka Honig und nat\u00fcrliche Bienenprodukte. PureHiveHoney hilft Ihnen dabei, sorgf\u00e4ltig ausgew\u00e4hlte Honigsorten mit nat\u00fcrlicher Qualit\u00e4t und Reinheit zu entdecken.\" \/>\n<meta property=\"og:url\" content=\"https:\/\/purehivehoney.com\/de\/product\/hilltop-honey-manuka-mgo-50-new-zealand-225g\/\" \/>\n<meta property=\"og:site_name\" content=\"PureHiveHoney\" \/>\n<meta property=\"article:modified_time\" content=\"2026-04-22T18:39:34+00:00\" \/>\n<meta property=\"og:image\" content=\"https:\/\/images-na.ssl-images-amazon.com\/images\/G\/01\/x-locale\/common\/grey-pixel.gif\" \/>\n<meta name=\"twitter:card\" content=\"summary_large_image\" \/>\n<meta name=\"twitter:label1\" content=\"Gesch\u00e4tzte Lesezeit\" \/>\n\t<meta name=\"twitter:data1\" content=\"1\u00a0Minute\" \/>\n<script type=\"application\/ld+json\" class=\"yoast-schema-graph\">{\"@context\":\"https:\\\/\\\/schema.org\",\"@graph\":[{\"@type\":\"WebPage\",\"@id\":\"https:\\\/\\\/purehivehoney.com\\\/de\\\/product\\\/hilltop-honey-manuka-mgo-50-new-zealand-225g\\\/\",\"url\":\"https:\\\/\\\/purehivehoney.com\\\/de\\\/product\\\/hilltop-honey-manuka-mgo-50-new-zealand-225g\\\/\",\"name\":\"Hilltop Honey - Manuka MGO 50+ - New Zealand - 225g - PureHiveHoney\",\"isPartOf\":{\"@id\":\"https:\\\/\\\/purehivehoney.com\\\/de\\\/#website\"},\"primaryImageOfPage\":{\"@id\":\"https:\\\/\\\/purehivehoney.com\\\/de\\\/product\\\/hilltop-honey-manuka-mgo-50-new-zealand-225g\\\/#primaryimage\"},\"image\":{\"@id\":\"https:\\\/\\\/purehivehoney.com\\\/de\\\/product\\\/hilltop-honey-manuka-mgo-50-new-zealand-225g\\\/#primaryimage\"},\"thumbnailUrl\":\"https:\\\/\\\/purehivehoney.com\\\/de\\\/wp-content\\\/uploads\\\/2026\\\/04\\\/71GnUF5JM0L._SL1500_.jpg\",\"datePublished\":\"2026-04-22T18:39:20+00:00\",\"dateModified\":\"2026-04-22T18:39:34+00:00\",\"description\":\"Entdecken Sie hochwertigen Rohhonig, Bio Honig, Manuka Honig und nat\u00fcrliche Bienenprodukte. PureHiveHoney hilft Ihnen dabei, sorgf\u00e4ltig ausgew\u00e4hlte Honigsorten mit nat\u00fcrlicher Qualit\u00e4t und Reinheit zu entdecken.\",\"breadcrumb\":{\"@id\":\"https:\\\/\\\/purehivehoney.com\\\/de\\\/product\\\/hilltop-honey-manuka-mgo-50-new-zealand-225g\\\/#breadcrumb\"},\"inLanguage\":\"de\",\"potentialAction\":[{\"@type\":\"ReadAction\",\"target\":[\"https:\\\/\\\/purehivehoney.com\\\/de\\\/product\\\/hilltop-honey-manuka-mgo-50-new-zealand-225g\\\/\"]}]},{\"@type\":\"ImageObject\",\"inLanguage\":\"de\",\"@id\":\"https:\\\/\\\/purehivehoney.com\\\/de\\\/product\\\/hilltop-honey-manuka-mgo-50-new-zealand-225g\\\/#primaryimage\",\"url\":\"https:\\\/\\\/purehivehoney.com\\\/de\\\/wp-content\\\/uploads\\\/2026\\\/04\\\/71GnUF5JM0L._SL1500_.jpg\",\"contentUrl\":\"https:\\\/\\\/purehivehoney.com\\\/de\\\/wp-content\\\/uploads\\\/2026\\\/04\\\/71GnUF5JM0L._SL1500_.jpg\",\"width\":1500,\"height\":1500},{\"@type\":\"BreadcrumbList\",\"@id\":\"https:\\\/\\\/purehivehoney.com\\\/de\\\/product\\\/hilltop-honey-manuka-mgo-50-new-zealand-225g\\\/#breadcrumb\",\"itemListElement\":[{\"@type\":\"ListItem\",\"position\":1,\"name\":\"Home\",\"item\":\"https:\\\/\\\/purehivehoney.com\\\/de\\\/\"},{\"@type\":\"ListItem\",\"position\":2,\"name\":\"Shop\",\"item\":\"https:\\\/\\\/purehivehoney.com\\\/de\\\/shop\\\/\"},{\"@type\":\"ListItem\",\"position\":3,\"name\":\"Hilltop Honey &#8211; Manuka MGO 50...\"}]},{\"@type\":\"WebSite\",\"@id\":\"https:\\\/\\\/purehivehoney.com\\\/de\\\/#website\",\"url\":\"https:\\\/\\\/purehivehoney.com\\\/de\\\/\",\"name\":\"PureHiveHoney\",\"description\":\"Reiner Honig &amp; Bienenprodukte Online | Rohhonig, Bio Honig &amp; Spezialhonig\",\"publisher\":{\"@id\":\"https:\\\/\\\/purehivehoney.com\\\/de\\\/#organization\"},\"potentialAction\":[{\"@type\":\"SearchAction\",\"target\":{\"@type\":\"EntryPoint\",\"urlTemplate\":\"https:\\\/\\\/purehivehoney.com\\\/de\\\/?s={search_term_string}\"},\"query-input\":{\"@type\":\"PropertyValueSpecification\",\"valueRequired\":true,\"valueName\":\"search_term_string\"}}],\"inLanguage\":\"de\"},{\"@type\":\"Organization\",\"@id\":\"https:\\\/\\\/purehivehoney.com\\\/de\\\/#organization\",\"name\":\"PureHiveHoney\",\"url\":\"https:\\\/\\\/purehivehoney.com\\\/de\\\/\",\"logo\":{\"@type\":\"ImageObject\",\"inLanguage\":\"de\",\"@id\":\"https:\\\/\\\/purehivehoney.com\\\/de\\\/#\\\/schema\\\/logo\\\/image\\\/\",\"url\":\"https:\\\/\\\/purehivehoney.com\\\/de\\\/wp-content\\\/uploads\\\/2026\\\/03\\\/Screenshot-2026-03-16-at-1.06.01-AM.png\",\"contentUrl\":\"https:\\\/\\\/purehivehoney.com\\\/de\\\/wp-content\\\/uploads\\\/2026\\\/03\\\/Screenshot-2026-03-16-at-1.06.01-AM.png\",\"width\":2112,\"height\":1086,\"caption\":\"PureHiveHoney\"},\"image\":{\"@id\":\"https:\\\/\\\/purehivehoney.com\\\/de\\\/#\\\/schema\\\/logo\\\/image\\\/\"}}]}<\/script>\n<!-- \/ Yoast SEO plugin. -->","yoast_head_json":{"title":"Hilltop Honey - Manuka MGO 50+ - New Zealand - 225g - PureHiveHoney","description":"Entdecken Sie hochwertigen Rohhonig, Bio Honig, Manuka Honig und nat\u00fcrliche Bienenprodukte. PureHiveHoney hilft Ihnen dabei, sorgf\u00e4ltig ausgew\u00e4hlte Honigsorten mit nat\u00fcrlicher Qualit\u00e4t und Reinheit zu entdecken.","robots":{"index":"index","follow":"follow","max-snippet":"max-snippet:-1","max-image-preview":"max-image-preview:large","max-video-preview":"max-video-preview:-1"},"canonical":"https:\/\/purehivehoney.com\/de\/product\/hilltop-honey-manuka-mgo-50-new-zealand-225g\/","og_locale":"de_DE","og_type":"article","og_title":"Hilltop Honey - Manuka MGO 50+ - New Zealand - 225g - PureHiveHoney","og_description":"Entdecken Sie hochwertigen Rohhonig, Bio Honig, Manuka Honig und nat\u00fcrliche Bienenprodukte. PureHiveHoney hilft Ihnen dabei, sorgf\u00e4ltig ausgew\u00e4hlte Honigsorten mit nat\u00fcrlicher Qualit\u00e4t und Reinheit zu entdecken.","og_url":"https:\/\/purehivehoney.com\/de\/product\/hilltop-honey-manuka-mgo-50-new-zealand-225g\/","og_site_name":"PureHiveHoney","article_modified_time":"2026-04-22T18:39:34+00:00","og_image":[{"url":"https:\/\/images-na.ssl-images-amazon.com\/images\/G\/01\/x-locale\/common\/grey-pixel.gif","type":"","width":"","height":""}],"twitter_card":"summary_large_image","twitter_misc":{"Gesch\u00e4tzte Lesezeit":"1\u00a0Minute"},"schema":{"@context":"https:\/\/schema.org","@graph":[{"@type":"WebPage","@id":"https:\/\/purehivehoney.com\/de\/product\/hilltop-honey-manuka-mgo-50-new-zealand-225g\/","url":"https:\/\/purehivehoney.com\/de\/product\/hilltop-honey-manuka-mgo-50-new-zealand-225g\/","name":"Hilltop Honey - Manuka MGO 50+ - New Zealand - 225g - PureHiveHoney","isPartOf":{"@id":"https:\/\/purehivehoney.com\/de\/#website"},"primaryImageOfPage":{"@id":"https:\/\/purehivehoney.com\/de\/product\/hilltop-honey-manuka-mgo-50-new-zealand-225g\/#primaryimage"},"image":{"@id":"https:\/\/purehivehoney.com\/de\/product\/hilltop-honey-manuka-mgo-50-new-zealand-225g\/#primaryimage"},"thumbnailUrl":"https:\/\/purehivehoney.com\/de\/wp-content\/uploads\/2026\/04\/71GnUF5JM0L._SL1500_.jpg","datePublished":"2026-04-22T18:39:20+00:00","dateModified":"2026-04-22T18:39:34+00:00","description":"Entdecken Sie hochwertigen Rohhonig, Bio Honig, Manuka Honig und nat\u00fcrliche Bienenprodukte. PureHiveHoney hilft Ihnen dabei, sorgf\u00e4ltig ausgew\u00e4hlte Honigsorten mit nat\u00fcrlicher Qualit\u00e4t und Reinheit zu entdecken.","breadcrumb":{"@id":"https:\/\/purehivehoney.com\/de\/product\/hilltop-honey-manuka-mgo-50-new-zealand-225g\/#breadcrumb"},"inLanguage":"de","potentialAction":[{"@type":"ReadAction","target":["https:\/\/purehivehoney.com\/de\/product\/hilltop-honey-manuka-mgo-50-new-zealand-225g\/"]}]},{"@type":"ImageObject","inLanguage":"de","@id":"https:\/\/purehivehoney.com\/de\/product\/hilltop-honey-manuka-mgo-50-new-zealand-225g\/#primaryimage","url":"https:\/\/purehivehoney.com\/de\/wp-content\/uploads\/2026\/04\/71GnUF5JM0L._SL1500_.jpg","contentUrl":"https:\/\/purehivehoney.com\/de\/wp-content\/uploads\/2026\/04\/71GnUF5JM0L._SL1500_.jpg","width":1500,"height":1500},{"@type":"BreadcrumbList","@id":"https:\/\/purehivehoney.com\/de\/product\/hilltop-honey-manuka-mgo-50-new-zealand-225g\/#breadcrumb","itemListElement":[{"@type":"ListItem","position":1,"name":"Home","item":"https:\/\/purehivehoney.com\/de\/"},{"@type":"ListItem","position":2,"name":"Shop","item":"https:\/\/purehivehoney.com\/de\/shop\/"},{"@type":"ListItem","position":3,"name":"Hilltop Honey &#8211; Manuka MGO 50..."}]},{"@type":"WebSite","@id":"https:\/\/purehivehoney.com\/de\/#website","url":"https:\/\/purehivehoney.com\/de\/","name":"PureHiveHoney","description":"Reiner Honig &amp; Bienenprodukte Online | Rohhonig, Bio Honig &amp; Spezialhonig","publisher":{"@id":"https:\/\/purehivehoney.com\/de\/#organization"},"potentialAction":[{"@type":"SearchAction","target":{"@type":"EntryPoint","urlTemplate":"https:\/\/purehivehoney.com\/de\/?s={search_term_string}"},"query-input":{"@type":"PropertyValueSpecification","valueRequired":true,"valueName":"search_term_string"}}],"inLanguage":"de"},{"@type":"Organization","@id":"https:\/\/purehivehoney.com\/de\/#organization","name":"PureHiveHoney","url":"https:\/\/purehivehoney.com\/de\/","logo":{"@type":"ImageObject","inLanguage":"de","@id":"https:\/\/purehivehoney.com\/de\/#\/schema\/logo\/image\/","url":"https:\/\/purehivehoney.com\/de\/wp-content\/uploads\/2026\/03\/Screenshot-2026-03-16-at-1.06.01-AM.png","contentUrl":"https:\/\/purehivehoney.com\/de\/wp-content\/uploads\/2026\/03\/Screenshot-2026-03-16-at-1.06.01-AM.png","width":2112,"height":1086,"caption":"PureHiveHoney"},"image":{"@id":"https:\/\/purehivehoney.com\/de\/#\/schema\/logo\/image\/"}}]}},"_links":{"self":[{"href":"https:\/\/purehivehoney.com\/de\/wp-json\/wp\/v2\/product\/2941","targetHints":{"allow":["GET"]}}],"collection":[{"href":"https:\/\/purehivehoney.com\/de\/wp-json\/wp\/v2\/product"}],"about":[{"href":"https:\/\/purehivehoney.com\/de\/wp-json\/wp\/v2\/types\/product"}],"replies":[{"embeddable":true,"href":"https:\/\/purehivehoney.com\/de\/wp-json\/wp\/v2\/comments?post=2941"}],"wp:featuredmedia":[{"embeddable":true,"href":"https:\/\/purehivehoney.com\/de\/wp-json\/wp\/v2\/media\/2942"}],"wp:attachment":[{"href":"https:\/\/purehivehoney.com\/de\/wp-json\/wp\/v2\/media?parent=2941"}],"wp:term":[{"taxonomy":"store","embeddable":true,"href":"https:\/\/purehivehoney.com\/de\/wp-json\/wp\/v2\/store?post=2941"},{"taxonomy":"product_brand","embeddable":true,"href":"https:\/\/purehivehoney.com\/de\/wp-json\/wp\/v2\/product_brand?post=2941"},{"taxonomy":"product_cat","embeddable":true,"href":"https:\/\/purehivehoney.com\/de\/wp-json\/wp\/v2\/product_cat?post=2941"},{"taxonomy":"product_tag","embeddable":true,"href":"https:\/\/purehivehoney.com\/de\/wp-json\/wp\/v2\/product_tag?post=2941"}],"curies":[{"name":"wp","href":"https:\/\/api.w.org\/{rel}","templated":true}]}}