{"id":2916,"date":"2026-04-22T14:19:55","date_gmt":"2026-04-22T14:19:55","guid":{"rendered":"https:\/\/purehivehoney.com\/de\/product\/3-x-300g-honeycomb-wildflower-in-wooden-frame-pure-natural-honey-comb-not-pasteurised-100-direct-from-beehives\/"},"modified":"2026-04-22T14:20:15","modified_gmt":"2026-04-22T14:20:15","slug":"3-x-300g-honeycomb-wildflower-in-wooden-frame-pure-natural-honey-comb-not-pasteurised-100-direct-from-beehives","status":"publish","type":"product","link":"https:\/\/purehivehoney.com\/de\/product\/3-x-300g-honeycomb-wildflower-in-wooden-frame-pure-natural-honey-comb-not-pasteurised-100-direct-from-beehives\/","title":{"rendered":"3 x 300g Honeycomb Wildflower in Wo..."},"content":{"rendered":"<p>                                             Product Description   <\/p>\n<p>                                                  <img decoding=\"async\" alt=\"Wabe auf einem Holztablett mit einem Blatt\" src=\"https:\/\/images-na.ssl-images-amazon.com\/images\/G\/01\/x-locale\/common\/grey-pixel.gif\" class=\"a-lazy-loaded\" data-src=\"https:\/\/m.media-amazon.com\/images\/S\/aplus-media-library-service-media\/32352ff1-3a8f-4ba7-83ad-f1a3832b1486.__CR208,0,798,798_PT0_SX300_V1___.jpg\"><img decoding=\"async\" alt=\"Wabe auf einem Holztablett mit einem Blatt\" src=\"https:\/\/m.media-amazon.com\/images\/S\/aplus-media-library-service-media\/32352ff1-3a8f-4ba7-83ad-f1a3832b1486.__CR208,0,798,798_PT0_SX300_V1___.jpg\">  <\/p>\n<h3 class=\"a-spacing-mini\"> Reine Wabenstruktur im Holzrahmen.  <\/h3>\n<p> Unser Honig kommt in seinem reinsten Zustand, genau wie die Bienen ihn verlassen. Es wurde nicht belastet, erhitzt oder in irgendeiner Weise manipuliert. Jede Honigmenge beh\u00e4lt die blumigen Essenzen der Pflanzen, aus denen sie hergestellt wurden, aber der Geschmack des Wachskamms unterscheidet sich auch nachdem, was die Bienen fressen und f\u00fcgt dem Geschmack einen Reichtum hinzu, der extrahierte Honig nicht hat. <\/p>\n<p> Weil der Honig noch im Kamm ist und nicht von Menschen ber\u00fchrt wurde, enth\u00e4lt er jedes St\u00fcck Pollen, Enzyme, Propolis, Vitamine, Aminos\u00e4uren, Antioxidantien, Mineralien und Aromen, die die Bienen im Bienenstock produzieren. Es gibt keine Filterung, Verarbeitung oder Neuanordnung des Rohproduktes durch menschliche H\u00e4nde. <\/p>\n<p> Die Wabe ist 100% nat\u00fcrlich und es ist normal, dass nat\u00fcrlicher Honig kristallisiert. Das ist ein Beweis f\u00fcr Honig von guter Qualit\u00e4t. <\/p>\n<h3 class=\"a-size-extra-large aplus-13-heading-text a-text-bold\"> Fresh Honeycomb Directlty From Hives &#8211; Saison September 2022 <\/h3>\n<p class=\"description\"> Unsere Waben sind 100% nat\u00fcrlich und es ist normal, dass nat\u00fcrlicher Honig kristallisiert. Das ist ein Beweis f\u00fcr Honig von guter Qualit\u00e4t. <\/p>\n<p class=\"description\"> 2022 geerntete Honigwabe, gesammelt von Bienenst\u00f6cken, die auf Wildblumenwiesen platziert werden. Er ist frisch f\u00fcr jede Bestellung. Dieser Honig ist polyfloral, da er aus verschiedenen Nektarquellen stammt, daher kann er viele Qualit\u00e4ten der spezifischen Pflanzen aufnehmen, aus denen er stammt. Wildblumen-Honig zeichnet sich durch seinen hohen N\u00e4hrwert aus. Reich an Antioxidantien und Mineralien, enth\u00e4lt es gro\u00dfe Mengen an Kalium, Magnesium, Phosphor, Eisen und Natrium. Die in diesem Honig enthaltenen Enzyme unterst\u00fctzen den Stoffwechsel und die lebenswichtigen K\u00f6rperfunktionen. Es ist auch sehr vorteilhaft f\u00fcr das Verdauungssystem. Echter roher Honig 100% nat\u00fcrlicher Honig &#8211; nichts hinzugef\u00fcgt und nichts weggenommen! Im Gegensatz zu den meisten handels\u00fcblichen Honig vermeidet unser Prozess eine Feinfilterung, um sicherzustellen, dass die gesamte G\u00fcte, einschlie\u00dflich der Pollen, \u00fcbrig bleibt. <\/p>\n<h3 class=\"a-spacing-small\"> Frisches und nat\u00fcrliches Produkt von Meden Farm UK. <\/h3>\n<p class=\"apm-text-center\">\n                                                      <img decoding=\"async\" alt=\"eine Holzkiste voller Honig\" src=\"https:\/\/images-na.ssl-images-amazon.com\/images\/G\/01\/x-locale\/common\/grey-pixel.gif\" class=\"a-lazy-loaded\" data-src=\"https:\/\/m.media-amazon.com\/images\/S\/aplus-media-library-service-media\/0550dd9b-0567-4dcb-9fd7-fb15b56321ba.__CR315,0,1333,1333_PT0_SX220_V1___.jpg\"><img decoding=\"async\" alt=\"eine Holzkiste voller Honig\" src=\"https:\/\/m.media-amazon.com\/images\/S\/aplus-media-library-service-media\/0550dd9b-0567-4dcb-9fd7-fb15b56321ba.__CR315,0,1333,1333_PT0_SX220_V1___.jpg\">  <\/p>\n<p>                                                    Frische Honigwaben von Hives                                     <\/p>\n<p class=\"a-size-small\"> Die Wabenstruktur wird aus den Bienen im Bienenstock hergestellt, um ihren Honig und Pollen aufzubewahren. Aus Bienenwachs. Dies ist Honig in der rausten und reinsten Form direkt aus den Bienenstock und in seiner urspr\u00fcnglichen und organischen Form unber\u00fchrt. <\/p>\n<p class=\"apm-text-center\">\n                                                      <img decoding=\"async\" alt=\"Honig im Glas und Honigwaben\" src=\"https:\/\/images-na.ssl-images-amazon.com\/images\/G\/01\/x-locale\/common\/grey-pixel.gif\" class=\"a-lazy-loaded\" data-src=\"https:\/\/m.media-amazon.com\/images\/S\/aplus-media-library-service-media\/7a618cff-fe26-4570-a6be-41328f12c6f2.__CR354,121,1212,1212_PT0_SX220_V1___.jpg\"><img decoding=\"async\" alt=\"Honig im Glas und Honigwaben\" src=\"https:\/\/m.media-amazon.com\/images\/S\/aplus-media-library-service-media\/7a618cff-fe26-4570-a6be-41328f12c6f2.__CR354,121,1212,1212_PT0_SX220_V1___.jpg\">  <\/p>\n<p>                                                    Hergestellt in sauberen Bergen.                                     <\/p>\n<p class=\"a-size-small\"> Rohwaben aus Wildblumen, hergestellt von unseren Bienen in sauberen Berggebieten, in denen sich unsere Imker befinden. Wir erhitzen oder gehen den Honig nicht, er ist 100% roher Honig. Echte Wabe enth\u00e4lt die reinste Form von Honig &#8211; genie\u00dfen Sie mit nat\u00fcrlichem Joghurt und frischem Obst. <\/p>\n<p class=\"apm-text-center\">\n                                                      <img decoding=\"async\" alt=\"ein Bild von einem Teller mit Honig.\" src=\"https:\/\/images-na.ssl-images-amazon.com\/images\/G\/01\/x-locale\/common\/grey-pixel.gif\" class=\"a-lazy-loaded\" data-src=\"https:\/\/m.media-amazon.com\/images\/S\/aplus-media-library-service-media\/7a6f5e9d-3b4c-44c6-b5f8-03d8891a9b25.__CR321,0,1333,1333_PT0_SX220_V1___.jpg\"><img decoding=\"async\" alt=\"ein Bild von einem Teller mit Honig.\" src=\"https:\/\/m.media-amazon.com\/images\/S\/aplus-media-library-service-media\/7a6f5e9d-3b4c-44c6-b5f8-03d8891a9b25.__CR321,0,1333,1333_PT0_SX220_V1___.jpg\">  <\/p>\n<p>                                                    Echtes Naturprodukt f\u00fcr die Gesundheit.                                     <\/p>\n<p class=\"a-size-small\"> Echte Waben werden oft gesagt, dass sie eine F\u00fclle von gesundheitlichen Vorteilen haben. F\u00fcgen Sie in Ihre Ern\u00e4hrung als Zuckerersatz mit Fr\u00fcchte- und Kr\u00e4utertees ein. Wabenstruktur kann helfen, die Verdauungsfunktionen zu verbessern und sogar das Energieniveau zu steigern. Genie\u00dfen Sie im Rahmen einer ausgewogenen Ern\u00e4hrung. <\/p>\n<p class=\"apm-text-center\">\n                                                      <img decoding=\"async\" alt=\"ein Teller Honigkuchen mit einer Tasse Tee und einem Teller Honig.\" src=\"https:\/\/images-na.ssl-images-amazon.com\/images\/G\/01\/x-locale\/common\/grey-pixel.gif\" class=\"a-lazy-loaded\" data-src=\"https:\/\/m.media-amazon.com\/images\/S\/aplus-media-library-service-media\/e652d6f9-7b5f-4e7f-a3ff-240738a71735.__CR175,0,1333,1333_PT0_SX220_V1___.jpg\"><img decoding=\"async\" alt=\"ein Teller Honigkuchen mit einer Tasse Tee und einem Teller Honig.\" src=\"https:\/\/m.media-amazon.com\/images\/S\/aplus-media-library-service-media\/e652d6f9-7b5f-4e7f-a3ff-240738a71735.__CR175,0,1333,1333_PT0_SX220_V1___.jpg\">  <\/p>\n<p>                                                    Nat\u00fcrlicher S\u00fc\u00dfstoff f\u00fcr ein gesundes Leben.                                     <\/p>\n<p class=\"a-size-small\"> Die Wabenstruktur ist extrem nahrhaft und vollgepackt mit Vitaminen, Enzymen, Pollen und Antioxidantien, die das gesamte Immunsystem enormen Schub verleihen. Es ist ein perfektes Familiengeschenk oder ein Geschenk f\u00fcr geliebte Menschen. <\/p>\n<h3 class=\"a-spacing-mini\"> Unsere Waben sind 100% nat\u00fcrlich und es ist normal, dass nat\u00fcrlicher Honig kristallisiert. Das ist der Beweis f\u00fcr Honig von guter Qualit\u00e4t. <\/h3>\n<p>                                          <img decoding=\"async\" alt=\"Honig in einem Glas und einer Wabe\" src=\"https:\/\/images-na.ssl-images-amazon.com\/images\/G\/01\/x-locale\/common\/grey-pixel.gif\" class=\"a-spacing-base a-lazy-loaded\" data-src=\"https:\/\/m.media-amazon.com\/images\/S\/aplus-media-library-service-media\/0fd0ac3e-886b-4f74-ba2b-a954b3681c01.__CR0,58,1200,742_PT0_SX970_V1___.jpg\"><img decoding=\"async\" alt=\"Honig in einem Glas und einer Wabe\" src=\"https:\/\/m.media-amazon.com\/images\/S\/aplus-media-library-service-media\/0fd0ac3e-886b-4f74-ba2b-a954b3681c01.__CR0,58,1200,742_PT0_SX970_V1___.jpg\">                                                                    <\/p>\n<p> Item Weight                                            \u200f                                            :                                            \u200e                                            1.2 kg   <br \/> Manufacturer                                            \u200f                                            :                                            \u200e                                            Meden   <br \/> ASIN                                            \u200f                                            :                                            \u200e                                            B0BJRK19Y8   <br \/>  Customer reviews:                                                                                            3.5               3.5 out of 5 stars                                  (6)                                              var dpAcrHasRegisteredArcLinkClickAction;                    P.when(&#8218;A&#8216;, &#8218;ready&#8216;).execute(function(A) {                        if (dpAcrHasRegisteredArcLinkClickAction !== true) {                            dpAcrHasRegisteredArcLinkClickAction = true;                            A.declarative(                                &#8218;acrLink-click-metrics&#8216;, &#8218;click&#8216;,                                { &#8222;allowLinkDefault&#8220;: true },                                function (event) {                                    if (window.ue) {                                        ue.count(&#8222;acrLinkClickCount&#8220;, (ue.count(&#8222;acrLinkClickCount&#8220;) || 0) + 1);                                    }                                }                            );                        }                    });                                             P.when(&#8218;A&#8216;, &#8218;cf&#8216;).execute(function(A) {                A.declarative(&#8218;acrStarsLink-click-metrics&#8216;, &#8218;click&#8216;, { &#8222;allowLinkDefault&#8220; : true },  function(event){                    if(window.ue) {                        ue.count(&#8222;acrStarsLinkWithPopoverClickCount&#8220;, (ue.count(&#8222;acrStarsLinkWithPopoverClickCount&#8220;) || 0) + 1);                    }                });            });                          <br \/>100% Raw Honey by WildFlowers Raw Honey Unprocessed Limited Quantity &#8211; Wooden Frame<br \/>Honeycomb is made of flower honey. It is very light in color with a delicate orange flavor, yet sturdy in texture<br \/>Raw honeycomb made from wild flowers, produced by our bees in clean mountain areas where our beekeeping plants are located. We do not heat or process the honey, it is 100% raw honey.<br \/>100% Pure Raw Non-Pasteurized Honeycomb<br \/>Unheated Unprocessed Unfiltered Raw Honeycomb 3 x 300g Multipack<br \/>Harvest time: September 2023<\/p>\n\n","protected":false},"excerpt":{"rendered":"<p>Product Description Reine Wabenstruktur im Holzrahmen. Unser Honig kommt in seinem reinsten Zustand, genau wie die Bienen ihn verlassen. Es wurde nicht belastet, erhitzt oder in irgendeiner Weise manipuliert. Jede Honigmenge beh\u00e4lt die blumigen Essenzen der Pflanzen, aus denen sie hergestellt wurden, aber der Geschmack des Wachskamms unterscheidet sich auch nachdem, was die Bienen fressen [&hellip;]<\/p>\n","protected":false},"featured_media":2917,"comment_status":"open","ping_status":"closed","template":"","meta":{"_aipt_faq_data":""},"store":[],"product_brand":[88],"product_cat":[54],"product_tag":[339],"class_list":{"0":"post-2916","1":"product","2":"type-product","3":"status-publish","4":"has-post-thumbnail","6":"product_brand-meden","7":"product_cat-krauterhonig","8":"product_tag-handgemachter-kraeuterhonig-direkt-vom-imker","10":"first","11":"instock","12":"shipping-taxable","13":"product-type-external"},"yoast_head":"<!-- This site is optimized with the Yoast SEO plugin v27.4 - https:\/\/yoast.com\/product\/yoast-seo-wordpress\/ -->\n<title>3 x 300g Honeycomb Wildflower in Wooden Frame - Pure Natural Honey Comb - Not Pasteurised, 100% Direct from Beehives - PureHiveHoney<\/title>\n<meta name=\"description\" content=\"Entdecken Sie hochwertigen Rohhonig, Bio Honig, Manuka Honig und nat\u00fcrliche Bienenprodukte. PureHiveHoney hilft Ihnen dabei, sorgf\u00e4ltig ausgew\u00e4hlte Honigsorten mit nat\u00fcrlicher Qualit\u00e4t und Reinheit zu entdecken.\" \/>\n<meta name=\"robots\" content=\"index, follow, max-snippet:-1, max-image-preview:large, max-video-preview:-1\" \/>\n<link rel=\"canonical\" href=\"https:\/\/purehivehoney.com\/de\/product\/3-x-300g-honeycomb-wildflower-in-wooden-frame-pure-natural-honey-comb-not-pasteurised-100-direct-from-beehives\/\" \/>\n<meta property=\"og:locale\" content=\"de_DE\" \/>\n<meta property=\"og:type\" content=\"article\" \/>\n<meta property=\"og:title\" content=\"3 x 300g Honeycomb Wildflower in Wooden Frame - Pure Natural Honey Comb - Not Pasteurised, 100% Direct from Beehives - PureHiveHoney\" \/>\n<meta property=\"og:description\" content=\"Entdecken Sie hochwertigen Rohhonig, Bio Honig, Manuka Honig und nat\u00fcrliche Bienenprodukte. PureHiveHoney hilft Ihnen dabei, sorgf\u00e4ltig ausgew\u00e4hlte Honigsorten mit nat\u00fcrlicher Qualit\u00e4t und Reinheit zu entdecken.\" \/>\n<meta property=\"og:url\" content=\"https:\/\/purehivehoney.com\/de\/product\/3-x-300g-honeycomb-wildflower-in-wooden-frame-pure-natural-honey-comb-not-pasteurised-100-direct-from-beehives\/\" \/>\n<meta property=\"og:site_name\" content=\"PureHiveHoney\" \/>\n<meta property=\"article:modified_time\" content=\"2026-04-22T14:20:15+00:00\" \/>\n<meta property=\"og:image\" content=\"https:\/\/images-na.ssl-images-amazon.com\/images\/G\/01\/x-locale\/common\/grey-pixel.gif\" \/>\n<meta name=\"twitter:card\" content=\"summary_large_image\" \/>\n<meta name=\"twitter:label1\" content=\"Gesch\u00e4tzte Lesezeit\" \/>\n\t<meta name=\"twitter:data1\" content=\"3\u00a0Minuten\" \/>\n<script type=\"application\/ld+json\" class=\"yoast-schema-graph\">{\"@context\":\"https:\\\/\\\/schema.org\",\"@graph\":[{\"@type\":\"WebPage\",\"@id\":\"https:\\\/\\\/purehivehoney.com\\\/de\\\/product\\\/3-x-300g-honeycomb-wildflower-in-wooden-frame-pure-natural-honey-comb-not-pasteurised-100-direct-from-beehives\\\/\",\"url\":\"https:\\\/\\\/purehivehoney.com\\\/de\\\/product\\\/3-x-300g-honeycomb-wildflower-in-wooden-frame-pure-natural-honey-comb-not-pasteurised-100-direct-from-beehives\\\/\",\"name\":\"3 x 300g Honeycomb Wildflower in Wooden Frame - Pure Natural Honey Comb - Not Pasteurised, 100% Direct from Beehives - PureHiveHoney\",\"isPartOf\":{\"@id\":\"https:\\\/\\\/purehivehoney.com\\\/de\\\/#website\"},\"primaryImageOfPage\":{\"@id\":\"https:\\\/\\\/purehivehoney.com\\\/de\\\/product\\\/3-x-300g-honeycomb-wildflower-in-wooden-frame-pure-natural-honey-comb-not-pasteurised-100-direct-from-beehives\\\/#primaryimage\"},\"image\":{\"@id\":\"https:\\\/\\\/purehivehoney.com\\\/de\\\/product\\\/3-x-300g-honeycomb-wildflower-in-wooden-frame-pure-natural-honey-comb-not-pasteurised-100-direct-from-beehives\\\/#primaryimage\"},\"thumbnailUrl\":\"https:\\\/\\\/purehivehoney.com\\\/de\\\/wp-content\\\/uploads\\\/2026\\\/04\\\/81UWxMQyTtL._SL1500_.jpg\",\"datePublished\":\"2026-04-22T14:19:55+00:00\",\"dateModified\":\"2026-04-22T14:20:15+00:00\",\"description\":\"Entdecken Sie hochwertigen Rohhonig, Bio Honig, Manuka Honig und nat\u00fcrliche Bienenprodukte. PureHiveHoney hilft Ihnen dabei, sorgf\u00e4ltig ausgew\u00e4hlte Honigsorten mit nat\u00fcrlicher Qualit\u00e4t und Reinheit zu entdecken.\",\"breadcrumb\":{\"@id\":\"https:\\\/\\\/purehivehoney.com\\\/de\\\/product\\\/3-x-300g-honeycomb-wildflower-in-wooden-frame-pure-natural-honey-comb-not-pasteurised-100-direct-from-beehives\\\/#breadcrumb\"},\"inLanguage\":\"de\",\"potentialAction\":[{\"@type\":\"ReadAction\",\"target\":[\"https:\\\/\\\/purehivehoney.com\\\/de\\\/product\\\/3-x-300g-honeycomb-wildflower-in-wooden-frame-pure-natural-honey-comb-not-pasteurised-100-direct-from-beehives\\\/\"]}]},{\"@type\":\"ImageObject\",\"inLanguage\":\"de\",\"@id\":\"https:\\\/\\\/purehivehoney.com\\\/de\\\/product\\\/3-x-300g-honeycomb-wildflower-in-wooden-frame-pure-natural-honey-comb-not-pasteurised-100-direct-from-beehives\\\/#primaryimage\",\"url\":\"https:\\\/\\\/purehivehoney.com\\\/de\\\/wp-content\\\/uploads\\\/2026\\\/04\\\/81UWxMQyTtL._SL1500_.jpg\",\"contentUrl\":\"https:\\\/\\\/purehivehoney.com\\\/de\\\/wp-content\\\/uploads\\\/2026\\\/04\\\/81UWxMQyTtL._SL1500_.jpg\",\"width\":1500,\"height\":1500},{\"@type\":\"BreadcrumbList\",\"@id\":\"https:\\\/\\\/purehivehoney.com\\\/de\\\/product\\\/3-x-300g-honeycomb-wildflower-in-wooden-frame-pure-natural-honey-comb-not-pasteurised-100-direct-from-beehives\\\/#breadcrumb\",\"itemListElement\":[{\"@type\":\"ListItem\",\"position\":1,\"name\":\"Home\",\"item\":\"https:\\\/\\\/purehivehoney.com\\\/de\\\/\"},{\"@type\":\"ListItem\",\"position\":2,\"name\":\"Shop\",\"item\":\"https:\\\/\\\/purehivehoney.com\\\/de\\\/shop\\\/\"},{\"@type\":\"ListItem\",\"position\":3,\"name\":\"3 x 300g Honeycomb Wildflower in Wo...\"}]},{\"@type\":\"WebSite\",\"@id\":\"https:\\\/\\\/purehivehoney.com\\\/de\\\/#website\",\"url\":\"https:\\\/\\\/purehivehoney.com\\\/de\\\/\",\"name\":\"PureHiveHoney\",\"description\":\"Reiner Honig &amp; Bienenprodukte Online | Rohhonig, Bio Honig &amp; Spezialhonig\",\"publisher\":{\"@id\":\"https:\\\/\\\/purehivehoney.com\\\/de\\\/#organization\"},\"potentialAction\":[{\"@type\":\"SearchAction\",\"target\":{\"@type\":\"EntryPoint\",\"urlTemplate\":\"https:\\\/\\\/purehivehoney.com\\\/de\\\/?s={search_term_string}\"},\"query-input\":{\"@type\":\"PropertyValueSpecification\",\"valueRequired\":true,\"valueName\":\"search_term_string\"}}],\"inLanguage\":\"de\"},{\"@type\":\"Organization\",\"@id\":\"https:\\\/\\\/purehivehoney.com\\\/de\\\/#organization\",\"name\":\"PureHiveHoney\",\"url\":\"https:\\\/\\\/purehivehoney.com\\\/de\\\/\",\"logo\":{\"@type\":\"ImageObject\",\"inLanguage\":\"de\",\"@id\":\"https:\\\/\\\/purehivehoney.com\\\/de\\\/#\\\/schema\\\/logo\\\/image\\\/\",\"url\":\"https:\\\/\\\/purehivehoney.com\\\/de\\\/wp-content\\\/uploads\\\/2026\\\/03\\\/Screenshot-2026-03-16-at-1.06.01-AM.png\",\"contentUrl\":\"https:\\\/\\\/purehivehoney.com\\\/de\\\/wp-content\\\/uploads\\\/2026\\\/03\\\/Screenshot-2026-03-16-at-1.06.01-AM.png\",\"width\":2112,\"height\":1086,\"caption\":\"PureHiveHoney\"},\"image\":{\"@id\":\"https:\\\/\\\/purehivehoney.com\\\/de\\\/#\\\/schema\\\/logo\\\/image\\\/\"}}]}<\/script>\n<!-- \/ Yoast SEO plugin. -->","yoast_head_json":{"title":"3 x 300g Honeycomb Wildflower in Wooden Frame - Pure Natural Honey Comb - Not Pasteurised, 100% Direct from Beehives - PureHiveHoney","description":"Entdecken Sie hochwertigen Rohhonig, Bio Honig, Manuka Honig und nat\u00fcrliche Bienenprodukte. PureHiveHoney hilft Ihnen dabei, sorgf\u00e4ltig ausgew\u00e4hlte Honigsorten mit nat\u00fcrlicher Qualit\u00e4t und Reinheit zu entdecken.","robots":{"index":"index","follow":"follow","max-snippet":"max-snippet:-1","max-image-preview":"max-image-preview:large","max-video-preview":"max-video-preview:-1"},"canonical":"https:\/\/purehivehoney.com\/de\/product\/3-x-300g-honeycomb-wildflower-in-wooden-frame-pure-natural-honey-comb-not-pasteurised-100-direct-from-beehives\/","og_locale":"de_DE","og_type":"article","og_title":"3 x 300g Honeycomb Wildflower in Wooden Frame - Pure Natural Honey Comb - Not Pasteurised, 100% Direct from Beehives - PureHiveHoney","og_description":"Entdecken Sie hochwertigen Rohhonig, Bio Honig, Manuka Honig und nat\u00fcrliche Bienenprodukte. PureHiveHoney hilft Ihnen dabei, sorgf\u00e4ltig ausgew\u00e4hlte Honigsorten mit nat\u00fcrlicher Qualit\u00e4t und Reinheit zu entdecken.","og_url":"https:\/\/purehivehoney.com\/de\/product\/3-x-300g-honeycomb-wildflower-in-wooden-frame-pure-natural-honey-comb-not-pasteurised-100-direct-from-beehives\/","og_site_name":"PureHiveHoney","article_modified_time":"2026-04-22T14:20:15+00:00","og_image":[{"url":"https:\/\/images-na.ssl-images-amazon.com\/images\/G\/01\/x-locale\/common\/grey-pixel.gif","type":"","width":"","height":""}],"twitter_card":"summary_large_image","twitter_misc":{"Gesch\u00e4tzte Lesezeit":"3\u00a0Minuten"},"schema":{"@context":"https:\/\/schema.org","@graph":[{"@type":"WebPage","@id":"https:\/\/purehivehoney.com\/de\/product\/3-x-300g-honeycomb-wildflower-in-wooden-frame-pure-natural-honey-comb-not-pasteurised-100-direct-from-beehives\/","url":"https:\/\/purehivehoney.com\/de\/product\/3-x-300g-honeycomb-wildflower-in-wooden-frame-pure-natural-honey-comb-not-pasteurised-100-direct-from-beehives\/","name":"3 x 300g Honeycomb Wildflower in Wooden Frame - Pure Natural Honey Comb - Not Pasteurised, 100% Direct from Beehives - PureHiveHoney","isPartOf":{"@id":"https:\/\/purehivehoney.com\/de\/#website"},"primaryImageOfPage":{"@id":"https:\/\/purehivehoney.com\/de\/product\/3-x-300g-honeycomb-wildflower-in-wooden-frame-pure-natural-honey-comb-not-pasteurised-100-direct-from-beehives\/#primaryimage"},"image":{"@id":"https:\/\/purehivehoney.com\/de\/product\/3-x-300g-honeycomb-wildflower-in-wooden-frame-pure-natural-honey-comb-not-pasteurised-100-direct-from-beehives\/#primaryimage"},"thumbnailUrl":"https:\/\/purehivehoney.com\/de\/wp-content\/uploads\/2026\/04\/81UWxMQyTtL._SL1500_.jpg","datePublished":"2026-04-22T14:19:55+00:00","dateModified":"2026-04-22T14:20:15+00:00","description":"Entdecken Sie hochwertigen Rohhonig, Bio Honig, Manuka Honig und nat\u00fcrliche Bienenprodukte. PureHiveHoney hilft Ihnen dabei, sorgf\u00e4ltig ausgew\u00e4hlte Honigsorten mit nat\u00fcrlicher Qualit\u00e4t und Reinheit zu entdecken.","breadcrumb":{"@id":"https:\/\/purehivehoney.com\/de\/product\/3-x-300g-honeycomb-wildflower-in-wooden-frame-pure-natural-honey-comb-not-pasteurised-100-direct-from-beehives\/#breadcrumb"},"inLanguage":"de","potentialAction":[{"@type":"ReadAction","target":["https:\/\/purehivehoney.com\/de\/product\/3-x-300g-honeycomb-wildflower-in-wooden-frame-pure-natural-honey-comb-not-pasteurised-100-direct-from-beehives\/"]}]},{"@type":"ImageObject","inLanguage":"de","@id":"https:\/\/purehivehoney.com\/de\/product\/3-x-300g-honeycomb-wildflower-in-wooden-frame-pure-natural-honey-comb-not-pasteurised-100-direct-from-beehives\/#primaryimage","url":"https:\/\/purehivehoney.com\/de\/wp-content\/uploads\/2026\/04\/81UWxMQyTtL._SL1500_.jpg","contentUrl":"https:\/\/purehivehoney.com\/de\/wp-content\/uploads\/2026\/04\/81UWxMQyTtL._SL1500_.jpg","width":1500,"height":1500},{"@type":"BreadcrumbList","@id":"https:\/\/purehivehoney.com\/de\/product\/3-x-300g-honeycomb-wildflower-in-wooden-frame-pure-natural-honey-comb-not-pasteurised-100-direct-from-beehives\/#breadcrumb","itemListElement":[{"@type":"ListItem","position":1,"name":"Home","item":"https:\/\/purehivehoney.com\/de\/"},{"@type":"ListItem","position":2,"name":"Shop","item":"https:\/\/purehivehoney.com\/de\/shop\/"},{"@type":"ListItem","position":3,"name":"3 x 300g Honeycomb Wildflower in Wo..."}]},{"@type":"WebSite","@id":"https:\/\/purehivehoney.com\/de\/#website","url":"https:\/\/purehivehoney.com\/de\/","name":"PureHiveHoney","description":"Reiner Honig &amp; Bienenprodukte Online | Rohhonig, Bio Honig &amp; Spezialhonig","publisher":{"@id":"https:\/\/purehivehoney.com\/de\/#organization"},"potentialAction":[{"@type":"SearchAction","target":{"@type":"EntryPoint","urlTemplate":"https:\/\/purehivehoney.com\/de\/?s={search_term_string}"},"query-input":{"@type":"PropertyValueSpecification","valueRequired":true,"valueName":"search_term_string"}}],"inLanguage":"de"},{"@type":"Organization","@id":"https:\/\/purehivehoney.com\/de\/#organization","name":"PureHiveHoney","url":"https:\/\/purehivehoney.com\/de\/","logo":{"@type":"ImageObject","inLanguage":"de","@id":"https:\/\/purehivehoney.com\/de\/#\/schema\/logo\/image\/","url":"https:\/\/purehivehoney.com\/de\/wp-content\/uploads\/2026\/03\/Screenshot-2026-03-16-at-1.06.01-AM.png","contentUrl":"https:\/\/purehivehoney.com\/de\/wp-content\/uploads\/2026\/03\/Screenshot-2026-03-16-at-1.06.01-AM.png","width":2112,"height":1086,"caption":"PureHiveHoney"},"image":{"@id":"https:\/\/purehivehoney.com\/de\/#\/schema\/logo\/image\/"}}]}},"_links":{"self":[{"href":"https:\/\/purehivehoney.com\/de\/wp-json\/wp\/v2\/product\/2916","targetHints":{"allow":["GET"]}}],"collection":[{"href":"https:\/\/purehivehoney.com\/de\/wp-json\/wp\/v2\/product"}],"about":[{"href":"https:\/\/purehivehoney.com\/de\/wp-json\/wp\/v2\/types\/product"}],"replies":[{"embeddable":true,"href":"https:\/\/purehivehoney.com\/de\/wp-json\/wp\/v2\/comments?post=2916"}],"wp:featuredmedia":[{"embeddable":true,"href":"https:\/\/purehivehoney.com\/de\/wp-json\/wp\/v2\/media\/2917"}],"wp:attachment":[{"href":"https:\/\/purehivehoney.com\/de\/wp-json\/wp\/v2\/media?parent=2916"}],"wp:term":[{"taxonomy":"store","embeddable":true,"href":"https:\/\/purehivehoney.com\/de\/wp-json\/wp\/v2\/store?post=2916"},{"taxonomy":"product_brand","embeddable":true,"href":"https:\/\/purehivehoney.com\/de\/wp-json\/wp\/v2\/product_brand?post=2916"},{"taxonomy":"product_cat","embeddable":true,"href":"https:\/\/purehivehoney.com\/de\/wp-json\/wp\/v2\/product_cat?post=2916"},{"taxonomy":"product_tag","embeddable":true,"href":"https:\/\/purehivehoney.com\/de\/wp-json\/wp\/v2\/product_tag?post=2916"}],"curies":[{"name":"wp","href":"https:\/\/api.w.org\/{rel}","templated":true}]}}