{"id":290,"date":"2026-03-15T20:30:09","date_gmt":"2026-03-15T20:30:09","guid":{"rendered":"https:\/\/purehivehoney.com\/de\/product\/2-x-400g-honeycomb-wildflower-wooden-frame-pure-raw-natural-honey-comb-not-pasteurised\/"},"modified":"2026-03-15T23:36:13","modified_gmt":"2026-03-15T23:36:13","slug":"2-x-400g-honeycomb-wildflower-wooden-frame-pure-raw-natural-honey-comb-not-pasteurised","status":"publish","type":"product","link":"https:\/\/purehivehoney.com\/de\/product\/2-x-400g-honeycomb-wildflower-wooden-frame-pure-raw-natural-honey-comb-not-pasteurised\/","title":{"rendered":"2 x 400g Honeycomb Wildflower Woode..."},"content":{"rendered":"<p>    <span>Size:800g <\/span><span>Harvest Time: September 2022 <\/span><br \/><span>Number of units: 2 x 400g <\/span><br \/><span>Produced to high ecological standards, unprocessed, 100% pure and natural, free from antibiotics and pesticides. Honeycomb is a natural source of intact enzymes, trace elements and vitamins. Honeycombs have bactericidal, antifungal, wound healing and immunostimulating properties. <\/span><br \/><span>Honeycomb is an excellent remedy for the prevention of respiratory diseases. Honeycombs also have anti-allergic effect. In addition, the wax that makes up the honeycomb acts in the stomach and intestines as a natural adsorbent that binds toxic substances and promotes their removal from the body. <\/span><br \/><span>Honey in combs is better stored and does not crystallize all year round. By purchasing a honeycomb on a frame, you are buying pristine honey that the bees have prepared especially for you. <\/span><br \/><span>Storage: Store at room temperature and it will hold, no expiration date. Honeycomb is safe for freezing.<\/span><br \/> Item Weight                                            \u200f                                            :                                            \u200e                                            800 g   <br \/> Manufacturer                                            \u200f                                            :                                            \u200e                                            Meden   <br \/> ASIN                                            \u200f                                            :                                            \u200e                                            B0BJSS2R9X   <br \/>  Customer reviews:                                                                                            4.4               4.4 out of 5 stars                                  (4)                                              var dpAcrHasRegisteredArcLinkClickAction;                    P.when(&#8218;A&#8216;, &#8218;ready&#8216;).execute(function(A) {                        if (dpAcrHasRegisteredArcLinkClickAction !== true) {                            dpAcrHasRegisteredArcLinkClickAction = true;                            A.declarative(                                &#8218;acrLink-click-metrics&#8216;, &#8218;click&#8216;,                                { &#8222;allowLinkDefault&#8220;: true },                                function (event) {                                    if (window.ue) {                                        ue.count(&#8222;acrLinkClickCount&#8220;, (ue.count(&#8222;acrLinkClickCount&#8220;) || 0) + 1);                                    }                                }                            );                        }                    });                                             P.when(&#8218;A&#8216;, &#8218;cf&#8216;).execute(function(A) {                A.declarative(&#8218;acrStarsLink-click-metrics&#8216;, &#8218;click&#8216;, { &#8222;allowLinkDefault&#8220; : true },  function(event){                    if(window.ue) {                        ue.count(&#8222;acrStarsLinkWithPopoverClickCount&#8220;, (ue.count(&#8222;acrStarsLinkWithPopoverClickCount&#8220;) || 0) + 1);                    }                });            });                          <br \/>100% Raw Honey by WildFlowers Raw Honey Unprocessed Limited Quantity &#8211; Wooden Frame<br \/>Honeycomb is made of flower honey. It is very light in color with a delicate orange flavor, yet sturdy in texture<br \/>Raw honeycomb made from wild flowers, produced by our bees in clean mountain areas where our beekeeping plants are located. We do not heat or process the honey, it is 100% raw honey.<br \/>100% Pure Raw Non-Pasteurized Honeycomb<br \/>Unheated Unprocessed Unfiltered Raw Honeycomb 2 x 400g Multipack<br \/>Harvest time: September 2022<\/p>\n\n","protected":false},"excerpt":{"rendered":"<p>Size:800g Harvest Time: September 2022 Number of units: 2 x 400g Produced to high ecological standards, unprocessed, 100% pure and natural, free from antibiotics and pesticides. Honeycomb is a natural source of intact enzymes, trace elements and vitamins. Honeycombs have bactericidal, antifungal, wound healing and immunostimulating properties. Honeycomb is an excellent remedy for the prevention [&hellip;]<\/p>\n","protected":false},"featured_media":291,"comment_status":"open","ping_status":"closed","template":"","meta":{"_aipt_faq_data":""},"store":[],"product_brand":[88],"product_cat":[42],"product_tag":[120],"class_list":{"0":"post-290","1":"product","2":"type-product","3":"status-publish","4":"has-post-thumbnail","6":"product_brand-meden","7":"product_cat-wildblutenhonig","8":"product_tag-bio-wildbluetenhonig-kaufen","10":"first","11":"instock","12":"sale","13":"shipping-taxable","14":"product-type-external"},"yoast_head":"<!-- This site is optimized with the Yoast SEO plugin v27.4 - https:\/\/yoast.com\/product\/yoast-seo-wordpress\/ -->\n<title>2 x 400g Honeycomb Wildflower Wooden Frame - Pure Raw Natural Honey Comb - Not Pasteurised - PureHiveHoney<\/title>\n<meta name=\"description\" content=\"Entdecken Sie hochwertigen Rohhonig, Bio Honig, Manuka Honig und nat\u00fcrliche Bienenprodukte. PureHiveHoney hilft Ihnen dabei, sorgf\u00e4ltig ausgew\u00e4hlte Honigsorten mit nat\u00fcrlicher Qualit\u00e4t und Reinheit zu entdecken.\" \/>\n<meta name=\"robots\" content=\"index, follow, max-snippet:-1, max-image-preview:large, max-video-preview:-1\" \/>\n<link rel=\"canonical\" href=\"https:\/\/purehivehoney.com\/de\/product\/2-x-400g-honeycomb-wildflower-wooden-frame-pure-raw-natural-honey-comb-not-pasteurised\/\" \/>\n<meta property=\"og:locale\" content=\"de_DE\" \/>\n<meta property=\"og:type\" content=\"article\" \/>\n<meta property=\"og:title\" content=\"2 x 400g Honeycomb Wildflower Wooden Frame - Pure Raw Natural Honey Comb - Not Pasteurised - PureHiveHoney\" \/>\n<meta property=\"og:description\" content=\"Entdecken Sie hochwertigen Rohhonig, Bio Honig, Manuka Honig und nat\u00fcrliche Bienenprodukte. PureHiveHoney hilft Ihnen dabei, sorgf\u00e4ltig ausgew\u00e4hlte Honigsorten mit nat\u00fcrlicher Qualit\u00e4t und Reinheit zu entdecken.\" \/>\n<meta property=\"og:url\" content=\"https:\/\/purehivehoney.com\/de\/product\/2-x-400g-honeycomb-wildflower-wooden-frame-pure-raw-natural-honey-comb-not-pasteurised\/\" \/>\n<meta property=\"og:site_name\" content=\"PureHiveHoney\" \/>\n<meta property=\"article:modified_time\" content=\"2026-03-15T23:36:13+00:00\" \/>\n<meta name=\"twitter:card\" content=\"summary_large_image\" \/>\n<meta name=\"twitter:label1\" content=\"Gesch\u00e4tzte Lesezeit\" \/>\n\t<meta name=\"twitter:data1\" content=\"1\u00a0Minute\" \/>\n<script type=\"application\/ld+json\" class=\"yoast-schema-graph\">{\"@context\":\"https:\\\/\\\/schema.org\",\"@graph\":[{\"@type\":\"WebPage\",\"@id\":\"https:\\\/\\\/purehivehoney.com\\\/de\\\/product\\\/2-x-400g-honeycomb-wildflower-wooden-frame-pure-raw-natural-honey-comb-not-pasteurised\\\/\",\"url\":\"https:\\\/\\\/purehivehoney.com\\\/de\\\/product\\\/2-x-400g-honeycomb-wildflower-wooden-frame-pure-raw-natural-honey-comb-not-pasteurised\\\/\",\"name\":\"2 x 400g Honeycomb Wildflower Wooden Frame - Pure Raw Natural Honey Comb - Not Pasteurised - PureHiveHoney\",\"isPartOf\":{\"@id\":\"https:\\\/\\\/purehivehoney.com\\\/de\\\/#website\"},\"primaryImageOfPage\":{\"@id\":\"https:\\\/\\\/purehivehoney.com\\\/de\\\/product\\\/2-x-400g-honeycomb-wildflower-wooden-frame-pure-raw-natural-honey-comb-not-pasteurised\\\/#primaryimage\"},\"image\":{\"@id\":\"https:\\\/\\\/purehivehoney.com\\\/de\\\/product\\\/2-x-400g-honeycomb-wildflower-wooden-frame-pure-raw-natural-honey-comb-not-pasteurised\\\/#primaryimage\"},\"thumbnailUrl\":\"https:\\\/\\\/purehivehoney.com\\\/de\\\/wp-content\\\/uploads\\\/2026\\\/03\\\/81NK80uZT4L._SL1500_.jpg\",\"datePublished\":\"2026-03-15T20:30:09+00:00\",\"dateModified\":\"2026-03-15T23:36:13+00:00\",\"description\":\"Entdecken Sie hochwertigen Rohhonig, Bio Honig, Manuka Honig und nat\u00fcrliche Bienenprodukte. PureHiveHoney hilft Ihnen dabei, sorgf\u00e4ltig ausgew\u00e4hlte Honigsorten mit nat\u00fcrlicher Qualit\u00e4t und Reinheit zu entdecken.\",\"breadcrumb\":{\"@id\":\"https:\\\/\\\/purehivehoney.com\\\/de\\\/product\\\/2-x-400g-honeycomb-wildflower-wooden-frame-pure-raw-natural-honey-comb-not-pasteurised\\\/#breadcrumb\"},\"inLanguage\":\"de\",\"potentialAction\":[{\"@type\":\"ReadAction\",\"target\":[\"https:\\\/\\\/purehivehoney.com\\\/de\\\/product\\\/2-x-400g-honeycomb-wildflower-wooden-frame-pure-raw-natural-honey-comb-not-pasteurised\\\/\"]}]},{\"@type\":\"ImageObject\",\"inLanguage\":\"de\",\"@id\":\"https:\\\/\\\/purehivehoney.com\\\/de\\\/product\\\/2-x-400g-honeycomb-wildflower-wooden-frame-pure-raw-natural-honey-comb-not-pasteurised\\\/#primaryimage\",\"url\":\"https:\\\/\\\/purehivehoney.com\\\/de\\\/wp-content\\\/uploads\\\/2026\\\/03\\\/81NK80uZT4L._SL1500_.jpg\",\"contentUrl\":\"https:\\\/\\\/purehivehoney.com\\\/de\\\/wp-content\\\/uploads\\\/2026\\\/03\\\/81NK80uZT4L._SL1500_.jpg\",\"width\":1500,\"height\":1500},{\"@type\":\"BreadcrumbList\",\"@id\":\"https:\\\/\\\/purehivehoney.com\\\/de\\\/product\\\/2-x-400g-honeycomb-wildflower-wooden-frame-pure-raw-natural-honey-comb-not-pasteurised\\\/#breadcrumb\",\"itemListElement\":[{\"@type\":\"ListItem\",\"position\":1,\"name\":\"Home\",\"item\":\"https:\\\/\\\/purehivehoney.com\\\/de\\\/\"},{\"@type\":\"ListItem\",\"position\":2,\"name\":\"Shop\",\"item\":\"https:\\\/\\\/purehivehoney.com\\\/de\\\/shop\\\/\"},{\"@type\":\"ListItem\",\"position\":3,\"name\":\"2 x 400g Honeycomb Wildflower Woode...\"}]},{\"@type\":\"WebSite\",\"@id\":\"https:\\\/\\\/purehivehoney.com\\\/de\\\/#website\",\"url\":\"https:\\\/\\\/purehivehoney.com\\\/de\\\/\",\"name\":\"PureHiveHoney\",\"description\":\"Reiner Honig &amp; Bienenprodukte Online | Rohhonig, Bio Honig &amp; Spezialhonig\",\"publisher\":{\"@id\":\"https:\\\/\\\/purehivehoney.com\\\/de\\\/#organization\"},\"potentialAction\":[{\"@type\":\"SearchAction\",\"target\":{\"@type\":\"EntryPoint\",\"urlTemplate\":\"https:\\\/\\\/purehivehoney.com\\\/de\\\/?s={search_term_string}\"},\"query-input\":{\"@type\":\"PropertyValueSpecification\",\"valueRequired\":true,\"valueName\":\"search_term_string\"}}],\"inLanguage\":\"de\"},{\"@type\":\"Organization\",\"@id\":\"https:\\\/\\\/purehivehoney.com\\\/de\\\/#organization\",\"name\":\"PureHiveHoney\",\"url\":\"https:\\\/\\\/purehivehoney.com\\\/de\\\/\",\"logo\":{\"@type\":\"ImageObject\",\"inLanguage\":\"de\",\"@id\":\"https:\\\/\\\/purehivehoney.com\\\/de\\\/#\\\/schema\\\/logo\\\/image\\\/\",\"url\":\"https:\\\/\\\/purehivehoney.com\\\/de\\\/wp-content\\\/uploads\\\/2026\\\/03\\\/Screenshot-2026-03-16-at-1.06.01-AM.png\",\"contentUrl\":\"https:\\\/\\\/purehivehoney.com\\\/de\\\/wp-content\\\/uploads\\\/2026\\\/03\\\/Screenshot-2026-03-16-at-1.06.01-AM.png\",\"width\":2112,\"height\":1086,\"caption\":\"PureHiveHoney\"},\"image\":{\"@id\":\"https:\\\/\\\/purehivehoney.com\\\/de\\\/#\\\/schema\\\/logo\\\/image\\\/\"}}]}<\/script>\n<!-- \/ Yoast SEO plugin. -->","yoast_head_json":{"title":"2 x 400g Honeycomb Wildflower Wooden Frame - Pure Raw Natural Honey Comb - Not Pasteurised - PureHiveHoney","description":"Entdecken Sie hochwertigen Rohhonig, Bio Honig, Manuka Honig und nat\u00fcrliche Bienenprodukte. PureHiveHoney hilft Ihnen dabei, sorgf\u00e4ltig ausgew\u00e4hlte Honigsorten mit nat\u00fcrlicher Qualit\u00e4t und Reinheit zu entdecken.","robots":{"index":"index","follow":"follow","max-snippet":"max-snippet:-1","max-image-preview":"max-image-preview:large","max-video-preview":"max-video-preview:-1"},"canonical":"https:\/\/purehivehoney.com\/de\/product\/2-x-400g-honeycomb-wildflower-wooden-frame-pure-raw-natural-honey-comb-not-pasteurised\/","og_locale":"de_DE","og_type":"article","og_title":"2 x 400g Honeycomb Wildflower Wooden Frame - Pure Raw Natural Honey Comb - Not Pasteurised - PureHiveHoney","og_description":"Entdecken Sie hochwertigen Rohhonig, Bio Honig, Manuka Honig und nat\u00fcrliche Bienenprodukte. PureHiveHoney hilft Ihnen dabei, sorgf\u00e4ltig ausgew\u00e4hlte Honigsorten mit nat\u00fcrlicher Qualit\u00e4t und Reinheit zu entdecken.","og_url":"https:\/\/purehivehoney.com\/de\/product\/2-x-400g-honeycomb-wildflower-wooden-frame-pure-raw-natural-honey-comb-not-pasteurised\/","og_site_name":"PureHiveHoney","article_modified_time":"2026-03-15T23:36:13+00:00","twitter_card":"summary_large_image","twitter_misc":{"Gesch\u00e4tzte Lesezeit":"1\u00a0Minute"},"schema":{"@context":"https:\/\/schema.org","@graph":[{"@type":"WebPage","@id":"https:\/\/purehivehoney.com\/de\/product\/2-x-400g-honeycomb-wildflower-wooden-frame-pure-raw-natural-honey-comb-not-pasteurised\/","url":"https:\/\/purehivehoney.com\/de\/product\/2-x-400g-honeycomb-wildflower-wooden-frame-pure-raw-natural-honey-comb-not-pasteurised\/","name":"2 x 400g Honeycomb Wildflower Wooden Frame - Pure Raw Natural Honey Comb - Not Pasteurised - PureHiveHoney","isPartOf":{"@id":"https:\/\/purehivehoney.com\/de\/#website"},"primaryImageOfPage":{"@id":"https:\/\/purehivehoney.com\/de\/product\/2-x-400g-honeycomb-wildflower-wooden-frame-pure-raw-natural-honey-comb-not-pasteurised\/#primaryimage"},"image":{"@id":"https:\/\/purehivehoney.com\/de\/product\/2-x-400g-honeycomb-wildflower-wooden-frame-pure-raw-natural-honey-comb-not-pasteurised\/#primaryimage"},"thumbnailUrl":"https:\/\/purehivehoney.com\/de\/wp-content\/uploads\/2026\/03\/81NK80uZT4L._SL1500_.jpg","datePublished":"2026-03-15T20:30:09+00:00","dateModified":"2026-03-15T23:36:13+00:00","description":"Entdecken Sie hochwertigen Rohhonig, Bio Honig, Manuka Honig und nat\u00fcrliche Bienenprodukte. PureHiveHoney hilft Ihnen dabei, sorgf\u00e4ltig ausgew\u00e4hlte Honigsorten mit nat\u00fcrlicher Qualit\u00e4t und Reinheit zu entdecken.","breadcrumb":{"@id":"https:\/\/purehivehoney.com\/de\/product\/2-x-400g-honeycomb-wildflower-wooden-frame-pure-raw-natural-honey-comb-not-pasteurised\/#breadcrumb"},"inLanguage":"de","potentialAction":[{"@type":"ReadAction","target":["https:\/\/purehivehoney.com\/de\/product\/2-x-400g-honeycomb-wildflower-wooden-frame-pure-raw-natural-honey-comb-not-pasteurised\/"]}]},{"@type":"ImageObject","inLanguage":"de","@id":"https:\/\/purehivehoney.com\/de\/product\/2-x-400g-honeycomb-wildflower-wooden-frame-pure-raw-natural-honey-comb-not-pasteurised\/#primaryimage","url":"https:\/\/purehivehoney.com\/de\/wp-content\/uploads\/2026\/03\/81NK80uZT4L._SL1500_.jpg","contentUrl":"https:\/\/purehivehoney.com\/de\/wp-content\/uploads\/2026\/03\/81NK80uZT4L._SL1500_.jpg","width":1500,"height":1500},{"@type":"BreadcrumbList","@id":"https:\/\/purehivehoney.com\/de\/product\/2-x-400g-honeycomb-wildflower-wooden-frame-pure-raw-natural-honey-comb-not-pasteurised\/#breadcrumb","itemListElement":[{"@type":"ListItem","position":1,"name":"Home","item":"https:\/\/purehivehoney.com\/de\/"},{"@type":"ListItem","position":2,"name":"Shop","item":"https:\/\/purehivehoney.com\/de\/shop\/"},{"@type":"ListItem","position":3,"name":"2 x 400g Honeycomb Wildflower Woode..."}]},{"@type":"WebSite","@id":"https:\/\/purehivehoney.com\/de\/#website","url":"https:\/\/purehivehoney.com\/de\/","name":"PureHiveHoney","description":"Reiner Honig &amp; Bienenprodukte Online | Rohhonig, Bio Honig &amp; Spezialhonig","publisher":{"@id":"https:\/\/purehivehoney.com\/de\/#organization"},"potentialAction":[{"@type":"SearchAction","target":{"@type":"EntryPoint","urlTemplate":"https:\/\/purehivehoney.com\/de\/?s={search_term_string}"},"query-input":{"@type":"PropertyValueSpecification","valueRequired":true,"valueName":"search_term_string"}}],"inLanguage":"de"},{"@type":"Organization","@id":"https:\/\/purehivehoney.com\/de\/#organization","name":"PureHiveHoney","url":"https:\/\/purehivehoney.com\/de\/","logo":{"@type":"ImageObject","inLanguage":"de","@id":"https:\/\/purehivehoney.com\/de\/#\/schema\/logo\/image\/","url":"https:\/\/purehivehoney.com\/de\/wp-content\/uploads\/2026\/03\/Screenshot-2026-03-16-at-1.06.01-AM.png","contentUrl":"https:\/\/purehivehoney.com\/de\/wp-content\/uploads\/2026\/03\/Screenshot-2026-03-16-at-1.06.01-AM.png","width":2112,"height":1086,"caption":"PureHiveHoney"},"image":{"@id":"https:\/\/purehivehoney.com\/de\/#\/schema\/logo\/image\/"}}]}},"_links":{"self":[{"href":"https:\/\/purehivehoney.com\/de\/wp-json\/wp\/v2\/product\/290","targetHints":{"allow":["GET"]}}],"collection":[{"href":"https:\/\/purehivehoney.com\/de\/wp-json\/wp\/v2\/product"}],"about":[{"href":"https:\/\/purehivehoney.com\/de\/wp-json\/wp\/v2\/types\/product"}],"replies":[{"embeddable":true,"href":"https:\/\/purehivehoney.com\/de\/wp-json\/wp\/v2\/comments?post=290"}],"wp:featuredmedia":[{"embeddable":true,"href":"https:\/\/purehivehoney.com\/de\/wp-json\/wp\/v2\/media\/291"}],"wp:attachment":[{"href":"https:\/\/purehivehoney.com\/de\/wp-json\/wp\/v2\/media?parent=290"}],"wp:term":[{"taxonomy":"store","embeddable":true,"href":"https:\/\/purehivehoney.com\/de\/wp-json\/wp\/v2\/store?post=290"},{"taxonomy":"product_brand","embeddable":true,"href":"https:\/\/purehivehoney.com\/de\/wp-json\/wp\/v2\/product_brand?post=290"},{"taxonomy":"product_cat","embeddable":true,"href":"https:\/\/purehivehoney.com\/de\/wp-json\/wp\/v2\/product_cat?post=290"},{"taxonomy":"product_tag","embeddable":true,"href":"https:\/\/purehivehoney.com\/de\/wp-json\/wp\/v2\/product_tag?post=290"}],"curies":[{"name":"wp","href":"https:\/\/api.w.org\/{rel}","templated":true}]}}