{"id":2899,"date":"2026-04-22T11:46:41","date_gmt":"2026-04-22T11:46:41","guid":{"rendered":"https:\/\/purehivehoney.com\/de\/product\/lifeplan-rainforest-active-10-honey-lemon-227-g-valdivian-rainforest-honey-mixed-with-lemon-vitamin-d-to-support-the-immune-system-vegetarian-free-from-pesticides-1-pack\/"},"modified":"2026-04-22T11:46:42","modified_gmt":"2026-04-22T11:46:42","slug":"lifeplan-rainforest-active-10-honey-lemon-227-g-valdivian-rainforest-honey-mixed-with-lemon-vitamin-d-to-support-the-immune-system-vegetarian-free-from-pesticides-1-pack","status":"publish","type":"product","link":"https:\/\/purehivehoney.com\/de\/product\/lifeplan-rainforest-active-10-honey-lemon-227-g-valdivian-rainforest-honey-mixed-with-lemon-vitamin-d-to-support-the-immune-system-vegetarian-free-from-pesticides-1-pack\/","title":{"rendered":"Lifeplan Rainforest Active 10+ Hone..."},"content":{"rendered":"<p>    <span>This unique, high quality and natural honey product with added lemon and vitamin D3 is harvested from the spectacular Valdivian rainforest, where bees produce honey from some of the oldest trees in the world, including Ulmo, Quillay and Tineo. This special area of the rainforest is protected and provides additional income for the indigenous people of the Mapuche. Rainforest honey is an active honey derived from Chile. This great tasting honey can be taken straight from the spoon or added to drinks and food. 10+ is a measure of the activity level of this premium honey is guaranteed by independent testing. Free from pesticides, no genetically modified ingredients. This product supports the Mapuche people. Suitable for vegetarians. Product from Chile<\/span>    <br \/> Package Dimensions                                            \u200f                                            :                                            \u200e                                            8 x 7 x 7 cm; 227 g   <br \/> Manufacturer                                            \u200f                                            :                                            \u200e                                            Lifeplan   <br \/> ASIN                                            \u200f                                            :                                            \u200e                                            B07GGY1MHD   <br \/>  Customer reviews:                                                                                            5.0               5.0 out of 5 stars                                  (5)                                              var dpAcrHasRegisteredArcLinkClickAction;                    P.when(&#8218;A&#8216;, &#8218;ready&#8216;).execute(function(A) {                        if (dpAcrHasRegisteredArcLinkClickAction !== true) {                            dpAcrHasRegisteredArcLinkClickAction = true;                            A.declarative(                                &#8218;acrLink-click-metrics&#8216;, &#8218;click&#8216;,                                { &#8222;allowLinkDefault&#8220;: true },                                function (event) {                                    if (window.ue) {                                        ue.count(&#8222;acrLinkClickCount&#8220;, (ue.count(&#8222;acrLinkClickCount&#8220;) || 0) + 1);                                    }                                }                            );                        }                    });                                             P.when(&#8218;A&#8216;, &#8218;cf&#8216;).execute(function(A) {                A.declarative(&#8218;acrStarsLink-click-metrics&#8216;, &#8218;click&#8216;, { &#8222;allowLinkDefault&#8220; : true },  function(event){                    if(window.ue) {                        ue.count(&#8222;acrStarsLinkWithPopoverClickCount&#8220;, (ue.count(&#8222;acrStarsLinkWithPopoverClickCount&#8220;) || 0) + 1);                    }                });            });                          <br \/>Great Tasting Pure Valdivian Rainforest Honey<br \/>Blended with lemon, plus added vitamin D to support the immune system<br \/>Free from pesticides<br \/>No genetically modified content<br \/>Suitable for vegetarians<\/p>\n\n","protected":false},"excerpt":{"rendered":"<p>This unique, high quality and natural honey product with added lemon and vitamin D3 is harvested from the spectacular Valdivian rainforest, where bees produce honey from some of the oldest trees in the world, including Ulmo, Quillay and Tineo. This special area of the rainforest is protected and provides additional income for the indigenous people [&hellip;]<\/p>\n","protected":false},"featured_media":2900,"comment_status":"open","ping_status":"closed","template":"","meta":{"_aipt_faq_data":""},"store":[],"product_brand":[373],"product_cat":[47],"product_tag":[181],"class_list":{"0":"post-2899","1":"product","2":"type-product","3":"status-publish","4":"has-post-thumbnail","6":"product_brand-lifeplan","7":"product_cat-akazienhonig","8":"product_tag-akazienhonig-regional-kaufen","10":"first","11":"instock","12":"shipping-taxable","13":"product-type-external"},"yoast_head":"<!-- This site is optimized with the Yoast SEO plugin v27.4 - https:\/\/yoast.com\/product\/yoast-seo-wordpress\/ -->\n<title>Lifeplan Rainforest Active 10+ Honey &amp; Lemon - 227 g Valdivian Rainforest Honey Mixed with Lemon &amp; Vitamin D to Support the Immune System Vegetarian, Free from Pesticides (1 Pack) - PureHiveHoney<\/title>\n<meta name=\"description\" content=\"Entdecken Sie hochwertigen Rohhonig, Bio Honig, Manuka Honig und nat\u00fcrliche Bienenprodukte. PureHiveHoney hilft Ihnen dabei, sorgf\u00e4ltig ausgew\u00e4hlte Honigsorten mit nat\u00fcrlicher Qualit\u00e4t und Reinheit zu entdecken.\" \/>\n<meta name=\"robots\" content=\"index, follow, max-snippet:-1, max-image-preview:large, max-video-preview:-1\" \/>\n<link rel=\"canonical\" href=\"https:\/\/purehivehoney.com\/de\/product\/lifeplan-rainforest-active-10-honey-lemon-227-g-valdivian-rainforest-honey-mixed-with-lemon-vitamin-d-to-support-the-immune-system-vegetarian-free-from-pesticides-1-pack\/\" \/>\n<meta property=\"og:locale\" content=\"de_DE\" \/>\n<meta property=\"og:type\" content=\"article\" \/>\n<meta property=\"og:title\" content=\"Lifeplan Rainforest Active 10+ Honey &amp; Lemon - 227 g Valdivian Rainforest Honey Mixed with Lemon &amp; Vitamin D to Support the Immune System Vegetarian, Free from Pesticides (1 Pack) - PureHiveHoney\" \/>\n<meta property=\"og:description\" content=\"Entdecken Sie hochwertigen Rohhonig, Bio Honig, Manuka Honig und nat\u00fcrliche Bienenprodukte. PureHiveHoney hilft Ihnen dabei, sorgf\u00e4ltig ausgew\u00e4hlte Honigsorten mit nat\u00fcrlicher Qualit\u00e4t und Reinheit zu entdecken.\" \/>\n<meta property=\"og:url\" content=\"https:\/\/purehivehoney.com\/de\/product\/lifeplan-rainforest-active-10-honey-lemon-227-g-valdivian-rainforest-honey-mixed-with-lemon-vitamin-d-to-support-the-immune-system-vegetarian-free-from-pesticides-1-pack\/\" \/>\n<meta property=\"og:site_name\" content=\"PureHiveHoney\" \/>\n<meta property=\"article:modified_time\" content=\"2026-04-22T11:46:42+00:00\" \/>\n<meta name=\"twitter:card\" content=\"summary_large_image\" \/>\n<meta name=\"twitter:label1\" content=\"Gesch\u00e4tzte Lesezeit\" \/>\n\t<meta name=\"twitter:data1\" content=\"1\u00a0Minute\" \/>\n<script type=\"application\/ld+json\" class=\"yoast-schema-graph\">{\"@context\":\"https:\\\/\\\/schema.org\",\"@graph\":[{\"@type\":\"WebPage\",\"@id\":\"https:\\\/\\\/purehivehoney.com\\\/de\\\/product\\\/lifeplan-rainforest-active-10-honey-lemon-227-g-valdivian-rainforest-honey-mixed-with-lemon-vitamin-d-to-support-the-immune-system-vegetarian-free-from-pesticides-1-pack\\\/\",\"url\":\"https:\\\/\\\/purehivehoney.com\\\/de\\\/product\\\/lifeplan-rainforest-active-10-honey-lemon-227-g-valdivian-rainforest-honey-mixed-with-lemon-vitamin-d-to-support-the-immune-system-vegetarian-free-from-pesticides-1-pack\\\/\",\"name\":\"Lifeplan Rainforest Active 10+ Honey & Lemon - 227 g Valdivian Rainforest Honey Mixed with Lemon & Vitamin D to Support the Immune System Vegetarian, Free from Pesticides (1 Pack) - PureHiveHoney\",\"isPartOf\":{\"@id\":\"https:\\\/\\\/purehivehoney.com\\\/de\\\/#website\"},\"primaryImageOfPage\":{\"@id\":\"https:\\\/\\\/purehivehoney.com\\\/de\\\/product\\\/lifeplan-rainforest-active-10-honey-lemon-227-g-valdivian-rainforest-honey-mixed-with-lemon-vitamin-d-to-support-the-immune-system-vegetarian-free-from-pesticides-1-pack\\\/#primaryimage\"},\"image\":{\"@id\":\"https:\\\/\\\/purehivehoney.com\\\/de\\\/product\\\/lifeplan-rainforest-active-10-honey-lemon-227-g-valdivian-rainforest-honey-mixed-with-lemon-vitamin-d-to-support-the-immune-system-vegetarian-free-from-pesticides-1-pack\\\/#primaryimage\"},\"thumbnailUrl\":\"https:\\\/\\\/purehivehoney.com\\\/de\\\/wp-content\\\/uploads\\\/2026\\\/04\\\/51vxUwI7mML.jpg\",\"datePublished\":\"2026-04-22T11:46:41+00:00\",\"dateModified\":\"2026-04-22T11:46:42+00:00\",\"description\":\"Entdecken Sie hochwertigen Rohhonig, Bio Honig, Manuka Honig und nat\u00fcrliche Bienenprodukte. PureHiveHoney hilft Ihnen dabei, sorgf\u00e4ltig ausgew\u00e4hlte Honigsorten mit nat\u00fcrlicher Qualit\u00e4t und Reinheit zu entdecken.\",\"breadcrumb\":{\"@id\":\"https:\\\/\\\/purehivehoney.com\\\/de\\\/product\\\/lifeplan-rainforest-active-10-honey-lemon-227-g-valdivian-rainforest-honey-mixed-with-lemon-vitamin-d-to-support-the-immune-system-vegetarian-free-from-pesticides-1-pack\\\/#breadcrumb\"},\"inLanguage\":\"de\",\"potentialAction\":[{\"@type\":\"ReadAction\",\"target\":[\"https:\\\/\\\/purehivehoney.com\\\/de\\\/product\\\/lifeplan-rainforest-active-10-honey-lemon-227-g-valdivian-rainforest-honey-mixed-with-lemon-vitamin-d-to-support-the-immune-system-vegetarian-free-from-pesticides-1-pack\\\/\"]}]},{\"@type\":\"ImageObject\",\"inLanguage\":\"de\",\"@id\":\"https:\\\/\\\/purehivehoney.com\\\/de\\\/product\\\/lifeplan-rainforest-active-10-honey-lemon-227-g-valdivian-rainforest-honey-mixed-with-lemon-vitamin-d-to-support-the-immune-system-vegetarian-free-from-pesticides-1-pack\\\/#primaryimage\",\"url\":\"https:\\\/\\\/purehivehoney.com\\\/de\\\/wp-content\\\/uploads\\\/2026\\\/04\\\/51vxUwI7mML.jpg\",\"contentUrl\":\"https:\\\/\\\/purehivehoney.com\\\/de\\\/wp-content\\\/uploads\\\/2026\\\/04\\\/51vxUwI7mML.jpg\",\"width\":500,\"height\":500},{\"@type\":\"BreadcrumbList\",\"@id\":\"https:\\\/\\\/purehivehoney.com\\\/de\\\/product\\\/lifeplan-rainforest-active-10-honey-lemon-227-g-valdivian-rainforest-honey-mixed-with-lemon-vitamin-d-to-support-the-immune-system-vegetarian-free-from-pesticides-1-pack\\\/#breadcrumb\",\"itemListElement\":[{\"@type\":\"ListItem\",\"position\":1,\"name\":\"Home\",\"item\":\"https:\\\/\\\/purehivehoney.com\\\/de\\\/\"},{\"@type\":\"ListItem\",\"position\":2,\"name\":\"Shop\",\"item\":\"https:\\\/\\\/purehivehoney.com\\\/de\\\/shop\\\/\"},{\"@type\":\"ListItem\",\"position\":3,\"name\":\"Lifeplan Rainforest Active 10+ Hone...\"}]},{\"@type\":\"WebSite\",\"@id\":\"https:\\\/\\\/purehivehoney.com\\\/de\\\/#website\",\"url\":\"https:\\\/\\\/purehivehoney.com\\\/de\\\/\",\"name\":\"PureHiveHoney\",\"description\":\"Reiner Honig &amp; Bienenprodukte Online | Rohhonig, Bio Honig &amp; Spezialhonig\",\"publisher\":{\"@id\":\"https:\\\/\\\/purehivehoney.com\\\/de\\\/#organization\"},\"potentialAction\":[{\"@type\":\"SearchAction\",\"target\":{\"@type\":\"EntryPoint\",\"urlTemplate\":\"https:\\\/\\\/purehivehoney.com\\\/de\\\/?s={search_term_string}\"},\"query-input\":{\"@type\":\"PropertyValueSpecification\",\"valueRequired\":true,\"valueName\":\"search_term_string\"}}],\"inLanguage\":\"de\"},{\"@type\":\"Organization\",\"@id\":\"https:\\\/\\\/purehivehoney.com\\\/de\\\/#organization\",\"name\":\"PureHiveHoney\",\"url\":\"https:\\\/\\\/purehivehoney.com\\\/de\\\/\",\"logo\":{\"@type\":\"ImageObject\",\"inLanguage\":\"de\",\"@id\":\"https:\\\/\\\/purehivehoney.com\\\/de\\\/#\\\/schema\\\/logo\\\/image\\\/\",\"url\":\"https:\\\/\\\/purehivehoney.com\\\/de\\\/wp-content\\\/uploads\\\/2026\\\/03\\\/Screenshot-2026-03-16-at-1.06.01-AM.png\",\"contentUrl\":\"https:\\\/\\\/purehivehoney.com\\\/de\\\/wp-content\\\/uploads\\\/2026\\\/03\\\/Screenshot-2026-03-16-at-1.06.01-AM.png\",\"width\":2112,\"height\":1086,\"caption\":\"PureHiveHoney\"},\"image\":{\"@id\":\"https:\\\/\\\/purehivehoney.com\\\/de\\\/#\\\/schema\\\/logo\\\/image\\\/\"}}]}<\/script>\n<!-- \/ Yoast SEO plugin. -->","yoast_head_json":{"title":"Lifeplan Rainforest Active 10+ Honey & Lemon - 227 g Valdivian Rainforest Honey Mixed with Lemon & Vitamin D to Support the Immune System Vegetarian, Free from Pesticides (1 Pack) - PureHiveHoney","description":"Entdecken Sie hochwertigen Rohhonig, Bio Honig, Manuka Honig und nat\u00fcrliche Bienenprodukte. PureHiveHoney hilft Ihnen dabei, sorgf\u00e4ltig ausgew\u00e4hlte Honigsorten mit nat\u00fcrlicher Qualit\u00e4t und Reinheit zu entdecken.","robots":{"index":"index","follow":"follow","max-snippet":"max-snippet:-1","max-image-preview":"max-image-preview:large","max-video-preview":"max-video-preview:-1"},"canonical":"https:\/\/purehivehoney.com\/de\/product\/lifeplan-rainforest-active-10-honey-lemon-227-g-valdivian-rainforest-honey-mixed-with-lemon-vitamin-d-to-support-the-immune-system-vegetarian-free-from-pesticides-1-pack\/","og_locale":"de_DE","og_type":"article","og_title":"Lifeplan Rainforest Active 10+ Honey & Lemon - 227 g Valdivian Rainforest Honey Mixed with Lemon & Vitamin D to Support the Immune System Vegetarian, Free from Pesticides (1 Pack) - PureHiveHoney","og_description":"Entdecken Sie hochwertigen Rohhonig, Bio Honig, Manuka Honig und nat\u00fcrliche Bienenprodukte. PureHiveHoney hilft Ihnen dabei, sorgf\u00e4ltig ausgew\u00e4hlte Honigsorten mit nat\u00fcrlicher Qualit\u00e4t und Reinheit zu entdecken.","og_url":"https:\/\/purehivehoney.com\/de\/product\/lifeplan-rainforest-active-10-honey-lemon-227-g-valdivian-rainforest-honey-mixed-with-lemon-vitamin-d-to-support-the-immune-system-vegetarian-free-from-pesticides-1-pack\/","og_site_name":"PureHiveHoney","article_modified_time":"2026-04-22T11:46:42+00:00","twitter_card":"summary_large_image","twitter_misc":{"Gesch\u00e4tzte Lesezeit":"1\u00a0Minute"},"schema":{"@context":"https:\/\/schema.org","@graph":[{"@type":"WebPage","@id":"https:\/\/purehivehoney.com\/de\/product\/lifeplan-rainforest-active-10-honey-lemon-227-g-valdivian-rainforest-honey-mixed-with-lemon-vitamin-d-to-support-the-immune-system-vegetarian-free-from-pesticides-1-pack\/","url":"https:\/\/purehivehoney.com\/de\/product\/lifeplan-rainforest-active-10-honey-lemon-227-g-valdivian-rainforest-honey-mixed-with-lemon-vitamin-d-to-support-the-immune-system-vegetarian-free-from-pesticides-1-pack\/","name":"Lifeplan Rainforest Active 10+ Honey & Lemon - 227 g Valdivian Rainforest Honey Mixed with Lemon & Vitamin D to Support the Immune System Vegetarian, Free from Pesticides (1 Pack) - PureHiveHoney","isPartOf":{"@id":"https:\/\/purehivehoney.com\/de\/#website"},"primaryImageOfPage":{"@id":"https:\/\/purehivehoney.com\/de\/product\/lifeplan-rainforest-active-10-honey-lemon-227-g-valdivian-rainforest-honey-mixed-with-lemon-vitamin-d-to-support-the-immune-system-vegetarian-free-from-pesticides-1-pack\/#primaryimage"},"image":{"@id":"https:\/\/purehivehoney.com\/de\/product\/lifeplan-rainforest-active-10-honey-lemon-227-g-valdivian-rainforest-honey-mixed-with-lemon-vitamin-d-to-support-the-immune-system-vegetarian-free-from-pesticides-1-pack\/#primaryimage"},"thumbnailUrl":"https:\/\/purehivehoney.com\/de\/wp-content\/uploads\/2026\/04\/51vxUwI7mML.jpg","datePublished":"2026-04-22T11:46:41+00:00","dateModified":"2026-04-22T11:46:42+00:00","description":"Entdecken Sie hochwertigen Rohhonig, Bio Honig, Manuka Honig und nat\u00fcrliche Bienenprodukte. PureHiveHoney hilft Ihnen dabei, sorgf\u00e4ltig ausgew\u00e4hlte Honigsorten mit nat\u00fcrlicher Qualit\u00e4t und Reinheit zu entdecken.","breadcrumb":{"@id":"https:\/\/purehivehoney.com\/de\/product\/lifeplan-rainforest-active-10-honey-lemon-227-g-valdivian-rainforest-honey-mixed-with-lemon-vitamin-d-to-support-the-immune-system-vegetarian-free-from-pesticides-1-pack\/#breadcrumb"},"inLanguage":"de","potentialAction":[{"@type":"ReadAction","target":["https:\/\/purehivehoney.com\/de\/product\/lifeplan-rainforest-active-10-honey-lemon-227-g-valdivian-rainforest-honey-mixed-with-lemon-vitamin-d-to-support-the-immune-system-vegetarian-free-from-pesticides-1-pack\/"]}]},{"@type":"ImageObject","inLanguage":"de","@id":"https:\/\/purehivehoney.com\/de\/product\/lifeplan-rainforest-active-10-honey-lemon-227-g-valdivian-rainforest-honey-mixed-with-lemon-vitamin-d-to-support-the-immune-system-vegetarian-free-from-pesticides-1-pack\/#primaryimage","url":"https:\/\/purehivehoney.com\/de\/wp-content\/uploads\/2026\/04\/51vxUwI7mML.jpg","contentUrl":"https:\/\/purehivehoney.com\/de\/wp-content\/uploads\/2026\/04\/51vxUwI7mML.jpg","width":500,"height":500},{"@type":"BreadcrumbList","@id":"https:\/\/purehivehoney.com\/de\/product\/lifeplan-rainforest-active-10-honey-lemon-227-g-valdivian-rainforest-honey-mixed-with-lemon-vitamin-d-to-support-the-immune-system-vegetarian-free-from-pesticides-1-pack\/#breadcrumb","itemListElement":[{"@type":"ListItem","position":1,"name":"Home","item":"https:\/\/purehivehoney.com\/de\/"},{"@type":"ListItem","position":2,"name":"Shop","item":"https:\/\/purehivehoney.com\/de\/shop\/"},{"@type":"ListItem","position":3,"name":"Lifeplan Rainforest Active 10+ Hone..."}]},{"@type":"WebSite","@id":"https:\/\/purehivehoney.com\/de\/#website","url":"https:\/\/purehivehoney.com\/de\/","name":"PureHiveHoney","description":"Reiner Honig &amp; Bienenprodukte Online | Rohhonig, Bio Honig &amp; Spezialhonig","publisher":{"@id":"https:\/\/purehivehoney.com\/de\/#organization"},"potentialAction":[{"@type":"SearchAction","target":{"@type":"EntryPoint","urlTemplate":"https:\/\/purehivehoney.com\/de\/?s={search_term_string}"},"query-input":{"@type":"PropertyValueSpecification","valueRequired":true,"valueName":"search_term_string"}}],"inLanguage":"de"},{"@type":"Organization","@id":"https:\/\/purehivehoney.com\/de\/#organization","name":"PureHiveHoney","url":"https:\/\/purehivehoney.com\/de\/","logo":{"@type":"ImageObject","inLanguage":"de","@id":"https:\/\/purehivehoney.com\/de\/#\/schema\/logo\/image\/","url":"https:\/\/purehivehoney.com\/de\/wp-content\/uploads\/2026\/03\/Screenshot-2026-03-16-at-1.06.01-AM.png","contentUrl":"https:\/\/purehivehoney.com\/de\/wp-content\/uploads\/2026\/03\/Screenshot-2026-03-16-at-1.06.01-AM.png","width":2112,"height":1086,"caption":"PureHiveHoney"},"image":{"@id":"https:\/\/purehivehoney.com\/de\/#\/schema\/logo\/image\/"}}]}},"_links":{"self":[{"href":"https:\/\/purehivehoney.com\/de\/wp-json\/wp\/v2\/product\/2899","targetHints":{"allow":["GET"]}}],"collection":[{"href":"https:\/\/purehivehoney.com\/de\/wp-json\/wp\/v2\/product"}],"about":[{"href":"https:\/\/purehivehoney.com\/de\/wp-json\/wp\/v2\/types\/product"}],"replies":[{"embeddable":true,"href":"https:\/\/purehivehoney.com\/de\/wp-json\/wp\/v2\/comments?post=2899"}],"wp:featuredmedia":[{"embeddable":true,"href":"https:\/\/purehivehoney.com\/de\/wp-json\/wp\/v2\/media\/2900"}],"wp:attachment":[{"href":"https:\/\/purehivehoney.com\/de\/wp-json\/wp\/v2\/media?parent=2899"}],"wp:term":[{"taxonomy":"store","embeddable":true,"href":"https:\/\/purehivehoney.com\/de\/wp-json\/wp\/v2\/store?post=2899"},{"taxonomy":"product_brand","embeddable":true,"href":"https:\/\/purehivehoney.com\/de\/wp-json\/wp\/v2\/product_brand?post=2899"},{"taxonomy":"product_cat","embeddable":true,"href":"https:\/\/purehivehoney.com\/de\/wp-json\/wp\/v2\/product_cat?post=2899"},{"taxonomy":"product_tag","embeddable":true,"href":"https:\/\/purehivehoney.com\/de\/wp-json\/wp\/v2\/product_tag?post=2899"}],"curies":[{"name":"wp","href":"https:\/\/api.w.org\/{rel}","templated":true}]}}