{"id":2897,"date":"2026-04-22T11:36:10","date_gmt":"2026-04-22T11:36:10","guid":{"rendered":"https:\/\/purehivehoney.com\/de\/product\/beesweet-more-than-honey-bee-honey-infused-with-rosemary-bio-2-x-375-g-glass-jar-beesweet-more-than-honey-bee-honey-with-rosemary-bio-2-x-375-g-glass-jars\/"},"modified":"2026-04-22T11:36:12","modified_gmt":"2026-04-22T11:36:12","slug":"beesweet-more-than-honey-bee-honey-infused-with-rosemary-bio-2-x-375-g-glass-jar-beesweet-more-than-honey-bee-honey-with-rosemary-bio-2-x-375-g-glass-jars","status":"publish","type":"product","link":"https:\/\/purehivehoney.com\/de\/product\/beesweet-more-than-honey-bee-honey-infused-with-rosemary-bio-2-x-375-g-glass-jar-beesweet-more-than-honey-bee-honey-with-rosemary-bio-2-x-375-g-glass-jars\/","title":{"rendered":"Beesweet &#8230; More than Honey &#..."},"content":{"rendered":"<p>    <span>Beesweet &#8230; More than Honey &#8211; Bee Honey Infused with Rosemary\/Cinnamon (BIO) &#8211; 2 x 375g Glass Jar \/ Beesweet &#8230; More Than Honey &#8211; Bee Honey with Rosemary (BIO) &#8211; 2 x 375g Glass Jars * The Honey No. 25 Christmas by Beesweet is the most aromatic in the entire Beesweet Honeey sortim. It is a honey of flowering eucalyptus, of golden tonality, with rosemary flavor next to &#8222;cinnamon&#8220;, which puts us in a Christmas setting. It brings out feelings of nostalgia and past memories. As a natural product, it can react to climate changes, flora and fauna. Therefore, there may be slight changes in honey specification with each honey harvest. Gastronomic Tip: Honey No. 25 Christmas is not only an excellent and tasty honey consumed raw, but can also be part of the making of dried fruit infused cakes. It replaces the sugar in Christmas syrups. It can be used to sweeten tea and coffee.<\/span>    <br \/> Product Dimensions                                            \u200f                                            :                                            \u200e                                            7 x 7 x 9 cm; 660 g   <br \/> Manufacturer                                            \u200f                                            :                                            \u200e                                            Beesweet &#8230; More than Honey, Lda. &#8211; 3720-053 Oliveira de Azem\u00e9is, Portugal   <br \/> ASIN                                            \u200f                                            :                                            \u200e                                            B0CQMKD8TG   <br \/> Country of origin                                            \u200f                                            :                                            \u200e                                            Portugal   <br \/>Manufactured and packaged by: Beesweet &#8230; More than Honey, Lda. &#8211; 3720-053 Oliveira de Azem\u00e9is, Portugal<br \/>Bee honey (BIO) enriched with rosemary (BIO)<br \/>375 g x 2 bottles<br \/>Product of Portugal<br \/>EU Organic Certification: PT-BIO-05<\/p>\n\n","protected":false},"excerpt":{"rendered":"<p>Beesweet &#8230; More than Honey &#8211; Bee Honey Infused with Rosemary\/Cinnamon (BIO) &#8211; 2 x 375g Glass Jar \/ Beesweet &#8230; More Than Honey &#8211; Bee Honey with Rosemary (BIO) &#8211; 2 x 375g Glass Jars * The Honey No. 25 Christmas by Beesweet is the most aromatic in the entire Beesweet Honeey sortim. It [&hellip;]<\/p>\n","protected":false},"featured_media":2898,"comment_status":"open","ping_status":"closed","template":"","meta":{"_aipt_faq_data":""},"store":[],"product_brand":[],"product_cat":[48],"product_tag":[365],"class_list":{"0":"post-2897","1":"product","2":"type-product","3":"status-publish","4":"has-post-thumbnail","6":"product_cat-buchweizenhonig","7":"product_tag-buchweizenhonig-bio-kaufen","9":"first","10":"instock","11":"shipping-taxable","12":"product-type-external"},"yoast_head":"<!-- This site is optimized with the Yoast SEO plugin v27.4 - https:\/\/yoast.com\/product\/yoast-seo-wordpress\/ -->\n<title>Beesweet ... More than Honey - Bee Honey Infused with Rosemary (BIO) - 2 x 375 g Glass Jar\/Beesweet ... More than Honey - Bee Honey with Rosemary (BIO) - 2 x 375 g Glass Jars - PureHiveHoney<\/title>\n<meta name=\"description\" content=\"Entdecken Sie hochwertigen Rohhonig, Bio Honig, Manuka Honig und nat\u00fcrliche Bienenprodukte. PureHiveHoney hilft Ihnen dabei, sorgf\u00e4ltig ausgew\u00e4hlte Honigsorten mit nat\u00fcrlicher Qualit\u00e4t und Reinheit zu entdecken.\" \/>\n<meta name=\"robots\" content=\"index, follow, max-snippet:-1, max-image-preview:large, max-video-preview:-1\" \/>\n<link rel=\"canonical\" href=\"https:\/\/purehivehoney.com\/de\/product\/beesweet-more-than-honey-bee-honey-infused-with-rosemary-bio-2-x-375-g-glass-jar-beesweet-more-than-honey-bee-honey-with-rosemary-bio-2-x-375-g-glass-jars\/\" \/>\n<meta property=\"og:locale\" content=\"de_DE\" \/>\n<meta property=\"og:type\" content=\"article\" \/>\n<meta property=\"og:title\" content=\"Beesweet ... More than Honey - Bee Honey Infused with Rosemary (BIO) - 2 x 375 g Glass Jar\/Beesweet ... More than Honey - Bee Honey with Rosemary (BIO) - 2 x 375 g Glass Jars - PureHiveHoney\" \/>\n<meta property=\"og:description\" content=\"Entdecken Sie hochwertigen Rohhonig, Bio Honig, Manuka Honig und nat\u00fcrliche Bienenprodukte. PureHiveHoney hilft Ihnen dabei, sorgf\u00e4ltig ausgew\u00e4hlte Honigsorten mit nat\u00fcrlicher Qualit\u00e4t und Reinheit zu entdecken.\" \/>\n<meta property=\"og:url\" content=\"https:\/\/purehivehoney.com\/de\/product\/beesweet-more-than-honey-bee-honey-infused-with-rosemary-bio-2-x-375-g-glass-jar-beesweet-more-than-honey-bee-honey-with-rosemary-bio-2-x-375-g-glass-jars\/\" \/>\n<meta property=\"og:site_name\" content=\"PureHiveHoney\" \/>\n<meta property=\"article:modified_time\" content=\"2026-04-22T11:36:12+00:00\" \/>\n<meta name=\"twitter:card\" content=\"summary_large_image\" \/>\n<meta name=\"twitter:label1\" content=\"Gesch\u00e4tzte Lesezeit\" \/>\n\t<meta name=\"twitter:data1\" content=\"1\u00a0Minute\" \/>\n<script type=\"application\/ld+json\" class=\"yoast-schema-graph\">{\"@context\":\"https:\\\/\\\/schema.org\",\"@graph\":[{\"@type\":\"WebPage\",\"@id\":\"https:\\\/\\\/purehivehoney.com\\\/de\\\/product\\\/beesweet-more-than-honey-bee-honey-infused-with-rosemary-bio-2-x-375-g-glass-jar-beesweet-more-than-honey-bee-honey-with-rosemary-bio-2-x-375-g-glass-jars\\\/\",\"url\":\"https:\\\/\\\/purehivehoney.com\\\/de\\\/product\\\/beesweet-more-than-honey-bee-honey-infused-with-rosemary-bio-2-x-375-g-glass-jar-beesweet-more-than-honey-bee-honey-with-rosemary-bio-2-x-375-g-glass-jars\\\/\",\"name\":\"Beesweet ... More than Honey - Bee Honey Infused with Rosemary (BIO) - 2 x 375 g Glass Jar\\\/Beesweet ... More than Honey - Bee Honey with Rosemary (BIO) - 2 x 375 g Glass Jars - PureHiveHoney\",\"isPartOf\":{\"@id\":\"https:\\\/\\\/purehivehoney.com\\\/de\\\/#website\"},\"primaryImageOfPage\":{\"@id\":\"https:\\\/\\\/purehivehoney.com\\\/de\\\/product\\\/beesweet-more-than-honey-bee-honey-infused-with-rosemary-bio-2-x-375-g-glass-jar-beesweet-more-than-honey-bee-honey-with-rosemary-bio-2-x-375-g-glass-jars\\\/#primaryimage\"},\"image\":{\"@id\":\"https:\\\/\\\/purehivehoney.com\\\/de\\\/product\\\/beesweet-more-than-honey-bee-honey-infused-with-rosemary-bio-2-x-375-g-glass-jar-beesweet-more-than-honey-bee-honey-with-rosemary-bio-2-x-375-g-glass-jars\\\/#primaryimage\"},\"thumbnailUrl\":\"https:\\\/\\\/purehivehoney.com\\\/de\\\/wp-content\\\/uploads\\\/2026\\\/04\\\/71CC1sU42bL._SL1500_.jpg\",\"datePublished\":\"2026-04-22T11:36:10+00:00\",\"dateModified\":\"2026-04-22T11:36:12+00:00\",\"description\":\"Entdecken Sie hochwertigen Rohhonig, Bio Honig, Manuka Honig und nat\u00fcrliche Bienenprodukte. PureHiveHoney hilft Ihnen dabei, sorgf\u00e4ltig ausgew\u00e4hlte Honigsorten mit nat\u00fcrlicher Qualit\u00e4t und Reinheit zu entdecken.\",\"breadcrumb\":{\"@id\":\"https:\\\/\\\/purehivehoney.com\\\/de\\\/product\\\/beesweet-more-than-honey-bee-honey-infused-with-rosemary-bio-2-x-375-g-glass-jar-beesweet-more-than-honey-bee-honey-with-rosemary-bio-2-x-375-g-glass-jars\\\/#breadcrumb\"},\"inLanguage\":\"de\",\"potentialAction\":[{\"@type\":\"ReadAction\",\"target\":[\"https:\\\/\\\/purehivehoney.com\\\/de\\\/product\\\/beesweet-more-than-honey-bee-honey-infused-with-rosemary-bio-2-x-375-g-glass-jar-beesweet-more-than-honey-bee-honey-with-rosemary-bio-2-x-375-g-glass-jars\\\/\"]}]},{\"@type\":\"ImageObject\",\"inLanguage\":\"de\",\"@id\":\"https:\\\/\\\/purehivehoney.com\\\/de\\\/product\\\/beesweet-more-than-honey-bee-honey-infused-with-rosemary-bio-2-x-375-g-glass-jar-beesweet-more-than-honey-bee-honey-with-rosemary-bio-2-x-375-g-glass-jars\\\/#primaryimage\",\"url\":\"https:\\\/\\\/purehivehoney.com\\\/de\\\/wp-content\\\/uploads\\\/2026\\\/04\\\/71CC1sU42bL._SL1500_.jpg\",\"contentUrl\":\"https:\\\/\\\/purehivehoney.com\\\/de\\\/wp-content\\\/uploads\\\/2026\\\/04\\\/71CC1sU42bL._SL1500_.jpg\",\"width\":1500,\"height\":1419},{\"@type\":\"BreadcrumbList\",\"@id\":\"https:\\\/\\\/purehivehoney.com\\\/de\\\/product\\\/beesweet-more-than-honey-bee-honey-infused-with-rosemary-bio-2-x-375-g-glass-jar-beesweet-more-than-honey-bee-honey-with-rosemary-bio-2-x-375-g-glass-jars\\\/#breadcrumb\",\"itemListElement\":[{\"@type\":\"ListItem\",\"position\":1,\"name\":\"Home\",\"item\":\"https:\\\/\\\/purehivehoney.com\\\/de\\\/\"},{\"@type\":\"ListItem\",\"position\":2,\"name\":\"Shop\",\"item\":\"https:\\\/\\\/purehivehoney.com\\\/de\\\/shop\\\/\"},{\"@type\":\"ListItem\",\"position\":3,\"name\":\"Beesweet &#8230; More than Honey &#...\"}]},{\"@type\":\"WebSite\",\"@id\":\"https:\\\/\\\/purehivehoney.com\\\/de\\\/#website\",\"url\":\"https:\\\/\\\/purehivehoney.com\\\/de\\\/\",\"name\":\"PureHiveHoney\",\"description\":\"Reiner Honig &amp; Bienenprodukte Online | Rohhonig, Bio Honig &amp; Spezialhonig\",\"publisher\":{\"@id\":\"https:\\\/\\\/purehivehoney.com\\\/de\\\/#organization\"},\"potentialAction\":[{\"@type\":\"SearchAction\",\"target\":{\"@type\":\"EntryPoint\",\"urlTemplate\":\"https:\\\/\\\/purehivehoney.com\\\/de\\\/?s={search_term_string}\"},\"query-input\":{\"@type\":\"PropertyValueSpecification\",\"valueRequired\":true,\"valueName\":\"search_term_string\"}}],\"inLanguage\":\"de\"},{\"@type\":\"Organization\",\"@id\":\"https:\\\/\\\/purehivehoney.com\\\/de\\\/#organization\",\"name\":\"PureHiveHoney\",\"url\":\"https:\\\/\\\/purehivehoney.com\\\/de\\\/\",\"logo\":{\"@type\":\"ImageObject\",\"inLanguage\":\"de\",\"@id\":\"https:\\\/\\\/purehivehoney.com\\\/de\\\/#\\\/schema\\\/logo\\\/image\\\/\",\"url\":\"https:\\\/\\\/purehivehoney.com\\\/de\\\/wp-content\\\/uploads\\\/2026\\\/03\\\/Screenshot-2026-03-16-at-1.06.01-AM.png\",\"contentUrl\":\"https:\\\/\\\/purehivehoney.com\\\/de\\\/wp-content\\\/uploads\\\/2026\\\/03\\\/Screenshot-2026-03-16-at-1.06.01-AM.png\",\"width\":2112,\"height\":1086,\"caption\":\"PureHiveHoney\"},\"image\":{\"@id\":\"https:\\\/\\\/purehivehoney.com\\\/de\\\/#\\\/schema\\\/logo\\\/image\\\/\"}}]}<\/script>\n<!-- \/ Yoast SEO plugin. -->","yoast_head_json":{"title":"Beesweet ... More than Honey - Bee Honey Infused with Rosemary (BIO) - 2 x 375 g Glass Jar\/Beesweet ... More than Honey - Bee Honey with Rosemary (BIO) - 2 x 375 g Glass Jars - PureHiveHoney","description":"Entdecken Sie hochwertigen Rohhonig, Bio Honig, Manuka Honig und nat\u00fcrliche Bienenprodukte. PureHiveHoney hilft Ihnen dabei, sorgf\u00e4ltig ausgew\u00e4hlte Honigsorten mit nat\u00fcrlicher Qualit\u00e4t und Reinheit zu entdecken.","robots":{"index":"index","follow":"follow","max-snippet":"max-snippet:-1","max-image-preview":"max-image-preview:large","max-video-preview":"max-video-preview:-1"},"canonical":"https:\/\/purehivehoney.com\/de\/product\/beesweet-more-than-honey-bee-honey-infused-with-rosemary-bio-2-x-375-g-glass-jar-beesweet-more-than-honey-bee-honey-with-rosemary-bio-2-x-375-g-glass-jars\/","og_locale":"de_DE","og_type":"article","og_title":"Beesweet ... More than Honey - Bee Honey Infused with Rosemary (BIO) - 2 x 375 g Glass Jar\/Beesweet ... More than Honey - Bee Honey with Rosemary (BIO) - 2 x 375 g Glass Jars - PureHiveHoney","og_description":"Entdecken Sie hochwertigen Rohhonig, Bio Honig, Manuka Honig und nat\u00fcrliche Bienenprodukte. PureHiveHoney hilft Ihnen dabei, sorgf\u00e4ltig ausgew\u00e4hlte Honigsorten mit nat\u00fcrlicher Qualit\u00e4t und Reinheit zu entdecken.","og_url":"https:\/\/purehivehoney.com\/de\/product\/beesweet-more-than-honey-bee-honey-infused-with-rosemary-bio-2-x-375-g-glass-jar-beesweet-more-than-honey-bee-honey-with-rosemary-bio-2-x-375-g-glass-jars\/","og_site_name":"PureHiveHoney","article_modified_time":"2026-04-22T11:36:12+00:00","twitter_card":"summary_large_image","twitter_misc":{"Gesch\u00e4tzte Lesezeit":"1\u00a0Minute"},"schema":{"@context":"https:\/\/schema.org","@graph":[{"@type":"WebPage","@id":"https:\/\/purehivehoney.com\/de\/product\/beesweet-more-than-honey-bee-honey-infused-with-rosemary-bio-2-x-375-g-glass-jar-beesweet-more-than-honey-bee-honey-with-rosemary-bio-2-x-375-g-glass-jars\/","url":"https:\/\/purehivehoney.com\/de\/product\/beesweet-more-than-honey-bee-honey-infused-with-rosemary-bio-2-x-375-g-glass-jar-beesweet-more-than-honey-bee-honey-with-rosemary-bio-2-x-375-g-glass-jars\/","name":"Beesweet ... More than Honey - Bee Honey Infused with Rosemary (BIO) - 2 x 375 g Glass Jar\/Beesweet ... More than Honey - Bee Honey with Rosemary (BIO) - 2 x 375 g Glass Jars - PureHiveHoney","isPartOf":{"@id":"https:\/\/purehivehoney.com\/de\/#website"},"primaryImageOfPage":{"@id":"https:\/\/purehivehoney.com\/de\/product\/beesweet-more-than-honey-bee-honey-infused-with-rosemary-bio-2-x-375-g-glass-jar-beesweet-more-than-honey-bee-honey-with-rosemary-bio-2-x-375-g-glass-jars\/#primaryimage"},"image":{"@id":"https:\/\/purehivehoney.com\/de\/product\/beesweet-more-than-honey-bee-honey-infused-with-rosemary-bio-2-x-375-g-glass-jar-beesweet-more-than-honey-bee-honey-with-rosemary-bio-2-x-375-g-glass-jars\/#primaryimage"},"thumbnailUrl":"https:\/\/purehivehoney.com\/de\/wp-content\/uploads\/2026\/04\/71CC1sU42bL._SL1500_.jpg","datePublished":"2026-04-22T11:36:10+00:00","dateModified":"2026-04-22T11:36:12+00:00","description":"Entdecken Sie hochwertigen Rohhonig, Bio Honig, Manuka Honig und nat\u00fcrliche Bienenprodukte. PureHiveHoney hilft Ihnen dabei, sorgf\u00e4ltig ausgew\u00e4hlte Honigsorten mit nat\u00fcrlicher Qualit\u00e4t und Reinheit zu entdecken.","breadcrumb":{"@id":"https:\/\/purehivehoney.com\/de\/product\/beesweet-more-than-honey-bee-honey-infused-with-rosemary-bio-2-x-375-g-glass-jar-beesweet-more-than-honey-bee-honey-with-rosemary-bio-2-x-375-g-glass-jars\/#breadcrumb"},"inLanguage":"de","potentialAction":[{"@type":"ReadAction","target":["https:\/\/purehivehoney.com\/de\/product\/beesweet-more-than-honey-bee-honey-infused-with-rosemary-bio-2-x-375-g-glass-jar-beesweet-more-than-honey-bee-honey-with-rosemary-bio-2-x-375-g-glass-jars\/"]}]},{"@type":"ImageObject","inLanguage":"de","@id":"https:\/\/purehivehoney.com\/de\/product\/beesweet-more-than-honey-bee-honey-infused-with-rosemary-bio-2-x-375-g-glass-jar-beesweet-more-than-honey-bee-honey-with-rosemary-bio-2-x-375-g-glass-jars\/#primaryimage","url":"https:\/\/purehivehoney.com\/de\/wp-content\/uploads\/2026\/04\/71CC1sU42bL._SL1500_.jpg","contentUrl":"https:\/\/purehivehoney.com\/de\/wp-content\/uploads\/2026\/04\/71CC1sU42bL._SL1500_.jpg","width":1500,"height":1419},{"@type":"BreadcrumbList","@id":"https:\/\/purehivehoney.com\/de\/product\/beesweet-more-than-honey-bee-honey-infused-with-rosemary-bio-2-x-375-g-glass-jar-beesweet-more-than-honey-bee-honey-with-rosemary-bio-2-x-375-g-glass-jars\/#breadcrumb","itemListElement":[{"@type":"ListItem","position":1,"name":"Home","item":"https:\/\/purehivehoney.com\/de\/"},{"@type":"ListItem","position":2,"name":"Shop","item":"https:\/\/purehivehoney.com\/de\/shop\/"},{"@type":"ListItem","position":3,"name":"Beesweet &#8230; More than Honey &#..."}]},{"@type":"WebSite","@id":"https:\/\/purehivehoney.com\/de\/#website","url":"https:\/\/purehivehoney.com\/de\/","name":"PureHiveHoney","description":"Reiner Honig &amp; Bienenprodukte Online | Rohhonig, Bio Honig &amp; Spezialhonig","publisher":{"@id":"https:\/\/purehivehoney.com\/de\/#organization"},"potentialAction":[{"@type":"SearchAction","target":{"@type":"EntryPoint","urlTemplate":"https:\/\/purehivehoney.com\/de\/?s={search_term_string}"},"query-input":{"@type":"PropertyValueSpecification","valueRequired":true,"valueName":"search_term_string"}}],"inLanguage":"de"},{"@type":"Organization","@id":"https:\/\/purehivehoney.com\/de\/#organization","name":"PureHiveHoney","url":"https:\/\/purehivehoney.com\/de\/","logo":{"@type":"ImageObject","inLanguage":"de","@id":"https:\/\/purehivehoney.com\/de\/#\/schema\/logo\/image\/","url":"https:\/\/purehivehoney.com\/de\/wp-content\/uploads\/2026\/03\/Screenshot-2026-03-16-at-1.06.01-AM.png","contentUrl":"https:\/\/purehivehoney.com\/de\/wp-content\/uploads\/2026\/03\/Screenshot-2026-03-16-at-1.06.01-AM.png","width":2112,"height":1086,"caption":"PureHiveHoney"},"image":{"@id":"https:\/\/purehivehoney.com\/de\/#\/schema\/logo\/image\/"}}]}},"_links":{"self":[{"href":"https:\/\/purehivehoney.com\/de\/wp-json\/wp\/v2\/product\/2897","targetHints":{"allow":["GET"]}}],"collection":[{"href":"https:\/\/purehivehoney.com\/de\/wp-json\/wp\/v2\/product"}],"about":[{"href":"https:\/\/purehivehoney.com\/de\/wp-json\/wp\/v2\/types\/product"}],"replies":[{"embeddable":true,"href":"https:\/\/purehivehoney.com\/de\/wp-json\/wp\/v2\/comments?post=2897"}],"wp:featuredmedia":[{"embeddable":true,"href":"https:\/\/purehivehoney.com\/de\/wp-json\/wp\/v2\/media\/2898"}],"wp:attachment":[{"href":"https:\/\/purehivehoney.com\/de\/wp-json\/wp\/v2\/media?parent=2897"}],"wp:term":[{"taxonomy":"store","embeddable":true,"href":"https:\/\/purehivehoney.com\/de\/wp-json\/wp\/v2\/store?post=2897"},{"taxonomy":"product_brand","embeddable":true,"href":"https:\/\/purehivehoney.com\/de\/wp-json\/wp\/v2\/product_brand?post=2897"},{"taxonomy":"product_cat","embeddable":true,"href":"https:\/\/purehivehoney.com\/de\/wp-json\/wp\/v2\/product_cat?post=2897"},{"taxonomy":"product_tag","embeddable":true,"href":"https:\/\/purehivehoney.com\/de\/wp-json\/wp\/v2\/product_tag?post=2897"}],"curies":[{"name":"wp","href":"https:\/\/api.w.org\/{rel}","templated":true}]}}