{"id":2870,"date":"2026-04-22T09:28:03","date_gmt":"2026-04-22T09:28:03","guid":{"rendered":"https:\/\/purehivehoney.com\/de\/product\/beesweet-more-than-honey-honey-infused-with-lemongrass-citrus-bio-2-x-375g-jar-bee-honey-enriched-with-lemongrass-citrus-fruits-bio-2-x-375g-glass-jars\/"},"modified":"2026-04-22T09:28:05","modified_gmt":"2026-04-22T09:28:05","slug":"beesweet-more-than-honey-honey-infused-with-lemongrass-citrus-bio-2-x-375g-jar-bee-honey-enriched-with-lemongrass-citrus-fruits-bio-2-x-375g-glass-jars","status":"publish","type":"product","link":"https:\/\/purehivehoney.com\/de\/product\/beesweet-more-than-honey-honey-infused-with-lemongrass-citrus-bio-2-x-375g-jar-bee-honey-enriched-with-lemongrass-citrus-fruits-bio-2-x-375g-glass-jars\/","title":{"rendered":"Beesweet &#8230; More than Honey &#..."},"content":{"rendered":"<p>    <span>Beesweet &#8230; Beesweet &#8230; More than Honey &#8211; Bee Honey Infused with Lemongrass \/ Citrus (BIO) &#8211; 2 x 375 g Glass Jar \/ Beesweet &#8230; More than Honey &#8211; Bee Honey Enriched with Lemongrass \/ Citrus Fruits (BIO) &#8211; 2 x 375 g Glass Jars * The Honey No. 1 Lemograss \/ Citrus from Beesweet is the of all types of honey from Beesweet. With a soft and citrus taste, this honey takes us to orchards where the scent of lemon, orange, grapefruit and lime dominates. It is a refreshing honey that can delight the most refined taste and the most sensitive palate. Amber colour, the aroma in the mouth is soft and fruity, refreshing and lemony, on the palate you can feel a nuance of lemon. As a natural product, it can react to climate changes, flora and fauna. Therefore, there may be slight changes in honey specification with each honey harvest. Gastronomic tip: The N\u00ba1 Lemongrass Citrus goes wonderfully with fresh salads. For example, it harmonises wonderfully with vanilla ice cream. You can use it to sweeten your natural yogurt. This honey is also great as an ingredient for caipirinhas and mojitos and replaces sugar.<\/span>    <br \/> Product Dimensions                                            \u200f                                            :                                            \u200e                                            7 x 7 x 9 cm; 660 g   <br \/> Manufacturer                                            \u200f                                            :                                            \u200e                                            Beesweet &#8230; More than Honey, Lda. &#8211; 3720-053 Oliveira de Azem\u00e9is, Portugal   <br \/> ASIN                                            \u200f                                            :                                            \u200e                                            B0CQMX3VXC   <br \/> Country of origin                                            \u200f                                            :                                            \u200e                                            Portugal   <br \/>Manufactured and packaged by: Beesweet &#8230; More than Honey, Lda. &#8211; 3720-053 Oliveira de Azem\u00e9is, Portugal<br \/>Bee honey enriched with lemongrass\/citrus fruits (BIO)<br \/>375 g x 2 bottles<br \/>Product of Portugal<br \/>EU Organic Certification: PT-BIO-05<\/p>\n\n","protected":false},"excerpt":{"rendered":"<p>Beesweet &#8230; Beesweet &#8230; More than Honey &#8211; Bee Honey Infused with Lemongrass \/ Citrus (BIO) &#8211; 2 x 375 g Glass Jar \/ Beesweet &#8230; More than Honey &#8211; Bee Honey Enriched with Lemongrass \/ Citrus Fruits (BIO) &#8211; 2 x 375 g Glass Jars * The Honey No. 1 Lemograss \/ Citrus from [&hellip;]<\/p>\n","protected":false},"featured_media":2871,"comment_status":"open","ping_status":"closed","template":"","meta":{"_aipt_faq_data":""},"store":[],"product_brand":[],"product_cat":[48],"product_tag":[365],"class_list":{"0":"post-2870","1":"product","2":"type-product","3":"status-publish","4":"has-post-thumbnail","6":"product_cat-buchweizenhonig","7":"product_tag-buchweizenhonig-bio-kaufen","9":"first","10":"instock","11":"shipping-taxable","12":"product-type-external"},"yoast_head":"<!-- This site is optimized with the Yoast SEO plugin v27.4 - https:\/\/yoast.com\/product\/yoast-seo-wordpress\/ -->\n<title>Beesweet ... More than Honey - Honey Infused with Lemongrass\/Citrus (BIO) - 2 x 375g Jar - Bee Honey Enriched with Lemongrass \/ Citrus Fruits (BIO) - 2 x 375g Glass Jars - PureHiveHoney<\/title>\n<meta name=\"description\" content=\"Entdecken Sie hochwertigen Rohhonig, Bio Honig, Manuka Honig und nat\u00fcrliche Bienenprodukte. PureHiveHoney hilft Ihnen dabei, sorgf\u00e4ltig ausgew\u00e4hlte Honigsorten mit nat\u00fcrlicher Qualit\u00e4t und Reinheit zu entdecken.\" \/>\n<meta name=\"robots\" content=\"index, follow, max-snippet:-1, max-image-preview:large, max-video-preview:-1\" \/>\n<link rel=\"canonical\" href=\"https:\/\/purehivehoney.com\/de\/product\/beesweet-more-than-honey-honey-infused-with-lemongrass-citrus-bio-2-x-375g-jar-bee-honey-enriched-with-lemongrass-citrus-fruits-bio-2-x-375g-glass-jars\/\" \/>\n<meta property=\"og:locale\" content=\"de_DE\" \/>\n<meta property=\"og:type\" content=\"article\" \/>\n<meta property=\"og:title\" content=\"Beesweet ... More than Honey - Honey Infused with Lemongrass\/Citrus (BIO) - 2 x 375g Jar - Bee Honey Enriched with Lemongrass \/ Citrus Fruits (BIO) - 2 x 375g Glass Jars - PureHiveHoney\" \/>\n<meta property=\"og:description\" content=\"Entdecken Sie hochwertigen Rohhonig, Bio Honig, Manuka Honig und nat\u00fcrliche Bienenprodukte. PureHiveHoney hilft Ihnen dabei, sorgf\u00e4ltig ausgew\u00e4hlte Honigsorten mit nat\u00fcrlicher Qualit\u00e4t und Reinheit zu entdecken.\" \/>\n<meta property=\"og:url\" content=\"https:\/\/purehivehoney.com\/de\/product\/beesweet-more-than-honey-honey-infused-with-lemongrass-citrus-bio-2-x-375g-jar-bee-honey-enriched-with-lemongrass-citrus-fruits-bio-2-x-375g-glass-jars\/\" \/>\n<meta property=\"og:site_name\" content=\"PureHiveHoney\" \/>\n<meta property=\"article:modified_time\" content=\"2026-04-22T09:28:05+00:00\" \/>\n<meta name=\"twitter:card\" content=\"summary_large_image\" \/>\n<meta name=\"twitter:label1\" content=\"Gesch\u00e4tzte Lesezeit\" \/>\n\t<meta name=\"twitter:data1\" content=\"1\u00a0Minute\" \/>\n<script type=\"application\/ld+json\" class=\"yoast-schema-graph\">{\"@context\":\"https:\\\/\\\/schema.org\",\"@graph\":[{\"@type\":\"WebPage\",\"@id\":\"https:\\\/\\\/purehivehoney.com\\\/de\\\/product\\\/beesweet-more-than-honey-honey-infused-with-lemongrass-citrus-bio-2-x-375g-jar-bee-honey-enriched-with-lemongrass-citrus-fruits-bio-2-x-375g-glass-jars\\\/\",\"url\":\"https:\\\/\\\/purehivehoney.com\\\/de\\\/product\\\/beesweet-more-than-honey-honey-infused-with-lemongrass-citrus-bio-2-x-375g-jar-bee-honey-enriched-with-lemongrass-citrus-fruits-bio-2-x-375g-glass-jars\\\/\",\"name\":\"Beesweet ... More than Honey - Honey Infused with Lemongrass\\\/Citrus (BIO) - 2 x 375g Jar - Bee Honey Enriched with Lemongrass \\\/ Citrus Fruits (BIO) - 2 x 375g Glass Jars - PureHiveHoney\",\"isPartOf\":{\"@id\":\"https:\\\/\\\/purehivehoney.com\\\/de\\\/#website\"},\"primaryImageOfPage\":{\"@id\":\"https:\\\/\\\/purehivehoney.com\\\/de\\\/product\\\/beesweet-more-than-honey-honey-infused-with-lemongrass-citrus-bio-2-x-375g-jar-bee-honey-enriched-with-lemongrass-citrus-fruits-bio-2-x-375g-glass-jars\\\/#primaryimage\"},\"image\":{\"@id\":\"https:\\\/\\\/purehivehoney.com\\\/de\\\/product\\\/beesweet-more-than-honey-honey-infused-with-lemongrass-citrus-bio-2-x-375g-jar-bee-honey-enriched-with-lemongrass-citrus-fruits-bio-2-x-375g-glass-jars\\\/#primaryimage\"},\"thumbnailUrl\":\"https:\\\/\\\/purehivehoney.com\\\/de\\\/wp-content\\\/uploads\\\/2026\\\/04\\\/71RsKiEM6SL._SL1500_.jpg\",\"datePublished\":\"2026-04-22T09:28:03+00:00\",\"dateModified\":\"2026-04-22T09:28:05+00:00\",\"description\":\"Entdecken Sie hochwertigen Rohhonig, Bio Honig, Manuka Honig und nat\u00fcrliche Bienenprodukte. PureHiveHoney hilft Ihnen dabei, sorgf\u00e4ltig ausgew\u00e4hlte Honigsorten mit nat\u00fcrlicher Qualit\u00e4t und Reinheit zu entdecken.\",\"breadcrumb\":{\"@id\":\"https:\\\/\\\/purehivehoney.com\\\/de\\\/product\\\/beesweet-more-than-honey-honey-infused-with-lemongrass-citrus-bio-2-x-375g-jar-bee-honey-enriched-with-lemongrass-citrus-fruits-bio-2-x-375g-glass-jars\\\/#breadcrumb\"},\"inLanguage\":\"de\",\"potentialAction\":[{\"@type\":\"ReadAction\",\"target\":[\"https:\\\/\\\/purehivehoney.com\\\/de\\\/product\\\/beesweet-more-than-honey-honey-infused-with-lemongrass-citrus-bio-2-x-375g-jar-bee-honey-enriched-with-lemongrass-citrus-fruits-bio-2-x-375g-glass-jars\\\/\"]}]},{\"@type\":\"ImageObject\",\"inLanguage\":\"de\",\"@id\":\"https:\\\/\\\/purehivehoney.com\\\/de\\\/product\\\/beesweet-more-than-honey-honey-infused-with-lemongrass-citrus-bio-2-x-375g-jar-bee-honey-enriched-with-lemongrass-citrus-fruits-bio-2-x-375g-glass-jars\\\/#primaryimage\",\"url\":\"https:\\\/\\\/purehivehoney.com\\\/de\\\/wp-content\\\/uploads\\\/2026\\\/04\\\/71RsKiEM6SL._SL1500_.jpg\",\"contentUrl\":\"https:\\\/\\\/purehivehoney.com\\\/de\\\/wp-content\\\/uploads\\\/2026\\\/04\\\/71RsKiEM6SL._SL1500_.jpg\",\"width\":1500,\"height\":1439},{\"@type\":\"BreadcrumbList\",\"@id\":\"https:\\\/\\\/purehivehoney.com\\\/de\\\/product\\\/beesweet-more-than-honey-honey-infused-with-lemongrass-citrus-bio-2-x-375g-jar-bee-honey-enriched-with-lemongrass-citrus-fruits-bio-2-x-375g-glass-jars\\\/#breadcrumb\",\"itemListElement\":[{\"@type\":\"ListItem\",\"position\":1,\"name\":\"Home\",\"item\":\"https:\\\/\\\/purehivehoney.com\\\/de\\\/\"},{\"@type\":\"ListItem\",\"position\":2,\"name\":\"Shop\",\"item\":\"https:\\\/\\\/purehivehoney.com\\\/de\\\/shop\\\/\"},{\"@type\":\"ListItem\",\"position\":3,\"name\":\"Beesweet &#8230; More than Honey &#...\"}]},{\"@type\":\"WebSite\",\"@id\":\"https:\\\/\\\/purehivehoney.com\\\/de\\\/#website\",\"url\":\"https:\\\/\\\/purehivehoney.com\\\/de\\\/\",\"name\":\"PureHiveHoney\",\"description\":\"Reiner Honig &amp; Bienenprodukte Online | Rohhonig, Bio Honig &amp; Spezialhonig\",\"publisher\":{\"@id\":\"https:\\\/\\\/purehivehoney.com\\\/de\\\/#organization\"},\"potentialAction\":[{\"@type\":\"SearchAction\",\"target\":{\"@type\":\"EntryPoint\",\"urlTemplate\":\"https:\\\/\\\/purehivehoney.com\\\/de\\\/?s={search_term_string}\"},\"query-input\":{\"@type\":\"PropertyValueSpecification\",\"valueRequired\":true,\"valueName\":\"search_term_string\"}}],\"inLanguage\":\"de\"},{\"@type\":\"Organization\",\"@id\":\"https:\\\/\\\/purehivehoney.com\\\/de\\\/#organization\",\"name\":\"PureHiveHoney\",\"url\":\"https:\\\/\\\/purehivehoney.com\\\/de\\\/\",\"logo\":{\"@type\":\"ImageObject\",\"inLanguage\":\"de\",\"@id\":\"https:\\\/\\\/purehivehoney.com\\\/de\\\/#\\\/schema\\\/logo\\\/image\\\/\",\"url\":\"https:\\\/\\\/purehivehoney.com\\\/de\\\/wp-content\\\/uploads\\\/2026\\\/03\\\/Screenshot-2026-03-16-at-1.06.01-AM.png\",\"contentUrl\":\"https:\\\/\\\/purehivehoney.com\\\/de\\\/wp-content\\\/uploads\\\/2026\\\/03\\\/Screenshot-2026-03-16-at-1.06.01-AM.png\",\"width\":2112,\"height\":1086,\"caption\":\"PureHiveHoney\"},\"image\":{\"@id\":\"https:\\\/\\\/purehivehoney.com\\\/de\\\/#\\\/schema\\\/logo\\\/image\\\/\"}}]}<\/script>\n<!-- \/ Yoast SEO plugin. -->","yoast_head_json":{"title":"Beesweet ... More than Honey - Honey Infused with Lemongrass\/Citrus (BIO) - 2 x 375g Jar - Bee Honey Enriched with Lemongrass \/ Citrus Fruits (BIO) - 2 x 375g Glass Jars - PureHiveHoney","description":"Entdecken Sie hochwertigen Rohhonig, Bio Honig, Manuka Honig und nat\u00fcrliche Bienenprodukte. PureHiveHoney hilft Ihnen dabei, sorgf\u00e4ltig ausgew\u00e4hlte Honigsorten mit nat\u00fcrlicher Qualit\u00e4t und Reinheit zu entdecken.","robots":{"index":"index","follow":"follow","max-snippet":"max-snippet:-1","max-image-preview":"max-image-preview:large","max-video-preview":"max-video-preview:-1"},"canonical":"https:\/\/purehivehoney.com\/de\/product\/beesweet-more-than-honey-honey-infused-with-lemongrass-citrus-bio-2-x-375g-jar-bee-honey-enriched-with-lemongrass-citrus-fruits-bio-2-x-375g-glass-jars\/","og_locale":"de_DE","og_type":"article","og_title":"Beesweet ... More than Honey - Honey Infused with Lemongrass\/Citrus (BIO) - 2 x 375g Jar - Bee Honey Enriched with Lemongrass \/ Citrus Fruits (BIO) - 2 x 375g Glass Jars - PureHiveHoney","og_description":"Entdecken Sie hochwertigen Rohhonig, Bio Honig, Manuka Honig und nat\u00fcrliche Bienenprodukte. PureHiveHoney hilft Ihnen dabei, sorgf\u00e4ltig ausgew\u00e4hlte Honigsorten mit nat\u00fcrlicher Qualit\u00e4t und Reinheit zu entdecken.","og_url":"https:\/\/purehivehoney.com\/de\/product\/beesweet-more-than-honey-honey-infused-with-lemongrass-citrus-bio-2-x-375g-jar-bee-honey-enriched-with-lemongrass-citrus-fruits-bio-2-x-375g-glass-jars\/","og_site_name":"PureHiveHoney","article_modified_time":"2026-04-22T09:28:05+00:00","twitter_card":"summary_large_image","twitter_misc":{"Gesch\u00e4tzte Lesezeit":"1\u00a0Minute"},"schema":{"@context":"https:\/\/schema.org","@graph":[{"@type":"WebPage","@id":"https:\/\/purehivehoney.com\/de\/product\/beesweet-more-than-honey-honey-infused-with-lemongrass-citrus-bio-2-x-375g-jar-bee-honey-enriched-with-lemongrass-citrus-fruits-bio-2-x-375g-glass-jars\/","url":"https:\/\/purehivehoney.com\/de\/product\/beesweet-more-than-honey-honey-infused-with-lemongrass-citrus-bio-2-x-375g-jar-bee-honey-enriched-with-lemongrass-citrus-fruits-bio-2-x-375g-glass-jars\/","name":"Beesweet ... More than Honey - Honey Infused with Lemongrass\/Citrus (BIO) - 2 x 375g Jar - Bee Honey Enriched with Lemongrass \/ Citrus Fruits (BIO) - 2 x 375g Glass Jars - PureHiveHoney","isPartOf":{"@id":"https:\/\/purehivehoney.com\/de\/#website"},"primaryImageOfPage":{"@id":"https:\/\/purehivehoney.com\/de\/product\/beesweet-more-than-honey-honey-infused-with-lemongrass-citrus-bio-2-x-375g-jar-bee-honey-enriched-with-lemongrass-citrus-fruits-bio-2-x-375g-glass-jars\/#primaryimage"},"image":{"@id":"https:\/\/purehivehoney.com\/de\/product\/beesweet-more-than-honey-honey-infused-with-lemongrass-citrus-bio-2-x-375g-jar-bee-honey-enriched-with-lemongrass-citrus-fruits-bio-2-x-375g-glass-jars\/#primaryimage"},"thumbnailUrl":"https:\/\/purehivehoney.com\/de\/wp-content\/uploads\/2026\/04\/71RsKiEM6SL._SL1500_.jpg","datePublished":"2026-04-22T09:28:03+00:00","dateModified":"2026-04-22T09:28:05+00:00","description":"Entdecken Sie hochwertigen Rohhonig, Bio Honig, Manuka Honig und nat\u00fcrliche Bienenprodukte. PureHiveHoney hilft Ihnen dabei, sorgf\u00e4ltig ausgew\u00e4hlte Honigsorten mit nat\u00fcrlicher Qualit\u00e4t und Reinheit zu entdecken.","breadcrumb":{"@id":"https:\/\/purehivehoney.com\/de\/product\/beesweet-more-than-honey-honey-infused-with-lemongrass-citrus-bio-2-x-375g-jar-bee-honey-enriched-with-lemongrass-citrus-fruits-bio-2-x-375g-glass-jars\/#breadcrumb"},"inLanguage":"de","potentialAction":[{"@type":"ReadAction","target":["https:\/\/purehivehoney.com\/de\/product\/beesweet-more-than-honey-honey-infused-with-lemongrass-citrus-bio-2-x-375g-jar-bee-honey-enriched-with-lemongrass-citrus-fruits-bio-2-x-375g-glass-jars\/"]}]},{"@type":"ImageObject","inLanguage":"de","@id":"https:\/\/purehivehoney.com\/de\/product\/beesweet-more-than-honey-honey-infused-with-lemongrass-citrus-bio-2-x-375g-jar-bee-honey-enriched-with-lemongrass-citrus-fruits-bio-2-x-375g-glass-jars\/#primaryimage","url":"https:\/\/purehivehoney.com\/de\/wp-content\/uploads\/2026\/04\/71RsKiEM6SL._SL1500_.jpg","contentUrl":"https:\/\/purehivehoney.com\/de\/wp-content\/uploads\/2026\/04\/71RsKiEM6SL._SL1500_.jpg","width":1500,"height":1439},{"@type":"BreadcrumbList","@id":"https:\/\/purehivehoney.com\/de\/product\/beesweet-more-than-honey-honey-infused-with-lemongrass-citrus-bio-2-x-375g-jar-bee-honey-enriched-with-lemongrass-citrus-fruits-bio-2-x-375g-glass-jars\/#breadcrumb","itemListElement":[{"@type":"ListItem","position":1,"name":"Home","item":"https:\/\/purehivehoney.com\/de\/"},{"@type":"ListItem","position":2,"name":"Shop","item":"https:\/\/purehivehoney.com\/de\/shop\/"},{"@type":"ListItem","position":3,"name":"Beesweet &#8230; More than Honey &#..."}]},{"@type":"WebSite","@id":"https:\/\/purehivehoney.com\/de\/#website","url":"https:\/\/purehivehoney.com\/de\/","name":"PureHiveHoney","description":"Reiner Honig &amp; Bienenprodukte Online | Rohhonig, Bio Honig &amp; Spezialhonig","publisher":{"@id":"https:\/\/purehivehoney.com\/de\/#organization"},"potentialAction":[{"@type":"SearchAction","target":{"@type":"EntryPoint","urlTemplate":"https:\/\/purehivehoney.com\/de\/?s={search_term_string}"},"query-input":{"@type":"PropertyValueSpecification","valueRequired":true,"valueName":"search_term_string"}}],"inLanguage":"de"},{"@type":"Organization","@id":"https:\/\/purehivehoney.com\/de\/#organization","name":"PureHiveHoney","url":"https:\/\/purehivehoney.com\/de\/","logo":{"@type":"ImageObject","inLanguage":"de","@id":"https:\/\/purehivehoney.com\/de\/#\/schema\/logo\/image\/","url":"https:\/\/purehivehoney.com\/de\/wp-content\/uploads\/2026\/03\/Screenshot-2026-03-16-at-1.06.01-AM.png","contentUrl":"https:\/\/purehivehoney.com\/de\/wp-content\/uploads\/2026\/03\/Screenshot-2026-03-16-at-1.06.01-AM.png","width":2112,"height":1086,"caption":"PureHiveHoney"},"image":{"@id":"https:\/\/purehivehoney.com\/de\/#\/schema\/logo\/image\/"}}]}},"_links":{"self":[{"href":"https:\/\/purehivehoney.com\/de\/wp-json\/wp\/v2\/product\/2870","targetHints":{"allow":["GET"]}}],"collection":[{"href":"https:\/\/purehivehoney.com\/de\/wp-json\/wp\/v2\/product"}],"about":[{"href":"https:\/\/purehivehoney.com\/de\/wp-json\/wp\/v2\/types\/product"}],"replies":[{"embeddable":true,"href":"https:\/\/purehivehoney.com\/de\/wp-json\/wp\/v2\/comments?post=2870"}],"wp:featuredmedia":[{"embeddable":true,"href":"https:\/\/purehivehoney.com\/de\/wp-json\/wp\/v2\/media\/2871"}],"wp:attachment":[{"href":"https:\/\/purehivehoney.com\/de\/wp-json\/wp\/v2\/media?parent=2870"}],"wp:term":[{"taxonomy":"store","embeddable":true,"href":"https:\/\/purehivehoney.com\/de\/wp-json\/wp\/v2\/store?post=2870"},{"taxonomy":"product_brand","embeddable":true,"href":"https:\/\/purehivehoney.com\/de\/wp-json\/wp\/v2\/product_brand?post=2870"},{"taxonomy":"product_cat","embeddable":true,"href":"https:\/\/purehivehoney.com\/de\/wp-json\/wp\/v2\/product_cat?post=2870"},{"taxonomy":"product_tag","embeddable":true,"href":"https:\/\/purehivehoney.com\/de\/wp-json\/wp\/v2\/product_tag?post=2870"}],"curies":[{"name":"wp","href":"https:\/\/api.w.org\/{rel}","templated":true}]}}