{"id":2853,"date":"2026-04-22T09:12:38","date_gmt":"2026-04-22T09:12:38","guid":{"rendered":"https:\/\/purehivehoney.com\/de\/product\/scottish-heather-honey-340g-with-packaging-and-wildflower-seed-bag\/"},"modified":"2026-04-22T09:12:49","modified_gmt":"2026-04-22T09:12:49","slug":"scottish-heather-honey-340g-with-packaging-and-wildflower-seed-bag","status":"publish","type":"product","link":"https:\/\/purehivehoney.com\/de\/product\/scottish-heather-honey-340g-with-packaging-and-wildflower-seed-bag\/","title":{"rendered":"Scottish Heather Honey 340g with Pa..."},"content":{"rendered":"<p>                                             Product Description   <\/p>\n<p>                                                                                                       <img decoding=\"async\" alt=\"Produktbild f\u00fcr Scottish Heather Honey. Dunkler Hintergrund mit Text, der den Geschmack und den Status \u201eausgezeichnet\u201c beschreibt\" src=\"https:\/\/images-na.ssl-images-amazon.com\/images\/G\/01\/x-locale\/common\/grey-pixel.gif\" class=\"a-lazy-loaded\" data-src=\"https:\/\/m.media-amazon.com\/images\/S\/aplus-media-library-service-media\/0e7b6024-37bf-489c-9ca8-33f0bb217a42.__CR0,0,3050,1250_PT0_SX1464_V1___.png\"><img decoding=\"async\" alt=\"Produktbild f\u00fcr Scottish Heather Honey. Dunkler Hintergrund mit Text, der den Geschmack und den Status \u201eausgezeichnet\u201c beschreibt\" src=\"https:\/\/m.media-amazon.com\/images\/S\/aplus-media-library-service-media\/0e7b6024-37bf-489c-9ca8-33f0bb217a42.__CR0,0,3050,1250_PT0_SX1464_V1___.png\">                                               <\/p>\n<p>                                                                                                       <img decoding=\"async\" alt=\"Glasgef\u00e4\u00df mit dunklem Honig auf Holzoberfl\u00e4che mit Bienenwabe daneben, mit Great Taste Award-Abzeichen\" src=\"https:\/\/images-na.ssl-images-amazon.com\/images\/G\/01\/x-locale\/common\/grey-pixel.gif\" class=\"a-lazy-loaded\" data-src=\"https:\/\/m.media-amazon.com\/images\/S\/aplus-media-library-service-media\/456e33a5-d0ce-4507-ae03-fa65d4d4d951.__CR0,0,3050,1250_PT0_SX1464_V1___.png\"><img decoding=\"async\" alt=\"Glasgef\u00e4\u00df mit dunklem Honig auf Holzoberfl\u00e4che mit Bienenwabe daneben, mit Great Taste Award-Abzeichen\" src=\"https:\/\/m.media-amazon.com\/images\/S\/aplus-media-library-service-media\/456e33a5-d0ce-4507-ae03-fa65d4d4d951.__CR0,0,3050,1250_PT0_SX1464_V1___.png\">                                               <\/p>\n<p>                                                                <img decoding=\"async\" alt=\"\" src=\"https:\/\/images-na.ssl-images-amazon.com\/images\/G\/01\/x-locale\/common\/grey-pixel.gif\" class=\"a-lazy-loaded\" data-src=\"https:\/\/m.media-amazon.com\/images\/S\/aplus-media-library-service-media\/9d426e05-ed4d-402c-b379-ebefa93fd9e8.__CR0,0,3050,1250_PT0_SX1464_V1___.png\"><img decoding=\"async\" alt=\"\" src=\"https:\/\/m.media-amazon.com\/images\/S\/aplus-media-library-service-media\/9d426e05-ed4d-402c-b379-ebefa93fd9e8.__CR0,0,3050,1250_PT0_SX1464_V1___.png\">        <\/p>\n<p>                                                                                  <img decoding=\"async\" alt=\"Handgemachtes Honigdisplay mit schwarz beschrifteten Gl\u00e4sern, Wabenst\u00fccken auf kleinen Tellern und einem St\u00fcck Kuchen neben einer Kaffeetasse\" src=\"https:\/\/m.media-amazon.com\/images\/S\/aplus-media-library-service-media\/47708028-2aa3-4724-a6db-65f5451e5c17.__CR0,0,3050,1250_PT0_SX1464_V1___.png\">       <\/p>\n<p>                                                                                  <img decoding=\"async\" alt=\"Fr\u00fchst\u00fccksszene mit einem Stapel Pfannkuchen mit Blaubeeren, einem Glas Honig und einer Tasse Kaffee. Auf der Text\u00fcberlagerung steht \u201eDRIZZLE OVER PANCAKES\u201c\" src=\"https:\/\/m.media-amazon.com\/images\/S\/aplus-media-library-service-media\/679e25d4-1926-432a-85c7-728623062593.__CR0,0,3050,1250_PT0_SX1464_V1___.png\">       <\/p>\n<p>                                                                                  <img decoding=\"async\" alt=\"Zwei Gl\u00e4ser mit geschichtetem Fr\u00fchst\u00fccksparfait mit M\u00fcsli, Beeren und einem Glas Honig mit der Aufschrift \u201eBEE\u201c in der N\u00e4he auf einer\" src=\"https:\/\/m.media-amazon.com\/images\/S\/aplus-media-library-service-media\/b5bbef71-d32e-4cc1-a19c-154798e1956a.__CR0,0,3050,1250_PT0_SX1464_V1___.png\">       <\/p>\n<p>                                                                                  <img decoding=\"async\" alt=\"Drei Gl\u00e4ser mit Bienenhonigsorten auf wei\u00dfer Oberfl\u00e4che mit Wabe und Gabel. Der obige Text lautet \u201eF\u00dcGEN SIE IHREM FR\u00dcHST\u00dcCK EIN WENIG LUXUS HINZU\" src=\"https:\/\/m.media-amazon.com\/images\/S\/aplus-media-library-service-media\/e449207a-a4c4-499a-9566-43b9cb0efe70.__CR0,0,3050,1250_PT0_SX1464_V1___.png\">       <\/p>\n<p>                                                                                  <img decoding=\"async\" alt=\"Honigglas mit den aufgef\u00fchrten gesundheitlichen Vorteilen: antibakterielle Eigenschaften, hohe Antioxidantien und hoher Mangangehalt. Das goldene Banner betont \u201eGute Wahl f\u00fcr Ihre Gesundheit\" src=\"https:\/\/m.media-amazon.com\/images\/S\/aplus-media-library-service-media\/4d071b4c-d63e-45e8-a92f-c3119f60ae5d.__CR0,0,3050,1250_PT0_SX1464_V1___.png\">       <\/p>\n<h3 class=\"a-text-center aplus-h1 a-text-bold\"> Entdecken Sie unser Sortiment <\/h3>\n<p>                         Add To Basket  <\/p>\n<p>                                     Customer Reviews  <\/p>\n<p>                    4.6 out of 5 stars  135  <\/p>\n<p>                \u2014                                     <\/p>\n<p>                \u2014                                     <\/p>\n<p>                \u2014                                     <\/p>\n<p>                    4.2 out of 5 stars  5  <\/p>\n<p>                                     Price  <\/p>\n<p>                                                        USD\u00a041.34USD41.34     <\/p>\n<p>                                                        \u2014    <\/p>\n<p>                                                        \u2014    <\/p>\n<p>                                                        \u2014    <\/p>\n<p>                                                        \u2014    <\/p>\n<p>                                     Gr\u00f6\u00dfe:  <\/p>\n<p>                                                227 g und 340 g    <\/p>\n<p>                                                227 g und 340 g    <\/p>\n<p>                                                227 g und 340 g    <\/p>\n<p>                                                220 g    <\/p>\n<p>                                                3 x 227 g    <\/p>\n<p>                                     Nektar  <\/p>\n<p>                                                Heather    <\/p>\n<p>                                                Bl\u00fcte    <\/p>\n<p>                                                Heather &amp; Blossom    <\/p>\n<p>                                                Heather    <\/p>\n<p>                                                Heather &amp; Blossom    <\/p>\n<p>                                     Reiner Honig  <\/p>\n<p>                                                    \u2714       <\/p>\n<p>                                                    \u2714       <\/p>\n<p>                                                    \u2714       <\/p>\n<p>                                                    \u2714       <\/p>\n<p>                                                    \u2714       <\/p>\n<p>                                     Bienenfreundlich  <\/p>\n<p>                                                    \u2714       <\/p>\n<p>                                                    \u2714       <\/p>\n<p>                                                    \u2714       <\/p>\n<p>                                                    \u2714       <\/p>\n<p>                                                    \u2714       <\/p>\n<p>                                     Hergestellt in Schottland  <\/p>\n<p>                                                    \u2714       <\/p>\n<p>                                                    \u2714       <\/p>\n<p>                                                    \u2714       <\/p>\n<p>                                                    \u2714       <\/p>\n<p>                                                    \u2714       <\/p>\n<p>                                                                                                       <img decoding=\"async\" alt=\"Geteiltes Bild mit Text \u00fcber ein sozial verantwortliches Unternehmen und Imkereiausr\u00fcstung, einschlie\u00dflich wei\u00dfer Schutzanz\u00fcge und H\u00fcte vor einem Naturhintergrund\" src=\"https:\/\/images-na.ssl-images-amazon.com\/images\/G\/01\/x-locale\/common\/grey-pixel.gif\" class=\"a-lazy-loaded\" data-src=\"https:\/\/m.media-amazon.com\/images\/S\/aplus-media-library-service-media\/4a01bd69-b680-42b4-a272-d939957a0dbc.__CR0,0,3050,1250_PT0_SX1464_V1___.png\"><img decoding=\"async\" alt=\"Geteiltes Bild mit Text \u00fcber ein sozial verantwortliches Unternehmen und Imkereiausr\u00fcstung, einschlie\u00dflich wei\u00dfer Schutzanz\u00fcge und H\u00fcte vor einem Naturhintergrund\" src=\"https:\/\/m.media-amazon.com\/images\/S\/aplus-media-library-service-media\/4a01bd69-b680-42b4-a272-d939957a0dbc.__CR0,0,3050,1250_PT0_SX1464_V1___.png\">                                               <\/p>\n<p> Is Discontinued By Manufacturer                                            \u200f                                            :                                            \u200e                                            No   <br \/> Product Dimensions                                            \u200f                                            :                                            \u200e                                            6.5 x 6.5 x 8 cm; 340 g   <br \/> Manufacturer                                            \u200f                                            :                                            \u200e                                            The Scottish Bee Company   <br \/> ASIN                                            \u200f                                            :                                            \u200e                                            B076T8G5RQ   <br \/>  Customer reviews:                                                                                            4.6               4.6 out of 5 stars                                  (135)                                              var dpAcrHasRegisteredArcLinkClickAction;                    P.when(&#8218;A&#8216;, &#8218;ready&#8216;).execute(function(A) {                        if (dpAcrHasRegisteredArcLinkClickAction !== true) {                            dpAcrHasRegisteredArcLinkClickAction = true;                            A.declarative(                                &#8218;acrLink-click-metrics&#8216;, &#8218;click&#8216;,                                { &#8222;allowLinkDefault&#8220;: true },                                function (event) {                                    if (window.ue) {                                        ue.count(&#8222;acrLinkClickCount&#8220;, (ue.count(&#8222;acrLinkClickCount&#8220;) || 0) + 1);                                    }                                }                            );                        }                    });                                             P.when(&#8218;A&#8216;, &#8218;cf&#8216;).execute(function(A) {                A.declarative(&#8218;acrStarsLink-click-metrics&#8216;, &#8218;click&#8216;, { &#8222;allowLinkDefault&#8220; : true },  function(event){                    if(window.ue) {                        ue.count(&#8222;acrStarsLinkWithPopoverClickCount&#8220;, (ue.count(&#8222;acrStarsLinkWithPopoverClickCount&#8220;) || 0) + 1);                    }                });            });                          <br \/>Pure Honey If you&#8217;re looking for a sweet, natural honey with beneficial nutrients, try The Scottish Bee Company&#8217;s award-winning Heather Honey a rich and aromatic honey that&#8217;s guaranteed to delight your palate<br \/>Support your body. Known for its antibacterial properties, our delicious honey contains a high percentage of antioxidants and ten times more manganese than any other honey in the world! Our bees search for heather in the rough terrain of Scotland and bring you the Scottish wilderness with every bite<br \/>Award winning flavour. However you like your honey, our heather honey easily spreads over toast, stir into a smoothie, coffee or your morning porridge, or you can simply enjoy a soothing spoon in your throat. It&#8217;s so good that we won the Platinum Award for Quality at the London Honey Awards<br \/>Tested quality. With our commitment to origin, purity, social responsibility and environmental sustainability, Kitemark for food safety<br \/>Scottish honey at its finest. At the Scottish Bee Company, we ensure that all our honey is GMO and pesticide free. Taken directly from the beehive, our honey is gently warmed and processed in an organic certified facility before blending to perfection<\/p>\n\n","protected":false},"excerpt":{"rendered":"<p>Product Description Entdecken Sie unser Sortiment Add To Basket Customer Reviews 4.6 out of 5 stars 135 \u2014 \u2014 \u2014 4.2 out of 5 stars 5 Price USD\u00a041.34USD41.34 \u2014 \u2014 \u2014 \u2014 Gr\u00f6\u00dfe: 227 g und 340 g 227 g und 340 g 227 g und 340 g 220 g 3 x 227 g Nektar [&hellip;]<\/p>\n","protected":false},"featured_media":2854,"comment_status":"open","ping_status":"closed","template":"","meta":{"_aipt_faq_data":""},"store":[],"product_brand":[360],"product_cat":[54],"product_tag":[302],"class_list":{"0":"post-2853","1":"product","2":"type-product","3":"status-publish","4":"has-post-thumbnail","6":"product_brand-the-scottish-bee-company","7":"product_cat-krauterhonig","8":"product_tag-aromatischer-kraeuterhonig-naturbelassen","10":"first","11":"instock","12":"shipping-taxable","13":"product-type-external"},"yoast_head":"<!-- This site is optimized with the Yoast SEO plugin v27.4 - https:\/\/yoast.com\/product\/yoast-seo-wordpress\/ -->\n<title>Scottish Heather Honey 340g with Packaging and Wildflower Seed Bag - PureHiveHoney<\/title>\n<meta name=\"description\" content=\"Entdecken Sie hochwertigen Rohhonig, Bio Honig, Manuka Honig und nat\u00fcrliche Bienenprodukte. PureHiveHoney hilft Ihnen dabei, sorgf\u00e4ltig ausgew\u00e4hlte Honigsorten mit nat\u00fcrlicher Qualit\u00e4t und Reinheit zu entdecken.\" \/>\n<meta name=\"robots\" content=\"index, follow, max-snippet:-1, max-image-preview:large, max-video-preview:-1\" \/>\n<link rel=\"canonical\" href=\"https:\/\/purehivehoney.com\/de\/product\/scottish-heather-honey-340g-with-packaging-and-wildflower-seed-bag\/\" \/>\n<meta property=\"og:locale\" content=\"de_DE\" \/>\n<meta property=\"og:type\" content=\"article\" \/>\n<meta property=\"og:title\" content=\"Scottish Heather Honey 340g with Packaging and Wildflower Seed Bag - PureHiveHoney\" \/>\n<meta property=\"og:description\" content=\"Entdecken Sie hochwertigen Rohhonig, Bio Honig, Manuka Honig und nat\u00fcrliche Bienenprodukte. PureHiveHoney hilft Ihnen dabei, sorgf\u00e4ltig ausgew\u00e4hlte Honigsorten mit nat\u00fcrlicher Qualit\u00e4t und Reinheit zu entdecken.\" \/>\n<meta property=\"og:url\" content=\"https:\/\/purehivehoney.com\/de\/product\/scottish-heather-honey-340g-with-packaging-and-wildflower-seed-bag\/\" \/>\n<meta property=\"og:site_name\" content=\"PureHiveHoney\" \/>\n<meta property=\"article:modified_time\" content=\"2026-04-22T09:12:49+00:00\" \/>\n<meta property=\"og:image\" content=\"https:\/\/images-na.ssl-images-amazon.com\/images\/G\/01\/x-locale\/common\/grey-pixel.gif\" \/>\n<meta name=\"twitter:card\" content=\"summary_large_image\" \/>\n<meta name=\"twitter:label1\" content=\"Gesch\u00e4tzte Lesezeit\" \/>\n\t<meta name=\"twitter:data1\" content=\"2\u00a0Minuten\" \/>\n<script type=\"application\/ld+json\" class=\"yoast-schema-graph\">{\"@context\":\"https:\\\/\\\/schema.org\",\"@graph\":[{\"@type\":\"WebPage\",\"@id\":\"https:\\\/\\\/purehivehoney.com\\\/de\\\/product\\\/scottish-heather-honey-340g-with-packaging-and-wildflower-seed-bag\\\/\",\"url\":\"https:\\\/\\\/purehivehoney.com\\\/de\\\/product\\\/scottish-heather-honey-340g-with-packaging-and-wildflower-seed-bag\\\/\",\"name\":\"Scottish Heather Honey 340g with Packaging and Wildflower Seed Bag - PureHiveHoney\",\"isPartOf\":{\"@id\":\"https:\\\/\\\/purehivehoney.com\\\/de\\\/#website\"},\"primaryImageOfPage\":{\"@id\":\"https:\\\/\\\/purehivehoney.com\\\/de\\\/product\\\/scottish-heather-honey-340g-with-packaging-and-wildflower-seed-bag\\\/#primaryimage\"},\"image\":{\"@id\":\"https:\\\/\\\/purehivehoney.com\\\/de\\\/product\\\/scottish-heather-honey-340g-with-packaging-and-wildflower-seed-bag\\\/#primaryimage\"},\"thumbnailUrl\":\"https:\\\/\\\/purehivehoney.com\\\/de\\\/wp-content\\\/uploads\\\/2026\\\/04\\\/718m8ZM4I8L._SL1500_.jpg\",\"datePublished\":\"2026-04-22T09:12:38+00:00\",\"dateModified\":\"2026-04-22T09:12:49+00:00\",\"description\":\"Entdecken Sie hochwertigen Rohhonig, Bio Honig, Manuka Honig und nat\u00fcrliche Bienenprodukte. PureHiveHoney hilft Ihnen dabei, sorgf\u00e4ltig ausgew\u00e4hlte Honigsorten mit nat\u00fcrlicher Qualit\u00e4t und Reinheit zu entdecken.\",\"breadcrumb\":{\"@id\":\"https:\\\/\\\/purehivehoney.com\\\/de\\\/product\\\/scottish-heather-honey-340g-with-packaging-and-wildflower-seed-bag\\\/#breadcrumb\"},\"inLanguage\":\"de\",\"potentialAction\":[{\"@type\":\"ReadAction\",\"target\":[\"https:\\\/\\\/purehivehoney.com\\\/de\\\/product\\\/scottish-heather-honey-340g-with-packaging-and-wildflower-seed-bag\\\/\"]}]},{\"@type\":\"ImageObject\",\"inLanguage\":\"de\",\"@id\":\"https:\\\/\\\/purehivehoney.com\\\/de\\\/product\\\/scottish-heather-honey-340g-with-packaging-and-wildflower-seed-bag\\\/#primaryimage\",\"url\":\"https:\\\/\\\/purehivehoney.com\\\/de\\\/wp-content\\\/uploads\\\/2026\\\/04\\\/718m8ZM4I8L._SL1500_.jpg\",\"contentUrl\":\"https:\\\/\\\/purehivehoney.com\\\/de\\\/wp-content\\\/uploads\\\/2026\\\/04\\\/718m8ZM4I8L._SL1500_.jpg\",\"width\":1034,\"height\":1500},{\"@type\":\"BreadcrumbList\",\"@id\":\"https:\\\/\\\/purehivehoney.com\\\/de\\\/product\\\/scottish-heather-honey-340g-with-packaging-and-wildflower-seed-bag\\\/#breadcrumb\",\"itemListElement\":[{\"@type\":\"ListItem\",\"position\":1,\"name\":\"Home\",\"item\":\"https:\\\/\\\/purehivehoney.com\\\/de\\\/\"},{\"@type\":\"ListItem\",\"position\":2,\"name\":\"Shop\",\"item\":\"https:\\\/\\\/purehivehoney.com\\\/de\\\/shop\\\/\"},{\"@type\":\"ListItem\",\"position\":3,\"name\":\"Scottish Heather Honey 340g with Pa...\"}]},{\"@type\":\"WebSite\",\"@id\":\"https:\\\/\\\/purehivehoney.com\\\/de\\\/#website\",\"url\":\"https:\\\/\\\/purehivehoney.com\\\/de\\\/\",\"name\":\"PureHiveHoney\",\"description\":\"Reiner Honig &amp; Bienenprodukte Online | Rohhonig, Bio Honig &amp; Spezialhonig\",\"publisher\":{\"@id\":\"https:\\\/\\\/purehivehoney.com\\\/de\\\/#organization\"},\"potentialAction\":[{\"@type\":\"SearchAction\",\"target\":{\"@type\":\"EntryPoint\",\"urlTemplate\":\"https:\\\/\\\/purehivehoney.com\\\/de\\\/?s={search_term_string}\"},\"query-input\":{\"@type\":\"PropertyValueSpecification\",\"valueRequired\":true,\"valueName\":\"search_term_string\"}}],\"inLanguage\":\"de\"},{\"@type\":\"Organization\",\"@id\":\"https:\\\/\\\/purehivehoney.com\\\/de\\\/#organization\",\"name\":\"PureHiveHoney\",\"url\":\"https:\\\/\\\/purehivehoney.com\\\/de\\\/\",\"logo\":{\"@type\":\"ImageObject\",\"inLanguage\":\"de\",\"@id\":\"https:\\\/\\\/purehivehoney.com\\\/de\\\/#\\\/schema\\\/logo\\\/image\\\/\",\"url\":\"https:\\\/\\\/purehivehoney.com\\\/de\\\/wp-content\\\/uploads\\\/2026\\\/03\\\/Screenshot-2026-03-16-at-1.06.01-AM.png\",\"contentUrl\":\"https:\\\/\\\/purehivehoney.com\\\/de\\\/wp-content\\\/uploads\\\/2026\\\/03\\\/Screenshot-2026-03-16-at-1.06.01-AM.png\",\"width\":2112,\"height\":1086,\"caption\":\"PureHiveHoney\"},\"image\":{\"@id\":\"https:\\\/\\\/purehivehoney.com\\\/de\\\/#\\\/schema\\\/logo\\\/image\\\/\"}}]}<\/script>\n<!-- \/ Yoast SEO plugin. -->","yoast_head_json":{"title":"Scottish Heather Honey 340g with Packaging and Wildflower Seed Bag - PureHiveHoney","description":"Entdecken Sie hochwertigen Rohhonig, Bio Honig, Manuka Honig und nat\u00fcrliche Bienenprodukte. PureHiveHoney hilft Ihnen dabei, sorgf\u00e4ltig ausgew\u00e4hlte Honigsorten mit nat\u00fcrlicher Qualit\u00e4t und Reinheit zu entdecken.","robots":{"index":"index","follow":"follow","max-snippet":"max-snippet:-1","max-image-preview":"max-image-preview:large","max-video-preview":"max-video-preview:-1"},"canonical":"https:\/\/purehivehoney.com\/de\/product\/scottish-heather-honey-340g-with-packaging-and-wildflower-seed-bag\/","og_locale":"de_DE","og_type":"article","og_title":"Scottish Heather Honey 340g with Packaging and Wildflower Seed Bag - PureHiveHoney","og_description":"Entdecken Sie hochwertigen Rohhonig, Bio Honig, Manuka Honig und nat\u00fcrliche Bienenprodukte. PureHiveHoney hilft Ihnen dabei, sorgf\u00e4ltig ausgew\u00e4hlte Honigsorten mit nat\u00fcrlicher Qualit\u00e4t und Reinheit zu entdecken.","og_url":"https:\/\/purehivehoney.com\/de\/product\/scottish-heather-honey-340g-with-packaging-and-wildflower-seed-bag\/","og_site_name":"PureHiveHoney","article_modified_time":"2026-04-22T09:12:49+00:00","og_image":[{"url":"https:\/\/images-na.ssl-images-amazon.com\/images\/G\/01\/x-locale\/common\/grey-pixel.gif","type":"","width":"","height":""}],"twitter_card":"summary_large_image","twitter_misc":{"Gesch\u00e4tzte Lesezeit":"2\u00a0Minuten"},"schema":{"@context":"https:\/\/schema.org","@graph":[{"@type":"WebPage","@id":"https:\/\/purehivehoney.com\/de\/product\/scottish-heather-honey-340g-with-packaging-and-wildflower-seed-bag\/","url":"https:\/\/purehivehoney.com\/de\/product\/scottish-heather-honey-340g-with-packaging-and-wildflower-seed-bag\/","name":"Scottish Heather Honey 340g with Packaging and Wildflower Seed Bag - PureHiveHoney","isPartOf":{"@id":"https:\/\/purehivehoney.com\/de\/#website"},"primaryImageOfPage":{"@id":"https:\/\/purehivehoney.com\/de\/product\/scottish-heather-honey-340g-with-packaging-and-wildflower-seed-bag\/#primaryimage"},"image":{"@id":"https:\/\/purehivehoney.com\/de\/product\/scottish-heather-honey-340g-with-packaging-and-wildflower-seed-bag\/#primaryimage"},"thumbnailUrl":"https:\/\/purehivehoney.com\/de\/wp-content\/uploads\/2026\/04\/718m8ZM4I8L._SL1500_.jpg","datePublished":"2026-04-22T09:12:38+00:00","dateModified":"2026-04-22T09:12:49+00:00","description":"Entdecken Sie hochwertigen Rohhonig, Bio Honig, Manuka Honig und nat\u00fcrliche Bienenprodukte. PureHiveHoney hilft Ihnen dabei, sorgf\u00e4ltig ausgew\u00e4hlte Honigsorten mit nat\u00fcrlicher Qualit\u00e4t und Reinheit zu entdecken.","breadcrumb":{"@id":"https:\/\/purehivehoney.com\/de\/product\/scottish-heather-honey-340g-with-packaging-and-wildflower-seed-bag\/#breadcrumb"},"inLanguage":"de","potentialAction":[{"@type":"ReadAction","target":["https:\/\/purehivehoney.com\/de\/product\/scottish-heather-honey-340g-with-packaging-and-wildflower-seed-bag\/"]}]},{"@type":"ImageObject","inLanguage":"de","@id":"https:\/\/purehivehoney.com\/de\/product\/scottish-heather-honey-340g-with-packaging-and-wildflower-seed-bag\/#primaryimage","url":"https:\/\/purehivehoney.com\/de\/wp-content\/uploads\/2026\/04\/718m8ZM4I8L._SL1500_.jpg","contentUrl":"https:\/\/purehivehoney.com\/de\/wp-content\/uploads\/2026\/04\/718m8ZM4I8L._SL1500_.jpg","width":1034,"height":1500},{"@type":"BreadcrumbList","@id":"https:\/\/purehivehoney.com\/de\/product\/scottish-heather-honey-340g-with-packaging-and-wildflower-seed-bag\/#breadcrumb","itemListElement":[{"@type":"ListItem","position":1,"name":"Home","item":"https:\/\/purehivehoney.com\/de\/"},{"@type":"ListItem","position":2,"name":"Shop","item":"https:\/\/purehivehoney.com\/de\/shop\/"},{"@type":"ListItem","position":3,"name":"Scottish Heather Honey 340g with Pa..."}]},{"@type":"WebSite","@id":"https:\/\/purehivehoney.com\/de\/#website","url":"https:\/\/purehivehoney.com\/de\/","name":"PureHiveHoney","description":"Reiner Honig &amp; Bienenprodukte Online | Rohhonig, Bio Honig &amp; Spezialhonig","publisher":{"@id":"https:\/\/purehivehoney.com\/de\/#organization"},"potentialAction":[{"@type":"SearchAction","target":{"@type":"EntryPoint","urlTemplate":"https:\/\/purehivehoney.com\/de\/?s={search_term_string}"},"query-input":{"@type":"PropertyValueSpecification","valueRequired":true,"valueName":"search_term_string"}}],"inLanguage":"de"},{"@type":"Organization","@id":"https:\/\/purehivehoney.com\/de\/#organization","name":"PureHiveHoney","url":"https:\/\/purehivehoney.com\/de\/","logo":{"@type":"ImageObject","inLanguage":"de","@id":"https:\/\/purehivehoney.com\/de\/#\/schema\/logo\/image\/","url":"https:\/\/purehivehoney.com\/de\/wp-content\/uploads\/2026\/03\/Screenshot-2026-03-16-at-1.06.01-AM.png","contentUrl":"https:\/\/purehivehoney.com\/de\/wp-content\/uploads\/2026\/03\/Screenshot-2026-03-16-at-1.06.01-AM.png","width":2112,"height":1086,"caption":"PureHiveHoney"},"image":{"@id":"https:\/\/purehivehoney.com\/de\/#\/schema\/logo\/image\/"}}]}},"_links":{"self":[{"href":"https:\/\/purehivehoney.com\/de\/wp-json\/wp\/v2\/product\/2853","targetHints":{"allow":["GET"]}}],"collection":[{"href":"https:\/\/purehivehoney.com\/de\/wp-json\/wp\/v2\/product"}],"about":[{"href":"https:\/\/purehivehoney.com\/de\/wp-json\/wp\/v2\/types\/product"}],"replies":[{"embeddable":true,"href":"https:\/\/purehivehoney.com\/de\/wp-json\/wp\/v2\/comments?post=2853"}],"wp:featuredmedia":[{"embeddable":true,"href":"https:\/\/purehivehoney.com\/de\/wp-json\/wp\/v2\/media\/2854"}],"wp:attachment":[{"href":"https:\/\/purehivehoney.com\/de\/wp-json\/wp\/v2\/media?parent=2853"}],"wp:term":[{"taxonomy":"store","embeddable":true,"href":"https:\/\/purehivehoney.com\/de\/wp-json\/wp\/v2\/store?post=2853"},{"taxonomy":"product_brand","embeddable":true,"href":"https:\/\/purehivehoney.com\/de\/wp-json\/wp\/v2\/product_brand?post=2853"},{"taxonomy":"product_cat","embeddable":true,"href":"https:\/\/purehivehoney.com\/de\/wp-json\/wp\/v2\/product_cat?post=2853"},{"taxonomy":"product_tag","embeddable":true,"href":"https:\/\/purehivehoney.com\/de\/wp-json\/wp\/v2\/product_tag?post=2853"}],"curies":[{"name":"wp","href":"https:\/\/api.w.org\/{rel}","templated":true}]}}