{"id":2840,"date":"2026-04-18T10:04:15","date_gmt":"2026-04-18T10:04:15","guid":{"rendered":"https:\/\/purehivehoney.com\/de\/product\/valnerina-tartufi-delicacy-with-acacia-honey-and-white-truffles-truffle-honey-gastronomic-cheese-speciality-tin-250-g\/"},"modified":"2026-04-18T10:04:24","modified_gmt":"2026-04-18T10:04:24","slug":"valnerina-tartufi-delicacy-with-acacia-honey-and-white-truffles-truffle-honey-gastronomic-cheese-speciality-tin-250-g","status":"publish","type":"product","link":"https:\/\/purehivehoney.com\/de\/product\/valnerina-tartufi-delicacy-with-acacia-honey-and-white-truffles-truffle-honey-gastronomic-cheese-speciality-tin-250-g\/","title":{"rendered":"Valnerina Tartufi Delicacy with Aca..."},"content":{"rendered":"<p>    <span>Acacia honey is known for its organoleptic properties and health benefits; it contains more fructose than glucose, cleanses the liver and has antibacterial properties. Acacia honey does not change the taste of food, but, on the contrary, underlines its main features. <br \/>Truffle honey is ideal for garnishing bruschettes and crostini, for garnishing cheese. <br \/>Ready to use. It is an artisan and Italian product prepared without dyes or preservatives. <\/span><\/p>\n<ul class=\"a-unordered-list a-vertical\">\n<li><span class=\"a-list-item\"><span>Consistency: dense. <\/span><\/span><\/li>\n<li><span class=\"a-list-item\"><span>Colour: typical of acacia honey. <\/span><\/span><\/li>\n<li><span class=\"a-list-item\"><span>Odour: typical of honey with white truffle scents <\/span><\/span><\/li>\n<li><span class=\"a-list-item\"><span>Flavour: typical of honey with white truffle feel <\/span><\/span><\/li>\n<\/ul>\n<p><span>Ingredients: <\/span><br \/><span>98% acacia honey, white truffle pieces (Tuber Borchii vitt.) 1%, aromas. <\/span><br \/><span>STORAGE AND USE MODELS <\/span><br \/><span>Store the product in a cool, dry place. <br \/>Ready to use product straight from the vase. <\/span><br \/><span>Expiry date: 36 months from packaging date. <\/span><br \/><span>Average nutritional value (per 100 g product). <\/span><\/p>\n<ul class=\"a-unordered-list a-vertical\">\n<li><span class=\"a-list-item\"><span>Energy value: 328 Kcal &#8211; 1372 Kj. <\/span><\/span><\/li>\n<li><span class=\"a-list-item\"><span>Protein: 0.6 g. <\/span><\/span><\/li>\n<li><span class=\"a-list-item\"><span>Carbohydrates: 81.3 g. <\/span><\/span><\/li>\n<li><span class=\"a-list-item\"><span>Of which sugars: 80.1 g. <\/span><\/span><\/li>\n<li><span class=\"a-list-item\"><span>Fats: 0 g. <\/span><\/span><\/li>\n<li><span class=\"a-list-item\"><span>of which saturated: 0 g. <\/span><\/span><\/li>\n<li><span class=\"a-list-item\"><span>Sale: 0.01 g. <\/span><\/span><\/li>\n<\/ul>\n<p> Product Dimensions                                            \u200f                                            :                                            \u200e                                            4.9 x 4.9 x 10 cm; 250 g   <br \/> Manufacturer                                            \u200f                                            :                                            \u200e                                            A.R. Tartufi   <br \/> ASIN                                            \u200f                                            :                                            \u200e                                            B0CSPNYRD7   <br \/> Manufacturer reference                                            \u200f                                            :                                            \u200e                                            MTB250   <br \/> Country of origin                                            \u200f                                            :                                            \u200e                                            Italy   <br \/>  Customer reviews:                                                                                            3.5               3.5 out of 5 stars                                  (12)                                              var dpAcrHasRegisteredArcLinkClickAction;                    P.when(&#8218;A&#8216;, &#8218;ready&#8216;).execute(function(A) {                        if (dpAcrHasRegisteredArcLinkClickAction !== true) {                            dpAcrHasRegisteredArcLinkClickAction = true;                            A.declarative(                                &#8218;acrLink-click-metrics&#8216;, &#8218;click&#8216;,                                { &#8222;allowLinkDefault&#8220;: true },                                function (event) {                                    if (window.ue) {                                        ue.count(&#8222;acrLinkClickCount&#8220;, (ue.count(&#8222;acrLinkClickCount&#8220;) || 0) + 1);                                    }                                }                            );                        }                    });                                             P.when(&#8218;A&#8216;, &#8218;cf&#8216;).execute(function(A) {                A.declarative(&#8218;acrStarsLink-click-metrics&#8216;, &#8218;click&#8216;, { &#8222;allowLinkDefault&#8220; : true },  function(event){                    if(window.ue) {                        ue.count(&#8222;acrStarsLinkWithPopoverClickCount&#8220;, (ue.count(&#8222;acrStarsLinkWithPopoverClickCount&#8220;) || 0) + 1);                    }                });            });                          <br \/>Acacia honey is known for its organoleptic properties and health benefits; it contains more fructose than glucose, cleanses the liver and has antibacterial properties. Acacia honey does not change the taste of food, but, on the contrary, underlines its main features.<br \/>Truffle honey is ideal for garnishing bruschettes and crostini, for garnishing cheese.<br \/>Ready to use. It is an artisan and Italian product prepared without dyes or preservatives.<br \/>The Apennine area of Central Italy, where Valnerina Tartufi was born, is famous for the presence of high-quality truffles. We guarantee carefully selected products harvested with care and love in accordance with artisanal methods. Our high quality products are genuine, fresh and handmade.<br \/>Truffles are a typical Italian product: it was precisely in the &#8222;Belpaese&#8220; that its culinary and gastronomic history as we know it today, and especially in Italy you can find the greatest variety and amount of wild truffles in the world.<\/p>\n\n","protected":false},"excerpt":{"rendered":"<p>Acacia honey is known for its organoleptic properties and health benefits; it contains more fructose than glucose, cleanses the liver and has antibacterial properties. Acacia honey does not change the taste of food, but, on the contrary, underlines its main features. Truffle honey is ideal for garnishing bruschettes and crostini, for garnishing cheese. Ready to [&hellip;]<\/p>\n","protected":false},"featured_media":2841,"comment_status":"open","ping_status":"closed","template":"","meta":{"_aipt_faq_data":""},"store":[],"product_brand":[202],"product_cat":[47],"product_tag":[297],"class_list":{"0":"post-2840","1":"product","2":"type-product","3":"status-publish","4":"has-post-thumbnail","6":"product_brand-valnerina-tartufi","7":"product_cat-akazienhonig","8":"product_tag-naturbelassener-akazienhonig","10":"first","11":"instock","12":"shipping-taxable","13":"product-type-external"},"yoast_head":"<!-- This site is optimized with the Yoast SEO plugin v27.4 - https:\/\/yoast.com\/product\/yoast-seo-wordpress\/ -->\n<title>Valnerina Tartufi Delicacy with Acacia Honey and White Truffles | Truffle Honey | Gastronomic Cheese Speciality | Tin 250 g - PureHiveHoney<\/title>\n<meta name=\"description\" content=\"Entdecken Sie hochwertigen Rohhonig, Bio Honig, Manuka Honig und nat\u00fcrliche Bienenprodukte. PureHiveHoney hilft Ihnen dabei, sorgf\u00e4ltig ausgew\u00e4hlte Honigsorten mit nat\u00fcrlicher Qualit\u00e4t und Reinheit zu entdecken.\" \/>\n<meta name=\"robots\" content=\"index, follow, max-snippet:-1, max-image-preview:large, max-video-preview:-1\" \/>\n<link rel=\"canonical\" href=\"https:\/\/purehivehoney.com\/de\/product\/valnerina-tartufi-delicacy-with-acacia-honey-and-white-truffles-truffle-honey-gastronomic-cheese-speciality-tin-250-g\/\" \/>\n<meta property=\"og:locale\" content=\"de_DE\" \/>\n<meta property=\"og:type\" content=\"article\" \/>\n<meta property=\"og:title\" content=\"Valnerina Tartufi Delicacy with Acacia Honey and White Truffles | Truffle Honey | Gastronomic Cheese Speciality | Tin 250 g - PureHiveHoney\" \/>\n<meta property=\"og:description\" content=\"Entdecken Sie hochwertigen Rohhonig, Bio Honig, Manuka Honig und nat\u00fcrliche Bienenprodukte. PureHiveHoney hilft Ihnen dabei, sorgf\u00e4ltig ausgew\u00e4hlte Honigsorten mit nat\u00fcrlicher Qualit\u00e4t und Reinheit zu entdecken.\" \/>\n<meta property=\"og:url\" content=\"https:\/\/purehivehoney.com\/de\/product\/valnerina-tartufi-delicacy-with-acacia-honey-and-white-truffles-truffle-honey-gastronomic-cheese-speciality-tin-250-g\/\" \/>\n<meta property=\"og:site_name\" content=\"PureHiveHoney\" \/>\n<meta property=\"article:modified_time\" content=\"2026-04-18T10:04:24+00:00\" \/>\n<meta name=\"twitter:card\" content=\"summary_large_image\" \/>\n<meta name=\"twitter:label1\" content=\"Gesch\u00e4tzte Lesezeit\" \/>\n\t<meta name=\"twitter:data1\" content=\"2\u00a0Minuten\" \/>\n<script type=\"application\/ld+json\" class=\"yoast-schema-graph\">{\"@context\":\"https:\\\/\\\/schema.org\",\"@graph\":[{\"@type\":\"WebPage\",\"@id\":\"https:\\\/\\\/purehivehoney.com\\\/de\\\/product\\\/valnerina-tartufi-delicacy-with-acacia-honey-and-white-truffles-truffle-honey-gastronomic-cheese-speciality-tin-250-g\\\/\",\"url\":\"https:\\\/\\\/purehivehoney.com\\\/de\\\/product\\\/valnerina-tartufi-delicacy-with-acacia-honey-and-white-truffles-truffle-honey-gastronomic-cheese-speciality-tin-250-g\\\/\",\"name\":\"Valnerina Tartufi Delicacy with Acacia Honey and White Truffles | Truffle Honey | Gastronomic Cheese Speciality | Tin 250 g - PureHiveHoney\",\"isPartOf\":{\"@id\":\"https:\\\/\\\/purehivehoney.com\\\/de\\\/#website\"},\"primaryImageOfPage\":{\"@id\":\"https:\\\/\\\/purehivehoney.com\\\/de\\\/product\\\/valnerina-tartufi-delicacy-with-acacia-honey-and-white-truffles-truffle-honey-gastronomic-cheese-speciality-tin-250-g\\\/#primaryimage\"},\"image\":{\"@id\":\"https:\\\/\\\/purehivehoney.com\\\/de\\\/product\\\/valnerina-tartufi-delicacy-with-acacia-honey-and-white-truffles-truffle-honey-gastronomic-cheese-speciality-tin-250-g\\\/#primaryimage\"},\"thumbnailUrl\":\"https:\\\/\\\/purehivehoney.com\\\/de\\\/wp-content\\\/uploads\\\/2026\\\/04\\\/612ZECITOL._SL1372_.jpg\",\"datePublished\":\"2026-04-18T10:04:15+00:00\",\"dateModified\":\"2026-04-18T10:04:24+00:00\",\"description\":\"Entdecken Sie hochwertigen Rohhonig, Bio Honig, Manuka Honig und nat\u00fcrliche Bienenprodukte. PureHiveHoney hilft Ihnen dabei, sorgf\u00e4ltig ausgew\u00e4hlte Honigsorten mit nat\u00fcrlicher Qualit\u00e4t und Reinheit zu entdecken.\",\"breadcrumb\":{\"@id\":\"https:\\\/\\\/purehivehoney.com\\\/de\\\/product\\\/valnerina-tartufi-delicacy-with-acacia-honey-and-white-truffles-truffle-honey-gastronomic-cheese-speciality-tin-250-g\\\/#breadcrumb\"},\"inLanguage\":\"de\",\"potentialAction\":[{\"@type\":\"ReadAction\",\"target\":[\"https:\\\/\\\/purehivehoney.com\\\/de\\\/product\\\/valnerina-tartufi-delicacy-with-acacia-honey-and-white-truffles-truffle-honey-gastronomic-cheese-speciality-tin-250-g\\\/\"]}]},{\"@type\":\"ImageObject\",\"inLanguage\":\"de\",\"@id\":\"https:\\\/\\\/purehivehoney.com\\\/de\\\/product\\\/valnerina-tartufi-delicacy-with-acacia-honey-and-white-truffles-truffle-honey-gastronomic-cheese-speciality-tin-250-g\\\/#primaryimage\",\"url\":\"https:\\\/\\\/purehivehoney.com\\\/de\\\/wp-content\\\/uploads\\\/2026\\\/04\\\/612ZECITOL._SL1372_.jpg\",\"contentUrl\":\"https:\\\/\\\/purehivehoney.com\\\/de\\\/wp-content\\\/uploads\\\/2026\\\/04\\\/612ZECITOL._SL1372_.jpg\",\"width\":1200,\"height\":1372},{\"@type\":\"BreadcrumbList\",\"@id\":\"https:\\\/\\\/purehivehoney.com\\\/de\\\/product\\\/valnerina-tartufi-delicacy-with-acacia-honey-and-white-truffles-truffle-honey-gastronomic-cheese-speciality-tin-250-g\\\/#breadcrumb\",\"itemListElement\":[{\"@type\":\"ListItem\",\"position\":1,\"name\":\"Home\",\"item\":\"https:\\\/\\\/purehivehoney.com\\\/de\\\/\"},{\"@type\":\"ListItem\",\"position\":2,\"name\":\"Shop\",\"item\":\"https:\\\/\\\/purehivehoney.com\\\/de\\\/shop\\\/\"},{\"@type\":\"ListItem\",\"position\":3,\"name\":\"Valnerina Tartufi Delicacy with Aca...\"}]},{\"@type\":\"WebSite\",\"@id\":\"https:\\\/\\\/purehivehoney.com\\\/de\\\/#website\",\"url\":\"https:\\\/\\\/purehivehoney.com\\\/de\\\/\",\"name\":\"PureHiveHoney\",\"description\":\"Reiner Honig &amp; Bienenprodukte Online | Rohhonig, Bio Honig &amp; Spezialhonig\",\"publisher\":{\"@id\":\"https:\\\/\\\/purehivehoney.com\\\/de\\\/#organization\"},\"potentialAction\":[{\"@type\":\"SearchAction\",\"target\":{\"@type\":\"EntryPoint\",\"urlTemplate\":\"https:\\\/\\\/purehivehoney.com\\\/de\\\/?s={search_term_string}\"},\"query-input\":{\"@type\":\"PropertyValueSpecification\",\"valueRequired\":true,\"valueName\":\"search_term_string\"}}],\"inLanguage\":\"de\"},{\"@type\":\"Organization\",\"@id\":\"https:\\\/\\\/purehivehoney.com\\\/de\\\/#organization\",\"name\":\"PureHiveHoney\",\"url\":\"https:\\\/\\\/purehivehoney.com\\\/de\\\/\",\"logo\":{\"@type\":\"ImageObject\",\"inLanguage\":\"de\",\"@id\":\"https:\\\/\\\/purehivehoney.com\\\/de\\\/#\\\/schema\\\/logo\\\/image\\\/\",\"url\":\"https:\\\/\\\/purehivehoney.com\\\/de\\\/wp-content\\\/uploads\\\/2026\\\/03\\\/Screenshot-2026-03-16-at-1.06.01-AM.png\",\"contentUrl\":\"https:\\\/\\\/purehivehoney.com\\\/de\\\/wp-content\\\/uploads\\\/2026\\\/03\\\/Screenshot-2026-03-16-at-1.06.01-AM.png\",\"width\":2112,\"height\":1086,\"caption\":\"PureHiveHoney\"},\"image\":{\"@id\":\"https:\\\/\\\/purehivehoney.com\\\/de\\\/#\\\/schema\\\/logo\\\/image\\\/\"}}]}<\/script>\n<!-- \/ Yoast SEO plugin. -->","yoast_head_json":{"title":"Valnerina Tartufi Delicacy with Acacia Honey and White Truffles | Truffle Honey | Gastronomic Cheese Speciality | Tin 250 g - PureHiveHoney","description":"Entdecken Sie hochwertigen Rohhonig, Bio Honig, Manuka Honig und nat\u00fcrliche Bienenprodukte. PureHiveHoney hilft Ihnen dabei, sorgf\u00e4ltig ausgew\u00e4hlte Honigsorten mit nat\u00fcrlicher Qualit\u00e4t und Reinheit zu entdecken.","robots":{"index":"index","follow":"follow","max-snippet":"max-snippet:-1","max-image-preview":"max-image-preview:large","max-video-preview":"max-video-preview:-1"},"canonical":"https:\/\/purehivehoney.com\/de\/product\/valnerina-tartufi-delicacy-with-acacia-honey-and-white-truffles-truffle-honey-gastronomic-cheese-speciality-tin-250-g\/","og_locale":"de_DE","og_type":"article","og_title":"Valnerina Tartufi Delicacy with Acacia Honey and White Truffles | Truffle Honey | Gastronomic Cheese Speciality | Tin 250 g - PureHiveHoney","og_description":"Entdecken Sie hochwertigen Rohhonig, Bio Honig, Manuka Honig und nat\u00fcrliche Bienenprodukte. PureHiveHoney hilft Ihnen dabei, sorgf\u00e4ltig ausgew\u00e4hlte Honigsorten mit nat\u00fcrlicher Qualit\u00e4t und Reinheit zu entdecken.","og_url":"https:\/\/purehivehoney.com\/de\/product\/valnerina-tartufi-delicacy-with-acacia-honey-and-white-truffles-truffle-honey-gastronomic-cheese-speciality-tin-250-g\/","og_site_name":"PureHiveHoney","article_modified_time":"2026-04-18T10:04:24+00:00","twitter_card":"summary_large_image","twitter_misc":{"Gesch\u00e4tzte Lesezeit":"2\u00a0Minuten"},"schema":{"@context":"https:\/\/schema.org","@graph":[{"@type":"WebPage","@id":"https:\/\/purehivehoney.com\/de\/product\/valnerina-tartufi-delicacy-with-acacia-honey-and-white-truffles-truffle-honey-gastronomic-cheese-speciality-tin-250-g\/","url":"https:\/\/purehivehoney.com\/de\/product\/valnerina-tartufi-delicacy-with-acacia-honey-and-white-truffles-truffle-honey-gastronomic-cheese-speciality-tin-250-g\/","name":"Valnerina Tartufi Delicacy with Acacia Honey and White Truffles | Truffle Honey | Gastronomic Cheese Speciality | Tin 250 g - PureHiveHoney","isPartOf":{"@id":"https:\/\/purehivehoney.com\/de\/#website"},"primaryImageOfPage":{"@id":"https:\/\/purehivehoney.com\/de\/product\/valnerina-tartufi-delicacy-with-acacia-honey-and-white-truffles-truffle-honey-gastronomic-cheese-speciality-tin-250-g\/#primaryimage"},"image":{"@id":"https:\/\/purehivehoney.com\/de\/product\/valnerina-tartufi-delicacy-with-acacia-honey-and-white-truffles-truffle-honey-gastronomic-cheese-speciality-tin-250-g\/#primaryimage"},"thumbnailUrl":"https:\/\/purehivehoney.com\/de\/wp-content\/uploads\/2026\/04\/612ZECITOL._SL1372_.jpg","datePublished":"2026-04-18T10:04:15+00:00","dateModified":"2026-04-18T10:04:24+00:00","description":"Entdecken Sie hochwertigen Rohhonig, Bio Honig, Manuka Honig und nat\u00fcrliche Bienenprodukte. PureHiveHoney hilft Ihnen dabei, sorgf\u00e4ltig ausgew\u00e4hlte Honigsorten mit nat\u00fcrlicher Qualit\u00e4t und Reinheit zu entdecken.","breadcrumb":{"@id":"https:\/\/purehivehoney.com\/de\/product\/valnerina-tartufi-delicacy-with-acacia-honey-and-white-truffles-truffle-honey-gastronomic-cheese-speciality-tin-250-g\/#breadcrumb"},"inLanguage":"de","potentialAction":[{"@type":"ReadAction","target":["https:\/\/purehivehoney.com\/de\/product\/valnerina-tartufi-delicacy-with-acacia-honey-and-white-truffles-truffle-honey-gastronomic-cheese-speciality-tin-250-g\/"]}]},{"@type":"ImageObject","inLanguage":"de","@id":"https:\/\/purehivehoney.com\/de\/product\/valnerina-tartufi-delicacy-with-acacia-honey-and-white-truffles-truffle-honey-gastronomic-cheese-speciality-tin-250-g\/#primaryimage","url":"https:\/\/purehivehoney.com\/de\/wp-content\/uploads\/2026\/04\/612ZECITOL._SL1372_.jpg","contentUrl":"https:\/\/purehivehoney.com\/de\/wp-content\/uploads\/2026\/04\/612ZECITOL._SL1372_.jpg","width":1200,"height":1372},{"@type":"BreadcrumbList","@id":"https:\/\/purehivehoney.com\/de\/product\/valnerina-tartufi-delicacy-with-acacia-honey-and-white-truffles-truffle-honey-gastronomic-cheese-speciality-tin-250-g\/#breadcrumb","itemListElement":[{"@type":"ListItem","position":1,"name":"Home","item":"https:\/\/purehivehoney.com\/de\/"},{"@type":"ListItem","position":2,"name":"Shop","item":"https:\/\/purehivehoney.com\/de\/shop\/"},{"@type":"ListItem","position":3,"name":"Valnerina Tartufi Delicacy with Aca..."}]},{"@type":"WebSite","@id":"https:\/\/purehivehoney.com\/de\/#website","url":"https:\/\/purehivehoney.com\/de\/","name":"PureHiveHoney","description":"Reiner Honig &amp; Bienenprodukte Online | Rohhonig, Bio Honig &amp; Spezialhonig","publisher":{"@id":"https:\/\/purehivehoney.com\/de\/#organization"},"potentialAction":[{"@type":"SearchAction","target":{"@type":"EntryPoint","urlTemplate":"https:\/\/purehivehoney.com\/de\/?s={search_term_string}"},"query-input":{"@type":"PropertyValueSpecification","valueRequired":true,"valueName":"search_term_string"}}],"inLanguage":"de"},{"@type":"Organization","@id":"https:\/\/purehivehoney.com\/de\/#organization","name":"PureHiveHoney","url":"https:\/\/purehivehoney.com\/de\/","logo":{"@type":"ImageObject","inLanguage":"de","@id":"https:\/\/purehivehoney.com\/de\/#\/schema\/logo\/image\/","url":"https:\/\/purehivehoney.com\/de\/wp-content\/uploads\/2026\/03\/Screenshot-2026-03-16-at-1.06.01-AM.png","contentUrl":"https:\/\/purehivehoney.com\/de\/wp-content\/uploads\/2026\/03\/Screenshot-2026-03-16-at-1.06.01-AM.png","width":2112,"height":1086,"caption":"PureHiveHoney"},"image":{"@id":"https:\/\/purehivehoney.com\/de\/#\/schema\/logo\/image\/"}}]}},"_links":{"self":[{"href":"https:\/\/purehivehoney.com\/de\/wp-json\/wp\/v2\/product\/2840","targetHints":{"allow":["GET"]}}],"collection":[{"href":"https:\/\/purehivehoney.com\/de\/wp-json\/wp\/v2\/product"}],"about":[{"href":"https:\/\/purehivehoney.com\/de\/wp-json\/wp\/v2\/types\/product"}],"replies":[{"embeddable":true,"href":"https:\/\/purehivehoney.com\/de\/wp-json\/wp\/v2\/comments?post=2840"}],"wp:featuredmedia":[{"embeddable":true,"href":"https:\/\/purehivehoney.com\/de\/wp-json\/wp\/v2\/media\/2841"}],"wp:attachment":[{"href":"https:\/\/purehivehoney.com\/de\/wp-json\/wp\/v2\/media?parent=2840"}],"wp:term":[{"taxonomy":"store","embeddable":true,"href":"https:\/\/purehivehoney.com\/de\/wp-json\/wp\/v2\/store?post=2840"},{"taxonomy":"product_brand","embeddable":true,"href":"https:\/\/purehivehoney.com\/de\/wp-json\/wp\/v2\/product_brand?post=2840"},{"taxonomy":"product_cat","embeddable":true,"href":"https:\/\/purehivehoney.com\/de\/wp-json\/wp\/v2\/product_cat?post=2840"},{"taxonomy":"product_tag","embeddable":true,"href":"https:\/\/purehivehoney.com\/de\/wp-json\/wp\/v2\/product_tag?post=2840"}],"curies":[{"name":"wp","href":"https:\/\/api.w.org\/{rel}","templated":true}]}}