{"id":2833,"date":"2026-04-16T15:44:33","date_gmt":"2026-04-16T15:44:33","guid":{"rendered":"https:\/\/purehivehoney.com\/de\/product\/premium-fruit-tea-with-honey-tea-gift-set-diy-to-mix-yourself-including-10-tea-bags-8-piece-tea-set-with-selected-tea-types-fruit-tea-set-honey\/"},"modified":"2026-04-16T15:44:43","modified_gmt":"2026-04-16T15:44:43","slug":"premium-fruit-tea-with-honey-tea-gift-set-diy-to-mix-yourself-including-10-tea-bags-8-piece-tea-set-with-selected-tea-types-fruit-tea-set-honey","status":"publish","type":"product","link":"https:\/\/purehivehoney.com\/de\/product\/premium-fruit-tea-with-honey-tea-gift-set-diy-to-mix-yourself-including-10-tea-bags-8-piece-tea-set-with-selected-tea-types-fruit-tea-set-honey\/","title":{"rendered":"Premium Fruit Tea with Honey Tea Gi..."},"content":{"rendered":"<p>                                             Product Description   <\/p>\n<p>                                                         <img decoding=\"async\" alt=\"Der Text lautet \u201eFourTea FOR TEA LOVERS\u201c mit stilisiertem Logo mit gr\u00fcnen Bl\u00e4ttern und braunen Kaffee- und Teetassenelementen. Markenlogo in brauner und gr\u00fcner Typografie.\" src=\"https:\/\/images-na.ssl-images-amazon.com\/images\/G\/01\/x-locale\/common\/grey-pixel.gif\" class=\"a-lazy-loaded\" data-src=\"https:\/\/m.media-amazon.com\/images\/S\/aplus-media-library-service-media\/4c951c50-170b-4018-822c-a94cd17a1b66.__CR0,32,1800,540_PT0_SX600_V1___.jpg\"><img decoding=\"async\" alt=\"Der Text lautet \u201eFourTea FOR TEA LOVERS\u201c mit stilisiertem Logo mit gr\u00fcnen Bl\u00e4ttern und braunen Kaffee- und Teetassenelementen. Markenlogo in brauner und gr\u00fcner Typografie.\" src=\"https:\/\/m.media-amazon.com\/images\/S\/aplus-media-library-service-media\/4c951c50-170b-4018-822c-a94cd17a1b66.__CR0,32,1800,540_PT0_SX600_V1___.jpg\">      <\/p>\n<h3 class=\"a-spacing-mini\"> Premium DIY Tee Set &#8211; Kr\u00e4utertee &#8211; Fr\u00fcchtetee &#8211; Schwarztee &#8211; Rooibostee <\/h3>\n<p>                                          <img decoding=\"async\" alt=\"aplus content image\" src=\"https:\/\/images-na.ssl-images-amazon.com\/images\/G\/01\/x-locale\/common\/grey-pixel.gif\" class=\"a-spacing-base a-lazy-loaded\" data-src=\"https:\/\/m.media-amazon.com\/images\/S\/aplus-media-library-service-media\/f7837125-5609-476e-ada1-e0bb419274e9.__CR0,37,1536,950_PT0_SX970_V1___.jpeg\"><img decoding=\"async\" alt=\"aplus content image\" src=\"https:\/\/m.media-amazon.com\/images\/S\/aplus-media-library-service-media\/f7837125-5609-476e-ada1-e0bb419274e9.__CR0,37,1536,950_PT0_SX970_V1___.jpeg\">                                         <\/p>\n<h3 class=\"a-spacing-mini\"> INDIVIDUELL MISCHEN &amp; GENIESSEN <\/h3>\n<p class=\"a-spacing-base\"> Das DIY-Konzept l\u00e4dt dazu ein, eigene Tee-Kombinationen zu entdecken und den Tee ganz nach pers\u00f6nlichem Geschmack zuzubereiten. Ideal f\u00fcr entspannte Genussmomente zuhause, im B\u00fcro oder als kleine Auszeit im Alltag <\/p>\n<h3 class=\"a-spacing-mini\"> Gemacht aus Zutaten. Vollendet durch dich!  <\/h3>\n<p>                                          <img decoding=\"async\" alt=\"aplus content image\" src=\"https:\/\/images-na.ssl-images-amazon.com\/images\/G\/01\/x-locale\/common\/grey-pixel.gif\" class=\"a-spacing-base a-lazy-loaded\" data-src=\"https:\/\/m.media-amazon.com\/images\/S\/aplus-media-library-service-media\/b50d43bf-a50f-4ce4-b301-704c2e9c301a.__CR0,315,1024,633_PT0_SX970_V1___.jpeg\"><img decoding=\"async\" alt=\"aplus content image\" src=\"https:\/\/m.media-amazon.com\/images\/S\/aplus-media-library-service-media\/b50d43bf-a50f-4ce4-b301-704c2e9c301a.__CR0,315,1024,633_PT0_SX970_V1___.jpeg\">                                         <\/p>\n<h3 class=\"a-spacing-mini\"> PREMIUM-TEEQUALIT\u00c4T <\/h3>\n<p class=\"a-spacing-base\"> Ausgew\u00e4hlte Zutaten in hochwertiger Teequalit\u00e4t, ohne Zusatzstoffe, ohne Aromastoffe und unges\u00fc\u00dft. F\u00fcr alle, die Wert auf einen nat\u00fcrlichen und bewussten Teegenuss legen. <\/p>\n<h3 class=\"a-spacing-mini\"> 8 TEILIGE BOX INKL. 10 TEEBEUTEL  <\/h3>\n<p>                                          <img decoding=\"async\" alt=\"aplus content image\" src=\"https:\/\/images-na.ssl-images-amazon.com\/images\/G\/01\/x-locale\/common\/grey-pixel.gif\" class=\"a-spacing-base a-lazy-loaded\" data-src=\"https:\/\/m.media-amazon.com\/images\/S\/aplus-media-library-service-media\/b06c8aed-73b5-4d80-8362-4a2c3a7fec15.__CR0,30,1248,772_PT0_SX970_V1___.jpg\"><img decoding=\"async\" alt=\"aplus content image\" src=\"https:\/\/m.media-amazon.com\/images\/S\/aplus-media-library-service-media\/b06c8aed-73b5-4d80-8362-4a2c3a7fec15.__CR0,30,1248,772_PT0_SX970_V1___.jpg\">                                         <\/p>\n<h3 class=\"a-spacing-mini\"> HOCHWERTIG VERPACKT &amp; DIREKT VERSCHENKBAR <\/h3>\n<p class=\"a-spacing-base\"> Die edle Geschenkbox \u00fcberzeugt mit einer stilvollen Pr\u00e4sentation und ist direkt zum Verschenken bereit, ohne zus\u00e4tzliches Einpacken. <\/p>\n<p> Product Dimensions                                            \u200f                                            :                                            \u200e                                            23 x 16 x 7 cm; 331 g   <br \/> Manufacturer                                            \u200f                                            :                                            \u200e                                            Core4eCom UG (Haftungsbeschr\u00e4nkt)   <br \/> ASIN                                            \u200f                                            :                                            \u200e                                            B0GSXG57W3   <br \/> Country of origin                                            \u200f                                            :                                            \u200e                                            Germany   <br \/>Special tea gift set &#8211; Our high-quality herbal tea gift set is a stylish gift idea for women and men and ideal for birthdays, Christmas, Mother&#8217;s Day or as a loving gift for real tea lovers.<br \/>8-piece box including 10 tea bags &#8211; The set consists of 8 carefully assembled components and also contains 10 tea bags for direct preparation. Depending on the variant, available with honey or without honey.<br \/>Selected herbal tea moments &#8211; The harmoniously assembled box is ideal for conscious moments of enjoyment at home, in the office or as a relaxed tea break in everyday life. Ingredients list: 40 g hibiscus flowers, 40 g rose hip peels, 15 g ginger, 7 g cinnamon, 23 g lemongrass, 40 g apple pieces, 23 g orange peel, 23 g berry mix (pineapple, strawberries, raspberries, blackcurrants), 2 x 60 g organic honey<br \/>High-quality packaging and can be given as a gift &#8211; The elegant gift box impresses with a stylish presentation and is ready to give as a gift, without additional wrapping &#8211; whether as a gift for family, friends or as a company gift.<br \/>Suitable for many occasions &#8211; Whether as a wellness gift, tea gift box, souvenir or small treat box: this set is versatile and a tasteful gift idea for men and women.<\/p>\n\n","protected":false},"excerpt":{"rendered":"<p>Product Description Premium DIY Tee Set &#8211; Kr\u00e4utertee &#8211; Fr\u00fcchtetee &#8211; Schwarztee &#8211; Rooibostee INDIVIDUELL MISCHEN &amp; GENIESSEN Das DIY-Konzept l\u00e4dt dazu ein, eigene Tee-Kombinationen zu entdecken und den Tee ganz nach pers\u00f6nlichem Geschmack zuzubereiten. Ideal f\u00fcr entspannte Genussmomente zuhause, im B\u00fcro oder als kleine Auszeit im Alltag Gemacht aus Zutaten. Vollendet durch dich! PREMIUM-TEEQUALIT\u00c4T [&hellip;]<\/p>\n","protected":false},"featured_media":2834,"comment_status":"open","ping_status":"closed","template":"","meta":{"_aipt_faq_data":""},"store":[],"product_brand":[359],"product_cat":[71],"product_tag":[342],"class_list":{"0":"post-2833","1":"product","2":"type-product","3":"status-publish","4":"has-post-thumbnail","6":"product_brand-fourtea","7":"product_cat-honig-sortiment-sets","8":"product_tag-honig-sortiment-sets-geschenk","10":"first","11":"instock","12":"shipping-taxable","13":"product-type-external"},"yoast_head":"<!-- This site is optimized with the Yoast SEO plugin v27.4 - https:\/\/yoast.com\/product\/yoast-seo-wordpress\/ -->\n<title>Premium Fruit Tea with Honey Tea Gift Set DIY to Mix Yourself Including 10 Tea Bags - 8-Piece Tea Set with Selected Tea Types (Fruit Tea Set + Honey) - PureHiveHoney<\/title>\n<meta name=\"description\" content=\"Entdecken Sie hochwertigen Rohhonig, Bio Honig, Manuka Honig und nat\u00fcrliche Bienenprodukte. PureHiveHoney hilft Ihnen dabei, sorgf\u00e4ltig ausgew\u00e4hlte Honigsorten mit nat\u00fcrlicher Qualit\u00e4t und Reinheit zu entdecken.\" \/>\n<meta name=\"robots\" content=\"index, follow, max-snippet:-1, max-image-preview:large, max-video-preview:-1\" \/>\n<link rel=\"canonical\" href=\"https:\/\/purehivehoney.com\/de\/product\/premium-fruit-tea-with-honey-tea-gift-set-diy-to-mix-yourself-including-10-tea-bags-8-piece-tea-set-with-selected-tea-types-fruit-tea-set-honey\/\" \/>\n<meta property=\"og:locale\" content=\"de_DE\" \/>\n<meta property=\"og:type\" content=\"article\" \/>\n<meta property=\"og:title\" content=\"Premium Fruit Tea with Honey Tea Gift Set DIY to Mix Yourself Including 10 Tea Bags - 8-Piece Tea Set with Selected Tea Types (Fruit Tea Set + Honey) - PureHiveHoney\" \/>\n<meta property=\"og:description\" content=\"Entdecken Sie hochwertigen Rohhonig, Bio Honig, Manuka Honig und nat\u00fcrliche Bienenprodukte. PureHiveHoney hilft Ihnen dabei, sorgf\u00e4ltig ausgew\u00e4hlte Honigsorten mit nat\u00fcrlicher Qualit\u00e4t und Reinheit zu entdecken.\" \/>\n<meta property=\"og:url\" content=\"https:\/\/purehivehoney.com\/de\/product\/premium-fruit-tea-with-honey-tea-gift-set-diy-to-mix-yourself-including-10-tea-bags-8-piece-tea-set-with-selected-tea-types-fruit-tea-set-honey\/\" \/>\n<meta property=\"og:site_name\" content=\"PureHiveHoney\" \/>\n<meta property=\"article:modified_time\" content=\"2026-04-16T15:44:43+00:00\" \/>\n<meta property=\"og:image\" content=\"https:\/\/images-na.ssl-images-amazon.com\/images\/G\/01\/x-locale\/common\/grey-pixel.gif\" \/>\n<meta name=\"twitter:card\" content=\"summary_large_image\" \/>\n<meta name=\"twitter:label1\" content=\"Gesch\u00e4tzte Lesezeit\" \/>\n\t<meta name=\"twitter:data1\" content=\"2\u00a0Minuten\" \/>\n<script type=\"application\/ld+json\" class=\"yoast-schema-graph\">{\"@context\":\"https:\\\/\\\/schema.org\",\"@graph\":[{\"@type\":\"WebPage\",\"@id\":\"https:\\\/\\\/purehivehoney.com\\\/de\\\/product\\\/premium-fruit-tea-with-honey-tea-gift-set-diy-to-mix-yourself-including-10-tea-bags-8-piece-tea-set-with-selected-tea-types-fruit-tea-set-honey\\\/\",\"url\":\"https:\\\/\\\/purehivehoney.com\\\/de\\\/product\\\/premium-fruit-tea-with-honey-tea-gift-set-diy-to-mix-yourself-including-10-tea-bags-8-piece-tea-set-with-selected-tea-types-fruit-tea-set-honey\\\/\",\"name\":\"Premium Fruit Tea with Honey Tea Gift Set DIY to Mix Yourself Including 10 Tea Bags - 8-Piece Tea Set with Selected Tea Types (Fruit Tea Set + Honey) - PureHiveHoney\",\"isPartOf\":{\"@id\":\"https:\\\/\\\/purehivehoney.com\\\/de\\\/#website\"},\"primaryImageOfPage\":{\"@id\":\"https:\\\/\\\/purehivehoney.com\\\/de\\\/product\\\/premium-fruit-tea-with-honey-tea-gift-set-diy-to-mix-yourself-including-10-tea-bags-8-piece-tea-set-with-selected-tea-types-fruit-tea-set-honey\\\/#primaryimage\"},\"image\":{\"@id\":\"https:\\\/\\\/purehivehoney.com\\\/de\\\/product\\\/premium-fruit-tea-with-honey-tea-gift-set-diy-to-mix-yourself-including-10-tea-bags-8-piece-tea-set-with-selected-tea-types-fruit-tea-set-honey\\\/#primaryimage\"},\"thumbnailUrl\":\"https:\\\/\\\/purehivehoney.com\\\/de\\\/wp-content\\\/uploads\\\/2026\\\/04\\\/616TmngTRXL._SL1500_.jpg\",\"datePublished\":\"2026-04-16T15:44:33+00:00\",\"dateModified\":\"2026-04-16T15:44:43+00:00\",\"description\":\"Entdecken Sie hochwertigen Rohhonig, Bio Honig, Manuka Honig und nat\u00fcrliche Bienenprodukte. PureHiveHoney hilft Ihnen dabei, sorgf\u00e4ltig ausgew\u00e4hlte Honigsorten mit nat\u00fcrlicher Qualit\u00e4t und Reinheit zu entdecken.\",\"breadcrumb\":{\"@id\":\"https:\\\/\\\/purehivehoney.com\\\/de\\\/product\\\/premium-fruit-tea-with-honey-tea-gift-set-diy-to-mix-yourself-including-10-tea-bags-8-piece-tea-set-with-selected-tea-types-fruit-tea-set-honey\\\/#breadcrumb\"},\"inLanguage\":\"de\",\"potentialAction\":[{\"@type\":\"ReadAction\",\"target\":[\"https:\\\/\\\/purehivehoney.com\\\/de\\\/product\\\/premium-fruit-tea-with-honey-tea-gift-set-diy-to-mix-yourself-including-10-tea-bags-8-piece-tea-set-with-selected-tea-types-fruit-tea-set-honey\\\/\"]}]},{\"@type\":\"ImageObject\",\"inLanguage\":\"de\",\"@id\":\"https:\\\/\\\/purehivehoney.com\\\/de\\\/product\\\/premium-fruit-tea-with-honey-tea-gift-set-diy-to-mix-yourself-including-10-tea-bags-8-piece-tea-set-with-selected-tea-types-fruit-tea-set-honey\\\/#primaryimage\",\"url\":\"https:\\\/\\\/purehivehoney.com\\\/de\\\/wp-content\\\/uploads\\\/2026\\\/04\\\/616TmngTRXL._SL1500_.jpg\",\"contentUrl\":\"https:\\\/\\\/purehivehoney.com\\\/de\\\/wp-content\\\/uploads\\\/2026\\\/04\\\/616TmngTRXL._SL1500_.jpg\",\"width\":1000,\"height\":1500},{\"@type\":\"BreadcrumbList\",\"@id\":\"https:\\\/\\\/purehivehoney.com\\\/de\\\/product\\\/premium-fruit-tea-with-honey-tea-gift-set-diy-to-mix-yourself-including-10-tea-bags-8-piece-tea-set-with-selected-tea-types-fruit-tea-set-honey\\\/#breadcrumb\",\"itemListElement\":[{\"@type\":\"ListItem\",\"position\":1,\"name\":\"Home\",\"item\":\"https:\\\/\\\/purehivehoney.com\\\/de\\\/\"},{\"@type\":\"ListItem\",\"position\":2,\"name\":\"Shop\",\"item\":\"https:\\\/\\\/purehivehoney.com\\\/de\\\/shop\\\/\"},{\"@type\":\"ListItem\",\"position\":3,\"name\":\"Premium Fruit Tea with Honey Tea Gi...\"}]},{\"@type\":\"WebSite\",\"@id\":\"https:\\\/\\\/purehivehoney.com\\\/de\\\/#website\",\"url\":\"https:\\\/\\\/purehivehoney.com\\\/de\\\/\",\"name\":\"PureHiveHoney\",\"description\":\"Reiner Honig &amp; Bienenprodukte Online | Rohhonig, Bio Honig &amp; Spezialhonig\",\"publisher\":{\"@id\":\"https:\\\/\\\/purehivehoney.com\\\/de\\\/#organization\"},\"potentialAction\":[{\"@type\":\"SearchAction\",\"target\":{\"@type\":\"EntryPoint\",\"urlTemplate\":\"https:\\\/\\\/purehivehoney.com\\\/de\\\/?s={search_term_string}\"},\"query-input\":{\"@type\":\"PropertyValueSpecification\",\"valueRequired\":true,\"valueName\":\"search_term_string\"}}],\"inLanguage\":\"de\"},{\"@type\":\"Organization\",\"@id\":\"https:\\\/\\\/purehivehoney.com\\\/de\\\/#organization\",\"name\":\"PureHiveHoney\",\"url\":\"https:\\\/\\\/purehivehoney.com\\\/de\\\/\",\"logo\":{\"@type\":\"ImageObject\",\"inLanguage\":\"de\",\"@id\":\"https:\\\/\\\/purehivehoney.com\\\/de\\\/#\\\/schema\\\/logo\\\/image\\\/\",\"url\":\"https:\\\/\\\/purehivehoney.com\\\/de\\\/wp-content\\\/uploads\\\/2026\\\/03\\\/Screenshot-2026-03-16-at-1.06.01-AM.png\",\"contentUrl\":\"https:\\\/\\\/purehivehoney.com\\\/de\\\/wp-content\\\/uploads\\\/2026\\\/03\\\/Screenshot-2026-03-16-at-1.06.01-AM.png\",\"width\":2112,\"height\":1086,\"caption\":\"PureHiveHoney\"},\"image\":{\"@id\":\"https:\\\/\\\/purehivehoney.com\\\/de\\\/#\\\/schema\\\/logo\\\/image\\\/\"}}]}<\/script>\n<!-- \/ Yoast SEO plugin. -->","yoast_head_json":{"title":"Premium Fruit Tea with Honey Tea Gift Set DIY to Mix Yourself Including 10 Tea Bags - 8-Piece Tea Set with Selected Tea Types (Fruit Tea Set + Honey) - PureHiveHoney","description":"Entdecken Sie hochwertigen Rohhonig, Bio Honig, Manuka Honig und nat\u00fcrliche Bienenprodukte. PureHiveHoney hilft Ihnen dabei, sorgf\u00e4ltig ausgew\u00e4hlte Honigsorten mit nat\u00fcrlicher Qualit\u00e4t und Reinheit zu entdecken.","robots":{"index":"index","follow":"follow","max-snippet":"max-snippet:-1","max-image-preview":"max-image-preview:large","max-video-preview":"max-video-preview:-1"},"canonical":"https:\/\/purehivehoney.com\/de\/product\/premium-fruit-tea-with-honey-tea-gift-set-diy-to-mix-yourself-including-10-tea-bags-8-piece-tea-set-with-selected-tea-types-fruit-tea-set-honey\/","og_locale":"de_DE","og_type":"article","og_title":"Premium Fruit Tea with Honey Tea Gift Set DIY to Mix Yourself Including 10 Tea Bags - 8-Piece Tea Set with Selected Tea Types (Fruit Tea Set + Honey) - PureHiveHoney","og_description":"Entdecken Sie hochwertigen Rohhonig, Bio Honig, Manuka Honig und nat\u00fcrliche Bienenprodukte. PureHiveHoney hilft Ihnen dabei, sorgf\u00e4ltig ausgew\u00e4hlte Honigsorten mit nat\u00fcrlicher Qualit\u00e4t und Reinheit zu entdecken.","og_url":"https:\/\/purehivehoney.com\/de\/product\/premium-fruit-tea-with-honey-tea-gift-set-diy-to-mix-yourself-including-10-tea-bags-8-piece-tea-set-with-selected-tea-types-fruit-tea-set-honey\/","og_site_name":"PureHiveHoney","article_modified_time":"2026-04-16T15:44:43+00:00","og_image":[{"url":"https:\/\/images-na.ssl-images-amazon.com\/images\/G\/01\/x-locale\/common\/grey-pixel.gif","type":"","width":"","height":""}],"twitter_card":"summary_large_image","twitter_misc":{"Gesch\u00e4tzte Lesezeit":"2\u00a0Minuten"},"schema":{"@context":"https:\/\/schema.org","@graph":[{"@type":"WebPage","@id":"https:\/\/purehivehoney.com\/de\/product\/premium-fruit-tea-with-honey-tea-gift-set-diy-to-mix-yourself-including-10-tea-bags-8-piece-tea-set-with-selected-tea-types-fruit-tea-set-honey\/","url":"https:\/\/purehivehoney.com\/de\/product\/premium-fruit-tea-with-honey-tea-gift-set-diy-to-mix-yourself-including-10-tea-bags-8-piece-tea-set-with-selected-tea-types-fruit-tea-set-honey\/","name":"Premium Fruit Tea with Honey Tea Gift Set DIY to Mix Yourself Including 10 Tea Bags - 8-Piece Tea Set with Selected Tea Types (Fruit Tea Set + Honey) - PureHiveHoney","isPartOf":{"@id":"https:\/\/purehivehoney.com\/de\/#website"},"primaryImageOfPage":{"@id":"https:\/\/purehivehoney.com\/de\/product\/premium-fruit-tea-with-honey-tea-gift-set-diy-to-mix-yourself-including-10-tea-bags-8-piece-tea-set-with-selected-tea-types-fruit-tea-set-honey\/#primaryimage"},"image":{"@id":"https:\/\/purehivehoney.com\/de\/product\/premium-fruit-tea-with-honey-tea-gift-set-diy-to-mix-yourself-including-10-tea-bags-8-piece-tea-set-with-selected-tea-types-fruit-tea-set-honey\/#primaryimage"},"thumbnailUrl":"https:\/\/purehivehoney.com\/de\/wp-content\/uploads\/2026\/04\/616TmngTRXL._SL1500_.jpg","datePublished":"2026-04-16T15:44:33+00:00","dateModified":"2026-04-16T15:44:43+00:00","description":"Entdecken Sie hochwertigen Rohhonig, Bio Honig, Manuka Honig und nat\u00fcrliche Bienenprodukte. PureHiveHoney hilft Ihnen dabei, sorgf\u00e4ltig ausgew\u00e4hlte Honigsorten mit nat\u00fcrlicher Qualit\u00e4t und Reinheit zu entdecken.","breadcrumb":{"@id":"https:\/\/purehivehoney.com\/de\/product\/premium-fruit-tea-with-honey-tea-gift-set-diy-to-mix-yourself-including-10-tea-bags-8-piece-tea-set-with-selected-tea-types-fruit-tea-set-honey\/#breadcrumb"},"inLanguage":"de","potentialAction":[{"@type":"ReadAction","target":["https:\/\/purehivehoney.com\/de\/product\/premium-fruit-tea-with-honey-tea-gift-set-diy-to-mix-yourself-including-10-tea-bags-8-piece-tea-set-with-selected-tea-types-fruit-tea-set-honey\/"]}]},{"@type":"ImageObject","inLanguage":"de","@id":"https:\/\/purehivehoney.com\/de\/product\/premium-fruit-tea-with-honey-tea-gift-set-diy-to-mix-yourself-including-10-tea-bags-8-piece-tea-set-with-selected-tea-types-fruit-tea-set-honey\/#primaryimage","url":"https:\/\/purehivehoney.com\/de\/wp-content\/uploads\/2026\/04\/616TmngTRXL._SL1500_.jpg","contentUrl":"https:\/\/purehivehoney.com\/de\/wp-content\/uploads\/2026\/04\/616TmngTRXL._SL1500_.jpg","width":1000,"height":1500},{"@type":"BreadcrumbList","@id":"https:\/\/purehivehoney.com\/de\/product\/premium-fruit-tea-with-honey-tea-gift-set-diy-to-mix-yourself-including-10-tea-bags-8-piece-tea-set-with-selected-tea-types-fruit-tea-set-honey\/#breadcrumb","itemListElement":[{"@type":"ListItem","position":1,"name":"Home","item":"https:\/\/purehivehoney.com\/de\/"},{"@type":"ListItem","position":2,"name":"Shop","item":"https:\/\/purehivehoney.com\/de\/shop\/"},{"@type":"ListItem","position":3,"name":"Premium Fruit Tea with Honey Tea Gi..."}]},{"@type":"WebSite","@id":"https:\/\/purehivehoney.com\/de\/#website","url":"https:\/\/purehivehoney.com\/de\/","name":"PureHiveHoney","description":"Reiner Honig &amp; Bienenprodukte Online | Rohhonig, Bio Honig &amp; Spezialhonig","publisher":{"@id":"https:\/\/purehivehoney.com\/de\/#organization"},"potentialAction":[{"@type":"SearchAction","target":{"@type":"EntryPoint","urlTemplate":"https:\/\/purehivehoney.com\/de\/?s={search_term_string}"},"query-input":{"@type":"PropertyValueSpecification","valueRequired":true,"valueName":"search_term_string"}}],"inLanguage":"de"},{"@type":"Organization","@id":"https:\/\/purehivehoney.com\/de\/#organization","name":"PureHiveHoney","url":"https:\/\/purehivehoney.com\/de\/","logo":{"@type":"ImageObject","inLanguage":"de","@id":"https:\/\/purehivehoney.com\/de\/#\/schema\/logo\/image\/","url":"https:\/\/purehivehoney.com\/de\/wp-content\/uploads\/2026\/03\/Screenshot-2026-03-16-at-1.06.01-AM.png","contentUrl":"https:\/\/purehivehoney.com\/de\/wp-content\/uploads\/2026\/03\/Screenshot-2026-03-16-at-1.06.01-AM.png","width":2112,"height":1086,"caption":"PureHiveHoney"},"image":{"@id":"https:\/\/purehivehoney.com\/de\/#\/schema\/logo\/image\/"}}]}},"_links":{"self":[{"href":"https:\/\/purehivehoney.com\/de\/wp-json\/wp\/v2\/product\/2833","targetHints":{"allow":["GET"]}}],"collection":[{"href":"https:\/\/purehivehoney.com\/de\/wp-json\/wp\/v2\/product"}],"about":[{"href":"https:\/\/purehivehoney.com\/de\/wp-json\/wp\/v2\/types\/product"}],"replies":[{"embeddable":true,"href":"https:\/\/purehivehoney.com\/de\/wp-json\/wp\/v2\/comments?post=2833"}],"wp:featuredmedia":[{"embeddable":true,"href":"https:\/\/purehivehoney.com\/de\/wp-json\/wp\/v2\/media\/2834"}],"wp:attachment":[{"href":"https:\/\/purehivehoney.com\/de\/wp-json\/wp\/v2\/media?parent=2833"}],"wp:term":[{"taxonomy":"store","embeddable":true,"href":"https:\/\/purehivehoney.com\/de\/wp-json\/wp\/v2\/store?post=2833"},{"taxonomy":"product_brand","embeddable":true,"href":"https:\/\/purehivehoney.com\/de\/wp-json\/wp\/v2\/product_brand?post=2833"},{"taxonomy":"product_cat","embeddable":true,"href":"https:\/\/purehivehoney.com\/de\/wp-json\/wp\/v2\/product_cat?post=2833"},{"taxonomy":"product_tag","embeddable":true,"href":"https:\/\/purehivehoney.com\/de\/wp-json\/wp\/v2\/product_tag?post=2833"}],"curies":[{"name":"wp","href":"https:\/\/api.w.org\/{rel}","templated":true}]}}