{"id":2829,"date":"2026-04-16T13:21:27","date_gmt":"2026-04-16T13:21:27","guid":{"rendered":"https:\/\/purehivehoney.com\/de\/product\/allnutrition-delicious-line-sugar-free-jelly-low-calorie-jelly-dessert-jam-without-sugar-only-25-kcal-per-serving-jelly-fruit-sweets-low-calorie-sweets-350-g-cherry\/"},"modified":"2026-04-16T13:21:32","modified_gmt":"2026-04-16T13:21:32","slug":"allnutrition-delicious-line-sugar-free-jelly-low-calorie-jelly-dessert-jam-without-sugar-only-25-kcal-per-serving-jelly-fruit-sweets-low-calorie-sweets-350-g-cherry","status":"publish","type":"product","link":"https:\/\/purehivehoney.com\/de\/product\/allnutrition-delicious-line-sugar-free-jelly-low-calorie-jelly-dessert-jam-without-sugar-only-25-kcal-per-serving-jelly-fruit-sweets-low-calorie-sweets-350-g-cherry\/","title":{"rendered":"ALLNUTRITION Delicious Line Sugar F..."},"content":{"rendered":"<p>    <span>Delicious Line Sugar Free Jelly is a low-calorie jelly that is quick and easy to prepare. One serving contains only 25 kcal. Let your imagination run wild and prepare your own delicious low-calorie dessert or cake by adding your favourite ingredients such as fruit, whipped cream or ice cream. Sugar free jelly is very clear and sets quickly. Sugar Free Jelly is available in various refreshing flavors, so you&#8217;re sure to find your favorite among them. One pack is enough for preparing up to 50 delicious tasting portions. How is it prepared? Add 7g of mixture (1 flat tablespoon) to a jar of 200ml of hot water. Stir vigorously until completely dissolved. After cooling, place the jar in the fridge so that the jelly can become solid. Store in a dry place at a temperature of up to 25 degrees Celsius. May contain gluten, eggs, soy, peanuts, nuts and products made from them. Nutritional values may vary slightly due to flavours.<\/span>    <br \/> Package Dimensions                                            \u200f                                            :                                            \u200e                                            14.9 x 10.8 x 10.4 cm; 350 g   <br \/> Manufacturer                                            \u200f                                            :                                            \u200e                                            ALLNUTRITION   <br \/> ASIN                                            \u200f                                            :                                            \u200e                                            B07D5Y36ZP   <br \/> Item model number                                            \u200f                                            :                                            \u200e                                            P35603   <br \/>  Customer reviews:                                                                                            3.9               3.9 out of 5 stars                                  (98)                                              var dpAcrHasRegisteredArcLinkClickAction;                    P.when(&#8218;A&#8216;, &#8218;ready&#8216;).execute(function(A) {                        if (dpAcrHasRegisteredArcLinkClickAction !== true) {                            dpAcrHasRegisteredArcLinkClickAction = true;                            A.declarative(                                &#8218;acrLink-click-metrics&#8216;, &#8218;click&#8216;,                                { &#8222;allowLinkDefault&#8220;: true },                                function (event) {                                    if (window.ue) {                                        ue.count(&#8222;acrLinkClickCount&#8220;, (ue.count(&#8222;acrLinkClickCount&#8220;) || 0) + 1);                                    }                                }                            );                        }                    });                                             P.when(&#8218;A&#8216;, &#8218;cf&#8216;).execute(function(A) {                A.declarative(&#8218;acrStarsLink-click-metrics&#8216;, &#8218;click&#8216;, { &#8222;allowLinkDefault&#8220; : true },  function(event){                    if(window.ue) {                        ue.count(&#8222;acrStarsLinkWithPopoverClickCount&#8220;, (ue.count(&#8222;acrStarsLinkWithPopoverClickCount&#8220;) || 0) + 1);                    }                });            });                          <br \/>Healthy Snack: Delicious Line Sugar-Free Jelly is a dessert that allows you to satisfy your zest for sweets in a low-calorie and fat-free way. It contains no added sugar.<br \/>Versatile Use You can eat the jelly alone or combine it with fruit, ice cream, whipped cream or other ingredients of your choice. Let your imagination run wild and prepare the dessert of your dreams.<br \/>Jelly without sugar: you can enjoy the sweet fruit jelly without gaining weight through your &#8222;guilty pleasure&#8220;, because a single portion of our jelly contains only 25 kcal.<br \/>Easy to make: put 7g of powder (one flat tablespoon) into a jar of 200ml hot water. Then stir vigorously until completely dissolved. After cooling, place in the fridge so that the jelly can become firm (and it will quickly settle).<br \/>Contents: We sell the jelly in practical plastic jars with 350g water soluble powder. Each container is enough for 50 servings of the delicious jelly.<\/p>\n\n","protected":false},"excerpt":{"rendered":"<p>Delicious Line Sugar Free Jelly is a low-calorie jelly that is quick and easy to prepare. One serving contains only 25 kcal. Let your imagination run wild and prepare your own delicious low-calorie dessert or cake by adding your favourite ingredients such as fruit, whipped cream or ice cream. Sugar free jelly is very clear [&hellip;]<\/p>\n","protected":false},"featured_media":2830,"comment_status":"open","ping_status":"closed","template":"","meta":{"_aipt_faq_data":""},"store":[],"product_brand":[329],"product_cat":[58],"product_tag":[324],"class_list":{"0":"post-2829","1":"product","2":"type-product","3":"status-publish","4":"has-post-thumbnail","6":"product_brand-allnutrition","7":"product_cat-honig-nuss-aufstriche","8":"product_tag-honig-nuss-aufstriche-ohne-zucker","10":"first","11":"instock","12":"shipping-taxable","13":"product-type-external"},"yoast_head":"<!-- This site is optimized with the Yoast SEO plugin v27.4 - https:\/\/yoast.com\/product\/yoast-seo-wordpress\/ -->\n<title>ALLNUTRITION Delicious Line Sugar Free Jelly - Low Calorie Jelly Dessert - Jam without Sugar - Only 25 kcal per Serving - Jelly Fruit Sweets - Low Calorie Sweets - 350 g - Cherry - PureHiveHoney<\/title>\n<meta name=\"description\" content=\"Entdecken Sie hochwertigen Rohhonig, Bio Honig, Manuka Honig und nat\u00fcrliche Bienenprodukte. PureHiveHoney hilft Ihnen dabei, sorgf\u00e4ltig ausgew\u00e4hlte Honigsorten mit nat\u00fcrlicher Qualit\u00e4t und Reinheit zu entdecken.\" \/>\n<meta name=\"robots\" content=\"index, follow, max-snippet:-1, max-image-preview:large, max-video-preview:-1\" \/>\n<link rel=\"canonical\" href=\"https:\/\/purehivehoney.com\/de\/product\/allnutrition-delicious-line-sugar-free-jelly-low-calorie-jelly-dessert-jam-without-sugar-only-25-kcal-per-serving-jelly-fruit-sweets-low-calorie-sweets-350-g-cherry\/\" \/>\n<meta property=\"og:locale\" content=\"de_DE\" \/>\n<meta property=\"og:type\" content=\"article\" \/>\n<meta property=\"og:title\" content=\"ALLNUTRITION Delicious Line Sugar Free Jelly - Low Calorie Jelly Dessert - Jam without Sugar - Only 25 kcal per Serving - Jelly Fruit Sweets - Low Calorie Sweets - 350 g - Cherry - PureHiveHoney\" \/>\n<meta property=\"og:description\" content=\"Entdecken Sie hochwertigen Rohhonig, Bio Honig, Manuka Honig und nat\u00fcrliche Bienenprodukte. PureHiveHoney hilft Ihnen dabei, sorgf\u00e4ltig ausgew\u00e4hlte Honigsorten mit nat\u00fcrlicher Qualit\u00e4t und Reinheit zu entdecken.\" \/>\n<meta property=\"og:url\" content=\"https:\/\/purehivehoney.com\/de\/product\/allnutrition-delicious-line-sugar-free-jelly-low-calorie-jelly-dessert-jam-without-sugar-only-25-kcal-per-serving-jelly-fruit-sweets-low-calorie-sweets-350-g-cherry\/\" \/>\n<meta property=\"og:site_name\" content=\"PureHiveHoney\" \/>\n<meta property=\"article:modified_time\" content=\"2026-04-16T13:21:32+00:00\" \/>\n<meta name=\"twitter:card\" content=\"summary_large_image\" \/>\n<meta name=\"twitter:label1\" content=\"Gesch\u00e4tzte Lesezeit\" \/>\n\t<meta name=\"twitter:data1\" content=\"2\u00a0Minuten\" \/>\n<script type=\"application\/ld+json\" class=\"yoast-schema-graph\">{\"@context\":\"https:\\\/\\\/schema.org\",\"@graph\":[{\"@type\":\"WebPage\",\"@id\":\"https:\\\/\\\/purehivehoney.com\\\/de\\\/product\\\/allnutrition-delicious-line-sugar-free-jelly-low-calorie-jelly-dessert-jam-without-sugar-only-25-kcal-per-serving-jelly-fruit-sweets-low-calorie-sweets-350-g-cherry\\\/\",\"url\":\"https:\\\/\\\/purehivehoney.com\\\/de\\\/product\\\/allnutrition-delicious-line-sugar-free-jelly-low-calorie-jelly-dessert-jam-without-sugar-only-25-kcal-per-serving-jelly-fruit-sweets-low-calorie-sweets-350-g-cherry\\\/\",\"name\":\"ALLNUTRITION Delicious Line Sugar Free Jelly - Low Calorie Jelly Dessert - Jam without Sugar - Only 25 kcal per Serving - Jelly Fruit Sweets - Low Calorie Sweets - 350 g - Cherry - PureHiveHoney\",\"isPartOf\":{\"@id\":\"https:\\\/\\\/purehivehoney.com\\\/de\\\/#website\"},\"primaryImageOfPage\":{\"@id\":\"https:\\\/\\\/purehivehoney.com\\\/de\\\/product\\\/allnutrition-delicious-line-sugar-free-jelly-low-calorie-jelly-dessert-jam-without-sugar-only-25-kcal-per-serving-jelly-fruit-sweets-low-calorie-sweets-350-g-cherry\\\/#primaryimage\"},\"image\":{\"@id\":\"https:\\\/\\\/purehivehoney.com\\\/de\\\/product\\\/allnutrition-delicious-line-sugar-free-jelly-low-calorie-jelly-dessert-jam-without-sugar-only-25-kcal-per-serving-jelly-fruit-sweets-low-calorie-sweets-350-g-cherry\\\/#primaryimage\"},\"thumbnailUrl\":\"https:\\\/\\\/purehivehoney.com\\\/de\\\/wp-content\\\/uploads\\\/2026\\\/04\\\/71xfTGkKvjL._AC_SL1200_.jpg\",\"datePublished\":\"2026-04-16T13:21:27+00:00\",\"dateModified\":\"2026-04-16T13:21:32+00:00\",\"description\":\"Entdecken Sie hochwertigen Rohhonig, Bio Honig, Manuka Honig und nat\u00fcrliche Bienenprodukte. PureHiveHoney hilft Ihnen dabei, sorgf\u00e4ltig ausgew\u00e4hlte Honigsorten mit nat\u00fcrlicher Qualit\u00e4t und Reinheit zu entdecken.\",\"breadcrumb\":{\"@id\":\"https:\\\/\\\/purehivehoney.com\\\/de\\\/product\\\/allnutrition-delicious-line-sugar-free-jelly-low-calorie-jelly-dessert-jam-without-sugar-only-25-kcal-per-serving-jelly-fruit-sweets-low-calorie-sweets-350-g-cherry\\\/#breadcrumb\"},\"inLanguage\":\"de\",\"potentialAction\":[{\"@type\":\"ReadAction\",\"target\":[\"https:\\\/\\\/purehivehoney.com\\\/de\\\/product\\\/allnutrition-delicious-line-sugar-free-jelly-low-calorie-jelly-dessert-jam-without-sugar-only-25-kcal-per-serving-jelly-fruit-sweets-low-calorie-sweets-350-g-cherry\\\/\"]}]},{\"@type\":\"ImageObject\",\"inLanguage\":\"de\",\"@id\":\"https:\\\/\\\/purehivehoney.com\\\/de\\\/product\\\/allnutrition-delicious-line-sugar-free-jelly-low-calorie-jelly-dessert-jam-without-sugar-only-25-kcal-per-serving-jelly-fruit-sweets-low-calorie-sweets-350-g-cherry\\\/#primaryimage\",\"url\":\"https:\\\/\\\/purehivehoney.com\\\/de\\\/wp-content\\\/uploads\\\/2026\\\/04\\\/71xfTGkKvjL._AC_SL1200_.jpg\",\"contentUrl\":\"https:\\\/\\\/purehivehoney.com\\\/de\\\/wp-content\\\/uploads\\\/2026\\\/04\\\/71xfTGkKvjL._AC_SL1200_.jpg\",\"width\":1200,\"height\":968},{\"@type\":\"BreadcrumbList\",\"@id\":\"https:\\\/\\\/purehivehoney.com\\\/de\\\/product\\\/allnutrition-delicious-line-sugar-free-jelly-low-calorie-jelly-dessert-jam-without-sugar-only-25-kcal-per-serving-jelly-fruit-sweets-low-calorie-sweets-350-g-cherry\\\/#breadcrumb\",\"itemListElement\":[{\"@type\":\"ListItem\",\"position\":1,\"name\":\"Home\",\"item\":\"https:\\\/\\\/purehivehoney.com\\\/de\\\/\"},{\"@type\":\"ListItem\",\"position\":2,\"name\":\"Shop\",\"item\":\"https:\\\/\\\/purehivehoney.com\\\/de\\\/shop\\\/\"},{\"@type\":\"ListItem\",\"position\":3,\"name\":\"ALLNUTRITION Delicious Line Sugar F...\"}]},{\"@type\":\"WebSite\",\"@id\":\"https:\\\/\\\/purehivehoney.com\\\/de\\\/#website\",\"url\":\"https:\\\/\\\/purehivehoney.com\\\/de\\\/\",\"name\":\"PureHiveHoney\",\"description\":\"Reiner Honig &amp; Bienenprodukte Online | Rohhonig, Bio Honig &amp; Spezialhonig\",\"publisher\":{\"@id\":\"https:\\\/\\\/purehivehoney.com\\\/de\\\/#organization\"},\"potentialAction\":[{\"@type\":\"SearchAction\",\"target\":{\"@type\":\"EntryPoint\",\"urlTemplate\":\"https:\\\/\\\/purehivehoney.com\\\/de\\\/?s={search_term_string}\"},\"query-input\":{\"@type\":\"PropertyValueSpecification\",\"valueRequired\":true,\"valueName\":\"search_term_string\"}}],\"inLanguage\":\"de\"},{\"@type\":\"Organization\",\"@id\":\"https:\\\/\\\/purehivehoney.com\\\/de\\\/#organization\",\"name\":\"PureHiveHoney\",\"url\":\"https:\\\/\\\/purehivehoney.com\\\/de\\\/\",\"logo\":{\"@type\":\"ImageObject\",\"inLanguage\":\"de\",\"@id\":\"https:\\\/\\\/purehivehoney.com\\\/de\\\/#\\\/schema\\\/logo\\\/image\\\/\",\"url\":\"https:\\\/\\\/purehivehoney.com\\\/de\\\/wp-content\\\/uploads\\\/2026\\\/03\\\/Screenshot-2026-03-16-at-1.06.01-AM.png\",\"contentUrl\":\"https:\\\/\\\/purehivehoney.com\\\/de\\\/wp-content\\\/uploads\\\/2026\\\/03\\\/Screenshot-2026-03-16-at-1.06.01-AM.png\",\"width\":2112,\"height\":1086,\"caption\":\"PureHiveHoney\"},\"image\":{\"@id\":\"https:\\\/\\\/purehivehoney.com\\\/de\\\/#\\\/schema\\\/logo\\\/image\\\/\"}}]}<\/script>\n<!-- \/ Yoast SEO plugin. -->","yoast_head_json":{"title":"ALLNUTRITION Delicious Line Sugar Free Jelly - Low Calorie Jelly Dessert - Jam without Sugar - Only 25 kcal per Serving - Jelly Fruit Sweets - Low Calorie Sweets - 350 g - Cherry - PureHiveHoney","description":"Entdecken Sie hochwertigen Rohhonig, Bio Honig, Manuka Honig und nat\u00fcrliche Bienenprodukte. PureHiveHoney hilft Ihnen dabei, sorgf\u00e4ltig ausgew\u00e4hlte Honigsorten mit nat\u00fcrlicher Qualit\u00e4t und Reinheit zu entdecken.","robots":{"index":"index","follow":"follow","max-snippet":"max-snippet:-1","max-image-preview":"max-image-preview:large","max-video-preview":"max-video-preview:-1"},"canonical":"https:\/\/purehivehoney.com\/de\/product\/allnutrition-delicious-line-sugar-free-jelly-low-calorie-jelly-dessert-jam-without-sugar-only-25-kcal-per-serving-jelly-fruit-sweets-low-calorie-sweets-350-g-cherry\/","og_locale":"de_DE","og_type":"article","og_title":"ALLNUTRITION Delicious Line Sugar Free Jelly - Low Calorie Jelly Dessert - Jam without Sugar - Only 25 kcal per Serving - Jelly Fruit Sweets - Low Calorie Sweets - 350 g - Cherry - PureHiveHoney","og_description":"Entdecken Sie hochwertigen Rohhonig, Bio Honig, Manuka Honig und nat\u00fcrliche Bienenprodukte. PureHiveHoney hilft Ihnen dabei, sorgf\u00e4ltig ausgew\u00e4hlte Honigsorten mit nat\u00fcrlicher Qualit\u00e4t und Reinheit zu entdecken.","og_url":"https:\/\/purehivehoney.com\/de\/product\/allnutrition-delicious-line-sugar-free-jelly-low-calorie-jelly-dessert-jam-without-sugar-only-25-kcal-per-serving-jelly-fruit-sweets-low-calorie-sweets-350-g-cherry\/","og_site_name":"PureHiveHoney","article_modified_time":"2026-04-16T13:21:32+00:00","twitter_card":"summary_large_image","twitter_misc":{"Gesch\u00e4tzte Lesezeit":"2\u00a0Minuten"},"schema":{"@context":"https:\/\/schema.org","@graph":[{"@type":"WebPage","@id":"https:\/\/purehivehoney.com\/de\/product\/allnutrition-delicious-line-sugar-free-jelly-low-calorie-jelly-dessert-jam-without-sugar-only-25-kcal-per-serving-jelly-fruit-sweets-low-calorie-sweets-350-g-cherry\/","url":"https:\/\/purehivehoney.com\/de\/product\/allnutrition-delicious-line-sugar-free-jelly-low-calorie-jelly-dessert-jam-without-sugar-only-25-kcal-per-serving-jelly-fruit-sweets-low-calorie-sweets-350-g-cherry\/","name":"ALLNUTRITION Delicious Line Sugar Free Jelly - Low Calorie Jelly Dessert - Jam without Sugar - Only 25 kcal per Serving - Jelly Fruit Sweets - Low Calorie Sweets - 350 g - Cherry - PureHiveHoney","isPartOf":{"@id":"https:\/\/purehivehoney.com\/de\/#website"},"primaryImageOfPage":{"@id":"https:\/\/purehivehoney.com\/de\/product\/allnutrition-delicious-line-sugar-free-jelly-low-calorie-jelly-dessert-jam-without-sugar-only-25-kcal-per-serving-jelly-fruit-sweets-low-calorie-sweets-350-g-cherry\/#primaryimage"},"image":{"@id":"https:\/\/purehivehoney.com\/de\/product\/allnutrition-delicious-line-sugar-free-jelly-low-calorie-jelly-dessert-jam-without-sugar-only-25-kcal-per-serving-jelly-fruit-sweets-low-calorie-sweets-350-g-cherry\/#primaryimage"},"thumbnailUrl":"https:\/\/purehivehoney.com\/de\/wp-content\/uploads\/2026\/04\/71xfTGkKvjL._AC_SL1200_.jpg","datePublished":"2026-04-16T13:21:27+00:00","dateModified":"2026-04-16T13:21:32+00:00","description":"Entdecken Sie hochwertigen Rohhonig, Bio Honig, Manuka Honig und nat\u00fcrliche Bienenprodukte. PureHiveHoney hilft Ihnen dabei, sorgf\u00e4ltig ausgew\u00e4hlte Honigsorten mit nat\u00fcrlicher Qualit\u00e4t und Reinheit zu entdecken.","breadcrumb":{"@id":"https:\/\/purehivehoney.com\/de\/product\/allnutrition-delicious-line-sugar-free-jelly-low-calorie-jelly-dessert-jam-without-sugar-only-25-kcal-per-serving-jelly-fruit-sweets-low-calorie-sweets-350-g-cherry\/#breadcrumb"},"inLanguage":"de","potentialAction":[{"@type":"ReadAction","target":["https:\/\/purehivehoney.com\/de\/product\/allnutrition-delicious-line-sugar-free-jelly-low-calorie-jelly-dessert-jam-without-sugar-only-25-kcal-per-serving-jelly-fruit-sweets-low-calorie-sweets-350-g-cherry\/"]}]},{"@type":"ImageObject","inLanguage":"de","@id":"https:\/\/purehivehoney.com\/de\/product\/allnutrition-delicious-line-sugar-free-jelly-low-calorie-jelly-dessert-jam-without-sugar-only-25-kcal-per-serving-jelly-fruit-sweets-low-calorie-sweets-350-g-cherry\/#primaryimage","url":"https:\/\/purehivehoney.com\/de\/wp-content\/uploads\/2026\/04\/71xfTGkKvjL._AC_SL1200_.jpg","contentUrl":"https:\/\/purehivehoney.com\/de\/wp-content\/uploads\/2026\/04\/71xfTGkKvjL._AC_SL1200_.jpg","width":1200,"height":968},{"@type":"BreadcrumbList","@id":"https:\/\/purehivehoney.com\/de\/product\/allnutrition-delicious-line-sugar-free-jelly-low-calorie-jelly-dessert-jam-without-sugar-only-25-kcal-per-serving-jelly-fruit-sweets-low-calorie-sweets-350-g-cherry\/#breadcrumb","itemListElement":[{"@type":"ListItem","position":1,"name":"Home","item":"https:\/\/purehivehoney.com\/de\/"},{"@type":"ListItem","position":2,"name":"Shop","item":"https:\/\/purehivehoney.com\/de\/shop\/"},{"@type":"ListItem","position":3,"name":"ALLNUTRITION Delicious Line Sugar F..."}]},{"@type":"WebSite","@id":"https:\/\/purehivehoney.com\/de\/#website","url":"https:\/\/purehivehoney.com\/de\/","name":"PureHiveHoney","description":"Reiner Honig &amp; Bienenprodukte Online | Rohhonig, Bio Honig &amp; Spezialhonig","publisher":{"@id":"https:\/\/purehivehoney.com\/de\/#organization"},"potentialAction":[{"@type":"SearchAction","target":{"@type":"EntryPoint","urlTemplate":"https:\/\/purehivehoney.com\/de\/?s={search_term_string}"},"query-input":{"@type":"PropertyValueSpecification","valueRequired":true,"valueName":"search_term_string"}}],"inLanguage":"de"},{"@type":"Organization","@id":"https:\/\/purehivehoney.com\/de\/#organization","name":"PureHiveHoney","url":"https:\/\/purehivehoney.com\/de\/","logo":{"@type":"ImageObject","inLanguage":"de","@id":"https:\/\/purehivehoney.com\/de\/#\/schema\/logo\/image\/","url":"https:\/\/purehivehoney.com\/de\/wp-content\/uploads\/2026\/03\/Screenshot-2026-03-16-at-1.06.01-AM.png","contentUrl":"https:\/\/purehivehoney.com\/de\/wp-content\/uploads\/2026\/03\/Screenshot-2026-03-16-at-1.06.01-AM.png","width":2112,"height":1086,"caption":"PureHiveHoney"},"image":{"@id":"https:\/\/purehivehoney.com\/de\/#\/schema\/logo\/image\/"}}]}},"_links":{"self":[{"href":"https:\/\/purehivehoney.com\/de\/wp-json\/wp\/v2\/product\/2829","targetHints":{"allow":["GET"]}}],"collection":[{"href":"https:\/\/purehivehoney.com\/de\/wp-json\/wp\/v2\/product"}],"about":[{"href":"https:\/\/purehivehoney.com\/de\/wp-json\/wp\/v2\/types\/product"}],"replies":[{"embeddable":true,"href":"https:\/\/purehivehoney.com\/de\/wp-json\/wp\/v2\/comments?post=2829"}],"wp:featuredmedia":[{"embeddable":true,"href":"https:\/\/purehivehoney.com\/de\/wp-json\/wp\/v2\/media\/2830"}],"wp:attachment":[{"href":"https:\/\/purehivehoney.com\/de\/wp-json\/wp\/v2\/media?parent=2829"}],"wp:term":[{"taxonomy":"store","embeddable":true,"href":"https:\/\/purehivehoney.com\/de\/wp-json\/wp\/v2\/store?post=2829"},{"taxonomy":"product_brand","embeddable":true,"href":"https:\/\/purehivehoney.com\/de\/wp-json\/wp\/v2\/product_brand?post=2829"},{"taxonomy":"product_cat","embeddable":true,"href":"https:\/\/purehivehoney.com\/de\/wp-json\/wp\/v2\/product_cat?post=2829"},{"taxonomy":"product_tag","embeddable":true,"href":"https:\/\/purehivehoney.com\/de\/wp-json\/wp\/v2\/product_tag?post=2829"}],"curies":[{"name":"wp","href":"https:\/\/api.w.org\/{rel}","templated":true}]}}