{"id":2820,"date":"2026-04-12T06:00:53","date_gmt":"2026-04-12T06:00:53","guid":{"rendered":"https:\/\/purehivehoney.com\/de\/product\/gelorevoice-throat-tablets-grapefruit-menthol-long-lasting-relief-for-a-scratchy-throat-cough-irritation-and-hoarseness-sore-throat-swallowing-problems-throat-compulsion-5-x-20-1-x-10-pieces\/"},"modified":"2026-04-12T06:01:10","modified_gmt":"2026-04-12T06:01:10","slug":"gelorevoice-throat-tablets-grapefruit-menthol-long-lasting-relief-for-a-scratchy-throat-cough-irritation-and-hoarseness-sore-throat-swallowing-problems-throat-compulsion-5-x-20-1-x-10-pieces","status":"publish","type":"product","link":"https:\/\/purehivehoney.com\/de\/product\/gelorevoice-throat-tablets-grapefruit-menthol-long-lasting-relief-for-a-scratchy-throat-cough-irritation-and-hoarseness-sore-throat-swallowing-problems-throat-compulsion-5-x-20-1-x-10-pieces\/","title":{"rendered":"GeloRevoice Throat Tablets Grapefru..."},"content":{"rendered":"<p>                                             Product Description   <\/p>\n<p>                                                                                                       <img decoding=\"async\" alt=\"aplus content image\" src=\"https:\/\/images-na.ssl-images-amazon.com\/images\/G\/01\/x-locale\/common\/grey-pixel.gif\" class=\"a-lazy-loaded\" data-src=\"https:\/\/m.media-amazon.com\/images\/S\/aplus-media-library-service-media\/665450fe-5f90-4484-9867-9141df3f5fba.__CR0,0,4392,1800_PT0_SX1464_V1___.jpg\"><img decoding=\"async\" alt=\"aplus content image\" src=\"https:\/\/m.media-amazon.com\/images\/S\/aplus-media-library-service-media\/665450fe-5f90-4484-9867-9141df3f5fba.__CR0,0,4392,1800_PT0_SX1464_V1___.jpg\">                                               <\/p>\n<p>                                                                                                       <img decoding=\"async\" alt=\"aplus content image\" src=\"https:\/\/images-na.ssl-images-amazon.com\/images\/G\/01\/x-locale\/common\/grey-pixel.gif\" class=\"a-lazy-loaded\" data-src=\"https:\/\/m.media-amazon.com\/images\/S\/aplus-media-library-service-media\/65d0b5d7-48dd-4611-a615-16a473953760.__CR0,0,4392,1800_PT0_SX1464_V1___.jpg\"><img decoding=\"async\" alt=\"aplus content image\" src=\"https:\/\/m.media-amazon.com\/images\/S\/aplus-media-library-service-media\/65d0b5d7-48dd-4611-a615-16a473953760.__CR0,0,4392,1800_PT0_SX1464_V1___.jpg\">                                               <\/p>\n<p>                                                                                                       <img decoding=\"async\" alt=\"aplus content image\" src=\"https:\/\/images-na.ssl-images-amazon.com\/images\/G\/01\/x-locale\/common\/grey-pixel.gif\" class=\"a-lazy-loaded\" data-src=\"https:\/\/m.media-amazon.com\/images\/S\/aplus-media-library-service-media\/cd93f791-d425-4722-874e-b7b1cd6edb7f.__CR0,0,4392,1800_PT0_SX1464_V1___.jpg\"><img decoding=\"async\" alt=\"aplus content image\" src=\"https:\/\/m.media-amazon.com\/images\/S\/aplus-media-library-service-media\/cd93f791-d425-4722-874e-b7b1cd6edb7f.__CR0,0,4392,1800_PT0_SX1464_V1___.jpg\">                                               <\/p>\n<p>                                                                                                       <img decoding=\"async\" alt=\"aplus content image\" src=\"https:\/\/images-na.ssl-images-amazon.com\/images\/G\/01\/x-locale\/common\/grey-pixel.gif\" class=\"a-lazy-loaded\" data-src=\"https:\/\/m.media-amazon.com\/images\/S\/aplus-media-library-service-media\/be37e667-b665-4eb1-8edd-45dd1d22aaa1.__CR0,0,4392,1800_PT0_SX1464_V1___.jpg\"><img decoding=\"async\" alt=\"aplus content image\" src=\"https:\/\/m.media-amazon.com\/images\/S\/aplus-media-library-service-media\/be37e667-b665-4eb1-8edd-45dd1d22aaa1.__CR0,0,4392,1800_PT0_SX1464_V1___.jpg\">                                               <\/p>\n<p>                                                                                                       <img decoding=\"async\" alt=\"aplus content image\" src=\"https:\/\/images-na.ssl-images-amazon.com\/images\/G\/01\/x-locale\/common\/grey-pixel.gif\" class=\"a-lazy-loaded\" data-src=\"https:\/\/m.media-amazon.com\/images\/S\/aplus-media-library-service-media\/276dfa2b-fb2c-4e24-899c-84d6881d3af5.__CR0,0,4392,1800_PT0_SX1464_V1___.jpg\"><img decoding=\"async\" alt=\"aplus content image\" src=\"https:\/\/m.media-amazon.com\/images\/S\/aplus-media-library-service-media\/276dfa2b-fb2c-4e24-899c-84d6881d3af5.__CR0,0,4392,1800_PT0_SX1464_V1___.jpg\">                                               <\/p>\n<p class=\"description\"> GeloMyrtol\u00ae forte. Myrtol\u00ae. Anw.: Zur Schleiml\u00f6sung u. Erleichterung des Abhustens b. akuter u. chron. Bronchitis. Zur Schleiml\u00f6sung b. Entz\u00fcndungen der Nasennebenh\u00f6hlen (Sinusitis). Z. Anw. b. Erwachsenen, Jugendlichen u. Kindern ab 6 Jahren. Enth. Sorbitol. Zu Risiken und Nebenwirkungen lesen Sie die Packungsbeilage und fragen Sie Ihre \u00c4rztin, Ihren Arzt oder in Ihrer Apotheke. Pohl-Boskamp (11\/8\/2) <\/p>\n<p class=\"description\"> GeloProsed\u00ae. Anw.: Z. Linderung d. Symptome v. Erk\u00e4ltungskrankheiten u. grippalen Infekten, w. Schmerzen, Kopfschmerzen, Halsschmerzen u. Fieber, wenn diese m. einer Anschwellung d. Nasenschleimhaut einhergehen. F. Erw., \u00e4lt. Patienten u. Jugendl. ab 12 Jahren. Enth. Aspartam u. Natriumcarbonat. Ohne \u00e4rztlichen Rat nicht l\u00e4nger anwenden, als in der Packungsbeilage vorgegeben! Zu Risiken und Nebenwirkungen lesen Sie die Packungsbeilage und fragen Sie Ihre \u00c4rztin, Ihren Arzt oder in Ihrer Apotheke. Pohl-Boskamp (6\/2) <\/p>\n<p class=\"description\"> GeloBronchial\u00ae-Saft: Wirkstoff: Fluidextrakt aus Thymiankraut. Anw.: Erk\u00e4ltungskrankheiten d. Atemwege m. z\u00e4hfl\u00fcssigem Schleim, z. Besserung d. Beschwerden b. ak. Bronchitis. Enth. Invertzucker u. 6,3-Vol. % Alkohol. Zu Risiken und Nebenwirkungen lesen Sie die Packungsbeilage und fragen Sie Ihre \u00c4rztin, Ihren Arzt oder in Ihrer Apotheke. Pohl-Boskamp (14\/2) <\/p>\n<p> Package Dimensions                                            \u200f                                            :                                            \u200e                                            10 x 5 x 3 cm; 30 g   <br \/> Manufacturer                                            \u200f                                            :                                            \u200e                                            G. Pohl Boskamp GmbH &#038; Co. KG   <br \/> ASIN                                            \u200f                                            :                                            \u200e                                            B0FN8FZZ38   <br \/>  Customer reviews:                                                                                            4.6               4.6 out of 5 stars                                  (673)                                              var dpAcrHasRegisteredArcLinkClickAction;                    P.when(&#8218;A&#8216;, &#8218;ready&#8216;).execute(function(A) {                        if (dpAcrHasRegisteredArcLinkClickAction !== true) {                            dpAcrHasRegisteredArcLinkClickAction = true;                            A.declarative(                                &#8218;acrLink-click-metrics&#8216;, &#8218;click&#8216;,                                { &#8222;allowLinkDefault&#8220;: true },                                function (event) {                                    if (window.ue) {                                        ue.count(&#8222;acrLinkClickCount&#8220;, (ue.count(&#8222;acrLinkClickCount&#8220;) || 0) + 1);                                    }                                }                            );                        }                    });                                             P.when(&#8218;A&#8216;, &#8218;cf&#8216;).execute(function(A) {                A.declarative(&#8218;acrStarsLink-click-metrics&#8216;, &#8218;click&#8216;, { &#8222;allowLinkDefault&#8220; : true },  function(event){                    if(window.ue) {                        ue.count(&#8222;acrStarsLinkWithPopoverClickCount&#8220;, (ue.count(&#8222;acrStarsLinkWithPopoverClickCount&#8220;) || 0) + 1);                    }                });            });                          <br \/>Long-lasting relief: GeloRevoice throat tablets provide fast noticeable and long-lasting relief from a scratchy throat, coughing and hoarseness.<br \/>Revoice hydro depot: A wafer-thin protective film covers the mouth and throat mucosa and relieves discomfort such as a scratchy throat, coughing and hoarseness.<br \/>Versatile: Ideal for voice problems caused by loud speaking, colds or dry room air. Perfect for singers, teachers and frequent speakers.<br \/>Moisturising the mucous membranes: Supports the moistening of the mucous membranes and protects against dehydration caused by factors such as dry room air.<br \/>Different flavours: No matter which flavour you choose, the GeloRevoice active principle applies to every one and provides quickly noticeable and long-lasting relief.<\/p>\n\n","protected":false},"excerpt":{"rendered":"<p>Product Description GeloMyrtol\u00ae forte. Myrtol\u00ae. Anw.: Zur Schleiml\u00f6sung u. Erleichterung des Abhustens b. akuter u. chron. Bronchitis. Zur Schleiml\u00f6sung b. Entz\u00fcndungen der Nasennebenh\u00f6hlen (Sinusitis). Z. Anw. b. Erwachsenen, Jugendlichen u. Kindern ab 6 Jahren. Enth. Sorbitol. Zu Risiken und Nebenwirkungen lesen Sie die Packungsbeilage und fragen Sie Ihre \u00c4rztin, Ihren Arzt oder in Ihrer Apotheke. [&hellip;]<\/p>\n","protected":false},"featured_media":2821,"comment_status":"open","ping_status":"closed","template":"","meta":{"_aipt_faq_data":""},"store":[],"product_brand":[358],"product_cat":[61],"product_tag":[284],"class_list":{"0":"post-2820","1":"product","2":"type-product","3":"status-publish","4":"has-post-thumbnail","6":"product_brand-gelorevoice","7":"product_cat-honig-gegen-halsschmerzen","8":"product_tag-bio-honig-gegen-halsschmerzen","10":"first","11":"instock","12":"shipping-taxable","13":"product-type-external"},"yoast_head":"<!-- This site is optimized with the Yoast SEO plugin v27.4 - https:\/\/yoast.com\/product\/yoast-seo-wordpress\/ -->\n<title>GeloRevoice Throat Tablets Grapefruit Menthol: Long-lasting Relief for a Scratchy Throat, Cough Irritation and Hoarseness, Sore Throat, Swallowing Problems, Throat Compulsion, 5 x 20 + 1 x 10 Pieces - PureHiveHoney<\/title>\n<meta name=\"description\" content=\"Entdecken Sie hochwertigen Rohhonig, Bio Honig, Manuka Honig und nat\u00fcrliche Bienenprodukte. PureHiveHoney hilft Ihnen dabei, sorgf\u00e4ltig ausgew\u00e4hlte Honigsorten mit nat\u00fcrlicher Qualit\u00e4t und Reinheit zu entdecken.\" \/>\n<meta name=\"robots\" content=\"index, follow, max-snippet:-1, max-image-preview:large, max-video-preview:-1\" \/>\n<link rel=\"canonical\" href=\"https:\/\/purehivehoney.com\/de\/product\/gelorevoice-throat-tablets-grapefruit-menthol-long-lasting-relief-for-a-scratchy-throat-cough-irritation-and-hoarseness-sore-throat-swallowing-problems-throat-compulsion-5-x-20-1-x-10-pieces\/\" \/>\n<meta property=\"og:locale\" content=\"de_DE\" \/>\n<meta property=\"og:type\" content=\"article\" \/>\n<meta property=\"og:title\" content=\"GeloRevoice Throat Tablets Grapefruit Menthol: Long-lasting Relief for a Scratchy Throat, Cough Irritation and Hoarseness, Sore Throat, Swallowing Problems, Throat Compulsion, 5 x 20 + 1 x 10 Pieces - PureHiveHoney\" \/>\n<meta property=\"og:description\" content=\"Entdecken Sie hochwertigen Rohhonig, Bio Honig, Manuka Honig und nat\u00fcrliche Bienenprodukte. PureHiveHoney hilft Ihnen dabei, sorgf\u00e4ltig ausgew\u00e4hlte Honigsorten mit nat\u00fcrlicher Qualit\u00e4t und Reinheit zu entdecken.\" \/>\n<meta property=\"og:url\" content=\"https:\/\/purehivehoney.com\/de\/product\/gelorevoice-throat-tablets-grapefruit-menthol-long-lasting-relief-for-a-scratchy-throat-cough-irritation-and-hoarseness-sore-throat-swallowing-problems-throat-compulsion-5-x-20-1-x-10-pieces\/\" \/>\n<meta property=\"og:site_name\" content=\"PureHiveHoney\" \/>\n<meta property=\"article:modified_time\" content=\"2026-04-12T06:01:10+00:00\" \/>\n<meta property=\"og:image\" content=\"https:\/\/images-na.ssl-images-amazon.com\/images\/G\/01\/x-locale\/common\/grey-pixel.gif\" \/>\n<meta name=\"twitter:card\" content=\"summary_large_image\" \/>\n<meta name=\"twitter:label1\" content=\"Gesch\u00e4tzte Lesezeit\" \/>\n\t<meta name=\"twitter:data1\" content=\"2\u00a0Minuten\" \/>\n<script type=\"application\/ld+json\" class=\"yoast-schema-graph\">{\"@context\":\"https:\\\/\\\/schema.org\",\"@graph\":[{\"@type\":\"WebPage\",\"@id\":\"https:\\\/\\\/purehivehoney.com\\\/de\\\/product\\\/gelorevoice-throat-tablets-grapefruit-menthol-long-lasting-relief-for-a-scratchy-throat-cough-irritation-and-hoarseness-sore-throat-swallowing-problems-throat-compulsion-5-x-20-1-x-10-pieces\\\/\",\"url\":\"https:\\\/\\\/purehivehoney.com\\\/de\\\/product\\\/gelorevoice-throat-tablets-grapefruit-menthol-long-lasting-relief-for-a-scratchy-throat-cough-irritation-and-hoarseness-sore-throat-swallowing-problems-throat-compulsion-5-x-20-1-x-10-pieces\\\/\",\"name\":\"GeloRevoice Throat Tablets Grapefruit Menthol: Long-lasting Relief for a Scratchy Throat, Cough Irritation and Hoarseness, Sore Throat, Swallowing Problems, Throat Compulsion, 5 x 20 + 1 x 10 Pieces - PureHiveHoney\",\"isPartOf\":{\"@id\":\"https:\\\/\\\/purehivehoney.com\\\/de\\\/#website\"},\"primaryImageOfPage\":{\"@id\":\"https:\\\/\\\/purehivehoney.com\\\/de\\\/product\\\/gelorevoice-throat-tablets-grapefruit-menthol-long-lasting-relief-for-a-scratchy-throat-cough-irritation-and-hoarseness-sore-throat-swallowing-problems-throat-compulsion-5-x-20-1-x-10-pieces\\\/#primaryimage\"},\"image\":{\"@id\":\"https:\\\/\\\/purehivehoney.com\\\/de\\\/product\\\/gelorevoice-throat-tablets-grapefruit-menthol-long-lasting-relief-for-a-scratchy-throat-cough-irritation-and-hoarseness-sore-throat-swallowing-problems-throat-compulsion-5-x-20-1-x-10-pieces\\\/#primaryimage\"},\"thumbnailUrl\":\"https:\\\/\\\/purehivehoney.com\\\/de\\\/wp-content\\\/uploads\\\/2026\\\/04\\\/71DLeEWesL._AC_SL1500_.jpg\",\"datePublished\":\"2026-04-12T06:00:53+00:00\",\"dateModified\":\"2026-04-12T06:01:10+00:00\",\"description\":\"Entdecken Sie hochwertigen Rohhonig, Bio Honig, Manuka Honig und nat\u00fcrliche Bienenprodukte. PureHiveHoney hilft Ihnen dabei, sorgf\u00e4ltig ausgew\u00e4hlte Honigsorten mit nat\u00fcrlicher Qualit\u00e4t und Reinheit zu entdecken.\",\"breadcrumb\":{\"@id\":\"https:\\\/\\\/purehivehoney.com\\\/de\\\/product\\\/gelorevoice-throat-tablets-grapefruit-menthol-long-lasting-relief-for-a-scratchy-throat-cough-irritation-and-hoarseness-sore-throat-swallowing-problems-throat-compulsion-5-x-20-1-x-10-pieces\\\/#breadcrumb\"},\"inLanguage\":\"de\",\"potentialAction\":[{\"@type\":\"ReadAction\",\"target\":[\"https:\\\/\\\/purehivehoney.com\\\/de\\\/product\\\/gelorevoice-throat-tablets-grapefruit-menthol-long-lasting-relief-for-a-scratchy-throat-cough-irritation-and-hoarseness-sore-throat-swallowing-problems-throat-compulsion-5-x-20-1-x-10-pieces\\\/\"]}]},{\"@type\":\"ImageObject\",\"inLanguage\":\"de\",\"@id\":\"https:\\\/\\\/purehivehoney.com\\\/de\\\/product\\\/gelorevoice-throat-tablets-grapefruit-menthol-long-lasting-relief-for-a-scratchy-throat-cough-irritation-and-hoarseness-sore-throat-swallowing-problems-throat-compulsion-5-x-20-1-x-10-pieces\\\/#primaryimage\",\"url\":\"https:\\\/\\\/purehivehoney.com\\\/de\\\/wp-content\\\/uploads\\\/2026\\\/04\\\/71DLeEWesL._AC_SL1500_.jpg\",\"contentUrl\":\"https:\\\/\\\/purehivehoney.com\\\/de\\\/wp-content\\\/uploads\\\/2026\\\/04\\\/71DLeEWesL._AC_SL1500_.jpg\",\"width\":1500,\"height\":1328},{\"@type\":\"BreadcrumbList\",\"@id\":\"https:\\\/\\\/purehivehoney.com\\\/de\\\/product\\\/gelorevoice-throat-tablets-grapefruit-menthol-long-lasting-relief-for-a-scratchy-throat-cough-irritation-and-hoarseness-sore-throat-swallowing-problems-throat-compulsion-5-x-20-1-x-10-pieces\\\/#breadcrumb\",\"itemListElement\":[{\"@type\":\"ListItem\",\"position\":1,\"name\":\"Home\",\"item\":\"https:\\\/\\\/purehivehoney.com\\\/de\\\/\"},{\"@type\":\"ListItem\",\"position\":2,\"name\":\"Shop\",\"item\":\"https:\\\/\\\/purehivehoney.com\\\/de\\\/shop\\\/\"},{\"@type\":\"ListItem\",\"position\":3,\"name\":\"GeloRevoice Throat Tablets Grapefru...\"}]},{\"@type\":\"WebSite\",\"@id\":\"https:\\\/\\\/purehivehoney.com\\\/de\\\/#website\",\"url\":\"https:\\\/\\\/purehivehoney.com\\\/de\\\/\",\"name\":\"PureHiveHoney\",\"description\":\"Reiner Honig &amp; Bienenprodukte Online | Rohhonig, Bio Honig &amp; Spezialhonig\",\"publisher\":{\"@id\":\"https:\\\/\\\/purehivehoney.com\\\/de\\\/#organization\"},\"potentialAction\":[{\"@type\":\"SearchAction\",\"target\":{\"@type\":\"EntryPoint\",\"urlTemplate\":\"https:\\\/\\\/purehivehoney.com\\\/de\\\/?s={search_term_string}\"},\"query-input\":{\"@type\":\"PropertyValueSpecification\",\"valueRequired\":true,\"valueName\":\"search_term_string\"}}],\"inLanguage\":\"de\"},{\"@type\":\"Organization\",\"@id\":\"https:\\\/\\\/purehivehoney.com\\\/de\\\/#organization\",\"name\":\"PureHiveHoney\",\"url\":\"https:\\\/\\\/purehivehoney.com\\\/de\\\/\",\"logo\":{\"@type\":\"ImageObject\",\"inLanguage\":\"de\",\"@id\":\"https:\\\/\\\/purehivehoney.com\\\/de\\\/#\\\/schema\\\/logo\\\/image\\\/\",\"url\":\"https:\\\/\\\/purehivehoney.com\\\/de\\\/wp-content\\\/uploads\\\/2026\\\/03\\\/Screenshot-2026-03-16-at-1.06.01-AM.png\",\"contentUrl\":\"https:\\\/\\\/purehivehoney.com\\\/de\\\/wp-content\\\/uploads\\\/2026\\\/03\\\/Screenshot-2026-03-16-at-1.06.01-AM.png\",\"width\":2112,\"height\":1086,\"caption\":\"PureHiveHoney\"},\"image\":{\"@id\":\"https:\\\/\\\/purehivehoney.com\\\/de\\\/#\\\/schema\\\/logo\\\/image\\\/\"}}]}<\/script>\n<!-- \/ Yoast SEO plugin. -->","yoast_head_json":{"title":"GeloRevoice Throat Tablets Grapefruit Menthol: Long-lasting Relief for a Scratchy Throat, Cough Irritation and Hoarseness, Sore Throat, Swallowing Problems, Throat Compulsion, 5 x 20 + 1 x 10 Pieces - PureHiveHoney","description":"Entdecken Sie hochwertigen Rohhonig, Bio Honig, Manuka Honig und nat\u00fcrliche Bienenprodukte. PureHiveHoney hilft Ihnen dabei, sorgf\u00e4ltig ausgew\u00e4hlte Honigsorten mit nat\u00fcrlicher Qualit\u00e4t und Reinheit zu entdecken.","robots":{"index":"index","follow":"follow","max-snippet":"max-snippet:-1","max-image-preview":"max-image-preview:large","max-video-preview":"max-video-preview:-1"},"canonical":"https:\/\/purehivehoney.com\/de\/product\/gelorevoice-throat-tablets-grapefruit-menthol-long-lasting-relief-for-a-scratchy-throat-cough-irritation-and-hoarseness-sore-throat-swallowing-problems-throat-compulsion-5-x-20-1-x-10-pieces\/","og_locale":"de_DE","og_type":"article","og_title":"GeloRevoice Throat Tablets Grapefruit Menthol: Long-lasting Relief for a Scratchy Throat, Cough Irritation and Hoarseness, Sore Throat, Swallowing Problems, Throat Compulsion, 5 x 20 + 1 x 10 Pieces - PureHiveHoney","og_description":"Entdecken Sie hochwertigen Rohhonig, Bio Honig, Manuka Honig und nat\u00fcrliche Bienenprodukte. PureHiveHoney hilft Ihnen dabei, sorgf\u00e4ltig ausgew\u00e4hlte Honigsorten mit nat\u00fcrlicher Qualit\u00e4t und Reinheit zu entdecken.","og_url":"https:\/\/purehivehoney.com\/de\/product\/gelorevoice-throat-tablets-grapefruit-menthol-long-lasting-relief-for-a-scratchy-throat-cough-irritation-and-hoarseness-sore-throat-swallowing-problems-throat-compulsion-5-x-20-1-x-10-pieces\/","og_site_name":"PureHiveHoney","article_modified_time":"2026-04-12T06:01:10+00:00","og_image":[{"url":"https:\/\/images-na.ssl-images-amazon.com\/images\/G\/01\/x-locale\/common\/grey-pixel.gif","type":"","width":"","height":""}],"twitter_card":"summary_large_image","twitter_misc":{"Gesch\u00e4tzte Lesezeit":"2\u00a0Minuten"},"schema":{"@context":"https:\/\/schema.org","@graph":[{"@type":"WebPage","@id":"https:\/\/purehivehoney.com\/de\/product\/gelorevoice-throat-tablets-grapefruit-menthol-long-lasting-relief-for-a-scratchy-throat-cough-irritation-and-hoarseness-sore-throat-swallowing-problems-throat-compulsion-5-x-20-1-x-10-pieces\/","url":"https:\/\/purehivehoney.com\/de\/product\/gelorevoice-throat-tablets-grapefruit-menthol-long-lasting-relief-for-a-scratchy-throat-cough-irritation-and-hoarseness-sore-throat-swallowing-problems-throat-compulsion-5-x-20-1-x-10-pieces\/","name":"GeloRevoice Throat Tablets Grapefruit Menthol: Long-lasting Relief for a Scratchy Throat, Cough Irritation and Hoarseness, Sore Throat, Swallowing Problems, Throat Compulsion, 5 x 20 + 1 x 10 Pieces - PureHiveHoney","isPartOf":{"@id":"https:\/\/purehivehoney.com\/de\/#website"},"primaryImageOfPage":{"@id":"https:\/\/purehivehoney.com\/de\/product\/gelorevoice-throat-tablets-grapefruit-menthol-long-lasting-relief-for-a-scratchy-throat-cough-irritation-and-hoarseness-sore-throat-swallowing-problems-throat-compulsion-5-x-20-1-x-10-pieces\/#primaryimage"},"image":{"@id":"https:\/\/purehivehoney.com\/de\/product\/gelorevoice-throat-tablets-grapefruit-menthol-long-lasting-relief-for-a-scratchy-throat-cough-irritation-and-hoarseness-sore-throat-swallowing-problems-throat-compulsion-5-x-20-1-x-10-pieces\/#primaryimage"},"thumbnailUrl":"https:\/\/purehivehoney.com\/de\/wp-content\/uploads\/2026\/04\/71DLeEWesL._AC_SL1500_.jpg","datePublished":"2026-04-12T06:00:53+00:00","dateModified":"2026-04-12T06:01:10+00:00","description":"Entdecken Sie hochwertigen Rohhonig, Bio Honig, Manuka Honig und nat\u00fcrliche Bienenprodukte. PureHiveHoney hilft Ihnen dabei, sorgf\u00e4ltig ausgew\u00e4hlte Honigsorten mit nat\u00fcrlicher Qualit\u00e4t und Reinheit zu entdecken.","breadcrumb":{"@id":"https:\/\/purehivehoney.com\/de\/product\/gelorevoice-throat-tablets-grapefruit-menthol-long-lasting-relief-for-a-scratchy-throat-cough-irritation-and-hoarseness-sore-throat-swallowing-problems-throat-compulsion-5-x-20-1-x-10-pieces\/#breadcrumb"},"inLanguage":"de","potentialAction":[{"@type":"ReadAction","target":["https:\/\/purehivehoney.com\/de\/product\/gelorevoice-throat-tablets-grapefruit-menthol-long-lasting-relief-for-a-scratchy-throat-cough-irritation-and-hoarseness-sore-throat-swallowing-problems-throat-compulsion-5-x-20-1-x-10-pieces\/"]}]},{"@type":"ImageObject","inLanguage":"de","@id":"https:\/\/purehivehoney.com\/de\/product\/gelorevoice-throat-tablets-grapefruit-menthol-long-lasting-relief-for-a-scratchy-throat-cough-irritation-and-hoarseness-sore-throat-swallowing-problems-throat-compulsion-5-x-20-1-x-10-pieces\/#primaryimage","url":"https:\/\/purehivehoney.com\/de\/wp-content\/uploads\/2026\/04\/71DLeEWesL._AC_SL1500_.jpg","contentUrl":"https:\/\/purehivehoney.com\/de\/wp-content\/uploads\/2026\/04\/71DLeEWesL._AC_SL1500_.jpg","width":1500,"height":1328},{"@type":"BreadcrumbList","@id":"https:\/\/purehivehoney.com\/de\/product\/gelorevoice-throat-tablets-grapefruit-menthol-long-lasting-relief-for-a-scratchy-throat-cough-irritation-and-hoarseness-sore-throat-swallowing-problems-throat-compulsion-5-x-20-1-x-10-pieces\/#breadcrumb","itemListElement":[{"@type":"ListItem","position":1,"name":"Home","item":"https:\/\/purehivehoney.com\/de\/"},{"@type":"ListItem","position":2,"name":"Shop","item":"https:\/\/purehivehoney.com\/de\/shop\/"},{"@type":"ListItem","position":3,"name":"GeloRevoice Throat Tablets Grapefru..."}]},{"@type":"WebSite","@id":"https:\/\/purehivehoney.com\/de\/#website","url":"https:\/\/purehivehoney.com\/de\/","name":"PureHiveHoney","description":"Reiner Honig &amp; Bienenprodukte Online | Rohhonig, Bio Honig &amp; Spezialhonig","publisher":{"@id":"https:\/\/purehivehoney.com\/de\/#organization"},"potentialAction":[{"@type":"SearchAction","target":{"@type":"EntryPoint","urlTemplate":"https:\/\/purehivehoney.com\/de\/?s={search_term_string}"},"query-input":{"@type":"PropertyValueSpecification","valueRequired":true,"valueName":"search_term_string"}}],"inLanguage":"de"},{"@type":"Organization","@id":"https:\/\/purehivehoney.com\/de\/#organization","name":"PureHiveHoney","url":"https:\/\/purehivehoney.com\/de\/","logo":{"@type":"ImageObject","inLanguage":"de","@id":"https:\/\/purehivehoney.com\/de\/#\/schema\/logo\/image\/","url":"https:\/\/purehivehoney.com\/de\/wp-content\/uploads\/2026\/03\/Screenshot-2026-03-16-at-1.06.01-AM.png","contentUrl":"https:\/\/purehivehoney.com\/de\/wp-content\/uploads\/2026\/03\/Screenshot-2026-03-16-at-1.06.01-AM.png","width":2112,"height":1086,"caption":"PureHiveHoney"},"image":{"@id":"https:\/\/purehivehoney.com\/de\/#\/schema\/logo\/image\/"}}]}},"_links":{"self":[{"href":"https:\/\/purehivehoney.com\/de\/wp-json\/wp\/v2\/product\/2820","targetHints":{"allow":["GET"]}}],"collection":[{"href":"https:\/\/purehivehoney.com\/de\/wp-json\/wp\/v2\/product"}],"about":[{"href":"https:\/\/purehivehoney.com\/de\/wp-json\/wp\/v2\/types\/product"}],"replies":[{"embeddable":true,"href":"https:\/\/purehivehoney.com\/de\/wp-json\/wp\/v2\/comments?post=2820"}],"wp:featuredmedia":[{"embeddable":true,"href":"https:\/\/purehivehoney.com\/de\/wp-json\/wp\/v2\/media\/2821"}],"wp:attachment":[{"href":"https:\/\/purehivehoney.com\/de\/wp-json\/wp\/v2\/media?parent=2820"}],"wp:term":[{"taxonomy":"store","embeddable":true,"href":"https:\/\/purehivehoney.com\/de\/wp-json\/wp\/v2\/store?post=2820"},{"taxonomy":"product_brand","embeddable":true,"href":"https:\/\/purehivehoney.com\/de\/wp-json\/wp\/v2\/product_brand?post=2820"},{"taxonomy":"product_cat","embeddable":true,"href":"https:\/\/purehivehoney.com\/de\/wp-json\/wp\/v2\/product_cat?post=2820"},{"taxonomy":"product_tag","embeddable":true,"href":"https:\/\/purehivehoney.com\/de\/wp-json\/wp\/v2\/product_tag?post=2820"}],"curies":[{"name":"wp","href":"https:\/\/api.w.org\/{rel}","templated":true}]}}