{"id":2815,"date":"2026-04-08T22:26:23","date_gmt":"2026-04-08T22:26:23","guid":{"rendered":"https:\/\/purehivehoney.com\/de\/product\/schaebens-milk-honey-cloth-mask-creamy-pampering-care-with-milk-honey-and-macadamia-nut-oil-for-1-piece-pack-of-1\/"},"modified":"2026-04-08T22:26:27","modified_gmt":"2026-04-08T22:26:27","slug":"schaebens-milk-honey-cloth-mask-creamy-pampering-care-with-milk-honey-and-macadamia-nut-oil-for-1-piece-pack-of-1","status":"publish","type":"product","link":"https:\/\/purehivehoney.com\/de\/product\/schaebens-milk-honey-cloth-mask-creamy-pampering-care-with-milk-honey-and-macadamia-nut-oil-for-1-piece-pack-of-1\/","title":{"rendered":"Schaebens Milk &#038; Honey Cloth M..."},"content":{"rendered":"<p>    <span>Your care moment for demanding skin: the pampering cream formula with milk, honey and valuable oils regenerates and nourishes the skin soft and supple. Honey, Propolis Extract and Royal Jelly are known for their moisturising and smoothing properties. In addition, these valuable ingredients have a soothing and anti-oxidative effect. Almond and macadamia nut oil additionally nourish the skin and protect it from moisture loss. The rich, creamy cream formula with vanilla fragrance pampers skin and senses and makes the skin appear smoother and more even &#8211; for a delicate and supple skin feeling.<\/span>    <br \/> Product Dimensions                                            \u200f                                            :                                            \u200e                                            0.4 x 9.5 x 15.7 cm; 20 g   <br \/> Manufacturer                                            \u200f                                            :                                            \u200e                                            Schaebens \/ A. Moras &#038; Comp. GmbH &#038; Co. KG   <br \/> ASIN                                            \u200f                                            :                                            \u200e                                            B0BDDQH5NX   <br \/> Item model number                                            \u200f                                            :                                            \u200e                                            02174   <br \/>  Customer reviews:                                                                                            4.8               4.8 out of 5 stars                                  (22)                                              var dpAcrHasRegisteredArcLinkClickAction;                    P.when(&#8218;A&#8216;, &#8218;ready&#8216;).execute(function(A) {                        if (dpAcrHasRegisteredArcLinkClickAction !== true) {                            dpAcrHasRegisteredArcLinkClickAction = true;                            A.declarative(                                &#8218;acrLink-click-metrics&#8216;, &#8218;click&#8216;,                                { &#8222;allowLinkDefault&#8220;: true },                                function (event) {                                    if (window.ue) {                                        ue.count(&#8222;acrLinkClickCount&#8220;, (ue.count(&#8222;acrLinkClickCount&#8220;) || 0) + 1);                                    }                                }                            );                        }                    });                                             P.when(&#8218;A&#8216;, &#8218;cf&#8216;).execute(function(A) {                A.declarative(&#8218;acrStarsLink-click-metrics&#8216;, &#8218;click&#8216;, { &#8222;allowLinkDefault&#8220; : true },  function(event){                    if(window.ue) {                        ue.count(&#8222;acrStarsLinkWithPopoverClickCount&#8220;, (ue.count(&#8222;acrStarsLinkWithPopoverClickCount&#8220;) || 0) + 1);                    }                });            });                          <br \/>The Schaebens milk and honey cloth mask regenerates demanding skin<br \/>Creamy pampering formula.<br \/>The cloth mask intensively nourishes and smooths the skin.<br \/>With milk, honey and macadamia nut oil for all skin types.<\/p>\n\n","protected":false},"excerpt":{"rendered":"<p>Your care moment for demanding skin: the pampering cream formula with milk, honey and valuable oils regenerates and nourishes the skin soft and supple. Honey, Propolis Extract and Royal Jelly are known for their moisturising and smoothing properties. In addition, these valuable ingredients have a soothing and anti-oxidative effect. Almond and macadamia nut oil additionally [&hellip;]<\/p>\n","protected":false},"featured_media":2816,"comment_status":"open","ping_status":"closed","template":"","meta":{"_aipt_faq_data":""},"store":[],"product_brand":[357],"product_cat":[51],"product_tag":[179],"class_list":{"0":"post-2815","1":"product","2":"type-product","3":"status-publish","4":"has-post-thumbnail","6":"product_brand-schaebens","7":"product_cat-zimt-honig","8":"product_tag-cremiger-zimt-honig","10":"first","11":"instock","12":"shipping-taxable","13":"product-type-external"},"yoast_head":"<!-- This site is optimized with the Yoast SEO plugin v27.4 - https:\/\/yoast.com\/product\/yoast-seo-wordpress\/ -->\n<title>Schaebens Milk &amp; Honey Cloth Mask - Creamy Pampering Care with Milk, Honey and Macadamia Nut Oil for 1 Piece (Pack of 1) - PureHiveHoney<\/title>\n<meta name=\"description\" content=\"Entdecken Sie hochwertigen Rohhonig, Bio Honig, Manuka Honig und nat\u00fcrliche Bienenprodukte. PureHiveHoney hilft Ihnen dabei, sorgf\u00e4ltig ausgew\u00e4hlte Honigsorten mit nat\u00fcrlicher Qualit\u00e4t und Reinheit zu entdecken.\" \/>\n<meta name=\"robots\" content=\"index, follow, max-snippet:-1, max-image-preview:large, max-video-preview:-1\" \/>\n<link rel=\"canonical\" href=\"https:\/\/purehivehoney.com\/de\/product\/schaebens-milk-honey-cloth-mask-creamy-pampering-care-with-milk-honey-and-macadamia-nut-oil-for-1-piece-pack-of-1\/\" \/>\n<meta property=\"og:locale\" content=\"de_DE\" \/>\n<meta property=\"og:type\" content=\"article\" \/>\n<meta property=\"og:title\" content=\"Schaebens Milk &amp; Honey Cloth Mask - Creamy Pampering Care with Milk, Honey and Macadamia Nut Oil for 1 Piece (Pack of 1) - PureHiveHoney\" \/>\n<meta property=\"og:description\" content=\"Entdecken Sie hochwertigen Rohhonig, Bio Honig, Manuka Honig und nat\u00fcrliche Bienenprodukte. PureHiveHoney hilft Ihnen dabei, sorgf\u00e4ltig ausgew\u00e4hlte Honigsorten mit nat\u00fcrlicher Qualit\u00e4t und Reinheit zu entdecken.\" \/>\n<meta property=\"og:url\" content=\"https:\/\/purehivehoney.com\/de\/product\/schaebens-milk-honey-cloth-mask-creamy-pampering-care-with-milk-honey-and-macadamia-nut-oil-for-1-piece-pack-of-1\/\" \/>\n<meta property=\"og:site_name\" content=\"PureHiveHoney\" \/>\n<meta property=\"article:modified_time\" content=\"2026-04-08T22:26:27+00:00\" \/>\n<meta name=\"twitter:card\" content=\"summary_large_image\" \/>\n<meta name=\"twitter:label1\" content=\"Gesch\u00e4tzte Lesezeit\" \/>\n\t<meta name=\"twitter:data1\" content=\"1\u00a0Minute\" \/>\n<script type=\"application\/ld+json\" class=\"yoast-schema-graph\">{\"@context\":\"https:\\\/\\\/schema.org\",\"@graph\":[{\"@type\":\"WebPage\",\"@id\":\"https:\\\/\\\/purehivehoney.com\\\/de\\\/product\\\/schaebens-milk-honey-cloth-mask-creamy-pampering-care-with-milk-honey-and-macadamia-nut-oil-for-1-piece-pack-of-1\\\/\",\"url\":\"https:\\\/\\\/purehivehoney.com\\\/de\\\/product\\\/schaebens-milk-honey-cloth-mask-creamy-pampering-care-with-milk-honey-and-macadamia-nut-oil-for-1-piece-pack-of-1\\\/\",\"name\":\"Schaebens Milk & Honey Cloth Mask - Creamy Pampering Care with Milk, Honey and Macadamia Nut Oil for 1 Piece (Pack of 1) - PureHiveHoney\",\"isPartOf\":{\"@id\":\"https:\\\/\\\/purehivehoney.com\\\/de\\\/#website\"},\"primaryImageOfPage\":{\"@id\":\"https:\\\/\\\/purehivehoney.com\\\/de\\\/product\\\/schaebens-milk-honey-cloth-mask-creamy-pampering-care-with-milk-honey-and-macadamia-nut-oil-for-1-piece-pack-of-1\\\/#primaryimage\"},\"image\":{\"@id\":\"https:\\\/\\\/purehivehoney.com\\\/de\\\/product\\\/schaebens-milk-honey-cloth-mask-creamy-pampering-care-with-milk-honey-and-macadamia-nut-oil-for-1-piece-pack-of-1\\\/#primaryimage\"},\"thumbnailUrl\":\"https:\\\/\\\/purehivehoney.com\\\/de\\\/wp-content\\\/uploads\\\/2026\\\/04\\\/71reYXGoO1L._SL1500_.jpg\",\"datePublished\":\"2026-04-08T22:26:23+00:00\",\"dateModified\":\"2026-04-08T22:26:27+00:00\",\"description\":\"Entdecken Sie hochwertigen Rohhonig, Bio Honig, Manuka Honig und nat\u00fcrliche Bienenprodukte. PureHiveHoney hilft Ihnen dabei, sorgf\u00e4ltig ausgew\u00e4hlte Honigsorten mit nat\u00fcrlicher Qualit\u00e4t und Reinheit zu entdecken.\",\"breadcrumb\":{\"@id\":\"https:\\\/\\\/purehivehoney.com\\\/de\\\/product\\\/schaebens-milk-honey-cloth-mask-creamy-pampering-care-with-milk-honey-and-macadamia-nut-oil-for-1-piece-pack-of-1\\\/#breadcrumb\"},\"inLanguage\":\"de\",\"potentialAction\":[{\"@type\":\"ReadAction\",\"target\":[\"https:\\\/\\\/purehivehoney.com\\\/de\\\/product\\\/schaebens-milk-honey-cloth-mask-creamy-pampering-care-with-milk-honey-and-macadamia-nut-oil-for-1-piece-pack-of-1\\\/\"]}]},{\"@type\":\"ImageObject\",\"inLanguage\":\"de\",\"@id\":\"https:\\\/\\\/purehivehoney.com\\\/de\\\/product\\\/schaebens-milk-honey-cloth-mask-creamy-pampering-care-with-milk-honey-and-macadamia-nut-oil-for-1-piece-pack-of-1\\\/#primaryimage\",\"url\":\"https:\\\/\\\/purehivehoney.com\\\/de\\\/wp-content\\\/uploads\\\/2026\\\/04\\\/71reYXGoO1L._SL1500_.jpg\",\"contentUrl\":\"https:\\\/\\\/purehivehoney.com\\\/de\\\/wp-content\\\/uploads\\\/2026\\\/04\\\/71reYXGoO1L._SL1500_.jpg\",\"width\":908,\"height\":1500},{\"@type\":\"BreadcrumbList\",\"@id\":\"https:\\\/\\\/purehivehoney.com\\\/de\\\/product\\\/schaebens-milk-honey-cloth-mask-creamy-pampering-care-with-milk-honey-and-macadamia-nut-oil-for-1-piece-pack-of-1\\\/#breadcrumb\",\"itemListElement\":[{\"@type\":\"ListItem\",\"position\":1,\"name\":\"Home\",\"item\":\"https:\\\/\\\/purehivehoney.com\\\/de\\\/\"},{\"@type\":\"ListItem\",\"position\":2,\"name\":\"Shop\",\"item\":\"https:\\\/\\\/purehivehoney.com\\\/de\\\/shop\\\/\"},{\"@type\":\"ListItem\",\"position\":3,\"name\":\"Schaebens Milk &#038; Honey Cloth M...\"}]},{\"@type\":\"WebSite\",\"@id\":\"https:\\\/\\\/purehivehoney.com\\\/de\\\/#website\",\"url\":\"https:\\\/\\\/purehivehoney.com\\\/de\\\/\",\"name\":\"PureHiveHoney\",\"description\":\"Reiner Honig &amp; Bienenprodukte Online | Rohhonig, Bio Honig &amp; Spezialhonig\",\"publisher\":{\"@id\":\"https:\\\/\\\/purehivehoney.com\\\/de\\\/#organization\"},\"potentialAction\":[{\"@type\":\"SearchAction\",\"target\":{\"@type\":\"EntryPoint\",\"urlTemplate\":\"https:\\\/\\\/purehivehoney.com\\\/de\\\/?s={search_term_string}\"},\"query-input\":{\"@type\":\"PropertyValueSpecification\",\"valueRequired\":true,\"valueName\":\"search_term_string\"}}],\"inLanguage\":\"de\"},{\"@type\":\"Organization\",\"@id\":\"https:\\\/\\\/purehivehoney.com\\\/de\\\/#organization\",\"name\":\"PureHiveHoney\",\"url\":\"https:\\\/\\\/purehivehoney.com\\\/de\\\/\",\"logo\":{\"@type\":\"ImageObject\",\"inLanguage\":\"de\",\"@id\":\"https:\\\/\\\/purehivehoney.com\\\/de\\\/#\\\/schema\\\/logo\\\/image\\\/\",\"url\":\"https:\\\/\\\/purehivehoney.com\\\/de\\\/wp-content\\\/uploads\\\/2026\\\/03\\\/Screenshot-2026-03-16-at-1.06.01-AM.png\",\"contentUrl\":\"https:\\\/\\\/purehivehoney.com\\\/de\\\/wp-content\\\/uploads\\\/2026\\\/03\\\/Screenshot-2026-03-16-at-1.06.01-AM.png\",\"width\":2112,\"height\":1086,\"caption\":\"PureHiveHoney\"},\"image\":{\"@id\":\"https:\\\/\\\/purehivehoney.com\\\/de\\\/#\\\/schema\\\/logo\\\/image\\\/\"}}]}<\/script>\n<!-- \/ Yoast SEO plugin. -->","yoast_head_json":{"title":"Schaebens Milk & Honey Cloth Mask - Creamy Pampering Care with Milk, Honey and Macadamia Nut Oil for 1 Piece (Pack of 1) - PureHiveHoney","description":"Entdecken Sie hochwertigen Rohhonig, Bio Honig, Manuka Honig und nat\u00fcrliche Bienenprodukte. PureHiveHoney hilft Ihnen dabei, sorgf\u00e4ltig ausgew\u00e4hlte Honigsorten mit nat\u00fcrlicher Qualit\u00e4t und Reinheit zu entdecken.","robots":{"index":"index","follow":"follow","max-snippet":"max-snippet:-1","max-image-preview":"max-image-preview:large","max-video-preview":"max-video-preview:-1"},"canonical":"https:\/\/purehivehoney.com\/de\/product\/schaebens-milk-honey-cloth-mask-creamy-pampering-care-with-milk-honey-and-macadamia-nut-oil-for-1-piece-pack-of-1\/","og_locale":"de_DE","og_type":"article","og_title":"Schaebens Milk & Honey Cloth Mask - Creamy Pampering Care with Milk, Honey and Macadamia Nut Oil for 1 Piece (Pack of 1) - PureHiveHoney","og_description":"Entdecken Sie hochwertigen Rohhonig, Bio Honig, Manuka Honig und nat\u00fcrliche Bienenprodukte. PureHiveHoney hilft Ihnen dabei, sorgf\u00e4ltig ausgew\u00e4hlte Honigsorten mit nat\u00fcrlicher Qualit\u00e4t und Reinheit zu entdecken.","og_url":"https:\/\/purehivehoney.com\/de\/product\/schaebens-milk-honey-cloth-mask-creamy-pampering-care-with-milk-honey-and-macadamia-nut-oil-for-1-piece-pack-of-1\/","og_site_name":"PureHiveHoney","article_modified_time":"2026-04-08T22:26:27+00:00","twitter_card":"summary_large_image","twitter_misc":{"Gesch\u00e4tzte Lesezeit":"1\u00a0Minute"},"schema":{"@context":"https:\/\/schema.org","@graph":[{"@type":"WebPage","@id":"https:\/\/purehivehoney.com\/de\/product\/schaebens-milk-honey-cloth-mask-creamy-pampering-care-with-milk-honey-and-macadamia-nut-oil-for-1-piece-pack-of-1\/","url":"https:\/\/purehivehoney.com\/de\/product\/schaebens-milk-honey-cloth-mask-creamy-pampering-care-with-milk-honey-and-macadamia-nut-oil-for-1-piece-pack-of-1\/","name":"Schaebens Milk & Honey Cloth Mask - Creamy Pampering Care with Milk, Honey and Macadamia Nut Oil for 1 Piece (Pack of 1) - PureHiveHoney","isPartOf":{"@id":"https:\/\/purehivehoney.com\/de\/#website"},"primaryImageOfPage":{"@id":"https:\/\/purehivehoney.com\/de\/product\/schaebens-milk-honey-cloth-mask-creamy-pampering-care-with-milk-honey-and-macadamia-nut-oil-for-1-piece-pack-of-1\/#primaryimage"},"image":{"@id":"https:\/\/purehivehoney.com\/de\/product\/schaebens-milk-honey-cloth-mask-creamy-pampering-care-with-milk-honey-and-macadamia-nut-oil-for-1-piece-pack-of-1\/#primaryimage"},"thumbnailUrl":"https:\/\/purehivehoney.com\/de\/wp-content\/uploads\/2026\/04\/71reYXGoO1L._SL1500_.jpg","datePublished":"2026-04-08T22:26:23+00:00","dateModified":"2026-04-08T22:26:27+00:00","description":"Entdecken Sie hochwertigen Rohhonig, Bio Honig, Manuka Honig und nat\u00fcrliche Bienenprodukte. PureHiveHoney hilft Ihnen dabei, sorgf\u00e4ltig ausgew\u00e4hlte Honigsorten mit nat\u00fcrlicher Qualit\u00e4t und Reinheit zu entdecken.","breadcrumb":{"@id":"https:\/\/purehivehoney.com\/de\/product\/schaebens-milk-honey-cloth-mask-creamy-pampering-care-with-milk-honey-and-macadamia-nut-oil-for-1-piece-pack-of-1\/#breadcrumb"},"inLanguage":"de","potentialAction":[{"@type":"ReadAction","target":["https:\/\/purehivehoney.com\/de\/product\/schaebens-milk-honey-cloth-mask-creamy-pampering-care-with-milk-honey-and-macadamia-nut-oil-for-1-piece-pack-of-1\/"]}]},{"@type":"ImageObject","inLanguage":"de","@id":"https:\/\/purehivehoney.com\/de\/product\/schaebens-milk-honey-cloth-mask-creamy-pampering-care-with-milk-honey-and-macadamia-nut-oil-for-1-piece-pack-of-1\/#primaryimage","url":"https:\/\/purehivehoney.com\/de\/wp-content\/uploads\/2026\/04\/71reYXGoO1L._SL1500_.jpg","contentUrl":"https:\/\/purehivehoney.com\/de\/wp-content\/uploads\/2026\/04\/71reYXGoO1L._SL1500_.jpg","width":908,"height":1500},{"@type":"BreadcrumbList","@id":"https:\/\/purehivehoney.com\/de\/product\/schaebens-milk-honey-cloth-mask-creamy-pampering-care-with-milk-honey-and-macadamia-nut-oil-for-1-piece-pack-of-1\/#breadcrumb","itemListElement":[{"@type":"ListItem","position":1,"name":"Home","item":"https:\/\/purehivehoney.com\/de\/"},{"@type":"ListItem","position":2,"name":"Shop","item":"https:\/\/purehivehoney.com\/de\/shop\/"},{"@type":"ListItem","position":3,"name":"Schaebens Milk &#038; Honey Cloth M..."}]},{"@type":"WebSite","@id":"https:\/\/purehivehoney.com\/de\/#website","url":"https:\/\/purehivehoney.com\/de\/","name":"PureHiveHoney","description":"Reiner Honig &amp; Bienenprodukte Online | Rohhonig, Bio Honig &amp; Spezialhonig","publisher":{"@id":"https:\/\/purehivehoney.com\/de\/#organization"},"potentialAction":[{"@type":"SearchAction","target":{"@type":"EntryPoint","urlTemplate":"https:\/\/purehivehoney.com\/de\/?s={search_term_string}"},"query-input":{"@type":"PropertyValueSpecification","valueRequired":true,"valueName":"search_term_string"}}],"inLanguage":"de"},{"@type":"Organization","@id":"https:\/\/purehivehoney.com\/de\/#organization","name":"PureHiveHoney","url":"https:\/\/purehivehoney.com\/de\/","logo":{"@type":"ImageObject","inLanguage":"de","@id":"https:\/\/purehivehoney.com\/de\/#\/schema\/logo\/image\/","url":"https:\/\/purehivehoney.com\/de\/wp-content\/uploads\/2026\/03\/Screenshot-2026-03-16-at-1.06.01-AM.png","contentUrl":"https:\/\/purehivehoney.com\/de\/wp-content\/uploads\/2026\/03\/Screenshot-2026-03-16-at-1.06.01-AM.png","width":2112,"height":1086,"caption":"PureHiveHoney"},"image":{"@id":"https:\/\/purehivehoney.com\/de\/#\/schema\/logo\/image\/"}}]}},"_links":{"self":[{"href":"https:\/\/purehivehoney.com\/de\/wp-json\/wp\/v2\/product\/2815","targetHints":{"allow":["GET"]}}],"collection":[{"href":"https:\/\/purehivehoney.com\/de\/wp-json\/wp\/v2\/product"}],"about":[{"href":"https:\/\/purehivehoney.com\/de\/wp-json\/wp\/v2\/types\/product"}],"replies":[{"embeddable":true,"href":"https:\/\/purehivehoney.com\/de\/wp-json\/wp\/v2\/comments?post=2815"}],"wp:featuredmedia":[{"embeddable":true,"href":"https:\/\/purehivehoney.com\/de\/wp-json\/wp\/v2\/media\/2816"}],"wp:attachment":[{"href":"https:\/\/purehivehoney.com\/de\/wp-json\/wp\/v2\/media?parent=2815"}],"wp:term":[{"taxonomy":"store","embeddable":true,"href":"https:\/\/purehivehoney.com\/de\/wp-json\/wp\/v2\/store?post=2815"},{"taxonomy":"product_brand","embeddable":true,"href":"https:\/\/purehivehoney.com\/de\/wp-json\/wp\/v2\/product_brand?post=2815"},{"taxonomy":"product_cat","embeddable":true,"href":"https:\/\/purehivehoney.com\/de\/wp-json\/wp\/v2\/product_cat?post=2815"},{"taxonomy":"product_tag","embeddable":true,"href":"https:\/\/purehivehoney.com\/de\/wp-json\/wp\/v2\/product_tag?post=2815"}],"curies":[{"name":"wp","href":"https:\/\/api.w.org\/{rel}","templated":true}]}}