{"id":281,"date":"2026-03-15T20:26:04","date_gmt":"2026-03-15T20:26:04","guid":{"rendered":"https:\/\/purehivehoney.com\/de\/product\/first-honey-sterile-manuka-honey-ointment-medical-manuka-honey-for-burns-wounds-and-cuts-chemical-free-100-natural-29-ml\/"},"modified":"2026-03-15T23:36:13","modified_gmt":"2026-03-15T23:36:13","slug":"first-honey-sterile-manuka-honey-ointment-medical-manuka-honey-for-burns-wounds-and-cuts-chemical-free-100-natural-29-ml","status":"publish","type":"product","link":"https:\/\/purehivehoney.com\/de\/product\/first-honey-sterile-manuka-honey-ointment-medical-manuka-honey-for-burns-wounds-and-cuts-chemical-free-100-natural-29-ml\/","title":{"rendered":"First Honey Sterile Manuka Honey Oi..."},"content":{"rendered":"<p>    <span>The perfect solution to effectively and naturally heal a small wound, scratch or light abrasion; Manuka honey comes from a pure and unique pollination method. The 100% formula contains no chemical agents; a natural and safe solution for adults and children and a non-toxic alternative to antibiotic ointments or products containing harmful chemicals. Manuka sterile honey protects against infection and reduces scarring; thanks to its low pH it blocks the growth of microbes and provides an antibacterial effect. This Manuka Honey Ointment is a certified medical grade honey; First Honey is committed to producing only high quality products without artificial antibiotics or additives. First Honey was developed in New Zealand from an innovative idea to improve life with natural products that allow rapid healing and prevent infection.<\/span>    <br \/> Is Discontinued By Manufacturer                                            \u200f                                            :                                            \u200e                                            No   <br \/> Product Dimensions                                            \u200f                                            :                                            \u200e                                            10 x 2 x 2 cm; 28.35 g   <br \/> Manufacturer                                            \u200f                                            :                                            \u200e                                            ManukaMed LP   <br \/> ASIN                                            \u200f                                            :                                            \u200e                                            B07FM7MR9J   <br \/> Item model number                                            \u200f                                            :                                            \u200e                                            FH0049   <br \/>  Customer reviews:                                                                                            4.4               4.4 out of 5 stars                                  (9,726)                                              var dpAcrHasRegisteredArcLinkClickAction;                    P.when(&#8218;A&#8216;, &#8218;ready&#8216;).execute(function(A) {                        if (dpAcrHasRegisteredArcLinkClickAction !== true) {                            dpAcrHasRegisteredArcLinkClickAction = true;                            A.declarative(                                &#8218;acrLink-click-metrics&#8216;, &#8218;click&#8216;,                                { &#8222;allowLinkDefault&#8220;: true },                                function (event) {                                    if (window.ue) {                                        ue.count(&#8222;acrLinkClickCount&#8220;, (ue.count(&#8222;acrLinkClickCount&#8220;) || 0) + 1);                                    }                                }                            );                        }                    });                                             P.when(&#8218;A&#8216;, &#8218;cf&#8216;).execute(function(A) {                A.declarative(&#8218;acrStarsLink-click-metrics&#8216;, &#8218;click&#8216;, { &#8222;allowLinkDefault&#8220; : true },  function(event){                    if(window.ue) {                        ue.count(&#8222;acrStarsLinkWithPopoverClickCount&#8220;, (ue.count(&#8222;acrStarsLinkWithPopoverClickCount&#8220;) || 0) + 1);                    }                });            });                          <br \/>The perfect solution to effectively and naturally heal a small wound, scratch or light abrasion; Manuka honey comes from a pure and unique pollination method<br \/>The 100% formula contains no chemical agents; a natural and safe solution for adults and children and a non-toxic alternative to antibiotic ointments or products with harmful chemicals<br \/>The sterile Manuka honey protects against infection and reduces scarring; thanks to the low pH value, it blocks the growth of microbes and provides an antibacterial effect<br \/>This Manuka Honey Ointment is a certified medical grade honey; First Honey is committed to producing only high quality products without artificial antibiotics or additives<br \/>First Honey was developed in New Zealand from an innovative idea to improve life with natural products that allow quick healing and prevent infection<\/p>\n\n","protected":false},"excerpt":{"rendered":"<p>The perfect solution to effectively and naturally heal a small wound, scratch or light abrasion; Manuka honey comes from a pure and unique pollination method. The 100% formula contains no chemical agents; a natural and safe solution for adults and children and a non-toxic alternative to antibiotic ointments or products containing harmful chemicals. Manuka sterile [&hellip;]<\/p>\n","protected":false},"featured_media":282,"comment_status":"open","ping_status":"closed","template":"","meta":{"_aipt_faq_data":""},"store":[],"product_brand":[118],"product_cat":[45],"product_tag":[117],"class_list":{"0":"post-281","1":"product","2":"type-product","3":"status-publish","4":"has-post-thumbnail","6":"product_brand-first-honey","7":"product_cat-manuka-honig","8":"product_tag-manuka-honig-medizinisch","10":"first","11":"instock","12":"sale","13":"shipping-taxable","14":"product-type-external"},"yoast_head":"<!-- This site is optimized with the Yoast SEO plugin v27.4 - https:\/\/yoast.com\/product\/yoast-seo-wordpress\/ -->\n<title>First Honey Sterile Manuka Honey Ointment - Medical Manuka Honey for Burns, Wounds and Cuts - Chemical-Free &amp; 100% Natural - 29 ml - PureHiveHoney<\/title>\n<meta name=\"description\" content=\"Entdecken Sie hochwertigen Rohhonig, Bio Honig, Manuka Honig und nat\u00fcrliche Bienenprodukte. PureHiveHoney hilft Ihnen dabei, sorgf\u00e4ltig ausgew\u00e4hlte Honigsorten mit nat\u00fcrlicher Qualit\u00e4t und Reinheit zu entdecken.\" \/>\n<meta name=\"robots\" content=\"index, follow, max-snippet:-1, max-image-preview:large, max-video-preview:-1\" \/>\n<link rel=\"canonical\" href=\"https:\/\/purehivehoney.com\/de\/product\/first-honey-sterile-manuka-honey-ointment-medical-manuka-honey-for-burns-wounds-and-cuts-chemical-free-100-natural-29-ml\/\" \/>\n<meta property=\"og:locale\" content=\"de_DE\" \/>\n<meta property=\"og:type\" content=\"article\" \/>\n<meta property=\"og:title\" content=\"First Honey Sterile Manuka Honey Ointment - Medical Manuka Honey for Burns, Wounds and Cuts - Chemical-Free &amp; 100% Natural - 29 ml - PureHiveHoney\" \/>\n<meta property=\"og:description\" content=\"Entdecken Sie hochwertigen Rohhonig, Bio Honig, Manuka Honig und nat\u00fcrliche Bienenprodukte. PureHiveHoney hilft Ihnen dabei, sorgf\u00e4ltig ausgew\u00e4hlte Honigsorten mit nat\u00fcrlicher Qualit\u00e4t und Reinheit zu entdecken.\" \/>\n<meta property=\"og:url\" content=\"https:\/\/purehivehoney.com\/de\/product\/first-honey-sterile-manuka-honey-ointment-medical-manuka-honey-for-burns-wounds-and-cuts-chemical-free-100-natural-29-ml\/\" \/>\n<meta property=\"og:site_name\" content=\"PureHiveHoney\" \/>\n<meta property=\"article:modified_time\" content=\"2026-03-15T23:36:13+00:00\" \/>\n<meta name=\"twitter:card\" content=\"summary_large_image\" \/>\n<meta name=\"twitter:label1\" content=\"Gesch\u00e4tzte Lesezeit\" \/>\n\t<meta name=\"twitter:data1\" content=\"2\u00a0Minuten\" \/>\n<script type=\"application\/ld+json\" class=\"yoast-schema-graph\">{\"@context\":\"https:\\\/\\\/schema.org\",\"@graph\":[{\"@type\":\"WebPage\",\"@id\":\"https:\\\/\\\/purehivehoney.com\\\/de\\\/product\\\/first-honey-sterile-manuka-honey-ointment-medical-manuka-honey-for-burns-wounds-and-cuts-chemical-free-100-natural-29-ml\\\/\",\"url\":\"https:\\\/\\\/purehivehoney.com\\\/de\\\/product\\\/first-honey-sterile-manuka-honey-ointment-medical-manuka-honey-for-burns-wounds-and-cuts-chemical-free-100-natural-29-ml\\\/\",\"name\":\"First Honey Sterile Manuka Honey Ointment - Medical Manuka Honey for Burns, Wounds and Cuts - Chemical-Free & 100% Natural - 29 ml - PureHiveHoney\",\"isPartOf\":{\"@id\":\"https:\\\/\\\/purehivehoney.com\\\/de\\\/#website\"},\"primaryImageOfPage\":{\"@id\":\"https:\\\/\\\/purehivehoney.com\\\/de\\\/product\\\/first-honey-sterile-manuka-honey-ointment-medical-manuka-honey-for-burns-wounds-and-cuts-chemical-free-100-natural-29-ml\\\/#primaryimage\"},\"image\":{\"@id\":\"https:\\\/\\\/purehivehoney.com\\\/de\\\/product\\\/first-honey-sterile-manuka-honey-ointment-medical-manuka-honey-for-burns-wounds-and-cuts-chemical-free-100-natural-29-ml\\\/#primaryimage\"},\"thumbnailUrl\":\"https:\\\/\\\/purehivehoney.com\\\/de\\\/wp-content\\\/uploads\\\/2026\\\/03\\\/71UM74F73hL._AC_SL1500_.jpg\",\"datePublished\":\"2026-03-15T20:26:04+00:00\",\"dateModified\":\"2026-03-15T23:36:13+00:00\",\"description\":\"Entdecken Sie hochwertigen Rohhonig, Bio Honig, Manuka Honig und nat\u00fcrliche Bienenprodukte. PureHiveHoney hilft Ihnen dabei, sorgf\u00e4ltig ausgew\u00e4hlte Honigsorten mit nat\u00fcrlicher Qualit\u00e4t und Reinheit zu entdecken.\",\"breadcrumb\":{\"@id\":\"https:\\\/\\\/purehivehoney.com\\\/de\\\/product\\\/first-honey-sterile-manuka-honey-ointment-medical-manuka-honey-for-burns-wounds-and-cuts-chemical-free-100-natural-29-ml\\\/#breadcrumb\"},\"inLanguage\":\"de\",\"potentialAction\":[{\"@type\":\"ReadAction\",\"target\":[\"https:\\\/\\\/purehivehoney.com\\\/de\\\/product\\\/first-honey-sterile-manuka-honey-ointment-medical-manuka-honey-for-burns-wounds-and-cuts-chemical-free-100-natural-29-ml\\\/\"]}]},{\"@type\":\"ImageObject\",\"inLanguage\":\"de\",\"@id\":\"https:\\\/\\\/purehivehoney.com\\\/de\\\/product\\\/first-honey-sterile-manuka-honey-ointment-medical-manuka-honey-for-burns-wounds-and-cuts-chemical-free-100-natural-29-ml\\\/#primaryimage\",\"url\":\"https:\\\/\\\/purehivehoney.com\\\/de\\\/wp-content\\\/uploads\\\/2026\\\/03\\\/71UM74F73hL._AC_SL1500_.jpg\",\"contentUrl\":\"https:\\\/\\\/purehivehoney.com\\\/de\\\/wp-content\\\/uploads\\\/2026\\\/03\\\/71UM74F73hL._AC_SL1500_.jpg\",\"width\":1256,\"height\":1500},{\"@type\":\"BreadcrumbList\",\"@id\":\"https:\\\/\\\/purehivehoney.com\\\/de\\\/product\\\/first-honey-sterile-manuka-honey-ointment-medical-manuka-honey-for-burns-wounds-and-cuts-chemical-free-100-natural-29-ml\\\/#breadcrumb\",\"itemListElement\":[{\"@type\":\"ListItem\",\"position\":1,\"name\":\"Home\",\"item\":\"https:\\\/\\\/purehivehoney.com\\\/de\\\/\"},{\"@type\":\"ListItem\",\"position\":2,\"name\":\"Shop\",\"item\":\"https:\\\/\\\/purehivehoney.com\\\/de\\\/shop\\\/\"},{\"@type\":\"ListItem\",\"position\":3,\"name\":\"First Honey Sterile Manuka Honey Oi...\"}]},{\"@type\":\"WebSite\",\"@id\":\"https:\\\/\\\/purehivehoney.com\\\/de\\\/#website\",\"url\":\"https:\\\/\\\/purehivehoney.com\\\/de\\\/\",\"name\":\"PureHiveHoney\",\"description\":\"Reiner Honig &amp; Bienenprodukte Online | Rohhonig, Bio Honig &amp; Spezialhonig\",\"publisher\":{\"@id\":\"https:\\\/\\\/purehivehoney.com\\\/de\\\/#organization\"},\"potentialAction\":[{\"@type\":\"SearchAction\",\"target\":{\"@type\":\"EntryPoint\",\"urlTemplate\":\"https:\\\/\\\/purehivehoney.com\\\/de\\\/?s={search_term_string}\"},\"query-input\":{\"@type\":\"PropertyValueSpecification\",\"valueRequired\":true,\"valueName\":\"search_term_string\"}}],\"inLanguage\":\"de\"},{\"@type\":\"Organization\",\"@id\":\"https:\\\/\\\/purehivehoney.com\\\/de\\\/#organization\",\"name\":\"PureHiveHoney\",\"url\":\"https:\\\/\\\/purehivehoney.com\\\/de\\\/\",\"logo\":{\"@type\":\"ImageObject\",\"inLanguage\":\"de\",\"@id\":\"https:\\\/\\\/purehivehoney.com\\\/de\\\/#\\\/schema\\\/logo\\\/image\\\/\",\"url\":\"https:\\\/\\\/purehivehoney.com\\\/de\\\/wp-content\\\/uploads\\\/2026\\\/03\\\/Screenshot-2026-03-16-at-1.06.01-AM.png\",\"contentUrl\":\"https:\\\/\\\/purehivehoney.com\\\/de\\\/wp-content\\\/uploads\\\/2026\\\/03\\\/Screenshot-2026-03-16-at-1.06.01-AM.png\",\"width\":2112,\"height\":1086,\"caption\":\"PureHiveHoney\"},\"image\":{\"@id\":\"https:\\\/\\\/purehivehoney.com\\\/de\\\/#\\\/schema\\\/logo\\\/image\\\/\"}}]}<\/script>\n<!-- \/ Yoast SEO plugin. -->","yoast_head_json":{"title":"First Honey Sterile Manuka Honey Ointment - Medical Manuka Honey for Burns, Wounds and Cuts - Chemical-Free & 100% Natural - 29 ml - PureHiveHoney","description":"Entdecken Sie hochwertigen Rohhonig, Bio Honig, Manuka Honig und nat\u00fcrliche Bienenprodukte. PureHiveHoney hilft Ihnen dabei, sorgf\u00e4ltig ausgew\u00e4hlte Honigsorten mit nat\u00fcrlicher Qualit\u00e4t und Reinheit zu entdecken.","robots":{"index":"index","follow":"follow","max-snippet":"max-snippet:-1","max-image-preview":"max-image-preview:large","max-video-preview":"max-video-preview:-1"},"canonical":"https:\/\/purehivehoney.com\/de\/product\/first-honey-sterile-manuka-honey-ointment-medical-manuka-honey-for-burns-wounds-and-cuts-chemical-free-100-natural-29-ml\/","og_locale":"de_DE","og_type":"article","og_title":"First Honey Sterile Manuka Honey Ointment - Medical Manuka Honey for Burns, Wounds and Cuts - Chemical-Free & 100% Natural - 29 ml - PureHiveHoney","og_description":"Entdecken Sie hochwertigen Rohhonig, Bio Honig, Manuka Honig und nat\u00fcrliche Bienenprodukte. PureHiveHoney hilft Ihnen dabei, sorgf\u00e4ltig ausgew\u00e4hlte Honigsorten mit nat\u00fcrlicher Qualit\u00e4t und Reinheit zu entdecken.","og_url":"https:\/\/purehivehoney.com\/de\/product\/first-honey-sterile-manuka-honey-ointment-medical-manuka-honey-for-burns-wounds-and-cuts-chemical-free-100-natural-29-ml\/","og_site_name":"PureHiveHoney","article_modified_time":"2026-03-15T23:36:13+00:00","twitter_card":"summary_large_image","twitter_misc":{"Gesch\u00e4tzte Lesezeit":"2\u00a0Minuten"},"schema":{"@context":"https:\/\/schema.org","@graph":[{"@type":"WebPage","@id":"https:\/\/purehivehoney.com\/de\/product\/first-honey-sterile-manuka-honey-ointment-medical-manuka-honey-for-burns-wounds-and-cuts-chemical-free-100-natural-29-ml\/","url":"https:\/\/purehivehoney.com\/de\/product\/first-honey-sterile-manuka-honey-ointment-medical-manuka-honey-for-burns-wounds-and-cuts-chemical-free-100-natural-29-ml\/","name":"First Honey Sterile Manuka Honey Ointment - Medical Manuka Honey for Burns, Wounds and Cuts - Chemical-Free & 100% Natural - 29 ml - PureHiveHoney","isPartOf":{"@id":"https:\/\/purehivehoney.com\/de\/#website"},"primaryImageOfPage":{"@id":"https:\/\/purehivehoney.com\/de\/product\/first-honey-sterile-manuka-honey-ointment-medical-manuka-honey-for-burns-wounds-and-cuts-chemical-free-100-natural-29-ml\/#primaryimage"},"image":{"@id":"https:\/\/purehivehoney.com\/de\/product\/first-honey-sterile-manuka-honey-ointment-medical-manuka-honey-for-burns-wounds-and-cuts-chemical-free-100-natural-29-ml\/#primaryimage"},"thumbnailUrl":"https:\/\/purehivehoney.com\/de\/wp-content\/uploads\/2026\/03\/71UM74F73hL._AC_SL1500_.jpg","datePublished":"2026-03-15T20:26:04+00:00","dateModified":"2026-03-15T23:36:13+00:00","description":"Entdecken Sie hochwertigen Rohhonig, Bio Honig, Manuka Honig und nat\u00fcrliche Bienenprodukte. PureHiveHoney hilft Ihnen dabei, sorgf\u00e4ltig ausgew\u00e4hlte Honigsorten mit nat\u00fcrlicher Qualit\u00e4t und Reinheit zu entdecken.","breadcrumb":{"@id":"https:\/\/purehivehoney.com\/de\/product\/first-honey-sterile-manuka-honey-ointment-medical-manuka-honey-for-burns-wounds-and-cuts-chemical-free-100-natural-29-ml\/#breadcrumb"},"inLanguage":"de","potentialAction":[{"@type":"ReadAction","target":["https:\/\/purehivehoney.com\/de\/product\/first-honey-sterile-manuka-honey-ointment-medical-manuka-honey-for-burns-wounds-and-cuts-chemical-free-100-natural-29-ml\/"]}]},{"@type":"ImageObject","inLanguage":"de","@id":"https:\/\/purehivehoney.com\/de\/product\/first-honey-sterile-manuka-honey-ointment-medical-manuka-honey-for-burns-wounds-and-cuts-chemical-free-100-natural-29-ml\/#primaryimage","url":"https:\/\/purehivehoney.com\/de\/wp-content\/uploads\/2026\/03\/71UM74F73hL._AC_SL1500_.jpg","contentUrl":"https:\/\/purehivehoney.com\/de\/wp-content\/uploads\/2026\/03\/71UM74F73hL._AC_SL1500_.jpg","width":1256,"height":1500},{"@type":"BreadcrumbList","@id":"https:\/\/purehivehoney.com\/de\/product\/first-honey-sterile-manuka-honey-ointment-medical-manuka-honey-for-burns-wounds-and-cuts-chemical-free-100-natural-29-ml\/#breadcrumb","itemListElement":[{"@type":"ListItem","position":1,"name":"Home","item":"https:\/\/purehivehoney.com\/de\/"},{"@type":"ListItem","position":2,"name":"Shop","item":"https:\/\/purehivehoney.com\/de\/shop\/"},{"@type":"ListItem","position":3,"name":"First Honey Sterile Manuka Honey Oi..."}]},{"@type":"WebSite","@id":"https:\/\/purehivehoney.com\/de\/#website","url":"https:\/\/purehivehoney.com\/de\/","name":"PureHiveHoney","description":"Reiner Honig &amp; Bienenprodukte Online | Rohhonig, Bio Honig &amp; Spezialhonig","publisher":{"@id":"https:\/\/purehivehoney.com\/de\/#organization"},"potentialAction":[{"@type":"SearchAction","target":{"@type":"EntryPoint","urlTemplate":"https:\/\/purehivehoney.com\/de\/?s={search_term_string}"},"query-input":{"@type":"PropertyValueSpecification","valueRequired":true,"valueName":"search_term_string"}}],"inLanguage":"de"},{"@type":"Organization","@id":"https:\/\/purehivehoney.com\/de\/#organization","name":"PureHiveHoney","url":"https:\/\/purehivehoney.com\/de\/","logo":{"@type":"ImageObject","inLanguage":"de","@id":"https:\/\/purehivehoney.com\/de\/#\/schema\/logo\/image\/","url":"https:\/\/purehivehoney.com\/de\/wp-content\/uploads\/2026\/03\/Screenshot-2026-03-16-at-1.06.01-AM.png","contentUrl":"https:\/\/purehivehoney.com\/de\/wp-content\/uploads\/2026\/03\/Screenshot-2026-03-16-at-1.06.01-AM.png","width":2112,"height":1086,"caption":"PureHiveHoney"},"image":{"@id":"https:\/\/purehivehoney.com\/de\/#\/schema\/logo\/image\/"}}]}},"_links":{"self":[{"href":"https:\/\/purehivehoney.com\/de\/wp-json\/wp\/v2\/product\/281","targetHints":{"allow":["GET"]}}],"collection":[{"href":"https:\/\/purehivehoney.com\/de\/wp-json\/wp\/v2\/product"}],"about":[{"href":"https:\/\/purehivehoney.com\/de\/wp-json\/wp\/v2\/types\/product"}],"replies":[{"embeddable":true,"href":"https:\/\/purehivehoney.com\/de\/wp-json\/wp\/v2\/comments?post=281"}],"wp:featuredmedia":[{"embeddable":true,"href":"https:\/\/purehivehoney.com\/de\/wp-json\/wp\/v2\/media\/282"}],"wp:attachment":[{"href":"https:\/\/purehivehoney.com\/de\/wp-json\/wp\/v2\/media?parent=281"}],"wp:term":[{"taxonomy":"store","embeddable":true,"href":"https:\/\/purehivehoney.com\/de\/wp-json\/wp\/v2\/store?post=281"},{"taxonomy":"product_brand","embeddable":true,"href":"https:\/\/purehivehoney.com\/de\/wp-json\/wp\/v2\/product_brand?post=281"},{"taxonomy":"product_cat","embeddable":true,"href":"https:\/\/purehivehoney.com\/de\/wp-json\/wp\/v2\/product_cat?post=281"},{"taxonomy":"product_tag","embeddable":true,"href":"https:\/\/purehivehoney.com\/de\/wp-json\/wp\/v2\/product_tag?post=281"}],"curies":[{"name":"wp","href":"https:\/\/api.w.org\/{rel}","templated":true}]}}