{"id":2805,"date":"2026-04-08T20:49:03","date_gmt":"2026-04-08T20:49:03","guid":{"rendered":"https:\/\/purehivehoney.com\/de\/product\/yardwe-3-stueck-honigfliess-ausgaenge-kunststoff-weiss-fuer-honigschleuder-imkereiausruestung-abfuellwerkzeug-mit-langem-griff-fuer-bienenzucht\/"},"modified":"2026-04-08T20:49:23","modified_gmt":"2026-04-08T20:49:23","slug":"yardwe-3-stueck-honigfliess-ausgaenge-kunststoff-weiss-fuer-honigschleuder-imkereiausruestung-abfuellwerkzeug-mit-langem-griff-fuer-bienenzucht","status":"publish","type":"product","link":"https:\/\/purehivehoney.com\/de\/product\/yardwe-3-stueck-honigfliess-ausgaenge-kunststoff-weiss-fuer-honigschleuder-imkereiausruestung-abfuellwerkzeug-mit-langem-griff-fuer-bienenzucht\/","title":{"rendered":"Yardwe 3 St\u00fcck Honigflie\u00df Ausg\u00e4n..."},"content":{"rendered":"<p>    <span class=\"a-text-bold\">Paketliste<\/span><span><br \/> 3 x Honigausg\u00e4nge<br \/><\/span><span class=\"a-text-bold\">Merkmale<\/span><span><br \/> -Gr\u00f6\u00dfe: 12,00X6,00X4,50 cm\/4,72X2,36X1,77 in Honig Extractor Tap<br \/> -Farbe: Wei\u00dfer flie\u00dfender Kunststoffausgang<br \/> -Material:ABS Honig-Ausgangswerkzeug<br \/> &#8211; Wird zum Entdeckeln von Honigtanks oder Tischen usw. verwendet. Einige Honigverarbeitungsmaschinen sind Bienenhonig-Verarbeitungswerkzeuge.<br \/> &#8211; Nach dem Gebrauch leicht zu reinigen und zu pflegen, kann es gut mit einer Honigschleuder f\u00fcr die Bienenzucht gewaschen werden.<br \/> &#8211; Es ist ideal f\u00fcr Imker, die Bienen im gro\u00dfen Stil z\u00fcchten, es wird auf jeden Fall ein guter Helfer bei der Bienenhaltung sein.<br \/> &#8211; ABS-Material. Der Honigtorausgang wird zur Installation am Honigschleuder Bee Honey Flowing Exit verwendet.<br \/> &#8211; Der gut verarbeitete Griff ist lang genug, einfach zu verwenden und ein m\u00fcheloses Imkereizubeh\u00f6r.<br \/><\/span><span class=\"a-text-bold\">Warenbeschreibung<\/span><span><br \/> Bienenzuchtzubeh\u00f6r, das Sie verdienen. Honigtor mit langem Griff. Es besteht aus hochwertigem Material und kann lange halten. Sch\u00fcttelbienenmaschine. Wenn Sie immer noch nach einem flie\u00dfenden Honigausgang mit zuverl\u00e4ssiger Qualit\u00e4t und einem angemessenen suchen, werde ich Ihnen sagen, dass unser Produkt Ihre Wahl sein wird<\/span>    <br \/>Imkerwerkzeug &#8211; gewindeschnittstelle, die eine abdichtung gew\u00e4hrleistet, unverzichtbares werkzeug f\u00fcr die bienenzucht, honigflusswerkzeug<br \/>Honigentnahmewerkzeug \u2013 aus hochwertigem abs-material, sehr langlebig und zuverl\u00e4ssig \u00fcber einen langen zeitraum, honigentnahmepresse aus kunststoff<br \/>Honigmaschinentor \u2013 es ist ein gro\u00dfartiger honigausgang f\u00fcr ihre biene; und es kann ihrer biene nicht schaden, bienenhonig-verarbeitungswerkzeug<br \/>Honigtor &#8211; es eignet sich zum bef\u00fcllen und umf\u00fcllen von honig und anderen gelegenheiten, honigtorventile<br \/>Bienenextraktor aus kunststoff \u2013 abs-material, honigtorausgang wird zur installation am honigextraktor verwendet, flie\u00dfender honigausgang<\/p>\n\n","protected":false},"excerpt":{"rendered":"<p>Paketliste 3 x Honigausg\u00e4ngeMerkmale -Gr\u00f6\u00dfe: 12,00X6,00X4,50 cm\/4,72X2,36X1,77 in Honig Extractor Tap -Farbe: Wei\u00dfer flie\u00dfender Kunststoffausgang -Material:ABS Honig-Ausgangswerkzeug &#8211; Wird zum Entdeckeln von Honigtanks oder Tischen usw. verwendet. Einige Honigverarbeitungsmaschinen sind Bienenhonig-Verarbeitungswerkzeuge. &#8211; Nach dem Gebrauch leicht zu reinigen und zu pflegen, kann es gut mit einer Honigschleuder f\u00fcr die Bienenzucht gewaschen werden. &#8211; Es ist [&hellip;]<\/p>\n","protected":false},"featured_media":2806,"comment_status":"open","ping_status":"closed","template":"","meta":{"_aipt_faq_data":""},"store":[],"product_brand":[],"product_cat":[40],"product_tag":[356],"class_list":{"0":"post-2805","1":"product","2":"type-product","3":"status-publish","4":"has-post-thumbnail","6":"product_cat-bio-roher-honig","7":"product_tag-bio-roher-honig-aus-deutschland","9":"first","10":"instock","11":"shipping-taxable","12":"product-type-external"},"yoast_head":"<!-- This site is optimized with the Yoast SEO plugin v27.4 - https:\/\/yoast.com\/product\/yoast-seo-wordpress\/ -->\n<title>Yardwe 3 St\u00fcck Honigflie\u00df Ausg\u00e4nge Kunststoff Wei\u00df F\u00fcr Honigschleuder Imkereiausr\u00fcstung Abf\u00fcllwerkzeug Mit Langem Griff F\u00fcr Bienenzucht - PureHiveHoney<\/title>\n<meta name=\"description\" content=\"Entdecken Sie hochwertigen Rohhonig, Bio Honig, Manuka Honig und nat\u00fcrliche Bienenprodukte. PureHiveHoney hilft Ihnen dabei, sorgf\u00e4ltig ausgew\u00e4hlte Honigsorten mit nat\u00fcrlicher Qualit\u00e4t und Reinheit zu entdecken.\" \/>\n<meta name=\"robots\" content=\"index, follow, max-snippet:-1, max-image-preview:large, max-video-preview:-1\" \/>\n<link rel=\"canonical\" href=\"https:\/\/purehivehoney.com\/de\/product\/yardwe-3-stueck-honigfliess-ausgaenge-kunststoff-weiss-fuer-honigschleuder-imkereiausruestung-abfuellwerkzeug-mit-langem-griff-fuer-bienenzucht\/\" \/>\n<meta property=\"og:locale\" content=\"de_DE\" \/>\n<meta property=\"og:type\" content=\"article\" \/>\n<meta property=\"og:title\" content=\"Yardwe 3 St\u00fcck Honigflie\u00df Ausg\u00e4nge Kunststoff Wei\u00df F\u00fcr Honigschleuder Imkereiausr\u00fcstung Abf\u00fcllwerkzeug Mit Langem Griff F\u00fcr Bienenzucht - PureHiveHoney\" \/>\n<meta property=\"og:description\" content=\"Entdecken Sie hochwertigen Rohhonig, Bio Honig, Manuka Honig und nat\u00fcrliche Bienenprodukte. PureHiveHoney hilft Ihnen dabei, sorgf\u00e4ltig ausgew\u00e4hlte Honigsorten mit nat\u00fcrlicher Qualit\u00e4t und Reinheit zu entdecken.\" \/>\n<meta property=\"og:url\" content=\"https:\/\/purehivehoney.com\/de\/product\/yardwe-3-stueck-honigfliess-ausgaenge-kunststoff-weiss-fuer-honigschleuder-imkereiausruestung-abfuellwerkzeug-mit-langem-griff-fuer-bienenzucht\/\" \/>\n<meta property=\"og:site_name\" content=\"PureHiveHoney\" \/>\n<meta property=\"article:modified_time\" content=\"2026-04-08T20:49:23+00:00\" \/>\n<meta name=\"twitter:card\" content=\"summary_large_image\" \/>\n<meta name=\"twitter:label1\" content=\"Gesch\u00e4tzte Lesezeit\" \/>\n\t<meta name=\"twitter:data1\" content=\"1\u00a0Minute\" \/>\n<script type=\"application\/ld+json\" class=\"yoast-schema-graph\">{\"@context\":\"https:\\\/\\\/schema.org\",\"@graph\":[{\"@type\":\"WebPage\",\"@id\":\"https:\\\/\\\/purehivehoney.com\\\/de\\\/product\\\/yardwe-3-stueck-honigfliess-ausgaenge-kunststoff-weiss-fuer-honigschleuder-imkereiausruestung-abfuellwerkzeug-mit-langem-griff-fuer-bienenzucht\\\/\",\"url\":\"https:\\\/\\\/purehivehoney.com\\\/de\\\/product\\\/yardwe-3-stueck-honigfliess-ausgaenge-kunststoff-weiss-fuer-honigschleuder-imkereiausruestung-abfuellwerkzeug-mit-langem-griff-fuer-bienenzucht\\\/\",\"name\":\"Yardwe 3 St\u00fcck Honigflie\u00df Ausg\u00e4nge Kunststoff Wei\u00df F\u00fcr Honigschleuder Imkereiausr\u00fcstung Abf\u00fcllwerkzeug Mit Langem Griff F\u00fcr Bienenzucht - PureHiveHoney\",\"isPartOf\":{\"@id\":\"https:\\\/\\\/purehivehoney.com\\\/de\\\/#website\"},\"primaryImageOfPage\":{\"@id\":\"https:\\\/\\\/purehivehoney.com\\\/de\\\/product\\\/yardwe-3-stueck-honigfliess-ausgaenge-kunststoff-weiss-fuer-honigschleuder-imkereiausruestung-abfuellwerkzeug-mit-langem-griff-fuer-bienenzucht\\\/#primaryimage\"},\"image\":{\"@id\":\"https:\\\/\\\/purehivehoney.com\\\/de\\\/product\\\/yardwe-3-stueck-honigfliess-ausgaenge-kunststoff-weiss-fuer-honigschleuder-imkereiausruestung-abfuellwerkzeug-mit-langem-griff-fuer-bienenzucht\\\/#primaryimage\"},\"thumbnailUrl\":\"https:\\\/\\\/purehivehoney.com\\\/de\\\/wp-content\\\/uploads\\\/2026\\\/04\\\/51K-7Q7gihL._SL1500_.jpg\",\"datePublished\":\"2026-04-08T20:49:03+00:00\",\"dateModified\":\"2026-04-08T20:49:23+00:00\",\"description\":\"Entdecken Sie hochwertigen Rohhonig, Bio Honig, Manuka Honig und nat\u00fcrliche Bienenprodukte. PureHiveHoney hilft Ihnen dabei, sorgf\u00e4ltig ausgew\u00e4hlte Honigsorten mit nat\u00fcrlicher Qualit\u00e4t und Reinheit zu entdecken.\",\"breadcrumb\":{\"@id\":\"https:\\\/\\\/purehivehoney.com\\\/de\\\/product\\\/yardwe-3-stueck-honigfliess-ausgaenge-kunststoff-weiss-fuer-honigschleuder-imkereiausruestung-abfuellwerkzeug-mit-langem-griff-fuer-bienenzucht\\\/#breadcrumb\"},\"inLanguage\":\"de\",\"potentialAction\":[{\"@type\":\"ReadAction\",\"target\":[\"https:\\\/\\\/purehivehoney.com\\\/de\\\/product\\\/yardwe-3-stueck-honigfliess-ausgaenge-kunststoff-weiss-fuer-honigschleuder-imkereiausruestung-abfuellwerkzeug-mit-langem-griff-fuer-bienenzucht\\\/\"]}]},{\"@type\":\"ImageObject\",\"inLanguage\":\"de\",\"@id\":\"https:\\\/\\\/purehivehoney.com\\\/de\\\/product\\\/yardwe-3-stueck-honigfliess-ausgaenge-kunststoff-weiss-fuer-honigschleuder-imkereiausruestung-abfuellwerkzeug-mit-langem-griff-fuer-bienenzucht\\\/#primaryimage\",\"url\":\"https:\\\/\\\/purehivehoney.com\\\/de\\\/wp-content\\\/uploads\\\/2026\\\/04\\\/51K-7Q7gihL._SL1500_.jpg\",\"contentUrl\":\"https:\\\/\\\/purehivehoney.com\\\/de\\\/wp-content\\\/uploads\\\/2026\\\/04\\\/51K-7Q7gihL._SL1500_.jpg\",\"width\":1500,\"height\":1500},{\"@type\":\"BreadcrumbList\",\"@id\":\"https:\\\/\\\/purehivehoney.com\\\/de\\\/product\\\/yardwe-3-stueck-honigfliess-ausgaenge-kunststoff-weiss-fuer-honigschleuder-imkereiausruestung-abfuellwerkzeug-mit-langem-griff-fuer-bienenzucht\\\/#breadcrumb\",\"itemListElement\":[{\"@type\":\"ListItem\",\"position\":1,\"name\":\"Home\",\"item\":\"https:\\\/\\\/purehivehoney.com\\\/de\\\/\"},{\"@type\":\"ListItem\",\"position\":2,\"name\":\"Shop\",\"item\":\"https:\\\/\\\/purehivehoney.com\\\/de\\\/shop\\\/\"},{\"@type\":\"ListItem\",\"position\":3,\"name\":\"Yardwe 3 St\u00fcck Honigflie\u00df Ausg\u00e4n...\"}]},{\"@type\":\"WebSite\",\"@id\":\"https:\\\/\\\/purehivehoney.com\\\/de\\\/#website\",\"url\":\"https:\\\/\\\/purehivehoney.com\\\/de\\\/\",\"name\":\"PureHiveHoney\",\"description\":\"Reiner Honig &amp; Bienenprodukte Online | Rohhonig, Bio Honig &amp; Spezialhonig\",\"publisher\":{\"@id\":\"https:\\\/\\\/purehivehoney.com\\\/de\\\/#organization\"},\"potentialAction\":[{\"@type\":\"SearchAction\",\"target\":{\"@type\":\"EntryPoint\",\"urlTemplate\":\"https:\\\/\\\/purehivehoney.com\\\/de\\\/?s={search_term_string}\"},\"query-input\":{\"@type\":\"PropertyValueSpecification\",\"valueRequired\":true,\"valueName\":\"search_term_string\"}}],\"inLanguage\":\"de\"},{\"@type\":\"Organization\",\"@id\":\"https:\\\/\\\/purehivehoney.com\\\/de\\\/#organization\",\"name\":\"PureHiveHoney\",\"url\":\"https:\\\/\\\/purehivehoney.com\\\/de\\\/\",\"logo\":{\"@type\":\"ImageObject\",\"inLanguage\":\"de\",\"@id\":\"https:\\\/\\\/purehivehoney.com\\\/de\\\/#\\\/schema\\\/logo\\\/image\\\/\",\"url\":\"https:\\\/\\\/purehivehoney.com\\\/de\\\/wp-content\\\/uploads\\\/2026\\\/03\\\/Screenshot-2026-03-16-at-1.06.01-AM.png\",\"contentUrl\":\"https:\\\/\\\/purehivehoney.com\\\/de\\\/wp-content\\\/uploads\\\/2026\\\/03\\\/Screenshot-2026-03-16-at-1.06.01-AM.png\",\"width\":2112,\"height\":1086,\"caption\":\"PureHiveHoney\"},\"image\":{\"@id\":\"https:\\\/\\\/purehivehoney.com\\\/de\\\/#\\\/schema\\\/logo\\\/image\\\/\"}}]}<\/script>\n<!-- \/ Yoast SEO plugin. -->","yoast_head_json":{"title":"Yardwe 3 St\u00fcck Honigflie\u00df Ausg\u00e4nge Kunststoff Wei\u00df F\u00fcr Honigschleuder Imkereiausr\u00fcstung Abf\u00fcllwerkzeug Mit Langem Griff F\u00fcr Bienenzucht - PureHiveHoney","description":"Entdecken Sie hochwertigen Rohhonig, Bio Honig, Manuka Honig und nat\u00fcrliche Bienenprodukte. PureHiveHoney hilft Ihnen dabei, sorgf\u00e4ltig ausgew\u00e4hlte Honigsorten mit nat\u00fcrlicher Qualit\u00e4t und Reinheit zu entdecken.","robots":{"index":"index","follow":"follow","max-snippet":"max-snippet:-1","max-image-preview":"max-image-preview:large","max-video-preview":"max-video-preview:-1"},"canonical":"https:\/\/purehivehoney.com\/de\/product\/yardwe-3-stueck-honigfliess-ausgaenge-kunststoff-weiss-fuer-honigschleuder-imkereiausruestung-abfuellwerkzeug-mit-langem-griff-fuer-bienenzucht\/","og_locale":"de_DE","og_type":"article","og_title":"Yardwe 3 St\u00fcck Honigflie\u00df Ausg\u00e4nge Kunststoff Wei\u00df F\u00fcr Honigschleuder Imkereiausr\u00fcstung Abf\u00fcllwerkzeug Mit Langem Griff F\u00fcr Bienenzucht - PureHiveHoney","og_description":"Entdecken Sie hochwertigen Rohhonig, Bio Honig, Manuka Honig und nat\u00fcrliche Bienenprodukte. PureHiveHoney hilft Ihnen dabei, sorgf\u00e4ltig ausgew\u00e4hlte Honigsorten mit nat\u00fcrlicher Qualit\u00e4t und Reinheit zu entdecken.","og_url":"https:\/\/purehivehoney.com\/de\/product\/yardwe-3-stueck-honigfliess-ausgaenge-kunststoff-weiss-fuer-honigschleuder-imkereiausruestung-abfuellwerkzeug-mit-langem-griff-fuer-bienenzucht\/","og_site_name":"PureHiveHoney","article_modified_time":"2026-04-08T20:49:23+00:00","twitter_card":"summary_large_image","twitter_misc":{"Gesch\u00e4tzte Lesezeit":"1\u00a0Minute"},"schema":{"@context":"https:\/\/schema.org","@graph":[{"@type":"WebPage","@id":"https:\/\/purehivehoney.com\/de\/product\/yardwe-3-stueck-honigfliess-ausgaenge-kunststoff-weiss-fuer-honigschleuder-imkereiausruestung-abfuellwerkzeug-mit-langem-griff-fuer-bienenzucht\/","url":"https:\/\/purehivehoney.com\/de\/product\/yardwe-3-stueck-honigfliess-ausgaenge-kunststoff-weiss-fuer-honigschleuder-imkereiausruestung-abfuellwerkzeug-mit-langem-griff-fuer-bienenzucht\/","name":"Yardwe 3 St\u00fcck Honigflie\u00df Ausg\u00e4nge Kunststoff Wei\u00df F\u00fcr Honigschleuder Imkereiausr\u00fcstung Abf\u00fcllwerkzeug Mit Langem Griff F\u00fcr Bienenzucht - PureHiveHoney","isPartOf":{"@id":"https:\/\/purehivehoney.com\/de\/#website"},"primaryImageOfPage":{"@id":"https:\/\/purehivehoney.com\/de\/product\/yardwe-3-stueck-honigfliess-ausgaenge-kunststoff-weiss-fuer-honigschleuder-imkereiausruestung-abfuellwerkzeug-mit-langem-griff-fuer-bienenzucht\/#primaryimage"},"image":{"@id":"https:\/\/purehivehoney.com\/de\/product\/yardwe-3-stueck-honigfliess-ausgaenge-kunststoff-weiss-fuer-honigschleuder-imkereiausruestung-abfuellwerkzeug-mit-langem-griff-fuer-bienenzucht\/#primaryimage"},"thumbnailUrl":"https:\/\/purehivehoney.com\/de\/wp-content\/uploads\/2026\/04\/51K-7Q7gihL._SL1500_.jpg","datePublished":"2026-04-08T20:49:03+00:00","dateModified":"2026-04-08T20:49:23+00:00","description":"Entdecken Sie hochwertigen Rohhonig, Bio Honig, Manuka Honig und nat\u00fcrliche Bienenprodukte. PureHiveHoney hilft Ihnen dabei, sorgf\u00e4ltig ausgew\u00e4hlte Honigsorten mit nat\u00fcrlicher Qualit\u00e4t und Reinheit zu entdecken.","breadcrumb":{"@id":"https:\/\/purehivehoney.com\/de\/product\/yardwe-3-stueck-honigfliess-ausgaenge-kunststoff-weiss-fuer-honigschleuder-imkereiausruestung-abfuellwerkzeug-mit-langem-griff-fuer-bienenzucht\/#breadcrumb"},"inLanguage":"de","potentialAction":[{"@type":"ReadAction","target":["https:\/\/purehivehoney.com\/de\/product\/yardwe-3-stueck-honigfliess-ausgaenge-kunststoff-weiss-fuer-honigschleuder-imkereiausruestung-abfuellwerkzeug-mit-langem-griff-fuer-bienenzucht\/"]}]},{"@type":"ImageObject","inLanguage":"de","@id":"https:\/\/purehivehoney.com\/de\/product\/yardwe-3-stueck-honigfliess-ausgaenge-kunststoff-weiss-fuer-honigschleuder-imkereiausruestung-abfuellwerkzeug-mit-langem-griff-fuer-bienenzucht\/#primaryimage","url":"https:\/\/purehivehoney.com\/de\/wp-content\/uploads\/2026\/04\/51K-7Q7gihL._SL1500_.jpg","contentUrl":"https:\/\/purehivehoney.com\/de\/wp-content\/uploads\/2026\/04\/51K-7Q7gihL._SL1500_.jpg","width":1500,"height":1500},{"@type":"BreadcrumbList","@id":"https:\/\/purehivehoney.com\/de\/product\/yardwe-3-stueck-honigfliess-ausgaenge-kunststoff-weiss-fuer-honigschleuder-imkereiausruestung-abfuellwerkzeug-mit-langem-griff-fuer-bienenzucht\/#breadcrumb","itemListElement":[{"@type":"ListItem","position":1,"name":"Home","item":"https:\/\/purehivehoney.com\/de\/"},{"@type":"ListItem","position":2,"name":"Shop","item":"https:\/\/purehivehoney.com\/de\/shop\/"},{"@type":"ListItem","position":3,"name":"Yardwe 3 St\u00fcck Honigflie\u00df Ausg\u00e4n..."}]},{"@type":"WebSite","@id":"https:\/\/purehivehoney.com\/de\/#website","url":"https:\/\/purehivehoney.com\/de\/","name":"PureHiveHoney","description":"Reiner Honig &amp; Bienenprodukte Online | Rohhonig, Bio Honig &amp; Spezialhonig","publisher":{"@id":"https:\/\/purehivehoney.com\/de\/#organization"},"potentialAction":[{"@type":"SearchAction","target":{"@type":"EntryPoint","urlTemplate":"https:\/\/purehivehoney.com\/de\/?s={search_term_string}"},"query-input":{"@type":"PropertyValueSpecification","valueRequired":true,"valueName":"search_term_string"}}],"inLanguage":"de"},{"@type":"Organization","@id":"https:\/\/purehivehoney.com\/de\/#organization","name":"PureHiveHoney","url":"https:\/\/purehivehoney.com\/de\/","logo":{"@type":"ImageObject","inLanguage":"de","@id":"https:\/\/purehivehoney.com\/de\/#\/schema\/logo\/image\/","url":"https:\/\/purehivehoney.com\/de\/wp-content\/uploads\/2026\/03\/Screenshot-2026-03-16-at-1.06.01-AM.png","contentUrl":"https:\/\/purehivehoney.com\/de\/wp-content\/uploads\/2026\/03\/Screenshot-2026-03-16-at-1.06.01-AM.png","width":2112,"height":1086,"caption":"PureHiveHoney"},"image":{"@id":"https:\/\/purehivehoney.com\/de\/#\/schema\/logo\/image\/"}}]}},"_links":{"self":[{"href":"https:\/\/purehivehoney.com\/de\/wp-json\/wp\/v2\/product\/2805","targetHints":{"allow":["GET"]}}],"collection":[{"href":"https:\/\/purehivehoney.com\/de\/wp-json\/wp\/v2\/product"}],"about":[{"href":"https:\/\/purehivehoney.com\/de\/wp-json\/wp\/v2\/types\/product"}],"replies":[{"embeddable":true,"href":"https:\/\/purehivehoney.com\/de\/wp-json\/wp\/v2\/comments?post=2805"}],"wp:featuredmedia":[{"embeddable":true,"href":"https:\/\/purehivehoney.com\/de\/wp-json\/wp\/v2\/media\/2806"}],"wp:attachment":[{"href":"https:\/\/purehivehoney.com\/de\/wp-json\/wp\/v2\/media?parent=2805"}],"wp:term":[{"taxonomy":"store","embeddable":true,"href":"https:\/\/purehivehoney.com\/de\/wp-json\/wp\/v2\/store?post=2805"},{"taxonomy":"product_brand","embeddable":true,"href":"https:\/\/purehivehoney.com\/de\/wp-json\/wp\/v2\/product_brand?post=2805"},{"taxonomy":"product_cat","embeddable":true,"href":"https:\/\/purehivehoney.com\/de\/wp-json\/wp\/v2\/product_cat?post=2805"},{"taxonomy":"product_tag","embeddable":true,"href":"https:\/\/purehivehoney.com\/de\/wp-json\/wp\/v2\/product_tag?post=2805"}],"curies":[{"name":"wp","href":"https:\/\/api.w.org\/{rel}","templated":true}]}}