{"id":2795,"date":"2026-04-08T18:04:35","date_gmt":"2026-04-08T18:04:35","guid":{"rendered":"https:\/\/purehivehoney.com\/de\/product\/valiclud-honey-stirring-rod-made-of-glass-transparent-honey-dippe-for-jam-syrup-and-other-viscose-liquids-portable-stirrer-for-household-and-beekeeping\/"},"modified":"2026-04-08T18:04:57","modified_gmt":"2026-04-08T18:04:57","slug":"valiclud-honey-stirring-rod-made-of-glass-transparent-honey-dippe-for-jam-syrup-and-other-viscose-liquids-portable-stirrer-for-household-and-beekeeping","status":"publish","type":"product","link":"https:\/\/purehivehoney.com\/de\/product\/valiclud-honey-stirring-rod-made-of-glass-transparent-honey-dippe-for-jam-syrup-and-other-viscose-liquids-portable-stirrer-for-household-and-beekeeping\/","title":{"rendered":"VALICLUD Honey Stirring Rod Made of..."},"content":{"rendered":"<p>                                             Product Description   <\/p>\n<h3 class=\"a-spacing-small\">   <\/h3>\n<p class=\"apm-text-center\">\n                                                      <img decoding=\"async\" alt=\"Text reads &amp;#39;Image 7&amp;#39;. Technical illustration showing various transparent plastic or acrylic mounting brackets or clips.\" src=\"https:\/\/images-na.ssl-images-amazon.com\/images\/G\/01\/x-locale\/common\/grey-pixel.gif\" class=\"a-spacing-mini a-lazy-loaded\" data-src=\"https:\/\/m.media-amazon.com\/images\/S\/aplus-media-library-service-media\/a6fd190b-72af-4922-a29b-5c168b387f1c.__CR1200,0,300,300_PT0_SX300_V1___.jpg\"><img decoding=\"async\" alt=\"Text reads &amp;#39;Image 7&amp;#39;. Technical illustration showing various transparent plastic or acrylic mounting brackets or clips.\" src=\"https:\/\/m.media-amazon.com\/images\/S\/aplus-media-library-service-media\/a6fd190b-72af-4922-a29b-5c168b387f1c.__CR1200,0,300,300_PT0_SX300_V1___.jpg\">  <\/p>\n<p> Honey stirrer: the ring-shaped rod ensures that the honey sticks firmly, and a honey pourer for use <\/p>\n<p class=\"apm-text-center\">\n                                                      <img decoding=\"async\" alt=\"1\" src=\"https:\/\/images-na.ssl-images-amazon.com\/images\/G\/01\/x-locale\/common\/grey-pixel.gif\" class=\"a-spacing-mini a-lazy-loaded\" data-src=\"https:\/\/m.media-amazon.com\/images\/S\/aplus-media-library-service-media\/9f3280b5-a18f-4728-919f-34a2fc002eac.__CR1200,0,300,300_PT0_SX300_V1___.jpg\"><img decoding=\"async\" alt=\"1\" src=\"https:\/\/m.media-amazon.com\/images\/S\/aplus-media-library-service-media\/9f3280b5-a18f-4728-919f-34a2fc002eac.__CR1200,0,300,300_PT0_SX300_V1___.jpg\">  <\/p>\n<p> Honey stirrer: unique and creative honey stirrer, portable and safe, you deserve one, a honey stirrer <\/p>\n<p class=\"apm-text-center\">\n                                                      <img decoding=\"async\" alt=\"5 US\" src=\"https:\/\/images-na.ssl-images-amazon.com\/images\/G\/01\/x-locale\/common\/grey-pixel.gif\" class=\"a-spacing-mini a-lazy-loaded\" data-src=\"https:\/\/m.media-amazon.com\/images\/S\/aplus-media-library-service-media\/4f5aa524-b7dc-4867-bbcb-57b3d9003075.__CR1200,0,300,300_PT0_SX300_V1___.jpg\"><img decoding=\"async\" alt=\"5 US\" src=\"https:\/\/m.media-amazon.com\/images\/S\/aplus-media-library-service-media\/4f5aa524-b7dc-4867-bbcb-57b3d9003075.__CR1200,0,300,300_PT0_SX300_V1___.jpg\">  <\/p>\n<p> Suitable for many suitable occasions such as: cafe, hotel, dinner, party, small restaurant, honey server with ladle, honey spoon <\/p>\n<p>                                                  <img decoding=\"async\" alt=\"4 US\" src=\"https:\/\/images-na.ssl-images-amazon.com\/images\/G\/01\/x-locale\/common\/grey-pixel.gif\" class=\"a-lazy-loaded\" data-src=\"https:\/\/m.media-amazon.com\/images\/S\/aplus-media-library-service-media\/fb3acbce-2e0e-4d65-b095-5e4e5bb56bd9.__CR1200,0,300,300_PT0_SX300_V1___.jpg\"><img decoding=\"async\" alt=\"4 US\" src=\"https:\/\/m.media-amazon.com\/images\/S\/aplus-media-library-service-media\/fb3acbce-2e0e-4d65-b095-5e4e5bb56bd9.__CR1200,0,300,300_PT0_SX300_V1___.jpg\">  <\/p>\n<h3 class=\"a-spacing-mini\"> VALICLUD <\/h3>\n<p>  Honey stirrer made of portable honey stirrer for syrup and viscose liquids to clean tea and transparent <\/p>\n<p>Honey stirrer: the ring-shaped rod ensures that the honey sticks firmly, and a honey pourer for use<br \/>Honey stirrer: unique and creative honey stirrer, portable and safe, you deserve one, a honey stirrer<br \/>Suitable for many suitable occasions such as: cafe, hotel, dinner, party, small restaurant, honey server with ladle, honey spoon<br \/>Honey stirrer: our honey stirrer is made of high-quality glass material, which is stable and safe for long-term use.<br \/>Honey dispenser pik: the honey stirrer stick is easy to use and clean, you can use it without hesitation, honey stick for stirring honey<\/p>\n\n","protected":false},"excerpt":{"rendered":"<p>Product Description Honey stirrer: the ring-shaped rod ensures that the honey sticks firmly, and a honey pourer for use Honey stirrer: unique and creative honey stirrer, portable and safe, you deserve one, a honey stirrer Suitable for many suitable occasions such as: cafe, hotel, dinner, party, small restaurant, honey server with ladle, honey spoon VALICLUD [&hellip;]<\/p>\n","protected":false},"featured_media":2796,"comment_status":"open","ping_status":"closed","template":"","meta":{"_aipt_faq_data":""},"store":[],"product_brand":[],"product_cat":[40],"product_tag":[356],"class_list":{"0":"post-2795","1":"product","2":"type-product","3":"status-publish","4":"has-post-thumbnail","6":"product_cat-bio-roher-honig","7":"product_tag-bio-roher-honig-aus-deutschland","9":"first","10":"instock","11":"shipping-taxable","12":"product-type-external"},"yoast_head":"<!-- This site is optimized with the Yoast SEO plugin v27.4 - https:\/\/yoast.com\/product\/yoast-seo-wordpress\/ -->\n<title>VALICLUD Honey Stirring Rod Made of Glass Transparent Honey Dippe for Jam Syrup and Other Viscose Liquids Portable Stirrer for Household and Beekeeping - PureHiveHoney<\/title>\n<meta name=\"description\" content=\"Entdecken Sie hochwertigen Rohhonig, Bio Honig, Manuka Honig und nat\u00fcrliche Bienenprodukte. PureHiveHoney hilft Ihnen dabei, sorgf\u00e4ltig ausgew\u00e4hlte Honigsorten mit nat\u00fcrlicher Qualit\u00e4t und Reinheit zu entdecken.\" \/>\n<meta name=\"robots\" content=\"index, follow, max-snippet:-1, max-image-preview:large, max-video-preview:-1\" \/>\n<link rel=\"canonical\" href=\"https:\/\/purehivehoney.com\/de\/product\/valiclud-honey-stirring-rod-made-of-glass-transparent-honey-dippe-for-jam-syrup-and-other-viscose-liquids-portable-stirrer-for-household-and-beekeeping\/\" \/>\n<meta property=\"og:locale\" content=\"de_DE\" \/>\n<meta property=\"og:type\" content=\"article\" \/>\n<meta property=\"og:title\" content=\"VALICLUD Honey Stirring Rod Made of Glass Transparent Honey Dippe for Jam Syrup and Other Viscose Liquids Portable Stirrer for Household and Beekeeping - PureHiveHoney\" \/>\n<meta property=\"og:description\" content=\"Entdecken Sie hochwertigen Rohhonig, Bio Honig, Manuka Honig und nat\u00fcrliche Bienenprodukte. PureHiveHoney hilft Ihnen dabei, sorgf\u00e4ltig ausgew\u00e4hlte Honigsorten mit nat\u00fcrlicher Qualit\u00e4t und Reinheit zu entdecken.\" \/>\n<meta property=\"og:url\" content=\"https:\/\/purehivehoney.com\/de\/product\/valiclud-honey-stirring-rod-made-of-glass-transparent-honey-dippe-for-jam-syrup-and-other-viscose-liquids-portable-stirrer-for-household-and-beekeeping\/\" \/>\n<meta property=\"og:site_name\" content=\"PureHiveHoney\" \/>\n<meta property=\"article:modified_time\" content=\"2026-04-08T18:04:57+00:00\" \/>\n<meta property=\"og:image\" content=\"https:\/\/images-na.ssl-images-amazon.com\/images\/G\/01\/x-locale\/common\/grey-pixel.gif\" \/>\n<meta name=\"twitter:card\" content=\"summary_large_image\" \/>\n<meta name=\"twitter:label1\" content=\"Gesch\u00e4tzte Lesezeit\" \/>\n\t<meta name=\"twitter:data1\" content=\"1\u00a0Minute\" \/>\n<script type=\"application\/ld+json\" class=\"yoast-schema-graph\">{\"@context\":\"https:\\\/\\\/schema.org\",\"@graph\":[{\"@type\":\"WebPage\",\"@id\":\"https:\\\/\\\/purehivehoney.com\\\/de\\\/product\\\/valiclud-honey-stirring-rod-made-of-glass-transparent-honey-dippe-for-jam-syrup-and-other-viscose-liquids-portable-stirrer-for-household-and-beekeeping\\\/\",\"url\":\"https:\\\/\\\/purehivehoney.com\\\/de\\\/product\\\/valiclud-honey-stirring-rod-made-of-glass-transparent-honey-dippe-for-jam-syrup-and-other-viscose-liquids-portable-stirrer-for-household-and-beekeeping\\\/\",\"name\":\"VALICLUD Honey Stirring Rod Made of Glass Transparent Honey Dippe for Jam Syrup and Other Viscose Liquids Portable Stirrer for Household and Beekeeping - PureHiveHoney\",\"isPartOf\":{\"@id\":\"https:\\\/\\\/purehivehoney.com\\\/de\\\/#website\"},\"primaryImageOfPage\":{\"@id\":\"https:\\\/\\\/purehivehoney.com\\\/de\\\/product\\\/valiclud-honey-stirring-rod-made-of-glass-transparent-honey-dippe-for-jam-syrup-and-other-viscose-liquids-portable-stirrer-for-household-and-beekeeping\\\/#primaryimage\"},\"image\":{\"@id\":\"https:\\\/\\\/purehivehoney.com\\\/de\\\/product\\\/valiclud-honey-stirring-rod-made-of-glass-transparent-honey-dippe-for-jam-syrup-and-other-viscose-liquids-portable-stirrer-for-household-and-beekeeping\\\/#primaryimage\"},\"thumbnailUrl\":\"https:\\\/\\\/purehivehoney.com\\\/de\\\/wp-content\\\/uploads\\\/2026\\\/04\\\/51gbTQqDPiL._AC_SL1500_.jpg\",\"datePublished\":\"2026-04-08T18:04:35+00:00\",\"dateModified\":\"2026-04-08T18:04:57+00:00\",\"description\":\"Entdecken Sie hochwertigen Rohhonig, Bio Honig, Manuka Honig und nat\u00fcrliche Bienenprodukte. PureHiveHoney hilft Ihnen dabei, sorgf\u00e4ltig ausgew\u00e4hlte Honigsorten mit nat\u00fcrlicher Qualit\u00e4t und Reinheit zu entdecken.\",\"breadcrumb\":{\"@id\":\"https:\\\/\\\/purehivehoney.com\\\/de\\\/product\\\/valiclud-honey-stirring-rod-made-of-glass-transparent-honey-dippe-for-jam-syrup-and-other-viscose-liquids-portable-stirrer-for-household-and-beekeeping\\\/#breadcrumb\"},\"inLanguage\":\"de\",\"potentialAction\":[{\"@type\":\"ReadAction\",\"target\":[\"https:\\\/\\\/purehivehoney.com\\\/de\\\/product\\\/valiclud-honey-stirring-rod-made-of-glass-transparent-honey-dippe-for-jam-syrup-and-other-viscose-liquids-portable-stirrer-for-household-and-beekeeping\\\/\"]}]},{\"@type\":\"ImageObject\",\"inLanguage\":\"de\",\"@id\":\"https:\\\/\\\/purehivehoney.com\\\/de\\\/product\\\/valiclud-honey-stirring-rod-made-of-glass-transparent-honey-dippe-for-jam-syrup-and-other-viscose-liquids-portable-stirrer-for-household-and-beekeeping\\\/#primaryimage\",\"url\":\"https:\\\/\\\/purehivehoney.com\\\/de\\\/wp-content\\\/uploads\\\/2026\\\/04\\\/51gbTQqDPiL._AC_SL1500_.jpg\",\"contentUrl\":\"https:\\\/\\\/purehivehoney.com\\\/de\\\/wp-content\\\/uploads\\\/2026\\\/04\\\/51gbTQqDPiL._AC_SL1500_.jpg\",\"width\":1339,\"height\":1500},{\"@type\":\"BreadcrumbList\",\"@id\":\"https:\\\/\\\/purehivehoney.com\\\/de\\\/product\\\/valiclud-honey-stirring-rod-made-of-glass-transparent-honey-dippe-for-jam-syrup-and-other-viscose-liquids-portable-stirrer-for-household-and-beekeeping\\\/#breadcrumb\",\"itemListElement\":[{\"@type\":\"ListItem\",\"position\":1,\"name\":\"Home\",\"item\":\"https:\\\/\\\/purehivehoney.com\\\/de\\\/\"},{\"@type\":\"ListItem\",\"position\":2,\"name\":\"Shop\",\"item\":\"https:\\\/\\\/purehivehoney.com\\\/de\\\/shop\\\/\"},{\"@type\":\"ListItem\",\"position\":3,\"name\":\"VALICLUD Honey Stirring Rod Made of...\"}]},{\"@type\":\"WebSite\",\"@id\":\"https:\\\/\\\/purehivehoney.com\\\/de\\\/#website\",\"url\":\"https:\\\/\\\/purehivehoney.com\\\/de\\\/\",\"name\":\"PureHiveHoney\",\"description\":\"Reiner Honig &amp; Bienenprodukte Online | Rohhonig, Bio Honig &amp; Spezialhonig\",\"publisher\":{\"@id\":\"https:\\\/\\\/purehivehoney.com\\\/de\\\/#organization\"},\"potentialAction\":[{\"@type\":\"SearchAction\",\"target\":{\"@type\":\"EntryPoint\",\"urlTemplate\":\"https:\\\/\\\/purehivehoney.com\\\/de\\\/?s={search_term_string}\"},\"query-input\":{\"@type\":\"PropertyValueSpecification\",\"valueRequired\":true,\"valueName\":\"search_term_string\"}}],\"inLanguage\":\"de\"},{\"@type\":\"Organization\",\"@id\":\"https:\\\/\\\/purehivehoney.com\\\/de\\\/#organization\",\"name\":\"PureHiveHoney\",\"url\":\"https:\\\/\\\/purehivehoney.com\\\/de\\\/\",\"logo\":{\"@type\":\"ImageObject\",\"inLanguage\":\"de\",\"@id\":\"https:\\\/\\\/purehivehoney.com\\\/de\\\/#\\\/schema\\\/logo\\\/image\\\/\",\"url\":\"https:\\\/\\\/purehivehoney.com\\\/de\\\/wp-content\\\/uploads\\\/2026\\\/03\\\/Screenshot-2026-03-16-at-1.06.01-AM.png\",\"contentUrl\":\"https:\\\/\\\/purehivehoney.com\\\/de\\\/wp-content\\\/uploads\\\/2026\\\/03\\\/Screenshot-2026-03-16-at-1.06.01-AM.png\",\"width\":2112,\"height\":1086,\"caption\":\"PureHiveHoney\"},\"image\":{\"@id\":\"https:\\\/\\\/purehivehoney.com\\\/de\\\/#\\\/schema\\\/logo\\\/image\\\/\"}}]}<\/script>\n<!-- \/ Yoast SEO plugin. -->","yoast_head_json":{"title":"VALICLUD Honey Stirring Rod Made of Glass Transparent Honey Dippe for Jam Syrup and Other Viscose Liquids Portable Stirrer for Household and Beekeeping - PureHiveHoney","description":"Entdecken Sie hochwertigen Rohhonig, Bio Honig, Manuka Honig und nat\u00fcrliche Bienenprodukte. PureHiveHoney hilft Ihnen dabei, sorgf\u00e4ltig ausgew\u00e4hlte Honigsorten mit nat\u00fcrlicher Qualit\u00e4t und Reinheit zu entdecken.","robots":{"index":"index","follow":"follow","max-snippet":"max-snippet:-1","max-image-preview":"max-image-preview:large","max-video-preview":"max-video-preview:-1"},"canonical":"https:\/\/purehivehoney.com\/de\/product\/valiclud-honey-stirring-rod-made-of-glass-transparent-honey-dippe-for-jam-syrup-and-other-viscose-liquids-portable-stirrer-for-household-and-beekeeping\/","og_locale":"de_DE","og_type":"article","og_title":"VALICLUD Honey Stirring Rod Made of Glass Transparent Honey Dippe for Jam Syrup and Other Viscose Liquids Portable Stirrer for Household and Beekeeping - PureHiveHoney","og_description":"Entdecken Sie hochwertigen Rohhonig, Bio Honig, Manuka Honig und nat\u00fcrliche Bienenprodukte. PureHiveHoney hilft Ihnen dabei, sorgf\u00e4ltig ausgew\u00e4hlte Honigsorten mit nat\u00fcrlicher Qualit\u00e4t und Reinheit zu entdecken.","og_url":"https:\/\/purehivehoney.com\/de\/product\/valiclud-honey-stirring-rod-made-of-glass-transparent-honey-dippe-for-jam-syrup-and-other-viscose-liquids-portable-stirrer-for-household-and-beekeeping\/","og_site_name":"PureHiveHoney","article_modified_time":"2026-04-08T18:04:57+00:00","og_image":[{"url":"https:\/\/images-na.ssl-images-amazon.com\/images\/G\/01\/x-locale\/common\/grey-pixel.gif","type":"","width":"","height":""}],"twitter_card":"summary_large_image","twitter_misc":{"Gesch\u00e4tzte Lesezeit":"1\u00a0Minute"},"schema":{"@context":"https:\/\/schema.org","@graph":[{"@type":"WebPage","@id":"https:\/\/purehivehoney.com\/de\/product\/valiclud-honey-stirring-rod-made-of-glass-transparent-honey-dippe-for-jam-syrup-and-other-viscose-liquids-portable-stirrer-for-household-and-beekeeping\/","url":"https:\/\/purehivehoney.com\/de\/product\/valiclud-honey-stirring-rod-made-of-glass-transparent-honey-dippe-for-jam-syrup-and-other-viscose-liquids-portable-stirrer-for-household-and-beekeeping\/","name":"VALICLUD Honey Stirring Rod Made of Glass Transparent Honey Dippe for Jam Syrup and Other Viscose Liquids Portable Stirrer for Household and Beekeeping - PureHiveHoney","isPartOf":{"@id":"https:\/\/purehivehoney.com\/de\/#website"},"primaryImageOfPage":{"@id":"https:\/\/purehivehoney.com\/de\/product\/valiclud-honey-stirring-rod-made-of-glass-transparent-honey-dippe-for-jam-syrup-and-other-viscose-liquids-portable-stirrer-for-household-and-beekeeping\/#primaryimage"},"image":{"@id":"https:\/\/purehivehoney.com\/de\/product\/valiclud-honey-stirring-rod-made-of-glass-transparent-honey-dippe-for-jam-syrup-and-other-viscose-liquids-portable-stirrer-for-household-and-beekeeping\/#primaryimage"},"thumbnailUrl":"https:\/\/purehivehoney.com\/de\/wp-content\/uploads\/2026\/04\/51gbTQqDPiL._AC_SL1500_.jpg","datePublished":"2026-04-08T18:04:35+00:00","dateModified":"2026-04-08T18:04:57+00:00","description":"Entdecken Sie hochwertigen Rohhonig, Bio Honig, Manuka Honig und nat\u00fcrliche Bienenprodukte. PureHiveHoney hilft Ihnen dabei, sorgf\u00e4ltig ausgew\u00e4hlte Honigsorten mit nat\u00fcrlicher Qualit\u00e4t und Reinheit zu entdecken.","breadcrumb":{"@id":"https:\/\/purehivehoney.com\/de\/product\/valiclud-honey-stirring-rod-made-of-glass-transparent-honey-dippe-for-jam-syrup-and-other-viscose-liquids-portable-stirrer-for-household-and-beekeeping\/#breadcrumb"},"inLanguage":"de","potentialAction":[{"@type":"ReadAction","target":["https:\/\/purehivehoney.com\/de\/product\/valiclud-honey-stirring-rod-made-of-glass-transparent-honey-dippe-for-jam-syrup-and-other-viscose-liquids-portable-stirrer-for-household-and-beekeeping\/"]}]},{"@type":"ImageObject","inLanguage":"de","@id":"https:\/\/purehivehoney.com\/de\/product\/valiclud-honey-stirring-rod-made-of-glass-transparent-honey-dippe-for-jam-syrup-and-other-viscose-liquids-portable-stirrer-for-household-and-beekeeping\/#primaryimage","url":"https:\/\/purehivehoney.com\/de\/wp-content\/uploads\/2026\/04\/51gbTQqDPiL._AC_SL1500_.jpg","contentUrl":"https:\/\/purehivehoney.com\/de\/wp-content\/uploads\/2026\/04\/51gbTQqDPiL._AC_SL1500_.jpg","width":1339,"height":1500},{"@type":"BreadcrumbList","@id":"https:\/\/purehivehoney.com\/de\/product\/valiclud-honey-stirring-rod-made-of-glass-transparent-honey-dippe-for-jam-syrup-and-other-viscose-liquids-portable-stirrer-for-household-and-beekeeping\/#breadcrumb","itemListElement":[{"@type":"ListItem","position":1,"name":"Home","item":"https:\/\/purehivehoney.com\/de\/"},{"@type":"ListItem","position":2,"name":"Shop","item":"https:\/\/purehivehoney.com\/de\/shop\/"},{"@type":"ListItem","position":3,"name":"VALICLUD Honey Stirring Rod Made of..."}]},{"@type":"WebSite","@id":"https:\/\/purehivehoney.com\/de\/#website","url":"https:\/\/purehivehoney.com\/de\/","name":"PureHiveHoney","description":"Reiner Honig &amp; Bienenprodukte Online | Rohhonig, Bio Honig &amp; Spezialhonig","publisher":{"@id":"https:\/\/purehivehoney.com\/de\/#organization"},"potentialAction":[{"@type":"SearchAction","target":{"@type":"EntryPoint","urlTemplate":"https:\/\/purehivehoney.com\/de\/?s={search_term_string}"},"query-input":{"@type":"PropertyValueSpecification","valueRequired":true,"valueName":"search_term_string"}}],"inLanguage":"de"},{"@type":"Organization","@id":"https:\/\/purehivehoney.com\/de\/#organization","name":"PureHiveHoney","url":"https:\/\/purehivehoney.com\/de\/","logo":{"@type":"ImageObject","inLanguage":"de","@id":"https:\/\/purehivehoney.com\/de\/#\/schema\/logo\/image\/","url":"https:\/\/purehivehoney.com\/de\/wp-content\/uploads\/2026\/03\/Screenshot-2026-03-16-at-1.06.01-AM.png","contentUrl":"https:\/\/purehivehoney.com\/de\/wp-content\/uploads\/2026\/03\/Screenshot-2026-03-16-at-1.06.01-AM.png","width":2112,"height":1086,"caption":"PureHiveHoney"},"image":{"@id":"https:\/\/purehivehoney.com\/de\/#\/schema\/logo\/image\/"}}]}},"_links":{"self":[{"href":"https:\/\/purehivehoney.com\/de\/wp-json\/wp\/v2\/product\/2795","targetHints":{"allow":["GET"]}}],"collection":[{"href":"https:\/\/purehivehoney.com\/de\/wp-json\/wp\/v2\/product"}],"about":[{"href":"https:\/\/purehivehoney.com\/de\/wp-json\/wp\/v2\/types\/product"}],"replies":[{"embeddable":true,"href":"https:\/\/purehivehoney.com\/de\/wp-json\/wp\/v2\/comments?post=2795"}],"wp:featuredmedia":[{"embeddable":true,"href":"https:\/\/purehivehoney.com\/de\/wp-json\/wp\/v2\/media\/2796"}],"wp:attachment":[{"href":"https:\/\/purehivehoney.com\/de\/wp-json\/wp\/v2\/media?parent=2795"}],"wp:term":[{"taxonomy":"store","embeddable":true,"href":"https:\/\/purehivehoney.com\/de\/wp-json\/wp\/v2\/store?post=2795"},{"taxonomy":"product_brand","embeddable":true,"href":"https:\/\/purehivehoney.com\/de\/wp-json\/wp\/v2\/product_brand?post=2795"},{"taxonomy":"product_cat","embeddable":true,"href":"https:\/\/purehivehoney.com\/de\/wp-json\/wp\/v2\/product_cat?post=2795"},{"taxonomy":"product_tag","embeddable":true,"href":"https:\/\/purehivehoney.com\/de\/wp-json\/wp\/v2\/product_tag?post=2795"}],"curies":[{"name":"wp","href":"https:\/\/api.w.org\/{rel}","templated":true}]}}