{"id":2768,"date":"2026-04-08T08:23:49","date_gmt":"2026-04-08T08:23:49","guid":{"rendered":"https:\/\/purehivehoney.com\/de\/product\/mini-honigglaeser-partyzubehoer-425-ml-kleine-sechseckige-glas-honigglaeser-mit-loeffeln-deckeln-goldtueten-bienen-charms-dankeskarten-jute-niedliche-aufkleber-fuer-hochzeitsfeiern-8\/"},"modified":"2026-04-08T08:24:00","modified_gmt":"2026-04-08T08:24:00","slug":"mini-honigglaeser-partyzubehoer-425-ml-kleine-sechseckige-glas-honigglaeser-mit-loeffeln-deckeln-goldtueten-bienen-charms-dankeskarten-jute-niedliche-aufkleber-fuer-hochzeitsfeiern-8","status":"publish","type":"product","link":"https:\/\/purehivehoney.com\/de\/product\/mini-honigglaeser-partyzubehoer-425-ml-kleine-sechseckige-glas-honigglaeser-mit-loeffeln-deckeln-goldtueten-bienen-charms-dankeskarten-jute-niedliche-aufkleber-fuer-hochzeitsfeiern-8\/","title":{"rendered":"Mini-Honiggl\u00e4ser, Partyzubeh\u00f6r, 4..."},"content":{"rendered":"<p>    <span>GIVAMEIHF Mini-Honiggl\u00e4ser, sechseckig, mit L\u00f6ffel, goldfarbener Deckel, Bienen-Anh\u00e4nger, goldene Geschenkt\u00fcten, Seil, Dankesch\u00f6n-Etiketten, Glas-Honiggl\u00e4ser mit Deckel, Babyparty, Hochzeitsgeschenke, Partygeschenke, 42,5 ml<\/span>    <br \/>Set beinhaltet: Sie erhalten 8 Mini-Honiggl\u00e4ser, 8 goldene Deckel, 8 Holzl\u00f6ffel, 8 goldene Bienen-Anh\u00e4nger, 8 goldene Geschenkt\u00fcten, 8 Etiketten, 8 Aufkleber, Schnur<br \/>Sicheres und zuverl\u00e4ssiges Material: Diese kleinen Honiggl\u00e4ser mit Deckel sind aus hochwertigem Glas in Lebensmittelqualit\u00e4t, BPA-frei und bleifrei, das st\u00e4rker und langlebiger ist. Die transparenten Glasgl\u00e4ser sind elegant gestaltet, sodass Sie den Inhalt deutlich unterscheiden k\u00f6nnen. Sie sind sp\u00fclmaschinenfest. 42,5 ml Honigspender zur Aufbewahrung von Honig, Marmelade, S\u00fc\u00dfigkeiten, Gelee, Kerzenornamenten oder anderen<br \/>Auslaufsicherer Metalldeckel: Diese Mini-Gl\u00e4ser mit Deckel sind mit Metalldeckel mit Gewinde ausgestattet. Der Deckel schlie\u00dft sch\u00f6n und dicht ab. Honiggl\u00e4ser in gro\u00dfen Mengen sind luftdicht. Wenn Sie darauf achten, den Deckel richtig festzuziehen, schlie\u00dfen die Honiggl\u00e4ser mit Deckel sehr fest und sicher und laufen nicht aus, was eine bessere Aufbewahrung von Honig erm\u00f6glicht. Honigglas mit Deckel, wiederverwendbare Marmeladengl\u00e4ser zum Ersetzen von Einwegbeh\u00e4ltern. Sparen Sie Zeit und halten Sie Ihre Zeit. the mess away<br \/>Niedliches Geschenk: Diese niedlichen Honiggl\u00e4ser mit L\u00f6ffeln sind sehr zart und praktisch, mit einem kompletten Zubeh\u00f6r-Set, um Ihnen das Ausgeben von zus\u00e4tzlichem Geld zu sparen. Unser sechseckiges Honigglas-Set kann Ihre Bed\u00fcrfnisse f\u00fcr Babypartys, Hochzeitsfeiern, Geburtstagsfeiern, Teddyb\u00e4r-Mottopartys, Bienen-Themenpartys und mehr erf\u00fcllen. Sie sind sehr kreative Geschenke und sind auch das perfekte Geschenk f\u00fcr Einweihungsfeiern, Weihnachten, Erntedankfest und andere Feiertage oder Jubil\u00e4en. Dieses Mini-Honigglas-Set f\u00fcr Partygeschenke kann auch f\u00fcr Bastelarbeiten verwendet werden, die f\u00fcr Heim-, Kunst- oder Party-Dekorationen verwendet werden<br \/>Sorgenfrei nach dem Verkauf: Dieses Set aus 60-teiligen kleinen Honiggl\u00e4sern ist in einem dicken Karton verpackt, um sicherzustellen, dass die Mini-Gl\u00e4ser, die Sie erhalten, nicht besch\u00e4digt werden. Wenn Sie nach Erhalt des Honigglas-Sets oder w\u00e4hrend des Gebrauchs Unzufriedenheit haben, z\u00f6gern Sie nicht, uns zu kontaktieren, GIVAMEIHF wird alle Probleme f\u00fcr Sie l\u00f6sen<\/p>\n\n","protected":false},"excerpt":{"rendered":"<p>GIVAMEIHF Mini-Honiggl\u00e4ser, sechseckig, mit L\u00f6ffel, goldfarbener Deckel, Bienen-Anh\u00e4nger, goldene Geschenkt\u00fcten, Seil, Dankesch\u00f6n-Etiketten, Glas-Honiggl\u00e4ser mit Deckel, Babyparty, Hochzeitsgeschenke, Partygeschenke, 42,5 ml Set beinhaltet: Sie erhalten 8 Mini-Honiggl\u00e4ser, 8 goldene Deckel, 8 Holzl\u00f6ffel, 8 goldene Bienen-Anh\u00e4nger, 8 goldene Geschenkt\u00fcten, 8 Etiketten, 8 Aufkleber, SchnurSicheres und zuverl\u00e4ssiges Material: Diese kleinen Honiggl\u00e4ser mit Deckel sind aus hochwertigem Glas in [&hellip;]<\/p>\n","protected":false},"featured_media":2769,"comment_status":"open","ping_status":"closed","template":"","meta":{"_aipt_faq_data":""},"store":[],"product_brand":[253],"product_cat":[71],"product_tag":[342],"class_list":{"0":"post-2768","1":"product","2":"type-product","3":"status-publish","4":"has-post-thumbnail","6":"product_brand-givameihf","7":"product_cat-honig-sortiment-sets","8":"product_tag-honig-sortiment-sets-geschenk","10":"first","11":"instock","12":"shipping-taxable","13":"product-type-external"},"yoast_head":"<!-- This site is optimized with the Yoast SEO plugin v27.4 - https:\/\/yoast.com\/product\/yoast-seo-wordpress\/ -->\n<title>Mini-Honiggl\u00e4ser, Partyzubeh\u00f6r, 42,5 ml, kleine sechseckige Glas-Honiggl\u00e4ser mit L\u00f6ffeln, Deckeln, Goldt\u00fcten, Bienen-Charms, Dankeskarten, Jute, niedliche Aufkleber f\u00fcr Hochzeitsfeiern, 8 - PureHiveHoney<\/title>\n<meta name=\"description\" content=\"Entdecken Sie hochwertigen Rohhonig, Bio Honig, Manuka Honig und nat\u00fcrliche Bienenprodukte. PureHiveHoney hilft Ihnen dabei, sorgf\u00e4ltig ausgew\u00e4hlte Honigsorten mit nat\u00fcrlicher Qualit\u00e4t und Reinheit zu entdecken.\" \/>\n<meta name=\"robots\" content=\"index, follow, max-snippet:-1, max-image-preview:large, max-video-preview:-1\" \/>\n<link rel=\"canonical\" href=\"https:\/\/purehivehoney.com\/de\/product\/mini-honigglaeser-partyzubehoer-425-ml-kleine-sechseckige-glas-honigglaeser-mit-loeffeln-deckeln-goldtueten-bienen-charms-dankeskarten-jute-niedliche-aufkleber-fuer-hochzeitsfeiern-8\/\" \/>\n<meta property=\"og:locale\" content=\"de_DE\" \/>\n<meta property=\"og:type\" content=\"article\" \/>\n<meta property=\"og:title\" content=\"Mini-Honiggl\u00e4ser, Partyzubeh\u00f6r, 42,5 ml, kleine sechseckige Glas-Honiggl\u00e4ser mit L\u00f6ffeln, Deckeln, Goldt\u00fcten, Bienen-Charms, Dankeskarten, Jute, niedliche Aufkleber f\u00fcr Hochzeitsfeiern, 8 - PureHiveHoney\" \/>\n<meta property=\"og:description\" content=\"Entdecken Sie hochwertigen Rohhonig, Bio Honig, Manuka Honig und nat\u00fcrliche Bienenprodukte. PureHiveHoney hilft Ihnen dabei, sorgf\u00e4ltig ausgew\u00e4hlte Honigsorten mit nat\u00fcrlicher Qualit\u00e4t und Reinheit zu entdecken.\" \/>\n<meta property=\"og:url\" content=\"https:\/\/purehivehoney.com\/de\/product\/mini-honigglaeser-partyzubehoer-425-ml-kleine-sechseckige-glas-honigglaeser-mit-loeffeln-deckeln-goldtueten-bienen-charms-dankeskarten-jute-niedliche-aufkleber-fuer-hochzeitsfeiern-8\/\" \/>\n<meta property=\"og:site_name\" content=\"PureHiveHoney\" \/>\n<meta property=\"article:modified_time\" content=\"2026-04-08T08:24:00+00:00\" \/>\n<meta name=\"twitter:card\" content=\"summary_large_image\" \/>\n<meta name=\"twitter:label1\" content=\"Gesch\u00e4tzte Lesezeit\" \/>\n\t<meta name=\"twitter:data1\" content=\"2\u00a0Minuten\" \/>\n<script type=\"application\/ld+json\" class=\"yoast-schema-graph\">{\"@context\":\"https:\\\/\\\/schema.org\",\"@graph\":[{\"@type\":\"WebPage\",\"@id\":\"https:\\\/\\\/purehivehoney.com\\\/de\\\/product\\\/mini-honigglaeser-partyzubehoer-425-ml-kleine-sechseckige-glas-honigglaeser-mit-loeffeln-deckeln-goldtueten-bienen-charms-dankeskarten-jute-niedliche-aufkleber-fuer-hochzeitsfeiern-8\\\/\",\"url\":\"https:\\\/\\\/purehivehoney.com\\\/de\\\/product\\\/mini-honigglaeser-partyzubehoer-425-ml-kleine-sechseckige-glas-honigglaeser-mit-loeffeln-deckeln-goldtueten-bienen-charms-dankeskarten-jute-niedliche-aufkleber-fuer-hochzeitsfeiern-8\\\/\",\"name\":\"Mini-Honiggl\u00e4ser, Partyzubeh\u00f6r, 42,5 ml, kleine sechseckige Glas-Honiggl\u00e4ser mit L\u00f6ffeln, Deckeln, Goldt\u00fcten, Bienen-Charms, Dankeskarten, Jute, niedliche Aufkleber f\u00fcr Hochzeitsfeiern, 8 - PureHiveHoney\",\"isPartOf\":{\"@id\":\"https:\\\/\\\/purehivehoney.com\\\/de\\\/#website\"},\"primaryImageOfPage\":{\"@id\":\"https:\\\/\\\/purehivehoney.com\\\/de\\\/product\\\/mini-honigglaeser-partyzubehoer-425-ml-kleine-sechseckige-glas-honigglaeser-mit-loeffeln-deckeln-goldtueten-bienen-charms-dankeskarten-jute-niedliche-aufkleber-fuer-hochzeitsfeiern-8\\\/#primaryimage\"},\"image\":{\"@id\":\"https:\\\/\\\/purehivehoney.com\\\/de\\\/product\\\/mini-honigglaeser-partyzubehoer-425-ml-kleine-sechseckige-glas-honigglaeser-mit-loeffeln-deckeln-goldtueten-bienen-charms-dankeskarten-jute-niedliche-aufkleber-fuer-hochzeitsfeiern-8\\\/#primaryimage\"},\"thumbnailUrl\":\"https:\\\/\\\/purehivehoney.com\\\/de\\\/wp-content\\\/uploads\\\/2026\\\/04\\\/81gbKu0-IgL._AC_SL1500_.jpg\",\"datePublished\":\"2026-04-08T08:23:49+00:00\",\"dateModified\":\"2026-04-08T08:24:00+00:00\",\"description\":\"Entdecken Sie hochwertigen Rohhonig, Bio Honig, Manuka Honig und nat\u00fcrliche Bienenprodukte. PureHiveHoney hilft Ihnen dabei, sorgf\u00e4ltig ausgew\u00e4hlte Honigsorten mit nat\u00fcrlicher Qualit\u00e4t und Reinheit zu entdecken.\",\"breadcrumb\":{\"@id\":\"https:\\\/\\\/purehivehoney.com\\\/de\\\/product\\\/mini-honigglaeser-partyzubehoer-425-ml-kleine-sechseckige-glas-honigglaeser-mit-loeffeln-deckeln-goldtueten-bienen-charms-dankeskarten-jute-niedliche-aufkleber-fuer-hochzeitsfeiern-8\\\/#breadcrumb\"},\"inLanguage\":\"de\",\"potentialAction\":[{\"@type\":\"ReadAction\",\"target\":[\"https:\\\/\\\/purehivehoney.com\\\/de\\\/product\\\/mini-honigglaeser-partyzubehoer-425-ml-kleine-sechseckige-glas-honigglaeser-mit-loeffeln-deckeln-goldtueten-bienen-charms-dankeskarten-jute-niedliche-aufkleber-fuer-hochzeitsfeiern-8\\\/\"]}]},{\"@type\":\"ImageObject\",\"inLanguage\":\"de\",\"@id\":\"https:\\\/\\\/purehivehoney.com\\\/de\\\/product\\\/mini-honigglaeser-partyzubehoer-425-ml-kleine-sechseckige-glas-honigglaeser-mit-loeffeln-deckeln-goldtueten-bienen-charms-dankeskarten-jute-niedliche-aufkleber-fuer-hochzeitsfeiern-8\\\/#primaryimage\",\"url\":\"https:\\\/\\\/purehivehoney.com\\\/de\\\/wp-content\\\/uploads\\\/2026\\\/04\\\/81gbKu0-IgL._AC_SL1500_.jpg\",\"contentUrl\":\"https:\\\/\\\/purehivehoney.com\\\/de\\\/wp-content\\\/uploads\\\/2026\\\/04\\\/81gbKu0-IgL._AC_SL1500_.jpg\",\"width\":1500,\"height\":1472},{\"@type\":\"BreadcrumbList\",\"@id\":\"https:\\\/\\\/purehivehoney.com\\\/de\\\/product\\\/mini-honigglaeser-partyzubehoer-425-ml-kleine-sechseckige-glas-honigglaeser-mit-loeffeln-deckeln-goldtueten-bienen-charms-dankeskarten-jute-niedliche-aufkleber-fuer-hochzeitsfeiern-8\\\/#breadcrumb\",\"itemListElement\":[{\"@type\":\"ListItem\",\"position\":1,\"name\":\"Home\",\"item\":\"https:\\\/\\\/purehivehoney.com\\\/de\\\/\"},{\"@type\":\"ListItem\",\"position\":2,\"name\":\"Shop\",\"item\":\"https:\\\/\\\/purehivehoney.com\\\/de\\\/shop\\\/\"},{\"@type\":\"ListItem\",\"position\":3,\"name\":\"Mini-Honiggl\u00e4ser, Partyzubeh\u00f6r, 4...\"}]},{\"@type\":\"WebSite\",\"@id\":\"https:\\\/\\\/purehivehoney.com\\\/de\\\/#website\",\"url\":\"https:\\\/\\\/purehivehoney.com\\\/de\\\/\",\"name\":\"PureHiveHoney\",\"description\":\"Reiner Honig &amp; Bienenprodukte Online | Rohhonig, Bio Honig &amp; Spezialhonig\",\"publisher\":{\"@id\":\"https:\\\/\\\/purehivehoney.com\\\/de\\\/#organization\"},\"potentialAction\":[{\"@type\":\"SearchAction\",\"target\":{\"@type\":\"EntryPoint\",\"urlTemplate\":\"https:\\\/\\\/purehivehoney.com\\\/de\\\/?s={search_term_string}\"},\"query-input\":{\"@type\":\"PropertyValueSpecification\",\"valueRequired\":true,\"valueName\":\"search_term_string\"}}],\"inLanguage\":\"de\"},{\"@type\":\"Organization\",\"@id\":\"https:\\\/\\\/purehivehoney.com\\\/de\\\/#organization\",\"name\":\"PureHiveHoney\",\"url\":\"https:\\\/\\\/purehivehoney.com\\\/de\\\/\",\"logo\":{\"@type\":\"ImageObject\",\"inLanguage\":\"de\",\"@id\":\"https:\\\/\\\/purehivehoney.com\\\/de\\\/#\\\/schema\\\/logo\\\/image\\\/\",\"url\":\"https:\\\/\\\/purehivehoney.com\\\/de\\\/wp-content\\\/uploads\\\/2026\\\/03\\\/Screenshot-2026-03-16-at-1.06.01-AM.png\",\"contentUrl\":\"https:\\\/\\\/purehivehoney.com\\\/de\\\/wp-content\\\/uploads\\\/2026\\\/03\\\/Screenshot-2026-03-16-at-1.06.01-AM.png\",\"width\":2112,\"height\":1086,\"caption\":\"PureHiveHoney\"},\"image\":{\"@id\":\"https:\\\/\\\/purehivehoney.com\\\/de\\\/#\\\/schema\\\/logo\\\/image\\\/\"}}]}<\/script>\n<!-- \/ Yoast SEO plugin. -->","yoast_head_json":{"title":"Mini-Honiggl\u00e4ser, Partyzubeh\u00f6r, 42,5 ml, kleine sechseckige Glas-Honiggl\u00e4ser mit L\u00f6ffeln, Deckeln, Goldt\u00fcten, Bienen-Charms, Dankeskarten, Jute, niedliche Aufkleber f\u00fcr Hochzeitsfeiern, 8 - PureHiveHoney","description":"Entdecken Sie hochwertigen Rohhonig, Bio Honig, Manuka Honig und nat\u00fcrliche Bienenprodukte. PureHiveHoney hilft Ihnen dabei, sorgf\u00e4ltig ausgew\u00e4hlte Honigsorten mit nat\u00fcrlicher Qualit\u00e4t und Reinheit zu entdecken.","robots":{"index":"index","follow":"follow","max-snippet":"max-snippet:-1","max-image-preview":"max-image-preview:large","max-video-preview":"max-video-preview:-1"},"canonical":"https:\/\/purehivehoney.com\/de\/product\/mini-honigglaeser-partyzubehoer-425-ml-kleine-sechseckige-glas-honigglaeser-mit-loeffeln-deckeln-goldtueten-bienen-charms-dankeskarten-jute-niedliche-aufkleber-fuer-hochzeitsfeiern-8\/","og_locale":"de_DE","og_type":"article","og_title":"Mini-Honiggl\u00e4ser, Partyzubeh\u00f6r, 42,5 ml, kleine sechseckige Glas-Honiggl\u00e4ser mit L\u00f6ffeln, Deckeln, Goldt\u00fcten, Bienen-Charms, Dankeskarten, Jute, niedliche Aufkleber f\u00fcr Hochzeitsfeiern, 8 - PureHiveHoney","og_description":"Entdecken Sie hochwertigen Rohhonig, Bio Honig, Manuka Honig und nat\u00fcrliche Bienenprodukte. PureHiveHoney hilft Ihnen dabei, sorgf\u00e4ltig ausgew\u00e4hlte Honigsorten mit nat\u00fcrlicher Qualit\u00e4t und Reinheit zu entdecken.","og_url":"https:\/\/purehivehoney.com\/de\/product\/mini-honigglaeser-partyzubehoer-425-ml-kleine-sechseckige-glas-honigglaeser-mit-loeffeln-deckeln-goldtueten-bienen-charms-dankeskarten-jute-niedliche-aufkleber-fuer-hochzeitsfeiern-8\/","og_site_name":"PureHiveHoney","article_modified_time":"2026-04-08T08:24:00+00:00","twitter_card":"summary_large_image","twitter_misc":{"Gesch\u00e4tzte Lesezeit":"2\u00a0Minuten"},"schema":{"@context":"https:\/\/schema.org","@graph":[{"@type":"WebPage","@id":"https:\/\/purehivehoney.com\/de\/product\/mini-honigglaeser-partyzubehoer-425-ml-kleine-sechseckige-glas-honigglaeser-mit-loeffeln-deckeln-goldtueten-bienen-charms-dankeskarten-jute-niedliche-aufkleber-fuer-hochzeitsfeiern-8\/","url":"https:\/\/purehivehoney.com\/de\/product\/mini-honigglaeser-partyzubehoer-425-ml-kleine-sechseckige-glas-honigglaeser-mit-loeffeln-deckeln-goldtueten-bienen-charms-dankeskarten-jute-niedliche-aufkleber-fuer-hochzeitsfeiern-8\/","name":"Mini-Honiggl\u00e4ser, Partyzubeh\u00f6r, 42,5 ml, kleine sechseckige Glas-Honiggl\u00e4ser mit L\u00f6ffeln, Deckeln, Goldt\u00fcten, Bienen-Charms, Dankeskarten, Jute, niedliche Aufkleber f\u00fcr Hochzeitsfeiern, 8 - PureHiveHoney","isPartOf":{"@id":"https:\/\/purehivehoney.com\/de\/#website"},"primaryImageOfPage":{"@id":"https:\/\/purehivehoney.com\/de\/product\/mini-honigglaeser-partyzubehoer-425-ml-kleine-sechseckige-glas-honigglaeser-mit-loeffeln-deckeln-goldtueten-bienen-charms-dankeskarten-jute-niedliche-aufkleber-fuer-hochzeitsfeiern-8\/#primaryimage"},"image":{"@id":"https:\/\/purehivehoney.com\/de\/product\/mini-honigglaeser-partyzubehoer-425-ml-kleine-sechseckige-glas-honigglaeser-mit-loeffeln-deckeln-goldtueten-bienen-charms-dankeskarten-jute-niedliche-aufkleber-fuer-hochzeitsfeiern-8\/#primaryimage"},"thumbnailUrl":"https:\/\/purehivehoney.com\/de\/wp-content\/uploads\/2026\/04\/81gbKu0-IgL._AC_SL1500_.jpg","datePublished":"2026-04-08T08:23:49+00:00","dateModified":"2026-04-08T08:24:00+00:00","description":"Entdecken Sie hochwertigen Rohhonig, Bio Honig, Manuka Honig und nat\u00fcrliche Bienenprodukte. PureHiveHoney hilft Ihnen dabei, sorgf\u00e4ltig ausgew\u00e4hlte Honigsorten mit nat\u00fcrlicher Qualit\u00e4t und Reinheit zu entdecken.","breadcrumb":{"@id":"https:\/\/purehivehoney.com\/de\/product\/mini-honigglaeser-partyzubehoer-425-ml-kleine-sechseckige-glas-honigglaeser-mit-loeffeln-deckeln-goldtueten-bienen-charms-dankeskarten-jute-niedliche-aufkleber-fuer-hochzeitsfeiern-8\/#breadcrumb"},"inLanguage":"de","potentialAction":[{"@type":"ReadAction","target":["https:\/\/purehivehoney.com\/de\/product\/mini-honigglaeser-partyzubehoer-425-ml-kleine-sechseckige-glas-honigglaeser-mit-loeffeln-deckeln-goldtueten-bienen-charms-dankeskarten-jute-niedliche-aufkleber-fuer-hochzeitsfeiern-8\/"]}]},{"@type":"ImageObject","inLanguage":"de","@id":"https:\/\/purehivehoney.com\/de\/product\/mini-honigglaeser-partyzubehoer-425-ml-kleine-sechseckige-glas-honigglaeser-mit-loeffeln-deckeln-goldtueten-bienen-charms-dankeskarten-jute-niedliche-aufkleber-fuer-hochzeitsfeiern-8\/#primaryimage","url":"https:\/\/purehivehoney.com\/de\/wp-content\/uploads\/2026\/04\/81gbKu0-IgL._AC_SL1500_.jpg","contentUrl":"https:\/\/purehivehoney.com\/de\/wp-content\/uploads\/2026\/04\/81gbKu0-IgL._AC_SL1500_.jpg","width":1500,"height":1472},{"@type":"BreadcrumbList","@id":"https:\/\/purehivehoney.com\/de\/product\/mini-honigglaeser-partyzubehoer-425-ml-kleine-sechseckige-glas-honigglaeser-mit-loeffeln-deckeln-goldtueten-bienen-charms-dankeskarten-jute-niedliche-aufkleber-fuer-hochzeitsfeiern-8\/#breadcrumb","itemListElement":[{"@type":"ListItem","position":1,"name":"Home","item":"https:\/\/purehivehoney.com\/de\/"},{"@type":"ListItem","position":2,"name":"Shop","item":"https:\/\/purehivehoney.com\/de\/shop\/"},{"@type":"ListItem","position":3,"name":"Mini-Honiggl\u00e4ser, Partyzubeh\u00f6r, 4..."}]},{"@type":"WebSite","@id":"https:\/\/purehivehoney.com\/de\/#website","url":"https:\/\/purehivehoney.com\/de\/","name":"PureHiveHoney","description":"Reiner Honig &amp; Bienenprodukte Online | Rohhonig, Bio Honig &amp; Spezialhonig","publisher":{"@id":"https:\/\/purehivehoney.com\/de\/#organization"},"potentialAction":[{"@type":"SearchAction","target":{"@type":"EntryPoint","urlTemplate":"https:\/\/purehivehoney.com\/de\/?s={search_term_string}"},"query-input":{"@type":"PropertyValueSpecification","valueRequired":true,"valueName":"search_term_string"}}],"inLanguage":"de"},{"@type":"Organization","@id":"https:\/\/purehivehoney.com\/de\/#organization","name":"PureHiveHoney","url":"https:\/\/purehivehoney.com\/de\/","logo":{"@type":"ImageObject","inLanguage":"de","@id":"https:\/\/purehivehoney.com\/de\/#\/schema\/logo\/image\/","url":"https:\/\/purehivehoney.com\/de\/wp-content\/uploads\/2026\/03\/Screenshot-2026-03-16-at-1.06.01-AM.png","contentUrl":"https:\/\/purehivehoney.com\/de\/wp-content\/uploads\/2026\/03\/Screenshot-2026-03-16-at-1.06.01-AM.png","width":2112,"height":1086,"caption":"PureHiveHoney"},"image":{"@id":"https:\/\/purehivehoney.com\/de\/#\/schema\/logo\/image\/"}}]}},"_links":{"self":[{"href":"https:\/\/purehivehoney.com\/de\/wp-json\/wp\/v2\/product\/2768","targetHints":{"allow":["GET"]}}],"collection":[{"href":"https:\/\/purehivehoney.com\/de\/wp-json\/wp\/v2\/product"}],"about":[{"href":"https:\/\/purehivehoney.com\/de\/wp-json\/wp\/v2\/types\/product"}],"replies":[{"embeddable":true,"href":"https:\/\/purehivehoney.com\/de\/wp-json\/wp\/v2\/comments?post=2768"}],"wp:featuredmedia":[{"embeddable":true,"href":"https:\/\/purehivehoney.com\/de\/wp-json\/wp\/v2\/media\/2769"}],"wp:attachment":[{"href":"https:\/\/purehivehoney.com\/de\/wp-json\/wp\/v2\/media?parent=2768"}],"wp:term":[{"taxonomy":"store","embeddable":true,"href":"https:\/\/purehivehoney.com\/de\/wp-json\/wp\/v2\/store?post=2768"},{"taxonomy":"product_brand","embeddable":true,"href":"https:\/\/purehivehoney.com\/de\/wp-json\/wp\/v2\/product_brand?post=2768"},{"taxonomy":"product_cat","embeddable":true,"href":"https:\/\/purehivehoney.com\/de\/wp-json\/wp\/v2\/product_cat?post=2768"},{"taxonomy":"product_tag","embeddable":true,"href":"https:\/\/purehivehoney.com\/de\/wp-json\/wp\/v2\/product_tag?post=2768"}],"curies":[{"name":"wp","href":"https:\/\/api.w.org\/{rel}","templated":true}]}}