{"id":2758,"date":"2026-04-06T15:42:29","date_gmt":"2026-04-06T15:42:29","guid":{"rendered":"https:\/\/purehivehoney.com\/de\/product\/jeena-sikho-hridya-pflegesaft-ayurvedischer-herzsaft-mit-immunitaet-stoffwechselvorteilen-kraeutertonikum-fuer-herz-500-ml-2-stueck\/"},"modified":"2026-04-06T15:42:59","modified_gmt":"2026-04-06T15:42:59","slug":"jeena-sikho-hridya-pflegesaft-ayurvedischer-herzsaft-mit-immunitaet-stoffwechselvorteilen-kraeutertonikum-fuer-herz-500-ml-2-stueck","status":"publish","type":"product","link":"https:\/\/purehivehoney.com\/de\/product\/jeena-sikho-hridya-pflegesaft-ayurvedischer-herzsaft-mit-immunitaet-stoffwechselvorteilen-kraeutertonikum-fuer-herz-500-ml-2-stueck\/","title":{"rendered":"Jeena Sikho Hridya Pflegesaft | Ayu..."},"content":{"rendered":"<p>    <span>Jeena Sikho Hridya Care ist ein nat\u00fcrlicher Saft mit magischen Kr\u00e4utern wie trockenem Ingwer, Knoblauch, Amla, Honig und Dalchini, die zur Verbesserung der Herzgesundheit und des allgemeinen Stoffwechsels beitragen k\u00f6nnen. Die Kr\u00e4uter werden gealtert und kombiniert, um ihre Eigenschaften zu maximieren, und arbeiten an bestimmten Problemen wie Blutdruck, Cholesterin, Durchblutung, Schmerzen und Schwellungen. Frei von Chemikalien, bietet dieser ayurvedische Saft bemerkenswerte Vorteile bei Personen, die eine gute Herzgesundheit und allgemeine Verbesserungen suchen. Anwendung: Morgens und abends oder nach Anweisung eines Ayurveda-Arztes 20ml des Sirups in lauwarmem oder frischem Wasser auf n\u00fcchternen Magen einnehmen. Halten Sie eine 30-min\u00fctige L\u00fccke ein, bevor Sie Ihre n\u00e4chste Mahlzeit oder Ihr n\u00e4chstes Getr\u00e4nk zu sich nehmen. Bewahren Sie das Produkt au\u00dferhalb der Reichweite von Kindern auf, und schwangere oder stillende Frauen sollten es nur unter \u00e4rztlicher Aufsicht verwenden.<\/span>    <br \/> Product Dimensions                                            \u200f                                            :                                            \u200e                                            10 x 10 x 10 cm; 1 kg   <br \/> Manufacturer                                            \u200f                                            :                                            \u200e                                            The Unati Co-Operative Marketing Cum Processing Society Ltd.   <br \/> ASIN                                            \u200f                                            :                                            \u200e                                            B0G3G724TZ   <br \/> Manufacturer reference                                            \u200f                                            :                                            \u200e                                            JSSH0747   <br \/>INGINGER &#8211; Ingwer ist bekannt f\u00fcr seine Eigenschaften zur Linderung von Bl\u00e4hungen, Bl\u00e4hungen und \u00dcbelkeit. Es hilft, Gelenkschmerzen und Schwellungen zu minimieren. Ingwer bek\u00e4mpft Infektionen und st\u00e4rkt das Immunsystem, f\u00f6rdert eine gesunde Durchblutung und verbessert die Herzgesundheit. Ingwer hilft auch, den K\u00f6rper vor Husten, Erk\u00e4ltungen und saisonaler Grippe zu sch\u00fctzen.<br \/>KNOBLAUCH \u2013 Knoblauch wird seit Jahren verwendet, um die Herzgesundheit zu verbessern. Es hilft, den Cholesterinspiegel und eine gesunde Durchblutung zu kontrollieren. Die antiviralen Eigenschaften von Knoblauch helfen bei der Bek\u00e4mpfung von Infektionen und reinigen das Blut. Es verbessert auch die Immunit\u00e4t und die innere Entgiftung.<br \/>Amla: Amla ist eine vielseitige Frucht, die reich an Vitamin C ist. Es st\u00e4rkt die Immunit\u00e4t, verbessert die Verdauung und entgiftet die Leber, was dem Haarwachstum und einer besseren Hautgesundheit beitr\u00e4gt. Amla steigert den Stoffwechsel, das Gewichtsmanagement und kontrolliert den Blutzucker. Die magische Frucht enth\u00e4lt Eigenschaften, um alle drei Doshas, Vata, Pitta und Kapha auszugleichen.<br \/>HONIG &#8211; Honig ist bekannt als nat\u00fcrlicher Immunit\u00e4tsbauer. Es hilft, das Energieniveau zu verbessern und den Hals zu beruhigen, Husten und Erk\u00e4ltung zu beseitigen. Die nat\u00fcrlichen Eigenschaften von Honig tragen dazu bei, die Darmgesundheit zu erhalten und das Kapha-Dosha auszugleichen.<br \/>Dalchini &#8211; Ein ayurvedisches Kraut, das Eigenschaften hat, um Vata &#038; Kapha Doshas auszugleichen. Es hilft, den Stoffwechsel zu verbessern und das Gewicht zu kontrollieren. Dalchini wird h\u00e4ufig als Antioxidans verwendet, das hilft, den Alterungsprozess zu verlangsamen.<\/p>\n\n","protected":false},"excerpt":{"rendered":"<p>Jeena Sikho Hridya Care ist ein nat\u00fcrlicher Saft mit magischen Kr\u00e4utern wie trockenem Ingwer, Knoblauch, Amla, Honig und Dalchini, die zur Verbesserung der Herzgesundheit und des allgemeinen Stoffwechsels beitragen k\u00f6nnen. Die Kr\u00e4uter werden gealtert und kombiniert, um ihre Eigenschaften zu maximieren, und arbeiten an bestimmten Problemen wie Blutdruck, Cholesterin, Durchblutung, Schmerzen und Schwellungen. Frei von [&hellip;]<\/p>\n","protected":false},"featured_media":2759,"comment_status":"open","ping_status":"closed","template":"","meta":{"_aipt_faq_data":""},"store":[],"product_brand":[355],"product_cat":[61],"product_tag":[142],"class_list":{"0":"post-2758","1":"product","2":"type-product","3":"status-publish","4":"has-post-thumbnail","6":"product_brand-jeena-sikho","7":"product_cat-honig-gegen-halsschmerzen","8":"product_tag-honig-gegen-halsschmerzen-mit-ingwer","10":"first","11":"instock","12":"shipping-taxable","13":"product-type-external"},"yoast_head":"<!-- This site is optimized with the Yoast SEO plugin v27.4 - https:\/\/yoast.com\/product\/yoast-seo-wordpress\/ -->\n<title>Jeena Sikho Hridya Pflegesaft | Ayurvedischer Herzsaft mit Immunit\u00e4t &amp; Stoffwechselvorteilen | Kr\u00e4utertonikum f\u00fcr Herz, 500 ml, 2 St\u00fcck - PureHiveHoney<\/title>\n<meta name=\"description\" content=\"Entdecken Sie hochwertigen Rohhonig, Bio Honig, Manuka Honig und nat\u00fcrliche Bienenprodukte. PureHiveHoney hilft Ihnen dabei, sorgf\u00e4ltig ausgew\u00e4hlte Honigsorten mit nat\u00fcrlicher Qualit\u00e4t und Reinheit zu entdecken.\" \/>\n<meta name=\"robots\" content=\"index, follow, max-snippet:-1, max-image-preview:large, max-video-preview:-1\" \/>\n<link rel=\"canonical\" href=\"https:\/\/purehivehoney.com\/de\/product\/jeena-sikho-hridya-pflegesaft-ayurvedischer-herzsaft-mit-immunitaet-stoffwechselvorteilen-kraeutertonikum-fuer-herz-500-ml-2-stueck\/\" \/>\n<meta property=\"og:locale\" content=\"de_DE\" \/>\n<meta property=\"og:type\" content=\"article\" \/>\n<meta property=\"og:title\" content=\"Jeena Sikho Hridya Pflegesaft | Ayurvedischer Herzsaft mit Immunit\u00e4t &amp; Stoffwechselvorteilen | Kr\u00e4utertonikum f\u00fcr Herz, 500 ml, 2 St\u00fcck - PureHiveHoney\" \/>\n<meta property=\"og:description\" content=\"Entdecken Sie hochwertigen Rohhonig, Bio Honig, Manuka Honig und nat\u00fcrliche Bienenprodukte. PureHiveHoney hilft Ihnen dabei, sorgf\u00e4ltig ausgew\u00e4hlte Honigsorten mit nat\u00fcrlicher Qualit\u00e4t und Reinheit zu entdecken.\" \/>\n<meta property=\"og:url\" content=\"https:\/\/purehivehoney.com\/de\/product\/jeena-sikho-hridya-pflegesaft-ayurvedischer-herzsaft-mit-immunitaet-stoffwechselvorteilen-kraeutertonikum-fuer-herz-500-ml-2-stueck\/\" \/>\n<meta property=\"og:site_name\" content=\"PureHiveHoney\" \/>\n<meta property=\"article:modified_time\" content=\"2026-04-06T15:42:59+00:00\" \/>\n<meta name=\"twitter:card\" content=\"summary_large_image\" \/>\n<meta name=\"twitter:label1\" content=\"Gesch\u00e4tzte Lesezeit\" \/>\n\t<meta name=\"twitter:data1\" content=\"2\u00a0Minuten\" \/>\n<script type=\"application\/ld+json\" class=\"yoast-schema-graph\">{\"@context\":\"https:\\\/\\\/schema.org\",\"@graph\":[{\"@type\":\"WebPage\",\"@id\":\"https:\\\/\\\/purehivehoney.com\\\/de\\\/product\\\/jeena-sikho-hridya-pflegesaft-ayurvedischer-herzsaft-mit-immunitaet-stoffwechselvorteilen-kraeutertonikum-fuer-herz-500-ml-2-stueck\\\/\",\"url\":\"https:\\\/\\\/purehivehoney.com\\\/de\\\/product\\\/jeena-sikho-hridya-pflegesaft-ayurvedischer-herzsaft-mit-immunitaet-stoffwechselvorteilen-kraeutertonikum-fuer-herz-500-ml-2-stueck\\\/\",\"name\":\"Jeena Sikho Hridya Pflegesaft | Ayurvedischer Herzsaft mit Immunit\u00e4t & Stoffwechselvorteilen | Kr\u00e4utertonikum f\u00fcr Herz, 500 ml, 2 St\u00fcck - PureHiveHoney\",\"isPartOf\":{\"@id\":\"https:\\\/\\\/purehivehoney.com\\\/de\\\/#website\"},\"primaryImageOfPage\":{\"@id\":\"https:\\\/\\\/purehivehoney.com\\\/de\\\/product\\\/jeena-sikho-hridya-pflegesaft-ayurvedischer-herzsaft-mit-immunitaet-stoffwechselvorteilen-kraeutertonikum-fuer-herz-500-ml-2-stueck\\\/#primaryimage\"},\"image\":{\"@id\":\"https:\\\/\\\/purehivehoney.com\\\/de\\\/product\\\/jeena-sikho-hridya-pflegesaft-ayurvedischer-herzsaft-mit-immunitaet-stoffwechselvorteilen-kraeutertonikum-fuer-herz-500-ml-2-stueck\\\/#primaryimage\"},\"thumbnailUrl\":\"https:\\\/\\\/purehivehoney.com\\\/de\\\/wp-content\\\/uploads\\\/2026\\\/04\\\/81Uqx43SeYL._AC_SL1500_.jpg\",\"datePublished\":\"2026-04-06T15:42:29+00:00\",\"dateModified\":\"2026-04-06T15:42:59+00:00\",\"description\":\"Entdecken Sie hochwertigen Rohhonig, Bio Honig, Manuka Honig und nat\u00fcrliche Bienenprodukte. PureHiveHoney hilft Ihnen dabei, sorgf\u00e4ltig ausgew\u00e4hlte Honigsorten mit nat\u00fcrlicher Qualit\u00e4t und Reinheit zu entdecken.\",\"breadcrumb\":{\"@id\":\"https:\\\/\\\/purehivehoney.com\\\/de\\\/product\\\/jeena-sikho-hridya-pflegesaft-ayurvedischer-herzsaft-mit-immunitaet-stoffwechselvorteilen-kraeutertonikum-fuer-herz-500-ml-2-stueck\\\/#breadcrumb\"},\"inLanguage\":\"de\",\"potentialAction\":[{\"@type\":\"ReadAction\",\"target\":[\"https:\\\/\\\/purehivehoney.com\\\/de\\\/product\\\/jeena-sikho-hridya-pflegesaft-ayurvedischer-herzsaft-mit-immunitaet-stoffwechselvorteilen-kraeutertonikum-fuer-herz-500-ml-2-stueck\\\/\"]}]},{\"@type\":\"ImageObject\",\"inLanguage\":\"de\",\"@id\":\"https:\\\/\\\/purehivehoney.com\\\/de\\\/product\\\/jeena-sikho-hridya-pflegesaft-ayurvedischer-herzsaft-mit-immunitaet-stoffwechselvorteilen-kraeutertonikum-fuer-herz-500-ml-2-stueck\\\/#primaryimage\",\"url\":\"https:\\\/\\\/purehivehoney.com\\\/de\\\/wp-content\\\/uploads\\\/2026\\\/04\\\/81Uqx43SeYL._AC_SL1500_.jpg\",\"contentUrl\":\"https:\\\/\\\/purehivehoney.com\\\/de\\\/wp-content\\\/uploads\\\/2026\\\/04\\\/81Uqx43SeYL._AC_SL1500_.jpg\",\"width\":955,\"height\":1500},{\"@type\":\"BreadcrumbList\",\"@id\":\"https:\\\/\\\/purehivehoney.com\\\/de\\\/product\\\/jeena-sikho-hridya-pflegesaft-ayurvedischer-herzsaft-mit-immunitaet-stoffwechselvorteilen-kraeutertonikum-fuer-herz-500-ml-2-stueck\\\/#breadcrumb\",\"itemListElement\":[{\"@type\":\"ListItem\",\"position\":1,\"name\":\"Home\",\"item\":\"https:\\\/\\\/purehivehoney.com\\\/de\\\/\"},{\"@type\":\"ListItem\",\"position\":2,\"name\":\"Shop\",\"item\":\"https:\\\/\\\/purehivehoney.com\\\/de\\\/shop\\\/\"},{\"@type\":\"ListItem\",\"position\":3,\"name\":\"Jeena Sikho Hridya Pflegesaft | Ayu...\"}]},{\"@type\":\"WebSite\",\"@id\":\"https:\\\/\\\/purehivehoney.com\\\/de\\\/#website\",\"url\":\"https:\\\/\\\/purehivehoney.com\\\/de\\\/\",\"name\":\"PureHiveHoney\",\"description\":\"Reiner Honig &amp; Bienenprodukte Online | Rohhonig, Bio Honig &amp; Spezialhonig\",\"publisher\":{\"@id\":\"https:\\\/\\\/purehivehoney.com\\\/de\\\/#organization\"},\"potentialAction\":[{\"@type\":\"SearchAction\",\"target\":{\"@type\":\"EntryPoint\",\"urlTemplate\":\"https:\\\/\\\/purehivehoney.com\\\/de\\\/?s={search_term_string}\"},\"query-input\":{\"@type\":\"PropertyValueSpecification\",\"valueRequired\":true,\"valueName\":\"search_term_string\"}}],\"inLanguage\":\"de\"},{\"@type\":\"Organization\",\"@id\":\"https:\\\/\\\/purehivehoney.com\\\/de\\\/#organization\",\"name\":\"PureHiveHoney\",\"url\":\"https:\\\/\\\/purehivehoney.com\\\/de\\\/\",\"logo\":{\"@type\":\"ImageObject\",\"inLanguage\":\"de\",\"@id\":\"https:\\\/\\\/purehivehoney.com\\\/de\\\/#\\\/schema\\\/logo\\\/image\\\/\",\"url\":\"https:\\\/\\\/purehivehoney.com\\\/de\\\/wp-content\\\/uploads\\\/2026\\\/03\\\/Screenshot-2026-03-16-at-1.06.01-AM.png\",\"contentUrl\":\"https:\\\/\\\/purehivehoney.com\\\/de\\\/wp-content\\\/uploads\\\/2026\\\/03\\\/Screenshot-2026-03-16-at-1.06.01-AM.png\",\"width\":2112,\"height\":1086,\"caption\":\"PureHiveHoney\"},\"image\":{\"@id\":\"https:\\\/\\\/purehivehoney.com\\\/de\\\/#\\\/schema\\\/logo\\\/image\\\/\"}}]}<\/script>\n<!-- \/ Yoast SEO plugin. -->","yoast_head_json":{"title":"Jeena Sikho Hridya Pflegesaft | Ayurvedischer Herzsaft mit Immunit\u00e4t & Stoffwechselvorteilen | Kr\u00e4utertonikum f\u00fcr Herz, 500 ml, 2 St\u00fcck - PureHiveHoney","description":"Entdecken Sie hochwertigen Rohhonig, Bio Honig, Manuka Honig und nat\u00fcrliche Bienenprodukte. PureHiveHoney hilft Ihnen dabei, sorgf\u00e4ltig ausgew\u00e4hlte Honigsorten mit nat\u00fcrlicher Qualit\u00e4t und Reinheit zu entdecken.","robots":{"index":"index","follow":"follow","max-snippet":"max-snippet:-1","max-image-preview":"max-image-preview:large","max-video-preview":"max-video-preview:-1"},"canonical":"https:\/\/purehivehoney.com\/de\/product\/jeena-sikho-hridya-pflegesaft-ayurvedischer-herzsaft-mit-immunitaet-stoffwechselvorteilen-kraeutertonikum-fuer-herz-500-ml-2-stueck\/","og_locale":"de_DE","og_type":"article","og_title":"Jeena Sikho Hridya Pflegesaft | Ayurvedischer Herzsaft mit Immunit\u00e4t & Stoffwechselvorteilen | Kr\u00e4utertonikum f\u00fcr Herz, 500 ml, 2 St\u00fcck - PureHiveHoney","og_description":"Entdecken Sie hochwertigen Rohhonig, Bio Honig, Manuka Honig und nat\u00fcrliche Bienenprodukte. PureHiveHoney hilft Ihnen dabei, sorgf\u00e4ltig ausgew\u00e4hlte Honigsorten mit nat\u00fcrlicher Qualit\u00e4t und Reinheit zu entdecken.","og_url":"https:\/\/purehivehoney.com\/de\/product\/jeena-sikho-hridya-pflegesaft-ayurvedischer-herzsaft-mit-immunitaet-stoffwechselvorteilen-kraeutertonikum-fuer-herz-500-ml-2-stueck\/","og_site_name":"PureHiveHoney","article_modified_time":"2026-04-06T15:42:59+00:00","twitter_card":"summary_large_image","twitter_misc":{"Gesch\u00e4tzte Lesezeit":"2\u00a0Minuten"},"schema":{"@context":"https:\/\/schema.org","@graph":[{"@type":"WebPage","@id":"https:\/\/purehivehoney.com\/de\/product\/jeena-sikho-hridya-pflegesaft-ayurvedischer-herzsaft-mit-immunitaet-stoffwechselvorteilen-kraeutertonikum-fuer-herz-500-ml-2-stueck\/","url":"https:\/\/purehivehoney.com\/de\/product\/jeena-sikho-hridya-pflegesaft-ayurvedischer-herzsaft-mit-immunitaet-stoffwechselvorteilen-kraeutertonikum-fuer-herz-500-ml-2-stueck\/","name":"Jeena Sikho Hridya Pflegesaft | Ayurvedischer Herzsaft mit Immunit\u00e4t & Stoffwechselvorteilen | Kr\u00e4utertonikum f\u00fcr Herz, 500 ml, 2 St\u00fcck - PureHiveHoney","isPartOf":{"@id":"https:\/\/purehivehoney.com\/de\/#website"},"primaryImageOfPage":{"@id":"https:\/\/purehivehoney.com\/de\/product\/jeena-sikho-hridya-pflegesaft-ayurvedischer-herzsaft-mit-immunitaet-stoffwechselvorteilen-kraeutertonikum-fuer-herz-500-ml-2-stueck\/#primaryimage"},"image":{"@id":"https:\/\/purehivehoney.com\/de\/product\/jeena-sikho-hridya-pflegesaft-ayurvedischer-herzsaft-mit-immunitaet-stoffwechselvorteilen-kraeutertonikum-fuer-herz-500-ml-2-stueck\/#primaryimage"},"thumbnailUrl":"https:\/\/purehivehoney.com\/de\/wp-content\/uploads\/2026\/04\/81Uqx43SeYL._AC_SL1500_.jpg","datePublished":"2026-04-06T15:42:29+00:00","dateModified":"2026-04-06T15:42:59+00:00","description":"Entdecken Sie hochwertigen Rohhonig, Bio Honig, Manuka Honig und nat\u00fcrliche Bienenprodukte. PureHiveHoney hilft Ihnen dabei, sorgf\u00e4ltig ausgew\u00e4hlte Honigsorten mit nat\u00fcrlicher Qualit\u00e4t und Reinheit zu entdecken.","breadcrumb":{"@id":"https:\/\/purehivehoney.com\/de\/product\/jeena-sikho-hridya-pflegesaft-ayurvedischer-herzsaft-mit-immunitaet-stoffwechselvorteilen-kraeutertonikum-fuer-herz-500-ml-2-stueck\/#breadcrumb"},"inLanguage":"de","potentialAction":[{"@type":"ReadAction","target":["https:\/\/purehivehoney.com\/de\/product\/jeena-sikho-hridya-pflegesaft-ayurvedischer-herzsaft-mit-immunitaet-stoffwechselvorteilen-kraeutertonikum-fuer-herz-500-ml-2-stueck\/"]}]},{"@type":"ImageObject","inLanguage":"de","@id":"https:\/\/purehivehoney.com\/de\/product\/jeena-sikho-hridya-pflegesaft-ayurvedischer-herzsaft-mit-immunitaet-stoffwechselvorteilen-kraeutertonikum-fuer-herz-500-ml-2-stueck\/#primaryimage","url":"https:\/\/purehivehoney.com\/de\/wp-content\/uploads\/2026\/04\/81Uqx43SeYL._AC_SL1500_.jpg","contentUrl":"https:\/\/purehivehoney.com\/de\/wp-content\/uploads\/2026\/04\/81Uqx43SeYL._AC_SL1500_.jpg","width":955,"height":1500},{"@type":"BreadcrumbList","@id":"https:\/\/purehivehoney.com\/de\/product\/jeena-sikho-hridya-pflegesaft-ayurvedischer-herzsaft-mit-immunitaet-stoffwechselvorteilen-kraeutertonikum-fuer-herz-500-ml-2-stueck\/#breadcrumb","itemListElement":[{"@type":"ListItem","position":1,"name":"Home","item":"https:\/\/purehivehoney.com\/de\/"},{"@type":"ListItem","position":2,"name":"Shop","item":"https:\/\/purehivehoney.com\/de\/shop\/"},{"@type":"ListItem","position":3,"name":"Jeena Sikho Hridya Pflegesaft | Ayu..."}]},{"@type":"WebSite","@id":"https:\/\/purehivehoney.com\/de\/#website","url":"https:\/\/purehivehoney.com\/de\/","name":"PureHiveHoney","description":"Reiner Honig &amp; Bienenprodukte Online | Rohhonig, Bio Honig &amp; Spezialhonig","publisher":{"@id":"https:\/\/purehivehoney.com\/de\/#organization"},"potentialAction":[{"@type":"SearchAction","target":{"@type":"EntryPoint","urlTemplate":"https:\/\/purehivehoney.com\/de\/?s={search_term_string}"},"query-input":{"@type":"PropertyValueSpecification","valueRequired":true,"valueName":"search_term_string"}}],"inLanguage":"de"},{"@type":"Organization","@id":"https:\/\/purehivehoney.com\/de\/#organization","name":"PureHiveHoney","url":"https:\/\/purehivehoney.com\/de\/","logo":{"@type":"ImageObject","inLanguage":"de","@id":"https:\/\/purehivehoney.com\/de\/#\/schema\/logo\/image\/","url":"https:\/\/purehivehoney.com\/de\/wp-content\/uploads\/2026\/03\/Screenshot-2026-03-16-at-1.06.01-AM.png","contentUrl":"https:\/\/purehivehoney.com\/de\/wp-content\/uploads\/2026\/03\/Screenshot-2026-03-16-at-1.06.01-AM.png","width":2112,"height":1086,"caption":"PureHiveHoney"},"image":{"@id":"https:\/\/purehivehoney.com\/de\/#\/schema\/logo\/image\/"}}]}},"_links":{"self":[{"href":"https:\/\/purehivehoney.com\/de\/wp-json\/wp\/v2\/product\/2758","targetHints":{"allow":["GET"]}}],"collection":[{"href":"https:\/\/purehivehoney.com\/de\/wp-json\/wp\/v2\/product"}],"about":[{"href":"https:\/\/purehivehoney.com\/de\/wp-json\/wp\/v2\/types\/product"}],"replies":[{"embeddable":true,"href":"https:\/\/purehivehoney.com\/de\/wp-json\/wp\/v2\/comments?post=2758"}],"wp:featuredmedia":[{"embeddable":true,"href":"https:\/\/purehivehoney.com\/de\/wp-json\/wp\/v2\/media\/2759"}],"wp:attachment":[{"href":"https:\/\/purehivehoney.com\/de\/wp-json\/wp\/v2\/media?parent=2758"}],"wp:term":[{"taxonomy":"store","embeddable":true,"href":"https:\/\/purehivehoney.com\/de\/wp-json\/wp\/v2\/store?post=2758"},{"taxonomy":"product_brand","embeddable":true,"href":"https:\/\/purehivehoney.com\/de\/wp-json\/wp\/v2\/product_brand?post=2758"},{"taxonomy":"product_cat","embeddable":true,"href":"https:\/\/purehivehoney.com\/de\/wp-json\/wp\/v2\/product_cat?post=2758"},{"taxonomy":"product_tag","embeddable":true,"href":"https:\/\/purehivehoney.com\/de\/wp-json\/wp\/v2\/product_tag?post=2758"}],"curies":[{"name":"wp","href":"https:\/\/api.w.org\/{rel}","templated":true}]}}