{"id":2748,"date":"2026-04-05T22:19:11","date_gmt":"2026-04-05T22:19:11","guid":{"rendered":"https:\/\/purehivehoney.com\/de\/product\/abaodam-2-stueck-300ml-glas-sirupspender-mit-abs-deckel-dicht-und-praktisch-fuer-honig-oel-oder-gewuerze-minimalistisches-design-fuer-zuhause-und-unterwegs\/"},"modified":"2026-04-05T22:19:32","modified_gmt":"2026-04-05T22:19:32","slug":"abaodam-2-stueck-300ml-glas-sirupspender-mit-abs-deckel-dicht-und-praktisch-fuer-honig-oel-oder-gewuerze-minimalistisches-design-fuer-zuhause-und-unterwegs","status":"publish","type":"product","link":"https:\/\/purehivehoney.com\/de\/product\/abaodam-2-stueck-300ml-glas-sirupspender-mit-abs-deckel-dicht-und-praktisch-fuer-honig-oel-oder-gewuerze-minimalistisches-design-fuer-zuhause-und-unterwegs\/","title":{"rendered":"Abaodam 2 St\u00fcck 300ml Glas Sirupsp..."},"content":{"rendered":"<p>    <span class=\"a-text-bold\">Paketliste<\/span><span><br \/> 2 x Spender<br \/><\/span><span class=\"a-text-bold\">Merkmale<\/span><span><br \/> -Gr\u00f6\u00dfe: 12,00 x 7,62 x 7,62 cm \/ 4,72 x 2,99 x 2,99 Zoll<br \/> -Material: Glas, ABS-Kunststoff<br \/> Produktinformation: \u00d6lkanne aus Glas<br \/> -Fassungsverm\u00f6gen: 300 ml Essigspender<br \/> -Farbe: Transparent<br \/> -Ideal zur Aufbewahrung verschiedener W\u00fcrzmittel wie Honig, Kaffeesahne, Ingwer, Essig usw. (einfacher Sirup)<br \/> &#8211; Mit auslaufsicherer Konstruktion, um Verschmutzungen beim Aufbewahren des Sirups zu vermeiden<br \/> -Verleiht Ihrer Kaffeesirup-Spenderflasche in der K\u00fcche eine stilvolle und praktische Note<br \/> -Hergestellt aus Glas f\u00fcr Frische und <br \/> Dieses Produkt bietet eine praktische und \u00fcbersichtliche Aufbewahrungsm\u00f6glichkeit und eignet sich gut als Zuckerbeh\u00e4lter f\u00fcr den t\u00e4glichen Gebrauch.<br \/><\/span><span class=\"a-text-bold\">Wareninformationen<\/span><span><br \/> Sirupspender: Das ansprechende Design und die praktischen Funktionen machen unser Produkt besonders benutzerfreundlich. Gew\u00fcrzspender: Sie suchen einen professionellen Zuckerspender? Hier ist unser Produkt zur Auswahl. Kaffeesirupspenderflasche: Dieses Produkt ist aus robustem Material gefertigt und f\u00fcr den t\u00e4glichen Gebrauch geeignet. Sirupspender: Greifen Sie jetzt zu!<\/span>    <br \/>Sirupspenderflasche f\u00fcr kaffee: verleiht ihrer k\u00fcche eine stilvolle und praktische note; kuchensirupspender<br \/>Sirupflasche: , um kleckern bei der aufbewahrung zu vermeiden; kaffeesirupspender mit pumpe<br \/>Kleiner sirupspender: diese vielseitigen spender eignen sich perfekt zur aufbewahrung verschiedener zutaten wie honig, kaffeesahne, ingwer, essig und mehr<br \/>Sojasaucenspender: mit seinem minimalistischen design verleiht dieses produkt jeder k\u00fcche einen hauch von stil; sirupspender aus glas<br \/>Kaffeesahnespender: jeweils mit ausreichendem fassungsverm\u00f6gen f\u00fcr unterschiedliche aufbewahrungsbed\u00fcrfnisse, essigspender<\/p>\n\n","protected":false},"excerpt":{"rendered":"<p>Paketliste 2 x SpenderMerkmale -Gr\u00f6\u00dfe: 12,00 x 7,62 x 7,62 cm \/ 4,72 x 2,99 x 2,99 Zoll -Material: Glas, ABS-Kunststoff Produktinformation: \u00d6lkanne aus Glas -Fassungsverm\u00f6gen: 300 ml Essigspender -Farbe: Transparent -Ideal zur Aufbewahrung verschiedener W\u00fcrzmittel wie Honig, Kaffeesahne, Ingwer, Essig usw. (einfacher Sirup) &#8211; Mit auslaufsicherer Konstruktion, um Verschmutzungen beim Aufbewahren des Sirups zu [&hellip;]<\/p>\n","protected":false},"featured_media":2749,"comment_status":"open","ping_status":"closed","template":"","meta":{"_aipt_faq_data":""},"store":[],"product_brand":[],"product_cat":[61],"product_tag":[142],"class_list":{"0":"post-2748","1":"product","2":"type-product","3":"status-publish","4":"has-post-thumbnail","6":"product_cat-honig-gegen-halsschmerzen","7":"product_tag-honig-gegen-halsschmerzen-mit-ingwer","9":"first","10":"instock","11":"shipping-taxable","12":"product-type-external"},"yoast_head":"<!-- This site is optimized with the Yoast SEO plugin v27.4 - https:\/\/yoast.com\/product\/yoast-seo-wordpress\/ -->\n<title>Abaodam 2 St\u00fcck 300ml Glas Sirupspender mit Abs Deckel Dicht und Praktisch f\u00fcr Honig \u00d6l oder Gew\u00fcrze Minimalistisches Design f\u00fcr Zuhause und Unterwegs - PureHiveHoney<\/title>\n<meta name=\"description\" content=\"Entdecken Sie hochwertigen Rohhonig, Bio Honig, Manuka Honig und nat\u00fcrliche Bienenprodukte. PureHiveHoney hilft Ihnen dabei, sorgf\u00e4ltig ausgew\u00e4hlte Honigsorten mit nat\u00fcrlicher Qualit\u00e4t und Reinheit zu entdecken.\" \/>\n<meta name=\"robots\" content=\"index, follow, max-snippet:-1, max-image-preview:large, max-video-preview:-1\" \/>\n<link rel=\"canonical\" href=\"https:\/\/purehivehoney.com\/de\/product\/abaodam-2-stueck-300ml-glas-sirupspender-mit-abs-deckel-dicht-und-praktisch-fuer-honig-oel-oder-gewuerze-minimalistisches-design-fuer-zuhause-und-unterwegs\/\" \/>\n<meta property=\"og:locale\" content=\"de_DE\" \/>\n<meta property=\"og:type\" content=\"article\" \/>\n<meta property=\"og:title\" content=\"Abaodam 2 St\u00fcck 300ml Glas Sirupspender mit Abs Deckel Dicht und Praktisch f\u00fcr Honig \u00d6l oder Gew\u00fcrze Minimalistisches Design f\u00fcr Zuhause und Unterwegs - PureHiveHoney\" \/>\n<meta property=\"og:description\" content=\"Entdecken Sie hochwertigen Rohhonig, Bio Honig, Manuka Honig und nat\u00fcrliche Bienenprodukte. PureHiveHoney hilft Ihnen dabei, sorgf\u00e4ltig ausgew\u00e4hlte Honigsorten mit nat\u00fcrlicher Qualit\u00e4t und Reinheit zu entdecken.\" \/>\n<meta property=\"og:url\" content=\"https:\/\/purehivehoney.com\/de\/product\/abaodam-2-stueck-300ml-glas-sirupspender-mit-abs-deckel-dicht-und-praktisch-fuer-honig-oel-oder-gewuerze-minimalistisches-design-fuer-zuhause-und-unterwegs\/\" \/>\n<meta property=\"og:site_name\" content=\"PureHiveHoney\" \/>\n<meta property=\"article:modified_time\" content=\"2026-04-05T22:19:32+00:00\" \/>\n<meta name=\"twitter:card\" content=\"summary_large_image\" \/>\n<meta name=\"twitter:label1\" content=\"Gesch\u00e4tzte Lesezeit\" \/>\n\t<meta name=\"twitter:data1\" content=\"1\u00a0Minute\" \/>\n<script type=\"application\/ld+json\" class=\"yoast-schema-graph\">{\"@context\":\"https:\\\/\\\/schema.org\",\"@graph\":[{\"@type\":\"WebPage\",\"@id\":\"https:\\\/\\\/purehivehoney.com\\\/de\\\/product\\\/abaodam-2-stueck-300ml-glas-sirupspender-mit-abs-deckel-dicht-und-praktisch-fuer-honig-oel-oder-gewuerze-minimalistisches-design-fuer-zuhause-und-unterwegs\\\/\",\"url\":\"https:\\\/\\\/purehivehoney.com\\\/de\\\/product\\\/abaodam-2-stueck-300ml-glas-sirupspender-mit-abs-deckel-dicht-und-praktisch-fuer-honig-oel-oder-gewuerze-minimalistisches-design-fuer-zuhause-und-unterwegs\\\/\",\"name\":\"Abaodam 2 St\u00fcck 300ml Glas Sirupspender mit Abs Deckel Dicht und Praktisch f\u00fcr Honig \u00d6l oder Gew\u00fcrze Minimalistisches Design f\u00fcr Zuhause und Unterwegs - PureHiveHoney\",\"isPartOf\":{\"@id\":\"https:\\\/\\\/purehivehoney.com\\\/de\\\/#website\"},\"primaryImageOfPage\":{\"@id\":\"https:\\\/\\\/purehivehoney.com\\\/de\\\/product\\\/abaodam-2-stueck-300ml-glas-sirupspender-mit-abs-deckel-dicht-und-praktisch-fuer-honig-oel-oder-gewuerze-minimalistisches-design-fuer-zuhause-und-unterwegs\\\/#primaryimage\"},\"image\":{\"@id\":\"https:\\\/\\\/purehivehoney.com\\\/de\\\/product\\\/abaodam-2-stueck-300ml-glas-sirupspender-mit-abs-deckel-dicht-und-praktisch-fuer-honig-oel-oder-gewuerze-minimalistisches-design-fuer-zuhause-und-unterwegs\\\/#primaryimage\"},\"thumbnailUrl\":\"https:\\\/\\\/purehivehoney.com\\\/de\\\/wp-content\\\/uploads\\\/2026\\\/04\\\/71VfagNmopL._AC_SL1500_.jpg\",\"datePublished\":\"2026-04-05T22:19:11+00:00\",\"dateModified\":\"2026-04-05T22:19:32+00:00\",\"description\":\"Entdecken Sie hochwertigen Rohhonig, Bio Honig, Manuka Honig und nat\u00fcrliche Bienenprodukte. PureHiveHoney hilft Ihnen dabei, sorgf\u00e4ltig ausgew\u00e4hlte Honigsorten mit nat\u00fcrlicher Qualit\u00e4t und Reinheit zu entdecken.\",\"breadcrumb\":{\"@id\":\"https:\\\/\\\/purehivehoney.com\\\/de\\\/product\\\/abaodam-2-stueck-300ml-glas-sirupspender-mit-abs-deckel-dicht-und-praktisch-fuer-honig-oel-oder-gewuerze-minimalistisches-design-fuer-zuhause-und-unterwegs\\\/#breadcrumb\"},\"inLanguage\":\"de\",\"potentialAction\":[{\"@type\":\"ReadAction\",\"target\":[\"https:\\\/\\\/purehivehoney.com\\\/de\\\/product\\\/abaodam-2-stueck-300ml-glas-sirupspender-mit-abs-deckel-dicht-und-praktisch-fuer-honig-oel-oder-gewuerze-minimalistisches-design-fuer-zuhause-und-unterwegs\\\/\"]}]},{\"@type\":\"ImageObject\",\"inLanguage\":\"de\",\"@id\":\"https:\\\/\\\/purehivehoney.com\\\/de\\\/product\\\/abaodam-2-stueck-300ml-glas-sirupspender-mit-abs-deckel-dicht-und-praktisch-fuer-honig-oel-oder-gewuerze-minimalistisches-design-fuer-zuhause-und-unterwegs\\\/#primaryimage\",\"url\":\"https:\\\/\\\/purehivehoney.com\\\/de\\\/wp-content\\\/uploads\\\/2026\\\/04\\\/71VfagNmopL._AC_SL1500_.jpg\",\"contentUrl\":\"https:\\\/\\\/purehivehoney.com\\\/de\\\/wp-content\\\/uploads\\\/2026\\\/04\\\/71VfagNmopL._AC_SL1500_.jpg\",\"width\":1500,\"height\":1209},{\"@type\":\"BreadcrumbList\",\"@id\":\"https:\\\/\\\/purehivehoney.com\\\/de\\\/product\\\/abaodam-2-stueck-300ml-glas-sirupspender-mit-abs-deckel-dicht-und-praktisch-fuer-honig-oel-oder-gewuerze-minimalistisches-design-fuer-zuhause-und-unterwegs\\\/#breadcrumb\",\"itemListElement\":[{\"@type\":\"ListItem\",\"position\":1,\"name\":\"Home\",\"item\":\"https:\\\/\\\/purehivehoney.com\\\/de\\\/\"},{\"@type\":\"ListItem\",\"position\":2,\"name\":\"Shop\",\"item\":\"https:\\\/\\\/purehivehoney.com\\\/de\\\/shop\\\/\"},{\"@type\":\"ListItem\",\"position\":3,\"name\":\"Abaodam 2 St\u00fcck 300ml Glas Sirupsp...\"}]},{\"@type\":\"WebSite\",\"@id\":\"https:\\\/\\\/purehivehoney.com\\\/de\\\/#website\",\"url\":\"https:\\\/\\\/purehivehoney.com\\\/de\\\/\",\"name\":\"PureHiveHoney\",\"description\":\"Reiner Honig &amp; Bienenprodukte Online | Rohhonig, Bio Honig &amp; Spezialhonig\",\"publisher\":{\"@id\":\"https:\\\/\\\/purehivehoney.com\\\/de\\\/#organization\"},\"potentialAction\":[{\"@type\":\"SearchAction\",\"target\":{\"@type\":\"EntryPoint\",\"urlTemplate\":\"https:\\\/\\\/purehivehoney.com\\\/de\\\/?s={search_term_string}\"},\"query-input\":{\"@type\":\"PropertyValueSpecification\",\"valueRequired\":true,\"valueName\":\"search_term_string\"}}],\"inLanguage\":\"de\"},{\"@type\":\"Organization\",\"@id\":\"https:\\\/\\\/purehivehoney.com\\\/de\\\/#organization\",\"name\":\"PureHiveHoney\",\"url\":\"https:\\\/\\\/purehivehoney.com\\\/de\\\/\",\"logo\":{\"@type\":\"ImageObject\",\"inLanguage\":\"de\",\"@id\":\"https:\\\/\\\/purehivehoney.com\\\/de\\\/#\\\/schema\\\/logo\\\/image\\\/\",\"url\":\"https:\\\/\\\/purehivehoney.com\\\/de\\\/wp-content\\\/uploads\\\/2026\\\/03\\\/Screenshot-2026-03-16-at-1.06.01-AM.png\",\"contentUrl\":\"https:\\\/\\\/purehivehoney.com\\\/de\\\/wp-content\\\/uploads\\\/2026\\\/03\\\/Screenshot-2026-03-16-at-1.06.01-AM.png\",\"width\":2112,\"height\":1086,\"caption\":\"PureHiveHoney\"},\"image\":{\"@id\":\"https:\\\/\\\/purehivehoney.com\\\/de\\\/#\\\/schema\\\/logo\\\/image\\\/\"}}]}<\/script>\n<!-- \/ Yoast SEO plugin. -->","yoast_head_json":{"title":"Abaodam 2 St\u00fcck 300ml Glas Sirupspender mit Abs Deckel Dicht und Praktisch f\u00fcr Honig \u00d6l oder Gew\u00fcrze Minimalistisches Design f\u00fcr Zuhause und Unterwegs - PureHiveHoney","description":"Entdecken Sie hochwertigen Rohhonig, Bio Honig, Manuka Honig und nat\u00fcrliche Bienenprodukte. PureHiveHoney hilft Ihnen dabei, sorgf\u00e4ltig ausgew\u00e4hlte Honigsorten mit nat\u00fcrlicher Qualit\u00e4t und Reinheit zu entdecken.","robots":{"index":"index","follow":"follow","max-snippet":"max-snippet:-1","max-image-preview":"max-image-preview:large","max-video-preview":"max-video-preview:-1"},"canonical":"https:\/\/purehivehoney.com\/de\/product\/abaodam-2-stueck-300ml-glas-sirupspender-mit-abs-deckel-dicht-und-praktisch-fuer-honig-oel-oder-gewuerze-minimalistisches-design-fuer-zuhause-und-unterwegs\/","og_locale":"de_DE","og_type":"article","og_title":"Abaodam 2 St\u00fcck 300ml Glas Sirupspender mit Abs Deckel Dicht und Praktisch f\u00fcr Honig \u00d6l oder Gew\u00fcrze Minimalistisches Design f\u00fcr Zuhause und Unterwegs - PureHiveHoney","og_description":"Entdecken Sie hochwertigen Rohhonig, Bio Honig, Manuka Honig und nat\u00fcrliche Bienenprodukte. PureHiveHoney hilft Ihnen dabei, sorgf\u00e4ltig ausgew\u00e4hlte Honigsorten mit nat\u00fcrlicher Qualit\u00e4t und Reinheit zu entdecken.","og_url":"https:\/\/purehivehoney.com\/de\/product\/abaodam-2-stueck-300ml-glas-sirupspender-mit-abs-deckel-dicht-und-praktisch-fuer-honig-oel-oder-gewuerze-minimalistisches-design-fuer-zuhause-und-unterwegs\/","og_site_name":"PureHiveHoney","article_modified_time":"2026-04-05T22:19:32+00:00","twitter_card":"summary_large_image","twitter_misc":{"Gesch\u00e4tzte Lesezeit":"1\u00a0Minute"},"schema":{"@context":"https:\/\/schema.org","@graph":[{"@type":"WebPage","@id":"https:\/\/purehivehoney.com\/de\/product\/abaodam-2-stueck-300ml-glas-sirupspender-mit-abs-deckel-dicht-und-praktisch-fuer-honig-oel-oder-gewuerze-minimalistisches-design-fuer-zuhause-und-unterwegs\/","url":"https:\/\/purehivehoney.com\/de\/product\/abaodam-2-stueck-300ml-glas-sirupspender-mit-abs-deckel-dicht-und-praktisch-fuer-honig-oel-oder-gewuerze-minimalistisches-design-fuer-zuhause-und-unterwegs\/","name":"Abaodam 2 St\u00fcck 300ml Glas Sirupspender mit Abs Deckel Dicht und Praktisch f\u00fcr Honig \u00d6l oder Gew\u00fcrze Minimalistisches Design f\u00fcr Zuhause und Unterwegs - PureHiveHoney","isPartOf":{"@id":"https:\/\/purehivehoney.com\/de\/#website"},"primaryImageOfPage":{"@id":"https:\/\/purehivehoney.com\/de\/product\/abaodam-2-stueck-300ml-glas-sirupspender-mit-abs-deckel-dicht-und-praktisch-fuer-honig-oel-oder-gewuerze-minimalistisches-design-fuer-zuhause-und-unterwegs\/#primaryimage"},"image":{"@id":"https:\/\/purehivehoney.com\/de\/product\/abaodam-2-stueck-300ml-glas-sirupspender-mit-abs-deckel-dicht-und-praktisch-fuer-honig-oel-oder-gewuerze-minimalistisches-design-fuer-zuhause-und-unterwegs\/#primaryimage"},"thumbnailUrl":"https:\/\/purehivehoney.com\/de\/wp-content\/uploads\/2026\/04\/71VfagNmopL._AC_SL1500_.jpg","datePublished":"2026-04-05T22:19:11+00:00","dateModified":"2026-04-05T22:19:32+00:00","description":"Entdecken Sie hochwertigen Rohhonig, Bio Honig, Manuka Honig und nat\u00fcrliche Bienenprodukte. PureHiveHoney hilft Ihnen dabei, sorgf\u00e4ltig ausgew\u00e4hlte Honigsorten mit nat\u00fcrlicher Qualit\u00e4t und Reinheit zu entdecken.","breadcrumb":{"@id":"https:\/\/purehivehoney.com\/de\/product\/abaodam-2-stueck-300ml-glas-sirupspender-mit-abs-deckel-dicht-und-praktisch-fuer-honig-oel-oder-gewuerze-minimalistisches-design-fuer-zuhause-und-unterwegs\/#breadcrumb"},"inLanguage":"de","potentialAction":[{"@type":"ReadAction","target":["https:\/\/purehivehoney.com\/de\/product\/abaodam-2-stueck-300ml-glas-sirupspender-mit-abs-deckel-dicht-und-praktisch-fuer-honig-oel-oder-gewuerze-minimalistisches-design-fuer-zuhause-und-unterwegs\/"]}]},{"@type":"ImageObject","inLanguage":"de","@id":"https:\/\/purehivehoney.com\/de\/product\/abaodam-2-stueck-300ml-glas-sirupspender-mit-abs-deckel-dicht-und-praktisch-fuer-honig-oel-oder-gewuerze-minimalistisches-design-fuer-zuhause-und-unterwegs\/#primaryimage","url":"https:\/\/purehivehoney.com\/de\/wp-content\/uploads\/2026\/04\/71VfagNmopL._AC_SL1500_.jpg","contentUrl":"https:\/\/purehivehoney.com\/de\/wp-content\/uploads\/2026\/04\/71VfagNmopL._AC_SL1500_.jpg","width":1500,"height":1209},{"@type":"BreadcrumbList","@id":"https:\/\/purehivehoney.com\/de\/product\/abaodam-2-stueck-300ml-glas-sirupspender-mit-abs-deckel-dicht-und-praktisch-fuer-honig-oel-oder-gewuerze-minimalistisches-design-fuer-zuhause-und-unterwegs\/#breadcrumb","itemListElement":[{"@type":"ListItem","position":1,"name":"Home","item":"https:\/\/purehivehoney.com\/de\/"},{"@type":"ListItem","position":2,"name":"Shop","item":"https:\/\/purehivehoney.com\/de\/shop\/"},{"@type":"ListItem","position":3,"name":"Abaodam 2 St\u00fcck 300ml Glas Sirupsp..."}]},{"@type":"WebSite","@id":"https:\/\/purehivehoney.com\/de\/#website","url":"https:\/\/purehivehoney.com\/de\/","name":"PureHiveHoney","description":"Reiner Honig &amp; Bienenprodukte Online | Rohhonig, Bio Honig &amp; Spezialhonig","publisher":{"@id":"https:\/\/purehivehoney.com\/de\/#organization"},"potentialAction":[{"@type":"SearchAction","target":{"@type":"EntryPoint","urlTemplate":"https:\/\/purehivehoney.com\/de\/?s={search_term_string}"},"query-input":{"@type":"PropertyValueSpecification","valueRequired":true,"valueName":"search_term_string"}}],"inLanguage":"de"},{"@type":"Organization","@id":"https:\/\/purehivehoney.com\/de\/#organization","name":"PureHiveHoney","url":"https:\/\/purehivehoney.com\/de\/","logo":{"@type":"ImageObject","inLanguage":"de","@id":"https:\/\/purehivehoney.com\/de\/#\/schema\/logo\/image\/","url":"https:\/\/purehivehoney.com\/de\/wp-content\/uploads\/2026\/03\/Screenshot-2026-03-16-at-1.06.01-AM.png","contentUrl":"https:\/\/purehivehoney.com\/de\/wp-content\/uploads\/2026\/03\/Screenshot-2026-03-16-at-1.06.01-AM.png","width":2112,"height":1086,"caption":"PureHiveHoney"},"image":{"@id":"https:\/\/purehivehoney.com\/de\/#\/schema\/logo\/image\/"}}]}},"_links":{"self":[{"href":"https:\/\/purehivehoney.com\/de\/wp-json\/wp\/v2\/product\/2748","targetHints":{"allow":["GET"]}}],"collection":[{"href":"https:\/\/purehivehoney.com\/de\/wp-json\/wp\/v2\/product"}],"about":[{"href":"https:\/\/purehivehoney.com\/de\/wp-json\/wp\/v2\/types\/product"}],"replies":[{"embeddable":true,"href":"https:\/\/purehivehoney.com\/de\/wp-json\/wp\/v2\/comments?post=2748"}],"wp:featuredmedia":[{"embeddable":true,"href":"https:\/\/purehivehoney.com\/de\/wp-json\/wp\/v2\/media\/2749"}],"wp:attachment":[{"href":"https:\/\/purehivehoney.com\/de\/wp-json\/wp\/v2\/media?parent=2748"}],"wp:term":[{"taxonomy":"store","embeddable":true,"href":"https:\/\/purehivehoney.com\/de\/wp-json\/wp\/v2\/store?post=2748"},{"taxonomy":"product_brand","embeddable":true,"href":"https:\/\/purehivehoney.com\/de\/wp-json\/wp\/v2\/product_brand?post=2748"},{"taxonomy":"product_cat","embeddable":true,"href":"https:\/\/purehivehoney.com\/de\/wp-json\/wp\/v2\/product_cat?post=2748"},{"taxonomy":"product_tag","embeddable":true,"href":"https:\/\/purehivehoney.com\/de\/wp-json\/wp\/v2\/product_tag?post=2748"}],"curies":[{"name":"wp","href":"https:\/\/api.w.org\/{rel}","templated":true}]}}