{"id":271,"date":"2026-03-15T20:24:23","date_gmt":"2026-03-15T20:24:23","guid":{"rendered":"https:\/\/purehivehoney.com\/de\/product\/pure-raw-honey-with-lemon-and-mint-organic-wildflower-100-natural-170-g-unfiltered-unheated-from-non-vacuum-fed-bees-with-high-concentration-of-protein-minerals\/"},"modified":"2026-03-15T23:36:13","modified_gmt":"2026-03-15T23:36:13","slug":"pure-raw-honey-with-lemon-and-mint-organic-wildflower-100-natural-170-g-unfiltered-unheated-from-non-vacuum-fed-bees-with-high-concentration-of-protein-minerals","status":"publish","type":"product","link":"https:\/\/purehivehoney.com\/de\/product\/pure-raw-honey-with-lemon-and-mint-organic-wildflower-100-natural-170-g-unfiltered-unheated-from-non-vacuum-fed-bees-with-high-concentration-of-protein-minerals\/","title":{"rendered":"Pure Raw Honey with Lemon and Mint ..."},"content":{"rendered":"<p>    <span>The healing effects of honey and lemon are known to many &#8211; it is the first preventive measure for colds. And after flavouring honey and lemon with mint, it becomes a particularly healthy and delicious product, because the acidity of the lemon, the cold of the mint and the sweetness of honey allow you to feel the full healing power. It is a great dessert, a great addition to the taste of snacks, spread on toast or curd cheese, make tea, spices for fruit or vegetables.<\/span>    <br \/> Item Weight                                            \u200f                                            :                                            \u200e                                            170 g   <br \/> Manufacturer                                            \u200f                                            :                                            \u200e                                            9 Medus   <br \/> ASIN                                            \u200f                                            :                                            \u200e                                            B08QCQ45FG   <br \/>Honey | 100% Pure Natural Raw Wildflower Honey Sustainably collected by rural beekeepers<br \/>Honey | Unpasteurized, Unprocessed, Unprocessed and Unfiltered, 100% natural product with no preservatives or added sugar, perfect for people trying to eat less sweets or for children who consume too many sweets.<br \/>Honey | Collected only by loving and respectful beekeepers passed down by several generations of families.<br \/>Honey | The cultivation of genetically modified plants is prohibited in Lithuania. As a result, bees collect nectar only from natural plants<\/p>\n\n","protected":false},"excerpt":{"rendered":"<p>The healing effects of honey and lemon are known to many &#8211; it is the first preventive measure for colds. And after flavouring honey and lemon with mint, it becomes a particularly healthy and delicious product, because the acidity of the lemon, the cold of the mint and the sweetness of honey allow you to [&hellip;]<\/p>\n","protected":false},"featured_media":272,"comment_status":"open","ping_status":"closed","template":"","meta":{"_aipt_faq_data":""},"store":[],"product_brand":[116],"product_cat":[46],"product_tag":[115],"class_list":{"0":"post-271","1":"product","2":"type-product","3":"status-publish","4":"has-post-thumbnail","6":"product_brand-9-medus","7":"product_cat-kleehonig","8":"product_tag-kleehonig-ohne-zusatzstoffe","10":"first","11":"instock","12":"sale","13":"shipping-taxable","14":"product-type-external"},"yoast_head":"<!-- This site is optimized with the Yoast SEO plugin v27.4 - https:\/\/yoast.com\/product\/yoast-seo-wordpress\/ -->\n<title>Pure Raw Honey with Lemon and Mint Organic Wildflower 100% Natural, 170 g Unfiltered Unheated from Non-Vacuum-fed Bees with High Concentration of Protein Minerals - PureHiveHoney<\/title>\n<meta name=\"description\" content=\"Entdecken Sie hochwertigen Rohhonig, Bio Honig, Manuka Honig und nat\u00fcrliche Bienenprodukte. PureHiveHoney hilft Ihnen dabei, sorgf\u00e4ltig ausgew\u00e4hlte Honigsorten mit nat\u00fcrlicher Qualit\u00e4t und Reinheit zu entdecken.\" \/>\n<meta name=\"robots\" content=\"index, follow, max-snippet:-1, max-image-preview:large, max-video-preview:-1\" \/>\n<link rel=\"canonical\" href=\"https:\/\/purehivehoney.com\/de\/product\/pure-raw-honey-with-lemon-and-mint-organic-wildflower-100-natural-170-g-unfiltered-unheated-from-non-vacuum-fed-bees-with-high-concentration-of-protein-minerals\/\" \/>\n<meta property=\"og:locale\" content=\"de_DE\" \/>\n<meta property=\"og:type\" content=\"article\" \/>\n<meta property=\"og:title\" content=\"Pure Raw Honey with Lemon and Mint Organic Wildflower 100% Natural, 170 g Unfiltered Unheated from Non-Vacuum-fed Bees with High Concentration of Protein Minerals - PureHiveHoney\" \/>\n<meta property=\"og:description\" content=\"Entdecken Sie hochwertigen Rohhonig, Bio Honig, Manuka Honig und nat\u00fcrliche Bienenprodukte. PureHiveHoney hilft Ihnen dabei, sorgf\u00e4ltig ausgew\u00e4hlte Honigsorten mit nat\u00fcrlicher Qualit\u00e4t und Reinheit zu entdecken.\" \/>\n<meta property=\"og:url\" content=\"https:\/\/purehivehoney.com\/de\/product\/pure-raw-honey-with-lemon-and-mint-organic-wildflower-100-natural-170-g-unfiltered-unheated-from-non-vacuum-fed-bees-with-high-concentration-of-protein-minerals\/\" \/>\n<meta property=\"og:site_name\" content=\"PureHiveHoney\" \/>\n<meta property=\"article:modified_time\" content=\"2026-03-15T23:36:13+00:00\" \/>\n<meta name=\"twitter:card\" content=\"summary_large_image\" \/>\n<meta name=\"twitter:label1\" content=\"Gesch\u00e4tzte Lesezeit\" \/>\n\t<meta name=\"twitter:data1\" content=\"1\u00a0Minute\" \/>\n<script type=\"application\/ld+json\" class=\"yoast-schema-graph\">{\"@context\":\"https:\\\/\\\/schema.org\",\"@graph\":[{\"@type\":\"WebPage\",\"@id\":\"https:\\\/\\\/purehivehoney.com\\\/de\\\/product\\\/pure-raw-honey-with-lemon-and-mint-organic-wildflower-100-natural-170-g-unfiltered-unheated-from-non-vacuum-fed-bees-with-high-concentration-of-protein-minerals\\\/\",\"url\":\"https:\\\/\\\/purehivehoney.com\\\/de\\\/product\\\/pure-raw-honey-with-lemon-and-mint-organic-wildflower-100-natural-170-g-unfiltered-unheated-from-non-vacuum-fed-bees-with-high-concentration-of-protein-minerals\\\/\",\"name\":\"Pure Raw Honey with Lemon and Mint Organic Wildflower 100% Natural, 170 g Unfiltered Unheated from Non-Vacuum-fed Bees with High Concentration of Protein Minerals - PureHiveHoney\",\"isPartOf\":{\"@id\":\"https:\\\/\\\/purehivehoney.com\\\/de\\\/#website\"},\"primaryImageOfPage\":{\"@id\":\"https:\\\/\\\/purehivehoney.com\\\/de\\\/product\\\/pure-raw-honey-with-lemon-and-mint-organic-wildflower-100-natural-170-g-unfiltered-unheated-from-non-vacuum-fed-bees-with-high-concentration-of-protein-minerals\\\/#primaryimage\"},\"image\":{\"@id\":\"https:\\\/\\\/purehivehoney.com\\\/de\\\/product\\\/pure-raw-honey-with-lemon-and-mint-organic-wildflower-100-natural-170-g-unfiltered-unheated-from-non-vacuum-fed-bees-with-high-concentration-of-protein-minerals\\\/#primaryimage\"},\"thumbnailUrl\":\"https:\\\/\\\/purehivehoney.com\\\/de\\\/wp-content\\\/uploads\\\/2026\\\/03\\\/51vIGBjNmOL._SL1080_.jpg\",\"datePublished\":\"2026-03-15T20:24:23+00:00\",\"dateModified\":\"2026-03-15T23:36:13+00:00\",\"description\":\"Entdecken Sie hochwertigen Rohhonig, Bio Honig, Manuka Honig und nat\u00fcrliche Bienenprodukte. PureHiveHoney hilft Ihnen dabei, sorgf\u00e4ltig ausgew\u00e4hlte Honigsorten mit nat\u00fcrlicher Qualit\u00e4t und Reinheit zu entdecken.\",\"breadcrumb\":{\"@id\":\"https:\\\/\\\/purehivehoney.com\\\/de\\\/product\\\/pure-raw-honey-with-lemon-and-mint-organic-wildflower-100-natural-170-g-unfiltered-unheated-from-non-vacuum-fed-bees-with-high-concentration-of-protein-minerals\\\/#breadcrumb\"},\"inLanguage\":\"de\",\"potentialAction\":[{\"@type\":\"ReadAction\",\"target\":[\"https:\\\/\\\/purehivehoney.com\\\/de\\\/product\\\/pure-raw-honey-with-lemon-and-mint-organic-wildflower-100-natural-170-g-unfiltered-unheated-from-non-vacuum-fed-bees-with-high-concentration-of-protein-minerals\\\/\"]}]},{\"@type\":\"ImageObject\",\"inLanguage\":\"de\",\"@id\":\"https:\\\/\\\/purehivehoney.com\\\/de\\\/product\\\/pure-raw-honey-with-lemon-and-mint-organic-wildflower-100-natural-170-g-unfiltered-unheated-from-non-vacuum-fed-bees-with-high-concentration-of-protein-minerals\\\/#primaryimage\",\"url\":\"https:\\\/\\\/purehivehoney.com\\\/de\\\/wp-content\\\/uploads\\\/2026\\\/03\\\/51vIGBjNmOL._SL1080_.jpg\",\"contentUrl\":\"https:\\\/\\\/purehivehoney.com\\\/de\\\/wp-content\\\/uploads\\\/2026\\\/03\\\/51vIGBjNmOL._SL1080_.jpg\",\"width\":1080,\"height\":1080},{\"@type\":\"BreadcrumbList\",\"@id\":\"https:\\\/\\\/purehivehoney.com\\\/de\\\/product\\\/pure-raw-honey-with-lemon-and-mint-organic-wildflower-100-natural-170-g-unfiltered-unheated-from-non-vacuum-fed-bees-with-high-concentration-of-protein-minerals\\\/#breadcrumb\",\"itemListElement\":[{\"@type\":\"ListItem\",\"position\":1,\"name\":\"Home\",\"item\":\"https:\\\/\\\/purehivehoney.com\\\/de\\\/\"},{\"@type\":\"ListItem\",\"position\":2,\"name\":\"Shop\",\"item\":\"https:\\\/\\\/purehivehoney.com\\\/de\\\/shop\\\/\"},{\"@type\":\"ListItem\",\"position\":3,\"name\":\"Pure Raw Honey with Lemon and Mint ...\"}]},{\"@type\":\"WebSite\",\"@id\":\"https:\\\/\\\/purehivehoney.com\\\/de\\\/#website\",\"url\":\"https:\\\/\\\/purehivehoney.com\\\/de\\\/\",\"name\":\"PureHiveHoney\",\"description\":\"Reiner Honig &amp; Bienenprodukte Online | Rohhonig, Bio Honig &amp; Spezialhonig\",\"publisher\":{\"@id\":\"https:\\\/\\\/purehivehoney.com\\\/de\\\/#organization\"},\"potentialAction\":[{\"@type\":\"SearchAction\",\"target\":{\"@type\":\"EntryPoint\",\"urlTemplate\":\"https:\\\/\\\/purehivehoney.com\\\/de\\\/?s={search_term_string}\"},\"query-input\":{\"@type\":\"PropertyValueSpecification\",\"valueRequired\":true,\"valueName\":\"search_term_string\"}}],\"inLanguage\":\"de\"},{\"@type\":\"Organization\",\"@id\":\"https:\\\/\\\/purehivehoney.com\\\/de\\\/#organization\",\"name\":\"PureHiveHoney\",\"url\":\"https:\\\/\\\/purehivehoney.com\\\/de\\\/\",\"logo\":{\"@type\":\"ImageObject\",\"inLanguage\":\"de\",\"@id\":\"https:\\\/\\\/purehivehoney.com\\\/de\\\/#\\\/schema\\\/logo\\\/image\\\/\",\"url\":\"https:\\\/\\\/purehivehoney.com\\\/de\\\/wp-content\\\/uploads\\\/2026\\\/03\\\/Screenshot-2026-03-16-at-1.06.01-AM.png\",\"contentUrl\":\"https:\\\/\\\/purehivehoney.com\\\/de\\\/wp-content\\\/uploads\\\/2026\\\/03\\\/Screenshot-2026-03-16-at-1.06.01-AM.png\",\"width\":2112,\"height\":1086,\"caption\":\"PureHiveHoney\"},\"image\":{\"@id\":\"https:\\\/\\\/purehivehoney.com\\\/de\\\/#\\\/schema\\\/logo\\\/image\\\/\"}}]}<\/script>\n<!-- \/ Yoast SEO plugin. -->","yoast_head_json":{"title":"Pure Raw Honey with Lemon and Mint Organic Wildflower 100% Natural, 170 g Unfiltered Unheated from Non-Vacuum-fed Bees with High Concentration of Protein Minerals - PureHiveHoney","description":"Entdecken Sie hochwertigen Rohhonig, Bio Honig, Manuka Honig und nat\u00fcrliche Bienenprodukte. PureHiveHoney hilft Ihnen dabei, sorgf\u00e4ltig ausgew\u00e4hlte Honigsorten mit nat\u00fcrlicher Qualit\u00e4t und Reinheit zu entdecken.","robots":{"index":"index","follow":"follow","max-snippet":"max-snippet:-1","max-image-preview":"max-image-preview:large","max-video-preview":"max-video-preview:-1"},"canonical":"https:\/\/purehivehoney.com\/de\/product\/pure-raw-honey-with-lemon-and-mint-organic-wildflower-100-natural-170-g-unfiltered-unheated-from-non-vacuum-fed-bees-with-high-concentration-of-protein-minerals\/","og_locale":"de_DE","og_type":"article","og_title":"Pure Raw Honey with Lemon and Mint Organic Wildflower 100% Natural, 170 g Unfiltered Unheated from Non-Vacuum-fed Bees with High Concentration of Protein Minerals - PureHiveHoney","og_description":"Entdecken Sie hochwertigen Rohhonig, Bio Honig, Manuka Honig und nat\u00fcrliche Bienenprodukte. PureHiveHoney hilft Ihnen dabei, sorgf\u00e4ltig ausgew\u00e4hlte Honigsorten mit nat\u00fcrlicher Qualit\u00e4t und Reinheit zu entdecken.","og_url":"https:\/\/purehivehoney.com\/de\/product\/pure-raw-honey-with-lemon-and-mint-organic-wildflower-100-natural-170-g-unfiltered-unheated-from-non-vacuum-fed-bees-with-high-concentration-of-protein-minerals\/","og_site_name":"PureHiveHoney","article_modified_time":"2026-03-15T23:36:13+00:00","twitter_card":"summary_large_image","twitter_misc":{"Gesch\u00e4tzte Lesezeit":"1\u00a0Minute"},"schema":{"@context":"https:\/\/schema.org","@graph":[{"@type":"WebPage","@id":"https:\/\/purehivehoney.com\/de\/product\/pure-raw-honey-with-lemon-and-mint-organic-wildflower-100-natural-170-g-unfiltered-unheated-from-non-vacuum-fed-bees-with-high-concentration-of-protein-minerals\/","url":"https:\/\/purehivehoney.com\/de\/product\/pure-raw-honey-with-lemon-and-mint-organic-wildflower-100-natural-170-g-unfiltered-unheated-from-non-vacuum-fed-bees-with-high-concentration-of-protein-minerals\/","name":"Pure Raw Honey with Lemon and Mint Organic Wildflower 100% Natural, 170 g Unfiltered Unheated from Non-Vacuum-fed Bees with High Concentration of Protein Minerals - PureHiveHoney","isPartOf":{"@id":"https:\/\/purehivehoney.com\/de\/#website"},"primaryImageOfPage":{"@id":"https:\/\/purehivehoney.com\/de\/product\/pure-raw-honey-with-lemon-and-mint-organic-wildflower-100-natural-170-g-unfiltered-unheated-from-non-vacuum-fed-bees-with-high-concentration-of-protein-minerals\/#primaryimage"},"image":{"@id":"https:\/\/purehivehoney.com\/de\/product\/pure-raw-honey-with-lemon-and-mint-organic-wildflower-100-natural-170-g-unfiltered-unheated-from-non-vacuum-fed-bees-with-high-concentration-of-protein-minerals\/#primaryimage"},"thumbnailUrl":"https:\/\/purehivehoney.com\/de\/wp-content\/uploads\/2026\/03\/51vIGBjNmOL._SL1080_.jpg","datePublished":"2026-03-15T20:24:23+00:00","dateModified":"2026-03-15T23:36:13+00:00","description":"Entdecken Sie hochwertigen Rohhonig, Bio Honig, Manuka Honig und nat\u00fcrliche Bienenprodukte. PureHiveHoney hilft Ihnen dabei, sorgf\u00e4ltig ausgew\u00e4hlte Honigsorten mit nat\u00fcrlicher Qualit\u00e4t und Reinheit zu entdecken.","breadcrumb":{"@id":"https:\/\/purehivehoney.com\/de\/product\/pure-raw-honey-with-lemon-and-mint-organic-wildflower-100-natural-170-g-unfiltered-unheated-from-non-vacuum-fed-bees-with-high-concentration-of-protein-minerals\/#breadcrumb"},"inLanguage":"de","potentialAction":[{"@type":"ReadAction","target":["https:\/\/purehivehoney.com\/de\/product\/pure-raw-honey-with-lemon-and-mint-organic-wildflower-100-natural-170-g-unfiltered-unheated-from-non-vacuum-fed-bees-with-high-concentration-of-protein-minerals\/"]}]},{"@type":"ImageObject","inLanguage":"de","@id":"https:\/\/purehivehoney.com\/de\/product\/pure-raw-honey-with-lemon-and-mint-organic-wildflower-100-natural-170-g-unfiltered-unheated-from-non-vacuum-fed-bees-with-high-concentration-of-protein-minerals\/#primaryimage","url":"https:\/\/purehivehoney.com\/de\/wp-content\/uploads\/2026\/03\/51vIGBjNmOL._SL1080_.jpg","contentUrl":"https:\/\/purehivehoney.com\/de\/wp-content\/uploads\/2026\/03\/51vIGBjNmOL._SL1080_.jpg","width":1080,"height":1080},{"@type":"BreadcrumbList","@id":"https:\/\/purehivehoney.com\/de\/product\/pure-raw-honey-with-lemon-and-mint-organic-wildflower-100-natural-170-g-unfiltered-unheated-from-non-vacuum-fed-bees-with-high-concentration-of-protein-minerals\/#breadcrumb","itemListElement":[{"@type":"ListItem","position":1,"name":"Home","item":"https:\/\/purehivehoney.com\/de\/"},{"@type":"ListItem","position":2,"name":"Shop","item":"https:\/\/purehivehoney.com\/de\/shop\/"},{"@type":"ListItem","position":3,"name":"Pure Raw Honey with Lemon and Mint ..."}]},{"@type":"WebSite","@id":"https:\/\/purehivehoney.com\/de\/#website","url":"https:\/\/purehivehoney.com\/de\/","name":"PureHiveHoney","description":"Reiner Honig &amp; Bienenprodukte Online | Rohhonig, Bio Honig &amp; Spezialhonig","publisher":{"@id":"https:\/\/purehivehoney.com\/de\/#organization"},"potentialAction":[{"@type":"SearchAction","target":{"@type":"EntryPoint","urlTemplate":"https:\/\/purehivehoney.com\/de\/?s={search_term_string}"},"query-input":{"@type":"PropertyValueSpecification","valueRequired":true,"valueName":"search_term_string"}}],"inLanguage":"de"},{"@type":"Organization","@id":"https:\/\/purehivehoney.com\/de\/#organization","name":"PureHiveHoney","url":"https:\/\/purehivehoney.com\/de\/","logo":{"@type":"ImageObject","inLanguage":"de","@id":"https:\/\/purehivehoney.com\/de\/#\/schema\/logo\/image\/","url":"https:\/\/purehivehoney.com\/de\/wp-content\/uploads\/2026\/03\/Screenshot-2026-03-16-at-1.06.01-AM.png","contentUrl":"https:\/\/purehivehoney.com\/de\/wp-content\/uploads\/2026\/03\/Screenshot-2026-03-16-at-1.06.01-AM.png","width":2112,"height":1086,"caption":"PureHiveHoney"},"image":{"@id":"https:\/\/purehivehoney.com\/de\/#\/schema\/logo\/image\/"}}]}},"_links":{"self":[{"href":"https:\/\/purehivehoney.com\/de\/wp-json\/wp\/v2\/product\/271","targetHints":{"allow":["GET"]}}],"collection":[{"href":"https:\/\/purehivehoney.com\/de\/wp-json\/wp\/v2\/product"}],"about":[{"href":"https:\/\/purehivehoney.com\/de\/wp-json\/wp\/v2\/types\/product"}],"replies":[{"embeddable":true,"href":"https:\/\/purehivehoney.com\/de\/wp-json\/wp\/v2\/comments?post=271"}],"wp:featuredmedia":[{"embeddable":true,"href":"https:\/\/purehivehoney.com\/de\/wp-json\/wp\/v2\/media\/272"}],"wp:attachment":[{"href":"https:\/\/purehivehoney.com\/de\/wp-json\/wp\/v2\/media?parent=271"}],"wp:term":[{"taxonomy":"store","embeddable":true,"href":"https:\/\/purehivehoney.com\/de\/wp-json\/wp\/v2\/store?post=271"},{"taxonomy":"product_brand","embeddable":true,"href":"https:\/\/purehivehoney.com\/de\/wp-json\/wp\/v2\/product_brand?post=271"},{"taxonomy":"product_cat","embeddable":true,"href":"https:\/\/purehivehoney.com\/de\/wp-json\/wp\/v2\/product_cat?post=271"},{"taxonomy":"product_tag","embeddable":true,"href":"https:\/\/purehivehoney.com\/de\/wp-json\/wp\/v2\/product_tag?post=271"}],"curies":[{"name":"wp","href":"https:\/\/api.w.org\/{rel}","templated":true}]}}