{"id":2702,"date":"2026-04-05T04:58:42","date_gmt":"2026-04-05T04:58:42","guid":{"rendered":"https:\/\/purehivehoney.com\/de\/product\/venta-comfort-plus-air-washer-lw25-2\/"},"modified":"2026-04-05T04:58:47","modified_gmt":"2026-04-05T04:58:47","slug":"venta-comfort-plus-air-washer-lw25-2","status":"publish","type":"product","link":"https:\/\/purehivehoney.com\/de\/product\/venta-comfort-plus-air-washer-lw25-2\/","title":{"rendered":"Venta Comfort Plus Air Washer LW25"},"content":{"rendered":"<p>                                             From the manufacturer   <\/p>\n<p>                                                                                                       <img decoding=\"async\" alt=\"Header LW45 C+\" src=\"https:\/\/images-na.ssl-images-amazon.com\/images\/G\/01\/x-locale\/common\/grey-pixel.gif\" class=\"a-lazy-loaded\" data-src=\"https:\/\/m.media-amazon.com\/images\/S\/aplus-media-library-service-media\/acaffb00-c8a3-4a76-b092-4f6483a6ada8.__CR0,0,1464,600_PT0_SX1464_V1___.jpg\"><img decoding=\"async\" alt=\"Header LW45 C+\" src=\"https:\/\/m.media-amazon.com\/images\/S\/aplus-media-library-service-media\/acaffb00-c8a3-4a76-b092-4f6483a6ada8.__CR0,0,1464,600_PT0_SX1464_V1___.jpg\">                                                 LW45 Comfort Plus Luftbefeuchter                                              Optimale Raumfeuchtigkeit von 40-60 %                                        <\/p>\n<p class=\"aplus-p2 aplus-module-2-description\"> Die Luftfeuchtigkeit kann zu Ihrem Wohlbe\ufb01nden beitragen. Daher haben wir einen leistungsstarken und leisen Luftbefeuchter entwickelt. Mit seiner Technologie reduziert er Schadstoffe bei einer Raumluftfeuchtigkeit von 40-60 %aus der Luft. <\/p>\n<p>                                                                <img decoding=\"async\" alt=\"\" src=\"https:\/\/images-na.ssl-images-amazon.com\/images\/G\/01\/x-locale\/common\/grey-pixel.gif\" class=\"a-lazy-loaded\" data-src=\"https:\/\/m.media-amazon.com\/images\/S\/aplus-media-library-service-media\/68fca4b6-1539-460e-b6a5-f907995b851d.__CR0,0,1464,600_PT0_SX1464_V1___.jpg\"><img decoding=\"async\" alt=\"\" src=\"https:\/\/m.media-amazon.com\/images\/S\/aplus-media-library-service-media\/68fca4b6-1539-460e-b6a5-f907995b851d.__CR0,0,1464,600_PT0_SX1464_V1___.jpg\">        <\/p>\n<p>                                                                <img decoding=\"async\" alt=\"Einfache Reinigung\" src=\"https:\/\/images-na.ssl-images-amazon.com\/images\/G\/01\/x-locale\/common\/grey-pixel.gif\" class=\"a-lazy-loaded\" data-src=\"https:\/\/m.media-amazon.com\/images\/S\/aplus-media-library-service-media\/60fb84b3-1f6e-4aec-98ca-3a0b77ea170c.__CR0,0,800,600_PT0_SX800_V1___.jpg\"><img decoding=\"async\" alt=\"Einfache Reinigung\" src=\"https:\/\/m.media-amazon.com\/images\/S\/aplus-media-library-service-media\/60fb84b3-1f6e-4aec-98ca-3a0b77ea170c.__CR0,0,800,600_PT0_SX800_V1___.jpg\">                                    Langlebig und sehr wartungsarm                                          <\/p>\n<h3 class=\"aplus-h1 aplus-module-1-heading a-text-bold\"> Einfache Reinigung <\/h3>\n<p class=\"aplus-p2 aplus-module-1-description\"> Mit einem Handgriff lassen sich die Elektrik und der Ventilator aus dem Geha\u0308use heben. Um das Gera\u0308t zu reinigen, tauschen Sie rund alle 14 Tage das Wasser aus, entfernen Ablagerungen in der Wanne und sp\u00fclen den Plattenstapel  mit Wasser ab. Abschlie\u00dfen f\u00fcllen Sie frisches Wasser sowie das Venta Hygienemittel ein. <\/p>\n<p>                                                           Hygienische Kaltverdunstung                                          <\/p>\n<h3 class=\"aplus-h1 aplus-module-1-heading a-text-bold\"> Innovative Methode der Luftbefeuchtung &#8211; Ohne Matten und Filter <\/h3>\n<p class=\"aplus-p2 aplus-module-1-description\"> Unsere Comfort Plus Luftbefeuchter arbeiten nur mit Wasser sowie ohne zusa\u0308tzliche Matten oder Filter und funktionieren \u00fcber das Prinzip der Kaltverdunstung. Mit einem neuartigen VentWave 3D-Plattenstapel, der in einer Wasserwanne rotiert, verdunstet hygienisch sauberes Wasser zur Raumluftbefeuchtung. Gleichzeitig reduziert er  auf nat\u00fcrliche Weise Luftschadstoffe, wie z. B. Hausstaub oder Pollen, aus der Raumluft oder bindet sie im Wasser des Ger\u00e4tes. <\/p>\n<p>                                           <img decoding=\"async\" alt=\"VentWave LW45 C+\" src=\"https:\/\/images-na.ssl-images-amazon.com\/images\/G\/01\/x-locale\/common\/grey-pixel.gif\" class=\"a-lazy-loaded\" data-src=\"https:\/\/m.media-amazon.com\/images\/S\/aplus-media-library-service-media\/7f8759ac-83d9-4542-ae87-53df63b53b12.__CR0,0,800,600_PT0_SX800_V1___.jpg\"><img decoding=\"async\" alt=\"VentWave LW45 C+\" src=\"https:\/\/m.media-amazon.com\/images\/S\/aplus-media-library-service-media\/7f8759ac-83d9-4542-ae87-53df63b53b12.__CR0,0,800,600_PT0_SX800_V1___.jpg\">          <\/p>\n<p>                                                            ZEIT ZUM DURCHATMEN                                            <img decoding=\"async\" alt=\"LW25 Comfort Plus\" src=\"https:\/\/images-na.ssl-images-amazon.com\/images\/G\/01\/x-locale\/common\/grey-pixel.gif\" class=\"a-lazy-loaded\" data-src=\"https:\/\/m.media-amazon.com\/images\/S\/aplus-media-library-service-media\/2443bc2e-0111-4a49-a1eb-5ee54f78a369.__CR0,24,650,350_PT0_SX650_V1___.jpg\"><img decoding=\"async\" alt=\"LW25 Comfort Plus\" src=\"https:\/\/m.media-amazon.com\/images\/S\/aplus-media-library-service-media\/2443bc2e-0111-4a49-a1eb-5ee54f78a369.__CR0,24,650,350_PT0_SX650_V1___.jpg\">                                            Ideale Luftfeuchtigkeit f\u00fcr Ihre Wohnr\u00e4ume                                         <\/p>\n<p class=\"aplus-p3\"> Vor allem im Winter und Herbst, wenn viel geheizt wird, herrscht eine trockene Raumluft. Eine wertvolle Unterst\u00fctzung f\u00fcr ein angenehmes Raumklima bietet der Luftbefeuchter Comfort Plus. Denn er f\u00f6rdert eine Luftfeuchtigkeit zwischen 40 und 60 Prozent. Somit ist Wohlf\u00fchlambiente garantiert. <\/p>\n<p>                                           <img decoding=\"async\" alt=\"Wohnraum\" src=\"https:\/\/images-na.ssl-images-amazon.com\/images\/G\/01\/x-locale\/common\/grey-pixel.gif\" class=\"a-lazy-loaded\" data-src=\"https:\/\/m.media-amazon.com\/images\/S\/aplus-media-library-service-media\/cbc6a7dc-755c-4360-b194-6772b603e9f9.__CR0,0,650,350_PT0_SX650_V1___.jpg\"><img decoding=\"async\" alt=\"Wohnraum\" src=\"https:\/\/m.media-amazon.com\/images\/S\/aplus-media-library-service-media\/cbc6a7dc-755c-4360-b194-6772b603e9f9.__CR0,0,650,350_PT0_SX650_V1___.jpg\">                                            Ideale Luftfeuchtigkeit f\u00fcr Holzm\u00f6bel- und B\u00f6den                                         <\/p>\n<p class=\"aplus-p3\"> Der Luftbefeuchter Comfort Plus tr\u00e4gt nicht nur zu einem guten Raumklima bei, auch Ihre Holzm\u00f6bel bleiben Ihnen lange erhalten. Denn durch die optimale Luftfeuchtigkeit k\u00f6nnen auch Risse und Fugen im Holz vorgebeugt werden, die bei trockener Luft entstehen k\u00f6nnten. <\/p>\n<p>                                                                                              <img decoding=\"async\" alt=\"Optimales Raumklima im B\u00fcro\" src=\"https:\/\/images-na.ssl-images-amazon.com\/images\/G\/01\/x-locale\/common\/grey-pixel.gif\" class=\"a-lazy-loaded\" data-src=\"https:\/\/m.media-amazon.com\/images\/S\/aplus-media-library-service-media\/0c6da16f-c2e7-410c-ac84-f8a4e579b37d.__CR0,0,650,350_PT0_SX650_V1___.jpg\"><img decoding=\"async\" alt=\"Optimales Raumklima im B\u00fcro\" src=\"https:\/\/m.media-amazon.com\/images\/S\/aplus-media-library-service-media\/0c6da16f-c2e7-410c-ac84-f8a4e579b37d.__CR0,0,650,350_PT0_SX650_V1___.jpg\">                                            Optimales Raumklima im B\u00fcro                                         <\/p>\n<p class=\"aplus-p3\"> Computer, Drucker und anderes technisches Equipment k\u00f6nnen in B\u00fcros zu trockener Luft beitragen. Abhilfe kann ein Luftbefeuchter schaffen. Hier kann Sie Comfort Plus bei R\u00e4umen bis zu 60 m\u00b2 unterst\u00fctzen. <\/p>\n<p>                                           <img decoding=\"async\" alt=\"Schlafzimmer LW25 Comfort Plus\" src=\"https:\/\/images-na.ssl-images-amazon.com\/images\/G\/01\/x-locale\/common\/grey-pixel.gif\" class=\"a-lazy-loaded\" data-src=\"https:\/\/m.media-amazon.com\/images\/S\/aplus-media-library-service-media\/1245491f-0398-49b0-b50e-883ffc6c3ff3.__CR0,0,3840,2068_PT0_SX650_V1___.jpg\"><img decoding=\"async\" alt=\"Schlafzimmer LW25 Comfort Plus\" src=\"https:\/\/m.media-amazon.com\/images\/S\/aplus-media-library-service-media\/1245491f-0398-49b0-b50e-883ffc6c3ff3.__CR0,0,3840,2068_PT0_SX650_V1___.jpg\">                                            Mit dem Sleep-Modus ideal f\u00fcr das Schlafzimmer                                         <\/p>\n<p class=\"aplus-p3\"> Entspannung, Ruhe und ein angenehmes Raumklima sorgen im Schlafzimmer f\u00fcr ein optimales Wohlf\u00fchlambiente. Eine wertvolle Unterst\u00fctzung bietet der Comfort Plus mit Sleep-Modus sowie gedimmter Displaybeleuchtung und \ufb02u\u0308sterleiser Leistungsstufe. <\/p>\n<h3 class=\"a-text-center aplus-h1 a-text-bold\"> GANZ ENTSPANNT ZU GUTER RAUMLUFT <\/h3>\n<p>                         Add To Basket  <\/p>\n<p>                         Add To Basket  <\/p>\n<p>                         Add To Basket  <\/p>\n<p>                                     Customer Reviews  <\/p>\n<p>                    4.3 out of 5 stars  1,019  <\/p>\n<p>                    4.3 out of 5 stars  1,019  <\/p>\n<p>                    4.2 out of 5 stars  3,593  <\/p>\n<p>                    4.1 out of 5 stars  68  <\/p>\n<p>                                     Price  <\/p>\n<p>                                                        USD\u00a0352.30USD352.30     <\/p>\n<p>                                                        USD\u00a0269.04USD269.04     <\/p>\n<p>                                                        USD\u00a0164.49USD164.49     <\/p>\n<p>                                                        \u2014    <\/p>\n<p>                                     Art  <\/p>\n<p>                                                Luftbefeuchter    <\/p>\n<p>                                                Luftbefeuchter    <\/p>\n<p>                                                Luftbefeuchter    <\/p>\n<p>                                                Luftbefeuchter    <\/p>\n<p>                                     Raumgr\u00f6\u00dfe bis  <\/p>\n<p>                                                68 m\u00b2    <\/p>\n<p>                                                49 m\u00b2    <\/p>\n<p>                                                29 m\u00b2    <\/p>\n<p>                                                90 m\u00b2    <\/p>\n<p>                                     Luftbefeuchtung f\u00fcr 40-60%  <\/p>\n<p>                                                Serienm\u00e4\u00dfig    <\/p>\n<p>                                                Serienm\u00e4\u00dfig    <\/p>\n<p>                                                Serienm\u00e4\u00dfig    <\/p>\n<p>                                                Serienm\u00e4\u00dfig    <\/p>\n<p>                                     Steuerung  <\/p>\n<p>                                                Interaktives Touchdisplay    <\/p>\n<p>                                                Interaktives Touchdisplay    <\/p>\n<p>                                                Drucktaste    <\/p>\n<p>                                                Interaktives Touchdisplay    <\/p>\n<p>                                     Messsensoren  <\/p>\n<p>                                                Luftfeuchtigkeit    <\/p>\n<p>                                                Luftfeuchtigkeit    <\/p>\n<p>                                                &#8211;     <\/p>\n<p>                                                Luftfeuchtigkeit    <\/p>\n<p>                                     Ger\u00e4uschentwicklung je Stufe  <\/p>\n<p>                                                21\/ 27 \/ 38 dB(A)    <\/p>\n<p>                                                21 \/ 27 \/ 37 dB(A)    <\/p>\n<p>                                                20 \/ 21 \/ 25 dB(A)    <\/p>\n<p>                                                27\/ 35 \/ 41 \/ 47 dB(A)    <\/p>\n<p>                                     Stromverbrauch je Stufe  <\/p>\n<p>                                                2 \/ 4 \/ 6,5 Watt    <\/p>\n<p>                                                2 \/ 4 \/ 6,5 Watt    <\/p>\n<p>                                                2 \/ 2\/ 3 Watt    <\/p>\n<p>                                                11 \/ 14 \/ 17\/ 24 Watt    <\/p>\n<p>                                     Maximaler Wasserinhalt  <\/p>\n<p>                                                10 Liter    <\/p>\n<p>                                                7 Liter    <\/p>\n<p>                                                5 Liter    <\/p>\n<p>                                                9 Liter    <\/p>\n<p>                                     Abmessungen (L x B x H)  <\/p>\n<p>                                                45 x 30 x 33 cm    <\/p>\n<p>                                                30 x 30 x 33 cm    <\/p>\n<p>                                                26 x 28 x 31 cm    <\/p>\n<p>                                                42 x 29 x 54 cm    <\/p>\n<p>                                     Gewicht  <\/p>\n<p>                                                5,2 kg    <\/p>\n<p>                                                3,5 kg    <\/p>\n<p>                                                3 kg    <\/p>\n<p>                                                10,5 kg    <\/p>\n<p>                                     App Steuerung  <\/p>\n<p>                                                nein    <\/p>\n<p>                                                nein    <\/p>\n<p>                                                nein    <\/p>\n<p>                                                Serienm\u00e4\u00dfig WiFi\/WLAN    <\/p>\n<p>Highly efficient air humidification thanks to VentWave 3D technology<br \/>Ingeniously simple operating comfort with fully automatic control<br \/>High-quality sensor technology for real-time humidity display and control<br \/>Natural reduction of pollen and house dust &#8211; important for allergy sufferers<br \/>No filter mats &#8211; water is the filter: hygienic, easy to clean, uncomplicated<\/p>\n\n","protected":false},"excerpt":{"rendered":"<p>From the manufacturer LW45 Comfort Plus Luftbefeuchter Optimale Raumfeuchtigkeit von 40-60 % Die Luftfeuchtigkeit kann zu Ihrem Wohlbe\ufb01nden beitragen. Daher haben wir einen leistungsstarken und leisen Luftbefeuchter entwickelt. Mit seiner Technologie reduziert er Schadstoffe bei einer Raumluftfeuchtigkeit von 40-60 %aus der Luft. Langlebig und sehr wartungsarm Einfache Reinigung Mit einem Handgriff lassen sich die Elektrik [&hellip;]<\/p>\n","protected":false},"featured_media":2703,"comment_status":"open","ping_status":"closed","template":"","meta":{"_aipt_faq_data":""},"store":[],"product_brand":[354],"product_cat":[43],"product_tag":[353],"class_list":{"0":"post-2702","1":"product","2":"type-product","3":"status-publish","4":"has-post-thumbnail","6":"product_brand-venta","7":"product_cat-waldhonig","8":"product_tag-bio-waldhonig-direkt","10":"first","11":"instock","12":"shipping-taxable","13":"product-type-external"},"yoast_head":"<!-- This site is optimized with the Yoast SEO plugin v27.4 - https:\/\/yoast.com\/product\/yoast-seo-wordpress\/ -->\n<title>Venta Comfort Plus Air Washer LW25 - PureHiveHoney<\/title>\n<meta name=\"description\" content=\"Entdecken Sie hochwertigen Rohhonig, Bio Honig, Manuka Honig und nat\u00fcrliche Bienenprodukte. PureHiveHoney hilft Ihnen dabei, sorgf\u00e4ltig ausgew\u00e4hlte Honigsorten mit nat\u00fcrlicher Qualit\u00e4t und Reinheit zu entdecken.\" \/>\n<meta name=\"robots\" content=\"index, follow, max-snippet:-1, max-image-preview:large, max-video-preview:-1\" \/>\n<link rel=\"canonical\" href=\"https:\/\/purehivehoney.com\/de\/product\/venta-comfort-plus-air-washer-lw25-2\/\" \/>\n<meta property=\"og:locale\" content=\"de_DE\" \/>\n<meta property=\"og:type\" content=\"article\" \/>\n<meta property=\"og:title\" content=\"Venta Comfort Plus Air Washer LW25 - PureHiveHoney\" \/>\n<meta property=\"og:description\" content=\"Entdecken Sie hochwertigen Rohhonig, Bio Honig, Manuka Honig und nat\u00fcrliche Bienenprodukte. PureHiveHoney hilft Ihnen dabei, sorgf\u00e4ltig ausgew\u00e4hlte Honigsorten mit nat\u00fcrlicher Qualit\u00e4t und Reinheit zu entdecken.\" \/>\n<meta property=\"og:url\" content=\"https:\/\/purehivehoney.com\/de\/product\/venta-comfort-plus-air-washer-lw25-2\/\" \/>\n<meta property=\"og:site_name\" content=\"PureHiveHoney\" \/>\n<meta property=\"article:modified_time\" content=\"2026-04-05T04:58:47+00:00\" \/>\n<meta property=\"og:image\" content=\"https:\/\/images-na.ssl-images-amazon.com\/images\/G\/01\/x-locale\/common\/grey-pixel.gif\" \/>\n<meta name=\"twitter:card\" content=\"summary_large_image\" \/>\n<meta name=\"twitter:label1\" content=\"Gesch\u00e4tzte Lesezeit\" \/>\n\t<meta name=\"twitter:data1\" content=\"3\u00a0Minuten\" \/>\n<script type=\"application\/ld+json\" class=\"yoast-schema-graph\">{\"@context\":\"https:\\\/\\\/schema.org\",\"@graph\":[{\"@type\":\"WebPage\",\"@id\":\"https:\\\/\\\/purehivehoney.com\\\/de\\\/product\\\/venta-comfort-plus-air-washer-lw25-2\\\/\",\"url\":\"https:\\\/\\\/purehivehoney.com\\\/de\\\/product\\\/venta-comfort-plus-air-washer-lw25-2\\\/\",\"name\":\"Venta Comfort Plus Air Washer LW25 - PureHiveHoney\",\"isPartOf\":{\"@id\":\"https:\\\/\\\/purehivehoney.com\\\/de\\\/#website\"},\"primaryImageOfPage\":{\"@id\":\"https:\\\/\\\/purehivehoney.com\\\/de\\\/product\\\/venta-comfort-plus-air-washer-lw25-2\\\/#primaryimage\"},\"image\":{\"@id\":\"https:\\\/\\\/purehivehoney.com\\\/de\\\/product\\\/venta-comfort-plus-air-washer-lw25-2\\\/#primaryimage\"},\"thumbnailUrl\":\"https:\\\/\\\/purehivehoney.com\\\/de\\\/wp-content\\\/uploads\\\/2026\\\/04\\\/71zf1WBqrdL._AC_SL1500_.jpg\",\"datePublished\":\"2026-04-05T04:58:42+00:00\",\"dateModified\":\"2026-04-05T04:58:47+00:00\",\"description\":\"Entdecken Sie hochwertigen Rohhonig, Bio Honig, Manuka Honig und nat\u00fcrliche Bienenprodukte. PureHiveHoney hilft Ihnen dabei, sorgf\u00e4ltig ausgew\u00e4hlte Honigsorten mit nat\u00fcrlicher Qualit\u00e4t und Reinheit zu entdecken.\",\"breadcrumb\":{\"@id\":\"https:\\\/\\\/purehivehoney.com\\\/de\\\/product\\\/venta-comfort-plus-air-washer-lw25-2\\\/#breadcrumb\"},\"inLanguage\":\"de\",\"potentialAction\":[{\"@type\":\"ReadAction\",\"target\":[\"https:\\\/\\\/purehivehoney.com\\\/de\\\/product\\\/venta-comfort-plus-air-washer-lw25-2\\\/\"]}]},{\"@type\":\"ImageObject\",\"inLanguage\":\"de\",\"@id\":\"https:\\\/\\\/purehivehoney.com\\\/de\\\/product\\\/venta-comfort-plus-air-washer-lw25-2\\\/#primaryimage\",\"url\":\"https:\\\/\\\/purehivehoney.com\\\/de\\\/wp-content\\\/uploads\\\/2026\\\/04\\\/71zf1WBqrdL._AC_SL1500_.jpg\",\"contentUrl\":\"https:\\\/\\\/purehivehoney.com\\\/de\\\/wp-content\\\/uploads\\\/2026\\\/04\\\/71zf1WBqrdL._AC_SL1500_.jpg\",\"width\":1500,\"height\":1264},{\"@type\":\"BreadcrumbList\",\"@id\":\"https:\\\/\\\/purehivehoney.com\\\/de\\\/product\\\/venta-comfort-plus-air-washer-lw25-2\\\/#breadcrumb\",\"itemListElement\":[{\"@type\":\"ListItem\",\"position\":1,\"name\":\"Home\",\"item\":\"https:\\\/\\\/purehivehoney.com\\\/de\\\/\"},{\"@type\":\"ListItem\",\"position\":2,\"name\":\"Shop\",\"item\":\"https:\\\/\\\/purehivehoney.com\\\/de\\\/shop\\\/\"},{\"@type\":\"ListItem\",\"position\":3,\"name\":\"Venta Comfort Plus Air Washer LW25\"}]},{\"@type\":\"WebSite\",\"@id\":\"https:\\\/\\\/purehivehoney.com\\\/de\\\/#website\",\"url\":\"https:\\\/\\\/purehivehoney.com\\\/de\\\/\",\"name\":\"PureHiveHoney\",\"description\":\"Reiner Honig &amp; Bienenprodukte Online | Rohhonig, Bio Honig &amp; Spezialhonig\",\"publisher\":{\"@id\":\"https:\\\/\\\/purehivehoney.com\\\/de\\\/#organization\"},\"potentialAction\":[{\"@type\":\"SearchAction\",\"target\":{\"@type\":\"EntryPoint\",\"urlTemplate\":\"https:\\\/\\\/purehivehoney.com\\\/de\\\/?s={search_term_string}\"},\"query-input\":{\"@type\":\"PropertyValueSpecification\",\"valueRequired\":true,\"valueName\":\"search_term_string\"}}],\"inLanguage\":\"de\"},{\"@type\":\"Organization\",\"@id\":\"https:\\\/\\\/purehivehoney.com\\\/de\\\/#organization\",\"name\":\"PureHiveHoney\",\"url\":\"https:\\\/\\\/purehivehoney.com\\\/de\\\/\",\"logo\":{\"@type\":\"ImageObject\",\"inLanguage\":\"de\",\"@id\":\"https:\\\/\\\/purehivehoney.com\\\/de\\\/#\\\/schema\\\/logo\\\/image\\\/\",\"url\":\"https:\\\/\\\/purehivehoney.com\\\/de\\\/wp-content\\\/uploads\\\/2026\\\/03\\\/Screenshot-2026-03-16-at-1.06.01-AM.png\",\"contentUrl\":\"https:\\\/\\\/purehivehoney.com\\\/de\\\/wp-content\\\/uploads\\\/2026\\\/03\\\/Screenshot-2026-03-16-at-1.06.01-AM.png\",\"width\":2112,\"height\":1086,\"caption\":\"PureHiveHoney\"},\"image\":{\"@id\":\"https:\\\/\\\/purehivehoney.com\\\/de\\\/#\\\/schema\\\/logo\\\/image\\\/\"}}]}<\/script>\n<!-- \/ Yoast SEO plugin. -->","yoast_head_json":{"title":"Venta Comfort Plus Air Washer LW25 - PureHiveHoney","description":"Entdecken Sie hochwertigen Rohhonig, Bio Honig, Manuka Honig und nat\u00fcrliche Bienenprodukte. PureHiveHoney hilft Ihnen dabei, sorgf\u00e4ltig ausgew\u00e4hlte Honigsorten mit nat\u00fcrlicher Qualit\u00e4t und Reinheit zu entdecken.","robots":{"index":"index","follow":"follow","max-snippet":"max-snippet:-1","max-image-preview":"max-image-preview:large","max-video-preview":"max-video-preview:-1"},"canonical":"https:\/\/purehivehoney.com\/de\/product\/venta-comfort-plus-air-washer-lw25-2\/","og_locale":"de_DE","og_type":"article","og_title":"Venta Comfort Plus Air Washer LW25 - PureHiveHoney","og_description":"Entdecken Sie hochwertigen Rohhonig, Bio Honig, Manuka Honig und nat\u00fcrliche Bienenprodukte. PureHiveHoney hilft Ihnen dabei, sorgf\u00e4ltig ausgew\u00e4hlte Honigsorten mit nat\u00fcrlicher Qualit\u00e4t und Reinheit zu entdecken.","og_url":"https:\/\/purehivehoney.com\/de\/product\/venta-comfort-plus-air-washer-lw25-2\/","og_site_name":"PureHiveHoney","article_modified_time":"2026-04-05T04:58:47+00:00","og_image":[{"url":"https:\/\/images-na.ssl-images-amazon.com\/images\/G\/01\/x-locale\/common\/grey-pixel.gif","type":"","width":"","height":""}],"twitter_card":"summary_large_image","twitter_misc":{"Gesch\u00e4tzte Lesezeit":"3\u00a0Minuten"},"schema":{"@context":"https:\/\/schema.org","@graph":[{"@type":"WebPage","@id":"https:\/\/purehivehoney.com\/de\/product\/venta-comfort-plus-air-washer-lw25-2\/","url":"https:\/\/purehivehoney.com\/de\/product\/venta-comfort-plus-air-washer-lw25-2\/","name":"Venta Comfort Plus Air Washer LW25 - PureHiveHoney","isPartOf":{"@id":"https:\/\/purehivehoney.com\/de\/#website"},"primaryImageOfPage":{"@id":"https:\/\/purehivehoney.com\/de\/product\/venta-comfort-plus-air-washer-lw25-2\/#primaryimage"},"image":{"@id":"https:\/\/purehivehoney.com\/de\/product\/venta-comfort-plus-air-washer-lw25-2\/#primaryimage"},"thumbnailUrl":"https:\/\/purehivehoney.com\/de\/wp-content\/uploads\/2026\/04\/71zf1WBqrdL._AC_SL1500_.jpg","datePublished":"2026-04-05T04:58:42+00:00","dateModified":"2026-04-05T04:58:47+00:00","description":"Entdecken Sie hochwertigen Rohhonig, Bio Honig, Manuka Honig und nat\u00fcrliche Bienenprodukte. PureHiveHoney hilft Ihnen dabei, sorgf\u00e4ltig ausgew\u00e4hlte Honigsorten mit nat\u00fcrlicher Qualit\u00e4t und Reinheit zu entdecken.","breadcrumb":{"@id":"https:\/\/purehivehoney.com\/de\/product\/venta-comfort-plus-air-washer-lw25-2\/#breadcrumb"},"inLanguage":"de","potentialAction":[{"@type":"ReadAction","target":["https:\/\/purehivehoney.com\/de\/product\/venta-comfort-plus-air-washer-lw25-2\/"]}]},{"@type":"ImageObject","inLanguage":"de","@id":"https:\/\/purehivehoney.com\/de\/product\/venta-comfort-plus-air-washer-lw25-2\/#primaryimage","url":"https:\/\/purehivehoney.com\/de\/wp-content\/uploads\/2026\/04\/71zf1WBqrdL._AC_SL1500_.jpg","contentUrl":"https:\/\/purehivehoney.com\/de\/wp-content\/uploads\/2026\/04\/71zf1WBqrdL._AC_SL1500_.jpg","width":1500,"height":1264},{"@type":"BreadcrumbList","@id":"https:\/\/purehivehoney.com\/de\/product\/venta-comfort-plus-air-washer-lw25-2\/#breadcrumb","itemListElement":[{"@type":"ListItem","position":1,"name":"Home","item":"https:\/\/purehivehoney.com\/de\/"},{"@type":"ListItem","position":2,"name":"Shop","item":"https:\/\/purehivehoney.com\/de\/shop\/"},{"@type":"ListItem","position":3,"name":"Venta Comfort Plus Air Washer LW25"}]},{"@type":"WebSite","@id":"https:\/\/purehivehoney.com\/de\/#website","url":"https:\/\/purehivehoney.com\/de\/","name":"PureHiveHoney","description":"Reiner Honig &amp; Bienenprodukte Online | Rohhonig, Bio Honig &amp; Spezialhonig","publisher":{"@id":"https:\/\/purehivehoney.com\/de\/#organization"},"potentialAction":[{"@type":"SearchAction","target":{"@type":"EntryPoint","urlTemplate":"https:\/\/purehivehoney.com\/de\/?s={search_term_string}"},"query-input":{"@type":"PropertyValueSpecification","valueRequired":true,"valueName":"search_term_string"}}],"inLanguage":"de"},{"@type":"Organization","@id":"https:\/\/purehivehoney.com\/de\/#organization","name":"PureHiveHoney","url":"https:\/\/purehivehoney.com\/de\/","logo":{"@type":"ImageObject","inLanguage":"de","@id":"https:\/\/purehivehoney.com\/de\/#\/schema\/logo\/image\/","url":"https:\/\/purehivehoney.com\/de\/wp-content\/uploads\/2026\/03\/Screenshot-2026-03-16-at-1.06.01-AM.png","contentUrl":"https:\/\/purehivehoney.com\/de\/wp-content\/uploads\/2026\/03\/Screenshot-2026-03-16-at-1.06.01-AM.png","width":2112,"height":1086,"caption":"PureHiveHoney"},"image":{"@id":"https:\/\/purehivehoney.com\/de\/#\/schema\/logo\/image\/"}}]}},"_links":{"self":[{"href":"https:\/\/purehivehoney.com\/de\/wp-json\/wp\/v2\/product\/2702","targetHints":{"allow":["GET"]}}],"collection":[{"href":"https:\/\/purehivehoney.com\/de\/wp-json\/wp\/v2\/product"}],"about":[{"href":"https:\/\/purehivehoney.com\/de\/wp-json\/wp\/v2\/types\/product"}],"replies":[{"embeddable":true,"href":"https:\/\/purehivehoney.com\/de\/wp-json\/wp\/v2\/comments?post=2702"}],"wp:featuredmedia":[{"embeddable":true,"href":"https:\/\/purehivehoney.com\/de\/wp-json\/wp\/v2\/media\/2703"}],"wp:attachment":[{"href":"https:\/\/purehivehoney.com\/de\/wp-json\/wp\/v2\/media?parent=2702"}],"wp:term":[{"taxonomy":"store","embeddable":true,"href":"https:\/\/purehivehoney.com\/de\/wp-json\/wp\/v2\/store?post=2702"},{"taxonomy":"product_brand","embeddable":true,"href":"https:\/\/purehivehoney.com\/de\/wp-json\/wp\/v2\/product_brand?post=2702"},{"taxonomy":"product_cat","embeddable":true,"href":"https:\/\/purehivehoney.com\/de\/wp-json\/wp\/v2\/product_cat?post=2702"},{"taxonomy":"product_tag","embeddable":true,"href":"https:\/\/purehivehoney.com\/de\/wp-json\/wp\/v2\/product_tag?post=2702"}],"curies":[{"name":"wp","href":"https:\/\/api.w.org\/{rel}","templated":true}]}}