{"id":267,"date":"2026-03-15T20:21:23","date_gmt":"2026-03-15T20:21:23","guid":{"rendered":"https:\/\/purehivehoney.com\/de\/product\/wild-flower-bulgarian-pure-raw-honey-450g-2019-harvest-unfiltered-unheated\/"},"modified":"2026-03-15T23:36:13","modified_gmt":"2026-03-15T23:36:13","slug":"wild-flower-bulgarian-pure-raw-honey-450g-2019-harvest-unfiltered-unheated","status":"publish","type":"product","link":"https:\/\/purehivehoney.com\/de\/product\/wild-flower-bulgarian-pure-raw-honey-450g-2019-harvest-unfiltered-unheated\/","title":{"rendered":"Wild Flower Bulgarian Pure Raw Hone..."},"content":{"rendered":"<p>    <span>Raw honey is a traditional Bulgarian product and has been produced in Bulgaria for more than 3,000 years. Despite the small size of Bulgaria, the country is one of the most suitable places for honey production due to its diverse plant world and temperate climate. During production and storage, all sources of pollution are eliminated and therefore organic honey contains no harmful substances. All beekeepers are located in suitable areas (north-east Bulgaria) for organic beekeeping consisting of wild plant, forest areas and a wide variety of naturally growing herbs. We are extremely proud of the high quality of our honey and its rich taste. We guarantee that you will be 100% satisfied once you try our pure natural product.<\/span>    <br \/> Is Discontinued By Manufacturer                                            \u200f                                            :                                            \u200e                                            No   <br \/> Item Weight                                            \u200f                                            :                                            \u200e                                            450 g   <br \/> Manufacturer                                            \u200f                                            :                                            \u200e                                            Meden   <br \/> ASIN                                            \u200f                                            :                                            \u200e                                            B078V9PTFW   <br \/>100% Pure Raw Honey Unfiltered Unheated<br \/>100% Pure Wildflower Honey<br \/>Raw \/ unpasteurised and not filtered, so contains all goods.<br \/>Ecologically made &#8211; no chemicals are used in production.<br \/>Wildflowers \/ Multiflower \/ Polyfloral Raw Honey 450 g<\/p>\n\n","protected":false},"excerpt":{"rendered":"<p>Raw honey is a traditional Bulgarian product and has been produced in Bulgaria for more than 3,000 years. Despite the small size of Bulgaria, the country is one of the most suitable places for honey production due to its diverse plant world and temperate climate. During production and storage, all sources of pollution are eliminated [&hellip;]<\/p>\n","protected":false},"featured_media":268,"comment_status":"open","ping_status":"closed","template":"","meta":{"_aipt_faq_data":""},"store":[],"product_brand":[88],"product_cat":[48],"product_tag":[112],"class_list":{"0":"post-267","1":"product","2":"type-product","3":"status-publish","4":"has-post-thumbnail","6":"product_brand-meden","7":"product_cat-buchweizenhonig","8":"product_tag-roher-buchweizenhonig-deutschland","10":"first","11":"instock","12":"sale","13":"shipping-taxable","14":"product-type-external"},"yoast_head":"<!-- This site is optimized with the Yoast SEO plugin v27.4 - https:\/\/yoast.com\/product\/yoast-seo-wordpress\/ -->\n<title>Wild Flower Bulgarian Pure Raw Honey 450g 2019 Harvest - Unfiltered Unheated - PureHiveHoney<\/title>\n<meta name=\"description\" content=\"Entdecken Sie hochwertigen Rohhonig, Bio Honig, Manuka Honig und nat\u00fcrliche Bienenprodukte. PureHiveHoney hilft Ihnen dabei, sorgf\u00e4ltig ausgew\u00e4hlte Honigsorten mit nat\u00fcrlicher Qualit\u00e4t und Reinheit zu entdecken.\" \/>\n<meta name=\"robots\" content=\"index, follow, max-snippet:-1, max-image-preview:large, max-video-preview:-1\" \/>\n<link rel=\"canonical\" href=\"https:\/\/purehivehoney.com\/de\/product\/wild-flower-bulgarian-pure-raw-honey-450g-2019-harvest-unfiltered-unheated\/\" \/>\n<meta property=\"og:locale\" content=\"de_DE\" \/>\n<meta property=\"og:type\" content=\"article\" \/>\n<meta property=\"og:title\" content=\"Wild Flower Bulgarian Pure Raw Honey 450g 2019 Harvest - Unfiltered Unheated - PureHiveHoney\" \/>\n<meta property=\"og:description\" content=\"Entdecken Sie hochwertigen Rohhonig, Bio Honig, Manuka Honig und nat\u00fcrliche Bienenprodukte. PureHiveHoney hilft Ihnen dabei, sorgf\u00e4ltig ausgew\u00e4hlte Honigsorten mit nat\u00fcrlicher Qualit\u00e4t und Reinheit zu entdecken.\" \/>\n<meta property=\"og:url\" content=\"https:\/\/purehivehoney.com\/de\/product\/wild-flower-bulgarian-pure-raw-honey-450g-2019-harvest-unfiltered-unheated\/\" \/>\n<meta property=\"og:site_name\" content=\"PureHiveHoney\" \/>\n<meta property=\"article:modified_time\" content=\"2026-03-15T23:36:13+00:00\" \/>\n<meta name=\"twitter:card\" content=\"summary_large_image\" \/>\n<meta name=\"twitter:label1\" content=\"Gesch\u00e4tzte Lesezeit\" \/>\n\t<meta name=\"twitter:data1\" content=\"1\u00a0Minute\" \/>\n<script type=\"application\/ld+json\" class=\"yoast-schema-graph\">{\"@context\":\"https:\\\/\\\/schema.org\",\"@graph\":[{\"@type\":\"WebPage\",\"@id\":\"https:\\\/\\\/purehivehoney.com\\\/de\\\/product\\\/wild-flower-bulgarian-pure-raw-honey-450g-2019-harvest-unfiltered-unheated\\\/\",\"url\":\"https:\\\/\\\/purehivehoney.com\\\/de\\\/product\\\/wild-flower-bulgarian-pure-raw-honey-450g-2019-harvest-unfiltered-unheated\\\/\",\"name\":\"Wild Flower Bulgarian Pure Raw Honey 450g 2019 Harvest - Unfiltered Unheated - PureHiveHoney\",\"isPartOf\":{\"@id\":\"https:\\\/\\\/purehivehoney.com\\\/de\\\/#website\"},\"primaryImageOfPage\":{\"@id\":\"https:\\\/\\\/purehivehoney.com\\\/de\\\/product\\\/wild-flower-bulgarian-pure-raw-honey-450g-2019-harvest-unfiltered-unheated\\\/#primaryimage\"},\"image\":{\"@id\":\"https:\\\/\\\/purehivehoney.com\\\/de\\\/product\\\/wild-flower-bulgarian-pure-raw-honey-450g-2019-harvest-unfiltered-unheated\\\/#primaryimage\"},\"thumbnailUrl\":\"https:\\\/\\\/purehivehoney.com\\\/de\\\/wp-content\\\/uploads\\\/2026\\\/03\\\/81BzmaCOySL._SL1333_.jpg\",\"datePublished\":\"2026-03-15T20:21:23+00:00\",\"dateModified\":\"2026-03-15T23:36:13+00:00\",\"description\":\"Entdecken Sie hochwertigen Rohhonig, Bio Honig, Manuka Honig und nat\u00fcrliche Bienenprodukte. PureHiveHoney hilft Ihnen dabei, sorgf\u00e4ltig ausgew\u00e4hlte Honigsorten mit nat\u00fcrlicher Qualit\u00e4t und Reinheit zu entdecken.\",\"breadcrumb\":{\"@id\":\"https:\\\/\\\/purehivehoney.com\\\/de\\\/product\\\/wild-flower-bulgarian-pure-raw-honey-450g-2019-harvest-unfiltered-unheated\\\/#breadcrumb\"},\"inLanguage\":\"de\",\"potentialAction\":[{\"@type\":\"ReadAction\",\"target\":[\"https:\\\/\\\/purehivehoney.com\\\/de\\\/product\\\/wild-flower-bulgarian-pure-raw-honey-450g-2019-harvest-unfiltered-unheated\\\/\"]}]},{\"@type\":\"ImageObject\",\"inLanguage\":\"de\",\"@id\":\"https:\\\/\\\/purehivehoney.com\\\/de\\\/product\\\/wild-flower-bulgarian-pure-raw-honey-450g-2019-harvest-unfiltered-unheated\\\/#primaryimage\",\"url\":\"https:\\\/\\\/purehivehoney.com\\\/de\\\/wp-content\\\/uploads\\\/2026\\\/03\\\/81BzmaCOySL._SL1333_.jpg\",\"contentUrl\":\"https:\\\/\\\/purehivehoney.com\\\/de\\\/wp-content\\\/uploads\\\/2026\\\/03\\\/81BzmaCOySL._SL1333_.jpg\",\"width\":1000,\"height\":1333},{\"@type\":\"BreadcrumbList\",\"@id\":\"https:\\\/\\\/purehivehoney.com\\\/de\\\/product\\\/wild-flower-bulgarian-pure-raw-honey-450g-2019-harvest-unfiltered-unheated\\\/#breadcrumb\",\"itemListElement\":[{\"@type\":\"ListItem\",\"position\":1,\"name\":\"Home\",\"item\":\"https:\\\/\\\/purehivehoney.com\\\/de\\\/\"},{\"@type\":\"ListItem\",\"position\":2,\"name\":\"Shop\",\"item\":\"https:\\\/\\\/purehivehoney.com\\\/de\\\/shop\\\/\"},{\"@type\":\"ListItem\",\"position\":3,\"name\":\"Wild Flower Bulgarian Pure Raw Hone...\"}]},{\"@type\":\"WebSite\",\"@id\":\"https:\\\/\\\/purehivehoney.com\\\/de\\\/#website\",\"url\":\"https:\\\/\\\/purehivehoney.com\\\/de\\\/\",\"name\":\"PureHiveHoney\",\"description\":\"Reiner Honig &amp; Bienenprodukte Online | Rohhonig, Bio Honig &amp; Spezialhonig\",\"publisher\":{\"@id\":\"https:\\\/\\\/purehivehoney.com\\\/de\\\/#organization\"},\"potentialAction\":[{\"@type\":\"SearchAction\",\"target\":{\"@type\":\"EntryPoint\",\"urlTemplate\":\"https:\\\/\\\/purehivehoney.com\\\/de\\\/?s={search_term_string}\"},\"query-input\":{\"@type\":\"PropertyValueSpecification\",\"valueRequired\":true,\"valueName\":\"search_term_string\"}}],\"inLanguage\":\"de\"},{\"@type\":\"Organization\",\"@id\":\"https:\\\/\\\/purehivehoney.com\\\/de\\\/#organization\",\"name\":\"PureHiveHoney\",\"url\":\"https:\\\/\\\/purehivehoney.com\\\/de\\\/\",\"logo\":{\"@type\":\"ImageObject\",\"inLanguage\":\"de\",\"@id\":\"https:\\\/\\\/purehivehoney.com\\\/de\\\/#\\\/schema\\\/logo\\\/image\\\/\",\"url\":\"https:\\\/\\\/purehivehoney.com\\\/de\\\/wp-content\\\/uploads\\\/2026\\\/03\\\/Screenshot-2026-03-16-at-1.06.01-AM.png\",\"contentUrl\":\"https:\\\/\\\/purehivehoney.com\\\/de\\\/wp-content\\\/uploads\\\/2026\\\/03\\\/Screenshot-2026-03-16-at-1.06.01-AM.png\",\"width\":2112,\"height\":1086,\"caption\":\"PureHiveHoney\"},\"image\":{\"@id\":\"https:\\\/\\\/purehivehoney.com\\\/de\\\/#\\\/schema\\\/logo\\\/image\\\/\"}}]}<\/script>\n<!-- \/ Yoast SEO plugin. -->","yoast_head_json":{"title":"Wild Flower Bulgarian Pure Raw Honey 450g 2019 Harvest - Unfiltered Unheated - PureHiveHoney","description":"Entdecken Sie hochwertigen Rohhonig, Bio Honig, Manuka Honig und nat\u00fcrliche Bienenprodukte. PureHiveHoney hilft Ihnen dabei, sorgf\u00e4ltig ausgew\u00e4hlte Honigsorten mit nat\u00fcrlicher Qualit\u00e4t und Reinheit zu entdecken.","robots":{"index":"index","follow":"follow","max-snippet":"max-snippet:-1","max-image-preview":"max-image-preview:large","max-video-preview":"max-video-preview:-1"},"canonical":"https:\/\/purehivehoney.com\/de\/product\/wild-flower-bulgarian-pure-raw-honey-450g-2019-harvest-unfiltered-unheated\/","og_locale":"de_DE","og_type":"article","og_title":"Wild Flower Bulgarian Pure Raw Honey 450g 2019 Harvest - Unfiltered Unheated - PureHiveHoney","og_description":"Entdecken Sie hochwertigen Rohhonig, Bio Honig, Manuka Honig und nat\u00fcrliche Bienenprodukte. PureHiveHoney hilft Ihnen dabei, sorgf\u00e4ltig ausgew\u00e4hlte Honigsorten mit nat\u00fcrlicher Qualit\u00e4t und Reinheit zu entdecken.","og_url":"https:\/\/purehivehoney.com\/de\/product\/wild-flower-bulgarian-pure-raw-honey-450g-2019-harvest-unfiltered-unheated\/","og_site_name":"PureHiveHoney","article_modified_time":"2026-03-15T23:36:13+00:00","twitter_card":"summary_large_image","twitter_misc":{"Gesch\u00e4tzte Lesezeit":"1\u00a0Minute"},"schema":{"@context":"https:\/\/schema.org","@graph":[{"@type":"WebPage","@id":"https:\/\/purehivehoney.com\/de\/product\/wild-flower-bulgarian-pure-raw-honey-450g-2019-harvest-unfiltered-unheated\/","url":"https:\/\/purehivehoney.com\/de\/product\/wild-flower-bulgarian-pure-raw-honey-450g-2019-harvest-unfiltered-unheated\/","name":"Wild Flower Bulgarian Pure Raw Honey 450g 2019 Harvest - Unfiltered Unheated - PureHiveHoney","isPartOf":{"@id":"https:\/\/purehivehoney.com\/de\/#website"},"primaryImageOfPage":{"@id":"https:\/\/purehivehoney.com\/de\/product\/wild-flower-bulgarian-pure-raw-honey-450g-2019-harvest-unfiltered-unheated\/#primaryimage"},"image":{"@id":"https:\/\/purehivehoney.com\/de\/product\/wild-flower-bulgarian-pure-raw-honey-450g-2019-harvest-unfiltered-unheated\/#primaryimage"},"thumbnailUrl":"https:\/\/purehivehoney.com\/de\/wp-content\/uploads\/2026\/03\/81BzmaCOySL._SL1333_.jpg","datePublished":"2026-03-15T20:21:23+00:00","dateModified":"2026-03-15T23:36:13+00:00","description":"Entdecken Sie hochwertigen Rohhonig, Bio Honig, Manuka Honig und nat\u00fcrliche Bienenprodukte. PureHiveHoney hilft Ihnen dabei, sorgf\u00e4ltig ausgew\u00e4hlte Honigsorten mit nat\u00fcrlicher Qualit\u00e4t und Reinheit zu entdecken.","breadcrumb":{"@id":"https:\/\/purehivehoney.com\/de\/product\/wild-flower-bulgarian-pure-raw-honey-450g-2019-harvest-unfiltered-unheated\/#breadcrumb"},"inLanguage":"de","potentialAction":[{"@type":"ReadAction","target":["https:\/\/purehivehoney.com\/de\/product\/wild-flower-bulgarian-pure-raw-honey-450g-2019-harvest-unfiltered-unheated\/"]}]},{"@type":"ImageObject","inLanguage":"de","@id":"https:\/\/purehivehoney.com\/de\/product\/wild-flower-bulgarian-pure-raw-honey-450g-2019-harvest-unfiltered-unheated\/#primaryimage","url":"https:\/\/purehivehoney.com\/de\/wp-content\/uploads\/2026\/03\/81BzmaCOySL._SL1333_.jpg","contentUrl":"https:\/\/purehivehoney.com\/de\/wp-content\/uploads\/2026\/03\/81BzmaCOySL._SL1333_.jpg","width":1000,"height":1333},{"@type":"BreadcrumbList","@id":"https:\/\/purehivehoney.com\/de\/product\/wild-flower-bulgarian-pure-raw-honey-450g-2019-harvest-unfiltered-unheated\/#breadcrumb","itemListElement":[{"@type":"ListItem","position":1,"name":"Home","item":"https:\/\/purehivehoney.com\/de\/"},{"@type":"ListItem","position":2,"name":"Shop","item":"https:\/\/purehivehoney.com\/de\/shop\/"},{"@type":"ListItem","position":3,"name":"Wild Flower Bulgarian Pure Raw Hone..."}]},{"@type":"WebSite","@id":"https:\/\/purehivehoney.com\/de\/#website","url":"https:\/\/purehivehoney.com\/de\/","name":"PureHiveHoney","description":"Reiner Honig &amp; Bienenprodukte Online | Rohhonig, Bio Honig &amp; Spezialhonig","publisher":{"@id":"https:\/\/purehivehoney.com\/de\/#organization"},"potentialAction":[{"@type":"SearchAction","target":{"@type":"EntryPoint","urlTemplate":"https:\/\/purehivehoney.com\/de\/?s={search_term_string}"},"query-input":{"@type":"PropertyValueSpecification","valueRequired":true,"valueName":"search_term_string"}}],"inLanguage":"de"},{"@type":"Organization","@id":"https:\/\/purehivehoney.com\/de\/#organization","name":"PureHiveHoney","url":"https:\/\/purehivehoney.com\/de\/","logo":{"@type":"ImageObject","inLanguage":"de","@id":"https:\/\/purehivehoney.com\/de\/#\/schema\/logo\/image\/","url":"https:\/\/purehivehoney.com\/de\/wp-content\/uploads\/2026\/03\/Screenshot-2026-03-16-at-1.06.01-AM.png","contentUrl":"https:\/\/purehivehoney.com\/de\/wp-content\/uploads\/2026\/03\/Screenshot-2026-03-16-at-1.06.01-AM.png","width":2112,"height":1086,"caption":"PureHiveHoney"},"image":{"@id":"https:\/\/purehivehoney.com\/de\/#\/schema\/logo\/image\/"}}]}},"_links":{"self":[{"href":"https:\/\/purehivehoney.com\/de\/wp-json\/wp\/v2\/product\/267","targetHints":{"allow":["GET"]}}],"collection":[{"href":"https:\/\/purehivehoney.com\/de\/wp-json\/wp\/v2\/product"}],"about":[{"href":"https:\/\/purehivehoney.com\/de\/wp-json\/wp\/v2\/types\/product"}],"replies":[{"embeddable":true,"href":"https:\/\/purehivehoney.com\/de\/wp-json\/wp\/v2\/comments?post=267"}],"wp:featuredmedia":[{"embeddable":true,"href":"https:\/\/purehivehoney.com\/de\/wp-json\/wp\/v2\/media\/268"}],"wp:attachment":[{"href":"https:\/\/purehivehoney.com\/de\/wp-json\/wp\/v2\/media?parent=267"}],"wp:term":[{"taxonomy":"store","embeddable":true,"href":"https:\/\/purehivehoney.com\/de\/wp-json\/wp\/v2\/store?post=267"},{"taxonomy":"product_brand","embeddable":true,"href":"https:\/\/purehivehoney.com\/de\/wp-json\/wp\/v2\/product_brand?post=267"},{"taxonomy":"product_cat","embeddable":true,"href":"https:\/\/purehivehoney.com\/de\/wp-json\/wp\/v2\/product_cat?post=267"},{"taxonomy":"product_tag","embeddable":true,"href":"https:\/\/purehivehoney.com\/de\/wp-json\/wp\/v2\/product_tag?post=267"}],"curies":[{"name":"wp","href":"https:\/\/api.w.org\/{rel}","templated":true}]}}