{"id":2645,"date":"2026-04-04T22:36:25","date_gmt":"2026-04-04T22:36:25","guid":{"rendered":"https:\/\/purehivehoney.com\/de\/product\/zion-judaica-elegant-rosh-hashana-honey-bowl-set-gold-hammered-metal-with-glass-bowl-dip-spoon-honey-plate-engraved-shanah-tova-blessing-honey-jar-jewish-new-year-table-decoration-honey-jar\/"},"modified":"2026-04-04T22:36:27","modified_gmt":"2026-04-04T22:36:27","slug":"zion-judaica-elegant-rosh-hashana-honey-bowl-set-gold-hammered-metal-with-glass-bowl-dip-spoon-honey-plate-engraved-shanah-tova-blessing-honey-jar-jewish-new-year-table-decoration-honey-jar","status":"publish","type":"product","link":"https:\/\/purehivehoney.com\/de\/product\/zion-judaica-elegant-rosh-hashana-honey-bowl-set-gold-hammered-metal-with-glass-bowl-dip-spoon-honey-plate-engraved-shanah-tova-blessing-honey-jar-jewish-new-year-table-decoration-honey-jar\/","title":{"rendered":"Zion Judaica Elegant Rosh Hashana H..."},"content":{"rendered":"<p>    <span>Hashunah hammered metal honey plate in gold with glass insert and spoon. This beautiful honey bowl is designed to elevate your Rosh Hashanah celebrations. Measures 5.5 inches wide and 4.25 inches tall. The bowl features a hammered metal texture with a stunning gold finish. It consists of a durable metal cover, a matching plate\/holder and a removable glass bowl for the honey. The Hebrew inscription on the lid &#8222;Shanah Tovah U&#8217;Metukah&#8220; (A good and sweet year) adds a meaningful touch to the design. The included gold metal spoon makes for a clean and easy way to serve and dive honey during your festive meals. This honey bowl is also a perfect Judaica gift for your loved ones, so you can wish them a Shanah Tova Umtukah &#8211; a happy, healthy and sweet New Year.<\/span>    <br \/>ELEGANT DESIGN &#8211; A beautifully crafted hammered metal honey slicer with gold finish perfect for adding style to your Rosh Hashana table.<br \/>COMPLETE HONEY SERVING SET &#8211; The set includes a removable glass bowl for easy cleaning, a removable lid with a matching serving spoon with Hebrew blessing designed for both functionality and aesthetic harmony, making it a delightful addition to your Jewish New Year table.<br \/>CONVENIENT SERVING &#8211; The honey pot comes with a gold spoon and plate to ensure cleaner serving and dipping, keeping your Yom Tov table drip-free and tidy.<br \/>Rosh Hashanah Tradition &#8211; Celebrate in style the ancient Jewish custom of dipping apples in honey during Rosh Hashanah meals to symbolize a sweet New Year.<br \/>Symbolic Blessing &#8211; With the engraved saying &#8222;Shanah Tovah U&#8217;Metukah&#8220; (A good and sweet year) on the lid, which will add a meaningful touch to your celebrations.<br \/>Judaica Gift This honey bowl is an ideal Judaica gift to bless your loved ones with a Shanah Tova Umtukah &#8211; a happy, healthy and sweet New Year. Share the tradition and spread joy with this heartfelt gift to your family and friends from afar.<\/p>\n\n","protected":false},"excerpt":{"rendered":"<p>Hashunah hammered metal honey plate in gold with glass insert and spoon. This beautiful honey bowl is designed to elevate your Rosh Hashanah celebrations. Measures 5.5 inches wide and 4.25 inches tall. The bowl features a hammered metal texture with a stunning gold finish. It consists of a durable metal cover, a matching plate\/holder and [&hellip;]<\/p>\n","protected":false},"featured_media":2646,"comment_status":"open","ping_status":"closed","template":"","meta":{"_aipt_faq_data":""},"store":[],"product_brand":[352],"product_cat":[69],"product_tag":[318],"class_list":{"0":"post-2645","1":"product","2":"type-product","3":"status-publish","4":"has-post-thumbnail","6":"product_brand-zion-judaica-ltd","7":"product_cat-honig-probier-sets","8":"product_tag-honig-probier-sets-geschenk","10":"first","11":"instock","12":"shipping-taxable","13":"product-type-external"},"yoast_head":"<!-- This site is optimized with the Yoast SEO plugin v27.4 - https:\/\/yoast.com\/product\/yoast-seo-wordpress\/ -->\n<title>Zion Judaica Elegant Rosh Hashana Honey Bowl Set Gold Hammered Metal with Glass Bowl Dip Spoon Honey Plate Engraved Shanah Tova Blessing Honey Jar Jewish New Year Table Decoration Honey Jar - PureHiveHoney<\/title>\n<meta name=\"description\" content=\"Entdecken Sie hochwertigen Rohhonig, Bio Honig, Manuka Honig und nat\u00fcrliche Bienenprodukte. PureHiveHoney hilft Ihnen dabei, sorgf\u00e4ltig ausgew\u00e4hlte Honigsorten mit nat\u00fcrlicher Qualit\u00e4t und Reinheit zu entdecken.\" \/>\n<meta name=\"robots\" content=\"index, follow, max-snippet:-1, max-image-preview:large, max-video-preview:-1\" \/>\n<link rel=\"canonical\" href=\"https:\/\/purehivehoney.com\/de\/product\/zion-judaica-elegant-rosh-hashana-honey-bowl-set-gold-hammered-metal-with-glass-bowl-dip-spoon-honey-plate-engraved-shanah-tova-blessing-honey-jar-jewish-new-year-table-decoration-honey-jar\/\" \/>\n<meta property=\"og:locale\" content=\"de_DE\" \/>\n<meta property=\"og:type\" content=\"article\" \/>\n<meta property=\"og:title\" content=\"Zion Judaica Elegant Rosh Hashana Honey Bowl Set Gold Hammered Metal with Glass Bowl Dip Spoon Honey Plate Engraved Shanah Tova Blessing Honey Jar Jewish New Year Table Decoration Honey Jar - PureHiveHoney\" \/>\n<meta property=\"og:description\" content=\"Entdecken Sie hochwertigen Rohhonig, Bio Honig, Manuka Honig und nat\u00fcrliche Bienenprodukte. PureHiveHoney hilft Ihnen dabei, sorgf\u00e4ltig ausgew\u00e4hlte Honigsorten mit nat\u00fcrlicher Qualit\u00e4t und Reinheit zu entdecken.\" \/>\n<meta property=\"og:url\" content=\"https:\/\/purehivehoney.com\/de\/product\/zion-judaica-elegant-rosh-hashana-honey-bowl-set-gold-hammered-metal-with-glass-bowl-dip-spoon-honey-plate-engraved-shanah-tova-blessing-honey-jar-jewish-new-year-table-decoration-honey-jar\/\" \/>\n<meta property=\"og:site_name\" content=\"PureHiveHoney\" \/>\n<meta property=\"article:modified_time\" content=\"2026-04-04T22:36:27+00:00\" \/>\n<meta name=\"twitter:card\" content=\"summary_large_image\" \/>\n<meta name=\"twitter:label1\" content=\"Gesch\u00e4tzte Lesezeit\" \/>\n\t<meta name=\"twitter:data1\" content=\"2\u00a0Minuten\" \/>\n<script type=\"application\/ld+json\" class=\"yoast-schema-graph\">{\"@context\":\"https:\\\/\\\/schema.org\",\"@graph\":[{\"@type\":\"WebPage\",\"@id\":\"https:\\\/\\\/purehivehoney.com\\\/de\\\/product\\\/zion-judaica-elegant-rosh-hashana-honey-bowl-set-gold-hammered-metal-with-glass-bowl-dip-spoon-honey-plate-engraved-shanah-tova-blessing-honey-jar-jewish-new-year-table-decoration-honey-jar\\\/\",\"url\":\"https:\\\/\\\/purehivehoney.com\\\/de\\\/product\\\/zion-judaica-elegant-rosh-hashana-honey-bowl-set-gold-hammered-metal-with-glass-bowl-dip-spoon-honey-plate-engraved-shanah-tova-blessing-honey-jar-jewish-new-year-table-decoration-honey-jar\\\/\",\"name\":\"Zion Judaica Elegant Rosh Hashana Honey Bowl Set Gold Hammered Metal with Glass Bowl Dip Spoon Honey Plate Engraved Shanah Tova Blessing Honey Jar Jewish New Year Table Decoration Honey Jar - PureHiveHoney\",\"isPartOf\":{\"@id\":\"https:\\\/\\\/purehivehoney.com\\\/de\\\/#website\"},\"primaryImageOfPage\":{\"@id\":\"https:\\\/\\\/purehivehoney.com\\\/de\\\/product\\\/zion-judaica-elegant-rosh-hashana-honey-bowl-set-gold-hammered-metal-with-glass-bowl-dip-spoon-honey-plate-engraved-shanah-tova-blessing-honey-jar-jewish-new-year-table-decoration-honey-jar\\\/#primaryimage\"},\"image\":{\"@id\":\"https:\\\/\\\/purehivehoney.com\\\/de\\\/product\\\/zion-judaica-elegant-rosh-hashana-honey-bowl-set-gold-hammered-metal-with-glass-bowl-dip-spoon-honey-plate-engraved-shanah-tova-blessing-honey-jar-jewish-new-year-table-decoration-honey-jar\\\/#primaryimage\"},\"thumbnailUrl\":\"https:\\\/\\\/purehivehoney.com\\\/de\\\/wp-content\\\/uploads\\\/2026\\\/04\\\/616uP8dcIbL._AC_SL1000_.jpg\",\"datePublished\":\"2026-04-04T22:36:25+00:00\",\"dateModified\":\"2026-04-04T22:36:27+00:00\",\"description\":\"Entdecken Sie hochwertigen Rohhonig, Bio Honig, Manuka Honig und nat\u00fcrliche Bienenprodukte. PureHiveHoney hilft Ihnen dabei, sorgf\u00e4ltig ausgew\u00e4hlte Honigsorten mit nat\u00fcrlicher Qualit\u00e4t und Reinheit zu entdecken.\",\"breadcrumb\":{\"@id\":\"https:\\\/\\\/purehivehoney.com\\\/de\\\/product\\\/zion-judaica-elegant-rosh-hashana-honey-bowl-set-gold-hammered-metal-with-glass-bowl-dip-spoon-honey-plate-engraved-shanah-tova-blessing-honey-jar-jewish-new-year-table-decoration-honey-jar\\\/#breadcrumb\"},\"inLanguage\":\"de\",\"potentialAction\":[{\"@type\":\"ReadAction\",\"target\":[\"https:\\\/\\\/purehivehoney.com\\\/de\\\/product\\\/zion-judaica-elegant-rosh-hashana-honey-bowl-set-gold-hammered-metal-with-glass-bowl-dip-spoon-honey-plate-engraved-shanah-tova-blessing-honey-jar-jewish-new-year-table-decoration-honey-jar\\\/\"]}]},{\"@type\":\"ImageObject\",\"inLanguage\":\"de\",\"@id\":\"https:\\\/\\\/purehivehoney.com\\\/de\\\/product\\\/zion-judaica-elegant-rosh-hashana-honey-bowl-set-gold-hammered-metal-with-glass-bowl-dip-spoon-honey-plate-engraved-shanah-tova-blessing-honey-jar-jewish-new-year-table-decoration-honey-jar\\\/#primaryimage\",\"url\":\"https:\\\/\\\/purehivehoney.com\\\/de\\\/wp-content\\\/uploads\\\/2026\\\/04\\\/616uP8dcIbL._AC_SL1000_.jpg\",\"contentUrl\":\"https:\\\/\\\/purehivehoney.com\\\/de\\\/wp-content\\\/uploads\\\/2026\\\/04\\\/616uP8dcIbL._AC_SL1000_.jpg\",\"width\":943,\"height\":665},{\"@type\":\"BreadcrumbList\",\"@id\":\"https:\\\/\\\/purehivehoney.com\\\/de\\\/product\\\/zion-judaica-elegant-rosh-hashana-honey-bowl-set-gold-hammered-metal-with-glass-bowl-dip-spoon-honey-plate-engraved-shanah-tova-blessing-honey-jar-jewish-new-year-table-decoration-honey-jar\\\/#breadcrumb\",\"itemListElement\":[{\"@type\":\"ListItem\",\"position\":1,\"name\":\"Home\",\"item\":\"https:\\\/\\\/purehivehoney.com\\\/de\\\/\"},{\"@type\":\"ListItem\",\"position\":2,\"name\":\"Shop\",\"item\":\"https:\\\/\\\/purehivehoney.com\\\/de\\\/shop\\\/\"},{\"@type\":\"ListItem\",\"position\":3,\"name\":\"Zion Judaica Elegant Rosh Hashana H...\"}]},{\"@type\":\"WebSite\",\"@id\":\"https:\\\/\\\/purehivehoney.com\\\/de\\\/#website\",\"url\":\"https:\\\/\\\/purehivehoney.com\\\/de\\\/\",\"name\":\"PureHiveHoney\",\"description\":\"Reiner Honig &amp; Bienenprodukte Online | Rohhonig, Bio Honig &amp; Spezialhonig\",\"publisher\":{\"@id\":\"https:\\\/\\\/purehivehoney.com\\\/de\\\/#organization\"},\"potentialAction\":[{\"@type\":\"SearchAction\",\"target\":{\"@type\":\"EntryPoint\",\"urlTemplate\":\"https:\\\/\\\/purehivehoney.com\\\/de\\\/?s={search_term_string}\"},\"query-input\":{\"@type\":\"PropertyValueSpecification\",\"valueRequired\":true,\"valueName\":\"search_term_string\"}}],\"inLanguage\":\"de\"},{\"@type\":\"Organization\",\"@id\":\"https:\\\/\\\/purehivehoney.com\\\/de\\\/#organization\",\"name\":\"PureHiveHoney\",\"url\":\"https:\\\/\\\/purehivehoney.com\\\/de\\\/\",\"logo\":{\"@type\":\"ImageObject\",\"inLanguage\":\"de\",\"@id\":\"https:\\\/\\\/purehivehoney.com\\\/de\\\/#\\\/schema\\\/logo\\\/image\\\/\",\"url\":\"https:\\\/\\\/purehivehoney.com\\\/de\\\/wp-content\\\/uploads\\\/2026\\\/03\\\/Screenshot-2026-03-16-at-1.06.01-AM.png\",\"contentUrl\":\"https:\\\/\\\/purehivehoney.com\\\/de\\\/wp-content\\\/uploads\\\/2026\\\/03\\\/Screenshot-2026-03-16-at-1.06.01-AM.png\",\"width\":2112,\"height\":1086,\"caption\":\"PureHiveHoney\"},\"image\":{\"@id\":\"https:\\\/\\\/purehivehoney.com\\\/de\\\/#\\\/schema\\\/logo\\\/image\\\/\"}}]}<\/script>\n<!-- \/ Yoast SEO plugin. -->","yoast_head_json":{"title":"Zion Judaica Elegant Rosh Hashana Honey Bowl Set Gold Hammered Metal with Glass Bowl Dip Spoon Honey Plate Engraved Shanah Tova Blessing Honey Jar Jewish New Year Table Decoration Honey Jar - PureHiveHoney","description":"Entdecken Sie hochwertigen Rohhonig, Bio Honig, Manuka Honig und nat\u00fcrliche Bienenprodukte. PureHiveHoney hilft Ihnen dabei, sorgf\u00e4ltig ausgew\u00e4hlte Honigsorten mit nat\u00fcrlicher Qualit\u00e4t und Reinheit zu entdecken.","robots":{"index":"index","follow":"follow","max-snippet":"max-snippet:-1","max-image-preview":"max-image-preview:large","max-video-preview":"max-video-preview:-1"},"canonical":"https:\/\/purehivehoney.com\/de\/product\/zion-judaica-elegant-rosh-hashana-honey-bowl-set-gold-hammered-metal-with-glass-bowl-dip-spoon-honey-plate-engraved-shanah-tova-blessing-honey-jar-jewish-new-year-table-decoration-honey-jar\/","og_locale":"de_DE","og_type":"article","og_title":"Zion Judaica Elegant Rosh Hashana Honey Bowl Set Gold Hammered Metal with Glass Bowl Dip Spoon Honey Plate Engraved Shanah Tova Blessing Honey Jar Jewish New Year Table Decoration Honey Jar - PureHiveHoney","og_description":"Entdecken Sie hochwertigen Rohhonig, Bio Honig, Manuka Honig und nat\u00fcrliche Bienenprodukte. PureHiveHoney hilft Ihnen dabei, sorgf\u00e4ltig ausgew\u00e4hlte Honigsorten mit nat\u00fcrlicher Qualit\u00e4t und Reinheit zu entdecken.","og_url":"https:\/\/purehivehoney.com\/de\/product\/zion-judaica-elegant-rosh-hashana-honey-bowl-set-gold-hammered-metal-with-glass-bowl-dip-spoon-honey-plate-engraved-shanah-tova-blessing-honey-jar-jewish-new-year-table-decoration-honey-jar\/","og_site_name":"PureHiveHoney","article_modified_time":"2026-04-04T22:36:27+00:00","twitter_card":"summary_large_image","twitter_misc":{"Gesch\u00e4tzte Lesezeit":"2\u00a0Minuten"},"schema":{"@context":"https:\/\/schema.org","@graph":[{"@type":"WebPage","@id":"https:\/\/purehivehoney.com\/de\/product\/zion-judaica-elegant-rosh-hashana-honey-bowl-set-gold-hammered-metal-with-glass-bowl-dip-spoon-honey-plate-engraved-shanah-tova-blessing-honey-jar-jewish-new-year-table-decoration-honey-jar\/","url":"https:\/\/purehivehoney.com\/de\/product\/zion-judaica-elegant-rosh-hashana-honey-bowl-set-gold-hammered-metal-with-glass-bowl-dip-spoon-honey-plate-engraved-shanah-tova-blessing-honey-jar-jewish-new-year-table-decoration-honey-jar\/","name":"Zion Judaica Elegant Rosh Hashana Honey Bowl Set Gold Hammered Metal with Glass Bowl Dip Spoon Honey Plate Engraved Shanah Tova Blessing Honey Jar Jewish New Year Table Decoration Honey Jar - PureHiveHoney","isPartOf":{"@id":"https:\/\/purehivehoney.com\/de\/#website"},"primaryImageOfPage":{"@id":"https:\/\/purehivehoney.com\/de\/product\/zion-judaica-elegant-rosh-hashana-honey-bowl-set-gold-hammered-metal-with-glass-bowl-dip-spoon-honey-plate-engraved-shanah-tova-blessing-honey-jar-jewish-new-year-table-decoration-honey-jar\/#primaryimage"},"image":{"@id":"https:\/\/purehivehoney.com\/de\/product\/zion-judaica-elegant-rosh-hashana-honey-bowl-set-gold-hammered-metal-with-glass-bowl-dip-spoon-honey-plate-engraved-shanah-tova-blessing-honey-jar-jewish-new-year-table-decoration-honey-jar\/#primaryimage"},"thumbnailUrl":"https:\/\/purehivehoney.com\/de\/wp-content\/uploads\/2026\/04\/616uP8dcIbL._AC_SL1000_.jpg","datePublished":"2026-04-04T22:36:25+00:00","dateModified":"2026-04-04T22:36:27+00:00","description":"Entdecken Sie hochwertigen Rohhonig, Bio Honig, Manuka Honig und nat\u00fcrliche Bienenprodukte. PureHiveHoney hilft Ihnen dabei, sorgf\u00e4ltig ausgew\u00e4hlte Honigsorten mit nat\u00fcrlicher Qualit\u00e4t und Reinheit zu entdecken.","breadcrumb":{"@id":"https:\/\/purehivehoney.com\/de\/product\/zion-judaica-elegant-rosh-hashana-honey-bowl-set-gold-hammered-metal-with-glass-bowl-dip-spoon-honey-plate-engraved-shanah-tova-blessing-honey-jar-jewish-new-year-table-decoration-honey-jar\/#breadcrumb"},"inLanguage":"de","potentialAction":[{"@type":"ReadAction","target":["https:\/\/purehivehoney.com\/de\/product\/zion-judaica-elegant-rosh-hashana-honey-bowl-set-gold-hammered-metal-with-glass-bowl-dip-spoon-honey-plate-engraved-shanah-tova-blessing-honey-jar-jewish-new-year-table-decoration-honey-jar\/"]}]},{"@type":"ImageObject","inLanguage":"de","@id":"https:\/\/purehivehoney.com\/de\/product\/zion-judaica-elegant-rosh-hashana-honey-bowl-set-gold-hammered-metal-with-glass-bowl-dip-spoon-honey-plate-engraved-shanah-tova-blessing-honey-jar-jewish-new-year-table-decoration-honey-jar\/#primaryimage","url":"https:\/\/purehivehoney.com\/de\/wp-content\/uploads\/2026\/04\/616uP8dcIbL._AC_SL1000_.jpg","contentUrl":"https:\/\/purehivehoney.com\/de\/wp-content\/uploads\/2026\/04\/616uP8dcIbL._AC_SL1000_.jpg","width":943,"height":665},{"@type":"BreadcrumbList","@id":"https:\/\/purehivehoney.com\/de\/product\/zion-judaica-elegant-rosh-hashana-honey-bowl-set-gold-hammered-metal-with-glass-bowl-dip-spoon-honey-plate-engraved-shanah-tova-blessing-honey-jar-jewish-new-year-table-decoration-honey-jar\/#breadcrumb","itemListElement":[{"@type":"ListItem","position":1,"name":"Home","item":"https:\/\/purehivehoney.com\/de\/"},{"@type":"ListItem","position":2,"name":"Shop","item":"https:\/\/purehivehoney.com\/de\/shop\/"},{"@type":"ListItem","position":3,"name":"Zion Judaica Elegant Rosh Hashana H..."}]},{"@type":"WebSite","@id":"https:\/\/purehivehoney.com\/de\/#website","url":"https:\/\/purehivehoney.com\/de\/","name":"PureHiveHoney","description":"Reiner Honig &amp; Bienenprodukte Online | Rohhonig, Bio Honig &amp; Spezialhonig","publisher":{"@id":"https:\/\/purehivehoney.com\/de\/#organization"},"potentialAction":[{"@type":"SearchAction","target":{"@type":"EntryPoint","urlTemplate":"https:\/\/purehivehoney.com\/de\/?s={search_term_string}"},"query-input":{"@type":"PropertyValueSpecification","valueRequired":true,"valueName":"search_term_string"}}],"inLanguage":"de"},{"@type":"Organization","@id":"https:\/\/purehivehoney.com\/de\/#organization","name":"PureHiveHoney","url":"https:\/\/purehivehoney.com\/de\/","logo":{"@type":"ImageObject","inLanguage":"de","@id":"https:\/\/purehivehoney.com\/de\/#\/schema\/logo\/image\/","url":"https:\/\/purehivehoney.com\/de\/wp-content\/uploads\/2026\/03\/Screenshot-2026-03-16-at-1.06.01-AM.png","contentUrl":"https:\/\/purehivehoney.com\/de\/wp-content\/uploads\/2026\/03\/Screenshot-2026-03-16-at-1.06.01-AM.png","width":2112,"height":1086,"caption":"PureHiveHoney"},"image":{"@id":"https:\/\/purehivehoney.com\/de\/#\/schema\/logo\/image\/"}}]}},"_links":{"self":[{"href":"https:\/\/purehivehoney.com\/de\/wp-json\/wp\/v2\/product\/2645","targetHints":{"allow":["GET"]}}],"collection":[{"href":"https:\/\/purehivehoney.com\/de\/wp-json\/wp\/v2\/product"}],"about":[{"href":"https:\/\/purehivehoney.com\/de\/wp-json\/wp\/v2\/types\/product"}],"replies":[{"embeddable":true,"href":"https:\/\/purehivehoney.com\/de\/wp-json\/wp\/v2\/comments?post=2645"}],"wp:featuredmedia":[{"embeddable":true,"href":"https:\/\/purehivehoney.com\/de\/wp-json\/wp\/v2\/media\/2646"}],"wp:attachment":[{"href":"https:\/\/purehivehoney.com\/de\/wp-json\/wp\/v2\/media?parent=2645"}],"wp:term":[{"taxonomy":"store","embeddable":true,"href":"https:\/\/purehivehoney.com\/de\/wp-json\/wp\/v2\/store?post=2645"},{"taxonomy":"product_brand","embeddable":true,"href":"https:\/\/purehivehoney.com\/de\/wp-json\/wp\/v2\/product_brand?post=2645"},{"taxonomy":"product_cat","embeddable":true,"href":"https:\/\/purehivehoney.com\/de\/wp-json\/wp\/v2\/product_cat?post=2645"},{"taxonomy":"product_tag","embeddable":true,"href":"https:\/\/purehivehoney.com\/de\/wp-json\/wp\/v2\/product_tag?post=2645"}],"curies":[{"name":"wp","href":"https:\/\/api.w.org\/{rel}","templated":true}]}}