{"id":2631,"date":"2026-04-04T21:51:33","date_gmt":"2026-04-04T21:51:33","guid":{"rendered":"https:\/\/purehivehoney.com\/de\/product\/perlier-honey-miel-bath-cream-honey-cinnamon-500-ml\/"},"modified":"2026-04-04T21:51:45","modified_gmt":"2026-04-04T21:51:45","slug":"perlier-honey-miel-bath-cream-honey-cinnamon-500-ml","status":"publish","type":"product","link":"https:\/\/purehivehoney.com\/de\/product\/perlier-honey-miel-bath-cream-honey-cinnamon-500-ml\/","title":{"rendered":"Perlier Honey Miel Bath Cream Honey..."},"content":{"rendered":"<p>    <span>The Honey Miel Honey &#038; Cinnamon Cream Bath combines the warm and aphrodisiac scent of cinnamon with the soothing properties of 100% Italian organic honey, leaving the skin silky soft. It pleases your senses and nourishes your skin.<\/span>    <br \/> Is Discontinued By Manufacturer                                            \u200f                                            :                                            \u200e                                            No   <br \/> Package Dimensions                                            \u200f                                            :                                            \u200e                                            17.4 x 7.1 x 7.1 cm; 590 g   <br \/> Manufacturer                                            \u200f                                            :                                            \u200e                                            PERLIER   <br \/> ASIN                                            \u200f                                            :                                            \u200e                                            B0964XR8ZQ   <br \/> Item model number                                            \u200f                                            :                                            \u200e                                            89172   <br \/>  Customer reviews:                                                                                            4.3               4.3 out of 5 stars                                  (21)                                              var dpAcrHasRegisteredArcLinkClickAction;                    P.when(&#8218;A&#8216;, &#8218;ready&#8216;).execute(function(A) {                        if (dpAcrHasRegisteredArcLinkClickAction !== true) {                            dpAcrHasRegisteredArcLinkClickAction = true;                            A.declarative(                                &#8218;acrLink-click-metrics&#8216;, &#8218;click&#8216;,                                { &#8222;allowLinkDefault&#8220;: true },                                function (event) {                                    if (window.ue) {                                        ue.count(&#8222;acrLinkClickCount&#8220;, (ue.count(&#8222;acrLinkClickCount&#8220;) || 0) + 1);                                    }                                }                            );                        }                    });                                             P.when(&#8218;A&#8216;, &#8218;cf&#8216;).execute(function(A) {                A.declarative(&#8218;acrStarsLink-click-metrics&#8216;, &#8218;click&#8216;, { &#8222;allowLinkDefault&#8220; : true },  function(event){                    if(window.ue) {                        ue.count(&#8222;acrStarsLinkWithPopoverClickCount&#8220;, (ue.count(&#8222;acrStarsLinkWithPopoverClickCount&#8220;) || 0) + 1);                    }                });            });                          <br \/>The sweetness of Italian organic honey gently nourishes and moisturises the skin<br \/>The warm and enveloping scent of cinnamon with its sensual fragrance creates an atmosphere of incredible relaxation<br \/>All Perlier formulations are born in the La Carignana Biological Research Centre, an oasis of nature and biological diversity at the foot of the Alps<\/p>\n\n","protected":false},"excerpt":{"rendered":"<p>The Honey Miel Honey &#038; Cinnamon Cream Bath combines the warm and aphrodisiac scent of cinnamon with the soothing properties of 100% Italian organic honey, leaving the skin silky soft. It pleases your senses and nourishes your skin. Is Discontinued By Manufacturer \u200f : \u200e No Package Dimensions \u200f : \u200e 17.4 x 7.1 x [&hellip;]<\/p>\n","protected":false},"featured_media":2632,"comment_status":"open","ping_status":"closed","template":"","meta":{"_aipt_faq_data":""},"store":[],"product_brand":[327],"product_cat":[51],"product_tag":[313],"class_list":{"0":"post-2631","1":"product","2":"type-product","3":"status-publish","4":"has-post-thumbnail","6":"product_brand-perlier","7":"product_cat-zimt-honig","8":"product_tag-zimt-honig-glas","10":"first","11":"instock","12":"sale","13":"shipping-taxable","14":"product-type-external"},"yoast_head":"<!-- This site is optimized with the Yoast SEO plugin v27.4 - https:\/\/yoast.com\/product\/yoast-seo-wordpress\/ -->\n<title>Perlier Honey Miel Bath Cream Honey &amp; Cinnamon 500 ml - PureHiveHoney<\/title>\n<meta name=\"description\" content=\"Entdecken Sie hochwertigen Rohhonig, Bio Honig, Manuka Honig und nat\u00fcrliche Bienenprodukte. PureHiveHoney hilft Ihnen dabei, sorgf\u00e4ltig ausgew\u00e4hlte Honigsorten mit nat\u00fcrlicher Qualit\u00e4t und Reinheit zu entdecken.\" \/>\n<meta name=\"robots\" content=\"index, follow, max-snippet:-1, max-image-preview:large, max-video-preview:-1\" \/>\n<link rel=\"canonical\" href=\"https:\/\/purehivehoney.com\/de\/product\/perlier-honey-miel-bath-cream-honey-cinnamon-500-ml\/\" \/>\n<meta property=\"og:locale\" content=\"de_DE\" \/>\n<meta property=\"og:type\" content=\"article\" \/>\n<meta property=\"og:title\" content=\"Perlier Honey Miel Bath Cream Honey &amp; Cinnamon 500 ml - PureHiveHoney\" \/>\n<meta property=\"og:description\" content=\"Entdecken Sie hochwertigen Rohhonig, Bio Honig, Manuka Honig und nat\u00fcrliche Bienenprodukte. PureHiveHoney hilft Ihnen dabei, sorgf\u00e4ltig ausgew\u00e4hlte Honigsorten mit nat\u00fcrlicher Qualit\u00e4t und Reinheit zu entdecken.\" \/>\n<meta property=\"og:url\" content=\"https:\/\/purehivehoney.com\/de\/product\/perlier-honey-miel-bath-cream-honey-cinnamon-500-ml\/\" \/>\n<meta property=\"og:site_name\" content=\"PureHiveHoney\" \/>\n<meta property=\"article:modified_time\" content=\"2026-04-04T21:51:45+00:00\" \/>\n<meta name=\"twitter:card\" content=\"summary_large_image\" \/>\n<meta name=\"twitter:label1\" content=\"Gesch\u00e4tzte Lesezeit\" \/>\n\t<meta name=\"twitter:data1\" content=\"1\u00a0Minute\" \/>\n<script type=\"application\/ld+json\" class=\"yoast-schema-graph\">{\"@context\":\"https:\\\/\\\/schema.org\",\"@graph\":[{\"@type\":\"WebPage\",\"@id\":\"https:\\\/\\\/purehivehoney.com\\\/de\\\/product\\\/perlier-honey-miel-bath-cream-honey-cinnamon-500-ml\\\/\",\"url\":\"https:\\\/\\\/purehivehoney.com\\\/de\\\/product\\\/perlier-honey-miel-bath-cream-honey-cinnamon-500-ml\\\/\",\"name\":\"Perlier Honey Miel Bath Cream Honey & Cinnamon 500 ml - PureHiveHoney\",\"isPartOf\":{\"@id\":\"https:\\\/\\\/purehivehoney.com\\\/de\\\/#website\"},\"primaryImageOfPage\":{\"@id\":\"https:\\\/\\\/purehivehoney.com\\\/de\\\/product\\\/perlier-honey-miel-bath-cream-honey-cinnamon-500-ml\\\/#primaryimage\"},\"image\":{\"@id\":\"https:\\\/\\\/purehivehoney.com\\\/de\\\/product\\\/perlier-honey-miel-bath-cream-honey-cinnamon-500-ml\\\/#primaryimage\"},\"thumbnailUrl\":\"https:\\\/\\\/purehivehoney.com\\\/de\\\/wp-content\\\/uploads\\\/2026\\\/04\\\/71U6nlHsE9L._SL1500_.jpg\",\"datePublished\":\"2026-04-04T21:51:33+00:00\",\"dateModified\":\"2026-04-04T21:51:45+00:00\",\"description\":\"Entdecken Sie hochwertigen Rohhonig, Bio Honig, Manuka Honig und nat\u00fcrliche Bienenprodukte. PureHiveHoney hilft Ihnen dabei, sorgf\u00e4ltig ausgew\u00e4hlte Honigsorten mit nat\u00fcrlicher Qualit\u00e4t und Reinheit zu entdecken.\",\"breadcrumb\":{\"@id\":\"https:\\\/\\\/purehivehoney.com\\\/de\\\/product\\\/perlier-honey-miel-bath-cream-honey-cinnamon-500-ml\\\/#breadcrumb\"},\"inLanguage\":\"de\",\"potentialAction\":[{\"@type\":\"ReadAction\",\"target\":[\"https:\\\/\\\/purehivehoney.com\\\/de\\\/product\\\/perlier-honey-miel-bath-cream-honey-cinnamon-500-ml\\\/\"]}]},{\"@type\":\"ImageObject\",\"inLanguage\":\"de\",\"@id\":\"https:\\\/\\\/purehivehoney.com\\\/de\\\/product\\\/perlier-honey-miel-bath-cream-honey-cinnamon-500-ml\\\/#primaryimage\",\"url\":\"https:\\\/\\\/purehivehoney.com\\\/de\\\/wp-content\\\/uploads\\\/2026\\\/04\\\/71U6nlHsE9L._SL1500_.jpg\",\"contentUrl\":\"https:\\\/\\\/purehivehoney.com\\\/de\\\/wp-content\\\/uploads\\\/2026\\\/04\\\/71U6nlHsE9L._SL1500_.jpg\",\"width\":670,\"height\":1500},{\"@type\":\"BreadcrumbList\",\"@id\":\"https:\\\/\\\/purehivehoney.com\\\/de\\\/product\\\/perlier-honey-miel-bath-cream-honey-cinnamon-500-ml\\\/#breadcrumb\",\"itemListElement\":[{\"@type\":\"ListItem\",\"position\":1,\"name\":\"Home\",\"item\":\"https:\\\/\\\/purehivehoney.com\\\/de\\\/\"},{\"@type\":\"ListItem\",\"position\":2,\"name\":\"Shop\",\"item\":\"https:\\\/\\\/purehivehoney.com\\\/de\\\/shop\\\/\"},{\"@type\":\"ListItem\",\"position\":3,\"name\":\"Perlier Honey Miel Bath Cream Honey...\"}]},{\"@type\":\"WebSite\",\"@id\":\"https:\\\/\\\/purehivehoney.com\\\/de\\\/#website\",\"url\":\"https:\\\/\\\/purehivehoney.com\\\/de\\\/\",\"name\":\"PureHiveHoney\",\"description\":\"Reiner Honig &amp; Bienenprodukte Online | Rohhonig, Bio Honig &amp; Spezialhonig\",\"publisher\":{\"@id\":\"https:\\\/\\\/purehivehoney.com\\\/de\\\/#organization\"},\"potentialAction\":[{\"@type\":\"SearchAction\",\"target\":{\"@type\":\"EntryPoint\",\"urlTemplate\":\"https:\\\/\\\/purehivehoney.com\\\/de\\\/?s={search_term_string}\"},\"query-input\":{\"@type\":\"PropertyValueSpecification\",\"valueRequired\":true,\"valueName\":\"search_term_string\"}}],\"inLanguage\":\"de\"},{\"@type\":\"Organization\",\"@id\":\"https:\\\/\\\/purehivehoney.com\\\/de\\\/#organization\",\"name\":\"PureHiveHoney\",\"url\":\"https:\\\/\\\/purehivehoney.com\\\/de\\\/\",\"logo\":{\"@type\":\"ImageObject\",\"inLanguage\":\"de\",\"@id\":\"https:\\\/\\\/purehivehoney.com\\\/de\\\/#\\\/schema\\\/logo\\\/image\\\/\",\"url\":\"https:\\\/\\\/purehivehoney.com\\\/de\\\/wp-content\\\/uploads\\\/2026\\\/03\\\/Screenshot-2026-03-16-at-1.06.01-AM.png\",\"contentUrl\":\"https:\\\/\\\/purehivehoney.com\\\/de\\\/wp-content\\\/uploads\\\/2026\\\/03\\\/Screenshot-2026-03-16-at-1.06.01-AM.png\",\"width\":2112,\"height\":1086,\"caption\":\"PureHiveHoney\"},\"image\":{\"@id\":\"https:\\\/\\\/purehivehoney.com\\\/de\\\/#\\\/schema\\\/logo\\\/image\\\/\"}}]}<\/script>\n<!-- \/ Yoast SEO plugin. -->","yoast_head_json":{"title":"Perlier Honey Miel Bath Cream Honey & Cinnamon 500 ml - PureHiveHoney","description":"Entdecken Sie hochwertigen Rohhonig, Bio Honig, Manuka Honig und nat\u00fcrliche Bienenprodukte. PureHiveHoney hilft Ihnen dabei, sorgf\u00e4ltig ausgew\u00e4hlte Honigsorten mit nat\u00fcrlicher Qualit\u00e4t und Reinheit zu entdecken.","robots":{"index":"index","follow":"follow","max-snippet":"max-snippet:-1","max-image-preview":"max-image-preview:large","max-video-preview":"max-video-preview:-1"},"canonical":"https:\/\/purehivehoney.com\/de\/product\/perlier-honey-miel-bath-cream-honey-cinnamon-500-ml\/","og_locale":"de_DE","og_type":"article","og_title":"Perlier Honey Miel Bath Cream Honey & Cinnamon 500 ml - PureHiveHoney","og_description":"Entdecken Sie hochwertigen Rohhonig, Bio Honig, Manuka Honig und nat\u00fcrliche Bienenprodukte. PureHiveHoney hilft Ihnen dabei, sorgf\u00e4ltig ausgew\u00e4hlte Honigsorten mit nat\u00fcrlicher Qualit\u00e4t und Reinheit zu entdecken.","og_url":"https:\/\/purehivehoney.com\/de\/product\/perlier-honey-miel-bath-cream-honey-cinnamon-500-ml\/","og_site_name":"PureHiveHoney","article_modified_time":"2026-04-04T21:51:45+00:00","twitter_card":"summary_large_image","twitter_misc":{"Gesch\u00e4tzte Lesezeit":"1\u00a0Minute"},"schema":{"@context":"https:\/\/schema.org","@graph":[{"@type":"WebPage","@id":"https:\/\/purehivehoney.com\/de\/product\/perlier-honey-miel-bath-cream-honey-cinnamon-500-ml\/","url":"https:\/\/purehivehoney.com\/de\/product\/perlier-honey-miel-bath-cream-honey-cinnamon-500-ml\/","name":"Perlier Honey Miel Bath Cream Honey & Cinnamon 500 ml - PureHiveHoney","isPartOf":{"@id":"https:\/\/purehivehoney.com\/de\/#website"},"primaryImageOfPage":{"@id":"https:\/\/purehivehoney.com\/de\/product\/perlier-honey-miel-bath-cream-honey-cinnamon-500-ml\/#primaryimage"},"image":{"@id":"https:\/\/purehivehoney.com\/de\/product\/perlier-honey-miel-bath-cream-honey-cinnamon-500-ml\/#primaryimage"},"thumbnailUrl":"https:\/\/purehivehoney.com\/de\/wp-content\/uploads\/2026\/04\/71U6nlHsE9L._SL1500_.jpg","datePublished":"2026-04-04T21:51:33+00:00","dateModified":"2026-04-04T21:51:45+00:00","description":"Entdecken Sie hochwertigen Rohhonig, Bio Honig, Manuka Honig und nat\u00fcrliche Bienenprodukte. PureHiveHoney hilft Ihnen dabei, sorgf\u00e4ltig ausgew\u00e4hlte Honigsorten mit nat\u00fcrlicher Qualit\u00e4t und Reinheit zu entdecken.","breadcrumb":{"@id":"https:\/\/purehivehoney.com\/de\/product\/perlier-honey-miel-bath-cream-honey-cinnamon-500-ml\/#breadcrumb"},"inLanguage":"de","potentialAction":[{"@type":"ReadAction","target":["https:\/\/purehivehoney.com\/de\/product\/perlier-honey-miel-bath-cream-honey-cinnamon-500-ml\/"]}]},{"@type":"ImageObject","inLanguage":"de","@id":"https:\/\/purehivehoney.com\/de\/product\/perlier-honey-miel-bath-cream-honey-cinnamon-500-ml\/#primaryimage","url":"https:\/\/purehivehoney.com\/de\/wp-content\/uploads\/2026\/04\/71U6nlHsE9L._SL1500_.jpg","contentUrl":"https:\/\/purehivehoney.com\/de\/wp-content\/uploads\/2026\/04\/71U6nlHsE9L._SL1500_.jpg","width":670,"height":1500},{"@type":"BreadcrumbList","@id":"https:\/\/purehivehoney.com\/de\/product\/perlier-honey-miel-bath-cream-honey-cinnamon-500-ml\/#breadcrumb","itemListElement":[{"@type":"ListItem","position":1,"name":"Home","item":"https:\/\/purehivehoney.com\/de\/"},{"@type":"ListItem","position":2,"name":"Shop","item":"https:\/\/purehivehoney.com\/de\/shop\/"},{"@type":"ListItem","position":3,"name":"Perlier Honey Miel Bath Cream Honey..."}]},{"@type":"WebSite","@id":"https:\/\/purehivehoney.com\/de\/#website","url":"https:\/\/purehivehoney.com\/de\/","name":"PureHiveHoney","description":"Reiner Honig &amp; Bienenprodukte Online | Rohhonig, Bio Honig &amp; Spezialhonig","publisher":{"@id":"https:\/\/purehivehoney.com\/de\/#organization"},"potentialAction":[{"@type":"SearchAction","target":{"@type":"EntryPoint","urlTemplate":"https:\/\/purehivehoney.com\/de\/?s={search_term_string}"},"query-input":{"@type":"PropertyValueSpecification","valueRequired":true,"valueName":"search_term_string"}}],"inLanguage":"de"},{"@type":"Organization","@id":"https:\/\/purehivehoney.com\/de\/#organization","name":"PureHiveHoney","url":"https:\/\/purehivehoney.com\/de\/","logo":{"@type":"ImageObject","inLanguage":"de","@id":"https:\/\/purehivehoney.com\/de\/#\/schema\/logo\/image\/","url":"https:\/\/purehivehoney.com\/de\/wp-content\/uploads\/2026\/03\/Screenshot-2026-03-16-at-1.06.01-AM.png","contentUrl":"https:\/\/purehivehoney.com\/de\/wp-content\/uploads\/2026\/03\/Screenshot-2026-03-16-at-1.06.01-AM.png","width":2112,"height":1086,"caption":"PureHiveHoney"},"image":{"@id":"https:\/\/purehivehoney.com\/de\/#\/schema\/logo\/image\/"}}]}},"_links":{"self":[{"href":"https:\/\/purehivehoney.com\/de\/wp-json\/wp\/v2\/product\/2631","targetHints":{"allow":["GET"]}}],"collection":[{"href":"https:\/\/purehivehoney.com\/de\/wp-json\/wp\/v2\/product"}],"about":[{"href":"https:\/\/purehivehoney.com\/de\/wp-json\/wp\/v2\/types\/product"}],"replies":[{"embeddable":true,"href":"https:\/\/purehivehoney.com\/de\/wp-json\/wp\/v2\/comments?post=2631"}],"wp:featuredmedia":[{"embeddable":true,"href":"https:\/\/purehivehoney.com\/de\/wp-json\/wp\/v2\/media\/2632"}],"wp:attachment":[{"href":"https:\/\/purehivehoney.com\/de\/wp-json\/wp\/v2\/media?parent=2631"}],"wp:term":[{"taxonomy":"store","embeddable":true,"href":"https:\/\/purehivehoney.com\/de\/wp-json\/wp\/v2\/store?post=2631"},{"taxonomy":"product_brand","embeddable":true,"href":"https:\/\/purehivehoney.com\/de\/wp-json\/wp\/v2\/product_brand?post=2631"},{"taxonomy":"product_cat","embeddable":true,"href":"https:\/\/purehivehoney.com\/de\/wp-json\/wp\/v2\/product_cat?post=2631"},{"taxonomy":"product_tag","embeddable":true,"href":"https:\/\/purehivehoney.com\/de\/wp-json\/wp\/v2\/product_tag?post=2631"}],"curies":[{"name":"wp","href":"https:\/\/api.w.org\/{rel}","templated":true}]}}