{"id":2626,"date":"2026-04-04T19:52:35","date_gmt":"2026-04-04T19:52:35","guid":{"rendered":"https:\/\/purehivehoney.com\/de\/product\/joanna-pehology-hair-shampoo-for-medium-to-strong-porous-hair-intensive-cleansing-shampoo-for-hair-and-scalp-strengthening-hair-shampoo-for-damaged-dry-hair-300-ml\/"},"modified":"2026-04-04T19:52:43","modified_gmt":"2026-04-04T19:52:43","slug":"joanna-pehology-hair-shampoo-for-medium-to-strong-porous-hair-intensive-cleansing-shampoo-for-hair-and-scalp-strengthening-hair-shampoo-for-damaged-dry-hair-300-ml","status":"publish","type":"product","link":"https:\/\/purehivehoney.com\/de\/product\/joanna-pehology-hair-shampoo-for-medium-to-strong-porous-hair-intensive-cleansing-shampoo-for-hair-and-scalp-strengthening-hair-shampoo-for-damaged-dry-hair-300-ml\/","title":{"rendered":"JOANNA PEHology Hair Shampoo &#8211..."},"content":{"rendered":"<p>    <span>We are specialists in hair care, conditioning and styling products as well as bleaching and dyeing and professional cosmetics for hairdressers. Since 2007, we have also specialized in personal care cosmetics. We are constantly improving our preparations and expanding our range through cosmetic innovations. In the development of our products, we work closely with dermatologists and hairdressers. Ingredients Aqua, Sodium Coco Sulphate, Coco-Glucoside, Cocamidopropyl Betaine, Hydroxypropyl Guar Hydroxypropyltrimonium Chloride, Hydrolyzed Corn, Protein, Hydrolyzed Wheat Protein, Hydrolyzed Soy Protein, Hydroxypropyltrimonium Honey, Sorbic Acid, Leuconostoc\/Radish Root Ferment Filter. Sodium chloride, tetrasodium glutamate diacetate, perfume, geraniol, limonene, linalool, potassium sorbate, sodium benzoate.<\/span>    <br \/> Product Dimensions                                            \u200f                                            :                                            \u200e                                            7.2 x 3.8 x 19.5 cm; 340 g   <br \/> Manufacturer                                            \u200f                                            :                                            \u200e                                            Joanna   <br \/> ASIN                                            \u200f                                            :                                            \u200e                                            B0BVMW78Y3   <br \/> Country of origin                                            \u200f                                            :                                            \u200e                                            Poland   <br \/>  Customer reviews:                                                                                            1.0               1.0 out of 5 stars                                  (1)                                              var dpAcrHasRegisteredArcLinkClickAction;                    P.when(&#8218;A&#8216;, &#8218;ready&#8216;).execute(function(A) {                        if (dpAcrHasRegisteredArcLinkClickAction !== true) {                            dpAcrHasRegisteredArcLinkClickAction = true;                            A.declarative(                                &#8218;acrLink-click-metrics&#8216;, &#8218;click&#8216;,                                { &#8222;allowLinkDefault&#8220;: true },                                function (event) {                                    if (window.ue) {                                        ue.count(&#8222;acrLinkClickCount&#8220;, (ue.count(&#8222;acrLinkClickCount&#8220;) || 0) + 1);                                    }                                }                            );                        }                    });                                             P.when(&#8218;A&#8216;, &#8218;cf&#8216;).execute(function(A) {                A.declarative(&#8218;acrStarsLink-click-metrics&#8216;, &#8218;click&#8216;, { &#8222;allowLinkDefault&#8220; : true },  function(event){                    if(window.ue) {                        ue.count(&#8222;acrStarsLinkWithPopoverClickCount&#8220;, (ue.count(&#8222;acrStarsLinkWithPopoverClickCount&#8220;) || 0) + 1);                    }                });            });                          <br \/>Our product: If your hair is frequently bleached or dyed or regularly exposed to high temperatures, if it is dry, coarse and brittle, it is very likely medium or highly porous hair.<br \/>To whom it is recommended: The PEH balance is ensured by the correct ratio of proteins, plasticisers and humectants. Medium and coarse-pored hair needs care, regeneration and moisture.<br \/>Effects: The proteins fill damage to the hair structure and give the hair volume and a healthy shine. Honey enhances the restorative effect of the proteins and ensures sufficient moisture supply.<br \/>Results: In addition, our shampoo contains a composition of vegetable proteins: soy, corn, wheat and honey. This gives the hair strength, moisture and suppleness with regular use.<br \/>How to use: Apply a small amount of shampoo to wet scalp and hair. Massage until it foams, then rinse with lukewarm water and use a conditioner or mask.<\/p>\n\n","protected":false},"excerpt":{"rendered":"<p>We are specialists in hair care, conditioning and styling products as well as bleaching and dyeing and professional cosmetics for hairdressers. Since 2007, we have also specialized in personal care cosmetics. We are constantly improving our preparations and expanding our range through cosmetic innovations. In the development of our products, we work closely with dermatologists [&hellip;]<\/p>\n","protected":false},"featured_media":2627,"comment_status":"open","ping_status":"closed","template":"","meta":{"_aipt_faq_data":""},"store":[],"product_brand":[351],"product_cat":[69],"product_tag":[318],"class_list":{"0":"post-2626","1":"product","2":"type-product","3":"status-publish","4":"has-post-thumbnail","6":"product_brand-joanna","7":"product_cat-honig-probier-sets","8":"product_tag-honig-probier-sets-geschenk","10":"first","11":"instock","12":"sale","13":"shipping-taxable","14":"product-type-external"},"yoast_head":"<!-- This site is optimized with the Yoast SEO plugin v27.4 - https:\/\/yoast.com\/product\/yoast-seo-wordpress\/ -->\n<title>JOANNA PEHology Hair Shampoo - for Medium to Strong Porous Hair - Intensive Cleansing Shampoo for Hair and Scalp - Strengthening Hair Shampoo for Damaged, Dry Hair - 300 ml - PureHiveHoney<\/title>\n<meta name=\"description\" content=\"Entdecken Sie hochwertigen Rohhonig, Bio Honig, Manuka Honig und nat\u00fcrliche Bienenprodukte. PureHiveHoney hilft Ihnen dabei, sorgf\u00e4ltig ausgew\u00e4hlte Honigsorten mit nat\u00fcrlicher Qualit\u00e4t und Reinheit zu entdecken.\" \/>\n<meta name=\"robots\" content=\"index, follow, max-snippet:-1, max-image-preview:large, max-video-preview:-1\" \/>\n<link rel=\"canonical\" href=\"https:\/\/purehivehoney.com\/de\/product\/joanna-pehology-hair-shampoo-for-medium-to-strong-porous-hair-intensive-cleansing-shampoo-for-hair-and-scalp-strengthening-hair-shampoo-for-damaged-dry-hair-300-ml\/\" \/>\n<meta property=\"og:locale\" content=\"de_DE\" \/>\n<meta property=\"og:type\" content=\"article\" \/>\n<meta property=\"og:title\" content=\"JOANNA PEHology Hair Shampoo - for Medium to Strong Porous Hair - Intensive Cleansing Shampoo for Hair and Scalp - Strengthening Hair Shampoo for Damaged, Dry Hair - 300 ml - PureHiveHoney\" \/>\n<meta property=\"og:description\" content=\"Entdecken Sie hochwertigen Rohhonig, Bio Honig, Manuka Honig und nat\u00fcrliche Bienenprodukte. PureHiveHoney hilft Ihnen dabei, sorgf\u00e4ltig ausgew\u00e4hlte Honigsorten mit nat\u00fcrlicher Qualit\u00e4t und Reinheit zu entdecken.\" \/>\n<meta property=\"og:url\" content=\"https:\/\/purehivehoney.com\/de\/product\/joanna-pehology-hair-shampoo-for-medium-to-strong-porous-hair-intensive-cleansing-shampoo-for-hair-and-scalp-strengthening-hair-shampoo-for-damaged-dry-hair-300-ml\/\" \/>\n<meta property=\"og:site_name\" content=\"PureHiveHoney\" \/>\n<meta property=\"article:modified_time\" content=\"2026-04-04T19:52:43+00:00\" \/>\n<meta name=\"twitter:card\" content=\"summary_large_image\" \/>\n<meta name=\"twitter:label1\" content=\"Gesch\u00e4tzte Lesezeit\" \/>\n\t<meta name=\"twitter:data1\" content=\"2\u00a0Minuten\" \/>\n<script type=\"application\/ld+json\" class=\"yoast-schema-graph\">{\"@context\":\"https:\\\/\\\/schema.org\",\"@graph\":[{\"@type\":\"WebPage\",\"@id\":\"https:\\\/\\\/purehivehoney.com\\\/de\\\/product\\\/joanna-pehology-hair-shampoo-for-medium-to-strong-porous-hair-intensive-cleansing-shampoo-for-hair-and-scalp-strengthening-hair-shampoo-for-damaged-dry-hair-300-ml\\\/\",\"url\":\"https:\\\/\\\/purehivehoney.com\\\/de\\\/product\\\/joanna-pehology-hair-shampoo-for-medium-to-strong-porous-hair-intensive-cleansing-shampoo-for-hair-and-scalp-strengthening-hair-shampoo-for-damaged-dry-hair-300-ml\\\/\",\"name\":\"JOANNA PEHology Hair Shampoo - for Medium to Strong Porous Hair - Intensive Cleansing Shampoo for Hair and Scalp - Strengthening Hair Shampoo for Damaged, Dry Hair - 300 ml - PureHiveHoney\",\"isPartOf\":{\"@id\":\"https:\\\/\\\/purehivehoney.com\\\/de\\\/#website\"},\"primaryImageOfPage\":{\"@id\":\"https:\\\/\\\/purehivehoney.com\\\/de\\\/product\\\/joanna-pehology-hair-shampoo-for-medium-to-strong-porous-hair-intensive-cleansing-shampoo-for-hair-and-scalp-strengthening-hair-shampoo-for-damaged-dry-hair-300-ml\\\/#primaryimage\"},\"image\":{\"@id\":\"https:\\\/\\\/purehivehoney.com\\\/de\\\/product\\\/joanna-pehology-hair-shampoo-for-medium-to-strong-porous-hair-intensive-cleansing-shampoo-for-hair-and-scalp-strengthening-hair-shampoo-for-damaged-dry-hair-300-ml\\\/#primaryimage\"},\"thumbnailUrl\":\"https:\\\/\\\/purehivehoney.com\\\/de\\\/wp-content\\\/uploads\\\/2026\\\/04\\\/61t7RQDrqIL._SL1200_.jpg\",\"datePublished\":\"2026-04-04T19:52:35+00:00\",\"dateModified\":\"2026-04-04T19:52:43+00:00\",\"description\":\"Entdecken Sie hochwertigen Rohhonig, Bio Honig, Manuka Honig und nat\u00fcrliche Bienenprodukte. PureHiveHoney hilft Ihnen dabei, sorgf\u00e4ltig ausgew\u00e4hlte Honigsorten mit nat\u00fcrlicher Qualit\u00e4t und Reinheit zu entdecken.\",\"breadcrumb\":{\"@id\":\"https:\\\/\\\/purehivehoney.com\\\/de\\\/product\\\/joanna-pehology-hair-shampoo-for-medium-to-strong-porous-hair-intensive-cleansing-shampoo-for-hair-and-scalp-strengthening-hair-shampoo-for-damaged-dry-hair-300-ml\\\/#breadcrumb\"},\"inLanguage\":\"de\",\"potentialAction\":[{\"@type\":\"ReadAction\",\"target\":[\"https:\\\/\\\/purehivehoney.com\\\/de\\\/product\\\/joanna-pehology-hair-shampoo-for-medium-to-strong-porous-hair-intensive-cleansing-shampoo-for-hair-and-scalp-strengthening-hair-shampoo-for-damaged-dry-hair-300-ml\\\/\"]}]},{\"@type\":\"ImageObject\",\"inLanguage\":\"de\",\"@id\":\"https:\\\/\\\/purehivehoney.com\\\/de\\\/product\\\/joanna-pehology-hair-shampoo-for-medium-to-strong-porous-hair-intensive-cleansing-shampoo-for-hair-and-scalp-strengthening-hair-shampoo-for-damaged-dry-hair-300-ml\\\/#primaryimage\",\"url\":\"https:\\\/\\\/purehivehoney.com\\\/de\\\/wp-content\\\/uploads\\\/2026\\\/04\\\/61t7RQDrqIL._SL1200_.jpg\",\"contentUrl\":\"https:\\\/\\\/purehivehoney.com\\\/de\\\/wp-content\\\/uploads\\\/2026\\\/04\\\/61t7RQDrqIL._SL1200_.jpg\",\"width\":1200,\"height\":1200},{\"@type\":\"BreadcrumbList\",\"@id\":\"https:\\\/\\\/purehivehoney.com\\\/de\\\/product\\\/joanna-pehology-hair-shampoo-for-medium-to-strong-porous-hair-intensive-cleansing-shampoo-for-hair-and-scalp-strengthening-hair-shampoo-for-damaged-dry-hair-300-ml\\\/#breadcrumb\",\"itemListElement\":[{\"@type\":\"ListItem\",\"position\":1,\"name\":\"Home\",\"item\":\"https:\\\/\\\/purehivehoney.com\\\/de\\\/\"},{\"@type\":\"ListItem\",\"position\":2,\"name\":\"Shop\",\"item\":\"https:\\\/\\\/purehivehoney.com\\\/de\\\/shop\\\/\"},{\"@type\":\"ListItem\",\"position\":3,\"name\":\"JOANNA PEHology Hair Shampoo &#8211...\"}]},{\"@type\":\"WebSite\",\"@id\":\"https:\\\/\\\/purehivehoney.com\\\/de\\\/#website\",\"url\":\"https:\\\/\\\/purehivehoney.com\\\/de\\\/\",\"name\":\"PureHiveHoney\",\"description\":\"Reiner Honig &amp; Bienenprodukte Online | Rohhonig, Bio Honig &amp; Spezialhonig\",\"publisher\":{\"@id\":\"https:\\\/\\\/purehivehoney.com\\\/de\\\/#organization\"},\"potentialAction\":[{\"@type\":\"SearchAction\",\"target\":{\"@type\":\"EntryPoint\",\"urlTemplate\":\"https:\\\/\\\/purehivehoney.com\\\/de\\\/?s={search_term_string}\"},\"query-input\":{\"@type\":\"PropertyValueSpecification\",\"valueRequired\":true,\"valueName\":\"search_term_string\"}}],\"inLanguage\":\"de\"},{\"@type\":\"Organization\",\"@id\":\"https:\\\/\\\/purehivehoney.com\\\/de\\\/#organization\",\"name\":\"PureHiveHoney\",\"url\":\"https:\\\/\\\/purehivehoney.com\\\/de\\\/\",\"logo\":{\"@type\":\"ImageObject\",\"inLanguage\":\"de\",\"@id\":\"https:\\\/\\\/purehivehoney.com\\\/de\\\/#\\\/schema\\\/logo\\\/image\\\/\",\"url\":\"https:\\\/\\\/purehivehoney.com\\\/de\\\/wp-content\\\/uploads\\\/2026\\\/03\\\/Screenshot-2026-03-16-at-1.06.01-AM.png\",\"contentUrl\":\"https:\\\/\\\/purehivehoney.com\\\/de\\\/wp-content\\\/uploads\\\/2026\\\/03\\\/Screenshot-2026-03-16-at-1.06.01-AM.png\",\"width\":2112,\"height\":1086,\"caption\":\"PureHiveHoney\"},\"image\":{\"@id\":\"https:\\\/\\\/purehivehoney.com\\\/de\\\/#\\\/schema\\\/logo\\\/image\\\/\"}}]}<\/script>\n<!-- \/ Yoast SEO plugin. -->","yoast_head_json":{"title":"JOANNA PEHology Hair Shampoo - for Medium to Strong Porous Hair - Intensive Cleansing Shampoo for Hair and Scalp - Strengthening Hair Shampoo for Damaged, Dry Hair - 300 ml - PureHiveHoney","description":"Entdecken Sie hochwertigen Rohhonig, Bio Honig, Manuka Honig und nat\u00fcrliche Bienenprodukte. PureHiveHoney hilft Ihnen dabei, sorgf\u00e4ltig ausgew\u00e4hlte Honigsorten mit nat\u00fcrlicher Qualit\u00e4t und Reinheit zu entdecken.","robots":{"index":"index","follow":"follow","max-snippet":"max-snippet:-1","max-image-preview":"max-image-preview:large","max-video-preview":"max-video-preview:-1"},"canonical":"https:\/\/purehivehoney.com\/de\/product\/joanna-pehology-hair-shampoo-for-medium-to-strong-porous-hair-intensive-cleansing-shampoo-for-hair-and-scalp-strengthening-hair-shampoo-for-damaged-dry-hair-300-ml\/","og_locale":"de_DE","og_type":"article","og_title":"JOANNA PEHology Hair Shampoo - for Medium to Strong Porous Hair - Intensive Cleansing Shampoo for Hair and Scalp - Strengthening Hair Shampoo for Damaged, Dry Hair - 300 ml - PureHiveHoney","og_description":"Entdecken Sie hochwertigen Rohhonig, Bio Honig, Manuka Honig und nat\u00fcrliche Bienenprodukte. PureHiveHoney hilft Ihnen dabei, sorgf\u00e4ltig ausgew\u00e4hlte Honigsorten mit nat\u00fcrlicher Qualit\u00e4t und Reinheit zu entdecken.","og_url":"https:\/\/purehivehoney.com\/de\/product\/joanna-pehology-hair-shampoo-for-medium-to-strong-porous-hair-intensive-cleansing-shampoo-for-hair-and-scalp-strengthening-hair-shampoo-for-damaged-dry-hair-300-ml\/","og_site_name":"PureHiveHoney","article_modified_time":"2026-04-04T19:52:43+00:00","twitter_card":"summary_large_image","twitter_misc":{"Gesch\u00e4tzte Lesezeit":"2\u00a0Minuten"},"schema":{"@context":"https:\/\/schema.org","@graph":[{"@type":"WebPage","@id":"https:\/\/purehivehoney.com\/de\/product\/joanna-pehology-hair-shampoo-for-medium-to-strong-porous-hair-intensive-cleansing-shampoo-for-hair-and-scalp-strengthening-hair-shampoo-for-damaged-dry-hair-300-ml\/","url":"https:\/\/purehivehoney.com\/de\/product\/joanna-pehology-hair-shampoo-for-medium-to-strong-porous-hair-intensive-cleansing-shampoo-for-hair-and-scalp-strengthening-hair-shampoo-for-damaged-dry-hair-300-ml\/","name":"JOANNA PEHology Hair Shampoo - for Medium to Strong Porous Hair - Intensive Cleansing Shampoo for Hair and Scalp - Strengthening Hair Shampoo for Damaged, Dry Hair - 300 ml - PureHiveHoney","isPartOf":{"@id":"https:\/\/purehivehoney.com\/de\/#website"},"primaryImageOfPage":{"@id":"https:\/\/purehivehoney.com\/de\/product\/joanna-pehology-hair-shampoo-for-medium-to-strong-porous-hair-intensive-cleansing-shampoo-for-hair-and-scalp-strengthening-hair-shampoo-for-damaged-dry-hair-300-ml\/#primaryimage"},"image":{"@id":"https:\/\/purehivehoney.com\/de\/product\/joanna-pehology-hair-shampoo-for-medium-to-strong-porous-hair-intensive-cleansing-shampoo-for-hair-and-scalp-strengthening-hair-shampoo-for-damaged-dry-hair-300-ml\/#primaryimage"},"thumbnailUrl":"https:\/\/purehivehoney.com\/de\/wp-content\/uploads\/2026\/04\/61t7RQDrqIL._SL1200_.jpg","datePublished":"2026-04-04T19:52:35+00:00","dateModified":"2026-04-04T19:52:43+00:00","description":"Entdecken Sie hochwertigen Rohhonig, Bio Honig, Manuka Honig und nat\u00fcrliche Bienenprodukte. PureHiveHoney hilft Ihnen dabei, sorgf\u00e4ltig ausgew\u00e4hlte Honigsorten mit nat\u00fcrlicher Qualit\u00e4t und Reinheit zu entdecken.","breadcrumb":{"@id":"https:\/\/purehivehoney.com\/de\/product\/joanna-pehology-hair-shampoo-for-medium-to-strong-porous-hair-intensive-cleansing-shampoo-for-hair-and-scalp-strengthening-hair-shampoo-for-damaged-dry-hair-300-ml\/#breadcrumb"},"inLanguage":"de","potentialAction":[{"@type":"ReadAction","target":["https:\/\/purehivehoney.com\/de\/product\/joanna-pehology-hair-shampoo-for-medium-to-strong-porous-hair-intensive-cleansing-shampoo-for-hair-and-scalp-strengthening-hair-shampoo-for-damaged-dry-hair-300-ml\/"]}]},{"@type":"ImageObject","inLanguage":"de","@id":"https:\/\/purehivehoney.com\/de\/product\/joanna-pehology-hair-shampoo-for-medium-to-strong-porous-hair-intensive-cleansing-shampoo-for-hair-and-scalp-strengthening-hair-shampoo-for-damaged-dry-hair-300-ml\/#primaryimage","url":"https:\/\/purehivehoney.com\/de\/wp-content\/uploads\/2026\/04\/61t7RQDrqIL._SL1200_.jpg","contentUrl":"https:\/\/purehivehoney.com\/de\/wp-content\/uploads\/2026\/04\/61t7RQDrqIL._SL1200_.jpg","width":1200,"height":1200},{"@type":"BreadcrumbList","@id":"https:\/\/purehivehoney.com\/de\/product\/joanna-pehology-hair-shampoo-for-medium-to-strong-porous-hair-intensive-cleansing-shampoo-for-hair-and-scalp-strengthening-hair-shampoo-for-damaged-dry-hair-300-ml\/#breadcrumb","itemListElement":[{"@type":"ListItem","position":1,"name":"Home","item":"https:\/\/purehivehoney.com\/de\/"},{"@type":"ListItem","position":2,"name":"Shop","item":"https:\/\/purehivehoney.com\/de\/shop\/"},{"@type":"ListItem","position":3,"name":"JOANNA PEHology Hair Shampoo &#8211..."}]},{"@type":"WebSite","@id":"https:\/\/purehivehoney.com\/de\/#website","url":"https:\/\/purehivehoney.com\/de\/","name":"PureHiveHoney","description":"Reiner Honig &amp; Bienenprodukte Online | Rohhonig, Bio Honig &amp; Spezialhonig","publisher":{"@id":"https:\/\/purehivehoney.com\/de\/#organization"},"potentialAction":[{"@type":"SearchAction","target":{"@type":"EntryPoint","urlTemplate":"https:\/\/purehivehoney.com\/de\/?s={search_term_string}"},"query-input":{"@type":"PropertyValueSpecification","valueRequired":true,"valueName":"search_term_string"}}],"inLanguage":"de"},{"@type":"Organization","@id":"https:\/\/purehivehoney.com\/de\/#organization","name":"PureHiveHoney","url":"https:\/\/purehivehoney.com\/de\/","logo":{"@type":"ImageObject","inLanguage":"de","@id":"https:\/\/purehivehoney.com\/de\/#\/schema\/logo\/image\/","url":"https:\/\/purehivehoney.com\/de\/wp-content\/uploads\/2026\/03\/Screenshot-2026-03-16-at-1.06.01-AM.png","contentUrl":"https:\/\/purehivehoney.com\/de\/wp-content\/uploads\/2026\/03\/Screenshot-2026-03-16-at-1.06.01-AM.png","width":2112,"height":1086,"caption":"PureHiveHoney"},"image":{"@id":"https:\/\/purehivehoney.com\/de\/#\/schema\/logo\/image\/"}}]}},"_links":{"self":[{"href":"https:\/\/purehivehoney.com\/de\/wp-json\/wp\/v2\/product\/2626","targetHints":{"allow":["GET"]}}],"collection":[{"href":"https:\/\/purehivehoney.com\/de\/wp-json\/wp\/v2\/product"}],"about":[{"href":"https:\/\/purehivehoney.com\/de\/wp-json\/wp\/v2\/types\/product"}],"replies":[{"embeddable":true,"href":"https:\/\/purehivehoney.com\/de\/wp-json\/wp\/v2\/comments?post=2626"}],"wp:featuredmedia":[{"embeddable":true,"href":"https:\/\/purehivehoney.com\/de\/wp-json\/wp\/v2\/media\/2627"}],"wp:attachment":[{"href":"https:\/\/purehivehoney.com\/de\/wp-json\/wp\/v2\/media?parent=2626"}],"wp:term":[{"taxonomy":"store","embeddable":true,"href":"https:\/\/purehivehoney.com\/de\/wp-json\/wp\/v2\/store?post=2626"},{"taxonomy":"product_brand","embeddable":true,"href":"https:\/\/purehivehoney.com\/de\/wp-json\/wp\/v2\/product_brand?post=2626"},{"taxonomy":"product_cat","embeddable":true,"href":"https:\/\/purehivehoney.com\/de\/wp-json\/wp\/v2\/product_cat?post=2626"},{"taxonomy":"product_tag","embeddable":true,"href":"https:\/\/purehivehoney.com\/de\/wp-json\/wp\/v2\/product_tag?post=2626"}],"curies":[{"name":"wp","href":"https:\/\/api.w.org\/{rel}","templated":true}]}}