{"id":2617,"date":"2026-04-04T19:45:33","date_gmt":"2026-04-04T19:45:33","guid":{"rendered":"https:\/\/purehivehoney.com\/de\/product\/bettwaesche-set-3-teilig-ultraweich-verdickt-bienen-liebe-honig-tagesdecke-2-kissenbezuege-leicht-doppelseitig-bettbezug-fuer-zuhause-hotel-geschenke-2286-x-2286-cm\/"},"modified":"2026-04-04T19:45:50","modified_gmt":"2026-04-04T19:45:50","slug":"bettwaesche-set-3-teilig-ultraweich-verdickt-bienen-liebe-honig-tagesdecke-2-kissenbezuege-leicht-doppelseitig-bettbezug-fuer-zuhause-hotel-geschenke-2286-x-2286-cm","status":"publish","type":"product","link":"https:\/\/purehivehoney.com\/de\/product\/bettwaesche-set-3-teilig-ultraweich-verdickt-bienen-liebe-honig-tagesdecke-2-kissenbezuege-leicht-doppelseitig-bettbezug-fuer-zuhause-hotel-geschenke-2286-x-2286-cm\/","title":{"rendered":"Bettw\u00e4sche-Set, 3-teilig, ultrawei..."},"content":{"rendered":"<p>    <span><br \/>Bettw\u00e4sche-Set erh\u00e4ltlich in 4 Gr\u00f6\u00dfen: 218,4 x 177,8 cm + 2 Kissenbez\u00fcge 76,2 x 50,8 cm, 200,7 x 228,6 cm + 2 Kissenbez\u00fcge 76,2 x 50,8 cm. 228,6 x 228,6 cm + 2 Kissenbez\u00fcge 76,2 x 50,8 cm. 259,1 x 228,6 cm + 2 Kissenbez\u00fcge 76,2 x 50,8 cm (ohne Kissenkern). <br \/>Das Bettw\u00e4sche-Set f\u00fcr Doppelbetten ist perfekt f\u00fcr den ganzj\u00e4hrigen Genuss. Verwenden Sie es als eigenst\u00e4ndige Decke im Sommer oder als Schicht mit einer Decke; f\u00fcgen Sie eine Bettdecke f\u00fcr zus\u00e4tzliche W\u00e4rme im Winter hinzu; ideal f\u00fcr Schlafzimmer, G\u00e4stezimmer oder Ferienh\u00e4user. <br \/><\/span>    <br \/>Ultraweiches, geb\u00fcrstetes Mikrofasergewebe: Das 3-teilige Bettw\u00e4sche-Set von Bee Love ist aus Mikrofaser, atmungsaktiv, leicht und f\u00fcr alle Jahreszeiten geeignet, super weich und glatt, hilft Ihnen, einen ruhigen Schlaf zu genie\u00dfen.<br \/>\u3010Ganzjahresthermodesign\u30113-lagige geb\u00fcrstete Konstruktion f\u00e4ngt 40% mehr K\u00f6rperw\u00e4rme ein als herk\u00f6mmliche Bettlaken und erh\u00e4lt gleichzeitig den Luftstrom. Ideal f\u00fcr den Wintergebrauch oder klimatisierte R\u00e4ume (15-25 \u00b0C Komfortbereich).<br \/>Professionelle Haltbarkeit: Mit verst\u00e4rkten Doppeln\u00e4hten, verdeckten Metall-Rei\u00dfverschl\u00fcssen und Anti-Pilling-Technologie. Hochtemperaturbehandelter Stoff widersteht Einlaufen (\u2264 3 %) und beh\u00e4lt die Farbbrillanz auch nach 50+ W\u00e4schen bei.<br \/>Multi-Szenario Luxus &#8211; Enth\u00e4lt 1 Tagesdecke (Einsatzgr\u00f6\u00dfe) + 2 Standard-Kissenbez\u00fcge. Hotelqualit\u00e4t, ideal f\u00fcr Schlafzimmer, Ferienwohnungen oder als hochwertiges Einweihungs-\/Hochzeitsgeschenk (Geschenkverpackung erh\u00e4ltlich).<br \/>M\u00fchelose Pflege und Wartung: maschinenwaschbar in kaltem Wasser (\u2264 30 \u00b0C) mit Feinwaschmittel. Bei niedriger Temperatur trocknen. Nicht bleichen. Knitterfreie Oberfl\u00e4che spart 70 % B\u00fcgelzeit im Vergleich zu Standard-Bettw\u00e4sche.<\/p>\n\n","protected":false},"excerpt":{"rendered":"<p>Bettw\u00e4sche-Set erh\u00e4ltlich in 4 Gr\u00f6\u00dfen: 218,4 x 177,8 cm + 2 Kissenbez\u00fcge 76,2 x 50,8 cm, 200,7 x 228,6 cm + 2 Kissenbez\u00fcge 76,2 x 50,8 cm. 228,6 x 228,6 cm + 2 Kissenbez\u00fcge 76,2 x 50,8 cm. 259,1 x 228,6 cm + 2 Kissenbez\u00fcge 76,2 x 50,8 cm (ohne Kissenkern). Das Bettw\u00e4sche-Set f\u00fcr Doppelbetten [&hellip;]<\/p>\n","protected":false},"featured_media":2618,"comment_status":"open","ping_status":"closed","template":"","meta":{"_aipt_faq_data":""},"store":[],"product_brand":[350],"product_cat":[71],"product_tag":[342],"class_list":{"0":"post-2617","1":"product","2":"type-product","3":"status-publish","4":"has-post-thumbnail","6":"product_brand-ghbnk","7":"product_cat-honig-sortiment-sets","8":"product_tag-honig-sortiment-sets-geschenk","10":"first","11":"instock","12":"shipping-taxable","13":"product-type-external"},"yoast_head":"<!-- This site is optimized with the Yoast SEO plugin v27.4 - https:\/\/yoast.com\/product\/yoast-seo-wordpress\/ -->\n<title>Bettw\u00e4sche-Set, 3-teilig, ultraweich, verdickt, Bienen-Liebe, Honig, Tagesdecke + 2 Kissenbez\u00fcge, leicht, doppelseitig, Bettbezug f\u00fcr Zuhause\/Hotel\/Geschenke, 228,6 x 228,6 cm - PureHiveHoney<\/title>\n<meta name=\"description\" content=\"Entdecken Sie hochwertigen Rohhonig, Bio Honig, Manuka Honig und nat\u00fcrliche Bienenprodukte. PureHiveHoney hilft Ihnen dabei, sorgf\u00e4ltig ausgew\u00e4hlte Honigsorten mit nat\u00fcrlicher Qualit\u00e4t und Reinheit zu entdecken.\" \/>\n<meta name=\"robots\" content=\"index, follow, max-snippet:-1, max-image-preview:large, max-video-preview:-1\" \/>\n<link rel=\"canonical\" href=\"https:\/\/purehivehoney.com\/de\/product\/bettwaesche-set-3-teilig-ultraweich-verdickt-bienen-liebe-honig-tagesdecke-2-kissenbezuege-leicht-doppelseitig-bettbezug-fuer-zuhause-hotel-geschenke-2286-x-2286-cm\/\" \/>\n<meta property=\"og:locale\" content=\"de_DE\" \/>\n<meta property=\"og:type\" content=\"article\" \/>\n<meta property=\"og:title\" content=\"Bettw\u00e4sche-Set, 3-teilig, ultraweich, verdickt, Bienen-Liebe, Honig, Tagesdecke + 2 Kissenbez\u00fcge, leicht, doppelseitig, Bettbezug f\u00fcr Zuhause\/Hotel\/Geschenke, 228,6 x 228,6 cm - PureHiveHoney\" \/>\n<meta property=\"og:description\" content=\"Entdecken Sie hochwertigen Rohhonig, Bio Honig, Manuka Honig und nat\u00fcrliche Bienenprodukte. PureHiveHoney hilft Ihnen dabei, sorgf\u00e4ltig ausgew\u00e4hlte Honigsorten mit nat\u00fcrlicher Qualit\u00e4t und Reinheit zu entdecken.\" \/>\n<meta property=\"og:url\" content=\"https:\/\/purehivehoney.com\/de\/product\/bettwaesche-set-3-teilig-ultraweich-verdickt-bienen-liebe-honig-tagesdecke-2-kissenbezuege-leicht-doppelseitig-bettbezug-fuer-zuhause-hotel-geschenke-2286-x-2286-cm\/\" \/>\n<meta property=\"og:site_name\" content=\"PureHiveHoney\" \/>\n<meta property=\"article:modified_time\" content=\"2026-04-04T19:45:50+00:00\" \/>\n<meta name=\"twitter:card\" content=\"summary_large_image\" \/>\n<meta name=\"twitter:label1\" content=\"Gesch\u00e4tzte Lesezeit\" \/>\n\t<meta name=\"twitter:data1\" content=\"1\u00a0Minute\" \/>\n<script type=\"application\/ld+json\" class=\"yoast-schema-graph\">{\"@context\":\"https:\\\/\\\/schema.org\",\"@graph\":[{\"@type\":\"WebPage\",\"@id\":\"https:\\\/\\\/purehivehoney.com\\\/de\\\/product\\\/bettwaesche-set-3-teilig-ultraweich-verdickt-bienen-liebe-honig-tagesdecke-2-kissenbezuege-leicht-doppelseitig-bettbezug-fuer-zuhause-hotel-geschenke-2286-x-2286-cm\\\/\",\"url\":\"https:\\\/\\\/purehivehoney.com\\\/de\\\/product\\\/bettwaesche-set-3-teilig-ultraweich-verdickt-bienen-liebe-honig-tagesdecke-2-kissenbezuege-leicht-doppelseitig-bettbezug-fuer-zuhause-hotel-geschenke-2286-x-2286-cm\\\/\",\"name\":\"Bettw\u00e4sche-Set, 3-teilig, ultraweich, verdickt, Bienen-Liebe, Honig, Tagesdecke + 2 Kissenbez\u00fcge, leicht, doppelseitig, Bettbezug f\u00fcr Zuhause\\\/Hotel\\\/Geschenke, 228,6 x 228,6 cm - PureHiveHoney\",\"isPartOf\":{\"@id\":\"https:\\\/\\\/purehivehoney.com\\\/de\\\/#website\"},\"primaryImageOfPage\":{\"@id\":\"https:\\\/\\\/purehivehoney.com\\\/de\\\/product\\\/bettwaesche-set-3-teilig-ultraweich-verdickt-bienen-liebe-honig-tagesdecke-2-kissenbezuege-leicht-doppelseitig-bettbezug-fuer-zuhause-hotel-geschenke-2286-x-2286-cm\\\/#primaryimage\"},\"image\":{\"@id\":\"https:\\\/\\\/purehivehoney.com\\\/de\\\/product\\\/bettwaesche-set-3-teilig-ultraweich-verdickt-bienen-liebe-honig-tagesdecke-2-kissenbezuege-leicht-doppelseitig-bettbezug-fuer-zuhause-hotel-geschenke-2286-x-2286-cm\\\/#primaryimage\"},\"thumbnailUrl\":\"https:\\\/\\\/purehivehoney.com\\\/de\\\/wp-content\\\/uploads\\\/2026\\\/04\\\/712msNxAykL._AC_SL1500_.jpg\",\"datePublished\":\"2026-04-04T19:45:33+00:00\",\"dateModified\":\"2026-04-04T19:45:50+00:00\",\"description\":\"Entdecken Sie hochwertigen Rohhonig, Bio Honig, Manuka Honig und nat\u00fcrliche Bienenprodukte. PureHiveHoney hilft Ihnen dabei, sorgf\u00e4ltig ausgew\u00e4hlte Honigsorten mit nat\u00fcrlicher Qualit\u00e4t und Reinheit zu entdecken.\",\"breadcrumb\":{\"@id\":\"https:\\\/\\\/purehivehoney.com\\\/de\\\/product\\\/bettwaesche-set-3-teilig-ultraweich-verdickt-bienen-liebe-honig-tagesdecke-2-kissenbezuege-leicht-doppelseitig-bettbezug-fuer-zuhause-hotel-geschenke-2286-x-2286-cm\\\/#breadcrumb\"},\"inLanguage\":\"de\",\"potentialAction\":[{\"@type\":\"ReadAction\",\"target\":[\"https:\\\/\\\/purehivehoney.com\\\/de\\\/product\\\/bettwaesche-set-3-teilig-ultraweich-verdickt-bienen-liebe-honig-tagesdecke-2-kissenbezuege-leicht-doppelseitig-bettbezug-fuer-zuhause-hotel-geschenke-2286-x-2286-cm\\\/\"]}]},{\"@type\":\"ImageObject\",\"inLanguage\":\"de\",\"@id\":\"https:\\\/\\\/purehivehoney.com\\\/de\\\/product\\\/bettwaesche-set-3-teilig-ultraweich-verdickt-bienen-liebe-honig-tagesdecke-2-kissenbezuege-leicht-doppelseitig-bettbezug-fuer-zuhause-hotel-geschenke-2286-x-2286-cm\\\/#primaryimage\",\"url\":\"https:\\\/\\\/purehivehoney.com\\\/de\\\/wp-content\\\/uploads\\\/2026\\\/04\\\/712msNxAykL._AC_SL1500_.jpg\",\"contentUrl\":\"https:\\\/\\\/purehivehoney.com\\\/de\\\/wp-content\\\/uploads\\\/2026\\\/04\\\/712msNxAykL._AC_SL1500_.jpg\",\"width\":1500,\"height\":1500},{\"@type\":\"BreadcrumbList\",\"@id\":\"https:\\\/\\\/purehivehoney.com\\\/de\\\/product\\\/bettwaesche-set-3-teilig-ultraweich-verdickt-bienen-liebe-honig-tagesdecke-2-kissenbezuege-leicht-doppelseitig-bettbezug-fuer-zuhause-hotel-geschenke-2286-x-2286-cm\\\/#breadcrumb\",\"itemListElement\":[{\"@type\":\"ListItem\",\"position\":1,\"name\":\"Home\",\"item\":\"https:\\\/\\\/purehivehoney.com\\\/de\\\/\"},{\"@type\":\"ListItem\",\"position\":2,\"name\":\"Shop\",\"item\":\"https:\\\/\\\/purehivehoney.com\\\/de\\\/shop\\\/\"},{\"@type\":\"ListItem\",\"position\":3,\"name\":\"Bettw\u00e4sche-Set, 3-teilig, ultrawei...\"}]},{\"@type\":\"WebSite\",\"@id\":\"https:\\\/\\\/purehivehoney.com\\\/de\\\/#website\",\"url\":\"https:\\\/\\\/purehivehoney.com\\\/de\\\/\",\"name\":\"PureHiveHoney\",\"description\":\"Reiner Honig &amp; Bienenprodukte Online | Rohhonig, Bio Honig &amp; Spezialhonig\",\"publisher\":{\"@id\":\"https:\\\/\\\/purehivehoney.com\\\/de\\\/#organization\"},\"potentialAction\":[{\"@type\":\"SearchAction\",\"target\":{\"@type\":\"EntryPoint\",\"urlTemplate\":\"https:\\\/\\\/purehivehoney.com\\\/de\\\/?s={search_term_string}\"},\"query-input\":{\"@type\":\"PropertyValueSpecification\",\"valueRequired\":true,\"valueName\":\"search_term_string\"}}],\"inLanguage\":\"de\"},{\"@type\":\"Organization\",\"@id\":\"https:\\\/\\\/purehivehoney.com\\\/de\\\/#organization\",\"name\":\"PureHiveHoney\",\"url\":\"https:\\\/\\\/purehivehoney.com\\\/de\\\/\",\"logo\":{\"@type\":\"ImageObject\",\"inLanguage\":\"de\",\"@id\":\"https:\\\/\\\/purehivehoney.com\\\/de\\\/#\\\/schema\\\/logo\\\/image\\\/\",\"url\":\"https:\\\/\\\/purehivehoney.com\\\/de\\\/wp-content\\\/uploads\\\/2026\\\/03\\\/Screenshot-2026-03-16-at-1.06.01-AM.png\",\"contentUrl\":\"https:\\\/\\\/purehivehoney.com\\\/de\\\/wp-content\\\/uploads\\\/2026\\\/03\\\/Screenshot-2026-03-16-at-1.06.01-AM.png\",\"width\":2112,\"height\":1086,\"caption\":\"PureHiveHoney\"},\"image\":{\"@id\":\"https:\\\/\\\/purehivehoney.com\\\/de\\\/#\\\/schema\\\/logo\\\/image\\\/\"}}]}<\/script>\n<!-- \/ Yoast SEO plugin. -->","yoast_head_json":{"title":"Bettw\u00e4sche-Set, 3-teilig, ultraweich, verdickt, Bienen-Liebe, Honig, Tagesdecke + 2 Kissenbez\u00fcge, leicht, doppelseitig, Bettbezug f\u00fcr Zuhause\/Hotel\/Geschenke, 228,6 x 228,6 cm - PureHiveHoney","description":"Entdecken Sie hochwertigen Rohhonig, Bio Honig, Manuka Honig und nat\u00fcrliche Bienenprodukte. PureHiveHoney hilft Ihnen dabei, sorgf\u00e4ltig ausgew\u00e4hlte Honigsorten mit nat\u00fcrlicher Qualit\u00e4t und Reinheit zu entdecken.","robots":{"index":"index","follow":"follow","max-snippet":"max-snippet:-1","max-image-preview":"max-image-preview:large","max-video-preview":"max-video-preview:-1"},"canonical":"https:\/\/purehivehoney.com\/de\/product\/bettwaesche-set-3-teilig-ultraweich-verdickt-bienen-liebe-honig-tagesdecke-2-kissenbezuege-leicht-doppelseitig-bettbezug-fuer-zuhause-hotel-geschenke-2286-x-2286-cm\/","og_locale":"de_DE","og_type":"article","og_title":"Bettw\u00e4sche-Set, 3-teilig, ultraweich, verdickt, Bienen-Liebe, Honig, Tagesdecke + 2 Kissenbez\u00fcge, leicht, doppelseitig, Bettbezug f\u00fcr Zuhause\/Hotel\/Geschenke, 228,6 x 228,6 cm - PureHiveHoney","og_description":"Entdecken Sie hochwertigen Rohhonig, Bio Honig, Manuka Honig und nat\u00fcrliche Bienenprodukte. PureHiveHoney hilft Ihnen dabei, sorgf\u00e4ltig ausgew\u00e4hlte Honigsorten mit nat\u00fcrlicher Qualit\u00e4t und Reinheit zu entdecken.","og_url":"https:\/\/purehivehoney.com\/de\/product\/bettwaesche-set-3-teilig-ultraweich-verdickt-bienen-liebe-honig-tagesdecke-2-kissenbezuege-leicht-doppelseitig-bettbezug-fuer-zuhause-hotel-geschenke-2286-x-2286-cm\/","og_site_name":"PureHiveHoney","article_modified_time":"2026-04-04T19:45:50+00:00","twitter_card":"summary_large_image","twitter_misc":{"Gesch\u00e4tzte Lesezeit":"1\u00a0Minute"},"schema":{"@context":"https:\/\/schema.org","@graph":[{"@type":"WebPage","@id":"https:\/\/purehivehoney.com\/de\/product\/bettwaesche-set-3-teilig-ultraweich-verdickt-bienen-liebe-honig-tagesdecke-2-kissenbezuege-leicht-doppelseitig-bettbezug-fuer-zuhause-hotel-geschenke-2286-x-2286-cm\/","url":"https:\/\/purehivehoney.com\/de\/product\/bettwaesche-set-3-teilig-ultraweich-verdickt-bienen-liebe-honig-tagesdecke-2-kissenbezuege-leicht-doppelseitig-bettbezug-fuer-zuhause-hotel-geschenke-2286-x-2286-cm\/","name":"Bettw\u00e4sche-Set, 3-teilig, ultraweich, verdickt, Bienen-Liebe, Honig, Tagesdecke + 2 Kissenbez\u00fcge, leicht, doppelseitig, Bettbezug f\u00fcr Zuhause\/Hotel\/Geschenke, 228,6 x 228,6 cm - PureHiveHoney","isPartOf":{"@id":"https:\/\/purehivehoney.com\/de\/#website"},"primaryImageOfPage":{"@id":"https:\/\/purehivehoney.com\/de\/product\/bettwaesche-set-3-teilig-ultraweich-verdickt-bienen-liebe-honig-tagesdecke-2-kissenbezuege-leicht-doppelseitig-bettbezug-fuer-zuhause-hotel-geschenke-2286-x-2286-cm\/#primaryimage"},"image":{"@id":"https:\/\/purehivehoney.com\/de\/product\/bettwaesche-set-3-teilig-ultraweich-verdickt-bienen-liebe-honig-tagesdecke-2-kissenbezuege-leicht-doppelseitig-bettbezug-fuer-zuhause-hotel-geschenke-2286-x-2286-cm\/#primaryimage"},"thumbnailUrl":"https:\/\/purehivehoney.com\/de\/wp-content\/uploads\/2026\/04\/712msNxAykL._AC_SL1500_.jpg","datePublished":"2026-04-04T19:45:33+00:00","dateModified":"2026-04-04T19:45:50+00:00","description":"Entdecken Sie hochwertigen Rohhonig, Bio Honig, Manuka Honig und nat\u00fcrliche Bienenprodukte. PureHiveHoney hilft Ihnen dabei, sorgf\u00e4ltig ausgew\u00e4hlte Honigsorten mit nat\u00fcrlicher Qualit\u00e4t und Reinheit zu entdecken.","breadcrumb":{"@id":"https:\/\/purehivehoney.com\/de\/product\/bettwaesche-set-3-teilig-ultraweich-verdickt-bienen-liebe-honig-tagesdecke-2-kissenbezuege-leicht-doppelseitig-bettbezug-fuer-zuhause-hotel-geschenke-2286-x-2286-cm\/#breadcrumb"},"inLanguage":"de","potentialAction":[{"@type":"ReadAction","target":["https:\/\/purehivehoney.com\/de\/product\/bettwaesche-set-3-teilig-ultraweich-verdickt-bienen-liebe-honig-tagesdecke-2-kissenbezuege-leicht-doppelseitig-bettbezug-fuer-zuhause-hotel-geschenke-2286-x-2286-cm\/"]}]},{"@type":"ImageObject","inLanguage":"de","@id":"https:\/\/purehivehoney.com\/de\/product\/bettwaesche-set-3-teilig-ultraweich-verdickt-bienen-liebe-honig-tagesdecke-2-kissenbezuege-leicht-doppelseitig-bettbezug-fuer-zuhause-hotel-geschenke-2286-x-2286-cm\/#primaryimage","url":"https:\/\/purehivehoney.com\/de\/wp-content\/uploads\/2026\/04\/712msNxAykL._AC_SL1500_.jpg","contentUrl":"https:\/\/purehivehoney.com\/de\/wp-content\/uploads\/2026\/04\/712msNxAykL._AC_SL1500_.jpg","width":1500,"height":1500},{"@type":"BreadcrumbList","@id":"https:\/\/purehivehoney.com\/de\/product\/bettwaesche-set-3-teilig-ultraweich-verdickt-bienen-liebe-honig-tagesdecke-2-kissenbezuege-leicht-doppelseitig-bettbezug-fuer-zuhause-hotel-geschenke-2286-x-2286-cm\/#breadcrumb","itemListElement":[{"@type":"ListItem","position":1,"name":"Home","item":"https:\/\/purehivehoney.com\/de\/"},{"@type":"ListItem","position":2,"name":"Shop","item":"https:\/\/purehivehoney.com\/de\/shop\/"},{"@type":"ListItem","position":3,"name":"Bettw\u00e4sche-Set, 3-teilig, ultrawei..."}]},{"@type":"WebSite","@id":"https:\/\/purehivehoney.com\/de\/#website","url":"https:\/\/purehivehoney.com\/de\/","name":"PureHiveHoney","description":"Reiner Honig &amp; Bienenprodukte Online | Rohhonig, Bio Honig &amp; Spezialhonig","publisher":{"@id":"https:\/\/purehivehoney.com\/de\/#organization"},"potentialAction":[{"@type":"SearchAction","target":{"@type":"EntryPoint","urlTemplate":"https:\/\/purehivehoney.com\/de\/?s={search_term_string}"},"query-input":{"@type":"PropertyValueSpecification","valueRequired":true,"valueName":"search_term_string"}}],"inLanguage":"de"},{"@type":"Organization","@id":"https:\/\/purehivehoney.com\/de\/#organization","name":"PureHiveHoney","url":"https:\/\/purehivehoney.com\/de\/","logo":{"@type":"ImageObject","inLanguage":"de","@id":"https:\/\/purehivehoney.com\/de\/#\/schema\/logo\/image\/","url":"https:\/\/purehivehoney.com\/de\/wp-content\/uploads\/2026\/03\/Screenshot-2026-03-16-at-1.06.01-AM.png","contentUrl":"https:\/\/purehivehoney.com\/de\/wp-content\/uploads\/2026\/03\/Screenshot-2026-03-16-at-1.06.01-AM.png","width":2112,"height":1086,"caption":"PureHiveHoney"},"image":{"@id":"https:\/\/purehivehoney.com\/de\/#\/schema\/logo\/image\/"}}]}},"_links":{"self":[{"href":"https:\/\/purehivehoney.com\/de\/wp-json\/wp\/v2\/product\/2617","targetHints":{"allow":["GET"]}}],"collection":[{"href":"https:\/\/purehivehoney.com\/de\/wp-json\/wp\/v2\/product"}],"about":[{"href":"https:\/\/purehivehoney.com\/de\/wp-json\/wp\/v2\/types\/product"}],"replies":[{"embeddable":true,"href":"https:\/\/purehivehoney.com\/de\/wp-json\/wp\/v2\/comments?post=2617"}],"wp:featuredmedia":[{"embeddable":true,"href":"https:\/\/purehivehoney.com\/de\/wp-json\/wp\/v2\/media\/2618"}],"wp:attachment":[{"href":"https:\/\/purehivehoney.com\/de\/wp-json\/wp\/v2\/media?parent=2617"}],"wp:term":[{"taxonomy":"store","embeddable":true,"href":"https:\/\/purehivehoney.com\/de\/wp-json\/wp\/v2\/store?post=2617"},{"taxonomy":"product_brand","embeddable":true,"href":"https:\/\/purehivehoney.com\/de\/wp-json\/wp\/v2\/product_brand?post=2617"},{"taxonomy":"product_cat","embeddable":true,"href":"https:\/\/purehivehoney.com\/de\/wp-json\/wp\/v2\/product_cat?post=2617"},{"taxonomy":"product_tag","embeddable":true,"href":"https:\/\/purehivehoney.com\/de\/wp-json\/wp\/v2\/product_tag?post=2617"}],"curies":[{"name":"wp","href":"https:\/\/api.w.org\/{rel}","templated":true}]}}