{"id":2575,"date":"2026-04-04T10:30:59","date_gmt":"2026-04-04T10:30:59","guid":{"rendered":"https:\/\/purehivehoney.com\/de\/product\/50-sets-diy-abschlussgeschenke-fuer-sie-und-ihn-inklusive-57-ml-kunststoff-baerglas-mit-mini-filz-abschlusskappe-leere-honig-suessigkeiten-flaschen-kit-fuer-abgestufte-wuensche-abschlussfeier\/"},"modified":"2026-04-04T10:31:12","modified_gmt":"2026-04-04T10:31:12","slug":"50-sets-diy-abschlussgeschenke-fuer-sie-und-ihn-inklusive-57-ml-kunststoff-baerglas-mit-mini-filz-abschlusskappe-leere-honig-suessigkeiten-flaschen-kit-fuer-abgestufte-wuensche-abschlussfeier","status":"publish","type":"product","link":"https:\/\/purehivehoney.com\/de\/product\/50-sets-diy-abschlussgeschenke-fuer-sie-und-ihn-inklusive-57-ml-kunststoff-baerglas-mit-mini-filz-abschlusskappe-leere-honig-suessigkeiten-flaschen-kit-fuer-abgestufte-wuensche-abschlussfeier\/","title":{"rendered":"50 Sets DIY Abschlussgeschenke f\u00fcr..."},"content":{"rendered":"<p>    <span><br \/>Besonderheiten: <br \/>Vielseitig einsetzbar: <br \/>Sie k\u00f6nnen Babynahrung, Gew\u00fcrze, Honig, Kosmetika oder hausgemachte Kerzen in die Honigb\u00e4rgl\u00e4ser geben. Sie sind auch ideal f\u00fcr Hochzeitsgeschenke, Gastgeschenke oder andere hausgemachte Geschenke. <br \/>Auslaufsichere und dichte silberfarbene Deckel: <br \/>Diese Honiggl\u00e4ser in gro\u00dfen Mengen sind mit dichten Deckeln ausgestattet, die Lecks und Staub verhindern k\u00f6nnen, leicht zu \u00f6ffnen und zu schlie\u00dfen, sodass Sie Honig, Kerzen und anderes Kunsthandwerk schnell aufnehmen k\u00f6nnen. <br \/>Produktmerkmale: <br \/>Material: Kunststoff, Filz, Aluminium. <br \/>Hauptfarbe: transparent, schwarz. <br \/>Gr\u00f6\u00dfe: <br \/>B\u00e4renglas: ca. 60 ml, Gr\u00f6\u00dfe ca. 4,7 x 8 cm. <br \/>Filzabschlusshut: Innendurchmesser ca. 5,5 x 3,5 x 3 cm. <br \/>Paket enthalten: <br \/>50 x B\u00e4rengl\u00e4ser mit silbernen Deckeln. <br \/>50 x Filzabschlusskappen mit gelber Quaste. <br \/>Anmerkungen: <br \/>Manuelle Messung, bitte erlauben Sie leichte Fehler bei der Gr\u00f6\u00dfe. <br \/>Die Farbe kann aufgrund unterschiedlicher Bildschirmeinstellungen leicht abweichen.<\/span>    <br \/>Handgefertigtes Geschenk zum Schulabschluss: Sie erhalten 50 Kunststoff-Honigb\u00e4rgl\u00e4ser mit silberfarbenen Deckeln und 50 passende Mini-Filz-Abschlusskappen; 60 ml s\u00fc\u00dfe B\u00e4rengl\u00e4ser k\u00f6nnen verwendet werden, um Honig, S\u00fc\u00dfigkeiten als Abschlussfeier, Themendekoration und mehr aufzubewahren<br \/>Einfach zu pr\u00e4sentieren: Das Fassungsverm\u00f6gen des B\u00e4renglases betr\u00e4gt ca. 60 ml, Gr\u00f6\u00dfe ca. 4,7 x 8 cm, der Innendurchmesser des Filzhutes betr\u00e4gt ca. 5,5 x 3,5 x 3 cm. Der Mini-Abschlusshut hat ein neuartiges und sch\u00f6nes Design und ist geeignet f\u00fcr B\u00e4renkopf, um die Abschlussatmosph\u00e4re zu erh\u00f6hen<br \/>Zuverl\u00e4ssige Materialien: Diese B\u00e4rengl\u00e4ser sind aus sicherem Kunststoff, der direkt mit Lebensmitteln in Kontakt gebracht werden kann, robust und nicht leicht zu verformen oder zu brechen, und kann nach der Reinigung wiederverwendet werden. Die Graduierungskappe ist aus Filz, der eine gewisse Unterst\u00fctzung hat und wiederholt an anderen Orten zur Dekoration platziert werden kann<br \/>Attraktive Honigb\u00e4r-Flasche: Diese gro\u00dfen B\u00e4renflaschen sind mit dichten Aluminiumkappen ausgestattet, um Auslaufen und Staub zu verhindern, leicht zu \u00f6ffnen und zu schlie\u00dfen, und das Aussehen des B\u00e4ren, mit einem niedlichen l\u00e4chelnden Gesicht, l\u00e4sst Ihre S\u00fc\u00dfigkeiten k\u00f6stlicher und attraktiver aussehen<br \/>Abschlusserinnerungen: Das Geschenkset mit B\u00e4renmotiven ist eine wunderbare Erinnerung an die Jahre der Sch\u00fcler und eine ideale Wahl, um ihm, ihr oder jedem Absolventen in Ihrem Leben zu gratulieren. Sie k\u00f6nnen Lebensmittel, Gew\u00fcrze, Honig, Kosmetik oder hausgemachte Kerzen in das Honigb\u00e4rglas geben<\/p>\n\n","protected":false},"excerpt":{"rendered":"<p>Besonderheiten: Vielseitig einsetzbar: Sie k\u00f6nnen Babynahrung, Gew\u00fcrze, Honig, Kosmetika oder hausgemachte Kerzen in die Honigb\u00e4rgl\u00e4ser geben. Sie sind auch ideal f\u00fcr Hochzeitsgeschenke, Gastgeschenke oder andere hausgemachte Geschenke. Auslaufsichere und dichte silberfarbene Deckel: Diese Honiggl\u00e4ser in gro\u00dfen Mengen sind mit dichten Deckeln ausgestattet, die Lecks und Staub verhindern k\u00f6nnen, leicht zu \u00f6ffnen und zu schlie\u00dfen, sodass [&hellip;]<\/p>\n","protected":false},"featured_media":2576,"comment_status":"open","ping_status":"closed","template":"","meta":{"_aipt_faq_data":""},"store":[],"product_brand":[347],"product_cat":[69],"product_tag":[318],"class_list":{"0":"post-2575","1":"product","2":"type-product","3":"status-publish","4":"has-post-thumbnail","6":"product_brand-blushtier","7":"product_cat-honig-probier-sets","8":"product_tag-honig-probier-sets-geschenk","10":"first","11":"instock","12":"shipping-taxable","13":"product-type-external"},"yoast_head":"<!-- This site is optimized with the Yoast SEO plugin v27.4 - https:\/\/yoast.com\/product\/yoast-seo-wordpress\/ -->\n<title>50 Sets DIY Abschlussgeschenke f\u00fcr Sie und Ihn, inklusive 57 ml Kunststoff-B\u00e4rglas mit Mini-Filz-Abschlusskappe, leere Honig-S\u00fc\u00dfigkeiten-Flaschen, Kit f\u00fcr abgestufte W\u00fcnsche, Abschlussfeier, - PureHiveHoney<\/title>\n<meta name=\"description\" content=\"Entdecken Sie hochwertigen Rohhonig, Bio Honig, Manuka Honig und nat\u00fcrliche Bienenprodukte. PureHiveHoney hilft Ihnen dabei, sorgf\u00e4ltig ausgew\u00e4hlte Honigsorten mit nat\u00fcrlicher Qualit\u00e4t und Reinheit zu entdecken.\" \/>\n<meta name=\"robots\" content=\"index, follow, max-snippet:-1, max-image-preview:large, max-video-preview:-1\" \/>\n<link rel=\"canonical\" href=\"https:\/\/purehivehoney.com\/de\/product\/50-sets-diy-abschlussgeschenke-fuer-sie-und-ihn-inklusive-57-ml-kunststoff-baerglas-mit-mini-filz-abschlusskappe-leere-honig-suessigkeiten-flaschen-kit-fuer-abgestufte-wuensche-abschlussfeier\/\" \/>\n<meta property=\"og:locale\" content=\"de_DE\" \/>\n<meta property=\"og:type\" content=\"article\" \/>\n<meta property=\"og:title\" content=\"50 Sets DIY Abschlussgeschenke f\u00fcr Sie und Ihn, inklusive 57 ml Kunststoff-B\u00e4rglas mit Mini-Filz-Abschlusskappe, leere Honig-S\u00fc\u00dfigkeiten-Flaschen, Kit f\u00fcr abgestufte W\u00fcnsche, Abschlussfeier, - PureHiveHoney\" \/>\n<meta property=\"og:description\" content=\"Entdecken Sie hochwertigen Rohhonig, Bio Honig, Manuka Honig und nat\u00fcrliche Bienenprodukte. PureHiveHoney hilft Ihnen dabei, sorgf\u00e4ltig ausgew\u00e4hlte Honigsorten mit nat\u00fcrlicher Qualit\u00e4t und Reinheit zu entdecken.\" \/>\n<meta property=\"og:url\" content=\"https:\/\/purehivehoney.com\/de\/product\/50-sets-diy-abschlussgeschenke-fuer-sie-und-ihn-inklusive-57-ml-kunststoff-baerglas-mit-mini-filz-abschlusskappe-leere-honig-suessigkeiten-flaschen-kit-fuer-abgestufte-wuensche-abschlussfeier\/\" \/>\n<meta property=\"og:site_name\" content=\"PureHiveHoney\" \/>\n<meta property=\"article:modified_time\" content=\"2026-04-04T10:31:12+00:00\" \/>\n<meta name=\"twitter:card\" content=\"summary_large_image\" \/>\n<meta name=\"twitter:label1\" content=\"Gesch\u00e4tzte Lesezeit\" \/>\n\t<meta name=\"twitter:data1\" content=\"2\u00a0Minuten\" \/>\n<script type=\"application\/ld+json\" class=\"yoast-schema-graph\">{\"@context\":\"https:\\\/\\\/schema.org\",\"@graph\":[{\"@type\":\"WebPage\",\"@id\":\"https:\\\/\\\/purehivehoney.com\\\/de\\\/product\\\/50-sets-diy-abschlussgeschenke-fuer-sie-und-ihn-inklusive-57-ml-kunststoff-baerglas-mit-mini-filz-abschlusskappe-leere-honig-suessigkeiten-flaschen-kit-fuer-abgestufte-wuensche-abschlussfeier\\\/\",\"url\":\"https:\\\/\\\/purehivehoney.com\\\/de\\\/product\\\/50-sets-diy-abschlussgeschenke-fuer-sie-und-ihn-inklusive-57-ml-kunststoff-baerglas-mit-mini-filz-abschlusskappe-leere-honig-suessigkeiten-flaschen-kit-fuer-abgestufte-wuensche-abschlussfeier\\\/\",\"name\":\"50 Sets DIY Abschlussgeschenke f\u00fcr Sie und Ihn, inklusive 57 ml Kunststoff-B\u00e4rglas mit Mini-Filz-Abschlusskappe, leere Honig-S\u00fc\u00dfigkeiten-Flaschen, Kit f\u00fcr abgestufte W\u00fcnsche, Abschlussfeier, - PureHiveHoney\",\"isPartOf\":{\"@id\":\"https:\\\/\\\/purehivehoney.com\\\/de\\\/#website\"},\"primaryImageOfPage\":{\"@id\":\"https:\\\/\\\/purehivehoney.com\\\/de\\\/product\\\/50-sets-diy-abschlussgeschenke-fuer-sie-und-ihn-inklusive-57-ml-kunststoff-baerglas-mit-mini-filz-abschlusskappe-leere-honig-suessigkeiten-flaschen-kit-fuer-abgestufte-wuensche-abschlussfeier\\\/#primaryimage\"},\"image\":{\"@id\":\"https:\\\/\\\/purehivehoney.com\\\/de\\\/product\\\/50-sets-diy-abschlussgeschenke-fuer-sie-und-ihn-inklusive-57-ml-kunststoff-baerglas-mit-mini-filz-abschlusskappe-leere-honig-suessigkeiten-flaschen-kit-fuer-abgestufte-wuensche-abschlussfeier\\\/#primaryimage\"},\"thumbnailUrl\":\"https:\\\/\\\/purehivehoney.com\\\/de\\\/wp-content\\\/uploads\\\/2026\\\/04\\\/81iAS3NLejL._AC_SL1500_.jpg\",\"datePublished\":\"2026-04-04T10:30:59+00:00\",\"dateModified\":\"2026-04-04T10:31:12+00:00\",\"description\":\"Entdecken Sie hochwertigen Rohhonig, Bio Honig, Manuka Honig und nat\u00fcrliche Bienenprodukte. PureHiveHoney hilft Ihnen dabei, sorgf\u00e4ltig ausgew\u00e4hlte Honigsorten mit nat\u00fcrlicher Qualit\u00e4t und Reinheit zu entdecken.\",\"breadcrumb\":{\"@id\":\"https:\\\/\\\/purehivehoney.com\\\/de\\\/product\\\/50-sets-diy-abschlussgeschenke-fuer-sie-und-ihn-inklusive-57-ml-kunststoff-baerglas-mit-mini-filz-abschlusskappe-leere-honig-suessigkeiten-flaschen-kit-fuer-abgestufte-wuensche-abschlussfeier\\\/#breadcrumb\"},\"inLanguage\":\"de\",\"potentialAction\":[{\"@type\":\"ReadAction\",\"target\":[\"https:\\\/\\\/purehivehoney.com\\\/de\\\/product\\\/50-sets-diy-abschlussgeschenke-fuer-sie-und-ihn-inklusive-57-ml-kunststoff-baerglas-mit-mini-filz-abschlusskappe-leere-honig-suessigkeiten-flaschen-kit-fuer-abgestufte-wuensche-abschlussfeier\\\/\"]}]},{\"@type\":\"ImageObject\",\"inLanguage\":\"de\",\"@id\":\"https:\\\/\\\/purehivehoney.com\\\/de\\\/product\\\/50-sets-diy-abschlussgeschenke-fuer-sie-und-ihn-inklusive-57-ml-kunststoff-baerglas-mit-mini-filz-abschlusskappe-leere-honig-suessigkeiten-flaschen-kit-fuer-abgestufte-wuensche-abschlussfeier\\\/#primaryimage\",\"url\":\"https:\\\/\\\/purehivehoney.com\\\/de\\\/wp-content\\\/uploads\\\/2026\\\/04\\\/81iAS3NLejL._AC_SL1500_.jpg\",\"contentUrl\":\"https:\\\/\\\/purehivehoney.com\\\/de\\\/wp-content\\\/uploads\\\/2026\\\/04\\\/81iAS3NLejL._AC_SL1500_.jpg\",\"width\":1500,\"height\":1388},{\"@type\":\"BreadcrumbList\",\"@id\":\"https:\\\/\\\/purehivehoney.com\\\/de\\\/product\\\/50-sets-diy-abschlussgeschenke-fuer-sie-und-ihn-inklusive-57-ml-kunststoff-baerglas-mit-mini-filz-abschlusskappe-leere-honig-suessigkeiten-flaschen-kit-fuer-abgestufte-wuensche-abschlussfeier\\\/#breadcrumb\",\"itemListElement\":[{\"@type\":\"ListItem\",\"position\":1,\"name\":\"Home\",\"item\":\"https:\\\/\\\/purehivehoney.com\\\/de\\\/\"},{\"@type\":\"ListItem\",\"position\":2,\"name\":\"Shop\",\"item\":\"https:\\\/\\\/purehivehoney.com\\\/de\\\/shop\\\/\"},{\"@type\":\"ListItem\",\"position\":3,\"name\":\"50 Sets DIY Abschlussgeschenke f\u00fcr...\"}]},{\"@type\":\"WebSite\",\"@id\":\"https:\\\/\\\/purehivehoney.com\\\/de\\\/#website\",\"url\":\"https:\\\/\\\/purehivehoney.com\\\/de\\\/\",\"name\":\"PureHiveHoney\",\"description\":\"Reiner Honig &amp; Bienenprodukte Online | Rohhonig, Bio Honig &amp; Spezialhonig\",\"publisher\":{\"@id\":\"https:\\\/\\\/purehivehoney.com\\\/de\\\/#organization\"},\"potentialAction\":[{\"@type\":\"SearchAction\",\"target\":{\"@type\":\"EntryPoint\",\"urlTemplate\":\"https:\\\/\\\/purehivehoney.com\\\/de\\\/?s={search_term_string}\"},\"query-input\":{\"@type\":\"PropertyValueSpecification\",\"valueRequired\":true,\"valueName\":\"search_term_string\"}}],\"inLanguage\":\"de\"},{\"@type\":\"Organization\",\"@id\":\"https:\\\/\\\/purehivehoney.com\\\/de\\\/#organization\",\"name\":\"PureHiveHoney\",\"url\":\"https:\\\/\\\/purehivehoney.com\\\/de\\\/\",\"logo\":{\"@type\":\"ImageObject\",\"inLanguage\":\"de\",\"@id\":\"https:\\\/\\\/purehivehoney.com\\\/de\\\/#\\\/schema\\\/logo\\\/image\\\/\",\"url\":\"https:\\\/\\\/purehivehoney.com\\\/de\\\/wp-content\\\/uploads\\\/2026\\\/03\\\/Screenshot-2026-03-16-at-1.06.01-AM.png\",\"contentUrl\":\"https:\\\/\\\/purehivehoney.com\\\/de\\\/wp-content\\\/uploads\\\/2026\\\/03\\\/Screenshot-2026-03-16-at-1.06.01-AM.png\",\"width\":2112,\"height\":1086,\"caption\":\"PureHiveHoney\"},\"image\":{\"@id\":\"https:\\\/\\\/purehivehoney.com\\\/de\\\/#\\\/schema\\\/logo\\\/image\\\/\"}}]}<\/script>\n<!-- \/ Yoast SEO plugin. -->","yoast_head_json":{"title":"50 Sets DIY Abschlussgeschenke f\u00fcr Sie und Ihn, inklusive 57 ml Kunststoff-B\u00e4rglas mit Mini-Filz-Abschlusskappe, leere Honig-S\u00fc\u00dfigkeiten-Flaschen, Kit f\u00fcr abgestufte W\u00fcnsche, Abschlussfeier, - PureHiveHoney","description":"Entdecken Sie hochwertigen Rohhonig, Bio Honig, Manuka Honig und nat\u00fcrliche Bienenprodukte. PureHiveHoney hilft Ihnen dabei, sorgf\u00e4ltig ausgew\u00e4hlte Honigsorten mit nat\u00fcrlicher Qualit\u00e4t und Reinheit zu entdecken.","robots":{"index":"index","follow":"follow","max-snippet":"max-snippet:-1","max-image-preview":"max-image-preview:large","max-video-preview":"max-video-preview:-1"},"canonical":"https:\/\/purehivehoney.com\/de\/product\/50-sets-diy-abschlussgeschenke-fuer-sie-und-ihn-inklusive-57-ml-kunststoff-baerglas-mit-mini-filz-abschlusskappe-leere-honig-suessigkeiten-flaschen-kit-fuer-abgestufte-wuensche-abschlussfeier\/","og_locale":"de_DE","og_type":"article","og_title":"50 Sets DIY Abschlussgeschenke f\u00fcr Sie und Ihn, inklusive 57 ml Kunststoff-B\u00e4rglas mit Mini-Filz-Abschlusskappe, leere Honig-S\u00fc\u00dfigkeiten-Flaschen, Kit f\u00fcr abgestufte W\u00fcnsche, Abschlussfeier, - PureHiveHoney","og_description":"Entdecken Sie hochwertigen Rohhonig, Bio Honig, Manuka Honig und nat\u00fcrliche Bienenprodukte. PureHiveHoney hilft Ihnen dabei, sorgf\u00e4ltig ausgew\u00e4hlte Honigsorten mit nat\u00fcrlicher Qualit\u00e4t und Reinheit zu entdecken.","og_url":"https:\/\/purehivehoney.com\/de\/product\/50-sets-diy-abschlussgeschenke-fuer-sie-und-ihn-inklusive-57-ml-kunststoff-baerglas-mit-mini-filz-abschlusskappe-leere-honig-suessigkeiten-flaschen-kit-fuer-abgestufte-wuensche-abschlussfeier\/","og_site_name":"PureHiveHoney","article_modified_time":"2026-04-04T10:31:12+00:00","twitter_card":"summary_large_image","twitter_misc":{"Gesch\u00e4tzte Lesezeit":"2\u00a0Minuten"},"schema":{"@context":"https:\/\/schema.org","@graph":[{"@type":"WebPage","@id":"https:\/\/purehivehoney.com\/de\/product\/50-sets-diy-abschlussgeschenke-fuer-sie-und-ihn-inklusive-57-ml-kunststoff-baerglas-mit-mini-filz-abschlusskappe-leere-honig-suessigkeiten-flaschen-kit-fuer-abgestufte-wuensche-abschlussfeier\/","url":"https:\/\/purehivehoney.com\/de\/product\/50-sets-diy-abschlussgeschenke-fuer-sie-und-ihn-inklusive-57-ml-kunststoff-baerglas-mit-mini-filz-abschlusskappe-leere-honig-suessigkeiten-flaschen-kit-fuer-abgestufte-wuensche-abschlussfeier\/","name":"50 Sets DIY Abschlussgeschenke f\u00fcr Sie und Ihn, inklusive 57 ml Kunststoff-B\u00e4rglas mit Mini-Filz-Abschlusskappe, leere Honig-S\u00fc\u00dfigkeiten-Flaschen, Kit f\u00fcr abgestufte W\u00fcnsche, Abschlussfeier, - PureHiveHoney","isPartOf":{"@id":"https:\/\/purehivehoney.com\/de\/#website"},"primaryImageOfPage":{"@id":"https:\/\/purehivehoney.com\/de\/product\/50-sets-diy-abschlussgeschenke-fuer-sie-und-ihn-inklusive-57-ml-kunststoff-baerglas-mit-mini-filz-abschlusskappe-leere-honig-suessigkeiten-flaschen-kit-fuer-abgestufte-wuensche-abschlussfeier\/#primaryimage"},"image":{"@id":"https:\/\/purehivehoney.com\/de\/product\/50-sets-diy-abschlussgeschenke-fuer-sie-und-ihn-inklusive-57-ml-kunststoff-baerglas-mit-mini-filz-abschlusskappe-leere-honig-suessigkeiten-flaschen-kit-fuer-abgestufte-wuensche-abschlussfeier\/#primaryimage"},"thumbnailUrl":"https:\/\/purehivehoney.com\/de\/wp-content\/uploads\/2026\/04\/81iAS3NLejL._AC_SL1500_.jpg","datePublished":"2026-04-04T10:30:59+00:00","dateModified":"2026-04-04T10:31:12+00:00","description":"Entdecken Sie hochwertigen Rohhonig, Bio Honig, Manuka Honig und nat\u00fcrliche Bienenprodukte. PureHiveHoney hilft Ihnen dabei, sorgf\u00e4ltig ausgew\u00e4hlte Honigsorten mit nat\u00fcrlicher Qualit\u00e4t und Reinheit zu entdecken.","breadcrumb":{"@id":"https:\/\/purehivehoney.com\/de\/product\/50-sets-diy-abschlussgeschenke-fuer-sie-und-ihn-inklusive-57-ml-kunststoff-baerglas-mit-mini-filz-abschlusskappe-leere-honig-suessigkeiten-flaschen-kit-fuer-abgestufte-wuensche-abschlussfeier\/#breadcrumb"},"inLanguage":"de","potentialAction":[{"@type":"ReadAction","target":["https:\/\/purehivehoney.com\/de\/product\/50-sets-diy-abschlussgeschenke-fuer-sie-und-ihn-inklusive-57-ml-kunststoff-baerglas-mit-mini-filz-abschlusskappe-leere-honig-suessigkeiten-flaschen-kit-fuer-abgestufte-wuensche-abschlussfeier\/"]}]},{"@type":"ImageObject","inLanguage":"de","@id":"https:\/\/purehivehoney.com\/de\/product\/50-sets-diy-abschlussgeschenke-fuer-sie-und-ihn-inklusive-57-ml-kunststoff-baerglas-mit-mini-filz-abschlusskappe-leere-honig-suessigkeiten-flaschen-kit-fuer-abgestufte-wuensche-abschlussfeier\/#primaryimage","url":"https:\/\/purehivehoney.com\/de\/wp-content\/uploads\/2026\/04\/81iAS3NLejL._AC_SL1500_.jpg","contentUrl":"https:\/\/purehivehoney.com\/de\/wp-content\/uploads\/2026\/04\/81iAS3NLejL._AC_SL1500_.jpg","width":1500,"height":1388},{"@type":"BreadcrumbList","@id":"https:\/\/purehivehoney.com\/de\/product\/50-sets-diy-abschlussgeschenke-fuer-sie-und-ihn-inklusive-57-ml-kunststoff-baerglas-mit-mini-filz-abschlusskappe-leere-honig-suessigkeiten-flaschen-kit-fuer-abgestufte-wuensche-abschlussfeier\/#breadcrumb","itemListElement":[{"@type":"ListItem","position":1,"name":"Home","item":"https:\/\/purehivehoney.com\/de\/"},{"@type":"ListItem","position":2,"name":"Shop","item":"https:\/\/purehivehoney.com\/de\/shop\/"},{"@type":"ListItem","position":3,"name":"50 Sets DIY Abschlussgeschenke f\u00fcr..."}]},{"@type":"WebSite","@id":"https:\/\/purehivehoney.com\/de\/#website","url":"https:\/\/purehivehoney.com\/de\/","name":"PureHiveHoney","description":"Reiner Honig &amp; Bienenprodukte Online | Rohhonig, Bio Honig &amp; Spezialhonig","publisher":{"@id":"https:\/\/purehivehoney.com\/de\/#organization"},"potentialAction":[{"@type":"SearchAction","target":{"@type":"EntryPoint","urlTemplate":"https:\/\/purehivehoney.com\/de\/?s={search_term_string}"},"query-input":{"@type":"PropertyValueSpecification","valueRequired":true,"valueName":"search_term_string"}}],"inLanguage":"de"},{"@type":"Organization","@id":"https:\/\/purehivehoney.com\/de\/#organization","name":"PureHiveHoney","url":"https:\/\/purehivehoney.com\/de\/","logo":{"@type":"ImageObject","inLanguage":"de","@id":"https:\/\/purehivehoney.com\/de\/#\/schema\/logo\/image\/","url":"https:\/\/purehivehoney.com\/de\/wp-content\/uploads\/2026\/03\/Screenshot-2026-03-16-at-1.06.01-AM.png","contentUrl":"https:\/\/purehivehoney.com\/de\/wp-content\/uploads\/2026\/03\/Screenshot-2026-03-16-at-1.06.01-AM.png","width":2112,"height":1086,"caption":"PureHiveHoney"},"image":{"@id":"https:\/\/purehivehoney.com\/de\/#\/schema\/logo\/image\/"}}]}},"_links":{"self":[{"href":"https:\/\/purehivehoney.com\/de\/wp-json\/wp\/v2\/product\/2575","targetHints":{"allow":["GET"]}}],"collection":[{"href":"https:\/\/purehivehoney.com\/de\/wp-json\/wp\/v2\/product"}],"about":[{"href":"https:\/\/purehivehoney.com\/de\/wp-json\/wp\/v2\/types\/product"}],"replies":[{"embeddable":true,"href":"https:\/\/purehivehoney.com\/de\/wp-json\/wp\/v2\/comments?post=2575"}],"wp:featuredmedia":[{"embeddable":true,"href":"https:\/\/purehivehoney.com\/de\/wp-json\/wp\/v2\/media\/2576"}],"wp:attachment":[{"href":"https:\/\/purehivehoney.com\/de\/wp-json\/wp\/v2\/media?parent=2575"}],"wp:term":[{"taxonomy":"store","embeddable":true,"href":"https:\/\/purehivehoney.com\/de\/wp-json\/wp\/v2\/store?post=2575"},{"taxonomy":"product_brand","embeddable":true,"href":"https:\/\/purehivehoney.com\/de\/wp-json\/wp\/v2\/product_brand?post=2575"},{"taxonomy":"product_cat","embeddable":true,"href":"https:\/\/purehivehoney.com\/de\/wp-json\/wp\/v2\/product_cat?post=2575"},{"taxonomy":"product_tag","embeddable":true,"href":"https:\/\/purehivehoney.com\/de\/wp-json\/wp\/v2\/product_tag?post=2575"}],"curies":[{"name":"wp","href":"https:\/\/api.w.org\/{rel}","templated":true}]}}