{"id":2565,"date":"2026-04-04T10:27:17","date_gmt":"2026-04-04T10:27:17","guid":{"rendered":"https:\/\/purehivehoney.com\/de\/product\/porzellan-honigglas-mit-holzschoepfloeffel-und-deckel-keramik-vorratsbehaelter-bauernhaus-kuechendekorationen-vorratsbehaelter\/"},"modified":"2026-04-04T10:27:35","modified_gmt":"2026-04-04T10:27:35","slug":"porzellan-honigglas-mit-holzschoepfloeffel-und-deckel-keramik-vorratsbehaelter-bauernhaus-kuechendekorationen-vorratsbehaelter","status":"publish","type":"product","link":"https:\/\/purehivehoney.com\/de\/product\/porzellan-honigglas-mit-holzschoepfloeffel-und-deckel-keramik-vorratsbehaelter-bauernhaus-kuechendekorationen-vorratsbehaelter\/","title":{"rendered":"Porzellan Honigglas mit Holzsch\u00f6pf..."},"content":{"rendered":"<p>    <span>Porzellan Honigglas mit Holzl\u00f6ffel und Deckel, Keramik Honig Aufbewahrungsbeh\u00e4lter, Bauernhaus K\u00fcchendekoration <br \/>Eigenschaften: <br \/>Honigglas 300 ml, die meisten Gr\u00f6\u00dfenanforderungen an Honigt\u00f6pfe erf\u00fcllt, sodass Lebensmittel nicht zu in den Honiggl\u00e4sern mit Sch\u00f6pfl\u00f6ffel aufbewahrt werden k\u00f6nnen und gleichzeitig die Gesundheit des Verbrauchers gew\u00e4hrleistet wird <br \/>Leicht zu reinigen: Dieser Honighalter aus hochwertiger Keramik gefertigt, um eine glatte Keramikoberfl\u00e4che zu gew\u00e4hrleisten, die leicht zu reinigen, von Hand gewaschen werden kann, um Sauberkeit zu gew\u00e4hrleisten, und gleicherma\u00dfen sp\u00fclmaschinenfest Die Gesundheit der Lebensmittel und des Verbrauchers Garant <br \/>Exquisites Design: Die Honiggl\u00e4ser mit Deckel wurden von Designern nach viel Recherche und Experimenten entworfen Bequemer, um den Gewohnheiten der Verbraucher gerecht zu werden, wodurch bequemer zu verwenden, Vantage Honigglas mit Sch\u00f6pfl\u00f6ffel auch ein dekoratives St\u00fcck f\u00fcr die K\u00fcche und den Esstisch <br \/>Sch\u00f6pfl\u00f6ffel aus Holz: Dieser Honigspender besteht aus Naturholz, eine gesunde Ern\u00e4hrung erfordert und gleichzeitig Vergleich zu anderen Materialien stabiler Auch der Deckel des Honigbeh\u00e4lters und der Spender passen perfekt zusammen, was die Benutzerfreundlichkeit erh\u00f6ht <br \/>Tolle Geschenkauswahl: Set aus Honigsch\u00f6pfl\u00f6ffeln und gl\u00e4sern eine Notwendigkeit und kann sogar die erste als Geschenk f\u00fcr Weihnachten, und andere wichtige Feiertage sein <br \/>Spezifikationen: <br \/>Materialien: Keramik <br \/>Farbe: 01, 02 <br \/>Paket beinhaltet: <br \/>1 Set Keramik Honigglas mit Holzl\u00f6ffel <br \/>Hinweis: <br \/>Bitte erlauben Sie 1-2 cm Fehler aufgrund der manuellen Messung <br \/>Aufgrund der Unterschiede zwischen verschiedenen Monitoren spiegelt Bild m\u00f6glicherweise nicht die tats\u00e4chliche Farbe des Artikels wider<\/span>    <br \/>Leicht zu reinigen: Dieser Honighalter aus hochwertiger Keramik gefertigt, um eine glatte Keramikoberfl\u00e4che zu gew\u00e4hrleisten, die leicht zu reinigen, von Hand gewaschen werden kann, um Sauberkeit zu gew\u00e4hrleisten, und gleicherma\u00dfen sp\u00fclmaschinenfest Die Gesundheit der Lebensmittel und des Verbrauchers Garant<br \/>Tolle Geschenkauswahl: Set aus Honigsch\u00f6pfl\u00f6ffeln und gl\u00e4sern eine Notwendigkeit und kann sogar die erste als Geschenk f\u00fcr Weihnachten, und andere wichtige Feiertage sein<br \/>Exquisites Design: Die Honiggl\u00e4ser mit Deckel wurden von Designern nach viel Recherche und Experimenten entworfen Bequemer, um den Gewohnheiten der Verbraucher gerecht zu werden, wodurch bequemer zu verwenden, Vantage Honigglas mit Sch\u00f6pfl\u00f6ffel auch ein dekoratives St\u00fcck f\u00fcr die K\u00fcche und den Esstisch<br \/>Sch\u00f6pfl\u00f6ffel aus Holz: Dieser Honigspender besteht aus Naturholz, eine gesunde Ern\u00e4hrung erfordert und gleichzeitig Vergleich zu anderen Materialien stabiler Auch der Deckel des Honigbeh\u00e4lters und der Spender passen perfekt zusammen, was die Benutzerfreundlichkeit erh\u00f6ht<br \/>Honigglas 300 ml, die meisten Gr\u00f6\u00dfenanforderungen an Honigt\u00f6pfe erf\u00fcllt, sodass Lebensmittel nicht zu in den Honiggl\u00e4sern mit Sch\u00f6pfl\u00f6ffel aufbewahrt werden k\u00f6nnen und gleichzeitig die Gesundheit des Verbrauchers gew\u00e4hrleistet wird<\/p>\n\n","protected":false},"excerpt":{"rendered":"<p>Porzellan Honigglas mit Holzl\u00f6ffel und Deckel, Keramik Honig Aufbewahrungsbeh\u00e4lter, Bauernhaus K\u00fcchendekoration Eigenschaften: Honigglas 300 ml, die meisten Gr\u00f6\u00dfenanforderungen an Honigt\u00f6pfe erf\u00fcllt, sodass Lebensmittel nicht zu in den Honiggl\u00e4sern mit Sch\u00f6pfl\u00f6ffel aufbewahrt werden k\u00f6nnen und gleichzeitig die Gesundheit des Verbrauchers gew\u00e4hrleistet wird Leicht zu reinigen: Dieser Honighalter aus hochwertiger Keramik gefertigt, um eine glatte Keramikoberfl\u00e4che zu [&hellip;]<\/p>\n","protected":false},"featured_media":2566,"comment_status":"open","ping_status":"closed","template":"","meta":{"_aipt_faq_data":""},"store":[],"product_brand":[346],"product_cat":[71],"product_tag":[342],"class_list":{"0":"post-2565","1":"product","2":"type-product","3":"status-publish","4":"has-post-thumbnail","6":"product_brand-yrohgkpn","7":"product_cat-honig-sortiment-sets","8":"product_tag-honig-sortiment-sets-geschenk","10":"first","11":"instock","12":"shipping-taxable","13":"product-type-external"},"yoast_head":"<!-- This site is optimized with the Yoast SEO plugin v27.4 - https:\/\/yoast.com\/product\/yoast-seo-wordpress\/ -->\n<title>Porzellan Honigglas mit Holzsch\u00f6pfl\u00f6ffel und Deckel, Keramik Vorratsbeh\u00e4lter, Bauernhaus K\u00fcchendekorationen, Vorratsbeh\u00e4lter - PureHiveHoney<\/title>\n<meta name=\"description\" content=\"Entdecken Sie hochwertigen Rohhonig, Bio Honig, Manuka Honig und nat\u00fcrliche Bienenprodukte. PureHiveHoney hilft Ihnen dabei, sorgf\u00e4ltig ausgew\u00e4hlte Honigsorten mit nat\u00fcrlicher Qualit\u00e4t und Reinheit zu entdecken.\" \/>\n<meta name=\"robots\" content=\"index, follow, max-snippet:-1, max-image-preview:large, max-video-preview:-1\" \/>\n<link rel=\"canonical\" href=\"https:\/\/purehivehoney.com\/de\/product\/porzellan-honigglas-mit-holzschoepfloeffel-und-deckel-keramik-vorratsbehaelter-bauernhaus-kuechendekorationen-vorratsbehaelter\/\" \/>\n<meta property=\"og:locale\" content=\"de_DE\" \/>\n<meta property=\"og:type\" content=\"article\" \/>\n<meta property=\"og:title\" content=\"Porzellan Honigglas mit Holzsch\u00f6pfl\u00f6ffel und Deckel, Keramik Vorratsbeh\u00e4lter, Bauernhaus K\u00fcchendekorationen, Vorratsbeh\u00e4lter - PureHiveHoney\" \/>\n<meta property=\"og:description\" content=\"Entdecken Sie hochwertigen Rohhonig, Bio Honig, Manuka Honig und nat\u00fcrliche Bienenprodukte. PureHiveHoney hilft Ihnen dabei, sorgf\u00e4ltig ausgew\u00e4hlte Honigsorten mit nat\u00fcrlicher Qualit\u00e4t und Reinheit zu entdecken.\" \/>\n<meta property=\"og:url\" content=\"https:\/\/purehivehoney.com\/de\/product\/porzellan-honigglas-mit-holzschoepfloeffel-und-deckel-keramik-vorratsbehaelter-bauernhaus-kuechendekorationen-vorratsbehaelter\/\" \/>\n<meta property=\"og:site_name\" content=\"PureHiveHoney\" \/>\n<meta property=\"article:modified_time\" content=\"2026-04-04T10:27:35+00:00\" \/>\n<meta name=\"twitter:card\" content=\"summary_large_image\" \/>\n<meta name=\"twitter:label1\" content=\"Gesch\u00e4tzte Lesezeit\" \/>\n\t<meta name=\"twitter:data1\" content=\"2\u00a0Minuten\" \/>\n<script type=\"application\/ld+json\" class=\"yoast-schema-graph\">{\"@context\":\"https:\\\/\\\/schema.org\",\"@graph\":[{\"@type\":\"WebPage\",\"@id\":\"https:\\\/\\\/purehivehoney.com\\\/de\\\/product\\\/porzellan-honigglas-mit-holzschoepfloeffel-und-deckel-keramik-vorratsbehaelter-bauernhaus-kuechendekorationen-vorratsbehaelter\\\/\",\"url\":\"https:\\\/\\\/purehivehoney.com\\\/de\\\/product\\\/porzellan-honigglas-mit-holzschoepfloeffel-und-deckel-keramik-vorratsbehaelter-bauernhaus-kuechendekorationen-vorratsbehaelter\\\/\",\"name\":\"Porzellan Honigglas mit Holzsch\u00f6pfl\u00f6ffel und Deckel, Keramik Vorratsbeh\u00e4lter, Bauernhaus K\u00fcchendekorationen, Vorratsbeh\u00e4lter - PureHiveHoney\",\"isPartOf\":{\"@id\":\"https:\\\/\\\/purehivehoney.com\\\/de\\\/#website\"},\"primaryImageOfPage\":{\"@id\":\"https:\\\/\\\/purehivehoney.com\\\/de\\\/product\\\/porzellan-honigglas-mit-holzschoepfloeffel-und-deckel-keramik-vorratsbehaelter-bauernhaus-kuechendekorationen-vorratsbehaelter\\\/#primaryimage\"},\"image\":{\"@id\":\"https:\\\/\\\/purehivehoney.com\\\/de\\\/product\\\/porzellan-honigglas-mit-holzschoepfloeffel-und-deckel-keramik-vorratsbehaelter-bauernhaus-kuechendekorationen-vorratsbehaelter\\\/#primaryimage\"},\"thumbnailUrl\":\"https:\\\/\\\/purehivehoney.com\\\/de\\\/wp-content\\\/uploads\\\/2026\\\/04\\\/5184LpahMEL._AC_SL1500_.jpg\",\"datePublished\":\"2026-04-04T10:27:17+00:00\",\"dateModified\":\"2026-04-04T10:27:35+00:00\",\"description\":\"Entdecken Sie hochwertigen Rohhonig, Bio Honig, Manuka Honig und nat\u00fcrliche Bienenprodukte. PureHiveHoney hilft Ihnen dabei, sorgf\u00e4ltig ausgew\u00e4hlte Honigsorten mit nat\u00fcrlicher Qualit\u00e4t und Reinheit zu entdecken.\",\"breadcrumb\":{\"@id\":\"https:\\\/\\\/purehivehoney.com\\\/de\\\/product\\\/porzellan-honigglas-mit-holzschoepfloeffel-und-deckel-keramik-vorratsbehaelter-bauernhaus-kuechendekorationen-vorratsbehaelter\\\/#breadcrumb\"},\"inLanguage\":\"de\",\"potentialAction\":[{\"@type\":\"ReadAction\",\"target\":[\"https:\\\/\\\/purehivehoney.com\\\/de\\\/product\\\/porzellan-honigglas-mit-holzschoepfloeffel-und-deckel-keramik-vorratsbehaelter-bauernhaus-kuechendekorationen-vorratsbehaelter\\\/\"]}]},{\"@type\":\"ImageObject\",\"inLanguage\":\"de\",\"@id\":\"https:\\\/\\\/purehivehoney.com\\\/de\\\/product\\\/porzellan-honigglas-mit-holzschoepfloeffel-und-deckel-keramik-vorratsbehaelter-bauernhaus-kuechendekorationen-vorratsbehaelter\\\/#primaryimage\",\"url\":\"https:\\\/\\\/purehivehoney.com\\\/de\\\/wp-content\\\/uploads\\\/2026\\\/04\\\/5184LpahMEL._AC_SL1500_.jpg\",\"contentUrl\":\"https:\\\/\\\/purehivehoney.com\\\/de\\\/wp-content\\\/uploads\\\/2026\\\/04\\\/5184LpahMEL._AC_SL1500_.jpg\",\"width\":1090,\"height\":1160},{\"@type\":\"BreadcrumbList\",\"@id\":\"https:\\\/\\\/purehivehoney.com\\\/de\\\/product\\\/porzellan-honigglas-mit-holzschoepfloeffel-und-deckel-keramik-vorratsbehaelter-bauernhaus-kuechendekorationen-vorratsbehaelter\\\/#breadcrumb\",\"itemListElement\":[{\"@type\":\"ListItem\",\"position\":1,\"name\":\"Home\",\"item\":\"https:\\\/\\\/purehivehoney.com\\\/de\\\/\"},{\"@type\":\"ListItem\",\"position\":2,\"name\":\"Shop\",\"item\":\"https:\\\/\\\/purehivehoney.com\\\/de\\\/shop\\\/\"},{\"@type\":\"ListItem\",\"position\":3,\"name\":\"Porzellan Honigglas mit Holzsch\u00f6pf...\"}]},{\"@type\":\"WebSite\",\"@id\":\"https:\\\/\\\/purehivehoney.com\\\/de\\\/#website\",\"url\":\"https:\\\/\\\/purehivehoney.com\\\/de\\\/\",\"name\":\"PureHiveHoney\",\"description\":\"Reiner Honig &amp; Bienenprodukte Online | Rohhonig, Bio Honig &amp; Spezialhonig\",\"publisher\":{\"@id\":\"https:\\\/\\\/purehivehoney.com\\\/de\\\/#organization\"},\"potentialAction\":[{\"@type\":\"SearchAction\",\"target\":{\"@type\":\"EntryPoint\",\"urlTemplate\":\"https:\\\/\\\/purehivehoney.com\\\/de\\\/?s={search_term_string}\"},\"query-input\":{\"@type\":\"PropertyValueSpecification\",\"valueRequired\":true,\"valueName\":\"search_term_string\"}}],\"inLanguage\":\"de\"},{\"@type\":\"Organization\",\"@id\":\"https:\\\/\\\/purehivehoney.com\\\/de\\\/#organization\",\"name\":\"PureHiveHoney\",\"url\":\"https:\\\/\\\/purehivehoney.com\\\/de\\\/\",\"logo\":{\"@type\":\"ImageObject\",\"inLanguage\":\"de\",\"@id\":\"https:\\\/\\\/purehivehoney.com\\\/de\\\/#\\\/schema\\\/logo\\\/image\\\/\",\"url\":\"https:\\\/\\\/purehivehoney.com\\\/de\\\/wp-content\\\/uploads\\\/2026\\\/03\\\/Screenshot-2026-03-16-at-1.06.01-AM.png\",\"contentUrl\":\"https:\\\/\\\/purehivehoney.com\\\/de\\\/wp-content\\\/uploads\\\/2026\\\/03\\\/Screenshot-2026-03-16-at-1.06.01-AM.png\",\"width\":2112,\"height\":1086,\"caption\":\"PureHiveHoney\"},\"image\":{\"@id\":\"https:\\\/\\\/purehivehoney.com\\\/de\\\/#\\\/schema\\\/logo\\\/image\\\/\"}}]}<\/script>\n<!-- \/ Yoast SEO plugin. -->","yoast_head_json":{"title":"Porzellan Honigglas mit Holzsch\u00f6pfl\u00f6ffel und Deckel, Keramik Vorratsbeh\u00e4lter, Bauernhaus K\u00fcchendekorationen, Vorratsbeh\u00e4lter - PureHiveHoney","description":"Entdecken Sie hochwertigen Rohhonig, Bio Honig, Manuka Honig und nat\u00fcrliche Bienenprodukte. PureHiveHoney hilft Ihnen dabei, sorgf\u00e4ltig ausgew\u00e4hlte Honigsorten mit nat\u00fcrlicher Qualit\u00e4t und Reinheit zu entdecken.","robots":{"index":"index","follow":"follow","max-snippet":"max-snippet:-1","max-image-preview":"max-image-preview:large","max-video-preview":"max-video-preview:-1"},"canonical":"https:\/\/purehivehoney.com\/de\/product\/porzellan-honigglas-mit-holzschoepfloeffel-und-deckel-keramik-vorratsbehaelter-bauernhaus-kuechendekorationen-vorratsbehaelter\/","og_locale":"de_DE","og_type":"article","og_title":"Porzellan Honigglas mit Holzsch\u00f6pfl\u00f6ffel und Deckel, Keramik Vorratsbeh\u00e4lter, Bauernhaus K\u00fcchendekorationen, Vorratsbeh\u00e4lter - PureHiveHoney","og_description":"Entdecken Sie hochwertigen Rohhonig, Bio Honig, Manuka Honig und nat\u00fcrliche Bienenprodukte. PureHiveHoney hilft Ihnen dabei, sorgf\u00e4ltig ausgew\u00e4hlte Honigsorten mit nat\u00fcrlicher Qualit\u00e4t und Reinheit zu entdecken.","og_url":"https:\/\/purehivehoney.com\/de\/product\/porzellan-honigglas-mit-holzschoepfloeffel-und-deckel-keramik-vorratsbehaelter-bauernhaus-kuechendekorationen-vorratsbehaelter\/","og_site_name":"PureHiveHoney","article_modified_time":"2026-04-04T10:27:35+00:00","twitter_card":"summary_large_image","twitter_misc":{"Gesch\u00e4tzte Lesezeit":"2\u00a0Minuten"},"schema":{"@context":"https:\/\/schema.org","@graph":[{"@type":"WebPage","@id":"https:\/\/purehivehoney.com\/de\/product\/porzellan-honigglas-mit-holzschoepfloeffel-und-deckel-keramik-vorratsbehaelter-bauernhaus-kuechendekorationen-vorratsbehaelter\/","url":"https:\/\/purehivehoney.com\/de\/product\/porzellan-honigglas-mit-holzschoepfloeffel-und-deckel-keramik-vorratsbehaelter-bauernhaus-kuechendekorationen-vorratsbehaelter\/","name":"Porzellan Honigglas mit Holzsch\u00f6pfl\u00f6ffel und Deckel, Keramik Vorratsbeh\u00e4lter, Bauernhaus K\u00fcchendekorationen, Vorratsbeh\u00e4lter - PureHiveHoney","isPartOf":{"@id":"https:\/\/purehivehoney.com\/de\/#website"},"primaryImageOfPage":{"@id":"https:\/\/purehivehoney.com\/de\/product\/porzellan-honigglas-mit-holzschoepfloeffel-und-deckel-keramik-vorratsbehaelter-bauernhaus-kuechendekorationen-vorratsbehaelter\/#primaryimage"},"image":{"@id":"https:\/\/purehivehoney.com\/de\/product\/porzellan-honigglas-mit-holzschoepfloeffel-und-deckel-keramik-vorratsbehaelter-bauernhaus-kuechendekorationen-vorratsbehaelter\/#primaryimage"},"thumbnailUrl":"https:\/\/purehivehoney.com\/de\/wp-content\/uploads\/2026\/04\/5184LpahMEL._AC_SL1500_.jpg","datePublished":"2026-04-04T10:27:17+00:00","dateModified":"2026-04-04T10:27:35+00:00","description":"Entdecken Sie hochwertigen Rohhonig, Bio Honig, Manuka Honig und nat\u00fcrliche Bienenprodukte. PureHiveHoney hilft Ihnen dabei, sorgf\u00e4ltig ausgew\u00e4hlte Honigsorten mit nat\u00fcrlicher Qualit\u00e4t und Reinheit zu entdecken.","breadcrumb":{"@id":"https:\/\/purehivehoney.com\/de\/product\/porzellan-honigglas-mit-holzschoepfloeffel-und-deckel-keramik-vorratsbehaelter-bauernhaus-kuechendekorationen-vorratsbehaelter\/#breadcrumb"},"inLanguage":"de","potentialAction":[{"@type":"ReadAction","target":["https:\/\/purehivehoney.com\/de\/product\/porzellan-honigglas-mit-holzschoepfloeffel-und-deckel-keramik-vorratsbehaelter-bauernhaus-kuechendekorationen-vorratsbehaelter\/"]}]},{"@type":"ImageObject","inLanguage":"de","@id":"https:\/\/purehivehoney.com\/de\/product\/porzellan-honigglas-mit-holzschoepfloeffel-und-deckel-keramik-vorratsbehaelter-bauernhaus-kuechendekorationen-vorratsbehaelter\/#primaryimage","url":"https:\/\/purehivehoney.com\/de\/wp-content\/uploads\/2026\/04\/5184LpahMEL._AC_SL1500_.jpg","contentUrl":"https:\/\/purehivehoney.com\/de\/wp-content\/uploads\/2026\/04\/5184LpahMEL._AC_SL1500_.jpg","width":1090,"height":1160},{"@type":"BreadcrumbList","@id":"https:\/\/purehivehoney.com\/de\/product\/porzellan-honigglas-mit-holzschoepfloeffel-und-deckel-keramik-vorratsbehaelter-bauernhaus-kuechendekorationen-vorratsbehaelter\/#breadcrumb","itemListElement":[{"@type":"ListItem","position":1,"name":"Home","item":"https:\/\/purehivehoney.com\/de\/"},{"@type":"ListItem","position":2,"name":"Shop","item":"https:\/\/purehivehoney.com\/de\/shop\/"},{"@type":"ListItem","position":3,"name":"Porzellan Honigglas mit Holzsch\u00f6pf..."}]},{"@type":"WebSite","@id":"https:\/\/purehivehoney.com\/de\/#website","url":"https:\/\/purehivehoney.com\/de\/","name":"PureHiveHoney","description":"Reiner Honig &amp; Bienenprodukte Online | Rohhonig, Bio Honig &amp; Spezialhonig","publisher":{"@id":"https:\/\/purehivehoney.com\/de\/#organization"},"potentialAction":[{"@type":"SearchAction","target":{"@type":"EntryPoint","urlTemplate":"https:\/\/purehivehoney.com\/de\/?s={search_term_string}"},"query-input":{"@type":"PropertyValueSpecification","valueRequired":true,"valueName":"search_term_string"}}],"inLanguage":"de"},{"@type":"Organization","@id":"https:\/\/purehivehoney.com\/de\/#organization","name":"PureHiveHoney","url":"https:\/\/purehivehoney.com\/de\/","logo":{"@type":"ImageObject","inLanguage":"de","@id":"https:\/\/purehivehoney.com\/de\/#\/schema\/logo\/image\/","url":"https:\/\/purehivehoney.com\/de\/wp-content\/uploads\/2026\/03\/Screenshot-2026-03-16-at-1.06.01-AM.png","contentUrl":"https:\/\/purehivehoney.com\/de\/wp-content\/uploads\/2026\/03\/Screenshot-2026-03-16-at-1.06.01-AM.png","width":2112,"height":1086,"caption":"PureHiveHoney"},"image":{"@id":"https:\/\/purehivehoney.com\/de\/#\/schema\/logo\/image\/"}}]}},"_links":{"self":[{"href":"https:\/\/purehivehoney.com\/de\/wp-json\/wp\/v2\/product\/2565","targetHints":{"allow":["GET"]}}],"collection":[{"href":"https:\/\/purehivehoney.com\/de\/wp-json\/wp\/v2\/product"}],"about":[{"href":"https:\/\/purehivehoney.com\/de\/wp-json\/wp\/v2\/types\/product"}],"replies":[{"embeddable":true,"href":"https:\/\/purehivehoney.com\/de\/wp-json\/wp\/v2\/comments?post=2565"}],"wp:featuredmedia":[{"embeddable":true,"href":"https:\/\/purehivehoney.com\/de\/wp-json\/wp\/v2\/media\/2566"}],"wp:attachment":[{"href":"https:\/\/purehivehoney.com\/de\/wp-json\/wp\/v2\/media?parent=2565"}],"wp:term":[{"taxonomy":"store","embeddable":true,"href":"https:\/\/purehivehoney.com\/de\/wp-json\/wp\/v2\/store?post=2565"},{"taxonomy":"product_brand","embeddable":true,"href":"https:\/\/purehivehoney.com\/de\/wp-json\/wp\/v2\/product_brand?post=2565"},{"taxonomy":"product_cat","embeddable":true,"href":"https:\/\/purehivehoney.com\/de\/wp-json\/wp\/v2\/product_cat?post=2565"},{"taxonomy":"product_tag","embeddable":true,"href":"https:\/\/purehivehoney.com\/de\/wp-json\/wp\/v2\/product_tag?post=2565"}],"curies":[{"name":"wp","href":"https:\/\/api.w.org\/{rel}","templated":true}]}}