{"id":2563,"date":"2026-04-04T08:31:04","date_gmt":"2026-04-04T08:31:04","guid":{"rendered":"https:\/\/purehivehoney.com\/de\/product\/brotaufstriche-selbst-gemacht-einfache-rezepte-aufs-brot-von-herzhaft-bis-suess\/"},"modified":"2026-04-04T08:31:07","modified_gmt":"2026-04-04T08:31:07","slug":"brotaufstriche-selbst-gemacht-einfache-rezepte-aufs-brot-von-herzhaft-bis-suess","status":"publish","type":"product","link":"https:\/\/purehivehoney.com\/de\/product\/brotaufstriche-selbst-gemacht-einfache-rezepte-aufs-brot-von-herzhaft-bis-suess\/","title":{"rendered":"Brotaufstriche selbst gemacht: Einf..."},"content":{"rendered":"<p>Der Mensch lebt nicht vom Brot allein? Ganz genau, denn das entscheidende Etwas fehlt: ein leckeres Obendrauf &#8211; ob s\u00fc\u00df und cremig wie Himbeerbutter, herzhaft und w\u00fcrzig wie Schinkencreme oder auch mal ganz vegan wie Ratatouille-Aufstrich. In Brotaufstriche selbst gemacht sind sie alle versammelt, diese und \u00fcber 70 weitere feine klassische und neue Toppings, die eine schlichte Scheibe Brot zur k\u00f6stlichen Gourmetschnitte adeln! Dass dahinter \u00fcberhaupt kein Hexenwerk steckt, zeigt der Serviceteil zu Beginn des Buches: Lesen Sie hier, welche Basiszutaten sich am besten eignen, was Sie in Sachen Sauberkeit und Haltbarkeit beachten sollten und wie Sie Brotaufstriche g\u00e4stefein anrichten k\u00f6nnen. Dazu noch Grund- und Blitzrezepte f\u00fcr W\u00fcrzbutter und Brotaufstrich-Snack-Ideen, und fertig geschn\u00fcrt ist das Rundum-Sorglos-Paket f\u00fcr unendlich vielf\u00e4ltigen Genuss aufs Brot! Der eben nur selbst gemacht so gut schmeckt, wie er schmecken soll! Probieren Sie es aus!<\/p>\n<p> <br \/>\n                                             From the brand   <\/p>\n<p>                                              <img decoding=\"async\" alt=\"Der Text lautet \u201eF\u00dcR DEINEN SCH\u00d6NEN GARTEN\u201c. Marketingbild zum Thema Garten mit dekorativen floralen Elementen in sanften Pastellfarben.\" src=\"https:\/\/images-na.ssl-images-amazon.com\/images\/G\/01\/x-locale\/common\/grey-pixel.gif\" class=\"a-lazy-loaded\" data-src=\"https:\/\/m.media-amazon.com\/images\/S\/aplus-media-library-service-media\/5038c221-eca7-42b4-a8b3-26fdc740f7f5.__CR0,0,1464,625_PT0_SX1464_V1___.jpg\"><img decoding=\"async\" alt=\"Der Text lautet \u201eF\u00dcR DEINEN SCH\u00d6NEN GARTEN\u201c. Marketingbild zum Thema Garten mit dekorativen floralen Elementen in sanften Pastellfarben.\" src=\"https:\/\/m.media-amazon.com\/images\/S\/aplus-media-library-service-media\/5038c221-eca7-42b4-a8b3-26fdc740f7f5.__CR0,0,1464,625_PT0_SX1464_V1___.jpg\">  <\/p>\n<h3> Reiche Ernte <\/h3>\n<p class=\"apm-brand-story-stores-link\">\n<h3> G\u00e4rten gestalten und pflegen <\/h3>\n<p class=\"apm-brand-story-stores-link\">\n<h3> G\u00e4rtnern im Hochbeet <\/h3>\n<p class=\"apm-brand-story-stores-link\">\n<p> Publisher                                            \u200f                                            :                                            \u200e                                                        GR\u00c4FE UND UNZER Verlag GmbH       <br \/> Publication date                                            \u200f                                            :                                            \u200e                                                        7 Sept. 2013       <br \/> Edition                                            \u200f                                            :                                            \u200e                                                        10.       <br \/> Language                                            \u200f                                            :                                            \u200e                                            German   <br \/> Print length                                            \u200f                                            :                                            \u200e                                                        128 pages       <br \/> ISBN-10                                            \u200f                                            :                                            \u200e                                                        3833834269       <br \/> ISBN-13                                            \u200f                                            :                                            \u200e                                                        978-3833834264       <br \/> Dimensions                                            \u200f                                            :                                            \u200e                                                        17 x 1.6 x 20.6 cm       <br \/> Part of series                                            \u200f                                            :                                            \u200e                                                        GU Selber machen       <br \/>       Best Sellers Rank:  215,985 in Books (See Top 100 in Books)    363 in Vegetarian &#038; Vegan Cooking   1,719 in Food Reference &#038; Gastronomy   39,038 in Home &#038; Garden (Books)      <br \/>  Customer reviews:                                                                                            4.5               4.5 out of 5 stars                                  (181)                                              var dpAcrHasRegisteredArcLinkClickAction;                    P.when(&#8218;A&#8216;, &#8218;ready&#8216;).execute(function(A) {                        if (dpAcrHasRegisteredArcLinkClickAction !== true) {                            dpAcrHasRegisteredArcLinkClickAction = true;                            A.declarative(                                &#8218;acrLink-click-metrics&#8216;, &#8218;click&#8216;,                                { &#8222;allowLinkDefault&#8220;: true },                                function (event) {                                    if (window.ue) {                                        ue.count(&#8222;acrLinkClickCount&#8220;, (ue.count(&#8222;acrLinkClickCount&#8220;) || 0) + 1);                                    }                                }                            );                        }                    });                                             P.when(&#8218;A&#8216;, &#8218;cf&#8216;).execute(function(A) {                A.declarative(&#8218;acrStarsLink-click-metrics&#8216;, &#8218;click&#8216;, { &#8222;allowLinkDefault&#8220; : true },  function(event){                    if(window.ue) {                        ue.count(&#8222;acrStarsLinkWithPopoverClickCount&#8220;, (ue.count(&#8222;acrStarsLinkWithPopoverClickCount&#8220;) || 0) + 1);                    }                });            });                          <br \/><\/p>\n","protected":false},"excerpt":{"rendered":"<p>Der Mensch lebt nicht vom Brot allein? Ganz genau, denn das entscheidende Etwas fehlt: ein leckeres Obendrauf &#8211; ob s\u00fc\u00df und cremig wie Himbeerbutter, herzhaft und w\u00fcrzig wie Schinkencreme oder auch mal ganz vegan wie Ratatouille-Aufstrich. In Brotaufstriche selbst gemacht sind sie alle versammelt, diese und \u00fcber 70 weitere feine klassische und neue Toppings, die [&hellip;]<\/p>\n","protected":false},"featured_media":2564,"comment_status":"open","ping_status":"closed","template":"","meta":{"_aipt_faq_data":""},"store":[],"product_brand":[],"product_cat":[58],"product_tag":[328],"class_list":{"0":"post-2563","1":"product","2":"type-product","3":"status-publish","4":"has-post-thumbnail","6":"product_cat-honig-nuss-aufstriche","7":"product_tag-honig-nuss-aufstriche-vegan","9":"first","10":"instock","11":"shipping-taxable","12":"product-type-external"},"yoast_head":"<!-- This site is optimized with the Yoast SEO plugin v27.4 - https:\/\/yoast.com\/product\/yoast-seo-wordpress\/ -->\n<title>Brotaufstriche selbst gemacht: Einfache Rezepte aufs Brot von herzhaft bis s\u00fc\u00df - PureHiveHoney<\/title>\n<meta name=\"description\" content=\"Entdecken Sie hochwertigen Rohhonig, Bio Honig, Manuka Honig und nat\u00fcrliche Bienenprodukte. PureHiveHoney hilft Ihnen dabei, sorgf\u00e4ltig ausgew\u00e4hlte Honigsorten mit nat\u00fcrlicher Qualit\u00e4t und Reinheit zu entdecken.\" \/>\n<meta name=\"robots\" content=\"index, follow, max-snippet:-1, max-image-preview:large, max-video-preview:-1\" \/>\n<link rel=\"canonical\" href=\"https:\/\/purehivehoney.com\/de\/product\/brotaufstriche-selbst-gemacht-einfache-rezepte-aufs-brot-von-herzhaft-bis-suess\/\" \/>\n<meta property=\"og:locale\" content=\"de_DE\" \/>\n<meta property=\"og:type\" content=\"article\" \/>\n<meta property=\"og:title\" content=\"Brotaufstriche selbst gemacht: Einfache Rezepte aufs Brot von herzhaft bis s\u00fc\u00df - PureHiveHoney\" \/>\n<meta property=\"og:description\" content=\"Entdecken Sie hochwertigen Rohhonig, Bio Honig, Manuka Honig und nat\u00fcrliche Bienenprodukte. PureHiveHoney hilft Ihnen dabei, sorgf\u00e4ltig ausgew\u00e4hlte Honigsorten mit nat\u00fcrlicher Qualit\u00e4t und Reinheit zu entdecken.\" \/>\n<meta property=\"og:url\" content=\"https:\/\/purehivehoney.com\/de\/product\/brotaufstriche-selbst-gemacht-einfache-rezepte-aufs-brot-von-herzhaft-bis-suess\/\" \/>\n<meta property=\"og:site_name\" content=\"PureHiveHoney\" \/>\n<meta property=\"article:modified_time\" content=\"2026-04-04T08:31:07+00:00\" \/>\n<meta property=\"og:image\" content=\"https:\/\/images-na.ssl-images-amazon.com\/images\/G\/01\/x-locale\/common\/grey-pixel.gif\" \/>\n<meta name=\"twitter:card\" content=\"summary_large_image\" \/>\n<meta name=\"twitter:label1\" content=\"Gesch\u00e4tzte Lesezeit\" \/>\n\t<meta name=\"twitter:data1\" content=\"1\u00a0Minute\" \/>\n<script type=\"application\/ld+json\" class=\"yoast-schema-graph\">{\"@context\":\"https:\\\/\\\/schema.org\",\"@graph\":[{\"@type\":\"WebPage\",\"@id\":\"https:\\\/\\\/purehivehoney.com\\\/de\\\/product\\\/brotaufstriche-selbst-gemacht-einfache-rezepte-aufs-brot-von-herzhaft-bis-suess\\\/\",\"url\":\"https:\\\/\\\/purehivehoney.com\\\/de\\\/product\\\/brotaufstriche-selbst-gemacht-einfache-rezepte-aufs-brot-von-herzhaft-bis-suess\\\/\",\"name\":\"Brotaufstriche selbst gemacht: Einfache Rezepte aufs Brot von herzhaft bis s\u00fc\u00df - PureHiveHoney\",\"isPartOf\":{\"@id\":\"https:\\\/\\\/purehivehoney.com\\\/de\\\/#website\"},\"primaryImageOfPage\":{\"@id\":\"https:\\\/\\\/purehivehoney.com\\\/de\\\/product\\\/brotaufstriche-selbst-gemacht-einfache-rezepte-aufs-brot-von-herzhaft-bis-suess\\\/#primaryimage\"},\"image\":{\"@id\":\"https:\\\/\\\/purehivehoney.com\\\/de\\\/product\\\/brotaufstriche-selbst-gemacht-einfache-rezepte-aufs-brot-von-herzhaft-bis-suess\\\/#primaryimage\"},\"thumbnailUrl\":\"https:\\\/\\\/purehivehoney.com\\\/de\\\/wp-content\\\/uploads\\\/2026\\\/04\\\/91EsSkcE5L._SL1500_.jpg\",\"datePublished\":\"2026-04-04T08:31:04+00:00\",\"dateModified\":\"2026-04-04T08:31:07+00:00\",\"description\":\"Entdecken Sie hochwertigen Rohhonig, Bio Honig, Manuka Honig und nat\u00fcrliche Bienenprodukte. PureHiveHoney hilft Ihnen dabei, sorgf\u00e4ltig ausgew\u00e4hlte Honigsorten mit nat\u00fcrlicher Qualit\u00e4t und Reinheit zu entdecken.\",\"breadcrumb\":{\"@id\":\"https:\\\/\\\/purehivehoney.com\\\/de\\\/product\\\/brotaufstriche-selbst-gemacht-einfache-rezepte-aufs-brot-von-herzhaft-bis-suess\\\/#breadcrumb\"},\"inLanguage\":\"de\",\"potentialAction\":[{\"@type\":\"ReadAction\",\"target\":[\"https:\\\/\\\/purehivehoney.com\\\/de\\\/product\\\/brotaufstriche-selbst-gemacht-einfache-rezepte-aufs-brot-von-herzhaft-bis-suess\\\/\"]}]},{\"@type\":\"ImageObject\",\"inLanguage\":\"de\",\"@id\":\"https:\\\/\\\/purehivehoney.com\\\/de\\\/product\\\/brotaufstriche-selbst-gemacht-einfache-rezepte-aufs-brot-von-herzhaft-bis-suess\\\/#primaryimage\",\"url\":\"https:\\\/\\\/purehivehoney.com\\\/de\\\/wp-content\\\/uploads\\\/2026\\\/04\\\/91EsSkcE5L._SL1500_.jpg\",\"contentUrl\":\"https:\\\/\\\/purehivehoney.com\\\/de\\\/wp-content\\\/uploads\\\/2026\\\/04\\\/91EsSkcE5L._SL1500_.jpg\",\"width\":1229,\"height\":1500},{\"@type\":\"BreadcrumbList\",\"@id\":\"https:\\\/\\\/purehivehoney.com\\\/de\\\/product\\\/brotaufstriche-selbst-gemacht-einfache-rezepte-aufs-brot-von-herzhaft-bis-suess\\\/#breadcrumb\",\"itemListElement\":[{\"@type\":\"ListItem\",\"position\":1,\"name\":\"Home\",\"item\":\"https:\\\/\\\/purehivehoney.com\\\/de\\\/\"},{\"@type\":\"ListItem\",\"position\":2,\"name\":\"Shop\",\"item\":\"https:\\\/\\\/purehivehoney.com\\\/de\\\/shop\\\/\"},{\"@type\":\"ListItem\",\"position\":3,\"name\":\"Brotaufstriche selbst gemacht: Einf...\"}]},{\"@type\":\"WebSite\",\"@id\":\"https:\\\/\\\/purehivehoney.com\\\/de\\\/#website\",\"url\":\"https:\\\/\\\/purehivehoney.com\\\/de\\\/\",\"name\":\"PureHiveHoney\",\"description\":\"Reiner Honig &amp; Bienenprodukte Online | Rohhonig, Bio Honig &amp; Spezialhonig\",\"publisher\":{\"@id\":\"https:\\\/\\\/purehivehoney.com\\\/de\\\/#organization\"},\"potentialAction\":[{\"@type\":\"SearchAction\",\"target\":{\"@type\":\"EntryPoint\",\"urlTemplate\":\"https:\\\/\\\/purehivehoney.com\\\/de\\\/?s={search_term_string}\"},\"query-input\":{\"@type\":\"PropertyValueSpecification\",\"valueRequired\":true,\"valueName\":\"search_term_string\"}}],\"inLanguage\":\"de\"},{\"@type\":\"Organization\",\"@id\":\"https:\\\/\\\/purehivehoney.com\\\/de\\\/#organization\",\"name\":\"PureHiveHoney\",\"url\":\"https:\\\/\\\/purehivehoney.com\\\/de\\\/\",\"logo\":{\"@type\":\"ImageObject\",\"inLanguage\":\"de\",\"@id\":\"https:\\\/\\\/purehivehoney.com\\\/de\\\/#\\\/schema\\\/logo\\\/image\\\/\",\"url\":\"https:\\\/\\\/purehivehoney.com\\\/de\\\/wp-content\\\/uploads\\\/2026\\\/03\\\/Screenshot-2026-03-16-at-1.06.01-AM.png\",\"contentUrl\":\"https:\\\/\\\/purehivehoney.com\\\/de\\\/wp-content\\\/uploads\\\/2026\\\/03\\\/Screenshot-2026-03-16-at-1.06.01-AM.png\",\"width\":2112,\"height\":1086,\"caption\":\"PureHiveHoney\"},\"image\":{\"@id\":\"https:\\\/\\\/purehivehoney.com\\\/de\\\/#\\\/schema\\\/logo\\\/image\\\/\"}}]}<\/script>\n<!-- \/ Yoast SEO plugin. -->","yoast_head_json":{"title":"Brotaufstriche selbst gemacht: Einfache Rezepte aufs Brot von herzhaft bis s\u00fc\u00df - PureHiveHoney","description":"Entdecken Sie hochwertigen Rohhonig, Bio Honig, Manuka Honig und nat\u00fcrliche Bienenprodukte. PureHiveHoney hilft Ihnen dabei, sorgf\u00e4ltig ausgew\u00e4hlte Honigsorten mit nat\u00fcrlicher Qualit\u00e4t und Reinheit zu entdecken.","robots":{"index":"index","follow":"follow","max-snippet":"max-snippet:-1","max-image-preview":"max-image-preview:large","max-video-preview":"max-video-preview:-1"},"canonical":"https:\/\/purehivehoney.com\/de\/product\/brotaufstriche-selbst-gemacht-einfache-rezepte-aufs-brot-von-herzhaft-bis-suess\/","og_locale":"de_DE","og_type":"article","og_title":"Brotaufstriche selbst gemacht: Einfache Rezepte aufs Brot von herzhaft bis s\u00fc\u00df - PureHiveHoney","og_description":"Entdecken Sie hochwertigen Rohhonig, Bio Honig, Manuka Honig und nat\u00fcrliche Bienenprodukte. PureHiveHoney hilft Ihnen dabei, sorgf\u00e4ltig ausgew\u00e4hlte Honigsorten mit nat\u00fcrlicher Qualit\u00e4t und Reinheit zu entdecken.","og_url":"https:\/\/purehivehoney.com\/de\/product\/brotaufstriche-selbst-gemacht-einfache-rezepte-aufs-brot-von-herzhaft-bis-suess\/","og_site_name":"PureHiveHoney","article_modified_time":"2026-04-04T08:31:07+00:00","og_image":[{"url":"https:\/\/images-na.ssl-images-amazon.com\/images\/G\/01\/x-locale\/common\/grey-pixel.gif","type":"","width":"","height":""}],"twitter_card":"summary_large_image","twitter_misc":{"Gesch\u00e4tzte Lesezeit":"1\u00a0Minute"},"schema":{"@context":"https:\/\/schema.org","@graph":[{"@type":"WebPage","@id":"https:\/\/purehivehoney.com\/de\/product\/brotaufstriche-selbst-gemacht-einfache-rezepte-aufs-brot-von-herzhaft-bis-suess\/","url":"https:\/\/purehivehoney.com\/de\/product\/brotaufstriche-selbst-gemacht-einfache-rezepte-aufs-brot-von-herzhaft-bis-suess\/","name":"Brotaufstriche selbst gemacht: Einfache Rezepte aufs Brot von herzhaft bis s\u00fc\u00df - PureHiveHoney","isPartOf":{"@id":"https:\/\/purehivehoney.com\/de\/#website"},"primaryImageOfPage":{"@id":"https:\/\/purehivehoney.com\/de\/product\/brotaufstriche-selbst-gemacht-einfache-rezepte-aufs-brot-von-herzhaft-bis-suess\/#primaryimage"},"image":{"@id":"https:\/\/purehivehoney.com\/de\/product\/brotaufstriche-selbst-gemacht-einfache-rezepte-aufs-brot-von-herzhaft-bis-suess\/#primaryimage"},"thumbnailUrl":"https:\/\/purehivehoney.com\/de\/wp-content\/uploads\/2026\/04\/91EsSkcE5L._SL1500_.jpg","datePublished":"2026-04-04T08:31:04+00:00","dateModified":"2026-04-04T08:31:07+00:00","description":"Entdecken Sie hochwertigen Rohhonig, Bio Honig, Manuka Honig und nat\u00fcrliche Bienenprodukte. PureHiveHoney hilft Ihnen dabei, sorgf\u00e4ltig ausgew\u00e4hlte Honigsorten mit nat\u00fcrlicher Qualit\u00e4t und Reinheit zu entdecken.","breadcrumb":{"@id":"https:\/\/purehivehoney.com\/de\/product\/brotaufstriche-selbst-gemacht-einfache-rezepte-aufs-brot-von-herzhaft-bis-suess\/#breadcrumb"},"inLanguage":"de","potentialAction":[{"@type":"ReadAction","target":["https:\/\/purehivehoney.com\/de\/product\/brotaufstriche-selbst-gemacht-einfache-rezepte-aufs-brot-von-herzhaft-bis-suess\/"]}]},{"@type":"ImageObject","inLanguage":"de","@id":"https:\/\/purehivehoney.com\/de\/product\/brotaufstriche-selbst-gemacht-einfache-rezepte-aufs-brot-von-herzhaft-bis-suess\/#primaryimage","url":"https:\/\/purehivehoney.com\/de\/wp-content\/uploads\/2026\/04\/91EsSkcE5L._SL1500_.jpg","contentUrl":"https:\/\/purehivehoney.com\/de\/wp-content\/uploads\/2026\/04\/91EsSkcE5L._SL1500_.jpg","width":1229,"height":1500},{"@type":"BreadcrumbList","@id":"https:\/\/purehivehoney.com\/de\/product\/brotaufstriche-selbst-gemacht-einfache-rezepte-aufs-brot-von-herzhaft-bis-suess\/#breadcrumb","itemListElement":[{"@type":"ListItem","position":1,"name":"Home","item":"https:\/\/purehivehoney.com\/de\/"},{"@type":"ListItem","position":2,"name":"Shop","item":"https:\/\/purehivehoney.com\/de\/shop\/"},{"@type":"ListItem","position":3,"name":"Brotaufstriche selbst gemacht: Einf..."}]},{"@type":"WebSite","@id":"https:\/\/purehivehoney.com\/de\/#website","url":"https:\/\/purehivehoney.com\/de\/","name":"PureHiveHoney","description":"Reiner Honig &amp; Bienenprodukte Online | Rohhonig, Bio Honig &amp; Spezialhonig","publisher":{"@id":"https:\/\/purehivehoney.com\/de\/#organization"},"potentialAction":[{"@type":"SearchAction","target":{"@type":"EntryPoint","urlTemplate":"https:\/\/purehivehoney.com\/de\/?s={search_term_string}"},"query-input":{"@type":"PropertyValueSpecification","valueRequired":true,"valueName":"search_term_string"}}],"inLanguage":"de"},{"@type":"Organization","@id":"https:\/\/purehivehoney.com\/de\/#organization","name":"PureHiveHoney","url":"https:\/\/purehivehoney.com\/de\/","logo":{"@type":"ImageObject","inLanguage":"de","@id":"https:\/\/purehivehoney.com\/de\/#\/schema\/logo\/image\/","url":"https:\/\/purehivehoney.com\/de\/wp-content\/uploads\/2026\/03\/Screenshot-2026-03-16-at-1.06.01-AM.png","contentUrl":"https:\/\/purehivehoney.com\/de\/wp-content\/uploads\/2026\/03\/Screenshot-2026-03-16-at-1.06.01-AM.png","width":2112,"height":1086,"caption":"PureHiveHoney"},"image":{"@id":"https:\/\/purehivehoney.com\/de\/#\/schema\/logo\/image\/"}}]}},"_links":{"self":[{"href":"https:\/\/purehivehoney.com\/de\/wp-json\/wp\/v2\/product\/2563","targetHints":{"allow":["GET"]}}],"collection":[{"href":"https:\/\/purehivehoney.com\/de\/wp-json\/wp\/v2\/product"}],"about":[{"href":"https:\/\/purehivehoney.com\/de\/wp-json\/wp\/v2\/types\/product"}],"replies":[{"embeddable":true,"href":"https:\/\/purehivehoney.com\/de\/wp-json\/wp\/v2\/comments?post=2563"}],"wp:featuredmedia":[{"embeddable":true,"href":"https:\/\/purehivehoney.com\/de\/wp-json\/wp\/v2\/media\/2564"}],"wp:attachment":[{"href":"https:\/\/purehivehoney.com\/de\/wp-json\/wp\/v2\/media?parent=2563"}],"wp:term":[{"taxonomy":"store","embeddable":true,"href":"https:\/\/purehivehoney.com\/de\/wp-json\/wp\/v2\/store?post=2563"},{"taxonomy":"product_brand","embeddable":true,"href":"https:\/\/purehivehoney.com\/de\/wp-json\/wp\/v2\/product_brand?post=2563"},{"taxonomy":"product_cat","embeddable":true,"href":"https:\/\/purehivehoney.com\/de\/wp-json\/wp\/v2\/product_cat?post=2563"},{"taxonomy":"product_tag","embeddable":true,"href":"https:\/\/purehivehoney.com\/de\/wp-json\/wp\/v2\/product_tag?post=2563"}],"curies":[{"name":"wp","href":"https:\/\/api.w.org\/{rel}","templated":true}]}}