{"id":254,"date":"2026-03-15T20:19:25","date_gmt":"2026-03-15T20:19:25","guid":{"rendered":"https:\/\/purehivehoney.com\/de\/product\/organic-turmeric-ginger-cinnamon-latte-drink-organic-turmeric-ginger-cinnamon-latte-drink-300-g\/"},"modified":"2026-03-15T23:36:13","modified_gmt":"2026-03-15T23:36:13","slug":"organic-turmeric-ginger-cinnamon-latte-drink-organic-turmeric-ginger-cinnamon-latte-drink-300-g","status":"publish","type":"product","link":"https:\/\/purehivehoney.com\/de\/product\/organic-turmeric-ginger-cinnamon-latte-drink-organic-turmeric-ginger-cinnamon-latte-drink-300-g\/","title":{"rendered":"Organic Turmeric Ginger Cinnamon La..."},"content":{"rendered":"<p>    <span>Immerse yourself in a drink that not only pampers your palate, but also increases your well-being. Our HEALTH LINK Organic Turmeric Ginger Cinnamon Latte Drink is a carefully coordinated blend of high-quality organic ingredients that are both delicious and healthy. Our finely ground organic turmeric, combined with the spicy ginger and warm aroma of cinnamon, creates a unique taste experience that invigorates your senses. But this latte drink is not only delicious; it is also full of health benefits. The anti-inflammatory properties of turmeric and ginger are well documented and can help support your overall well-being. Preparing this latte drink couldn&#8217;t be easier. Simply mix the powder in water and enjoy your own cup of well-being. It is the perfect addition to your morning or afternoon to awaken your senses and promote your health. With 300 g in each pack, you will receive many delicious cups of latte enjoyment. Our HEALTH LINK Organic Turmeric Ginger Cinnamon Latte Drink is versatile and offers the ideal balance between taste and health. Treat yourself to a drink that delights your taste buds while promoting your well-being. Our latte powder is vegan, lactose and gluten-free and versatile. Refine your matcha latte to your taste by seasoning it with honey, vanilla or a pinch of cinnamon. This versatile matcha drink adapts to your preferences. The production is subject to the highest GFSI standards and there is an active IFS certificate. Carefully selected organic raw materials, a careful manufacturing process and multi-stage quality control guarantee the best possible quality of our Matcha products.<\/span>    <br \/> Product Dimensions                                            \u200f                                            :                                            \u200e                                            9 x 15.5 x 22.5 cm; 300 g   <br \/> Manufacturer                                            \u200f                                            :                                            \u200e                                            HEALTH LINK s.r.o.   <br \/> ASIN                                            \u200f                                            :                                            \u200e                                            B09996BP4Y   <br \/>Authentic taste: enjoy the distinctive, refreshing taste of turmeric ginger and a touch of sweetness, for an authentic yet delicious experience.<br \/>Natural ingredients: contains a healthy blend of turmeric, ginger and cinnamon, known for their health benefits and delicious taste.<br \/>Easy preparation: the preparation of this latte drink is easy and convenient. No milk is needed to prepare the powder and can be easily combined with water.<br \/>Health-promoting properties: turmeric and ginger are known for their anti-inflammatory properties and health-promoting benefits, while cinnamon offers a pleasant taste and additional health benefits.<br \/>Vegan: our latte powder is vegan, lactose and gluten-free and versatile. Refine your matcha latte to your taste by seasoning it with honey, vanilla or a pinch of cinnamon. This versatile matcha drink adapts to your preferences.<br \/>Impressive quality: the production is subject to the highest GFSI standards and there is an active IFS certificate. Carefully selected organic raw materials, a careful manufacturing process and multi-stage quality control guarantee the best possible quality of our Matcha products.<\/p>\n\n","protected":false},"excerpt":{"rendered":"<p>Immerse yourself in a drink that not only pampers your palate, but also increases your well-being. Our HEALTH LINK Organic Turmeric Ginger Cinnamon Latte Drink is a carefully coordinated blend of high-quality organic ingredients that are both delicious and healthy. Our finely ground organic turmeric, combined with the spicy ginger and warm aroma of cinnamon, [&hellip;]<\/p>\n","protected":false},"featured_media":255,"comment_status":"open","ping_status":"closed","template":"","meta":{"_aipt_faq_data":""},"store":[],"product_brand":[110],"product_cat":[51],"product_tag":[109],"class_list":{"0":"post-254","1":"product","2":"type-product","3":"status-publish","4":"has-post-thumbnail","6":"product_brand-health-link","7":"product_cat-zimt-honig","8":"product_tag-bio-zimt-honig","10":"first","11":"instock","12":"sale","13":"shipping-taxable","14":"product-type-external"},"yoast_head":"<!-- This site is optimized with the Yoast SEO plugin v27.4 - https:\/\/yoast.com\/product\/yoast-seo-wordpress\/ -->\n<title>Organic Turmeric Ginger Cinnamon Latte Drink Organic Turmeric Ginger Cinnamon Latte Drink 300 g - PureHiveHoney<\/title>\n<meta name=\"description\" content=\"Entdecken Sie hochwertigen Rohhonig, Bio Honig, Manuka Honig und nat\u00fcrliche Bienenprodukte. PureHiveHoney hilft Ihnen dabei, sorgf\u00e4ltig ausgew\u00e4hlte Honigsorten mit nat\u00fcrlicher Qualit\u00e4t und Reinheit zu entdecken.\" \/>\n<meta name=\"robots\" content=\"index, follow, max-snippet:-1, max-image-preview:large, max-video-preview:-1\" \/>\n<link rel=\"canonical\" href=\"https:\/\/purehivehoney.com\/de\/product\/organic-turmeric-ginger-cinnamon-latte-drink-organic-turmeric-ginger-cinnamon-latte-drink-300-g\/\" \/>\n<meta property=\"og:locale\" content=\"de_DE\" \/>\n<meta property=\"og:type\" content=\"article\" \/>\n<meta property=\"og:title\" content=\"Organic Turmeric Ginger Cinnamon Latte Drink Organic Turmeric Ginger Cinnamon Latte Drink 300 g - PureHiveHoney\" \/>\n<meta property=\"og:description\" content=\"Entdecken Sie hochwertigen Rohhonig, Bio Honig, Manuka Honig und nat\u00fcrliche Bienenprodukte. PureHiveHoney hilft Ihnen dabei, sorgf\u00e4ltig ausgew\u00e4hlte Honigsorten mit nat\u00fcrlicher Qualit\u00e4t und Reinheit zu entdecken.\" \/>\n<meta property=\"og:url\" content=\"https:\/\/purehivehoney.com\/de\/product\/organic-turmeric-ginger-cinnamon-latte-drink-organic-turmeric-ginger-cinnamon-latte-drink-300-g\/\" \/>\n<meta property=\"og:site_name\" content=\"PureHiveHoney\" \/>\n<meta property=\"article:modified_time\" content=\"2026-03-15T23:36:13+00:00\" \/>\n<meta name=\"twitter:card\" content=\"summary_large_image\" \/>\n<meta name=\"twitter:label1\" content=\"Gesch\u00e4tzte Lesezeit\" \/>\n\t<meta name=\"twitter:data1\" content=\"2\u00a0Minuten\" \/>\n<script type=\"application\/ld+json\" class=\"yoast-schema-graph\">{\"@context\":\"https:\\\/\\\/schema.org\",\"@graph\":[{\"@type\":\"WebPage\",\"@id\":\"https:\\\/\\\/purehivehoney.com\\\/de\\\/product\\\/organic-turmeric-ginger-cinnamon-latte-drink-organic-turmeric-ginger-cinnamon-latte-drink-300-g\\\/\",\"url\":\"https:\\\/\\\/purehivehoney.com\\\/de\\\/product\\\/organic-turmeric-ginger-cinnamon-latte-drink-organic-turmeric-ginger-cinnamon-latte-drink-300-g\\\/\",\"name\":\"Organic Turmeric Ginger Cinnamon Latte Drink Organic Turmeric Ginger Cinnamon Latte Drink 300 g - PureHiveHoney\",\"isPartOf\":{\"@id\":\"https:\\\/\\\/purehivehoney.com\\\/de\\\/#website\"},\"primaryImageOfPage\":{\"@id\":\"https:\\\/\\\/purehivehoney.com\\\/de\\\/product\\\/organic-turmeric-ginger-cinnamon-latte-drink-organic-turmeric-ginger-cinnamon-latte-drink-300-g\\\/#primaryimage\"},\"image\":{\"@id\":\"https:\\\/\\\/purehivehoney.com\\\/de\\\/product\\\/organic-turmeric-ginger-cinnamon-latte-drink-organic-turmeric-ginger-cinnamon-latte-drink-300-g\\\/#primaryimage\"},\"thumbnailUrl\":\"https:\\\/\\\/purehivehoney.com\\\/de\\\/wp-content\\\/uploads\\\/2026\\\/03\\\/81QbzUHTDJL._AC_SL1500_.jpg\",\"datePublished\":\"2026-03-15T20:19:25+00:00\",\"dateModified\":\"2026-03-15T23:36:13+00:00\",\"description\":\"Entdecken Sie hochwertigen Rohhonig, Bio Honig, Manuka Honig und nat\u00fcrliche Bienenprodukte. PureHiveHoney hilft Ihnen dabei, sorgf\u00e4ltig ausgew\u00e4hlte Honigsorten mit nat\u00fcrlicher Qualit\u00e4t und Reinheit zu entdecken.\",\"breadcrumb\":{\"@id\":\"https:\\\/\\\/purehivehoney.com\\\/de\\\/product\\\/organic-turmeric-ginger-cinnamon-latte-drink-organic-turmeric-ginger-cinnamon-latte-drink-300-g\\\/#breadcrumb\"},\"inLanguage\":\"de\",\"potentialAction\":[{\"@type\":\"ReadAction\",\"target\":[\"https:\\\/\\\/purehivehoney.com\\\/de\\\/product\\\/organic-turmeric-ginger-cinnamon-latte-drink-organic-turmeric-ginger-cinnamon-latte-drink-300-g\\\/\"]}]},{\"@type\":\"ImageObject\",\"inLanguage\":\"de\",\"@id\":\"https:\\\/\\\/purehivehoney.com\\\/de\\\/product\\\/organic-turmeric-ginger-cinnamon-latte-drink-organic-turmeric-ginger-cinnamon-latte-drink-300-g\\\/#primaryimage\",\"url\":\"https:\\\/\\\/purehivehoney.com\\\/de\\\/wp-content\\\/uploads\\\/2026\\\/03\\\/81QbzUHTDJL._AC_SL1500_.jpg\",\"contentUrl\":\"https:\\\/\\\/purehivehoney.com\\\/de\\\/wp-content\\\/uploads\\\/2026\\\/03\\\/81QbzUHTDJL._AC_SL1500_.jpg\",\"width\":1500,\"height\":1500},{\"@type\":\"BreadcrumbList\",\"@id\":\"https:\\\/\\\/purehivehoney.com\\\/de\\\/product\\\/organic-turmeric-ginger-cinnamon-latte-drink-organic-turmeric-ginger-cinnamon-latte-drink-300-g\\\/#breadcrumb\",\"itemListElement\":[{\"@type\":\"ListItem\",\"position\":1,\"name\":\"Home\",\"item\":\"https:\\\/\\\/purehivehoney.com\\\/de\\\/\"},{\"@type\":\"ListItem\",\"position\":2,\"name\":\"Shop\",\"item\":\"https:\\\/\\\/purehivehoney.com\\\/de\\\/shop\\\/\"},{\"@type\":\"ListItem\",\"position\":3,\"name\":\"Organic Turmeric Ginger Cinnamon La...\"}]},{\"@type\":\"WebSite\",\"@id\":\"https:\\\/\\\/purehivehoney.com\\\/de\\\/#website\",\"url\":\"https:\\\/\\\/purehivehoney.com\\\/de\\\/\",\"name\":\"PureHiveHoney\",\"description\":\"Reiner Honig &amp; Bienenprodukte Online | Rohhonig, Bio Honig &amp; Spezialhonig\",\"publisher\":{\"@id\":\"https:\\\/\\\/purehivehoney.com\\\/de\\\/#organization\"},\"potentialAction\":[{\"@type\":\"SearchAction\",\"target\":{\"@type\":\"EntryPoint\",\"urlTemplate\":\"https:\\\/\\\/purehivehoney.com\\\/de\\\/?s={search_term_string}\"},\"query-input\":{\"@type\":\"PropertyValueSpecification\",\"valueRequired\":true,\"valueName\":\"search_term_string\"}}],\"inLanguage\":\"de\"},{\"@type\":\"Organization\",\"@id\":\"https:\\\/\\\/purehivehoney.com\\\/de\\\/#organization\",\"name\":\"PureHiveHoney\",\"url\":\"https:\\\/\\\/purehivehoney.com\\\/de\\\/\",\"logo\":{\"@type\":\"ImageObject\",\"inLanguage\":\"de\",\"@id\":\"https:\\\/\\\/purehivehoney.com\\\/de\\\/#\\\/schema\\\/logo\\\/image\\\/\",\"url\":\"https:\\\/\\\/purehivehoney.com\\\/de\\\/wp-content\\\/uploads\\\/2026\\\/03\\\/Screenshot-2026-03-16-at-1.06.01-AM.png\",\"contentUrl\":\"https:\\\/\\\/purehivehoney.com\\\/de\\\/wp-content\\\/uploads\\\/2026\\\/03\\\/Screenshot-2026-03-16-at-1.06.01-AM.png\",\"width\":2112,\"height\":1086,\"caption\":\"PureHiveHoney\"},\"image\":{\"@id\":\"https:\\\/\\\/purehivehoney.com\\\/de\\\/#\\\/schema\\\/logo\\\/image\\\/\"}}]}<\/script>\n<!-- \/ Yoast SEO plugin. -->","yoast_head_json":{"title":"Organic Turmeric Ginger Cinnamon Latte Drink Organic Turmeric Ginger Cinnamon Latte Drink 300 g - PureHiveHoney","description":"Entdecken Sie hochwertigen Rohhonig, Bio Honig, Manuka Honig und nat\u00fcrliche Bienenprodukte. PureHiveHoney hilft Ihnen dabei, sorgf\u00e4ltig ausgew\u00e4hlte Honigsorten mit nat\u00fcrlicher Qualit\u00e4t und Reinheit zu entdecken.","robots":{"index":"index","follow":"follow","max-snippet":"max-snippet:-1","max-image-preview":"max-image-preview:large","max-video-preview":"max-video-preview:-1"},"canonical":"https:\/\/purehivehoney.com\/de\/product\/organic-turmeric-ginger-cinnamon-latte-drink-organic-turmeric-ginger-cinnamon-latte-drink-300-g\/","og_locale":"de_DE","og_type":"article","og_title":"Organic Turmeric Ginger Cinnamon Latte Drink Organic Turmeric Ginger Cinnamon Latte Drink 300 g - PureHiveHoney","og_description":"Entdecken Sie hochwertigen Rohhonig, Bio Honig, Manuka Honig und nat\u00fcrliche Bienenprodukte. PureHiveHoney hilft Ihnen dabei, sorgf\u00e4ltig ausgew\u00e4hlte Honigsorten mit nat\u00fcrlicher Qualit\u00e4t und Reinheit zu entdecken.","og_url":"https:\/\/purehivehoney.com\/de\/product\/organic-turmeric-ginger-cinnamon-latte-drink-organic-turmeric-ginger-cinnamon-latte-drink-300-g\/","og_site_name":"PureHiveHoney","article_modified_time":"2026-03-15T23:36:13+00:00","twitter_card":"summary_large_image","twitter_misc":{"Gesch\u00e4tzte Lesezeit":"2\u00a0Minuten"},"schema":{"@context":"https:\/\/schema.org","@graph":[{"@type":"WebPage","@id":"https:\/\/purehivehoney.com\/de\/product\/organic-turmeric-ginger-cinnamon-latte-drink-organic-turmeric-ginger-cinnamon-latte-drink-300-g\/","url":"https:\/\/purehivehoney.com\/de\/product\/organic-turmeric-ginger-cinnamon-latte-drink-organic-turmeric-ginger-cinnamon-latte-drink-300-g\/","name":"Organic Turmeric Ginger Cinnamon Latte Drink Organic Turmeric Ginger Cinnamon Latte Drink 300 g - PureHiveHoney","isPartOf":{"@id":"https:\/\/purehivehoney.com\/de\/#website"},"primaryImageOfPage":{"@id":"https:\/\/purehivehoney.com\/de\/product\/organic-turmeric-ginger-cinnamon-latte-drink-organic-turmeric-ginger-cinnamon-latte-drink-300-g\/#primaryimage"},"image":{"@id":"https:\/\/purehivehoney.com\/de\/product\/organic-turmeric-ginger-cinnamon-latte-drink-organic-turmeric-ginger-cinnamon-latte-drink-300-g\/#primaryimage"},"thumbnailUrl":"https:\/\/purehivehoney.com\/de\/wp-content\/uploads\/2026\/03\/81QbzUHTDJL._AC_SL1500_.jpg","datePublished":"2026-03-15T20:19:25+00:00","dateModified":"2026-03-15T23:36:13+00:00","description":"Entdecken Sie hochwertigen Rohhonig, Bio Honig, Manuka Honig und nat\u00fcrliche Bienenprodukte. PureHiveHoney hilft Ihnen dabei, sorgf\u00e4ltig ausgew\u00e4hlte Honigsorten mit nat\u00fcrlicher Qualit\u00e4t und Reinheit zu entdecken.","breadcrumb":{"@id":"https:\/\/purehivehoney.com\/de\/product\/organic-turmeric-ginger-cinnamon-latte-drink-organic-turmeric-ginger-cinnamon-latte-drink-300-g\/#breadcrumb"},"inLanguage":"de","potentialAction":[{"@type":"ReadAction","target":["https:\/\/purehivehoney.com\/de\/product\/organic-turmeric-ginger-cinnamon-latte-drink-organic-turmeric-ginger-cinnamon-latte-drink-300-g\/"]}]},{"@type":"ImageObject","inLanguage":"de","@id":"https:\/\/purehivehoney.com\/de\/product\/organic-turmeric-ginger-cinnamon-latte-drink-organic-turmeric-ginger-cinnamon-latte-drink-300-g\/#primaryimage","url":"https:\/\/purehivehoney.com\/de\/wp-content\/uploads\/2026\/03\/81QbzUHTDJL._AC_SL1500_.jpg","contentUrl":"https:\/\/purehivehoney.com\/de\/wp-content\/uploads\/2026\/03\/81QbzUHTDJL._AC_SL1500_.jpg","width":1500,"height":1500},{"@type":"BreadcrumbList","@id":"https:\/\/purehivehoney.com\/de\/product\/organic-turmeric-ginger-cinnamon-latte-drink-organic-turmeric-ginger-cinnamon-latte-drink-300-g\/#breadcrumb","itemListElement":[{"@type":"ListItem","position":1,"name":"Home","item":"https:\/\/purehivehoney.com\/de\/"},{"@type":"ListItem","position":2,"name":"Shop","item":"https:\/\/purehivehoney.com\/de\/shop\/"},{"@type":"ListItem","position":3,"name":"Organic Turmeric Ginger Cinnamon La..."}]},{"@type":"WebSite","@id":"https:\/\/purehivehoney.com\/de\/#website","url":"https:\/\/purehivehoney.com\/de\/","name":"PureHiveHoney","description":"Reiner Honig &amp; Bienenprodukte Online | Rohhonig, Bio Honig &amp; Spezialhonig","publisher":{"@id":"https:\/\/purehivehoney.com\/de\/#organization"},"potentialAction":[{"@type":"SearchAction","target":{"@type":"EntryPoint","urlTemplate":"https:\/\/purehivehoney.com\/de\/?s={search_term_string}"},"query-input":{"@type":"PropertyValueSpecification","valueRequired":true,"valueName":"search_term_string"}}],"inLanguage":"de"},{"@type":"Organization","@id":"https:\/\/purehivehoney.com\/de\/#organization","name":"PureHiveHoney","url":"https:\/\/purehivehoney.com\/de\/","logo":{"@type":"ImageObject","inLanguage":"de","@id":"https:\/\/purehivehoney.com\/de\/#\/schema\/logo\/image\/","url":"https:\/\/purehivehoney.com\/de\/wp-content\/uploads\/2026\/03\/Screenshot-2026-03-16-at-1.06.01-AM.png","contentUrl":"https:\/\/purehivehoney.com\/de\/wp-content\/uploads\/2026\/03\/Screenshot-2026-03-16-at-1.06.01-AM.png","width":2112,"height":1086,"caption":"PureHiveHoney"},"image":{"@id":"https:\/\/purehivehoney.com\/de\/#\/schema\/logo\/image\/"}}]}},"_links":{"self":[{"href":"https:\/\/purehivehoney.com\/de\/wp-json\/wp\/v2\/product\/254","targetHints":{"allow":["GET"]}}],"collection":[{"href":"https:\/\/purehivehoney.com\/de\/wp-json\/wp\/v2\/product"}],"about":[{"href":"https:\/\/purehivehoney.com\/de\/wp-json\/wp\/v2\/types\/product"}],"replies":[{"embeddable":true,"href":"https:\/\/purehivehoney.com\/de\/wp-json\/wp\/v2\/comments?post=254"}],"wp:featuredmedia":[{"embeddable":true,"href":"https:\/\/purehivehoney.com\/de\/wp-json\/wp\/v2\/media\/255"}],"wp:attachment":[{"href":"https:\/\/purehivehoney.com\/de\/wp-json\/wp\/v2\/media?parent=254"}],"wp:term":[{"taxonomy":"store","embeddable":true,"href":"https:\/\/purehivehoney.com\/de\/wp-json\/wp\/v2\/store?post=254"},{"taxonomy":"product_brand","embeddable":true,"href":"https:\/\/purehivehoney.com\/de\/wp-json\/wp\/v2\/product_brand?post=254"},{"taxonomy":"product_cat","embeddable":true,"href":"https:\/\/purehivehoney.com\/de\/wp-json\/wp\/v2\/product_cat?post=254"},{"taxonomy":"product_tag","embeddable":true,"href":"https:\/\/purehivehoney.com\/de\/wp-json\/wp\/v2\/product_tag?post=254"}],"curies":[{"name":"wp","href":"https:\/\/api.w.org\/{rel}","templated":true}]}}