{"id":2536,"date":"2026-04-04T07:25:49","date_gmt":"2026-04-04T07:25:49","guid":{"rendered":"https:\/\/purehivehoney.com\/de\/product\/ounona-wooden-honey-spoon-smooth-cotter-free-honey-dipper-sticks-with-elegant-surface-party-favour-for-honey-pot-precise-honey-drizzle-for-wedding-dessert-breakfast\/"},"modified":"2026-04-04T07:26:08","modified_gmt":"2026-04-04T07:26:08","slug":"ounona-wooden-honey-spoon-smooth-cotter-free-honey-dipper-sticks-with-elegant-surface-party-favour-for-honey-pot-precise-honey-drizzle-for-wedding-dessert-breakfast","status":"publish","type":"product","link":"https:\/\/purehivehoney.com\/de\/product\/ounona-wooden-honey-spoon-smooth-cotter-free-honey-dipper-sticks-with-elegant-surface-party-favour-for-honey-pot-precise-honey-drizzle-for-wedding-dessert-breakfast\/","title":{"rendered":"OUNONA Wooden Honey Spoon, Smooth, ..."},"content":{"rendered":"<p>                                             Product Description   <\/p>\n<h3 class=\"a-spacing-small\">   <\/h3>\n<p class=\"apm-text-center\">\n                                                      <img decoding=\"async\" alt=\"Hand holding wooden honey dipper with spiral grooved end, shown against white background.\" src=\"https:\/\/images-na.ssl-images-amazon.com\/images\/G\/01\/x-locale\/common\/grey-pixel.gif\" class=\"a-spacing-mini a-lazy-loaded\" data-src=\"https:\/\/m.media-amazon.com\/images\/S\/aplus-media-library-service-media\/970157a9-2dd8-4867-8465-7f56193675c2.__CR1600,0,300,300_PT0_SX300_V1___.jpg\"><img decoding=\"async\" alt=\"Hand holding wooden honey dipper with spiral grooved end, shown against white background.\" src=\"https:\/\/m.media-amazon.com\/images\/S\/aplus-media-library-service-media\/970157a9-2dd8-4867-8465-7f56193675c2.__CR1600,0,300,300_PT0_SX300_V1___.jpg\">  <\/p>\n<p> Perfect drizzle: the wooden drizzle stick is designed to control honey flow and allows you to drizzle it evenly over toast, pancakes or desserts. wooden honey spoon, small honey stick <\/p>\n<p class=\"apm-text-center\">\n                                                      <img decoding=\"async\" alt=\"Series of photos showing glowing honey or amber-colored liquid in glass jars, with soft focus and warm lighting creating an elegant presentation.\" src=\"https:\/\/images-na.ssl-images-amazon.com\/images\/G\/01\/x-locale\/common\/grey-pixel.gif\" class=\"a-spacing-mini a-lazy-loaded\" data-src=\"https:\/\/m.media-amazon.com\/images\/S\/aplus-media-library-service-media\/e4b5dcdc-91da-45fc-8365-f7c226346070.__CR1600,0,300,300_PT0_SX300_V1___.jpg\"><img decoding=\"async\" alt=\"Series of photos showing glowing honey or amber-colored liquid in glass jars, with soft focus and warm lighting creating an elegant presentation.\" src=\"https:\/\/m.media-amazon.com\/images\/S\/aplus-media-library-service-media\/e4b5dcdc-91da-45fc-8365-f7c226346070.__CR1600,0,300,300_PT0_SX300_V1___.jpg\">  <\/p>\n<p> Easy to clean: the reusable honey spoon is made of easy to clean materials, which ensures hygiene and extends its life with minimal maintenance. honey stirring spoon, honey stir stick <\/p>\n<p class=\"apm-text-center\">\n                                                      <img decoding=\"async\" alt=\"Close-up sequence showing honey being drizzled from a wooden dipper into an orange-colored liquid, likely tea or another beverage.\" src=\"https:\/\/images-na.ssl-images-amazon.com\/images\/G\/01\/x-locale\/common\/grey-pixel.gif\" class=\"a-spacing-mini a-lazy-loaded\" data-src=\"https:\/\/m.media-amazon.com\/images\/S\/aplus-media-library-service-media\/1aa8e953-6702-41a4-b290-7f71822b166f.__CR1600,0,300,300_PT0_SX300_V1___.jpg\"><img decoding=\"async\" alt=\"Close-up sequence showing honey being drizzled from a wooden dipper into an orange-colored liquid, likely tea or another beverage.\" src=\"https:\/\/m.media-amazon.com\/images\/S\/aplus-media-library-service-media\/1aa8e953-6702-41a4-b290-7f71822b166f.__CR1600,0,300,300_PT0_SX300_V1___.jpg\">  <\/p>\n<p> Safe and natural: the untreated wooden spoon is free from harmful chemicals and ensures a natural way to enjoy honey with your family. wooden spoon, honey stirring spoon <\/p>\n<h3 class=\"a-spacing-mini\">   <\/h3>\n<p>                                          <img decoding=\"async\" alt=\"0\" src=\"https:\/\/images-na.ssl-images-amazon.com\/images\/G\/01\/x-locale\/common\/grey-pixel.gif\" class=\"a-spacing-base a-lazy-loaded\" data-src=\"https:\/\/m.media-amazon.com\/images\/S\/aplus-media-library-service-media\/59c3060c-d56d-4bd5-a72b-34b4cd6e9fd7.__CR1600,0,970,600_PT0_SX970_V1___.jpg\"><img decoding=\"async\" alt=\"0\" src=\"https:\/\/m.media-amazon.com\/images\/S\/aplus-media-library-service-media\/59c3060c-d56d-4bd5-a72b-34b4cd6e9fd7.__CR1600,0,970,600_PT0_SX970_V1___.jpg\">                                         <\/p>\n<h3 class=\"a-spacing-mini\">   <\/h3>\n<p class=\"a-spacing-base\">\n<p>                                                  <img decoding=\"async\" alt=\"0\" src=\"https:\/\/images-na.ssl-images-amazon.com\/images\/G\/01\/x-locale\/common\/grey-pixel.gif\" class=\"a-spacing-mini a-lazy-loaded\" data-src=\"https:\/\/m.media-amazon.com\/images\/S\/aplus-media-library-service-media\/b73de524-8f84-45a5-a730-34789f13e71b.__CR1600,0,300,300_PT0_SX300_V1___.jpg\"><img decoding=\"async\" alt=\"0\" src=\"https:\/\/m.media-amazon.com\/images\/S\/aplus-media-library-service-media\/b73de524-8f84-45a5-a730-34789f13e71b.__CR1600,0,300,300_PT0_SX300_V1___.jpg\">  <\/p>\n<h3 class=\"a-spacing-mini\"> OUNONA <\/h3>\n<p>  Wooden Honey Spoon Smooth Cotter Free Honey Dipper Sticks with Elegant Surface Party Favor for Honey Pot Precise Honey Drizzles for Wedding Dessert Breakfast <\/p>\n<p>Perfect drizzle: the wooden drizzle stick is designed to control honey flow and allows you to drizzle it evenly over toast, pancakes or desserts. wooden honey spoon, small honey stick<br \/>Easy to clean: the reusable honey spoon is made of easy to clean materials, which ensures hygiene and extends its life with minimal maintenance. honey stirring spoon, honey stir stick<br \/>Safe and natural: the untreated wooden spoon is free from harmful chemicals and ensures a natural way to enjoy honey with your family. wooden spoon, honey stirring spoon<br \/>Improved honey experience: the honey drizzle stick is designed to enhance your honey serving experience and ensure that every drop is a pleasure. honey spoon wooden honey ladle<br \/>Elegant design: this wooden honey spoon gives your kitchen a touch of while providing a gentle honey drizzle experience. As a party gift, honey stirring spoon and coffee stirrer<\/p>\n\n","protected":false},"excerpt":{"rendered":"<p>Product Description Perfect drizzle: the wooden drizzle stick is designed to control honey flow and allows you to drizzle it evenly over toast, pancakes or desserts. wooden honey spoon, small honey stick Easy to clean: the reusable honey spoon is made of easy to clean materials, which ensures hygiene and extends its life with minimal [&hellip;]<\/p>\n","protected":false},"featured_media":2537,"comment_status":"open","ping_status":"closed","template":"","meta":{"_aipt_faq_data":""},"store":[],"product_brand":[],"product_cat":[47],"product_tag":[320],"class_list":{"0":"post-2536","1":"product","2":"type-product","3":"status-publish","4":"has-post-thumbnail","6":"product_cat-akazienhonig","7":"product_tag-akazienhonig-zum-fruehstueck","9":"first","10":"instock","11":"shipping-taxable","12":"product-type-external"},"yoast_head":"<!-- This site is optimized with the Yoast SEO plugin v27.4 - https:\/\/yoast.com\/product\/yoast-seo-wordpress\/ -->\n<title>OUNONA Wooden Honey Spoon, Smooth, Cotter Free, Honey Dipper Sticks with Elegant Surface, Party Favour for Honey Pot, Precise Honey Drizzle for Wedding, Dessert, Breakfast - PureHiveHoney<\/title>\n<meta name=\"description\" content=\"Entdecken Sie hochwertigen Rohhonig, Bio Honig, Manuka Honig und nat\u00fcrliche Bienenprodukte. PureHiveHoney hilft Ihnen dabei, sorgf\u00e4ltig ausgew\u00e4hlte Honigsorten mit nat\u00fcrlicher Qualit\u00e4t und Reinheit zu entdecken.\" \/>\n<meta name=\"robots\" content=\"index, follow, max-snippet:-1, max-image-preview:large, max-video-preview:-1\" \/>\n<link rel=\"canonical\" href=\"https:\/\/purehivehoney.com\/de\/product\/ounona-wooden-honey-spoon-smooth-cotter-free-honey-dipper-sticks-with-elegant-surface-party-favour-for-honey-pot-precise-honey-drizzle-for-wedding-dessert-breakfast\/\" \/>\n<meta property=\"og:locale\" content=\"de_DE\" \/>\n<meta property=\"og:type\" content=\"article\" \/>\n<meta property=\"og:title\" content=\"OUNONA Wooden Honey Spoon, Smooth, Cotter Free, Honey Dipper Sticks with Elegant Surface, Party Favour for Honey Pot, Precise Honey Drizzle for Wedding, Dessert, Breakfast - PureHiveHoney\" \/>\n<meta property=\"og:description\" content=\"Entdecken Sie hochwertigen Rohhonig, Bio Honig, Manuka Honig und nat\u00fcrliche Bienenprodukte. PureHiveHoney hilft Ihnen dabei, sorgf\u00e4ltig ausgew\u00e4hlte Honigsorten mit nat\u00fcrlicher Qualit\u00e4t und Reinheit zu entdecken.\" \/>\n<meta property=\"og:url\" content=\"https:\/\/purehivehoney.com\/de\/product\/ounona-wooden-honey-spoon-smooth-cotter-free-honey-dipper-sticks-with-elegant-surface-party-favour-for-honey-pot-precise-honey-drizzle-for-wedding-dessert-breakfast\/\" \/>\n<meta property=\"og:site_name\" content=\"PureHiveHoney\" \/>\n<meta property=\"article:modified_time\" content=\"2026-04-04T07:26:08+00:00\" \/>\n<meta property=\"og:image\" content=\"https:\/\/images-na.ssl-images-amazon.com\/images\/G\/01\/x-locale\/common\/grey-pixel.gif\" \/>\n<meta name=\"twitter:card\" content=\"summary_large_image\" \/>\n<meta name=\"twitter:label1\" content=\"Gesch\u00e4tzte Lesezeit\" \/>\n\t<meta name=\"twitter:data1\" content=\"1\u00a0Minute\" \/>\n<script type=\"application\/ld+json\" class=\"yoast-schema-graph\">{\"@context\":\"https:\\\/\\\/schema.org\",\"@graph\":[{\"@type\":\"WebPage\",\"@id\":\"https:\\\/\\\/purehivehoney.com\\\/de\\\/product\\\/ounona-wooden-honey-spoon-smooth-cotter-free-honey-dipper-sticks-with-elegant-surface-party-favour-for-honey-pot-precise-honey-drizzle-for-wedding-dessert-breakfast\\\/\",\"url\":\"https:\\\/\\\/purehivehoney.com\\\/de\\\/product\\\/ounona-wooden-honey-spoon-smooth-cotter-free-honey-dipper-sticks-with-elegant-surface-party-favour-for-honey-pot-precise-honey-drizzle-for-wedding-dessert-breakfast\\\/\",\"name\":\"OUNONA Wooden Honey Spoon, Smooth, Cotter Free, Honey Dipper Sticks with Elegant Surface, Party Favour for Honey Pot, Precise Honey Drizzle for Wedding, Dessert, Breakfast - PureHiveHoney\",\"isPartOf\":{\"@id\":\"https:\\\/\\\/purehivehoney.com\\\/de\\\/#website\"},\"primaryImageOfPage\":{\"@id\":\"https:\\\/\\\/purehivehoney.com\\\/de\\\/product\\\/ounona-wooden-honey-spoon-smooth-cotter-free-honey-dipper-sticks-with-elegant-surface-party-favour-for-honey-pot-precise-honey-drizzle-for-wedding-dessert-breakfast\\\/#primaryimage\"},\"image\":{\"@id\":\"https:\\\/\\\/purehivehoney.com\\\/de\\\/product\\\/ounona-wooden-honey-spoon-smooth-cotter-free-honey-dipper-sticks-with-elegant-surface-party-favour-for-honey-pot-precise-honey-drizzle-for-wedding-dessert-breakfast\\\/#primaryimage\"},\"thumbnailUrl\":\"https:\\\/\\\/purehivehoney.com\\\/de\\\/wp-content\\\/uploads\\\/2026\\\/04\\\/61IZVr7ikYL._AC_SL1500_.jpg\",\"datePublished\":\"2026-04-04T07:25:49+00:00\",\"dateModified\":\"2026-04-04T07:26:08+00:00\",\"description\":\"Entdecken Sie hochwertigen Rohhonig, Bio Honig, Manuka Honig und nat\u00fcrliche Bienenprodukte. PureHiveHoney hilft Ihnen dabei, sorgf\u00e4ltig ausgew\u00e4hlte Honigsorten mit nat\u00fcrlicher Qualit\u00e4t und Reinheit zu entdecken.\",\"breadcrumb\":{\"@id\":\"https:\\\/\\\/purehivehoney.com\\\/de\\\/product\\\/ounona-wooden-honey-spoon-smooth-cotter-free-honey-dipper-sticks-with-elegant-surface-party-favour-for-honey-pot-precise-honey-drizzle-for-wedding-dessert-breakfast\\\/#breadcrumb\"},\"inLanguage\":\"de\",\"potentialAction\":[{\"@type\":\"ReadAction\",\"target\":[\"https:\\\/\\\/purehivehoney.com\\\/de\\\/product\\\/ounona-wooden-honey-spoon-smooth-cotter-free-honey-dipper-sticks-with-elegant-surface-party-favour-for-honey-pot-precise-honey-drizzle-for-wedding-dessert-breakfast\\\/\"]}]},{\"@type\":\"ImageObject\",\"inLanguage\":\"de\",\"@id\":\"https:\\\/\\\/purehivehoney.com\\\/de\\\/product\\\/ounona-wooden-honey-spoon-smooth-cotter-free-honey-dipper-sticks-with-elegant-surface-party-favour-for-honey-pot-precise-honey-drizzle-for-wedding-dessert-breakfast\\\/#primaryimage\",\"url\":\"https:\\\/\\\/purehivehoney.com\\\/de\\\/wp-content\\\/uploads\\\/2026\\\/04\\\/61IZVr7ikYL._AC_SL1500_.jpg\",\"contentUrl\":\"https:\\\/\\\/purehivehoney.com\\\/de\\\/wp-content\\\/uploads\\\/2026\\\/04\\\/61IZVr7ikYL._AC_SL1500_.jpg\",\"width\":1170,\"height\":1500},{\"@type\":\"BreadcrumbList\",\"@id\":\"https:\\\/\\\/purehivehoney.com\\\/de\\\/product\\\/ounona-wooden-honey-spoon-smooth-cotter-free-honey-dipper-sticks-with-elegant-surface-party-favour-for-honey-pot-precise-honey-drizzle-for-wedding-dessert-breakfast\\\/#breadcrumb\",\"itemListElement\":[{\"@type\":\"ListItem\",\"position\":1,\"name\":\"Home\",\"item\":\"https:\\\/\\\/purehivehoney.com\\\/de\\\/\"},{\"@type\":\"ListItem\",\"position\":2,\"name\":\"Shop\",\"item\":\"https:\\\/\\\/purehivehoney.com\\\/de\\\/shop\\\/\"},{\"@type\":\"ListItem\",\"position\":3,\"name\":\"OUNONA Wooden Honey Spoon, Smooth, ...\"}]},{\"@type\":\"WebSite\",\"@id\":\"https:\\\/\\\/purehivehoney.com\\\/de\\\/#website\",\"url\":\"https:\\\/\\\/purehivehoney.com\\\/de\\\/\",\"name\":\"PureHiveHoney\",\"description\":\"Reiner Honig &amp; Bienenprodukte Online | Rohhonig, Bio Honig &amp; Spezialhonig\",\"publisher\":{\"@id\":\"https:\\\/\\\/purehivehoney.com\\\/de\\\/#organization\"},\"potentialAction\":[{\"@type\":\"SearchAction\",\"target\":{\"@type\":\"EntryPoint\",\"urlTemplate\":\"https:\\\/\\\/purehivehoney.com\\\/de\\\/?s={search_term_string}\"},\"query-input\":{\"@type\":\"PropertyValueSpecification\",\"valueRequired\":true,\"valueName\":\"search_term_string\"}}],\"inLanguage\":\"de\"},{\"@type\":\"Organization\",\"@id\":\"https:\\\/\\\/purehivehoney.com\\\/de\\\/#organization\",\"name\":\"PureHiveHoney\",\"url\":\"https:\\\/\\\/purehivehoney.com\\\/de\\\/\",\"logo\":{\"@type\":\"ImageObject\",\"inLanguage\":\"de\",\"@id\":\"https:\\\/\\\/purehivehoney.com\\\/de\\\/#\\\/schema\\\/logo\\\/image\\\/\",\"url\":\"https:\\\/\\\/purehivehoney.com\\\/de\\\/wp-content\\\/uploads\\\/2026\\\/03\\\/Screenshot-2026-03-16-at-1.06.01-AM.png\",\"contentUrl\":\"https:\\\/\\\/purehivehoney.com\\\/de\\\/wp-content\\\/uploads\\\/2026\\\/03\\\/Screenshot-2026-03-16-at-1.06.01-AM.png\",\"width\":2112,\"height\":1086,\"caption\":\"PureHiveHoney\"},\"image\":{\"@id\":\"https:\\\/\\\/purehivehoney.com\\\/de\\\/#\\\/schema\\\/logo\\\/image\\\/\"}}]}<\/script>\n<!-- \/ Yoast SEO plugin. -->","yoast_head_json":{"title":"OUNONA Wooden Honey Spoon, Smooth, Cotter Free, Honey Dipper Sticks with Elegant Surface, Party Favour for Honey Pot, Precise Honey Drizzle for Wedding, Dessert, Breakfast - PureHiveHoney","description":"Entdecken Sie hochwertigen Rohhonig, Bio Honig, Manuka Honig und nat\u00fcrliche Bienenprodukte. PureHiveHoney hilft Ihnen dabei, sorgf\u00e4ltig ausgew\u00e4hlte Honigsorten mit nat\u00fcrlicher Qualit\u00e4t und Reinheit zu entdecken.","robots":{"index":"index","follow":"follow","max-snippet":"max-snippet:-1","max-image-preview":"max-image-preview:large","max-video-preview":"max-video-preview:-1"},"canonical":"https:\/\/purehivehoney.com\/de\/product\/ounona-wooden-honey-spoon-smooth-cotter-free-honey-dipper-sticks-with-elegant-surface-party-favour-for-honey-pot-precise-honey-drizzle-for-wedding-dessert-breakfast\/","og_locale":"de_DE","og_type":"article","og_title":"OUNONA Wooden Honey Spoon, Smooth, Cotter Free, Honey Dipper Sticks with Elegant Surface, Party Favour for Honey Pot, Precise Honey Drizzle for Wedding, Dessert, Breakfast - PureHiveHoney","og_description":"Entdecken Sie hochwertigen Rohhonig, Bio Honig, Manuka Honig und nat\u00fcrliche Bienenprodukte. PureHiveHoney hilft Ihnen dabei, sorgf\u00e4ltig ausgew\u00e4hlte Honigsorten mit nat\u00fcrlicher Qualit\u00e4t und Reinheit zu entdecken.","og_url":"https:\/\/purehivehoney.com\/de\/product\/ounona-wooden-honey-spoon-smooth-cotter-free-honey-dipper-sticks-with-elegant-surface-party-favour-for-honey-pot-precise-honey-drizzle-for-wedding-dessert-breakfast\/","og_site_name":"PureHiveHoney","article_modified_time":"2026-04-04T07:26:08+00:00","og_image":[{"url":"https:\/\/images-na.ssl-images-amazon.com\/images\/G\/01\/x-locale\/common\/grey-pixel.gif","type":"","width":"","height":""}],"twitter_card":"summary_large_image","twitter_misc":{"Gesch\u00e4tzte Lesezeit":"1\u00a0Minute"},"schema":{"@context":"https:\/\/schema.org","@graph":[{"@type":"WebPage","@id":"https:\/\/purehivehoney.com\/de\/product\/ounona-wooden-honey-spoon-smooth-cotter-free-honey-dipper-sticks-with-elegant-surface-party-favour-for-honey-pot-precise-honey-drizzle-for-wedding-dessert-breakfast\/","url":"https:\/\/purehivehoney.com\/de\/product\/ounona-wooden-honey-spoon-smooth-cotter-free-honey-dipper-sticks-with-elegant-surface-party-favour-for-honey-pot-precise-honey-drizzle-for-wedding-dessert-breakfast\/","name":"OUNONA Wooden Honey Spoon, Smooth, Cotter Free, Honey Dipper Sticks with Elegant Surface, Party Favour for Honey Pot, Precise Honey Drizzle for Wedding, Dessert, Breakfast - PureHiveHoney","isPartOf":{"@id":"https:\/\/purehivehoney.com\/de\/#website"},"primaryImageOfPage":{"@id":"https:\/\/purehivehoney.com\/de\/product\/ounona-wooden-honey-spoon-smooth-cotter-free-honey-dipper-sticks-with-elegant-surface-party-favour-for-honey-pot-precise-honey-drizzle-for-wedding-dessert-breakfast\/#primaryimage"},"image":{"@id":"https:\/\/purehivehoney.com\/de\/product\/ounona-wooden-honey-spoon-smooth-cotter-free-honey-dipper-sticks-with-elegant-surface-party-favour-for-honey-pot-precise-honey-drizzle-for-wedding-dessert-breakfast\/#primaryimage"},"thumbnailUrl":"https:\/\/purehivehoney.com\/de\/wp-content\/uploads\/2026\/04\/61IZVr7ikYL._AC_SL1500_.jpg","datePublished":"2026-04-04T07:25:49+00:00","dateModified":"2026-04-04T07:26:08+00:00","description":"Entdecken Sie hochwertigen Rohhonig, Bio Honig, Manuka Honig und nat\u00fcrliche Bienenprodukte. PureHiveHoney hilft Ihnen dabei, sorgf\u00e4ltig ausgew\u00e4hlte Honigsorten mit nat\u00fcrlicher Qualit\u00e4t und Reinheit zu entdecken.","breadcrumb":{"@id":"https:\/\/purehivehoney.com\/de\/product\/ounona-wooden-honey-spoon-smooth-cotter-free-honey-dipper-sticks-with-elegant-surface-party-favour-for-honey-pot-precise-honey-drizzle-for-wedding-dessert-breakfast\/#breadcrumb"},"inLanguage":"de","potentialAction":[{"@type":"ReadAction","target":["https:\/\/purehivehoney.com\/de\/product\/ounona-wooden-honey-spoon-smooth-cotter-free-honey-dipper-sticks-with-elegant-surface-party-favour-for-honey-pot-precise-honey-drizzle-for-wedding-dessert-breakfast\/"]}]},{"@type":"ImageObject","inLanguage":"de","@id":"https:\/\/purehivehoney.com\/de\/product\/ounona-wooden-honey-spoon-smooth-cotter-free-honey-dipper-sticks-with-elegant-surface-party-favour-for-honey-pot-precise-honey-drizzle-for-wedding-dessert-breakfast\/#primaryimage","url":"https:\/\/purehivehoney.com\/de\/wp-content\/uploads\/2026\/04\/61IZVr7ikYL._AC_SL1500_.jpg","contentUrl":"https:\/\/purehivehoney.com\/de\/wp-content\/uploads\/2026\/04\/61IZVr7ikYL._AC_SL1500_.jpg","width":1170,"height":1500},{"@type":"BreadcrumbList","@id":"https:\/\/purehivehoney.com\/de\/product\/ounona-wooden-honey-spoon-smooth-cotter-free-honey-dipper-sticks-with-elegant-surface-party-favour-for-honey-pot-precise-honey-drizzle-for-wedding-dessert-breakfast\/#breadcrumb","itemListElement":[{"@type":"ListItem","position":1,"name":"Home","item":"https:\/\/purehivehoney.com\/de\/"},{"@type":"ListItem","position":2,"name":"Shop","item":"https:\/\/purehivehoney.com\/de\/shop\/"},{"@type":"ListItem","position":3,"name":"OUNONA Wooden Honey Spoon, Smooth, ..."}]},{"@type":"WebSite","@id":"https:\/\/purehivehoney.com\/de\/#website","url":"https:\/\/purehivehoney.com\/de\/","name":"PureHiveHoney","description":"Reiner Honig &amp; Bienenprodukte Online | Rohhonig, Bio Honig &amp; Spezialhonig","publisher":{"@id":"https:\/\/purehivehoney.com\/de\/#organization"},"potentialAction":[{"@type":"SearchAction","target":{"@type":"EntryPoint","urlTemplate":"https:\/\/purehivehoney.com\/de\/?s={search_term_string}"},"query-input":{"@type":"PropertyValueSpecification","valueRequired":true,"valueName":"search_term_string"}}],"inLanguage":"de"},{"@type":"Organization","@id":"https:\/\/purehivehoney.com\/de\/#organization","name":"PureHiveHoney","url":"https:\/\/purehivehoney.com\/de\/","logo":{"@type":"ImageObject","inLanguage":"de","@id":"https:\/\/purehivehoney.com\/de\/#\/schema\/logo\/image\/","url":"https:\/\/purehivehoney.com\/de\/wp-content\/uploads\/2026\/03\/Screenshot-2026-03-16-at-1.06.01-AM.png","contentUrl":"https:\/\/purehivehoney.com\/de\/wp-content\/uploads\/2026\/03\/Screenshot-2026-03-16-at-1.06.01-AM.png","width":2112,"height":1086,"caption":"PureHiveHoney"},"image":{"@id":"https:\/\/purehivehoney.com\/de\/#\/schema\/logo\/image\/"}}]}},"_links":{"self":[{"href":"https:\/\/purehivehoney.com\/de\/wp-json\/wp\/v2\/product\/2536","targetHints":{"allow":["GET"]}}],"collection":[{"href":"https:\/\/purehivehoney.com\/de\/wp-json\/wp\/v2\/product"}],"about":[{"href":"https:\/\/purehivehoney.com\/de\/wp-json\/wp\/v2\/types\/product"}],"replies":[{"embeddable":true,"href":"https:\/\/purehivehoney.com\/de\/wp-json\/wp\/v2\/comments?post=2536"}],"wp:featuredmedia":[{"embeddable":true,"href":"https:\/\/purehivehoney.com\/de\/wp-json\/wp\/v2\/media\/2537"}],"wp:attachment":[{"href":"https:\/\/purehivehoney.com\/de\/wp-json\/wp\/v2\/media?parent=2536"}],"wp:term":[{"taxonomy":"store","embeddable":true,"href":"https:\/\/purehivehoney.com\/de\/wp-json\/wp\/v2\/store?post=2536"},{"taxonomy":"product_brand","embeddable":true,"href":"https:\/\/purehivehoney.com\/de\/wp-json\/wp\/v2\/product_brand?post=2536"},{"taxonomy":"product_cat","embeddable":true,"href":"https:\/\/purehivehoney.com\/de\/wp-json\/wp\/v2\/product_cat?post=2536"},{"taxonomy":"product_tag","embeddable":true,"href":"https:\/\/purehivehoney.com\/de\/wp-json\/wp\/v2\/product_tag?post=2536"}],"curies":[{"name":"wp","href":"https:\/\/api.w.org\/{rel}","templated":true}]}}