{"id":2519,"date":"2026-04-04T04:22:38","date_gmt":"2026-04-04T04:22:38","guid":{"rendered":"https:\/\/purehivehoney.com\/de\/product\/burts-bees-lip-care-in-multipack-beeswax-lip-balm-and-tinted-hibiscus-lip-balm-cheap-pack-of-2-2-x-4-25-g\/"},"modified":"2026-04-04T04:22:54","modified_gmt":"2026-04-04T04:22:54","slug":"burts-bees-lip-care-in-multipack-beeswax-lip-balm-and-tinted-hibiscus-lip-balm-cheap-pack-of-2-2-x-4-25-g","status":"publish","type":"product","link":"https:\/\/purehivehoney.com\/de\/product\/burts-bees-lip-care-in-multipack-beeswax-lip-balm-and-tinted-hibiscus-lip-balm-cheap-pack-of-2-2-x-4-25-g\/","title":{"rendered":"Burt&#8217;s Bees Lip Care in Multi..."},"content":{"rendered":"<p>    <span>The ultimate Burt&#8217;s Bees lip balm gift set for nourished lips with a popular colourless beeswax lip balm and a tinted hibiscus lip balm whose warm neutral tone highlights the natural colour of the lips. Each lip balm contains highly effective ingredients with 100% natural origin such as responsibly sourced beeswax, shea butter and antioxidant vitamin E to nourish the lips and make them soft and smooth.<\/span>    <br \/> Product Dimensions                                            \u200f                                            :                                            \u200e                                            1.9 x 7 x 9.5 cm; 8.5 g   <br \/> Manufacturer                                            \u200f                                            :                                            \u200e                                            Burt&#8217;s Bees   <br \/> ASIN                                            \u200f                                            :                                            \u200e                                            B0BSV5WWV1   <br \/> Item model number                                            \u200f                                            :                                            \u200e                                            GIFT174-01   <br \/> Country of origin                                            \u200f                                            :                                            \u200e                                            USA   <br \/>  Customer reviews:                                                                                            4.6               4.6 out of 5 stars                                  (5,723)                                              var dpAcrHasRegisteredArcLinkClickAction;                    P.when(&#8218;A&#8216;, &#8218;ready&#8216;).execute(function(A) {                        if (dpAcrHasRegisteredArcLinkClickAction !== true) {                            dpAcrHasRegisteredArcLinkClickAction = true;                            A.declarative(                                &#8218;acrLink-click-metrics&#8216;, &#8218;click&#8216;,                                { &#8222;allowLinkDefault&#8220;: true },                                function (event) {                                    if (window.ue) {                                        ue.count(&#8222;acrLinkClickCount&#8220;, (ue.count(&#8222;acrLinkClickCount&#8220;) || 0) + 1);                                    }                                }                            );                        }                    });                                             P.when(&#8218;A&#8216;, &#8218;cf&#8216;).execute(function(A) {                A.declarative(&#8218;acrStarsLink-click-metrics&#8216;, &#8218;click&#8216;, { &#8222;allowLinkDefault&#8220; : true },  function(event){                    if(window.ue) {                        ue.count(&#8222;acrStarsLinkWithPopoverClickCount&#8220;, (ue.count(&#8222;acrStarsLinkWithPopoverClickCount&#8220;) || 0) + 1);                    }                });            });                          <br \/>Lip balm multi-pack: the affordable lip care in a double pack with Burt&#8217;s Bees beeswax lip balm and tinted hibiscus lip balm moisturises dry lips and saves money<br \/>MOISTURE ALL DAY: These lip balms intensely moisturize and nourish dry lips all day long and protect them from drying out<br \/>Nourishing, highly effective ingredients: 100% natural origin, enriched with responsibly sourced, nourishing beeswax, nourishing coconut oil, shea butter and antioxidant vitamin E<br \/>Lip care and colour: the colorless beeswax lip balm is infused with peppermint oil for a refreshing tingle; the tinted hibiscus lip balm has a warm neutral tone that highlights the natural look and nourishes and moisturizes lips<br \/>Lip repair: with a matte finish and a moisturising balm texture, these lip balms ensure that the lips feel soft, smooth, healthy and supple<\/p>\n\n","protected":false},"excerpt":{"rendered":"<p>The ultimate Burt&#8217;s Bees lip balm gift set for nourished lips with a popular colourless beeswax lip balm and a tinted hibiscus lip balm whose warm neutral tone highlights the natural colour of the lips. Each lip balm contains highly effective ingredients with 100% natural origin such as responsibly sourced beeswax, shea butter and antioxidant [&hellip;]<\/p>\n","protected":false},"featured_media":2520,"comment_status":"open","ping_status":"closed","template":"","meta":{"_aipt_faq_data":""},"store":[],"product_brand":[272],"product_cat":[71],"product_tag":[342],"class_list":{"0":"post-2519","1":"product","2":"type-product","3":"status-publish","4":"has-post-thumbnail","6":"product_brand-burts-bees","7":"product_cat-honig-sortiment-sets","8":"product_tag-honig-sortiment-sets-geschenk","10":"first","11":"instock","12":"sale","13":"shipping-taxable","14":"product-type-external"},"yoast_head":"<!-- This site is optimized with the Yoast SEO plugin v27.4 - https:\/\/yoast.com\/product\/yoast-seo-wordpress\/ -->\n<title>Burt&#039;s Bees Lip Care in Multipack, Beeswax Lip Balm and Tinted Hibiscus Lip Balm, Cheap Pack of 2, 2 x 4.25 g - PureHiveHoney<\/title>\n<meta name=\"description\" content=\"Entdecken Sie hochwertigen Rohhonig, Bio Honig, Manuka Honig und nat\u00fcrliche Bienenprodukte. PureHiveHoney hilft Ihnen dabei, sorgf\u00e4ltig ausgew\u00e4hlte Honigsorten mit nat\u00fcrlicher Qualit\u00e4t und Reinheit zu entdecken.\" \/>\n<meta name=\"robots\" content=\"index, follow, max-snippet:-1, max-image-preview:large, max-video-preview:-1\" \/>\n<link rel=\"canonical\" href=\"https:\/\/purehivehoney.com\/de\/product\/burts-bees-lip-care-in-multipack-beeswax-lip-balm-and-tinted-hibiscus-lip-balm-cheap-pack-of-2-2-x-4-25-g\/\" \/>\n<meta property=\"og:locale\" content=\"de_DE\" \/>\n<meta property=\"og:type\" content=\"article\" \/>\n<meta property=\"og:title\" content=\"Burt&#039;s Bees Lip Care in Multipack, Beeswax Lip Balm and Tinted Hibiscus Lip Balm, Cheap Pack of 2, 2 x 4.25 g - PureHiveHoney\" \/>\n<meta property=\"og:description\" content=\"Entdecken Sie hochwertigen Rohhonig, Bio Honig, Manuka Honig und nat\u00fcrliche Bienenprodukte. PureHiveHoney hilft Ihnen dabei, sorgf\u00e4ltig ausgew\u00e4hlte Honigsorten mit nat\u00fcrlicher Qualit\u00e4t und Reinheit zu entdecken.\" \/>\n<meta property=\"og:url\" content=\"https:\/\/purehivehoney.com\/de\/product\/burts-bees-lip-care-in-multipack-beeswax-lip-balm-and-tinted-hibiscus-lip-balm-cheap-pack-of-2-2-x-4-25-g\/\" \/>\n<meta property=\"og:site_name\" content=\"PureHiveHoney\" \/>\n<meta property=\"article:modified_time\" content=\"2026-04-04T04:22:54+00:00\" \/>\n<meta name=\"twitter:card\" content=\"summary_large_image\" \/>\n<meta name=\"twitter:label1\" content=\"Gesch\u00e4tzte Lesezeit\" \/>\n\t<meta name=\"twitter:data1\" content=\"1\u00a0Minute\" \/>\n<script type=\"application\/ld+json\" class=\"yoast-schema-graph\">{\"@context\":\"https:\\\/\\\/schema.org\",\"@graph\":[{\"@type\":\"WebPage\",\"@id\":\"https:\\\/\\\/purehivehoney.com\\\/de\\\/product\\\/burts-bees-lip-care-in-multipack-beeswax-lip-balm-and-tinted-hibiscus-lip-balm-cheap-pack-of-2-2-x-4-25-g\\\/\",\"url\":\"https:\\\/\\\/purehivehoney.com\\\/de\\\/product\\\/burts-bees-lip-care-in-multipack-beeswax-lip-balm-and-tinted-hibiscus-lip-balm-cheap-pack-of-2-2-x-4-25-g\\\/\",\"name\":\"Burt's Bees Lip Care in Multipack, Beeswax Lip Balm and Tinted Hibiscus Lip Balm, Cheap Pack of 2, 2 x 4.25 g - PureHiveHoney\",\"isPartOf\":{\"@id\":\"https:\\\/\\\/purehivehoney.com\\\/de\\\/#website\"},\"primaryImageOfPage\":{\"@id\":\"https:\\\/\\\/purehivehoney.com\\\/de\\\/product\\\/burts-bees-lip-care-in-multipack-beeswax-lip-balm-and-tinted-hibiscus-lip-balm-cheap-pack-of-2-2-x-4-25-g\\\/#primaryimage\"},\"image\":{\"@id\":\"https:\\\/\\\/purehivehoney.com\\\/de\\\/product\\\/burts-bees-lip-care-in-multipack-beeswax-lip-balm-and-tinted-hibiscus-lip-balm-cheap-pack-of-2-2-x-4-25-g\\\/#primaryimage\"},\"thumbnailUrl\":\"https:\\\/\\\/purehivehoney.com\\\/de\\\/wp-content\\\/uploads\\\/2026\\\/04\\\/81vefly5cUL._SL1500_.jpg\",\"datePublished\":\"2026-04-04T04:22:38+00:00\",\"dateModified\":\"2026-04-04T04:22:54+00:00\",\"description\":\"Entdecken Sie hochwertigen Rohhonig, Bio Honig, Manuka Honig und nat\u00fcrliche Bienenprodukte. PureHiveHoney hilft Ihnen dabei, sorgf\u00e4ltig ausgew\u00e4hlte Honigsorten mit nat\u00fcrlicher Qualit\u00e4t und Reinheit zu entdecken.\",\"breadcrumb\":{\"@id\":\"https:\\\/\\\/purehivehoney.com\\\/de\\\/product\\\/burts-bees-lip-care-in-multipack-beeswax-lip-balm-and-tinted-hibiscus-lip-balm-cheap-pack-of-2-2-x-4-25-g\\\/#breadcrumb\"},\"inLanguage\":\"de\",\"potentialAction\":[{\"@type\":\"ReadAction\",\"target\":[\"https:\\\/\\\/purehivehoney.com\\\/de\\\/product\\\/burts-bees-lip-care-in-multipack-beeswax-lip-balm-and-tinted-hibiscus-lip-balm-cheap-pack-of-2-2-x-4-25-g\\\/\"]}]},{\"@type\":\"ImageObject\",\"inLanguage\":\"de\",\"@id\":\"https:\\\/\\\/purehivehoney.com\\\/de\\\/product\\\/burts-bees-lip-care-in-multipack-beeswax-lip-balm-and-tinted-hibiscus-lip-balm-cheap-pack-of-2-2-x-4-25-g\\\/#primaryimage\",\"url\":\"https:\\\/\\\/purehivehoney.com\\\/de\\\/wp-content\\\/uploads\\\/2026\\\/04\\\/81vefly5cUL._SL1500_.jpg\",\"contentUrl\":\"https:\\\/\\\/purehivehoney.com\\\/de\\\/wp-content\\\/uploads\\\/2026\\\/04\\\/81vefly5cUL._SL1500_.jpg\",\"width\":1500,\"height\":1500},{\"@type\":\"BreadcrumbList\",\"@id\":\"https:\\\/\\\/purehivehoney.com\\\/de\\\/product\\\/burts-bees-lip-care-in-multipack-beeswax-lip-balm-and-tinted-hibiscus-lip-balm-cheap-pack-of-2-2-x-4-25-g\\\/#breadcrumb\",\"itemListElement\":[{\"@type\":\"ListItem\",\"position\":1,\"name\":\"Home\",\"item\":\"https:\\\/\\\/purehivehoney.com\\\/de\\\/\"},{\"@type\":\"ListItem\",\"position\":2,\"name\":\"Shop\",\"item\":\"https:\\\/\\\/purehivehoney.com\\\/de\\\/shop\\\/\"},{\"@type\":\"ListItem\",\"position\":3,\"name\":\"Burt&#8217;s Bees Lip Care in Multi...\"}]},{\"@type\":\"WebSite\",\"@id\":\"https:\\\/\\\/purehivehoney.com\\\/de\\\/#website\",\"url\":\"https:\\\/\\\/purehivehoney.com\\\/de\\\/\",\"name\":\"PureHiveHoney\",\"description\":\"Reiner Honig &amp; Bienenprodukte Online | Rohhonig, Bio Honig &amp; Spezialhonig\",\"publisher\":{\"@id\":\"https:\\\/\\\/purehivehoney.com\\\/de\\\/#organization\"},\"potentialAction\":[{\"@type\":\"SearchAction\",\"target\":{\"@type\":\"EntryPoint\",\"urlTemplate\":\"https:\\\/\\\/purehivehoney.com\\\/de\\\/?s={search_term_string}\"},\"query-input\":{\"@type\":\"PropertyValueSpecification\",\"valueRequired\":true,\"valueName\":\"search_term_string\"}}],\"inLanguage\":\"de\"},{\"@type\":\"Organization\",\"@id\":\"https:\\\/\\\/purehivehoney.com\\\/de\\\/#organization\",\"name\":\"PureHiveHoney\",\"url\":\"https:\\\/\\\/purehivehoney.com\\\/de\\\/\",\"logo\":{\"@type\":\"ImageObject\",\"inLanguage\":\"de\",\"@id\":\"https:\\\/\\\/purehivehoney.com\\\/de\\\/#\\\/schema\\\/logo\\\/image\\\/\",\"url\":\"https:\\\/\\\/purehivehoney.com\\\/de\\\/wp-content\\\/uploads\\\/2026\\\/03\\\/Screenshot-2026-03-16-at-1.06.01-AM.png\",\"contentUrl\":\"https:\\\/\\\/purehivehoney.com\\\/de\\\/wp-content\\\/uploads\\\/2026\\\/03\\\/Screenshot-2026-03-16-at-1.06.01-AM.png\",\"width\":2112,\"height\":1086,\"caption\":\"PureHiveHoney\"},\"image\":{\"@id\":\"https:\\\/\\\/purehivehoney.com\\\/de\\\/#\\\/schema\\\/logo\\\/image\\\/\"}}]}<\/script>\n<!-- \/ Yoast SEO plugin. -->","yoast_head_json":{"title":"Burt's Bees Lip Care in Multipack, Beeswax Lip Balm and Tinted Hibiscus Lip Balm, Cheap Pack of 2, 2 x 4.25 g - PureHiveHoney","description":"Entdecken Sie hochwertigen Rohhonig, Bio Honig, Manuka Honig und nat\u00fcrliche Bienenprodukte. PureHiveHoney hilft Ihnen dabei, sorgf\u00e4ltig ausgew\u00e4hlte Honigsorten mit nat\u00fcrlicher Qualit\u00e4t und Reinheit zu entdecken.","robots":{"index":"index","follow":"follow","max-snippet":"max-snippet:-1","max-image-preview":"max-image-preview:large","max-video-preview":"max-video-preview:-1"},"canonical":"https:\/\/purehivehoney.com\/de\/product\/burts-bees-lip-care-in-multipack-beeswax-lip-balm-and-tinted-hibiscus-lip-balm-cheap-pack-of-2-2-x-4-25-g\/","og_locale":"de_DE","og_type":"article","og_title":"Burt's Bees Lip Care in Multipack, Beeswax Lip Balm and Tinted Hibiscus Lip Balm, Cheap Pack of 2, 2 x 4.25 g - PureHiveHoney","og_description":"Entdecken Sie hochwertigen Rohhonig, Bio Honig, Manuka Honig und nat\u00fcrliche Bienenprodukte. PureHiveHoney hilft Ihnen dabei, sorgf\u00e4ltig ausgew\u00e4hlte Honigsorten mit nat\u00fcrlicher Qualit\u00e4t und Reinheit zu entdecken.","og_url":"https:\/\/purehivehoney.com\/de\/product\/burts-bees-lip-care-in-multipack-beeswax-lip-balm-and-tinted-hibiscus-lip-balm-cheap-pack-of-2-2-x-4-25-g\/","og_site_name":"PureHiveHoney","article_modified_time":"2026-04-04T04:22:54+00:00","twitter_card":"summary_large_image","twitter_misc":{"Gesch\u00e4tzte Lesezeit":"1\u00a0Minute"},"schema":{"@context":"https:\/\/schema.org","@graph":[{"@type":"WebPage","@id":"https:\/\/purehivehoney.com\/de\/product\/burts-bees-lip-care-in-multipack-beeswax-lip-balm-and-tinted-hibiscus-lip-balm-cheap-pack-of-2-2-x-4-25-g\/","url":"https:\/\/purehivehoney.com\/de\/product\/burts-bees-lip-care-in-multipack-beeswax-lip-balm-and-tinted-hibiscus-lip-balm-cheap-pack-of-2-2-x-4-25-g\/","name":"Burt's Bees Lip Care in Multipack, Beeswax Lip Balm and Tinted Hibiscus Lip Balm, Cheap Pack of 2, 2 x 4.25 g - PureHiveHoney","isPartOf":{"@id":"https:\/\/purehivehoney.com\/de\/#website"},"primaryImageOfPage":{"@id":"https:\/\/purehivehoney.com\/de\/product\/burts-bees-lip-care-in-multipack-beeswax-lip-balm-and-tinted-hibiscus-lip-balm-cheap-pack-of-2-2-x-4-25-g\/#primaryimage"},"image":{"@id":"https:\/\/purehivehoney.com\/de\/product\/burts-bees-lip-care-in-multipack-beeswax-lip-balm-and-tinted-hibiscus-lip-balm-cheap-pack-of-2-2-x-4-25-g\/#primaryimage"},"thumbnailUrl":"https:\/\/purehivehoney.com\/de\/wp-content\/uploads\/2026\/04\/81vefly5cUL._SL1500_.jpg","datePublished":"2026-04-04T04:22:38+00:00","dateModified":"2026-04-04T04:22:54+00:00","description":"Entdecken Sie hochwertigen Rohhonig, Bio Honig, Manuka Honig und nat\u00fcrliche Bienenprodukte. PureHiveHoney hilft Ihnen dabei, sorgf\u00e4ltig ausgew\u00e4hlte Honigsorten mit nat\u00fcrlicher Qualit\u00e4t und Reinheit zu entdecken.","breadcrumb":{"@id":"https:\/\/purehivehoney.com\/de\/product\/burts-bees-lip-care-in-multipack-beeswax-lip-balm-and-tinted-hibiscus-lip-balm-cheap-pack-of-2-2-x-4-25-g\/#breadcrumb"},"inLanguage":"de","potentialAction":[{"@type":"ReadAction","target":["https:\/\/purehivehoney.com\/de\/product\/burts-bees-lip-care-in-multipack-beeswax-lip-balm-and-tinted-hibiscus-lip-balm-cheap-pack-of-2-2-x-4-25-g\/"]}]},{"@type":"ImageObject","inLanguage":"de","@id":"https:\/\/purehivehoney.com\/de\/product\/burts-bees-lip-care-in-multipack-beeswax-lip-balm-and-tinted-hibiscus-lip-balm-cheap-pack-of-2-2-x-4-25-g\/#primaryimage","url":"https:\/\/purehivehoney.com\/de\/wp-content\/uploads\/2026\/04\/81vefly5cUL._SL1500_.jpg","contentUrl":"https:\/\/purehivehoney.com\/de\/wp-content\/uploads\/2026\/04\/81vefly5cUL._SL1500_.jpg","width":1500,"height":1500},{"@type":"BreadcrumbList","@id":"https:\/\/purehivehoney.com\/de\/product\/burts-bees-lip-care-in-multipack-beeswax-lip-balm-and-tinted-hibiscus-lip-balm-cheap-pack-of-2-2-x-4-25-g\/#breadcrumb","itemListElement":[{"@type":"ListItem","position":1,"name":"Home","item":"https:\/\/purehivehoney.com\/de\/"},{"@type":"ListItem","position":2,"name":"Shop","item":"https:\/\/purehivehoney.com\/de\/shop\/"},{"@type":"ListItem","position":3,"name":"Burt&#8217;s Bees Lip Care in Multi..."}]},{"@type":"WebSite","@id":"https:\/\/purehivehoney.com\/de\/#website","url":"https:\/\/purehivehoney.com\/de\/","name":"PureHiveHoney","description":"Reiner Honig &amp; Bienenprodukte Online | Rohhonig, Bio Honig &amp; Spezialhonig","publisher":{"@id":"https:\/\/purehivehoney.com\/de\/#organization"},"potentialAction":[{"@type":"SearchAction","target":{"@type":"EntryPoint","urlTemplate":"https:\/\/purehivehoney.com\/de\/?s={search_term_string}"},"query-input":{"@type":"PropertyValueSpecification","valueRequired":true,"valueName":"search_term_string"}}],"inLanguage":"de"},{"@type":"Organization","@id":"https:\/\/purehivehoney.com\/de\/#organization","name":"PureHiveHoney","url":"https:\/\/purehivehoney.com\/de\/","logo":{"@type":"ImageObject","inLanguage":"de","@id":"https:\/\/purehivehoney.com\/de\/#\/schema\/logo\/image\/","url":"https:\/\/purehivehoney.com\/de\/wp-content\/uploads\/2026\/03\/Screenshot-2026-03-16-at-1.06.01-AM.png","contentUrl":"https:\/\/purehivehoney.com\/de\/wp-content\/uploads\/2026\/03\/Screenshot-2026-03-16-at-1.06.01-AM.png","width":2112,"height":1086,"caption":"PureHiveHoney"},"image":{"@id":"https:\/\/purehivehoney.com\/de\/#\/schema\/logo\/image\/"}}]}},"_links":{"self":[{"href":"https:\/\/purehivehoney.com\/de\/wp-json\/wp\/v2\/product\/2519","targetHints":{"allow":["GET"]}}],"collection":[{"href":"https:\/\/purehivehoney.com\/de\/wp-json\/wp\/v2\/product"}],"about":[{"href":"https:\/\/purehivehoney.com\/de\/wp-json\/wp\/v2\/types\/product"}],"replies":[{"embeddable":true,"href":"https:\/\/purehivehoney.com\/de\/wp-json\/wp\/v2\/comments?post=2519"}],"wp:featuredmedia":[{"embeddable":true,"href":"https:\/\/purehivehoney.com\/de\/wp-json\/wp\/v2\/media\/2520"}],"wp:attachment":[{"href":"https:\/\/purehivehoney.com\/de\/wp-json\/wp\/v2\/media?parent=2519"}],"wp:term":[{"taxonomy":"store","embeddable":true,"href":"https:\/\/purehivehoney.com\/de\/wp-json\/wp\/v2\/store?post=2519"},{"taxonomy":"product_brand","embeddable":true,"href":"https:\/\/purehivehoney.com\/de\/wp-json\/wp\/v2\/product_brand?post=2519"},{"taxonomy":"product_cat","embeddable":true,"href":"https:\/\/purehivehoney.com\/de\/wp-json\/wp\/v2\/product_cat?post=2519"},{"taxonomy":"product_tag","embeddable":true,"href":"https:\/\/purehivehoney.com\/de\/wp-json\/wp\/v2\/product_tag?post=2519"}],"curies":[{"name":"wp","href":"https:\/\/api.w.org\/{rel}","templated":true}]}}