{"id":2509,"date":"2026-04-04T03:58:40","date_gmt":"2026-04-04T03:58:40","guid":{"rendered":"https:\/\/purehivehoney.com\/de\/product\/keramik-honigtopf-mit-deckel-und-holzloeffel-140-ml-honigbehaelter-fuer-kueche-sirup-marmelade-haushalts-aufbewahrung-wiederverwendbar\/"},"modified":"2026-04-04T03:58:59","modified_gmt":"2026-04-04T03:58:59","slug":"keramik-honigtopf-mit-deckel-und-holzloeffel-140-ml-honigbehaelter-fuer-kueche-sirup-marmelade-haushalts-aufbewahrung-wiederverwendbar","status":"publish","type":"product","link":"https:\/\/purehivehoney.com\/de\/product\/keramik-honigtopf-mit-deckel-und-holzloeffel-140-ml-honigbehaelter-fuer-kueche-sirup-marmelade-haushalts-aufbewahrung-wiederverwendbar\/","title":{"rendered":"Keramik Honigtopf mit Deckel und Ho..."},"content":{"rendered":"<p>    <span class=\"a-text-bold\">Lieferumfang<\/span><span><br \/> 1 Honigglas, 1 Honigl\u00f6ffel<br \/><\/span><span class=\"a-text-bold\">Eigenschaften<\/span><span><br \/> -Farbe: Orange<br \/> &#8211; L\u00f6ffell\u00e4nge: 10 cm \/ 3,93 Zoll Honigglas<br \/> -Gr\u00f6\u00dfe: 8,00 x 8,00 x 8,00 cm \/ 3,14 x 3,14 x 3,14 Zoll<br \/> Produktinformation: Honigvorratsglas<br \/> -Material: Keramik, Holz<br \/> &#8211; Fassungsverm\u00f6gen: 140 ml Honigtopf-Dekoration<br \/> Mit Deckel bleibt der Honig sauber und aromatisch, au\u00dferdem verhindert er versehentliches Versch\u00fctten oder Auslaufen (Honigbeh\u00e4lter mit L\u00f6ffel).<br \/> &#8211; Der Deckel ist mit einem L\u00f6ffel ausgestattet, mit dessen Hilfe man den Honig sauberer und bequemer aus der Honigflasche entnehmen kann.<br \/> &#8211; Weit verbreitet, ideal zum Aufbewahren von Honig, Sirup oder Marmelade, erf\u00fcllt problemlos Ihre unterschiedlichen Bed\u00fcrfnisse als Sirupspender und Honigtopf.<br \/> &#8211; Mit einem Holzl\u00f6ffel zum einfachen Mischen und Verteilen des Honigs. Sehr praktische und handliche Honiggl\u00e4ser zur Aufbewahrung.<br \/> &#8211; und einzigartige Form, praktisch und klein, wodurch sie sich perfekt als Honigbeh\u00e4lter zur Dekoration der K\u00fcche oder des Esstisches eignen.<br \/><\/span><span class=\"a-text-bold\">Warenbeschreibung<\/span><span><br \/> Honiggl\u00e4ser als Gastgeschenk. Sie k\u00f6nnen au\u00dferdem mit Kordeln oder B\u00e4ndern verziert werden und eignen sich f\u00fcr Hochzeiten, Junggesellinnenabschiede und andere Anl\u00e4sse. Der Honigspender sorgt f\u00fcr ein angenehmes Nutzungserlebnis. Dieses Glas ist der perfekte Beh\u00e4lter f\u00fcr Honig, Zucker, Marmeladen und andere Lebensmittel.<\/span>    <br \/>Honigtopf-dekoration: der deckel ist mit einem sch\u00f6pfl\u00f6ffel ausgestattet, mit dessen hilfe der honig sauberer und bequemer entnommen werden kann; honigbeh\u00e4lter mit sch\u00f6pfl\u00f6ffel<br \/>Honigl\u00f6ffel: wird mit einem holzl\u00f6ffel geliefert, der das mischen und verteilen von honig erleichtert \u2013 sehr n\u00fctzlich und praktisch; honig-gastgeschenkgl\u00e4ser<br \/>Honigr\u00fchrstab: einzigartige form, praktisch und klein, perfekt als dekoration f\u00fcr k\u00fcche oder esstisch, gl\u00e4ser f\u00fcr honig<br \/>Sirupspender-honigtopf: dieser honigtopf aus keramik hat eine einfache form, ist aber sehr praktisch in der anwendung und bietet mehr komfort; geeignet f\u00fcr gro\u00dfe honiggl\u00e4ser<br \/>Honigbeh\u00e4lter-spender: dieses keramik-honigglas kann auch als dekoration auf ihrer k\u00fcchentheke oder ihrem esstisch verwendet werden; honigtopf und honigl\u00f6ffel<\/p>\n\n","protected":false},"excerpt":{"rendered":"<p>Lieferumfang 1 Honigglas, 1 Honigl\u00f6ffelEigenschaften -Farbe: Orange &#8211; L\u00f6ffell\u00e4nge: 10 cm \/ 3,93 Zoll Honigglas -Gr\u00f6\u00dfe: 8,00 x 8,00 x 8,00 cm \/ 3,14 x 3,14 x 3,14 Zoll Produktinformation: Honigvorratsglas -Material: Keramik, Holz &#8211; Fassungsverm\u00f6gen: 140 ml Honigtopf-Dekoration Mit Deckel bleibt der Honig sauber und aromatisch, au\u00dferdem verhindert er versehentliches Versch\u00fctten oder Auslaufen (Honigbeh\u00e4lter [&hellip;]<\/p>\n","protected":false},"featured_media":2510,"comment_status":"open","ping_status":"closed","template":"","meta":{"_aipt_faq_data":""},"store":[],"product_brand":[256],"product_cat":[40],"product_tag":[159],"class_list":{"0":"post-2509","1":"product","2":"type-product","3":"status-publish","4":"has-post-thumbnail","6":"product_brand-healeep","7":"product_cat-bio-roher-honig","8":"product_tag-bio-roher-honig-im-glas","10":"first","11":"instock","12":"shipping-taxable","13":"product-type-external"},"yoast_head":"<!-- This site is optimized with the Yoast SEO plugin v27.4 - https:\/\/yoast.com\/product\/yoast-seo-wordpress\/ -->\n<title>Keramik Honigtopf mit Deckel und Holzl\u00f6ffel 140 Ml Honigbeh\u00e4lter f\u00fcr K\u00fcche Sirup Marmelade Haushalts Aufbewahrung Wiederverwendbar - PureHiveHoney<\/title>\n<meta name=\"description\" content=\"Entdecken Sie hochwertigen Rohhonig, Bio Honig, Manuka Honig und nat\u00fcrliche Bienenprodukte. PureHiveHoney hilft Ihnen dabei, sorgf\u00e4ltig ausgew\u00e4hlte Honigsorten mit nat\u00fcrlicher Qualit\u00e4t und Reinheit zu entdecken.\" \/>\n<meta name=\"robots\" content=\"index, follow, max-snippet:-1, max-image-preview:large, max-video-preview:-1\" \/>\n<link rel=\"canonical\" href=\"https:\/\/purehivehoney.com\/de\/product\/keramik-honigtopf-mit-deckel-und-holzloeffel-140-ml-honigbehaelter-fuer-kueche-sirup-marmelade-haushalts-aufbewahrung-wiederverwendbar\/\" \/>\n<meta property=\"og:locale\" content=\"de_DE\" \/>\n<meta property=\"og:type\" content=\"article\" \/>\n<meta property=\"og:title\" content=\"Keramik Honigtopf mit Deckel und Holzl\u00f6ffel 140 Ml Honigbeh\u00e4lter f\u00fcr K\u00fcche Sirup Marmelade Haushalts Aufbewahrung Wiederverwendbar - PureHiveHoney\" \/>\n<meta property=\"og:description\" content=\"Entdecken Sie hochwertigen Rohhonig, Bio Honig, Manuka Honig und nat\u00fcrliche Bienenprodukte. PureHiveHoney hilft Ihnen dabei, sorgf\u00e4ltig ausgew\u00e4hlte Honigsorten mit nat\u00fcrlicher Qualit\u00e4t und Reinheit zu entdecken.\" \/>\n<meta property=\"og:url\" content=\"https:\/\/purehivehoney.com\/de\/product\/keramik-honigtopf-mit-deckel-und-holzloeffel-140-ml-honigbehaelter-fuer-kueche-sirup-marmelade-haushalts-aufbewahrung-wiederverwendbar\/\" \/>\n<meta property=\"og:site_name\" content=\"PureHiveHoney\" \/>\n<meta property=\"article:modified_time\" content=\"2026-04-04T03:58:59+00:00\" \/>\n<meta name=\"twitter:card\" content=\"summary_large_image\" \/>\n<meta name=\"twitter:label1\" content=\"Gesch\u00e4tzte Lesezeit\" \/>\n\t<meta name=\"twitter:data1\" content=\"2\u00a0Minuten\" \/>\n<script type=\"application\/ld+json\" class=\"yoast-schema-graph\">{\"@context\":\"https:\\\/\\\/schema.org\",\"@graph\":[{\"@type\":\"WebPage\",\"@id\":\"https:\\\/\\\/purehivehoney.com\\\/de\\\/product\\\/keramik-honigtopf-mit-deckel-und-holzloeffel-140-ml-honigbehaelter-fuer-kueche-sirup-marmelade-haushalts-aufbewahrung-wiederverwendbar\\\/\",\"url\":\"https:\\\/\\\/purehivehoney.com\\\/de\\\/product\\\/keramik-honigtopf-mit-deckel-und-holzloeffel-140-ml-honigbehaelter-fuer-kueche-sirup-marmelade-haushalts-aufbewahrung-wiederverwendbar\\\/\",\"name\":\"Keramik Honigtopf mit Deckel und Holzl\u00f6ffel 140 Ml Honigbeh\u00e4lter f\u00fcr K\u00fcche Sirup Marmelade Haushalts Aufbewahrung Wiederverwendbar - PureHiveHoney\",\"isPartOf\":{\"@id\":\"https:\\\/\\\/purehivehoney.com\\\/de\\\/#website\"},\"primaryImageOfPage\":{\"@id\":\"https:\\\/\\\/purehivehoney.com\\\/de\\\/product\\\/keramik-honigtopf-mit-deckel-und-holzloeffel-140-ml-honigbehaelter-fuer-kueche-sirup-marmelade-haushalts-aufbewahrung-wiederverwendbar\\\/#primaryimage\"},\"image\":{\"@id\":\"https:\\\/\\\/purehivehoney.com\\\/de\\\/product\\\/keramik-honigtopf-mit-deckel-und-holzloeffel-140-ml-honigbehaelter-fuer-kueche-sirup-marmelade-haushalts-aufbewahrung-wiederverwendbar\\\/#primaryimage\"},\"thumbnailUrl\":\"https:\\\/\\\/purehivehoney.com\\\/de\\\/wp-content\\\/uploads\\\/2026\\\/04\\\/516lIO09pNL._AC_SL1200_.jpg\",\"datePublished\":\"2026-04-04T03:58:40+00:00\",\"dateModified\":\"2026-04-04T03:58:59+00:00\",\"description\":\"Entdecken Sie hochwertigen Rohhonig, Bio Honig, Manuka Honig und nat\u00fcrliche Bienenprodukte. PureHiveHoney hilft Ihnen dabei, sorgf\u00e4ltig ausgew\u00e4hlte Honigsorten mit nat\u00fcrlicher Qualit\u00e4t und Reinheit zu entdecken.\",\"breadcrumb\":{\"@id\":\"https:\\\/\\\/purehivehoney.com\\\/de\\\/product\\\/keramik-honigtopf-mit-deckel-und-holzloeffel-140-ml-honigbehaelter-fuer-kueche-sirup-marmelade-haushalts-aufbewahrung-wiederverwendbar\\\/#breadcrumb\"},\"inLanguage\":\"de\",\"potentialAction\":[{\"@type\":\"ReadAction\",\"target\":[\"https:\\\/\\\/purehivehoney.com\\\/de\\\/product\\\/keramik-honigtopf-mit-deckel-und-holzloeffel-140-ml-honigbehaelter-fuer-kueche-sirup-marmelade-haushalts-aufbewahrung-wiederverwendbar\\\/\"]}]},{\"@type\":\"ImageObject\",\"inLanguage\":\"de\",\"@id\":\"https:\\\/\\\/purehivehoney.com\\\/de\\\/product\\\/keramik-honigtopf-mit-deckel-und-holzloeffel-140-ml-honigbehaelter-fuer-kueche-sirup-marmelade-haushalts-aufbewahrung-wiederverwendbar\\\/#primaryimage\",\"url\":\"https:\\\/\\\/purehivehoney.com\\\/de\\\/wp-content\\\/uploads\\\/2026\\\/04\\\/516lIO09pNL._AC_SL1200_.jpg\",\"contentUrl\":\"https:\\\/\\\/purehivehoney.com\\\/de\\\/wp-content\\\/uploads\\\/2026\\\/04\\\/516lIO09pNL._AC_SL1200_.jpg\",\"width\":1014,\"height\":1124},{\"@type\":\"BreadcrumbList\",\"@id\":\"https:\\\/\\\/purehivehoney.com\\\/de\\\/product\\\/keramik-honigtopf-mit-deckel-und-holzloeffel-140-ml-honigbehaelter-fuer-kueche-sirup-marmelade-haushalts-aufbewahrung-wiederverwendbar\\\/#breadcrumb\",\"itemListElement\":[{\"@type\":\"ListItem\",\"position\":1,\"name\":\"Home\",\"item\":\"https:\\\/\\\/purehivehoney.com\\\/de\\\/\"},{\"@type\":\"ListItem\",\"position\":2,\"name\":\"Shop\",\"item\":\"https:\\\/\\\/purehivehoney.com\\\/de\\\/shop\\\/\"},{\"@type\":\"ListItem\",\"position\":3,\"name\":\"Keramik Honigtopf mit Deckel und Ho...\"}]},{\"@type\":\"WebSite\",\"@id\":\"https:\\\/\\\/purehivehoney.com\\\/de\\\/#website\",\"url\":\"https:\\\/\\\/purehivehoney.com\\\/de\\\/\",\"name\":\"PureHiveHoney\",\"description\":\"Reiner Honig &amp; Bienenprodukte Online | Rohhonig, Bio Honig &amp; Spezialhonig\",\"publisher\":{\"@id\":\"https:\\\/\\\/purehivehoney.com\\\/de\\\/#organization\"},\"potentialAction\":[{\"@type\":\"SearchAction\",\"target\":{\"@type\":\"EntryPoint\",\"urlTemplate\":\"https:\\\/\\\/purehivehoney.com\\\/de\\\/?s={search_term_string}\"},\"query-input\":{\"@type\":\"PropertyValueSpecification\",\"valueRequired\":true,\"valueName\":\"search_term_string\"}}],\"inLanguage\":\"de\"},{\"@type\":\"Organization\",\"@id\":\"https:\\\/\\\/purehivehoney.com\\\/de\\\/#organization\",\"name\":\"PureHiveHoney\",\"url\":\"https:\\\/\\\/purehivehoney.com\\\/de\\\/\",\"logo\":{\"@type\":\"ImageObject\",\"inLanguage\":\"de\",\"@id\":\"https:\\\/\\\/purehivehoney.com\\\/de\\\/#\\\/schema\\\/logo\\\/image\\\/\",\"url\":\"https:\\\/\\\/purehivehoney.com\\\/de\\\/wp-content\\\/uploads\\\/2026\\\/03\\\/Screenshot-2026-03-16-at-1.06.01-AM.png\",\"contentUrl\":\"https:\\\/\\\/purehivehoney.com\\\/de\\\/wp-content\\\/uploads\\\/2026\\\/03\\\/Screenshot-2026-03-16-at-1.06.01-AM.png\",\"width\":2112,\"height\":1086,\"caption\":\"PureHiveHoney\"},\"image\":{\"@id\":\"https:\\\/\\\/purehivehoney.com\\\/de\\\/#\\\/schema\\\/logo\\\/image\\\/\"}}]}<\/script>\n<!-- \/ Yoast SEO plugin. -->","yoast_head_json":{"title":"Keramik Honigtopf mit Deckel und Holzl\u00f6ffel 140 Ml Honigbeh\u00e4lter f\u00fcr K\u00fcche Sirup Marmelade Haushalts Aufbewahrung Wiederverwendbar - PureHiveHoney","description":"Entdecken Sie hochwertigen Rohhonig, Bio Honig, Manuka Honig und nat\u00fcrliche Bienenprodukte. PureHiveHoney hilft Ihnen dabei, sorgf\u00e4ltig ausgew\u00e4hlte Honigsorten mit nat\u00fcrlicher Qualit\u00e4t und Reinheit zu entdecken.","robots":{"index":"index","follow":"follow","max-snippet":"max-snippet:-1","max-image-preview":"max-image-preview:large","max-video-preview":"max-video-preview:-1"},"canonical":"https:\/\/purehivehoney.com\/de\/product\/keramik-honigtopf-mit-deckel-und-holzloeffel-140-ml-honigbehaelter-fuer-kueche-sirup-marmelade-haushalts-aufbewahrung-wiederverwendbar\/","og_locale":"de_DE","og_type":"article","og_title":"Keramik Honigtopf mit Deckel und Holzl\u00f6ffel 140 Ml Honigbeh\u00e4lter f\u00fcr K\u00fcche Sirup Marmelade Haushalts Aufbewahrung Wiederverwendbar - PureHiveHoney","og_description":"Entdecken Sie hochwertigen Rohhonig, Bio Honig, Manuka Honig und nat\u00fcrliche Bienenprodukte. PureHiveHoney hilft Ihnen dabei, sorgf\u00e4ltig ausgew\u00e4hlte Honigsorten mit nat\u00fcrlicher Qualit\u00e4t und Reinheit zu entdecken.","og_url":"https:\/\/purehivehoney.com\/de\/product\/keramik-honigtopf-mit-deckel-und-holzloeffel-140-ml-honigbehaelter-fuer-kueche-sirup-marmelade-haushalts-aufbewahrung-wiederverwendbar\/","og_site_name":"PureHiveHoney","article_modified_time":"2026-04-04T03:58:59+00:00","twitter_card":"summary_large_image","twitter_misc":{"Gesch\u00e4tzte Lesezeit":"2\u00a0Minuten"},"schema":{"@context":"https:\/\/schema.org","@graph":[{"@type":"WebPage","@id":"https:\/\/purehivehoney.com\/de\/product\/keramik-honigtopf-mit-deckel-und-holzloeffel-140-ml-honigbehaelter-fuer-kueche-sirup-marmelade-haushalts-aufbewahrung-wiederverwendbar\/","url":"https:\/\/purehivehoney.com\/de\/product\/keramik-honigtopf-mit-deckel-und-holzloeffel-140-ml-honigbehaelter-fuer-kueche-sirup-marmelade-haushalts-aufbewahrung-wiederverwendbar\/","name":"Keramik Honigtopf mit Deckel und Holzl\u00f6ffel 140 Ml Honigbeh\u00e4lter f\u00fcr K\u00fcche Sirup Marmelade Haushalts Aufbewahrung Wiederverwendbar - PureHiveHoney","isPartOf":{"@id":"https:\/\/purehivehoney.com\/de\/#website"},"primaryImageOfPage":{"@id":"https:\/\/purehivehoney.com\/de\/product\/keramik-honigtopf-mit-deckel-und-holzloeffel-140-ml-honigbehaelter-fuer-kueche-sirup-marmelade-haushalts-aufbewahrung-wiederverwendbar\/#primaryimage"},"image":{"@id":"https:\/\/purehivehoney.com\/de\/product\/keramik-honigtopf-mit-deckel-und-holzloeffel-140-ml-honigbehaelter-fuer-kueche-sirup-marmelade-haushalts-aufbewahrung-wiederverwendbar\/#primaryimage"},"thumbnailUrl":"https:\/\/purehivehoney.com\/de\/wp-content\/uploads\/2026\/04\/516lIO09pNL._AC_SL1200_.jpg","datePublished":"2026-04-04T03:58:40+00:00","dateModified":"2026-04-04T03:58:59+00:00","description":"Entdecken Sie hochwertigen Rohhonig, Bio Honig, Manuka Honig und nat\u00fcrliche Bienenprodukte. PureHiveHoney hilft Ihnen dabei, sorgf\u00e4ltig ausgew\u00e4hlte Honigsorten mit nat\u00fcrlicher Qualit\u00e4t und Reinheit zu entdecken.","breadcrumb":{"@id":"https:\/\/purehivehoney.com\/de\/product\/keramik-honigtopf-mit-deckel-und-holzloeffel-140-ml-honigbehaelter-fuer-kueche-sirup-marmelade-haushalts-aufbewahrung-wiederverwendbar\/#breadcrumb"},"inLanguage":"de","potentialAction":[{"@type":"ReadAction","target":["https:\/\/purehivehoney.com\/de\/product\/keramik-honigtopf-mit-deckel-und-holzloeffel-140-ml-honigbehaelter-fuer-kueche-sirup-marmelade-haushalts-aufbewahrung-wiederverwendbar\/"]}]},{"@type":"ImageObject","inLanguage":"de","@id":"https:\/\/purehivehoney.com\/de\/product\/keramik-honigtopf-mit-deckel-und-holzloeffel-140-ml-honigbehaelter-fuer-kueche-sirup-marmelade-haushalts-aufbewahrung-wiederverwendbar\/#primaryimage","url":"https:\/\/purehivehoney.com\/de\/wp-content\/uploads\/2026\/04\/516lIO09pNL._AC_SL1200_.jpg","contentUrl":"https:\/\/purehivehoney.com\/de\/wp-content\/uploads\/2026\/04\/516lIO09pNL._AC_SL1200_.jpg","width":1014,"height":1124},{"@type":"BreadcrumbList","@id":"https:\/\/purehivehoney.com\/de\/product\/keramik-honigtopf-mit-deckel-und-holzloeffel-140-ml-honigbehaelter-fuer-kueche-sirup-marmelade-haushalts-aufbewahrung-wiederverwendbar\/#breadcrumb","itemListElement":[{"@type":"ListItem","position":1,"name":"Home","item":"https:\/\/purehivehoney.com\/de\/"},{"@type":"ListItem","position":2,"name":"Shop","item":"https:\/\/purehivehoney.com\/de\/shop\/"},{"@type":"ListItem","position":3,"name":"Keramik Honigtopf mit Deckel und Ho..."}]},{"@type":"WebSite","@id":"https:\/\/purehivehoney.com\/de\/#website","url":"https:\/\/purehivehoney.com\/de\/","name":"PureHiveHoney","description":"Reiner Honig &amp; Bienenprodukte Online | Rohhonig, Bio Honig &amp; Spezialhonig","publisher":{"@id":"https:\/\/purehivehoney.com\/de\/#organization"},"potentialAction":[{"@type":"SearchAction","target":{"@type":"EntryPoint","urlTemplate":"https:\/\/purehivehoney.com\/de\/?s={search_term_string}"},"query-input":{"@type":"PropertyValueSpecification","valueRequired":true,"valueName":"search_term_string"}}],"inLanguage":"de"},{"@type":"Organization","@id":"https:\/\/purehivehoney.com\/de\/#organization","name":"PureHiveHoney","url":"https:\/\/purehivehoney.com\/de\/","logo":{"@type":"ImageObject","inLanguage":"de","@id":"https:\/\/purehivehoney.com\/de\/#\/schema\/logo\/image\/","url":"https:\/\/purehivehoney.com\/de\/wp-content\/uploads\/2026\/03\/Screenshot-2026-03-16-at-1.06.01-AM.png","contentUrl":"https:\/\/purehivehoney.com\/de\/wp-content\/uploads\/2026\/03\/Screenshot-2026-03-16-at-1.06.01-AM.png","width":2112,"height":1086,"caption":"PureHiveHoney"},"image":{"@id":"https:\/\/purehivehoney.com\/de\/#\/schema\/logo\/image\/"}}]}},"_links":{"self":[{"href":"https:\/\/purehivehoney.com\/de\/wp-json\/wp\/v2\/product\/2509","targetHints":{"allow":["GET"]}}],"collection":[{"href":"https:\/\/purehivehoney.com\/de\/wp-json\/wp\/v2\/product"}],"about":[{"href":"https:\/\/purehivehoney.com\/de\/wp-json\/wp\/v2\/types\/product"}],"replies":[{"embeddable":true,"href":"https:\/\/purehivehoney.com\/de\/wp-json\/wp\/v2\/comments?post=2509"}],"wp:featuredmedia":[{"embeddable":true,"href":"https:\/\/purehivehoney.com\/de\/wp-json\/wp\/v2\/media\/2510"}],"wp:attachment":[{"href":"https:\/\/purehivehoney.com\/de\/wp-json\/wp\/v2\/media?parent=2509"}],"wp:term":[{"taxonomy":"store","embeddable":true,"href":"https:\/\/purehivehoney.com\/de\/wp-json\/wp\/v2\/store?post=2509"},{"taxonomy":"product_brand","embeddable":true,"href":"https:\/\/purehivehoney.com\/de\/wp-json\/wp\/v2\/product_brand?post=2509"},{"taxonomy":"product_cat","embeddable":true,"href":"https:\/\/purehivehoney.com\/de\/wp-json\/wp\/v2\/product_cat?post=2509"},{"taxonomy":"product_tag","embeddable":true,"href":"https:\/\/purehivehoney.com\/de\/wp-json\/wp\/v2\/product_tag?post=2509"}],"curies":[{"name":"wp","href":"https:\/\/api.w.org\/{rel}","templated":true}]}}