{"id":2505,"date":"2026-04-04T02:54:48","date_gmt":"2026-04-04T02:54:48","guid":{"rendered":"https:\/\/purehivehoney.com\/de\/product\/ar-natuerliche-lila-amethyst-jade-perlen-armband-8-mm-65-zoll-heilungsprozess\/"},"modified":"2026-04-04T02:54:51","modified_gmt":"2026-04-04T02:54:51","slug":"ar-natuerliche-lila-amethyst-jade-perlen-armband-8-mm-65-zoll-heilungsprozess","status":"publish","type":"product","link":"https:\/\/purehivehoney.com\/de\/product\/ar-natuerliche-lila-amethyst-jade-perlen-armband-8-mm-65-zoll-heilungsprozess\/","title":{"rendered":"AR nat\u00fcrliche lila Amethyst Jade P..."},"content":{"rendered":"<p>    <span>Umfassen Sie die nat\u00fcrliche Sch\u00f6nheit und Heilungsenergie des damaligen Purpur Amethyst Jade Perlen Armband. Dieses atemberaubende Armband sorgf\u00e4ltig mit polierten 8 -mm -Edelsteinperlen mit lila Honig -Edelsteinperlen gefertigt und kombiniert Eleganz mit spirituellem Zweck. Amethyst ist bekannt f\u00fcr seine beruhigenden Eigenschaften und f\u00f6rdert die Klarheit, das emotionale Gleichgewicht und die positive Energie. Dieses Armband ideal als Geburtsstein oder -Accessoire ist perfekt f\u00fcr die Chakra -Ausrichtung und -praktiken. Mit 6,5 Zoll f\u00fcr eine komfortable Passform entworfen, passt es sowohl Frauen als auch M\u00e4nnern und machen es zu einem nachdenklichen Geschenk f\u00fcr Geburtstage, Jubil\u00e4en oder besonderen Anl\u00e4sse. Ob t\u00e4glich wegen seiner beruhigenden Stimmung oder um Ihre spirituelle Reise zu verbessern, dieses Armband verleiht jeder Schmuckkollektion einen Hauch raffinierter Sch\u00f6nheit und sinnvolle Absicht. Erleben Sie die Kraft nat\u00fcrlicher Edelsteine \u200b\u200bmit diesem zeitlosen, vielseitigen Accessoire.<\/span>    <br \/>Heilung und beruhigende Energie: Amethyst wird f\u00fcr seine beruhigenden Eigenschaften gefeiert, von denen angenommen wird, dass sie emotionales Gleichgewicht, geistige Klarheit und Stressabbau unterst\u00fctzen &#8211; perfekt f\u00fcr oder t\u00e4gliche Achtsamkeit.<br \/>nat\u00fcrliche Edelsteine: Mit polierten AAA-Grade-Amethyst-Jade-Perlen aus poliertem AAA-Grade, bekannt f\u00fcr ihre reichhaltige Farbe, ihr glattes Finish und ihre dauerhafte Qualit\u00e4t, die jede Schmuckkollektion erh\u00f6hen.<br \/>Perfektes Geschenk f\u00fcr sie oder ihn: Nachdenkliche und sinnvolle Geschenkidee f\u00fcr Geburtstage, Jubil\u00e4en, Feiertage oder besondere Anl\u00e4sse &#8211; dank seines vielseitigen Designs ist sowohl f\u00fcr Frauen als auch f\u00fcr M\u00e4nner geeignet.<br \/>Chakra &#038; -Ausrichtung: Ideal f\u00fcr Chakra-Arbeiten und mit dem -inspiriertes Styling, dieses Armband sorgt f\u00fcr spirituelle Bedeutung und bleibt ein wundersch\u00f6nes Alltags-Accessoire.<br \/>Bequeme Passform: Mit 6,5 Zoll mit 8 -mm -Perlen gestaltet, um eine sichere, aber bequeme Stretch -Passform zu bieten, die den ganzen leicht zu tragen ist.<\/p>\n\n","protected":false},"excerpt":{"rendered":"<p>Umfassen Sie die nat\u00fcrliche Sch\u00f6nheit und Heilungsenergie des damaligen Purpur Amethyst Jade Perlen Armband. Dieses atemberaubende Armband sorgf\u00e4ltig mit polierten 8 -mm -Edelsteinperlen mit lila Honig -Edelsteinperlen gefertigt und kombiniert Eleganz mit spirituellem Zweck. Amethyst ist bekannt f\u00fcr seine beruhigenden Eigenschaften und f\u00f6rdert die Klarheit, das emotionale Gleichgewicht und die positive Energie. Dieses Armband ideal [&hellip;]<\/p>\n","protected":false},"featured_media":2506,"comment_status":"open","ping_status":"closed","template":"","meta":{"_aipt_faq_data":""},"store":[],"product_brand":[251],"product_cat":[62],"product_tag":[141],"class_list":{"0":"post-2505","1":"product","2":"type-product","3":"status-publish","4":"has-post-thumbnail","6":"product_brand-generic","7":"product_cat-honig-fur-energie","8":"product_tag-natuerlicher-honig-fuer-energie","10":"first","11":"instock","12":"shipping-taxable","13":"product-type-external"},"yoast_head":"<!-- This site is optimized with the Yoast SEO plugin v27.4 - https:\/\/yoast.com\/product\/yoast-seo-wordpress\/ -->\n<title>AR nat\u00fcrliche lila Amethyst Jade Perlen Armband (8 mm, 6,5 Zoll) - Heilungsprozess - PureHiveHoney<\/title>\n<meta name=\"description\" content=\"Entdecken Sie hochwertigen Rohhonig, Bio Honig, Manuka Honig und nat\u00fcrliche Bienenprodukte. PureHiveHoney hilft Ihnen dabei, sorgf\u00e4ltig ausgew\u00e4hlte Honigsorten mit nat\u00fcrlicher Qualit\u00e4t und Reinheit zu entdecken.\" \/>\n<meta name=\"robots\" content=\"index, follow, max-snippet:-1, max-image-preview:large, max-video-preview:-1\" \/>\n<link rel=\"canonical\" href=\"https:\/\/purehivehoney.com\/de\/product\/ar-natuerliche-lila-amethyst-jade-perlen-armband-8-mm-65-zoll-heilungsprozess\/\" \/>\n<meta property=\"og:locale\" content=\"de_DE\" \/>\n<meta property=\"og:type\" content=\"article\" \/>\n<meta property=\"og:title\" content=\"AR nat\u00fcrliche lila Amethyst Jade Perlen Armband (8 mm, 6,5 Zoll) - Heilungsprozess - PureHiveHoney\" \/>\n<meta property=\"og:description\" content=\"Entdecken Sie hochwertigen Rohhonig, Bio Honig, Manuka Honig und nat\u00fcrliche Bienenprodukte. PureHiveHoney hilft Ihnen dabei, sorgf\u00e4ltig ausgew\u00e4hlte Honigsorten mit nat\u00fcrlicher Qualit\u00e4t und Reinheit zu entdecken.\" \/>\n<meta property=\"og:url\" content=\"https:\/\/purehivehoney.com\/de\/product\/ar-natuerliche-lila-amethyst-jade-perlen-armband-8-mm-65-zoll-heilungsprozess\/\" \/>\n<meta property=\"og:site_name\" content=\"PureHiveHoney\" \/>\n<meta property=\"article:modified_time\" content=\"2026-04-04T02:54:51+00:00\" \/>\n<meta name=\"twitter:card\" content=\"summary_large_image\" \/>\n<meta name=\"twitter:label1\" content=\"Gesch\u00e4tzte Lesezeit\" \/>\n\t<meta name=\"twitter:data1\" content=\"1\u00a0Minute\" \/>\n<script type=\"application\/ld+json\" class=\"yoast-schema-graph\">{\"@context\":\"https:\\\/\\\/schema.org\",\"@graph\":[{\"@type\":\"WebPage\",\"@id\":\"https:\\\/\\\/purehivehoney.com\\\/de\\\/product\\\/ar-natuerliche-lila-amethyst-jade-perlen-armband-8-mm-65-zoll-heilungsprozess\\\/\",\"url\":\"https:\\\/\\\/purehivehoney.com\\\/de\\\/product\\\/ar-natuerliche-lila-amethyst-jade-perlen-armband-8-mm-65-zoll-heilungsprozess\\\/\",\"name\":\"AR nat\u00fcrliche lila Amethyst Jade Perlen Armband (8 mm, 6,5 Zoll) - Heilungsprozess - PureHiveHoney\",\"isPartOf\":{\"@id\":\"https:\\\/\\\/purehivehoney.com\\\/de\\\/#website\"},\"primaryImageOfPage\":{\"@id\":\"https:\\\/\\\/purehivehoney.com\\\/de\\\/product\\\/ar-natuerliche-lila-amethyst-jade-perlen-armband-8-mm-65-zoll-heilungsprozess\\\/#primaryimage\"},\"image\":{\"@id\":\"https:\\\/\\\/purehivehoney.com\\\/de\\\/product\\\/ar-natuerliche-lila-amethyst-jade-perlen-armband-8-mm-65-zoll-heilungsprozess\\\/#primaryimage\"},\"thumbnailUrl\":\"https:\\\/\\\/purehivehoney.com\\\/de\\\/wp-content\\\/uploads\\\/2026\\\/04\\\/41ZaixqxZzL._AC_.jpg\",\"datePublished\":\"2026-04-04T02:54:48+00:00\",\"dateModified\":\"2026-04-04T02:54:51+00:00\",\"description\":\"Entdecken Sie hochwertigen Rohhonig, Bio Honig, Manuka Honig und nat\u00fcrliche Bienenprodukte. PureHiveHoney hilft Ihnen dabei, sorgf\u00e4ltig ausgew\u00e4hlte Honigsorten mit nat\u00fcrlicher Qualit\u00e4t und Reinheit zu entdecken.\",\"breadcrumb\":{\"@id\":\"https:\\\/\\\/purehivehoney.com\\\/de\\\/product\\\/ar-natuerliche-lila-amethyst-jade-perlen-armband-8-mm-65-zoll-heilungsprozess\\\/#breadcrumb\"},\"inLanguage\":\"de\",\"potentialAction\":[{\"@type\":\"ReadAction\",\"target\":[\"https:\\\/\\\/purehivehoney.com\\\/de\\\/product\\\/ar-natuerliche-lila-amethyst-jade-perlen-armband-8-mm-65-zoll-heilungsprozess\\\/\"]}]},{\"@type\":\"ImageObject\",\"inLanguage\":\"de\",\"@id\":\"https:\\\/\\\/purehivehoney.com\\\/de\\\/product\\\/ar-natuerliche-lila-amethyst-jade-perlen-armband-8-mm-65-zoll-heilungsprozess\\\/#primaryimage\",\"url\":\"https:\\\/\\\/purehivehoney.com\\\/de\\\/wp-content\\\/uploads\\\/2026\\\/04\\\/41ZaixqxZzL._AC_.jpg\",\"contentUrl\":\"https:\\\/\\\/purehivehoney.com\\\/de\\\/wp-content\\\/uploads\\\/2026\\\/04\\\/41ZaixqxZzL._AC_.jpg\",\"width\":653,\"height\":249},{\"@type\":\"BreadcrumbList\",\"@id\":\"https:\\\/\\\/purehivehoney.com\\\/de\\\/product\\\/ar-natuerliche-lila-amethyst-jade-perlen-armband-8-mm-65-zoll-heilungsprozess\\\/#breadcrumb\",\"itemListElement\":[{\"@type\":\"ListItem\",\"position\":1,\"name\":\"Home\",\"item\":\"https:\\\/\\\/purehivehoney.com\\\/de\\\/\"},{\"@type\":\"ListItem\",\"position\":2,\"name\":\"Shop\",\"item\":\"https:\\\/\\\/purehivehoney.com\\\/de\\\/shop\\\/\"},{\"@type\":\"ListItem\",\"position\":3,\"name\":\"AR nat\u00fcrliche lila Amethyst Jade P...\"}]},{\"@type\":\"WebSite\",\"@id\":\"https:\\\/\\\/purehivehoney.com\\\/de\\\/#website\",\"url\":\"https:\\\/\\\/purehivehoney.com\\\/de\\\/\",\"name\":\"PureHiveHoney\",\"description\":\"Reiner Honig &amp; Bienenprodukte Online | Rohhonig, Bio Honig &amp; Spezialhonig\",\"publisher\":{\"@id\":\"https:\\\/\\\/purehivehoney.com\\\/de\\\/#organization\"},\"potentialAction\":[{\"@type\":\"SearchAction\",\"target\":{\"@type\":\"EntryPoint\",\"urlTemplate\":\"https:\\\/\\\/purehivehoney.com\\\/de\\\/?s={search_term_string}\"},\"query-input\":{\"@type\":\"PropertyValueSpecification\",\"valueRequired\":true,\"valueName\":\"search_term_string\"}}],\"inLanguage\":\"de\"},{\"@type\":\"Organization\",\"@id\":\"https:\\\/\\\/purehivehoney.com\\\/de\\\/#organization\",\"name\":\"PureHiveHoney\",\"url\":\"https:\\\/\\\/purehivehoney.com\\\/de\\\/\",\"logo\":{\"@type\":\"ImageObject\",\"inLanguage\":\"de\",\"@id\":\"https:\\\/\\\/purehivehoney.com\\\/de\\\/#\\\/schema\\\/logo\\\/image\\\/\",\"url\":\"https:\\\/\\\/purehivehoney.com\\\/de\\\/wp-content\\\/uploads\\\/2026\\\/03\\\/Screenshot-2026-03-16-at-1.06.01-AM.png\",\"contentUrl\":\"https:\\\/\\\/purehivehoney.com\\\/de\\\/wp-content\\\/uploads\\\/2026\\\/03\\\/Screenshot-2026-03-16-at-1.06.01-AM.png\",\"width\":2112,\"height\":1086,\"caption\":\"PureHiveHoney\"},\"image\":{\"@id\":\"https:\\\/\\\/purehivehoney.com\\\/de\\\/#\\\/schema\\\/logo\\\/image\\\/\"}}]}<\/script>\n<!-- \/ Yoast SEO plugin. -->","yoast_head_json":{"title":"AR nat\u00fcrliche lila Amethyst Jade Perlen Armband (8 mm, 6,5 Zoll) - Heilungsprozess - PureHiveHoney","description":"Entdecken Sie hochwertigen Rohhonig, Bio Honig, Manuka Honig und nat\u00fcrliche Bienenprodukte. PureHiveHoney hilft Ihnen dabei, sorgf\u00e4ltig ausgew\u00e4hlte Honigsorten mit nat\u00fcrlicher Qualit\u00e4t und Reinheit zu entdecken.","robots":{"index":"index","follow":"follow","max-snippet":"max-snippet:-1","max-image-preview":"max-image-preview:large","max-video-preview":"max-video-preview:-1"},"canonical":"https:\/\/purehivehoney.com\/de\/product\/ar-natuerliche-lila-amethyst-jade-perlen-armband-8-mm-65-zoll-heilungsprozess\/","og_locale":"de_DE","og_type":"article","og_title":"AR nat\u00fcrliche lila Amethyst Jade Perlen Armband (8 mm, 6,5 Zoll) - Heilungsprozess - PureHiveHoney","og_description":"Entdecken Sie hochwertigen Rohhonig, Bio Honig, Manuka Honig und nat\u00fcrliche Bienenprodukte. PureHiveHoney hilft Ihnen dabei, sorgf\u00e4ltig ausgew\u00e4hlte Honigsorten mit nat\u00fcrlicher Qualit\u00e4t und Reinheit zu entdecken.","og_url":"https:\/\/purehivehoney.com\/de\/product\/ar-natuerliche-lila-amethyst-jade-perlen-armband-8-mm-65-zoll-heilungsprozess\/","og_site_name":"PureHiveHoney","article_modified_time":"2026-04-04T02:54:51+00:00","twitter_card":"summary_large_image","twitter_misc":{"Gesch\u00e4tzte Lesezeit":"1\u00a0Minute"},"schema":{"@context":"https:\/\/schema.org","@graph":[{"@type":"WebPage","@id":"https:\/\/purehivehoney.com\/de\/product\/ar-natuerliche-lila-amethyst-jade-perlen-armband-8-mm-65-zoll-heilungsprozess\/","url":"https:\/\/purehivehoney.com\/de\/product\/ar-natuerliche-lila-amethyst-jade-perlen-armband-8-mm-65-zoll-heilungsprozess\/","name":"AR nat\u00fcrliche lila Amethyst Jade Perlen Armband (8 mm, 6,5 Zoll) - Heilungsprozess - PureHiveHoney","isPartOf":{"@id":"https:\/\/purehivehoney.com\/de\/#website"},"primaryImageOfPage":{"@id":"https:\/\/purehivehoney.com\/de\/product\/ar-natuerliche-lila-amethyst-jade-perlen-armband-8-mm-65-zoll-heilungsprozess\/#primaryimage"},"image":{"@id":"https:\/\/purehivehoney.com\/de\/product\/ar-natuerliche-lila-amethyst-jade-perlen-armband-8-mm-65-zoll-heilungsprozess\/#primaryimage"},"thumbnailUrl":"https:\/\/purehivehoney.com\/de\/wp-content\/uploads\/2026\/04\/41ZaixqxZzL._AC_.jpg","datePublished":"2026-04-04T02:54:48+00:00","dateModified":"2026-04-04T02:54:51+00:00","description":"Entdecken Sie hochwertigen Rohhonig, Bio Honig, Manuka Honig und nat\u00fcrliche Bienenprodukte. PureHiveHoney hilft Ihnen dabei, sorgf\u00e4ltig ausgew\u00e4hlte Honigsorten mit nat\u00fcrlicher Qualit\u00e4t und Reinheit zu entdecken.","breadcrumb":{"@id":"https:\/\/purehivehoney.com\/de\/product\/ar-natuerliche-lila-amethyst-jade-perlen-armband-8-mm-65-zoll-heilungsprozess\/#breadcrumb"},"inLanguage":"de","potentialAction":[{"@type":"ReadAction","target":["https:\/\/purehivehoney.com\/de\/product\/ar-natuerliche-lila-amethyst-jade-perlen-armband-8-mm-65-zoll-heilungsprozess\/"]}]},{"@type":"ImageObject","inLanguage":"de","@id":"https:\/\/purehivehoney.com\/de\/product\/ar-natuerliche-lila-amethyst-jade-perlen-armband-8-mm-65-zoll-heilungsprozess\/#primaryimage","url":"https:\/\/purehivehoney.com\/de\/wp-content\/uploads\/2026\/04\/41ZaixqxZzL._AC_.jpg","contentUrl":"https:\/\/purehivehoney.com\/de\/wp-content\/uploads\/2026\/04\/41ZaixqxZzL._AC_.jpg","width":653,"height":249},{"@type":"BreadcrumbList","@id":"https:\/\/purehivehoney.com\/de\/product\/ar-natuerliche-lila-amethyst-jade-perlen-armband-8-mm-65-zoll-heilungsprozess\/#breadcrumb","itemListElement":[{"@type":"ListItem","position":1,"name":"Home","item":"https:\/\/purehivehoney.com\/de\/"},{"@type":"ListItem","position":2,"name":"Shop","item":"https:\/\/purehivehoney.com\/de\/shop\/"},{"@type":"ListItem","position":3,"name":"AR nat\u00fcrliche lila Amethyst Jade P..."}]},{"@type":"WebSite","@id":"https:\/\/purehivehoney.com\/de\/#website","url":"https:\/\/purehivehoney.com\/de\/","name":"PureHiveHoney","description":"Reiner Honig &amp; Bienenprodukte Online | Rohhonig, Bio Honig &amp; Spezialhonig","publisher":{"@id":"https:\/\/purehivehoney.com\/de\/#organization"},"potentialAction":[{"@type":"SearchAction","target":{"@type":"EntryPoint","urlTemplate":"https:\/\/purehivehoney.com\/de\/?s={search_term_string}"},"query-input":{"@type":"PropertyValueSpecification","valueRequired":true,"valueName":"search_term_string"}}],"inLanguage":"de"},{"@type":"Organization","@id":"https:\/\/purehivehoney.com\/de\/#organization","name":"PureHiveHoney","url":"https:\/\/purehivehoney.com\/de\/","logo":{"@type":"ImageObject","inLanguage":"de","@id":"https:\/\/purehivehoney.com\/de\/#\/schema\/logo\/image\/","url":"https:\/\/purehivehoney.com\/de\/wp-content\/uploads\/2026\/03\/Screenshot-2026-03-16-at-1.06.01-AM.png","contentUrl":"https:\/\/purehivehoney.com\/de\/wp-content\/uploads\/2026\/03\/Screenshot-2026-03-16-at-1.06.01-AM.png","width":2112,"height":1086,"caption":"PureHiveHoney"},"image":{"@id":"https:\/\/purehivehoney.com\/de\/#\/schema\/logo\/image\/"}}]}},"_links":{"self":[{"href":"https:\/\/purehivehoney.com\/de\/wp-json\/wp\/v2\/product\/2505","targetHints":{"allow":["GET"]}}],"collection":[{"href":"https:\/\/purehivehoney.com\/de\/wp-json\/wp\/v2\/product"}],"about":[{"href":"https:\/\/purehivehoney.com\/de\/wp-json\/wp\/v2\/types\/product"}],"replies":[{"embeddable":true,"href":"https:\/\/purehivehoney.com\/de\/wp-json\/wp\/v2\/comments?post=2505"}],"wp:featuredmedia":[{"embeddable":true,"href":"https:\/\/purehivehoney.com\/de\/wp-json\/wp\/v2\/media\/2506"}],"wp:attachment":[{"href":"https:\/\/purehivehoney.com\/de\/wp-json\/wp\/v2\/media?parent=2505"}],"wp:term":[{"taxonomy":"store","embeddable":true,"href":"https:\/\/purehivehoney.com\/de\/wp-json\/wp\/v2\/store?post=2505"},{"taxonomy":"product_brand","embeddable":true,"href":"https:\/\/purehivehoney.com\/de\/wp-json\/wp\/v2\/product_brand?post=2505"},{"taxonomy":"product_cat","embeddable":true,"href":"https:\/\/purehivehoney.com\/de\/wp-json\/wp\/v2\/product_cat?post=2505"},{"taxonomy":"product_tag","embeddable":true,"href":"https:\/\/purehivehoney.com\/de\/wp-json\/wp\/v2\/product_tag?post=2505"}],"curies":[{"name":"wp","href":"https:\/\/api.w.org\/{rel}","templated":true}]}}