{"id":2487,"date":"2026-04-04T02:04:32","date_gmt":"2026-04-04T02:04:32","guid":{"rendered":"https:\/\/purehivehoney.com\/de\/product\/das-kulinarische-erbe-der-alpen-honig-der-alpen-von-imkern-sortenhonigen-und-ihren-landschaften-das-fluessige-gold-im-alpenraum-wissenswertes-ueber-heimische-honigsorten-bienen-und-imkerei\/"},"modified":"2026-04-04T02:04:48","modified_gmt":"2026-04-04T02:04:48","slug":"das-kulinarische-erbe-der-alpen-honig-der-alpen-von-imkern-sortenhonigen-und-ihren-landschaften-das-fluessige-gold-im-alpenraum-wissenswertes-ueber-heimische-honigsorten-bienen-und-imkerei","status":"publish","type":"product","link":"https:\/\/purehivehoney.com\/de\/product\/das-kulinarische-erbe-der-alpen-honig-der-alpen-von-imkern-sortenhonigen-und-ihren-landschaften-das-fluessige-gold-im-alpenraum-wissenswertes-ueber-heimische-honigsorten-bienen-und-imkerei\/","title":{"rendered":"Das kulinarische Erbe der Alpen &#8..."},"content":{"rendered":"<p>  Wussten Sie, dass jeder Honigjahrgang einen eigenen Charakter hat? Dass Imker im Alpenraum rund 50 sortenreine Honige gewinnen k\u00f6nnen? Zum Beispiel Heidekrauthonig aus Graub\u00fcnden, Wildlavendelhonig aus den Westalpen, L\u00f6wenzahnhonig aus dem Chiemgau oder Bastardindigohonig aus Friaul. Wie kein anderes Lebensmittel steht der Honig in einer engen Beziehung zur Landschaft, in der er gewonnen wird. Die Autoren stellen alle Sortenhonige des Alpenraums vor. Sie schildern die Geschichte und den Wandel der Honiggewinnung und erz\u00e4hlen von den Menschen, die sich mit diesem einzigartigen Produkt besch\u00e4ftigen. Mit dieser ausdrucksstark bebilderten Dokumentation findet ein weiteres charakteristisches Lebensmittel seinen Platz in der beliebten Buchreihe.    <br \/>Publisher                                            \u200f                                            :                                            \u200e                                                        AT Verlag       <br \/> Publication date                                            \u200f                                            :                                            \u200e                                                        28 Oct. 2021       <br \/> Edition                                            \u200f                                            :                                            \u200e                                                        1st       <br \/> Language                                            \u200f                                            :                                            \u200e                                            German   <br \/> Print length                                            \u200f                                            :                                            \u200e                                                        264 pages       <br \/> ISBN-10                                            \u200f                                            :                                            \u200e                                                        3039020927       <br \/> ISBN-13                                            \u200f                                            :                                            \u200e                                                        978-3039020928       <br \/> Dimensions                                            \u200f                                            :                                            \u200e                                                        24.3 x 3.2 x 31.7 cm       <br \/>       Best Sellers Rank:  1,173,910 in Books (See Top 100 in Books)    131 in Wine Atlases   187 in Wine Guide   195 in Swiss Cuisine      <br \/>  Customer reviews:                                                                                            4.8               4.8 out of 5 stars                                  (7)                                              var dpAcrHasRegisteredArcLinkClickAction;                    P.when(&#8218;A&#8216;, &#8218;ready&#8216;).execute(function(A) {                        if (dpAcrHasRegisteredArcLinkClickAction !== true) {                            dpAcrHasRegisteredArcLinkClickAction = true;                            A.declarative(                                &#8218;acrLink-click-metrics&#8216;, &#8218;click&#8216;,                                { &#8222;allowLinkDefault&#8220;: true },                                function (event) {                                    if (window.ue) {                                        ue.count(&#8222;acrLinkClickCount&#8220;, (ue.count(&#8222;acrLinkClickCount&#8220;) || 0) + 1);                                    }                                }                            );                        }                    });                                             P.when(&#8218;A&#8216;, &#8218;cf&#8216;).execute(function(A) {                A.declarative(&#8218;acrStarsLink-click-metrics&#8216;, &#8218;click&#8216;, { &#8222;allowLinkDefault&#8220; : true },  function(event){                    if(window.ue) {                        ue.count(&#8222;acrStarsLinkWithPopoverClickCount&#8220;, (ue.count(&#8222;acrStarsLinkWithPopoverClickCount&#8220;) || 0) + 1);                    }                });            });                          <br \/><\/p>\n","protected":false},"excerpt":{"rendered":"<p>Wussten Sie, dass jeder Honigjahrgang einen eigenen Charakter hat? Dass Imker im Alpenraum rund 50 sortenreine Honige gewinnen k\u00f6nnen? Zum Beispiel Heidekrauthonig aus Graub\u00fcnden, Wildlavendelhonig aus den Westalpen, L\u00f6wenzahnhonig aus dem Chiemgau oder Bastardindigohonig aus Friaul. Wie kein anderes Lebensmittel steht der Honig in einer engen Beziehung zur Landschaft, in der er gewonnen wird. Die [&hellip;]<\/p>\n","protected":false},"featured_media":2488,"comment_status":"open","ping_status":"closed","template":"","meta":{"_aipt_faq_data":""},"store":[],"product_brand":[],"product_cat":[40],"product_tag":[184],"class_list":{"0":"post-2487","1":"product","2":"type-product","3":"status-publish","4":"has-post-thumbnail","6":"product_cat-bio-roher-honig","7":"product_tag-bio-roher-honig-honigsorten","9":"first","10":"instock","11":"shipping-taxable","12":"product-type-external"},"yoast_head":"<!-- This site is optimized with the Yoast SEO plugin v27.4 - https:\/\/yoast.com\/product\/yoast-seo-wordpress\/ -->\n<title>Das kulinarische Erbe der Alpen - Honig der Alpen: Von Imkern, Sortenhonigen und ihren Landschaften. Das fl\u00fcssige Gold im Alpenraum: Wissenswertes \u00fcber heimische Honigsorten, Bienen und Imkerei - PureHiveHoney<\/title>\n<meta name=\"description\" content=\"Entdecken Sie hochwertigen Rohhonig, Bio Honig, Manuka Honig und nat\u00fcrliche Bienenprodukte. PureHiveHoney hilft Ihnen dabei, sorgf\u00e4ltig ausgew\u00e4hlte Honigsorten mit nat\u00fcrlicher Qualit\u00e4t und Reinheit zu entdecken.\" \/>\n<meta name=\"robots\" content=\"index, follow, max-snippet:-1, max-image-preview:large, max-video-preview:-1\" \/>\n<link rel=\"canonical\" href=\"https:\/\/purehivehoney.com\/de\/product\/das-kulinarische-erbe-der-alpen-honig-der-alpen-von-imkern-sortenhonigen-und-ihren-landschaften-das-fluessige-gold-im-alpenraum-wissenswertes-ueber-heimische-honigsorten-bienen-und-imkerei\/\" \/>\n<meta property=\"og:locale\" content=\"de_DE\" \/>\n<meta property=\"og:type\" content=\"article\" \/>\n<meta property=\"og:title\" content=\"Das kulinarische Erbe der Alpen - Honig der Alpen: Von Imkern, Sortenhonigen und ihren Landschaften. Das fl\u00fcssige Gold im Alpenraum: Wissenswertes \u00fcber heimische Honigsorten, Bienen und Imkerei - PureHiveHoney\" \/>\n<meta property=\"og:description\" content=\"Entdecken Sie hochwertigen Rohhonig, Bio Honig, Manuka Honig und nat\u00fcrliche Bienenprodukte. PureHiveHoney hilft Ihnen dabei, sorgf\u00e4ltig ausgew\u00e4hlte Honigsorten mit nat\u00fcrlicher Qualit\u00e4t und Reinheit zu entdecken.\" \/>\n<meta property=\"og:url\" content=\"https:\/\/purehivehoney.com\/de\/product\/das-kulinarische-erbe-der-alpen-honig-der-alpen-von-imkern-sortenhonigen-und-ihren-landschaften-das-fluessige-gold-im-alpenraum-wissenswertes-ueber-heimische-honigsorten-bienen-und-imkerei\/\" \/>\n<meta property=\"og:site_name\" content=\"PureHiveHoney\" \/>\n<meta property=\"article:modified_time\" content=\"2026-04-04T02:04:48+00:00\" \/>\n<meta name=\"twitter:card\" content=\"summary_large_image\" \/>\n<meta name=\"twitter:label1\" content=\"Gesch\u00e4tzte Lesezeit\" \/>\n\t<meta name=\"twitter:data1\" content=\"1\u00a0Minute\" \/>\n<script type=\"application\/ld+json\" class=\"yoast-schema-graph\">{\"@context\":\"https:\\\/\\\/schema.org\",\"@graph\":[{\"@type\":\"WebPage\",\"@id\":\"https:\\\/\\\/purehivehoney.com\\\/de\\\/product\\\/das-kulinarische-erbe-der-alpen-honig-der-alpen-von-imkern-sortenhonigen-und-ihren-landschaften-das-fluessige-gold-im-alpenraum-wissenswertes-ueber-heimische-honigsorten-bienen-und-imkerei\\\/\",\"url\":\"https:\\\/\\\/purehivehoney.com\\\/de\\\/product\\\/das-kulinarische-erbe-der-alpen-honig-der-alpen-von-imkern-sortenhonigen-und-ihren-landschaften-das-fluessige-gold-im-alpenraum-wissenswertes-ueber-heimische-honigsorten-bienen-und-imkerei\\\/\",\"name\":\"Das kulinarische Erbe der Alpen - Honig der Alpen: Von Imkern, Sortenhonigen und ihren Landschaften. Das fl\u00fcssige Gold im Alpenraum: Wissenswertes \u00fcber heimische Honigsorten, Bienen und Imkerei - PureHiveHoney\",\"isPartOf\":{\"@id\":\"https:\\\/\\\/purehivehoney.com\\\/de\\\/#website\"},\"primaryImageOfPage\":{\"@id\":\"https:\\\/\\\/purehivehoney.com\\\/de\\\/product\\\/das-kulinarische-erbe-der-alpen-honig-der-alpen-von-imkern-sortenhonigen-und-ihren-landschaften-das-fluessige-gold-im-alpenraum-wissenswertes-ueber-heimische-honigsorten-bienen-und-imkerei\\\/#primaryimage\"},\"image\":{\"@id\":\"https:\\\/\\\/purehivehoney.com\\\/de\\\/product\\\/das-kulinarische-erbe-der-alpen-honig-der-alpen-von-imkern-sortenhonigen-und-ihren-landschaften-das-fluessige-gold-im-alpenraum-wissenswertes-ueber-heimische-honigsorten-bienen-und-imkerei\\\/#primaryimage\"},\"thumbnailUrl\":\"https:\\\/\\\/purehivehoney.com\\\/de\\\/wp-content\\\/uploads\\\/2026\\\/04\\\/81t1pkmNhrL._SL1500_.jpg\",\"datePublished\":\"2026-04-04T02:04:32+00:00\",\"dateModified\":\"2026-04-04T02:04:48+00:00\",\"description\":\"Entdecken Sie hochwertigen Rohhonig, Bio Honig, Manuka Honig und nat\u00fcrliche Bienenprodukte. PureHiveHoney hilft Ihnen dabei, sorgf\u00e4ltig ausgew\u00e4hlte Honigsorten mit nat\u00fcrlicher Qualit\u00e4t und Reinheit zu entdecken.\",\"breadcrumb\":{\"@id\":\"https:\\\/\\\/purehivehoney.com\\\/de\\\/product\\\/das-kulinarische-erbe-der-alpen-honig-der-alpen-von-imkern-sortenhonigen-und-ihren-landschaften-das-fluessige-gold-im-alpenraum-wissenswertes-ueber-heimische-honigsorten-bienen-und-imkerei\\\/#breadcrumb\"},\"inLanguage\":\"de\",\"potentialAction\":[{\"@type\":\"ReadAction\",\"target\":[\"https:\\\/\\\/purehivehoney.com\\\/de\\\/product\\\/das-kulinarische-erbe-der-alpen-honig-der-alpen-von-imkern-sortenhonigen-und-ihren-landschaften-das-fluessige-gold-im-alpenraum-wissenswertes-ueber-heimische-honigsorten-bienen-und-imkerei\\\/\"]}]},{\"@type\":\"ImageObject\",\"inLanguage\":\"de\",\"@id\":\"https:\\\/\\\/purehivehoney.com\\\/de\\\/product\\\/das-kulinarische-erbe-der-alpen-honig-der-alpen-von-imkern-sortenhonigen-und-ihren-landschaften-das-fluessige-gold-im-alpenraum-wissenswertes-ueber-heimische-honigsorten-bienen-und-imkerei\\\/#primaryimage\",\"url\":\"https:\\\/\\\/purehivehoney.com\\\/de\\\/wp-content\\\/uploads\\\/2026\\\/04\\\/81t1pkmNhrL._SL1500_.jpg\",\"contentUrl\":\"https:\\\/\\\/purehivehoney.com\\\/de\\\/wp-content\\\/uploads\\\/2026\\\/04\\\/81t1pkmNhrL._SL1500_.jpg\",\"width\":1113,\"height\":1500},{\"@type\":\"BreadcrumbList\",\"@id\":\"https:\\\/\\\/purehivehoney.com\\\/de\\\/product\\\/das-kulinarische-erbe-der-alpen-honig-der-alpen-von-imkern-sortenhonigen-und-ihren-landschaften-das-fluessige-gold-im-alpenraum-wissenswertes-ueber-heimische-honigsorten-bienen-und-imkerei\\\/#breadcrumb\",\"itemListElement\":[{\"@type\":\"ListItem\",\"position\":1,\"name\":\"Home\",\"item\":\"https:\\\/\\\/purehivehoney.com\\\/de\\\/\"},{\"@type\":\"ListItem\",\"position\":2,\"name\":\"Shop\",\"item\":\"https:\\\/\\\/purehivehoney.com\\\/de\\\/shop\\\/\"},{\"@type\":\"ListItem\",\"position\":3,\"name\":\"Das kulinarische Erbe der Alpen &#8...\"}]},{\"@type\":\"WebSite\",\"@id\":\"https:\\\/\\\/purehivehoney.com\\\/de\\\/#website\",\"url\":\"https:\\\/\\\/purehivehoney.com\\\/de\\\/\",\"name\":\"PureHiveHoney\",\"description\":\"Reiner Honig &amp; Bienenprodukte Online | Rohhonig, Bio Honig &amp; Spezialhonig\",\"publisher\":{\"@id\":\"https:\\\/\\\/purehivehoney.com\\\/de\\\/#organization\"},\"potentialAction\":[{\"@type\":\"SearchAction\",\"target\":{\"@type\":\"EntryPoint\",\"urlTemplate\":\"https:\\\/\\\/purehivehoney.com\\\/de\\\/?s={search_term_string}\"},\"query-input\":{\"@type\":\"PropertyValueSpecification\",\"valueRequired\":true,\"valueName\":\"search_term_string\"}}],\"inLanguage\":\"de\"},{\"@type\":\"Organization\",\"@id\":\"https:\\\/\\\/purehivehoney.com\\\/de\\\/#organization\",\"name\":\"PureHiveHoney\",\"url\":\"https:\\\/\\\/purehivehoney.com\\\/de\\\/\",\"logo\":{\"@type\":\"ImageObject\",\"inLanguage\":\"de\",\"@id\":\"https:\\\/\\\/purehivehoney.com\\\/de\\\/#\\\/schema\\\/logo\\\/image\\\/\",\"url\":\"https:\\\/\\\/purehivehoney.com\\\/de\\\/wp-content\\\/uploads\\\/2026\\\/03\\\/Screenshot-2026-03-16-at-1.06.01-AM.png\",\"contentUrl\":\"https:\\\/\\\/purehivehoney.com\\\/de\\\/wp-content\\\/uploads\\\/2026\\\/03\\\/Screenshot-2026-03-16-at-1.06.01-AM.png\",\"width\":2112,\"height\":1086,\"caption\":\"PureHiveHoney\"},\"image\":{\"@id\":\"https:\\\/\\\/purehivehoney.com\\\/de\\\/#\\\/schema\\\/logo\\\/image\\\/\"}}]}<\/script>\n<!-- \/ Yoast SEO plugin. -->","yoast_head_json":{"title":"Das kulinarische Erbe der Alpen - Honig der Alpen: Von Imkern, Sortenhonigen und ihren Landschaften. Das fl\u00fcssige Gold im Alpenraum: Wissenswertes \u00fcber heimische Honigsorten, Bienen und Imkerei - PureHiveHoney","description":"Entdecken Sie hochwertigen Rohhonig, Bio Honig, Manuka Honig und nat\u00fcrliche Bienenprodukte. PureHiveHoney hilft Ihnen dabei, sorgf\u00e4ltig ausgew\u00e4hlte Honigsorten mit nat\u00fcrlicher Qualit\u00e4t und Reinheit zu entdecken.","robots":{"index":"index","follow":"follow","max-snippet":"max-snippet:-1","max-image-preview":"max-image-preview:large","max-video-preview":"max-video-preview:-1"},"canonical":"https:\/\/purehivehoney.com\/de\/product\/das-kulinarische-erbe-der-alpen-honig-der-alpen-von-imkern-sortenhonigen-und-ihren-landschaften-das-fluessige-gold-im-alpenraum-wissenswertes-ueber-heimische-honigsorten-bienen-und-imkerei\/","og_locale":"de_DE","og_type":"article","og_title":"Das kulinarische Erbe der Alpen - Honig der Alpen: Von Imkern, Sortenhonigen und ihren Landschaften. Das fl\u00fcssige Gold im Alpenraum: Wissenswertes \u00fcber heimische Honigsorten, Bienen und Imkerei - PureHiveHoney","og_description":"Entdecken Sie hochwertigen Rohhonig, Bio Honig, Manuka Honig und nat\u00fcrliche Bienenprodukte. PureHiveHoney hilft Ihnen dabei, sorgf\u00e4ltig ausgew\u00e4hlte Honigsorten mit nat\u00fcrlicher Qualit\u00e4t und Reinheit zu entdecken.","og_url":"https:\/\/purehivehoney.com\/de\/product\/das-kulinarische-erbe-der-alpen-honig-der-alpen-von-imkern-sortenhonigen-und-ihren-landschaften-das-fluessige-gold-im-alpenraum-wissenswertes-ueber-heimische-honigsorten-bienen-und-imkerei\/","og_site_name":"PureHiveHoney","article_modified_time":"2026-04-04T02:04:48+00:00","twitter_card":"summary_large_image","twitter_misc":{"Gesch\u00e4tzte Lesezeit":"1\u00a0Minute"},"schema":{"@context":"https:\/\/schema.org","@graph":[{"@type":"WebPage","@id":"https:\/\/purehivehoney.com\/de\/product\/das-kulinarische-erbe-der-alpen-honig-der-alpen-von-imkern-sortenhonigen-und-ihren-landschaften-das-fluessige-gold-im-alpenraum-wissenswertes-ueber-heimische-honigsorten-bienen-und-imkerei\/","url":"https:\/\/purehivehoney.com\/de\/product\/das-kulinarische-erbe-der-alpen-honig-der-alpen-von-imkern-sortenhonigen-und-ihren-landschaften-das-fluessige-gold-im-alpenraum-wissenswertes-ueber-heimische-honigsorten-bienen-und-imkerei\/","name":"Das kulinarische Erbe der Alpen - Honig der Alpen: Von Imkern, Sortenhonigen und ihren Landschaften. Das fl\u00fcssige Gold im Alpenraum: Wissenswertes \u00fcber heimische Honigsorten, Bienen und Imkerei - PureHiveHoney","isPartOf":{"@id":"https:\/\/purehivehoney.com\/de\/#website"},"primaryImageOfPage":{"@id":"https:\/\/purehivehoney.com\/de\/product\/das-kulinarische-erbe-der-alpen-honig-der-alpen-von-imkern-sortenhonigen-und-ihren-landschaften-das-fluessige-gold-im-alpenraum-wissenswertes-ueber-heimische-honigsorten-bienen-und-imkerei\/#primaryimage"},"image":{"@id":"https:\/\/purehivehoney.com\/de\/product\/das-kulinarische-erbe-der-alpen-honig-der-alpen-von-imkern-sortenhonigen-und-ihren-landschaften-das-fluessige-gold-im-alpenraum-wissenswertes-ueber-heimische-honigsorten-bienen-und-imkerei\/#primaryimage"},"thumbnailUrl":"https:\/\/purehivehoney.com\/de\/wp-content\/uploads\/2026\/04\/81t1pkmNhrL._SL1500_.jpg","datePublished":"2026-04-04T02:04:32+00:00","dateModified":"2026-04-04T02:04:48+00:00","description":"Entdecken Sie hochwertigen Rohhonig, Bio Honig, Manuka Honig und nat\u00fcrliche Bienenprodukte. PureHiveHoney hilft Ihnen dabei, sorgf\u00e4ltig ausgew\u00e4hlte Honigsorten mit nat\u00fcrlicher Qualit\u00e4t und Reinheit zu entdecken.","breadcrumb":{"@id":"https:\/\/purehivehoney.com\/de\/product\/das-kulinarische-erbe-der-alpen-honig-der-alpen-von-imkern-sortenhonigen-und-ihren-landschaften-das-fluessige-gold-im-alpenraum-wissenswertes-ueber-heimische-honigsorten-bienen-und-imkerei\/#breadcrumb"},"inLanguage":"de","potentialAction":[{"@type":"ReadAction","target":["https:\/\/purehivehoney.com\/de\/product\/das-kulinarische-erbe-der-alpen-honig-der-alpen-von-imkern-sortenhonigen-und-ihren-landschaften-das-fluessige-gold-im-alpenraum-wissenswertes-ueber-heimische-honigsorten-bienen-und-imkerei\/"]}]},{"@type":"ImageObject","inLanguage":"de","@id":"https:\/\/purehivehoney.com\/de\/product\/das-kulinarische-erbe-der-alpen-honig-der-alpen-von-imkern-sortenhonigen-und-ihren-landschaften-das-fluessige-gold-im-alpenraum-wissenswertes-ueber-heimische-honigsorten-bienen-und-imkerei\/#primaryimage","url":"https:\/\/purehivehoney.com\/de\/wp-content\/uploads\/2026\/04\/81t1pkmNhrL._SL1500_.jpg","contentUrl":"https:\/\/purehivehoney.com\/de\/wp-content\/uploads\/2026\/04\/81t1pkmNhrL._SL1500_.jpg","width":1113,"height":1500},{"@type":"BreadcrumbList","@id":"https:\/\/purehivehoney.com\/de\/product\/das-kulinarische-erbe-der-alpen-honig-der-alpen-von-imkern-sortenhonigen-und-ihren-landschaften-das-fluessige-gold-im-alpenraum-wissenswertes-ueber-heimische-honigsorten-bienen-und-imkerei\/#breadcrumb","itemListElement":[{"@type":"ListItem","position":1,"name":"Home","item":"https:\/\/purehivehoney.com\/de\/"},{"@type":"ListItem","position":2,"name":"Shop","item":"https:\/\/purehivehoney.com\/de\/shop\/"},{"@type":"ListItem","position":3,"name":"Das kulinarische Erbe der Alpen &#8..."}]},{"@type":"WebSite","@id":"https:\/\/purehivehoney.com\/de\/#website","url":"https:\/\/purehivehoney.com\/de\/","name":"PureHiveHoney","description":"Reiner Honig &amp; Bienenprodukte Online | Rohhonig, Bio Honig &amp; Spezialhonig","publisher":{"@id":"https:\/\/purehivehoney.com\/de\/#organization"},"potentialAction":[{"@type":"SearchAction","target":{"@type":"EntryPoint","urlTemplate":"https:\/\/purehivehoney.com\/de\/?s={search_term_string}"},"query-input":{"@type":"PropertyValueSpecification","valueRequired":true,"valueName":"search_term_string"}}],"inLanguage":"de"},{"@type":"Organization","@id":"https:\/\/purehivehoney.com\/de\/#organization","name":"PureHiveHoney","url":"https:\/\/purehivehoney.com\/de\/","logo":{"@type":"ImageObject","inLanguage":"de","@id":"https:\/\/purehivehoney.com\/de\/#\/schema\/logo\/image\/","url":"https:\/\/purehivehoney.com\/de\/wp-content\/uploads\/2026\/03\/Screenshot-2026-03-16-at-1.06.01-AM.png","contentUrl":"https:\/\/purehivehoney.com\/de\/wp-content\/uploads\/2026\/03\/Screenshot-2026-03-16-at-1.06.01-AM.png","width":2112,"height":1086,"caption":"PureHiveHoney"},"image":{"@id":"https:\/\/purehivehoney.com\/de\/#\/schema\/logo\/image\/"}}]}},"_links":{"self":[{"href":"https:\/\/purehivehoney.com\/de\/wp-json\/wp\/v2\/product\/2487","targetHints":{"allow":["GET"]}}],"collection":[{"href":"https:\/\/purehivehoney.com\/de\/wp-json\/wp\/v2\/product"}],"about":[{"href":"https:\/\/purehivehoney.com\/de\/wp-json\/wp\/v2\/types\/product"}],"replies":[{"embeddable":true,"href":"https:\/\/purehivehoney.com\/de\/wp-json\/wp\/v2\/comments?post=2487"}],"wp:featuredmedia":[{"embeddable":true,"href":"https:\/\/purehivehoney.com\/de\/wp-json\/wp\/v2\/media\/2488"}],"wp:attachment":[{"href":"https:\/\/purehivehoney.com\/de\/wp-json\/wp\/v2\/media?parent=2487"}],"wp:term":[{"taxonomy":"store","embeddable":true,"href":"https:\/\/purehivehoney.com\/de\/wp-json\/wp\/v2\/store?post=2487"},{"taxonomy":"product_brand","embeddable":true,"href":"https:\/\/purehivehoney.com\/de\/wp-json\/wp\/v2\/product_brand?post=2487"},{"taxonomy":"product_cat","embeddable":true,"href":"https:\/\/purehivehoney.com\/de\/wp-json\/wp\/v2\/product_cat?post=2487"},{"taxonomy":"product_tag","embeddable":true,"href":"https:\/\/purehivehoney.com\/de\/wp-json\/wp\/v2\/product_tag?post=2487"}],"curies":[{"name":"wp","href":"https:\/\/api.w.org\/{rel}","templated":true}]}}