{"id":2482,"date":"2026-04-04T00:43:24","date_gmt":"2026-04-04T00:43:24","guid":{"rendered":"https:\/\/purehivehoney.com\/de\/product\/natural-pink-tiger-eye-armband-polierte-runde-perlen-honig-rosa-edelauge-edelsteinarmband-fuer-maenner-und-frauen-heilender-kristallschmuck-spirituelles-geschenk-unisex-65-zoll\/"},"modified":"2026-04-04T00:43:28","modified_gmt":"2026-04-04T00:43:28","slug":"natural-pink-tiger-eye-armband-polierte-runde-perlen-honig-rosa-edelauge-edelsteinarmband-fuer-maenner-und-frauen-heilender-kristallschmuck-spirituelles-geschenk-unisex-65-zoll","status":"publish","type":"product","link":"https:\/\/purehivehoney.com\/de\/product\/natural-pink-tiger-eye-armband-polierte-runde-perlen-honig-rosa-edelauge-edelsteinarmband-fuer-maenner-und-frauen-heilender-kristallschmuck-spirituelles-geschenk-unisex-65-zoll\/","title":{"rendered":"Natural Pink Tiger Eye Armband &#82..."},"content":{"rendered":"<p>    <span>Erh\u00f6hen Sie Ihren Stil und Ihre Energie mit dem nat\u00fcrlichen rosa Tigeraugenarmband. Dieses von AAA-Grade polierte runde Perlen gefertigt, bietet dieses Edelstein-Edelsteinarmband Tiger Eye sowohl Sch\u00f6nheit als auch spirituelle Vorteile. Das Pink Tiger Eye ist bekannt f\u00fcr das Vertrauen, das Gleichgewicht und den Schutz und ist perfekt f\u00fcr M\u00e4nner und Frauen, die ein einzigartiges und sinnvolles Accessoire suchen. Leicht und komfortabel, ist dieses 6,5-Zoll-Armband ideal f\u00fcr den t\u00e4glichen Verschlei\u00df, oder als nachdenkliches Geschenk. Nehmen Sie Eleganz und Heilung mit diesem Unisex -Edelsteinarmband an, das Ihre nat\u00fcrliche Aura verbessern soll.<\/span>    <br \/>Natural Pink Tiger Eye Round Form Armband Str\u00e4nge<br \/>Dies sind echte Edelsteine \u200b\u200bmit feinem Glanz. Produktgr\u00f6\u00dfe und L\u00e4nge k\u00f6nnen leicht variieren<\/p>\n\n","protected":false},"excerpt":{"rendered":"<p>Erh\u00f6hen Sie Ihren Stil und Ihre Energie mit dem nat\u00fcrlichen rosa Tigeraugenarmband. Dieses von AAA-Grade polierte runde Perlen gefertigt, bietet dieses Edelstein-Edelsteinarmband Tiger Eye sowohl Sch\u00f6nheit als auch spirituelle Vorteile. Das Pink Tiger Eye ist bekannt f\u00fcr das Vertrauen, das Gleichgewicht und den Schutz und ist perfekt f\u00fcr M\u00e4nner und Frauen, die ein einzigartiges und [&hellip;]<\/p>\n","protected":false},"featured_media":2483,"comment_status":"open","ping_status":"closed","template":"","meta":{"_aipt_faq_data":""},"store":[],"product_brand":[251],"product_cat":[62],"product_tag":[141],"class_list":{"0":"post-2482","1":"product","2":"type-product","3":"status-publish","4":"has-post-thumbnail","6":"product_brand-generic","7":"product_cat-honig-fur-energie","8":"product_tag-natuerlicher-honig-fuer-energie","10":"first","11":"instock","12":"shipping-taxable","13":"product-type-external"},"yoast_head":"<!-- This site is optimized with the Yoast SEO plugin v27.4 - https:\/\/yoast.com\/product\/yoast-seo-wordpress\/ -->\n<title>Natural Pink Tiger Eye Armband - polierte runde Perlen, Honig -Rosa -Edelauge -Edelsteinarmband f\u00fcr M\u00e4nner und Frauen, heilender Kristallschmuck, spirituelles Geschenk, Unisex (6,5 Zoll) - PureHiveHoney<\/title>\n<meta name=\"description\" content=\"Entdecken Sie hochwertigen Rohhonig, Bio Honig, Manuka Honig und nat\u00fcrliche Bienenprodukte. PureHiveHoney hilft Ihnen dabei, sorgf\u00e4ltig ausgew\u00e4hlte Honigsorten mit nat\u00fcrlicher Qualit\u00e4t und Reinheit zu entdecken.\" \/>\n<meta name=\"robots\" content=\"index, follow, max-snippet:-1, max-image-preview:large, max-video-preview:-1\" \/>\n<link rel=\"canonical\" href=\"https:\/\/purehivehoney.com\/de\/product\/natural-pink-tiger-eye-armband-polierte-runde-perlen-honig-rosa-edelauge-edelsteinarmband-fuer-maenner-und-frauen-heilender-kristallschmuck-spirituelles-geschenk-unisex-65-zoll\/\" \/>\n<meta property=\"og:locale\" content=\"de_DE\" \/>\n<meta property=\"og:type\" content=\"article\" \/>\n<meta property=\"og:title\" content=\"Natural Pink Tiger Eye Armband - polierte runde Perlen, Honig -Rosa -Edelauge -Edelsteinarmband f\u00fcr M\u00e4nner und Frauen, heilender Kristallschmuck, spirituelles Geschenk, Unisex (6,5 Zoll) - PureHiveHoney\" \/>\n<meta property=\"og:description\" content=\"Entdecken Sie hochwertigen Rohhonig, Bio Honig, Manuka Honig und nat\u00fcrliche Bienenprodukte. PureHiveHoney hilft Ihnen dabei, sorgf\u00e4ltig ausgew\u00e4hlte Honigsorten mit nat\u00fcrlicher Qualit\u00e4t und Reinheit zu entdecken.\" \/>\n<meta property=\"og:url\" content=\"https:\/\/purehivehoney.com\/de\/product\/natural-pink-tiger-eye-armband-polierte-runde-perlen-honig-rosa-edelauge-edelsteinarmband-fuer-maenner-und-frauen-heilender-kristallschmuck-spirituelles-geschenk-unisex-65-zoll\/\" \/>\n<meta property=\"og:site_name\" content=\"PureHiveHoney\" \/>\n<meta property=\"article:modified_time\" content=\"2026-04-04T00:43:28+00:00\" \/>\n<meta name=\"twitter:card\" content=\"summary_large_image\" \/>\n<meta name=\"twitter:label1\" content=\"Gesch\u00e4tzte Lesezeit\" \/>\n\t<meta name=\"twitter:data1\" content=\"1\u00a0Minute\" \/>\n<script type=\"application\/ld+json\" class=\"yoast-schema-graph\">{\"@context\":\"https:\\\/\\\/schema.org\",\"@graph\":[{\"@type\":\"WebPage\",\"@id\":\"https:\\\/\\\/purehivehoney.com\\\/de\\\/product\\\/natural-pink-tiger-eye-armband-polierte-runde-perlen-honig-rosa-edelauge-edelsteinarmband-fuer-maenner-und-frauen-heilender-kristallschmuck-spirituelles-geschenk-unisex-65-zoll\\\/\",\"url\":\"https:\\\/\\\/purehivehoney.com\\\/de\\\/product\\\/natural-pink-tiger-eye-armband-polierte-runde-perlen-honig-rosa-edelauge-edelsteinarmband-fuer-maenner-und-frauen-heilender-kristallschmuck-spirituelles-geschenk-unisex-65-zoll\\\/\",\"name\":\"Natural Pink Tiger Eye Armband - polierte runde Perlen, Honig -Rosa -Edelauge -Edelsteinarmband f\u00fcr M\u00e4nner und Frauen, heilender Kristallschmuck, spirituelles Geschenk, Unisex (6,5 Zoll) - PureHiveHoney\",\"isPartOf\":{\"@id\":\"https:\\\/\\\/purehivehoney.com\\\/de\\\/#website\"},\"primaryImageOfPage\":{\"@id\":\"https:\\\/\\\/purehivehoney.com\\\/de\\\/product\\\/natural-pink-tiger-eye-armband-polierte-runde-perlen-honig-rosa-edelauge-edelsteinarmband-fuer-maenner-und-frauen-heilender-kristallschmuck-spirituelles-geschenk-unisex-65-zoll\\\/#primaryimage\"},\"image\":{\"@id\":\"https:\\\/\\\/purehivehoney.com\\\/de\\\/product\\\/natural-pink-tiger-eye-armband-polierte-runde-perlen-honig-rosa-edelauge-edelsteinarmband-fuer-maenner-und-frauen-heilender-kristallschmuck-spirituelles-geschenk-unisex-65-zoll\\\/#primaryimage\"},\"thumbnailUrl\":\"https:\\\/\\\/purehivehoney.com\\\/de\\\/wp-content\\\/uploads\\\/2026\\\/04\\\/1775263404_31CXqmCfJqL._AC_.jpg\",\"datePublished\":\"2026-04-04T00:43:24+00:00\",\"dateModified\":\"2026-04-04T00:43:28+00:00\",\"description\":\"Entdecken Sie hochwertigen Rohhonig, Bio Honig, Manuka Honig und nat\u00fcrliche Bienenprodukte. PureHiveHoney hilft Ihnen dabei, sorgf\u00e4ltig ausgew\u00e4hlte Honigsorten mit nat\u00fcrlicher Qualit\u00e4t und Reinheit zu entdecken.\",\"breadcrumb\":{\"@id\":\"https:\\\/\\\/purehivehoney.com\\\/de\\\/product\\\/natural-pink-tiger-eye-armband-polierte-runde-perlen-honig-rosa-edelauge-edelsteinarmband-fuer-maenner-und-frauen-heilender-kristallschmuck-spirituelles-geschenk-unisex-65-zoll\\\/#breadcrumb\"},\"inLanguage\":\"de\",\"potentialAction\":[{\"@type\":\"ReadAction\",\"target\":[\"https:\\\/\\\/purehivehoney.com\\\/de\\\/product\\\/natural-pink-tiger-eye-armband-polierte-runde-perlen-honig-rosa-edelauge-edelsteinarmband-fuer-maenner-und-frauen-heilender-kristallschmuck-spirituelles-geschenk-unisex-65-zoll\\\/\"]}]},{\"@type\":\"ImageObject\",\"inLanguage\":\"de\",\"@id\":\"https:\\\/\\\/purehivehoney.com\\\/de\\\/product\\\/natural-pink-tiger-eye-armband-polierte-runde-perlen-honig-rosa-edelauge-edelsteinarmband-fuer-maenner-und-frauen-heilender-kristallschmuck-spirituelles-geschenk-unisex-65-zoll\\\/#primaryimage\",\"url\":\"https:\\\/\\\/purehivehoney.com\\\/de\\\/wp-content\\\/uploads\\\/2026\\\/04\\\/1775263404_31CXqmCfJqL._AC_.jpg\",\"contentUrl\":\"https:\\\/\\\/purehivehoney.com\\\/de\\\/wp-content\\\/uploads\\\/2026\\\/04\\\/1775263404_31CXqmCfJqL._AC_.jpg\",\"width\":498,\"height\":175},{\"@type\":\"BreadcrumbList\",\"@id\":\"https:\\\/\\\/purehivehoney.com\\\/de\\\/product\\\/natural-pink-tiger-eye-armband-polierte-runde-perlen-honig-rosa-edelauge-edelsteinarmband-fuer-maenner-und-frauen-heilender-kristallschmuck-spirituelles-geschenk-unisex-65-zoll\\\/#breadcrumb\",\"itemListElement\":[{\"@type\":\"ListItem\",\"position\":1,\"name\":\"Home\",\"item\":\"https:\\\/\\\/purehivehoney.com\\\/de\\\/\"},{\"@type\":\"ListItem\",\"position\":2,\"name\":\"Shop\",\"item\":\"https:\\\/\\\/purehivehoney.com\\\/de\\\/shop\\\/\"},{\"@type\":\"ListItem\",\"position\":3,\"name\":\"Natural Pink Tiger Eye Armband &#82...\"}]},{\"@type\":\"WebSite\",\"@id\":\"https:\\\/\\\/purehivehoney.com\\\/de\\\/#website\",\"url\":\"https:\\\/\\\/purehivehoney.com\\\/de\\\/\",\"name\":\"PureHiveHoney\",\"description\":\"Reiner Honig &amp; Bienenprodukte Online | Rohhonig, Bio Honig &amp; Spezialhonig\",\"publisher\":{\"@id\":\"https:\\\/\\\/purehivehoney.com\\\/de\\\/#organization\"},\"potentialAction\":[{\"@type\":\"SearchAction\",\"target\":{\"@type\":\"EntryPoint\",\"urlTemplate\":\"https:\\\/\\\/purehivehoney.com\\\/de\\\/?s={search_term_string}\"},\"query-input\":{\"@type\":\"PropertyValueSpecification\",\"valueRequired\":true,\"valueName\":\"search_term_string\"}}],\"inLanguage\":\"de\"},{\"@type\":\"Organization\",\"@id\":\"https:\\\/\\\/purehivehoney.com\\\/de\\\/#organization\",\"name\":\"PureHiveHoney\",\"url\":\"https:\\\/\\\/purehivehoney.com\\\/de\\\/\",\"logo\":{\"@type\":\"ImageObject\",\"inLanguage\":\"de\",\"@id\":\"https:\\\/\\\/purehivehoney.com\\\/de\\\/#\\\/schema\\\/logo\\\/image\\\/\",\"url\":\"https:\\\/\\\/purehivehoney.com\\\/de\\\/wp-content\\\/uploads\\\/2026\\\/03\\\/Screenshot-2026-03-16-at-1.06.01-AM.png\",\"contentUrl\":\"https:\\\/\\\/purehivehoney.com\\\/de\\\/wp-content\\\/uploads\\\/2026\\\/03\\\/Screenshot-2026-03-16-at-1.06.01-AM.png\",\"width\":2112,\"height\":1086,\"caption\":\"PureHiveHoney\"},\"image\":{\"@id\":\"https:\\\/\\\/purehivehoney.com\\\/de\\\/#\\\/schema\\\/logo\\\/image\\\/\"}}]}<\/script>\n<!-- \/ Yoast SEO plugin. -->","yoast_head_json":{"title":"Natural Pink Tiger Eye Armband - polierte runde Perlen, Honig -Rosa -Edelauge -Edelsteinarmband f\u00fcr M\u00e4nner und Frauen, heilender Kristallschmuck, spirituelles Geschenk, Unisex (6,5 Zoll) - PureHiveHoney","description":"Entdecken Sie hochwertigen Rohhonig, Bio Honig, Manuka Honig und nat\u00fcrliche Bienenprodukte. PureHiveHoney hilft Ihnen dabei, sorgf\u00e4ltig ausgew\u00e4hlte Honigsorten mit nat\u00fcrlicher Qualit\u00e4t und Reinheit zu entdecken.","robots":{"index":"index","follow":"follow","max-snippet":"max-snippet:-1","max-image-preview":"max-image-preview:large","max-video-preview":"max-video-preview:-1"},"canonical":"https:\/\/purehivehoney.com\/de\/product\/natural-pink-tiger-eye-armband-polierte-runde-perlen-honig-rosa-edelauge-edelsteinarmband-fuer-maenner-und-frauen-heilender-kristallschmuck-spirituelles-geschenk-unisex-65-zoll\/","og_locale":"de_DE","og_type":"article","og_title":"Natural Pink Tiger Eye Armband - polierte runde Perlen, Honig -Rosa -Edelauge -Edelsteinarmband f\u00fcr M\u00e4nner und Frauen, heilender Kristallschmuck, spirituelles Geschenk, Unisex (6,5 Zoll) - PureHiveHoney","og_description":"Entdecken Sie hochwertigen Rohhonig, Bio Honig, Manuka Honig und nat\u00fcrliche Bienenprodukte. PureHiveHoney hilft Ihnen dabei, sorgf\u00e4ltig ausgew\u00e4hlte Honigsorten mit nat\u00fcrlicher Qualit\u00e4t und Reinheit zu entdecken.","og_url":"https:\/\/purehivehoney.com\/de\/product\/natural-pink-tiger-eye-armband-polierte-runde-perlen-honig-rosa-edelauge-edelsteinarmband-fuer-maenner-und-frauen-heilender-kristallschmuck-spirituelles-geschenk-unisex-65-zoll\/","og_site_name":"PureHiveHoney","article_modified_time":"2026-04-04T00:43:28+00:00","twitter_card":"summary_large_image","twitter_misc":{"Gesch\u00e4tzte Lesezeit":"1\u00a0Minute"},"schema":{"@context":"https:\/\/schema.org","@graph":[{"@type":"WebPage","@id":"https:\/\/purehivehoney.com\/de\/product\/natural-pink-tiger-eye-armband-polierte-runde-perlen-honig-rosa-edelauge-edelsteinarmband-fuer-maenner-und-frauen-heilender-kristallschmuck-spirituelles-geschenk-unisex-65-zoll\/","url":"https:\/\/purehivehoney.com\/de\/product\/natural-pink-tiger-eye-armband-polierte-runde-perlen-honig-rosa-edelauge-edelsteinarmband-fuer-maenner-und-frauen-heilender-kristallschmuck-spirituelles-geschenk-unisex-65-zoll\/","name":"Natural Pink Tiger Eye Armband - polierte runde Perlen, Honig -Rosa -Edelauge -Edelsteinarmband f\u00fcr M\u00e4nner und Frauen, heilender Kristallschmuck, spirituelles Geschenk, Unisex (6,5 Zoll) - PureHiveHoney","isPartOf":{"@id":"https:\/\/purehivehoney.com\/de\/#website"},"primaryImageOfPage":{"@id":"https:\/\/purehivehoney.com\/de\/product\/natural-pink-tiger-eye-armband-polierte-runde-perlen-honig-rosa-edelauge-edelsteinarmband-fuer-maenner-und-frauen-heilender-kristallschmuck-spirituelles-geschenk-unisex-65-zoll\/#primaryimage"},"image":{"@id":"https:\/\/purehivehoney.com\/de\/product\/natural-pink-tiger-eye-armband-polierte-runde-perlen-honig-rosa-edelauge-edelsteinarmband-fuer-maenner-und-frauen-heilender-kristallschmuck-spirituelles-geschenk-unisex-65-zoll\/#primaryimage"},"thumbnailUrl":"https:\/\/purehivehoney.com\/de\/wp-content\/uploads\/2026\/04\/1775263404_31CXqmCfJqL._AC_.jpg","datePublished":"2026-04-04T00:43:24+00:00","dateModified":"2026-04-04T00:43:28+00:00","description":"Entdecken Sie hochwertigen Rohhonig, Bio Honig, Manuka Honig und nat\u00fcrliche Bienenprodukte. PureHiveHoney hilft Ihnen dabei, sorgf\u00e4ltig ausgew\u00e4hlte Honigsorten mit nat\u00fcrlicher Qualit\u00e4t und Reinheit zu entdecken.","breadcrumb":{"@id":"https:\/\/purehivehoney.com\/de\/product\/natural-pink-tiger-eye-armband-polierte-runde-perlen-honig-rosa-edelauge-edelsteinarmband-fuer-maenner-und-frauen-heilender-kristallschmuck-spirituelles-geschenk-unisex-65-zoll\/#breadcrumb"},"inLanguage":"de","potentialAction":[{"@type":"ReadAction","target":["https:\/\/purehivehoney.com\/de\/product\/natural-pink-tiger-eye-armband-polierte-runde-perlen-honig-rosa-edelauge-edelsteinarmband-fuer-maenner-und-frauen-heilender-kristallschmuck-spirituelles-geschenk-unisex-65-zoll\/"]}]},{"@type":"ImageObject","inLanguage":"de","@id":"https:\/\/purehivehoney.com\/de\/product\/natural-pink-tiger-eye-armband-polierte-runde-perlen-honig-rosa-edelauge-edelsteinarmband-fuer-maenner-und-frauen-heilender-kristallschmuck-spirituelles-geschenk-unisex-65-zoll\/#primaryimage","url":"https:\/\/purehivehoney.com\/de\/wp-content\/uploads\/2026\/04\/1775263404_31CXqmCfJqL._AC_.jpg","contentUrl":"https:\/\/purehivehoney.com\/de\/wp-content\/uploads\/2026\/04\/1775263404_31CXqmCfJqL._AC_.jpg","width":498,"height":175},{"@type":"BreadcrumbList","@id":"https:\/\/purehivehoney.com\/de\/product\/natural-pink-tiger-eye-armband-polierte-runde-perlen-honig-rosa-edelauge-edelsteinarmband-fuer-maenner-und-frauen-heilender-kristallschmuck-spirituelles-geschenk-unisex-65-zoll\/#breadcrumb","itemListElement":[{"@type":"ListItem","position":1,"name":"Home","item":"https:\/\/purehivehoney.com\/de\/"},{"@type":"ListItem","position":2,"name":"Shop","item":"https:\/\/purehivehoney.com\/de\/shop\/"},{"@type":"ListItem","position":3,"name":"Natural Pink Tiger Eye Armband &#82..."}]},{"@type":"WebSite","@id":"https:\/\/purehivehoney.com\/de\/#website","url":"https:\/\/purehivehoney.com\/de\/","name":"PureHiveHoney","description":"Reiner Honig &amp; Bienenprodukte Online | Rohhonig, Bio Honig &amp; Spezialhonig","publisher":{"@id":"https:\/\/purehivehoney.com\/de\/#organization"},"potentialAction":[{"@type":"SearchAction","target":{"@type":"EntryPoint","urlTemplate":"https:\/\/purehivehoney.com\/de\/?s={search_term_string}"},"query-input":{"@type":"PropertyValueSpecification","valueRequired":true,"valueName":"search_term_string"}}],"inLanguage":"de"},{"@type":"Organization","@id":"https:\/\/purehivehoney.com\/de\/#organization","name":"PureHiveHoney","url":"https:\/\/purehivehoney.com\/de\/","logo":{"@type":"ImageObject","inLanguage":"de","@id":"https:\/\/purehivehoney.com\/de\/#\/schema\/logo\/image\/","url":"https:\/\/purehivehoney.com\/de\/wp-content\/uploads\/2026\/03\/Screenshot-2026-03-16-at-1.06.01-AM.png","contentUrl":"https:\/\/purehivehoney.com\/de\/wp-content\/uploads\/2026\/03\/Screenshot-2026-03-16-at-1.06.01-AM.png","width":2112,"height":1086,"caption":"PureHiveHoney"},"image":{"@id":"https:\/\/purehivehoney.com\/de\/#\/schema\/logo\/image\/"}}]}},"_links":{"self":[{"href":"https:\/\/purehivehoney.com\/de\/wp-json\/wp\/v2\/product\/2482","targetHints":{"allow":["GET"]}}],"collection":[{"href":"https:\/\/purehivehoney.com\/de\/wp-json\/wp\/v2\/product"}],"about":[{"href":"https:\/\/purehivehoney.com\/de\/wp-json\/wp\/v2\/types\/product"}],"replies":[{"embeddable":true,"href":"https:\/\/purehivehoney.com\/de\/wp-json\/wp\/v2\/comments?post=2482"}],"wp:featuredmedia":[{"embeddable":true,"href":"https:\/\/purehivehoney.com\/de\/wp-json\/wp\/v2\/media\/2483"}],"wp:attachment":[{"href":"https:\/\/purehivehoney.com\/de\/wp-json\/wp\/v2\/media?parent=2482"}],"wp:term":[{"taxonomy":"store","embeddable":true,"href":"https:\/\/purehivehoney.com\/de\/wp-json\/wp\/v2\/store?post=2482"},{"taxonomy":"product_brand","embeddable":true,"href":"https:\/\/purehivehoney.com\/de\/wp-json\/wp\/v2\/product_brand?post=2482"},{"taxonomy":"product_cat","embeddable":true,"href":"https:\/\/purehivehoney.com\/de\/wp-json\/wp\/v2\/product_cat?post=2482"},{"taxonomy":"product_tag","embeddable":true,"href":"https:\/\/purehivehoney.com\/de\/wp-json\/wp\/v2\/product_tag?post=2482"}],"curies":[{"name":"wp","href":"https:\/\/api.w.org\/{rel}","templated":true}]}}