{"id":2472,"date":"2026-04-03T23:53:56","date_gmt":"2026-04-03T23:53:56","guid":{"rendered":"https:\/\/purehivehoney.com\/de\/product\/cabilock-lidded-glass-honey-pot-with-stirrers-airtight-storage-container-for-kitchen-durable-household-glass-container-for-honey-dry-food-storage-reusable\/"},"modified":"2026-04-03T23:54:18","modified_gmt":"2026-04-03T23:54:18","slug":"cabilock-lidded-glass-honey-pot-with-stirrers-airtight-storage-container-for-kitchen-durable-household-glass-container-for-honey-dry-food-storage-reusable","status":"publish","type":"product","link":"https:\/\/purehivehoney.com\/de\/product\/cabilock-lidded-glass-honey-pot-with-stirrers-airtight-storage-container-for-kitchen-durable-household-glass-container-for-honey-dry-food-storage-reusable\/","title":{"rendered":"Cabilock Lidded Glass Honey Pot wit..."},"content":{"rendered":"<p>    <span>Package list: <br \/>1 x Glass Honey Jar 2 x Stirrers <br \/>Features <br \/>&#8211; Product info: honey storage tank. <br \/>-Capacity: 380 ml honey container for storage. <br \/>&#8211; Material: glass honey glass as a guest gift. <br \/>&#8211; The lid can effectively isolate the outside air, ensuring that the food is dry and the honey container is made of clear glass. <br \/>&#8211; The transparent colour and creative shape can also be used as bee honey glass containers for kitchen decoration. <br \/>&#8211; The glass jar with lid can effectively prevent honey from getting out of the honey pots due to odor nuisance. <br \/>&#8211; The lid design can ensure the freshness and durability of honey storage in honey jars with lids. <br \/>&#8211; This is a perfect jar for storing and draining honey or other liquids in the home honey container. <br \/>Product Description <br \/>Honey pot thanks to fine grinding, the storage effect is pretty good. Glass jar with lid. Strong hardness and waterproof, keep your inner things safe. Small Honey Jars The product is suitable for long-term use. Honey container This is a high quality glass storage bottle and safe to use.<\/span>    <br \/>Honey storage jar &#8211; smooth surface without burrs, will not hurt or scratch your hands, glass with lid<br \/>Clear glass honey container &#8211; with stirrer that helps you mix and distribute the honey, honey pot with lid<br \/>Transparent honey pot &#8211; versatile, for pickling cucumbers, pepper, jam, also for storing snacks, cereals, flower tea spices etc., honey jar with lid<br \/>Glass &#8211; accepting small, robust and suitable for long-term use honey jars<br \/>Honey container &#8211; The lid is designed to effectively prevent honey from entering the pot, the container for bee honey<\/p>\n\n","protected":false},"excerpt":{"rendered":"<p>Package list: 1 x Glass Honey Jar 2 x Stirrers Features &#8211; Product info: honey storage tank. -Capacity: 380 ml honey container for storage. &#8211; Material: glass honey glass as a guest gift. &#8211; The lid can effectively isolate the outside air, ensuring that the food is dry and the honey container is made of [&hellip;]<\/p>\n","protected":false},"featured_media":2473,"comment_status":"open","ping_status":"closed","template":"","meta":{"_aipt_faq_data":""},"store":[],"product_brand":[294],"product_cat":[69],"product_tag":[91],"class_list":{"0":"post-2472","1":"product","2":"type-product","3":"status-publish","4":"has-post-thumbnail","6":"product_brand-cabilock","7":"product_cat-honig-probier-sets","8":"product_tag-honig-probier-sets-bio","10":"first","11":"instock","12":"shipping-taxable","13":"product-type-external"},"yoast_head":"<!-- This site is optimized with the Yoast SEO plugin v27.4 - https:\/\/yoast.com\/product\/yoast-seo-wordpress\/ -->\n<title>Cabilock Lidded Glass Honey Pot with Stirrers, Airtight Storage Container for Kitchen, Durable Household Glass Container for Honey, Dry Food Storage, Reusable - PureHiveHoney<\/title>\n<meta name=\"description\" content=\"Entdecken Sie hochwertigen Rohhonig, Bio Honig, Manuka Honig und nat\u00fcrliche Bienenprodukte. PureHiveHoney hilft Ihnen dabei, sorgf\u00e4ltig ausgew\u00e4hlte Honigsorten mit nat\u00fcrlicher Qualit\u00e4t und Reinheit zu entdecken.\" \/>\n<meta name=\"robots\" content=\"index, follow, max-snippet:-1, max-image-preview:large, max-video-preview:-1\" \/>\n<link rel=\"canonical\" href=\"https:\/\/purehivehoney.com\/de\/product\/cabilock-lidded-glass-honey-pot-with-stirrers-airtight-storage-container-for-kitchen-durable-household-glass-container-for-honey-dry-food-storage-reusable\/\" \/>\n<meta property=\"og:locale\" content=\"de_DE\" \/>\n<meta property=\"og:type\" content=\"article\" \/>\n<meta property=\"og:title\" content=\"Cabilock Lidded Glass Honey Pot with Stirrers, Airtight Storage Container for Kitchen, Durable Household Glass Container for Honey, Dry Food Storage, Reusable - PureHiveHoney\" \/>\n<meta property=\"og:description\" content=\"Entdecken Sie hochwertigen Rohhonig, Bio Honig, Manuka Honig und nat\u00fcrliche Bienenprodukte. PureHiveHoney hilft Ihnen dabei, sorgf\u00e4ltig ausgew\u00e4hlte Honigsorten mit nat\u00fcrlicher Qualit\u00e4t und Reinheit zu entdecken.\" \/>\n<meta property=\"og:url\" content=\"https:\/\/purehivehoney.com\/de\/product\/cabilock-lidded-glass-honey-pot-with-stirrers-airtight-storage-container-for-kitchen-durable-household-glass-container-for-honey-dry-food-storage-reusable\/\" \/>\n<meta property=\"og:site_name\" content=\"PureHiveHoney\" \/>\n<meta property=\"article:modified_time\" content=\"2026-04-03T23:54:18+00:00\" \/>\n<meta name=\"twitter:card\" content=\"summary_large_image\" \/>\n<meta name=\"twitter:label1\" content=\"Gesch\u00e4tzte Lesezeit\" \/>\n\t<meta name=\"twitter:data1\" content=\"1\u00a0Minute\" \/>\n<script type=\"application\/ld+json\" class=\"yoast-schema-graph\">{\"@context\":\"https:\\\/\\\/schema.org\",\"@graph\":[{\"@type\":\"WebPage\",\"@id\":\"https:\\\/\\\/purehivehoney.com\\\/de\\\/product\\\/cabilock-lidded-glass-honey-pot-with-stirrers-airtight-storage-container-for-kitchen-durable-household-glass-container-for-honey-dry-food-storage-reusable\\\/\",\"url\":\"https:\\\/\\\/purehivehoney.com\\\/de\\\/product\\\/cabilock-lidded-glass-honey-pot-with-stirrers-airtight-storage-container-for-kitchen-durable-household-glass-container-for-honey-dry-food-storage-reusable\\\/\",\"name\":\"Cabilock Lidded Glass Honey Pot with Stirrers, Airtight Storage Container for Kitchen, Durable Household Glass Container for Honey, Dry Food Storage, Reusable - PureHiveHoney\",\"isPartOf\":{\"@id\":\"https:\\\/\\\/purehivehoney.com\\\/de\\\/#website\"},\"primaryImageOfPage\":{\"@id\":\"https:\\\/\\\/purehivehoney.com\\\/de\\\/product\\\/cabilock-lidded-glass-honey-pot-with-stirrers-airtight-storage-container-for-kitchen-durable-household-glass-container-for-honey-dry-food-storage-reusable\\\/#primaryimage\"},\"image\":{\"@id\":\"https:\\\/\\\/purehivehoney.com\\\/de\\\/product\\\/cabilock-lidded-glass-honey-pot-with-stirrers-airtight-storage-container-for-kitchen-durable-household-glass-container-for-honey-dry-food-storage-reusable\\\/#primaryimage\"},\"thumbnailUrl\":\"https:\\\/\\\/purehivehoney.com\\\/de\\\/wp-content\\\/uploads\\\/2026\\\/04\\\/51bByjKhV3L._AC_SL1244_.jpg\",\"datePublished\":\"2026-04-03T23:53:56+00:00\",\"dateModified\":\"2026-04-03T23:54:18+00:00\",\"description\":\"Entdecken Sie hochwertigen Rohhonig, Bio Honig, Manuka Honig und nat\u00fcrliche Bienenprodukte. PureHiveHoney hilft Ihnen dabei, sorgf\u00e4ltig ausgew\u00e4hlte Honigsorten mit nat\u00fcrlicher Qualit\u00e4t und Reinheit zu entdecken.\",\"breadcrumb\":{\"@id\":\"https:\\\/\\\/purehivehoney.com\\\/de\\\/product\\\/cabilock-lidded-glass-honey-pot-with-stirrers-airtight-storage-container-for-kitchen-durable-household-glass-container-for-honey-dry-food-storage-reusable\\\/#breadcrumb\"},\"inLanguage\":\"de\",\"potentialAction\":[{\"@type\":\"ReadAction\",\"target\":[\"https:\\\/\\\/purehivehoney.com\\\/de\\\/product\\\/cabilock-lidded-glass-honey-pot-with-stirrers-airtight-storage-container-for-kitchen-durable-household-glass-container-for-honey-dry-food-storage-reusable\\\/\"]}]},{\"@type\":\"ImageObject\",\"inLanguage\":\"de\",\"@id\":\"https:\\\/\\\/purehivehoney.com\\\/de\\\/product\\\/cabilock-lidded-glass-honey-pot-with-stirrers-airtight-storage-container-for-kitchen-durable-household-glass-container-for-honey-dry-food-storage-reusable\\\/#primaryimage\",\"url\":\"https:\\\/\\\/purehivehoney.com\\\/de\\\/wp-content\\\/uploads\\\/2026\\\/04\\\/51bByjKhV3L._AC_SL1244_.jpg\",\"contentUrl\":\"https:\\\/\\\/purehivehoney.com\\\/de\\\/wp-content\\\/uploads\\\/2026\\\/04\\\/51bByjKhV3L._AC_SL1244_.jpg\",\"width\":992,\"height\":1041},{\"@type\":\"BreadcrumbList\",\"@id\":\"https:\\\/\\\/purehivehoney.com\\\/de\\\/product\\\/cabilock-lidded-glass-honey-pot-with-stirrers-airtight-storage-container-for-kitchen-durable-household-glass-container-for-honey-dry-food-storage-reusable\\\/#breadcrumb\",\"itemListElement\":[{\"@type\":\"ListItem\",\"position\":1,\"name\":\"Home\",\"item\":\"https:\\\/\\\/purehivehoney.com\\\/de\\\/\"},{\"@type\":\"ListItem\",\"position\":2,\"name\":\"Shop\",\"item\":\"https:\\\/\\\/purehivehoney.com\\\/de\\\/shop\\\/\"},{\"@type\":\"ListItem\",\"position\":3,\"name\":\"Cabilock Lidded Glass Honey Pot wit...\"}]},{\"@type\":\"WebSite\",\"@id\":\"https:\\\/\\\/purehivehoney.com\\\/de\\\/#website\",\"url\":\"https:\\\/\\\/purehivehoney.com\\\/de\\\/\",\"name\":\"PureHiveHoney\",\"description\":\"Reiner Honig &amp; Bienenprodukte Online | Rohhonig, Bio Honig &amp; Spezialhonig\",\"publisher\":{\"@id\":\"https:\\\/\\\/purehivehoney.com\\\/de\\\/#organization\"},\"potentialAction\":[{\"@type\":\"SearchAction\",\"target\":{\"@type\":\"EntryPoint\",\"urlTemplate\":\"https:\\\/\\\/purehivehoney.com\\\/de\\\/?s={search_term_string}\"},\"query-input\":{\"@type\":\"PropertyValueSpecification\",\"valueRequired\":true,\"valueName\":\"search_term_string\"}}],\"inLanguage\":\"de\"},{\"@type\":\"Organization\",\"@id\":\"https:\\\/\\\/purehivehoney.com\\\/de\\\/#organization\",\"name\":\"PureHiveHoney\",\"url\":\"https:\\\/\\\/purehivehoney.com\\\/de\\\/\",\"logo\":{\"@type\":\"ImageObject\",\"inLanguage\":\"de\",\"@id\":\"https:\\\/\\\/purehivehoney.com\\\/de\\\/#\\\/schema\\\/logo\\\/image\\\/\",\"url\":\"https:\\\/\\\/purehivehoney.com\\\/de\\\/wp-content\\\/uploads\\\/2026\\\/03\\\/Screenshot-2026-03-16-at-1.06.01-AM.png\",\"contentUrl\":\"https:\\\/\\\/purehivehoney.com\\\/de\\\/wp-content\\\/uploads\\\/2026\\\/03\\\/Screenshot-2026-03-16-at-1.06.01-AM.png\",\"width\":2112,\"height\":1086,\"caption\":\"PureHiveHoney\"},\"image\":{\"@id\":\"https:\\\/\\\/purehivehoney.com\\\/de\\\/#\\\/schema\\\/logo\\\/image\\\/\"}}]}<\/script>\n<!-- \/ Yoast SEO plugin. -->","yoast_head_json":{"title":"Cabilock Lidded Glass Honey Pot with Stirrers, Airtight Storage Container for Kitchen, Durable Household Glass Container for Honey, Dry Food Storage, Reusable - PureHiveHoney","description":"Entdecken Sie hochwertigen Rohhonig, Bio Honig, Manuka Honig und nat\u00fcrliche Bienenprodukte. PureHiveHoney hilft Ihnen dabei, sorgf\u00e4ltig ausgew\u00e4hlte Honigsorten mit nat\u00fcrlicher Qualit\u00e4t und Reinheit zu entdecken.","robots":{"index":"index","follow":"follow","max-snippet":"max-snippet:-1","max-image-preview":"max-image-preview:large","max-video-preview":"max-video-preview:-1"},"canonical":"https:\/\/purehivehoney.com\/de\/product\/cabilock-lidded-glass-honey-pot-with-stirrers-airtight-storage-container-for-kitchen-durable-household-glass-container-for-honey-dry-food-storage-reusable\/","og_locale":"de_DE","og_type":"article","og_title":"Cabilock Lidded Glass Honey Pot with Stirrers, Airtight Storage Container for Kitchen, Durable Household Glass Container for Honey, Dry Food Storage, Reusable - PureHiveHoney","og_description":"Entdecken Sie hochwertigen Rohhonig, Bio Honig, Manuka Honig und nat\u00fcrliche Bienenprodukte. PureHiveHoney hilft Ihnen dabei, sorgf\u00e4ltig ausgew\u00e4hlte Honigsorten mit nat\u00fcrlicher Qualit\u00e4t und Reinheit zu entdecken.","og_url":"https:\/\/purehivehoney.com\/de\/product\/cabilock-lidded-glass-honey-pot-with-stirrers-airtight-storage-container-for-kitchen-durable-household-glass-container-for-honey-dry-food-storage-reusable\/","og_site_name":"PureHiveHoney","article_modified_time":"2026-04-03T23:54:18+00:00","twitter_card":"summary_large_image","twitter_misc":{"Gesch\u00e4tzte Lesezeit":"1\u00a0Minute"},"schema":{"@context":"https:\/\/schema.org","@graph":[{"@type":"WebPage","@id":"https:\/\/purehivehoney.com\/de\/product\/cabilock-lidded-glass-honey-pot-with-stirrers-airtight-storage-container-for-kitchen-durable-household-glass-container-for-honey-dry-food-storage-reusable\/","url":"https:\/\/purehivehoney.com\/de\/product\/cabilock-lidded-glass-honey-pot-with-stirrers-airtight-storage-container-for-kitchen-durable-household-glass-container-for-honey-dry-food-storage-reusable\/","name":"Cabilock Lidded Glass Honey Pot with Stirrers, Airtight Storage Container for Kitchen, Durable Household Glass Container for Honey, Dry Food Storage, Reusable - PureHiveHoney","isPartOf":{"@id":"https:\/\/purehivehoney.com\/de\/#website"},"primaryImageOfPage":{"@id":"https:\/\/purehivehoney.com\/de\/product\/cabilock-lidded-glass-honey-pot-with-stirrers-airtight-storage-container-for-kitchen-durable-household-glass-container-for-honey-dry-food-storage-reusable\/#primaryimage"},"image":{"@id":"https:\/\/purehivehoney.com\/de\/product\/cabilock-lidded-glass-honey-pot-with-stirrers-airtight-storage-container-for-kitchen-durable-household-glass-container-for-honey-dry-food-storage-reusable\/#primaryimage"},"thumbnailUrl":"https:\/\/purehivehoney.com\/de\/wp-content\/uploads\/2026\/04\/51bByjKhV3L._AC_SL1244_.jpg","datePublished":"2026-04-03T23:53:56+00:00","dateModified":"2026-04-03T23:54:18+00:00","description":"Entdecken Sie hochwertigen Rohhonig, Bio Honig, Manuka Honig und nat\u00fcrliche Bienenprodukte. PureHiveHoney hilft Ihnen dabei, sorgf\u00e4ltig ausgew\u00e4hlte Honigsorten mit nat\u00fcrlicher Qualit\u00e4t und Reinheit zu entdecken.","breadcrumb":{"@id":"https:\/\/purehivehoney.com\/de\/product\/cabilock-lidded-glass-honey-pot-with-stirrers-airtight-storage-container-for-kitchen-durable-household-glass-container-for-honey-dry-food-storage-reusable\/#breadcrumb"},"inLanguage":"de","potentialAction":[{"@type":"ReadAction","target":["https:\/\/purehivehoney.com\/de\/product\/cabilock-lidded-glass-honey-pot-with-stirrers-airtight-storage-container-for-kitchen-durable-household-glass-container-for-honey-dry-food-storage-reusable\/"]}]},{"@type":"ImageObject","inLanguage":"de","@id":"https:\/\/purehivehoney.com\/de\/product\/cabilock-lidded-glass-honey-pot-with-stirrers-airtight-storage-container-for-kitchen-durable-household-glass-container-for-honey-dry-food-storage-reusable\/#primaryimage","url":"https:\/\/purehivehoney.com\/de\/wp-content\/uploads\/2026\/04\/51bByjKhV3L._AC_SL1244_.jpg","contentUrl":"https:\/\/purehivehoney.com\/de\/wp-content\/uploads\/2026\/04\/51bByjKhV3L._AC_SL1244_.jpg","width":992,"height":1041},{"@type":"BreadcrumbList","@id":"https:\/\/purehivehoney.com\/de\/product\/cabilock-lidded-glass-honey-pot-with-stirrers-airtight-storage-container-for-kitchen-durable-household-glass-container-for-honey-dry-food-storage-reusable\/#breadcrumb","itemListElement":[{"@type":"ListItem","position":1,"name":"Home","item":"https:\/\/purehivehoney.com\/de\/"},{"@type":"ListItem","position":2,"name":"Shop","item":"https:\/\/purehivehoney.com\/de\/shop\/"},{"@type":"ListItem","position":3,"name":"Cabilock Lidded Glass Honey Pot wit..."}]},{"@type":"WebSite","@id":"https:\/\/purehivehoney.com\/de\/#website","url":"https:\/\/purehivehoney.com\/de\/","name":"PureHiveHoney","description":"Reiner Honig &amp; Bienenprodukte Online | Rohhonig, Bio Honig &amp; Spezialhonig","publisher":{"@id":"https:\/\/purehivehoney.com\/de\/#organization"},"potentialAction":[{"@type":"SearchAction","target":{"@type":"EntryPoint","urlTemplate":"https:\/\/purehivehoney.com\/de\/?s={search_term_string}"},"query-input":{"@type":"PropertyValueSpecification","valueRequired":true,"valueName":"search_term_string"}}],"inLanguage":"de"},{"@type":"Organization","@id":"https:\/\/purehivehoney.com\/de\/#organization","name":"PureHiveHoney","url":"https:\/\/purehivehoney.com\/de\/","logo":{"@type":"ImageObject","inLanguage":"de","@id":"https:\/\/purehivehoney.com\/de\/#\/schema\/logo\/image\/","url":"https:\/\/purehivehoney.com\/de\/wp-content\/uploads\/2026\/03\/Screenshot-2026-03-16-at-1.06.01-AM.png","contentUrl":"https:\/\/purehivehoney.com\/de\/wp-content\/uploads\/2026\/03\/Screenshot-2026-03-16-at-1.06.01-AM.png","width":2112,"height":1086,"caption":"PureHiveHoney"},"image":{"@id":"https:\/\/purehivehoney.com\/de\/#\/schema\/logo\/image\/"}}]}},"_links":{"self":[{"href":"https:\/\/purehivehoney.com\/de\/wp-json\/wp\/v2\/product\/2472","targetHints":{"allow":["GET"]}}],"collection":[{"href":"https:\/\/purehivehoney.com\/de\/wp-json\/wp\/v2\/product"}],"about":[{"href":"https:\/\/purehivehoney.com\/de\/wp-json\/wp\/v2\/types\/product"}],"replies":[{"embeddable":true,"href":"https:\/\/purehivehoney.com\/de\/wp-json\/wp\/v2\/comments?post=2472"}],"wp:featuredmedia":[{"embeddable":true,"href":"https:\/\/purehivehoney.com\/de\/wp-json\/wp\/v2\/media\/2473"}],"wp:attachment":[{"href":"https:\/\/purehivehoney.com\/de\/wp-json\/wp\/v2\/media?parent=2472"}],"wp:term":[{"taxonomy":"store","embeddable":true,"href":"https:\/\/purehivehoney.com\/de\/wp-json\/wp\/v2\/store?post=2472"},{"taxonomy":"product_brand","embeddable":true,"href":"https:\/\/purehivehoney.com\/de\/wp-json\/wp\/v2\/product_brand?post=2472"},{"taxonomy":"product_cat","embeddable":true,"href":"https:\/\/purehivehoney.com\/de\/wp-json\/wp\/v2\/product_cat?post=2472"},{"taxonomy":"product_tag","embeddable":true,"href":"https:\/\/purehivehoney.com\/de\/wp-json\/wp\/v2\/product_tag?post=2472"}],"curies":[{"name":"wp","href":"https:\/\/api.w.org\/{rel}","templated":true}]}}