{"id":2455,"date":"2026-04-03T21:11:41","date_gmt":"2026-04-03T21:11:41","guid":{"rendered":"https:\/\/purehivehoney.com\/de\/product\/stobaza-honey-pot-with-lid-honey-holder-honey-stirrer-server-for-storage-in-the-kitchen\/"},"modified":"2026-04-03T21:12:01","modified_gmt":"2026-04-03T21:12:01","slug":"stobaza-honey-pot-with-lid-honey-holder-honey-stirrer-server-for-storage-in-the-kitchen","status":"publish","type":"product","link":"https:\/\/purehivehoney.com\/de\/product\/stobaza-honey-pot-with-lid-honey-holder-honey-stirrer-server-for-storage-in-the-kitchen\/","title":{"rendered":"STOBAZA Honey Pot with Lid Honey Ho..."},"content":{"rendered":"<p>    <span>Package list: <br \/>1 x honey glass glass, 2 x stirrers. <br \/>Features <br \/>&#8211; Smooth surface without burrs, will not hurt your hands or scratch honey dispenser. <br \/>Material: honey container with glass lid. <br \/>Capacity: 380 ml kitchen storage jar <br \/>Multi-purpose, can be pickled, peppered, jam, also can store snacks, grains, spices for flower tea, etc. <br \/>&#8211; High-quality robust glass material, storage jar a harmless transparent honey jar. <br \/>&#8211; With a blender stick, honey can be easily taken with you at home. <br \/>&#8211; Transparent appearance allows you to easily observe change of decorative honey jar. <br \/>Product Info <br \/>Honey bottle empty. This item is a honey storage jar, high quality glass material, safe handy. Syrup Sugar Beehive Jar Looking for a honey storage jar for home? If , then check out storage containers, we have already prepared for <br \/>Reusable<\/span>    <br \/>Clear honey glass with ladle &#8211; a variety of uses, can be pickled, peppered, jam, can also store snacks, cereals, flower tea spice<br \/>Clear honey glass \u2013 glass with lid can effectively protect honey odour pollution.<br \/>Heat-resistant honey storage \u2013 thanks to the clear design of the honey jar, your food can easily identify excess in the pot.<br \/>Honey container with lid &#8211; syrup dispenser high-quality material, robust for long-term use.<br \/>Small Jars &#8211; Lid keeps honey away other contaminants.<\/p>\n\n","protected":false},"excerpt":{"rendered":"<p>Package list: 1 x honey glass glass, 2 x stirrers. Features &#8211; Smooth surface without burrs, will not hurt your hands or scratch honey dispenser. Material: honey container with glass lid. Capacity: 380 ml kitchen storage jar Multi-purpose, can be pickled, peppered, jam, also can store snacks, grains, spices for flower tea, etc. &#8211; High-quality [&hellip;]<\/p>\n","protected":false},"featured_media":2456,"comment_status":"open","ping_status":"closed","template":"","meta":{"_aipt_faq_data":""},"store":[],"product_brand":[344],"product_cat":[69],"product_tag":[91],"class_list":{"0":"post-2455","1":"product","2":"type-product","3":"status-publish","4":"has-post-thumbnail","6":"product_brand-stobaza","7":"product_cat-honig-probier-sets","8":"product_tag-honig-probier-sets-bio","10":"first","11":"instock","12":"shipping-taxable","13":"product-type-external"},"yoast_head":"<!-- This site is optimized with the Yoast SEO plugin v27.4 - https:\/\/yoast.com\/product\/yoast-seo-wordpress\/ -->\n<title>STOBAZA Honey Pot with Lid Honey Holder Honey Stirrer Server for Storage in the Kitchen - PureHiveHoney<\/title>\n<meta name=\"description\" content=\"Entdecken Sie hochwertigen Rohhonig, Bio Honig, Manuka Honig und nat\u00fcrliche Bienenprodukte. PureHiveHoney hilft Ihnen dabei, sorgf\u00e4ltig ausgew\u00e4hlte Honigsorten mit nat\u00fcrlicher Qualit\u00e4t und Reinheit zu entdecken.\" \/>\n<meta name=\"robots\" content=\"index, follow, max-snippet:-1, max-image-preview:large, max-video-preview:-1\" \/>\n<link rel=\"canonical\" href=\"https:\/\/purehivehoney.com\/de\/product\/stobaza-honey-pot-with-lid-honey-holder-honey-stirrer-server-for-storage-in-the-kitchen\/\" \/>\n<meta property=\"og:locale\" content=\"de_DE\" \/>\n<meta property=\"og:type\" content=\"article\" \/>\n<meta property=\"og:title\" content=\"STOBAZA Honey Pot with Lid Honey Holder Honey Stirrer Server for Storage in the Kitchen - PureHiveHoney\" \/>\n<meta property=\"og:description\" content=\"Entdecken Sie hochwertigen Rohhonig, Bio Honig, Manuka Honig und nat\u00fcrliche Bienenprodukte. PureHiveHoney hilft Ihnen dabei, sorgf\u00e4ltig ausgew\u00e4hlte Honigsorten mit nat\u00fcrlicher Qualit\u00e4t und Reinheit zu entdecken.\" \/>\n<meta property=\"og:url\" content=\"https:\/\/purehivehoney.com\/de\/product\/stobaza-honey-pot-with-lid-honey-holder-honey-stirrer-server-for-storage-in-the-kitchen\/\" \/>\n<meta property=\"og:site_name\" content=\"PureHiveHoney\" \/>\n<meta property=\"article:modified_time\" content=\"2026-04-03T21:12:01+00:00\" \/>\n<meta name=\"twitter:card\" content=\"summary_large_image\" \/>\n<meta name=\"twitter:label1\" content=\"Gesch\u00e4tzte Lesezeit\" \/>\n\t<meta name=\"twitter:data1\" content=\"1\u00a0Minute\" \/>\n<script type=\"application\/ld+json\" class=\"yoast-schema-graph\">{\"@context\":\"https:\\\/\\\/schema.org\",\"@graph\":[{\"@type\":\"WebPage\",\"@id\":\"https:\\\/\\\/purehivehoney.com\\\/de\\\/product\\\/stobaza-honey-pot-with-lid-honey-holder-honey-stirrer-server-for-storage-in-the-kitchen\\\/\",\"url\":\"https:\\\/\\\/purehivehoney.com\\\/de\\\/product\\\/stobaza-honey-pot-with-lid-honey-holder-honey-stirrer-server-for-storage-in-the-kitchen\\\/\",\"name\":\"STOBAZA Honey Pot with Lid Honey Holder Honey Stirrer Server for Storage in the Kitchen - PureHiveHoney\",\"isPartOf\":{\"@id\":\"https:\\\/\\\/purehivehoney.com\\\/de\\\/#website\"},\"primaryImageOfPage\":{\"@id\":\"https:\\\/\\\/purehivehoney.com\\\/de\\\/product\\\/stobaza-honey-pot-with-lid-honey-holder-honey-stirrer-server-for-storage-in-the-kitchen\\\/#primaryimage\"},\"image\":{\"@id\":\"https:\\\/\\\/purehivehoney.com\\\/de\\\/product\\\/stobaza-honey-pot-with-lid-honey-holder-honey-stirrer-server-for-storage-in-the-kitchen\\\/#primaryimage\"},\"thumbnailUrl\":\"https:\\\/\\\/purehivehoney.com\\\/de\\\/wp-content\\\/uploads\\\/2026\\\/04\\\/51z9QOUnGBL._AC_SL1341_.jpg\",\"datePublished\":\"2026-04-03T21:11:41+00:00\",\"dateModified\":\"2026-04-03T21:12:01+00:00\",\"description\":\"Entdecken Sie hochwertigen Rohhonig, Bio Honig, Manuka Honig und nat\u00fcrliche Bienenprodukte. PureHiveHoney hilft Ihnen dabei, sorgf\u00e4ltig ausgew\u00e4hlte Honigsorten mit nat\u00fcrlicher Qualit\u00e4t und Reinheit zu entdecken.\",\"breadcrumb\":{\"@id\":\"https:\\\/\\\/purehivehoney.com\\\/de\\\/product\\\/stobaza-honey-pot-with-lid-honey-holder-honey-stirrer-server-for-storage-in-the-kitchen\\\/#breadcrumb\"},\"inLanguage\":\"de\",\"potentialAction\":[{\"@type\":\"ReadAction\",\"target\":[\"https:\\\/\\\/purehivehoney.com\\\/de\\\/product\\\/stobaza-honey-pot-with-lid-honey-holder-honey-stirrer-server-for-storage-in-the-kitchen\\\/\"]}]},{\"@type\":\"ImageObject\",\"inLanguage\":\"de\",\"@id\":\"https:\\\/\\\/purehivehoney.com\\\/de\\\/product\\\/stobaza-honey-pot-with-lid-honey-holder-honey-stirrer-server-for-storage-in-the-kitchen\\\/#primaryimage\",\"url\":\"https:\\\/\\\/purehivehoney.com\\\/de\\\/wp-content\\\/uploads\\\/2026\\\/04\\\/51z9QOUnGBL._AC_SL1341_.jpg\",\"contentUrl\":\"https:\\\/\\\/purehivehoney.com\\\/de\\\/wp-content\\\/uploads\\\/2026\\\/04\\\/51z9QOUnGBL._AC_SL1341_.jpg\",\"width\":943,\"height\":1139},{\"@type\":\"BreadcrumbList\",\"@id\":\"https:\\\/\\\/purehivehoney.com\\\/de\\\/product\\\/stobaza-honey-pot-with-lid-honey-holder-honey-stirrer-server-for-storage-in-the-kitchen\\\/#breadcrumb\",\"itemListElement\":[{\"@type\":\"ListItem\",\"position\":1,\"name\":\"Home\",\"item\":\"https:\\\/\\\/purehivehoney.com\\\/de\\\/\"},{\"@type\":\"ListItem\",\"position\":2,\"name\":\"Shop\",\"item\":\"https:\\\/\\\/purehivehoney.com\\\/de\\\/shop\\\/\"},{\"@type\":\"ListItem\",\"position\":3,\"name\":\"STOBAZA Honey Pot with Lid Honey Ho...\"}]},{\"@type\":\"WebSite\",\"@id\":\"https:\\\/\\\/purehivehoney.com\\\/de\\\/#website\",\"url\":\"https:\\\/\\\/purehivehoney.com\\\/de\\\/\",\"name\":\"PureHiveHoney\",\"description\":\"Reiner Honig &amp; Bienenprodukte Online | Rohhonig, Bio Honig &amp; Spezialhonig\",\"publisher\":{\"@id\":\"https:\\\/\\\/purehivehoney.com\\\/de\\\/#organization\"},\"potentialAction\":[{\"@type\":\"SearchAction\",\"target\":{\"@type\":\"EntryPoint\",\"urlTemplate\":\"https:\\\/\\\/purehivehoney.com\\\/de\\\/?s={search_term_string}\"},\"query-input\":{\"@type\":\"PropertyValueSpecification\",\"valueRequired\":true,\"valueName\":\"search_term_string\"}}],\"inLanguage\":\"de\"},{\"@type\":\"Organization\",\"@id\":\"https:\\\/\\\/purehivehoney.com\\\/de\\\/#organization\",\"name\":\"PureHiveHoney\",\"url\":\"https:\\\/\\\/purehivehoney.com\\\/de\\\/\",\"logo\":{\"@type\":\"ImageObject\",\"inLanguage\":\"de\",\"@id\":\"https:\\\/\\\/purehivehoney.com\\\/de\\\/#\\\/schema\\\/logo\\\/image\\\/\",\"url\":\"https:\\\/\\\/purehivehoney.com\\\/de\\\/wp-content\\\/uploads\\\/2026\\\/03\\\/Screenshot-2026-03-16-at-1.06.01-AM.png\",\"contentUrl\":\"https:\\\/\\\/purehivehoney.com\\\/de\\\/wp-content\\\/uploads\\\/2026\\\/03\\\/Screenshot-2026-03-16-at-1.06.01-AM.png\",\"width\":2112,\"height\":1086,\"caption\":\"PureHiveHoney\"},\"image\":{\"@id\":\"https:\\\/\\\/purehivehoney.com\\\/de\\\/#\\\/schema\\\/logo\\\/image\\\/\"}}]}<\/script>\n<!-- \/ Yoast SEO plugin. -->","yoast_head_json":{"title":"STOBAZA Honey Pot with Lid Honey Holder Honey Stirrer Server for Storage in the Kitchen - PureHiveHoney","description":"Entdecken Sie hochwertigen Rohhonig, Bio Honig, Manuka Honig und nat\u00fcrliche Bienenprodukte. PureHiveHoney hilft Ihnen dabei, sorgf\u00e4ltig ausgew\u00e4hlte Honigsorten mit nat\u00fcrlicher Qualit\u00e4t und Reinheit zu entdecken.","robots":{"index":"index","follow":"follow","max-snippet":"max-snippet:-1","max-image-preview":"max-image-preview:large","max-video-preview":"max-video-preview:-1"},"canonical":"https:\/\/purehivehoney.com\/de\/product\/stobaza-honey-pot-with-lid-honey-holder-honey-stirrer-server-for-storage-in-the-kitchen\/","og_locale":"de_DE","og_type":"article","og_title":"STOBAZA Honey Pot with Lid Honey Holder Honey Stirrer Server for Storage in the Kitchen - PureHiveHoney","og_description":"Entdecken Sie hochwertigen Rohhonig, Bio Honig, Manuka Honig und nat\u00fcrliche Bienenprodukte. PureHiveHoney hilft Ihnen dabei, sorgf\u00e4ltig ausgew\u00e4hlte Honigsorten mit nat\u00fcrlicher Qualit\u00e4t und Reinheit zu entdecken.","og_url":"https:\/\/purehivehoney.com\/de\/product\/stobaza-honey-pot-with-lid-honey-holder-honey-stirrer-server-for-storage-in-the-kitchen\/","og_site_name":"PureHiveHoney","article_modified_time":"2026-04-03T21:12:01+00:00","twitter_card":"summary_large_image","twitter_misc":{"Gesch\u00e4tzte Lesezeit":"1\u00a0Minute"},"schema":{"@context":"https:\/\/schema.org","@graph":[{"@type":"WebPage","@id":"https:\/\/purehivehoney.com\/de\/product\/stobaza-honey-pot-with-lid-honey-holder-honey-stirrer-server-for-storage-in-the-kitchen\/","url":"https:\/\/purehivehoney.com\/de\/product\/stobaza-honey-pot-with-lid-honey-holder-honey-stirrer-server-for-storage-in-the-kitchen\/","name":"STOBAZA Honey Pot with Lid Honey Holder Honey Stirrer Server for Storage in the Kitchen - PureHiveHoney","isPartOf":{"@id":"https:\/\/purehivehoney.com\/de\/#website"},"primaryImageOfPage":{"@id":"https:\/\/purehivehoney.com\/de\/product\/stobaza-honey-pot-with-lid-honey-holder-honey-stirrer-server-for-storage-in-the-kitchen\/#primaryimage"},"image":{"@id":"https:\/\/purehivehoney.com\/de\/product\/stobaza-honey-pot-with-lid-honey-holder-honey-stirrer-server-for-storage-in-the-kitchen\/#primaryimage"},"thumbnailUrl":"https:\/\/purehivehoney.com\/de\/wp-content\/uploads\/2026\/04\/51z9QOUnGBL._AC_SL1341_.jpg","datePublished":"2026-04-03T21:11:41+00:00","dateModified":"2026-04-03T21:12:01+00:00","description":"Entdecken Sie hochwertigen Rohhonig, Bio Honig, Manuka Honig und nat\u00fcrliche Bienenprodukte. PureHiveHoney hilft Ihnen dabei, sorgf\u00e4ltig ausgew\u00e4hlte Honigsorten mit nat\u00fcrlicher Qualit\u00e4t und Reinheit zu entdecken.","breadcrumb":{"@id":"https:\/\/purehivehoney.com\/de\/product\/stobaza-honey-pot-with-lid-honey-holder-honey-stirrer-server-for-storage-in-the-kitchen\/#breadcrumb"},"inLanguage":"de","potentialAction":[{"@type":"ReadAction","target":["https:\/\/purehivehoney.com\/de\/product\/stobaza-honey-pot-with-lid-honey-holder-honey-stirrer-server-for-storage-in-the-kitchen\/"]}]},{"@type":"ImageObject","inLanguage":"de","@id":"https:\/\/purehivehoney.com\/de\/product\/stobaza-honey-pot-with-lid-honey-holder-honey-stirrer-server-for-storage-in-the-kitchen\/#primaryimage","url":"https:\/\/purehivehoney.com\/de\/wp-content\/uploads\/2026\/04\/51z9QOUnGBL._AC_SL1341_.jpg","contentUrl":"https:\/\/purehivehoney.com\/de\/wp-content\/uploads\/2026\/04\/51z9QOUnGBL._AC_SL1341_.jpg","width":943,"height":1139},{"@type":"BreadcrumbList","@id":"https:\/\/purehivehoney.com\/de\/product\/stobaza-honey-pot-with-lid-honey-holder-honey-stirrer-server-for-storage-in-the-kitchen\/#breadcrumb","itemListElement":[{"@type":"ListItem","position":1,"name":"Home","item":"https:\/\/purehivehoney.com\/de\/"},{"@type":"ListItem","position":2,"name":"Shop","item":"https:\/\/purehivehoney.com\/de\/shop\/"},{"@type":"ListItem","position":3,"name":"STOBAZA Honey Pot with Lid Honey Ho..."}]},{"@type":"WebSite","@id":"https:\/\/purehivehoney.com\/de\/#website","url":"https:\/\/purehivehoney.com\/de\/","name":"PureHiveHoney","description":"Reiner Honig &amp; Bienenprodukte Online | Rohhonig, Bio Honig &amp; Spezialhonig","publisher":{"@id":"https:\/\/purehivehoney.com\/de\/#organization"},"potentialAction":[{"@type":"SearchAction","target":{"@type":"EntryPoint","urlTemplate":"https:\/\/purehivehoney.com\/de\/?s={search_term_string}"},"query-input":{"@type":"PropertyValueSpecification","valueRequired":true,"valueName":"search_term_string"}}],"inLanguage":"de"},{"@type":"Organization","@id":"https:\/\/purehivehoney.com\/de\/#organization","name":"PureHiveHoney","url":"https:\/\/purehivehoney.com\/de\/","logo":{"@type":"ImageObject","inLanguage":"de","@id":"https:\/\/purehivehoney.com\/de\/#\/schema\/logo\/image\/","url":"https:\/\/purehivehoney.com\/de\/wp-content\/uploads\/2026\/03\/Screenshot-2026-03-16-at-1.06.01-AM.png","contentUrl":"https:\/\/purehivehoney.com\/de\/wp-content\/uploads\/2026\/03\/Screenshot-2026-03-16-at-1.06.01-AM.png","width":2112,"height":1086,"caption":"PureHiveHoney"},"image":{"@id":"https:\/\/purehivehoney.com\/de\/#\/schema\/logo\/image\/"}}]}},"_links":{"self":[{"href":"https:\/\/purehivehoney.com\/de\/wp-json\/wp\/v2\/product\/2455","targetHints":{"allow":["GET"]}}],"collection":[{"href":"https:\/\/purehivehoney.com\/de\/wp-json\/wp\/v2\/product"}],"about":[{"href":"https:\/\/purehivehoney.com\/de\/wp-json\/wp\/v2\/types\/product"}],"replies":[{"embeddable":true,"href":"https:\/\/purehivehoney.com\/de\/wp-json\/wp\/v2\/comments?post=2455"}],"wp:featuredmedia":[{"embeddable":true,"href":"https:\/\/purehivehoney.com\/de\/wp-json\/wp\/v2\/media\/2456"}],"wp:attachment":[{"href":"https:\/\/purehivehoney.com\/de\/wp-json\/wp\/v2\/media?parent=2455"}],"wp:term":[{"taxonomy":"store","embeddable":true,"href":"https:\/\/purehivehoney.com\/de\/wp-json\/wp\/v2\/store?post=2455"},{"taxonomy":"product_brand","embeddable":true,"href":"https:\/\/purehivehoney.com\/de\/wp-json\/wp\/v2\/product_brand?post=2455"},{"taxonomy":"product_cat","embeddable":true,"href":"https:\/\/purehivehoney.com\/de\/wp-json\/wp\/v2\/product_cat?post=2455"},{"taxonomy":"product_tag","embeddable":true,"href":"https:\/\/purehivehoney.com\/de\/wp-json\/wp\/v2\/product_tag?post=2455"}],"curies":[{"name":"wp","href":"https:\/\/api.w.org\/{rel}","templated":true}]}}