{"id":245,"date":"2026-03-15T20:17:13","date_gmt":"2026-03-15T20:17:13","guid":{"rendered":"https:\/\/purehivehoney.com\/de\/product\/raw-greek-honey-100-pure-vanilla-fir-960g-vanilia-the-rarest-greek-honey-from-the-black-forest-of-mainalo\/"},"modified":"2026-03-15T23:36:13","modified_gmt":"2026-03-15T23:36:13","slug":"raw-greek-honey-100-pure-vanilla-fir-960g-vanilia-the-rarest-greek-honey-from-the-black-forest-of-mainalo","status":"publish","type":"product","link":"https:\/\/purehivehoney.com\/de\/product\/raw-greek-honey-100-pure-vanilla-fir-960g-vanilia-the-rarest-greek-honey-from-the-black-forest-of-mainalo\/","title":{"rendered":"Raw Greek Honey 100% Pure &#8211; V..."},"content":{"rendered":"<p>    <span>Raw, pure, small Greek honey. <\/span><span>The rarest Greek honeys and arguably one of the best in the world. <\/span><br \/><span>This honey never crystallizes, but retains its soft, smooth and velvety consistency forever. <\/span><br \/><span>It contains several nutritional and health benefits with its abundance of antibiotic, antiseptic and antioxidant elements, enzymes, vitamins, minerals, metals and proteins. It helps to prevent all kinds of discomfort, not least the strong boost that gives the immune system. <\/span><br \/><span>Yiri Yiri honeys are high quality artisanal products and are happier in warmer temperatures. So please keep them in the warmest place of your kitchen.<\/span><br \/> Product Dimensions                                            \u200f                                            :                                            \u200e                                            8.6 x 8.6 x 14 cm; 960 g   <br \/> Manufacturer                                            \u200f                                            :                                            \u200e                                            Yiri Yiri Greek Honey   <br \/> ASIN                                            \u200f                                            :                                            \u200e                                            B09JQQFMVG   <br \/>The rarest Greek honeys and arguably one of the best in the world. It is only found in the black fir forest of Mainalo in the Peloponnese. This is the first time in 7 years we have a harvest as it is particularly sensitive to weather.<br \/>It is a unique monoculture honey with PDO status (Protected Designation of Origin)<br \/>Its beautiful mother of pearl look, wonderful perfume, thick, smooth, silky texture and earthy vanilla, toffee, caramel flavour is unique among honey. Unfortunately, for this harvest, the unusual and extreme temperatures in Greece this summer have caused the mother of pearl effect to stand out less. The velvety texture, taste and powerful properties remain intellectually unchanged.<br \/>This exquisite honey crystallizes and never changes its silky, smooth texture.<br \/>Traditionally produced on the small rural farm Sinanoglou. No pesticides, chemicals or dyes used at any stage of production. Unfiltered, unheated and unpasteurised. Raw Greek honey is considered due to the extraordinary variety of flora and the unlimited, powerful summer sun. In Greek raw honey there are substances, as yet unidentified, which may be partly responsible for its rather amazing properties.<\/p>\n\n","protected":false},"excerpt":{"rendered":"<p>Raw, pure, small Greek honey. The rarest Greek honeys and arguably one of the best in the world. This honey never crystallizes, but retains its soft, smooth and velvety consistency forever. It contains several nutritional and health benefits with its abundance of antibiotic, antiseptic and antioxidant elements, enzymes, vitamins, minerals, metals and proteins. It helps [&hellip;]<\/p>\n","protected":false},"featured_media":246,"comment_status":"open","ping_status":"closed","template":"","meta":{"_aipt_faq_data":""},"store":[],"product_brand":[92],"product_cat":[53],"product_tag":[106],"class_list":{"0":"post-245","1":"product","2":"type-product","3":"status-publish","4":"has-post-thumbnail","6":"product_brand-yiri-yiri-greek-honey","7":"product_cat-vanille-honig","8":"product_tag-vanille-honig-glas","10":"first","11":"instock","12":"sale","13":"shipping-taxable","14":"product-type-external"},"yoast_head":"<!-- This site is optimized with the Yoast SEO plugin v27.4 - https:\/\/yoast.com\/product\/yoast-seo-wordpress\/ -->\n<title>Raw Greek Honey 100% Pure - Vanilla Fir, 960g (Vanilia) - The Rarest Greek Honey from the Black Forest of Mainalo. - PureHiveHoney<\/title>\n<meta name=\"description\" content=\"Entdecken Sie hochwertigen Rohhonig, Bio Honig, Manuka Honig und nat\u00fcrliche Bienenprodukte. PureHiveHoney hilft Ihnen dabei, sorgf\u00e4ltig ausgew\u00e4hlte Honigsorten mit nat\u00fcrlicher Qualit\u00e4t und Reinheit zu entdecken.\" \/>\n<meta name=\"robots\" content=\"index, follow, max-snippet:-1, max-image-preview:large, max-video-preview:-1\" \/>\n<link rel=\"canonical\" href=\"https:\/\/purehivehoney.com\/de\/product\/raw-greek-honey-100-pure-vanilla-fir-960g-vanilia-the-rarest-greek-honey-from-the-black-forest-of-mainalo\/\" \/>\n<meta property=\"og:locale\" content=\"de_DE\" \/>\n<meta property=\"og:type\" content=\"article\" \/>\n<meta property=\"og:title\" content=\"Raw Greek Honey 100% Pure - Vanilla Fir, 960g (Vanilia) - The Rarest Greek Honey from the Black Forest of Mainalo. - PureHiveHoney\" \/>\n<meta property=\"og:description\" content=\"Entdecken Sie hochwertigen Rohhonig, Bio Honig, Manuka Honig und nat\u00fcrliche Bienenprodukte. PureHiveHoney hilft Ihnen dabei, sorgf\u00e4ltig ausgew\u00e4hlte Honigsorten mit nat\u00fcrlicher Qualit\u00e4t und Reinheit zu entdecken.\" \/>\n<meta property=\"og:url\" content=\"https:\/\/purehivehoney.com\/de\/product\/raw-greek-honey-100-pure-vanilla-fir-960g-vanilia-the-rarest-greek-honey-from-the-black-forest-of-mainalo\/\" \/>\n<meta property=\"og:site_name\" content=\"PureHiveHoney\" \/>\n<meta property=\"article:modified_time\" content=\"2026-03-15T23:36:13+00:00\" \/>\n<meta name=\"twitter:card\" content=\"summary_large_image\" \/>\n<meta name=\"twitter:label1\" content=\"Gesch\u00e4tzte Lesezeit\" \/>\n\t<meta name=\"twitter:data1\" content=\"1\u00a0Minute\" \/>\n<script type=\"application\/ld+json\" class=\"yoast-schema-graph\">{\"@context\":\"https:\\\/\\\/schema.org\",\"@graph\":[{\"@type\":\"WebPage\",\"@id\":\"https:\\\/\\\/purehivehoney.com\\\/de\\\/product\\\/raw-greek-honey-100-pure-vanilla-fir-960g-vanilia-the-rarest-greek-honey-from-the-black-forest-of-mainalo\\\/\",\"url\":\"https:\\\/\\\/purehivehoney.com\\\/de\\\/product\\\/raw-greek-honey-100-pure-vanilla-fir-960g-vanilia-the-rarest-greek-honey-from-the-black-forest-of-mainalo\\\/\",\"name\":\"Raw Greek Honey 100% Pure - Vanilla Fir, 960g (Vanilia) - The Rarest Greek Honey from the Black Forest of Mainalo. - PureHiveHoney\",\"isPartOf\":{\"@id\":\"https:\\\/\\\/purehivehoney.com\\\/de\\\/#website\"},\"primaryImageOfPage\":{\"@id\":\"https:\\\/\\\/purehivehoney.com\\\/de\\\/product\\\/raw-greek-honey-100-pure-vanilla-fir-960g-vanilia-the-rarest-greek-honey-from-the-black-forest-of-mainalo\\\/#primaryimage\"},\"image\":{\"@id\":\"https:\\\/\\\/purehivehoney.com\\\/de\\\/product\\\/raw-greek-honey-100-pure-vanilla-fir-960g-vanilia-the-rarest-greek-honey-from-the-black-forest-of-mainalo\\\/#primaryimage\"},\"thumbnailUrl\":\"https:\\\/\\\/purehivehoney.com\\\/de\\\/wp-content\\\/uploads\\\/2026\\\/03\\\/61ZA21JUcBL._SL1261_.jpg\",\"datePublished\":\"2026-03-15T20:17:13+00:00\",\"dateModified\":\"2026-03-15T23:36:13+00:00\",\"description\":\"Entdecken Sie hochwertigen Rohhonig, Bio Honig, Manuka Honig und nat\u00fcrliche Bienenprodukte. PureHiveHoney hilft Ihnen dabei, sorgf\u00e4ltig ausgew\u00e4hlte Honigsorten mit nat\u00fcrlicher Qualit\u00e4t und Reinheit zu entdecken.\",\"breadcrumb\":{\"@id\":\"https:\\\/\\\/purehivehoney.com\\\/de\\\/product\\\/raw-greek-honey-100-pure-vanilla-fir-960g-vanilia-the-rarest-greek-honey-from-the-black-forest-of-mainalo\\\/#breadcrumb\"},\"inLanguage\":\"de\",\"potentialAction\":[{\"@type\":\"ReadAction\",\"target\":[\"https:\\\/\\\/purehivehoney.com\\\/de\\\/product\\\/raw-greek-honey-100-pure-vanilla-fir-960g-vanilia-the-rarest-greek-honey-from-the-black-forest-of-mainalo\\\/\"]}]},{\"@type\":\"ImageObject\",\"inLanguage\":\"de\",\"@id\":\"https:\\\/\\\/purehivehoney.com\\\/de\\\/product\\\/raw-greek-honey-100-pure-vanilla-fir-960g-vanilia-the-rarest-greek-honey-from-the-black-forest-of-mainalo\\\/#primaryimage\",\"url\":\"https:\\\/\\\/purehivehoney.com\\\/de\\\/wp-content\\\/uploads\\\/2026\\\/03\\\/61ZA21JUcBL._SL1261_.jpg\",\"contentUrl\":\"https:\\\/\\\/purehivehoney.com\\\/de\\\/wp-content\\\/uploads\\\/2026\\\/03\\\/61ZA21JUcBL._SL1261_.jpg\",\"width\":1000,\"height\":1261},{\"@type\":\"BreadcrumbList\",\"@id\":\"https:\\\/\\\/purehivehoney.com\\\/de\\\/product\\\/raw-greek-honey-100-pure-vanilla-fir-960g-vanilia-the-rarest-greek-honey-from-the-black-forest-of-mainalo\\\/#breadcrumb\",\"itemListElement\":[{\"@type\":\"ListItem\",\"position\":1,\"name\":\"Home\",\"item\":\"https:\\\/\\\/purehivehoney.com\\\/de\\\/\"},{\"@type\":\"ListItem\",\"position\":2,\"name\":\"Shop\",\"item\":\"https:\\\/\\\/purehivehoney.com\\\/de\\\/shop\\\/\"},{\"@type\":\"ListItem\",\"position\":3,\"name\":\"Raw Greek Honey 100% Pure &#8211; V...\"}]},{\"@type\":\"WebSite\",\"@id\":\"https:\\\/\\\/purehivehoney.com\\\/de\\\/#website\",\"url\":\"https:\\\/\\\/purehivehoney.com\\\/de\\\/\",\"name\":\"PureHiveHoney\",\"description\":\"Reiner Honig &amp; Bienenprodukte Online | Rohhonig, Bio Honig &amp; Spezialhonig\",\"publisher\":{\"@id\":\"https:\\\/\\\/purehivehoney.com\\\/de\\\/#organization\"},\"potentialAction\":[{\"@type\":\"SearchAction\",\"target\":{\"@type\":\"EntryPoint\",\"urlTemplate\":\"https:\\\/\\\/purehivehoney.com\\\/de\\\/?s={search_term_string}\"},\"query-input\":{\"@type\":\"PropertyValueSpecification\",\"valueRequired\":true,\"valueName\":\"search_term_string\"}}],\"inLanguage\":\"de\"},{\"@type\":\"Organization\",\"@id\":\"https:\\\/\\\/purehivehoney.com\\\/de\\\/#organization\",\"name\":\"PureHiveHoney\",\"url\":\"https:\\\/\\\/purehivehoney.com\\\/de\\\/\",\"logo\":{\"@type\":\"ImageObject\",\"inLanguage\":\"de\",\"@id\":\"https:\\\/\\\/purehivehoney.com\\\/de\\\/#\\\/schema\\\/logo\\\/image\\\/\",\"url\":\"https:\\\/\\\/purehivehoney.com\\\/de\\\/wp-content\\\/uploads\\\/2026\\\/03\\\/Screenshot-2026-03-16-at-1.06.01-AM.png\",\"contentUrl\":\"https:\\\/\\\/purehivehoney.com\\\/de\\\/wp-content\\\/uploads\\\/2026\\\/03\\\/Screenshot-2026-03-16-at-1.06.01-AM.png\",\"width\":2112,\"height\":1086,\"caption\":\"PureHiveHoney\"},\"image\":{\"@id\":\"https:\\\/\\\/purehivehoney.com\\\/de\\\/#\\\/schema\\\/logo\\\/image\\\/\"}}]}<\/script>\n<!-- \/ Yoast SEO plugin. -->","yoast_head_json":{"title":"Raw Greek Honey 100% Pure - Vanilla Fir, 960g (Vanilia) - The Rarest Greek Honey from the Black Forest of Mainalo. - PureHiveHoney","description":"Entdecken Sie hochwertigen Rohhonig, Bio Honig, Manuka Honig und nat\u00fcrliche Bienenprodukte. PureHiveHoney hilft Ihnen dabei, sorgf\u00e4ltig ausgew\u00e4hlte Honigsorten mit nat\u00fcrlicher Qualit\u00e4t und Reinheit zu entdecken.","robots":{"index":"index","follow":"follow","max-snippet":"max-snippet:-1","max-image-preview":"max-image-preview:large","max-video-preview":"max-video-preview:-1"},"canonical":"https:\/\/purehivehoney.com\/de\/product\/raw-greek-honey-100-pure-vanilla-fir-960g-vanilia-the-rarest-greek-honey-from-the-black-forest-of-mainalo\/","og_locale":"de_DE","og_type":"article","og_title":"Raw Greek Honey 100% Pure - Vanilla Fir, 960g (Vanilia) - The Rarest Greek Honey from the Black Forest of Mainalo. - PureHiveHoney","og_description":"Entdecken Sie hochwertigen Rohhonig, Bio Honig, Manuka Honig und nat\u00fcrliche Bienenprodukte. PureHiveHoney hilft Ihnen dabei, sorgf\u00e4ltig ausgew\u00e4hlte Honigsorten mit nat\u00fcrlicher Qualit\u00e4t und Reinheit zu entdecken.","og_url":"https:\/\/purehivehoney.com\/de\/product\/raw-greek-honey-100-pure-vanilla-fir-960g-vanilia-the-rarest-greek-honey-from-the-black-forest-of-mainalo\/","og_site_name":"PureHiveHoney","article_modified_time":"2026-03-15T23:36:13+00:00","twitter_card":"summary_large_image","twitter_misc":{"Gesch\u00e4tzte Lesezeit":"1\u00a0Minute"},"schema":{"@context":"https:\/\/schema.org","@graph":[{"@type":"WebPage","@id":"https:\/\/purehivehoney.com\/de\/product\/raw-greek-honey-100-pure-vanilla-fir-960g-vanilia-the-rarest-greek-honey-from-the-black-forest-of-mainalo\/","url":"https:\/\/purehivehoney.com\/de\/product\/raw-greek-honey-100-pure-vanilla-fir-960g-vanilia-the-rarest-greek-honey-from-the-black-forest-of-mainalo\/","name":"Raw Greek Honey 100% Pure - Vanilla Fir, 960g (Vanilia) - The Rarest Greek Honey from the Black Forest of Mainalo. - PureHiveHoney","isPartOf":{"@id":"https:\/\/purehivehoney.com\/de\/#website"},"primaryImageOfPage":{"@id":"https:\/\/purehivehoney.com\/de\/product\/raw-greek-honey-100-pure-vanilla-fir-960g-vanilia-the-rarest-greek-honey-from-the-black-forest-of-mainalo\/#primaryimage"},"image":{"@id":"https:\/\/purehivehoney.com\/de\/product\/raw-greek-honey-100-pure-vanilla-fir-960g-vanilia-the-rarest-greek-honey-from-the-black-forest-of-mainalo\/#primaryimage"},"thumbnailUrl":"https:\/\/purehivehoney.com\/de\/wp-content\/uploads\/2026\/03\/61ZA21JUcBL._SL1261_.jpg","datePublished":"2026-03-15T20:17:13+00:00","dateModified":"2026-03-15T23:36:13+00:00","description":"Entdecken Sie hochwertigen Rohhonig, Bio Honig, Manuka Honig und nat\u00fcrliche Bienenprodukte. PureHiveHoney hilft Ihnen dabei, sorgf\u00e4ltig ausgew\u00e4hlte Honigsorten mit nat\u00fcrlicher Qualit\u00e4t und Reinheit zu entdecken.","breadcrumb":{"@id":"https:\/\/purehivehoney.com\/de\/product\/raw-greek-honey-100-pure-vanilla-fir-960g-vanilia-the-rarest-greek-honey-from-the-black-forest-of-mainalo\/#breadcrumb"},"inLanguage":"de","potentialAction":[{"@type":"ReadAction","target":["https:\/\/purehivehoney.com\/de\/product\/raw-greek-honey-100-pure-vanilla-fir-960g-vanilia-the-rarest-greek-honey-from-the-black-forest-of-mainalo\/"]}]},{"@type":"ImageObject","inLanguage":"de","@id":"https:\/\/purehivehoney.com\/de\/product\/raw-greek-honey-100-pure-vanilla-fir-960g-vanilia-the-rarest-greek-honey-from-the-black-forest-of-mainalo\/#primaryimage","url":"https:\/\/purehivehoney.com\/de\/wp-content\/uploads\/2026\/03\/61ZA21JUcBL._SL1261_.jpg","contentUrl":"https:\/\/purehivehoney.com\/de\/wp-content\/uploads\/2026\/03\/61ZA21JUcBL._SL1261_.jpg","width":1000,"height":1261},{"@type":"BreadcrumbList","@id":"https:\/\/purehivehoney.com\/de\/product\/raw-greek-honey-100-pure-vanilla-fir-960g-vanilia-the-rarest-greek-honey-from-the-black-forest-of-mainalo\/#breadcrumb","itemListElement":[{"@type":"ListItem","position":1,"name":"Home","item":"https:\/\/purehivehoney.com\/de\/"},{"@type":"ListItem","position":2,"name":"Shop","item":"https:\/\/purehivehoney.com\/de\/shop\/"},{"@type":"ListItem","position":3,"name":"Raw Greek Honey 100% Pure &#8211; V..."}]},{"@type":"WebSite","@id":"https:\/\/purehivehoney.com\/de\/#website","url":"https:\/\/purehivehoney.com\/de\/","name":"PureHiveHoney","description":"Reiner Honig &amp; Bienenprodukte Online | Rohhonig, Bio Honig &amp; Spezialhonig","publisher":{"@id":"https:\/\/purehivehoney.com\/de\/#organization"},"potentialAction":[{"@type":"SearchAction","target":{"@type":"EntryPoint","urlTemplate":"https:\/\/purehivehoney.com\/de\/?s={search_term_string}"},"query-input":{"@type":"PropertyValueSpecification","valueRequired":true,"valueName":"search_term_string"}}],"inLanguage":"de"},{"@type":"Organization","@id":"https:\/\/purehivehoney.com\/de\/#organization","name":"PureHiveHoney","url":"https:\/\/purehivehoney.com\/de\/","logo":{"@type":"ImageObject","inLanguage":"de","@id":"https:\/\/purehivehoney.com\/de\/#\/schema\/logo\/image\/","url":"https:\/\/purehivehoney.com\/de\/wp-content\/uploads\/2026\/03\/Screenshot-2026-03-16-at-1.06.01-AM.png","contentUrl":"https:\/\/purehivehoney.com\/de\/wp-content\/uploads\/2026\/03\/Screenshot-2026-03-16-at-1.06.01-AM.png","width":2112,"height":1086,"caption":"PureHiveHoney"},"image":{"@id":"https:\/\/purehivehoney.com\/de\/#\/schema\/logo\/image\/"}}]}},"_links":{"self":[{"href":"https:\/\/purehivehoney.com\/de\/wp-json\/wp\/v2\/product\/245","targetHints":{"allow":["GET"]}}],"collection":[{"href":"https:\/\/purehivehoney.com\/de\/wp-json\/wp\/v2\/product"}],"about":[{"href":"https:\/\/purehivehoney.com\/de\/wp-json\/wp\/v2\/types\/product"}],"replies":[{"embeddable":true,"href":"https:\/\/purehivehoney.com\/de\/wp-json\/wp\/v2\/comments?post=245"}],"wp:featuredmedia":[{"embeddable":true,"href":"https:\/\/purehivehoney.com\/de\/wp-json\/wp\/v2\/media\/246"}],"wp:attachment":[{"href":"https:\/\/purehivehoney.com\/de\/wp-json\/wp\/v2\/media?parent=245"}],"wp:term":[{"taxonomy":"store","embeddable":true,"href":"https:\/\/purehivehoney.com\/de\/wp-json\/wp\/v2\/store?post=245"},{"taxonomy":"product_brand","embeddable":true,"href":"https:\/\/purehivehoney.com\/de\/wp-json\/wp\/v2\/product_brand?post=245"},{"taxonomy":"product_cat","embeddable":true,"href":"https:\/\/purehivehoney.com\/de\/wp-json\/wp\/v2\/product_cat?post=245"},{"taxonomy":"product_tag","embeddable":true,"href":"https:\/\/purehivehoney.com\/de\/wp-json\/wp\/v2\/product_tag?post=245"}],"curies":[{"name":"wp","href":"https:\/\/api.w.org\/{rel}","templated":true}]}}