{"id":2448,"date":"2026-04-03T20:57:51","date_gmt":"2026-04-03T20:57:51","guid":{"rendered":"https:\/\/purehivehoney.com\/de\/product\/dimensean-gestempeltes-kreuzstich-set-komplettes-sortiment-an-stickmustern-starter-sets-fuer-anfaenger-und-erwachsene-diy-kreuzstich-nadelspitzen-kits-11-ct-birds-sammeln-honig-457-x-457-cm\/"},"modified":"2026-04-03T20:58:05","modified_gmt":"2026-04-03T20:58:05","slug":"dimensean-gestempeltes-kreuzstich-set-komplettes-sortiment-an-stickmustern-starter-sets-fuer-anfaenger-und-erwachsene-diy-kreuzstich-nadelspitzen-kits-11-ct-birds-sammeln-honig-457-x-457-cm","status":"publish","type":"product","link":"https:\/\/purehivehoney.com\/de\/product\/dimensean-gestempeltes-kreuzstich-set-komplettes-sortiment-an-stickmustern-starter-sets-fuer-anfaenger-und-erwachsene-diy-kreuzstich-nadelspitzen-kits-11-ct-birds-sammeln-honig-457-x-457-cm\/","title":{"rendered":"Dimensean Gestempeltes Kreuzstich-S..."},"content":{"rendered":"<p>    <span>Dimensean Das gepr\u00e4gte Kreuzstich-Set ist geeignet f\u00fcr diejenigen, die ihr Zimmer mit ihrer eigenen Arbeit dekorieren m\u00f6chten. Es ist f\u00fcr jeden leicht zu n\u00e4hen, auch ohne die Kenntnisse des Zeichnens oder die hervorragenden F\u00e4higkeiten der Nadelfrauen. Genie\u00dfen Sie den Spa\u00df an der Herstellung. <br \/>Marke:Dimensean <br \/>Material: Baumwolle. <br \/>Material des Fadens: \u00c4gyptische langstapelige Baumwolle. <br \/>Stoffgr\u00f6\u00dfe: 45,7 x 45,7 cm. <br \/>Lieferumfang: <br \/>1 x hochwertige Baumwollf\u00e4den (30 % extra). <br \/>1 x hochwertiger Baumwollstoff. <br \/>2 x Nadeln. <br \/>1 x Anleitung (evtl. nicht in deutscher Sprache). <br \/>1 x Stickanleitung (evtl. nicht in deutscher Sprache). <br \/>Verwendung: Dekoration, Geschenk, Hobby und Spielzeit. <br \/>Gutes Sevice: <br \/>30 % mehr F\u00e4den von jeder Farbe werden zur Verf\u00fcgung gestellt, um sicherzustellen, dass gen\u00fcgend F\u00e4den vorhanden sind. Der beste verdickte Stoff aus 100 % gek\u00e4mmter Baumwolle, positive Gitter und nicht m\u00fcde Augen. <br \/>Der Kreuzstich ist ein angenehmes Nadelspitzen-Set. Sie k\u00f6nnen ein Erfolgserlebnis bekommen, wenn Sie das Muster fertigstellen. Es kann als Heimdekoration verwendet werden und ist auch ein tolles Geschenk f\u00fcr Familie, Freunde und Kollegen. <br \/>Dies ist die in China produzierte Marke Dimensean und hat mehr als 6000 Kreuzstichprodukte produziert und entworfen und in mehr als 60 L\u00e4nder auf der ganzen Welt verkauft. <br \/>Anmerkungen: <br \/>Das 11-f\u00e4dige Material bedeutet, dass es 11 Gitter in 2,5 cm Stoff gibt. Dies ist ein 11-f\u00e4diges Set mit 3 F\u00e4den, 2 F\u00e4den f\u00fcr den R\u00fcckstich. Ein Faden besteht aus 6 Str\u00e4ngen, sodass Sie die 6 Str\u00e4nge in zwei 3-str\u00e4ngige Linien teilen m\u00fcssen, bevor Sie arbeiten. <br \/><\/span>    <br \/>Schwierigkeitsgrad: Einfach, die Stickerei kann gem\u00e4\u00df den Zeichnungen durchgef\u00fchrt werden.<br \/>Spezifikation: Fertige Gr\u00f6\u00dfe: 45,7 x 45,7 cm, Material des Fadens: 100 % hochwertige Baumwolle, leuchtende Farben, weich, kein Verblassen, kein Pilling, und nat\u00fcrlich langlebig<br \/>Lieferumfang: 1 x hochwertige Baumwollf\u00e4den (30 % extra); 1 x hochwertiger Baumwollstoff, 2 x Nadel, 1 x Anleitung (evtl. nicht in deutscher Sprache)<br \/>11-f\u00e4dig und einfach zu n\u00e4hen: Die 11-f\u00e4dige gepr\u00e4gte Leinwand bedeutet einen vorgedruckten Stoff, pr\u00e4zise vorgedrucktes niedliches Design sowie arabische Zahlen, Symbole und DMC-Farben machen diese Kreuzsticharbeit einfach und macht Spa\u00df beim Lernen. Es ist besser f\u00fcr die Augen und einfacher zu sticken. Hochwertige Baumwollf\u00e4den, lichtecht, nicht leicht zu brechen und zu pillen.<br \/>Marke: Dimensean ist ein Markenprodukt, das in China hergestellt wird, eine Marke, die direkt von der Fabrik verwaltet wird. Mehr als zehn Jahre hat mehr als 6000 Kreuzstichprodukte produziert und entworfen und sie in mehr als 50 L\u00e4nder auf der ganzen Welt verkauft. Bitte glauben Sie, dass wir Ihnen zufriedenstellende Produkte anbieten k\u00f6nnen.<\/p>\n\n","protected":false},"excerpt":{"rendered":"<p>Dimensean Das gepr\u00e4gte Kreuzstich-Set ist geeignet f\u00fcr diejenigen, die ihr Zimmer mit ihrer eigenen Arbeit dekorieren m\u00f6chten. Es ist f\u00fcr jeden leicht zu n\u00e4hen, auch ohne die Kenntnisse des Zeichnens oder die hervorragenden F\u00e4higkeiten der Nadelfrauen. Genie\u00dfen Sie den Spa\u00df an der Herstellung. Marke:Dimensean Material: Baumwolle. Material des Fadens: \u00c4gyptische langstapelige Baumwolle. Stoffgr\u00f6\u00dfe: 45,7 x [&hellip;]<\/p>\n","protected":false},"featured_media":2449,"comment_status":"open","ping_status":"closed","template":"","meta":{"_aipt_faq_data":""},"store":[],"product_brand":[343],"product_cat":[71],"product_tag":[342],"class_list":{"0":"post-2448","1":"product","2":"type-product","3":"status-publish","4":"has-post-thumbnail","6":"product_brand-dimensean","7":"product_cat-honig-sortiment-sets","8":"product_tag-honig-sortiment-sets-geschenk","10":"first","11":"instock","12":"shipping-taxable","13":"product-type-external"},"yoast_head":"<!-- This site is optimized with the Yoast SEO plugin v27.4 - https:\/\/yoast.com\/product\/yoast-seo-wordpress\/ -->\n<title>Dimensean Gestempeltes Kreuzstich-Set, komplettes Sortiment an Stickmustern, Starter-Sets f\u00fcr Anf\u00e4nger und Erwachsene, DIY-Kreuzstich, Nadelspitzen-Kits, 11 CT-Birds sammeln Honig, 45,7 x 45,7 cm - PureHiveHoney<\/title>\n<meta name=\"description\" content=\"Entdecken Sie hochwertigen Rohhonig, Bio Honig, Manuka Honig und nat\u00fcrliche Bienenprodukte. PureHiveHoney hilft Ihnen dabei, sorgf\u00e4ltig ausgew\u00e4hlte Honigsorten mit nat\u00fcrlicher Qualit\u00e4t und Reinheit zu entdecken.\" \/>\n<meta name=\"robots\" content=\"index, follow, max-snippet:-1, max-image-preview:large, max-video-preview:-1\" \/>\n<link rel=\"canonical\" href=\"https:\/\/purehivehoney.com\/de\/product\/dimensean-gestempeltes-kreuzstich-set-komplettes-sortiment-an-stickmustern-starter-sets-fuer-anfaenger-und-erwachsene-diy-kreuzstich-nadelspitzen-kits-11-ct-birds-sammeln-honig-457-x-457-cm\/\" \/>\n<meta property=\"og:locale\" content=\"de_DE\" \/>\n<meta property=\"og:type\" content=\"article\" \/>\n<meta property=\"og:title\" content=\"Dimensean Gestempeltes Kreuzstich-Set, komplettes Sortiment an Stickmustern, Starter-Sets f\u00fcr Anf\u00e4nger und Erwachsene, DIY-Kreuzstich, Nadelspitzen-Kits, 11 CT-Birds sammeln Honig, 45,7 x 45,7 cm - PureHiveHoney\" \/>\n<meta property=\"og:description\" content=\"Entdecken Sie hochwertigen Rohhonig, Bio Honig, Manuka Honig und nat\u00fcrliche Bienenprodukte. PureHiveHoney hilft Ihnen dabei, sorgf\u00e4ltig ausgew\u00e4hlte Honigsorten mit nat\u00fcrlicher Qualit\u00e4t und Reinheit zu entdecken.\" \/>\n<meta property=\"og:url\" content=\"https:\/\/purehivehoney.com\/de\/product\/dimensean-gestempeltes-kreuzstich-set-komplettes-sortiment-an-stickmustern-starter-sets-fuer-anfaenger-und-erwachsene-diy-kreuzstich-nadelspitzen-kits-11-ct-birds-sammeln-honig-457-x-457-cm\/\" \/>\n<meta property=\"og:site_name\" content=\"PureHiveHoney\" \/>\n<meta property=\"article:modified_time\" content=\"2026-04-03T20:58:05+00:00\" \/>\n<meta name=\"twitter:card\" content=\"summary_large_image\" \/>\n<meta name=\"twitter:label1\" content=\"Gesch\u00e4tzte Lesezeit\" \/>\n\t<meta name=\"twitter:data1\" content=\"2\u00a0Minuten\" \/>\n<script type=\"application\/ld+json\" class=\"yoast-schema-graph\">{\"@context\":\"https:\\\/\\\/schema.org\",\"@graph\":[{\"@type\":\"WebPage\",\"@id\":\"https:\\\/\\\/purehivehoney.com\\\/de\\\/product\\\/dimensean-gestempeltes-kreuzstich-set-komplettes-sortiment-an-stickmustern-starter-sets-fuer-anfaenger-und-erwachsene-diy-kreuzstich-nadelspitzen-kits-11-ct-birds-sammeln-honig-457-x-457-cm\\\/\",\"url\":\"https:\\\/\\\/purehivehoney.com\\\/de\\\/product\\\/dimensean-gestempeltes-kreuzstich-set-komplettes-sortiment-an-stickmustern-starter-sets-fuer-anfaenger-und-erwachsene-diy-kreuzstich-nadelspitzen-kits-11-ct-birds-sammeln-honig-457-x-457-cm\\\/\",\"name\":\"Dimensean Gestempeltes Kreuzstich-Set, komplettes Sortiment an Stickmustern, Starter-Sets f\u00fcr Anf\u00e4nger und Erwachsene, DIY-Kreuzstich, Nadelspitzen-Kits, 11 CT-Birds sammeln Honig, 45,7 x 45,7 cm - PureHiveHoney\",\"isPartOf\":{\"@id\":\"https:\\\/\\\/purehivehoney.com\\\/de\\\/#website\"},\"primaryImageOfPage\":{\"@id\":\"https:\\\/\\\/purehivehoney.com\\\/de\\\/product\\\/dimensean-gestempeltes-kreuzstich-set-komplettes-sortiment-an-stickmustern-starter-sets-fuer-anfaenger-und-erwachsene-diy-kreuzstich-nadelspitzen-kits-11-ct-birds-sammeln-honig-457-x-457-cm\\\/#primaryimage\"},\"image\":{\"@id\":\"https:\\\/\\\/purehivehoney.com\\\/de\\\/product\\\/dimensean-gestempeltes-kreuzstich-set-komplettes-sortiment-an-stickmustern-starter-sets-fuer-anfaenger-und-erwachsene-diy-kreuzstich-nadelspitzen-kits-11-ct-birds-sammeln-honig-457-x-457-cm\\\/#primaryimage\"},\"thumbnailUrl\":\"https:\\\/\\\/purehivehoney.com\\\/de\\\/wp-content\\\/uploads\\\/2026\\\/04\\\/813zjNOVVL._AC_SL1500_.jpg\",\"datePublished\":\"2026-04-03T20:57:51+00:00\",\"dateModified\":\"2026-04-03T20:58:05+00:00\",\"description\":\"Entdecken Sie hochwertigen Rohhonig, Bio Honig, Manuka Honig und nat\u00fcrliche Bienenprodukte. PureHiveHoney hilft Ihnen dabei, sorgf\u00e4ltig ausgew\u00e4hlte Honigsorten mit nat\u00fcrlicher Qualit\u00e4t und Reinheit zu entdecken.\",\"breadcrumb\":{\"@id\":\"https:\\\/\\\/purehivehoney.com\\\/de\\\/product\\\/dimensean-gestempeltes-kreuzstich-set-komplettes-sortiment-an-stickmustern-starter-sets-fuer-anfaenger-und-erwachsene-diy-kreuzstich-nadelspitzen-kits-11-ct-birds-sammeln-honig-457-x-457-cm\\\/#breadcrumb\"},\"inLanguage\":\"de\",\"potentialAction\":[{\"@type\":\"ReadAction\",\"target\":[\"https:\\\/\\\/purehivehoney.com\\\/de\\\/product\\\/dimensean-gestempeltes-kreuzstich-set-komplettes-sortiment-an-stickmustern-starter-sets-fuer-anfaenger-und-erwachsene-diy-kreuzstich-nadelspitzen-kits-11-ct-birds-sammeln-honig-457-x-457-cm\\\/\"]}]},{\"@type\":\"ImageObject\",\"inLanguage\":\"de\",\"@id\":\"https:\\\/\\\/purehivehoney.com\\\/de\\\/product\\\/dimensean-gestempeltes-kreuzstich-set-komplettes-sortiment-an-stickmustern-starter-sets-fuer-anfaenger-und-erwachsene-diy-kreuzstich-nadelspitzen-kits-11-ct-birds-sammeln-honig-457-x-457-cm\\\/#primaryimage\",\"url\":\"https:\\\/\\\/purehivehoney.com\\\/de\\\/wp-content\\\/uploads\\\/2026\\\/04\\\/813zjNOVVL._AC_SL1500_.jpg\",\"contentUrl\":\"https:\\\/\\\/purehivehoney.com\\\/de\\\/wp-content\\\/uploads\\\/2026\\\/04\\\/813zjNOVVL._AC_SL1500_.jpg\",\"width\":1500,\"height\":1500},{\"@type\":\"BreadcrumbList\",\"@id\":\"https:\\\/\\\/purehivehoney.com\\\/de\\\/product\\\/dimensean-gestempeltes-kreuzstich-set-komplettes-sortiment-an-stickmustern-starter-sets-fuer-anfaenger-und-erwachsene-diy-kreuzstich-nadelspitzen-kits-11-ct-birds-sammeln-honig-457-x-457-cm\\\/#breadcrumb\",\"itemListElement\":[{\"@type\":\"ListItem\",\"position\":1,\"name\":\"Home\",\"item\":\"https:\\\/\\\/purehivehoney.com\\\/de\\\/\"},{\"@type\":\"ListItem\",\"position\":2,\"name\":\"Shop\",\"item\":\"https:\\\/\\\/purehivehoney.com\\\/de\\\/shop\\\/\"},{\"@type\":\"ListItem\",\"position\":3,\"name\":\"Dimensean Gestempeltes Kreuzstich-S...\"}]},{\"@type\":\"WebSite\",\"@id\":\"https:\\\/\\\/purehivehoney.com\\\/de\\\/#website\",\"url\":\"https:\\\/\\\/purehivehoney.com\\\/de\\\/\",\"name\":\"PureHiveHoney\",\"description\":\"Reiner Honig &amp; Bienenprodukte Online | Rohhonig, Bio Honig &amp; Spezialhonig\",\"publisher\":{\"@id\":\"https:\\\/\\\/purehivehoney.com\\\/de\\\/#organization\"},\"potentialAction\":[{\"@type\":\"SearchAction\",\"target\":{\"@type\":\"EntryPoint\",\"urlTemplate\":\"https:\\\/\\\/purehivehoney.com\\\/de\\\/?s={search_term_string}\"},\"query-input\":{\"@type\":\"PropertyValueSpecification\",\"valueRequired\":true,\"valueName\":\"search_term_string\"}}],\"inLanguage\":\"de\"},{\"@type\":\"Organization\",\"@id\":\"https:\\\/\\\/purehivehoney.com\\\/de\\\/#organization\",\"name\":\"PureHiveHoney\",\"url\":\"https:\\\/\\\/purehivehoney.com\\\/de\\\/\",\"logo\":{\"@type\":\"ImageObject\",\"inLanguage\":\"de\",\"@id\":\"https:\\\/\\\/purehivehoney.com\\\/de\\\/#\\\/schema\\\/logo\\\/image\\\/\",\"url\":\"https:\\\/\\\/purehivehoney.com\\\/de\\\/wp-content\\\/uploads\\\/2026\\\/03\\\/Screenshot-2026-03-16-at-1.06.01-AM.png\",\"contentUrl\":\"https:\\\/\\\/purehivehoney.com\\\/de\\\/wp-content\\\/uploads\\\/2026\\\/03\\\/Screenshot-2026-03-16-at-1.06.01-AM.png\",\"width\":2112,\"height\":1086,\"caption\":\"PureHiveHoney\"},\"image\":{\"@id\":\"https:\\\/\\\/purehivehoney.com\\\/de\\\/#\\\/schema\\\/logo\\\/image\\\/\"}}]}<\/script>\n<!-- \/ Yoast SEO plugin. -->","yoast_head_json":{"title":"Dimensean Gestempeltes Kreuzstich-Set, komplettes Sortiment an Stickmustern, Starter-Sets f\u00fcr Anf\u00e4nger und Erwachsene, DIY-Kreuzstich, Nadelspitzen-Kits, 11 CT-Birds sammeln Honig, 45,7 x 45,7 cm - PureHiveHoney","description":"Entdecken Sie hochwertigen Rohhonig, Bio Honig, Manuka Honig und nat\u00fcrliche Bienenprodukte. PureHiveHoney hilft Ihnen dabei, sorgf\u00e4ltig ausgew\u00e4hlte Honigsorten mit nat\u00fcrlicher Qualit\u00e4t und Reinheit zu entdecken.","robots":{"index":"index","follow":"follow","max-snippet":"max-snippet:-1","max-image-preview":"max-image-preview:large","max-video-preview":"max-video-preview:-1"},"canonical":"https:\/\/purehivehoney.com\/de\/product\/dimensean-gestempeltes-kreuzstich-set-komplettes-sortiment-an-stickmustern-starter-sets-fuer-anfaenger-und-erwachsene-diy-kreuzstich-nadelspitzen-kits-11-ct-birds-sammeln-honig-457-x-457-cm\/","og_locale":"de_DE","og_type":"article","og_title":"Dimensean Gestempeltes Kreuzstich-Set, komplettes Sortiment an Stickmustern, Starter-Sets f\u00fcr Anf\u00e4nger und Erwachsene, DIY-Kreuzstich, Nadelspitzen-Kits, 11 CT-Birds sammeln Honig, 45,7 x 45,7 cm - PureHiveHoney","og_description":"Entdecken Sie hochwertigen Rohhonig, Bio Honig, Manuka Honig und nat\u00fcrliche Bienenprodukte. PureHiveHoney hilft Ihnen dabei, sorgf\u00e4ltig ausgew\u00e4hlte Honigsorten mit nat\u00fcrlicher Qualit\u00e4t und Reinheit zu entdecken.","og_url":"https:\/\/purehivehoney.com\/de\/product\/dimensean-gestempeltes-kreuzstich-set-komplettes-sortiment-an-stickmustern-starter-sets-fuer-anfaenger-und-erwachsene-diy-kreuzstich-nadelspitzen-kits-11-ct-birds-sammeln-honig-457-x-457-cm\/","og_site_name":"PureHiveHoney","article_modified_time":"2026-04-03T20:58:05+00:00","twitter_card":"summary_large_image","twitter_misc":{"Gesch\u00e4tzte Lesezeit":"2\u00a0Minuten"},"schema":{"@context":"https:\/\/schema.org","@graph":[{"@type":"WebPage","@id":"https:\/\/purehivehoney.com\/de\/product\/dimensean-gestempeltes-kreuzstich-set-komplettes-sortiment-an-stickmustern-starter-sets-fuer-anfaenger-und-erwachsene-diy-kreuzstich-nadelspitzen-kits-11-ct-birds-sammeln-honig-457-x-457-cm\/","url":"https:\/\/purehivehoney.com\/de\/product\/dimensean-gestempeltes-kreuzstich-set-komplettes-sortiment-an-stickmustern-starter-sets-fuer-anfaenger-und-erwachsene-diy-kreuzstich-nadelspitzen-kits-11-ct-birds-sammeln-honig-457-x-457-cm\/","name":"Dimensean Gestempeltes Kreuzstich-Set, komplettes Sortiment an Stickmustern, Starter-Sets f\u00fcr Anf\u00e4nger und Erwachsene, DIY-Kreuzstich, Nadelspitzen-Kits, 11 CT-Birds sammeln Honig, 45,7 x 45,7 cm - PureHiveHoney","isPartOf":{"@id":"https:\/\/purehivehoney.com\/de\/#website"},"primaryImageOfPage":{"@id":"https:\/\/purehivehoney.com\/de\/product\/dimensean-gestempeltes-kreuzstich-set-komplettes-sortiment-an-stickmustern-starter-sets-fuer-anfaenger-und-erwachsene-diy-kreuzstich-nadelspitzen-kits-11-ct-birds-sammeln-honig-457-x-457-cm\/#primaryimage"},"image":{"@id":"https:\/\/purehivehoney.com\/de\/product\/dimensean-gestempeltes-kreuzstich-set-komplettes-sortiment-an-stickmustern-starter-sets-fuer-anfaenger-und-erwachsene-diy-kreuzstich-nadelspitzen-kits-11-ct-birds-sammeln-honig-457-x-457-cm\/#primaryimage"},"thumbnailUrl":"https:\/\/purehivehoney.com\/de\/wp-content\/uploads\/2026\/04\/813zjNOVVL._AC_SL1500_.jpg","datePublished":"2026-04-03T20:57:51+00:00","dateModified":"2026-04-03T20:58:05+00:00","description":"Entdecken Sie hochwertigen Rohhonig, Bio Honig, Manuka Honig und nat\u00fcrliche Bienenprodukte. PureHiveHoney hilft Ihnen dabei, sorgf\u00e4ltig ausgew\u00e4hlte Honigsorten mit nat\u00fcrlicher Qualit\u00e4t und Reinheit zu entdecken.","breadcrumb":{"@id":"https:\/\/purehivehoney.com\/de\/product\/dimensean-gestempeltes-kreuzstich-set-komplettes-sortiment-an-stickmustern-starter-sets-fuer-anfaenger-und-erwachsene-diy-kreuzstich-nadelspitzen-kits-11-ct-birds-sammeln-honig-457-x-457-cm\/#breadcrumb"},"inLanguage":"de","potentialAction":[{"@type":"ReadAction","target":["https:\/\/purehivehoney.com\/de\/product\/dimensean-gestempeltes-kreuzstich-set-komplettes-sortiment-an-stickmustern-starter-sets-fuer-anfaenger-und-erwachsene-diy-kreuzstich-nadelspitzen-kits-11-ct-birds-sammeln-honig-457-x-457-cm\/"]}]},{"@type":"ImageObject","inLanguage":"de","@id":"https:\/\/purehivehoney.com\/de\/product\/dimensean-gestempeltes-kreuzstich-set-komplettes-sortiment-an-stickmustern-starter-sets-fuer-anfaenger-und-erwachsene-diy-kreuzstich-nadelspitzen-kits-11-ct-birds-sammeln-honig-457-x-457-cm\/#primaryimage","url":"https:\/\/purehivehoney.com\/de\/wp-content\/uploads\/2026\/04\/813zjNOVVL._AC_SL1500_.jpg","contentUrl":"https:\/\/purehivehoney.com\/de\/wp-content\/uploads\/2026\/04\/813zjNOVVL._AC_SL1500_.jpg","width":1500,"height":1500},{"@type":"BreadcrumbList","@id":"https:\/\/purehivehoney.com\/de\/product\/dimensean-gestempeltes-kreuzstich-set-komplettes-sortiment-an-stickmustern-starter-sets-fuer-anfaenger-und-erwachsene-diy-kreuzstich-nadelspitzen-kits-11-ct-birds-sammeln-honig-457-x-457-cm\/#breadcrumb","itemListElement":[{"@type":"ListItem","position":1,"name":"Home","item":"https:\/\/purehivehoney.com\/de\/"},{"@type":"ListItem","position":2,"name":"Shop","item":"https:\/\/purehivehoney.com\/de\/shop\/"},{"@type":"ListItem","position":3,"name":"Dimensean Gestempeltes Kreuzstich-S..."}]},{"@type":"WebSite","@id":"https:\/\/purehivehoney.com\/de\/#website","url":"https:\/\/purehivehoney.com\/de\/","name":"PureHiveHoney","description":"Reiner Honig &amp; Bienenprodukte Online | Rohhonig, Bio Honig &amp; Spezialhonig","publisher":{"@id":"https:\/\/purehivehoney.com\/de\/#organization"},"potentialAction":[{"@type":"SearchAction","target":{"@type":"EntryPoint","urlTemplate":"https:\/\/purehivehoney.com\/de\/?s={search_term_string}"},"query-input":{"@type":"PropertyValueSpecification","valueRequired":true,"valueName":"search_term_string"}}],"inLanguage":"de"},{"@type":"Organization","@id":"https:\/\/purehivehoney.com\/de\/#organization","name":"PureHiveHoney","url":"https:\/\/purehivehoney.com\/de\/","logo":{"@type":"ImageObject","inLanguage":"de","@id":"https:\/\/purehivehoney.com\/de\/#\/schema\/logo\/image\/","url":"https:\/\/purehivehoney.com\/de\/wp-content\/uploads\/2026\/03\/Screenshot-2026-03-16-at-1.06.01-AM.png","contentUrl":"https:\/\/purehivehoney.com\/de\/wp-content\/uploads\/2026\/03\/Screenshot-2026-03-16-at-1.06.01-AM.png","width":2112,"height":1086,"caption":"PureHiveHoney"},"image":{"@id":"https:\/\/purehivehoney.com\/de\/#\/schema\/logo\/image\/"}}]}},"_links":{"self":[{"href":"https:\/\/purehivehoney.com\/de\/wp-json\/wp\/v2\/product\/2448","targetHints":{"allow":["GET"]}}],"collection":[{"href":"https:\/\/purehivehoney.com\/de\/wp-json\/wp\/v2\/product"}],"about":[{"href":"https:\/\/purehivehoney.com\/de\/wp-json\/wp\/v2\/types\/product"}],"replies":[{"embeddable":true,"href":"https:\/\/purehivehoney.com\/de\/wp-json\/wp\/v2\/comments?post=2448"}],"wp:featuredmedia":[{"embeddable":true,"href":"https:\/\/purehivehoney.com\/de\/wp-json\/wp\/v2\/media\/2449"}],"wp:attachment":[{"href":"https:\/\/purehivehoney.com\/de\/wp-json\/wp\/v2\/media?parent=2448"}],"wp:term":[{"taxonomy":"store","embeddable":true,"href":"https:\/\/purehivehoney.com\/de\/wp-json\/wp\/v2\/store?post=2448"},{"taxonomy":"product_brand","embeddable":true,"href":"https:\/\/purehivehoney.com\/de\/wp-json\/wp\/v2\/product_brand?post=2448"},{"taxonomy":"product_cat","embeddable":true,"href":"https:\/\/purehivehoney.com\/de\/wp-json\/wp\/v2\/product_cat?post=2448"},{"taxonomy":"product_tag","embeddable":true,"href":"https:\/\/purehivehoney.com\/de\/wp-json\/wp\/v2\/product_tag?post=2448"}],"curies":[{"name":"wp","href":"https:\/\/api.w.org\/{rel}","templated":true}]}}