{"id":2443,"date":"2026-04-03T19:11:38","date_gmt":"2026-04-03T19:11:38","guid":{"rendered":"https:\/\/purehivehoney.com\/de\/product\/natural-pink-tiger-eye-edelsteinarmband-8-zoll-stretcharmband-fuer-maenner-frauen-polierte-runde-perlen-heilungsenergie-stein-modeschmuckgeschenk-fuer-ihn-und-sie\/"},"modified":"2026-04-03T19:11:46","modified_gmt":"2026-04-03T19:11:46","slug":"natural-pink-tiger-eye-edelsteinarmband-8-zoll-stretcharmband-fuer-maenner-frauen-polierte-runde-perlen-heilungsenergie-stein-modeschmuckgeschenk-fuer-ihn-und-sie","status":"publish","type":"product","link":"https:\/\/purehivehoney.com\/de\/product\/natural-pink-tiger-eye-edelsteinarmband-8-zoll-stretcharmband-fuer-maenner-frauen-polierte-runde-perlen-heilungsenergie-stein-modeschmuckgeschenk-fuer-ihn-und-sie\/","title":{"rendered":"Natural Pink Tiger Eye Edelsteinarm..."},"content":{"rendered":"<p>    <span>Entdecken Sie zeitlose Eleganz und spirituelles Gleichgewicht mit dem nat\u00fcrlichen pinkfarbenen Tigeraugenarmband. Das 8-Zoll-Stretcharmband handgefertigt mit hochwertigen AAA-polierten runden Perlen handelt und ist sowohl f\u00fcr M\u00e4nner als auch f\u00fcr Frauen ausgelegt. Pink Tiger Eye ist bekannt f\u00fcr seine einzigartige schimmerte und heilende Energie, die angenommen wird, dass sie das Selbstvertrauen, die Motivation und den inneren Frieden verst\u00e4rkt. Das komfortable elastische sorgt f\u00fcr eine perfekte Passform f\u00fcr den t\u00e4glichen Kleidung. Egal, ob Sie positive Stimmung, ein modisches Accessoire oder ein nachdenkliches Geschenk suchen, dieses Edelsteinarmband liefert alles. Ideal f\u00fcr Yoga, spirituelle Praktiken oder ungezwungenes Styling. Ein vielseitiges \u00fcck, das jedes Outfit erg\u00e4nzt und gleichzeitig emotionale \u00e4rke und Gleichgewicht f\u00f6rdert. Kommt bereit, in einer -Verpackung zu schenken &#8211; perfekt f\u00fcr Geburtstage, Jubil\u00e4en oder festliche Anl\u00e4sse. F\u00fcgen Sie Ihrer Schmuckkollektion mit diesem exquisiten Armband einen Hauch von nat\u00fcrlicher Sch\u00f6nheit und spirituellem Charme zu.<\/span>    <br \/>Heilung und spirituelle Vorteile-f\u00f6rdert die emotionale Balance, Selbstliebe, Selbstvertrauen und Erdungsenergie; Ideal f\u00fcr Yoga oder t\u00e4gliche Positivit\u00e4t.<br \/>Stretch Fit Comfort-8 Zoll langlebiges elastisches bietet eine engagierte und dennoch flexible Passform f\u00fcr die meisten Handgelenkgr\u00f6\u00dfen. Einfach zu tragen und zu entfernen.<br \/>Perfekte Geschenkoption &#8211; In elegante Verpackungen wird ein ideales Geschenk f\u00fcr Geburtstage, Jubil\u00e4en, Festivals oder als Geste der Pflege und Unterst\u00fctzung gemacht.<br \/>UNISEX &#8211; &#8211; stylisches und sinnvolles Armband f\u00fcr M\u00e4nner und Frauen mit einem vielseitigen Look, der f\u00fcr alle Outfits und Anl\u00e4sse passt.<br \/>Natural Pink Tiger Eye Edelstein-hergestellt aus AAA-Qualit\u00e4t polierten runden Perlen, die f\u00fcr ihre lebendige Honig-Roge-Farbe und kraftvolle metaphysische Eigenschaften bekannt sind.<\/p>\n\n","protected":false},"excerpt":{"rendered":"<p>Entdecken Sie zeitlose Eleganz und spirituelles Gleichgewicht mit dem nat\u00fcrlichen pinkfarbenen Tigeraugenarmband. Das 8-Zoll-Stretcharmband handgefertigt mit hochwertigen AAA-polierten runden Perlen handelt und ist sowohl f\u00fcr M\u00e4nner als auch f\u00fcr Frauen ausgelegt. Pink Tiger Eye ist bekannt f\u00fcr seine einzigartige schimmerte und heilende Energie, die angenommen wird, dass sie das Selbstvertrauen, die Motivation und den inneren [&hellip;]<\/p>\n","protected":false},"featured_media":2444,"comment_status":"open","ping_status":"closed","template":"","meta":{"_aipt_faq_data":""},"store":[],"product_brand":[251],"product_cat":[62],"product_tag":[141],"class_list":{"0":"post-2443","1":"product","2":"type-product","3":"status-publish","4":"has-post-thumbnail","6":"product_brand-generic","7":"product_cat-honig-fur-energie","8":"product_tag-natuerlicher-honig-fuer-energie","10":"first","11":"instock","12":"shipping-taxable","13":"product-type-external"},"yoast_head":"<!-- This site is optimized with the Yoast SEO plugin v27.4 - https:\/\/yoast.com\/product\/yoast-seo-wordpress\/ -->\n<title>Natural Pink Tiger Eye Edelsteinarmband - 8 Zoll Stretcharmband f\u00fcr M\u00e4nner &amp; Frauen | Polierte runde Perlen | Heilungsenergie Stein | Modeschmuckgeschenk f\u00fcr ihn und sie - PureHiveHoney<\/title>\n<meta name=\"description\" content=\"Entdecken Sie hochwertigen Rohhonig, Bio Honig, Manuka Honig und nat\u00fcrliche Bienenprodukte. PureHiveHoney hilft Ihnen dabei, sorgf\u00e4ltig ausgew\u00e4hlte Honigsorten mit nat\u00fcrlicher Qualit\u00e4t und Reinheit zu entdecken.\" \/>\n<meta name=\"robots\" content=\"index, follow, max-snippet:-1, max-image-preview:large, max-video-preview:-1\" \/>\n<link rel=\"canonical\" href=\"https:\/\/purehivehoney.com\/de\/product\/natural-pink-tiger-eye-edelsteinarmband-8-zoll-stretcharmband-fuer-maenner-frauen-polierte-runde-perlen-heilungsenergie-stein-modeschmuckgeschenk-fuer-ihn-und-sie\/\" \/>\n<meta property=\"og:locale\" content=\"de_DE\" \/>\n<meta property=\"og:type\" content=\"article\" \/>\n<meta property=\"og:title\" content=\"Natural Pink Tiger Eye Edelsteinarmband - 8 Zoll Stretcharmband f\u00fcr M\u00e4nner &amp; Frauen | Polierte runde Perlen | Heilungsenergie Stein | Modeschmuckgeschenk f\u00fcr ihn und sie - PureHiveHoney\" \/>\n<meta property=\"og:description\" content=\"Entdecken Sie hochwertigen Rohhonig, Bio Honig, Manuka Honig und nat\u00fcrliche Bienenprodukte. PureHiveHoney hilft Ihnen dabei, sorgf\u00e4ltig ausgew\u00e4hlte Honigsorten mit nat\u00fcrlicher Qualit\u00e4t und Reinheit zu entdecken.\" \/>\n<meta property=\"og:url\" content=\"https:\/\/purehivehoney.com\/de\/product\/natural-pink-tiger-eye-edelsteinarmband-8-zoll-stretcharmband-fuer-maenner-frauen-polierte-runde-perlen-heilungsenergie-stein-modeschmuckgeschenk-fuer-ihn-und-sie\/\" \/>\n<meta property=\"og:site_name\" content=\"PureHiveHoney\" \/>\n<meta property=\"article:modified_time\" content=\"2026-04-03T19:11:46+00:00\" \/>\n<meta name=\"twitter:card\" content=\"summary_large_image\" \/>\n<meta name=\"twitter:label1\" content=\"Gesch\u00e4tzte Lesezeit\" \/>\n\t<meta name=\"twitter:data1\" content=\"1\u00a0Minute\" \/>\n<script type=\"application\/ld+json\" class=\"yoast-schema-graph\">{\"@context\":\"https:\\\/\\\/schema.org\",\"@graph\":[{\"@type\":\"WebPage\",\"@id\":\"https:\\\/\\\/purehivehoney.com\\\/de\\\/product\\\/natural-pink-tiger-eye-edelsteinarmband-8-zoll-stretcharmband-fuer-maenner-frauen-polierte-runde-perlen-heilungsenergie-stein-modeschmuckgeschenk-fuer-ihn-und-sie\\\/\",\"url\":\"https:\\\/\\\/purehivehoney.com\\\/de\\\/product\\\/natural-pink-tiger-eye-edelsteinarmband-8-zoll-stretcharmband-fuer-maenner-frauen-polierte-runde-perlen-heilungsenergie-stein-modeschmuckgeschenk-fuer-ihn-und-sie\\\/\",\"name\":\"Natural Pink Tiger Eye Edelsteinarmband - 8 Zoll Stretcharmband f\u00fcr M\u00e4nner & Frauen | Polierte runde Perlen | Heilungsenergie Stein | Modeschmuckgeschenk f\u00fcr ihn und sie - PureHiveHoney\",\"isPartOf\":{\"@id\":\"https:\\\/\\\/purehivehoney.com\\\/de\\\/#website\"},\"primaryImageOfPage\":{\"@id\":\"https:\\\/\\\/purehivehoney.com\\\/de\\\/product\\\/natural-pink-tiger-eye-edelsteinarmband-8-zoll-stretcharmband-fuer-maenner-frauen-polierte-runde-perlen-heilungsenergie-stein-modeschmuckgeschenk-fuer-ihn-und-sie\\\/#primaryimage\"},\"image\":{\"@id\":\"https:\\\/\\\/purehivehoney.com\\\/de\\\/product\\\/natural-pink-tiger-eye-edelsteinarmband-8-zoll-stretcharmband-fuer-maenner-frauen-polierte-runde-perlen-heilungsenergie-stein-modeschmuckgeschenk-fuer-ihn-und-sie\\\/#primaryimage\"},\"thumbnailUrl\":\"https:\\\/\\\/purehivehoney.com\\\/de\\\/wp-content\\\/uploads\\\/2026\\\/04\\\/31CXqmCfJqL._AC_.jpg\",\"datePublished\":\"2026-04-03T19:11:38+00:00\",\"dateModified\":\"2026-04-03T19:11:46+00:00\",\"description\":\"Entdecken Sie hochwertigen Rohhonig, Bio Honig, Manuka Honig und nat\u00fcrliche Bienenprodukte. PureHiveHoney hilft Ihnen dabei, sorgf\u00e4ltig ausgew\u00e4hlte Honigsorten mit nat\u00fcrlicher Qualit\u00e4t und Reinheit zu entdecken.\",\"breadcrumb\":{\"@id\":\"https:\\\/\\\/purehivehoney.com\\\/de\\\/product\\\/natural-pink-tiger-eye-edelsteinarmband-8-zoll-stretcharmband-fuer-maenner-frauen-polierte-runde-perlen-heilungsenergie-stein-modeschmuckgeschenk-fuer-ihn-und-sie\\\/#breadcrumb\"},\"inLanguage\":\"de\",\"potentialAction\":[{\"@type\":\"ReadAction\",\"target\":[\"https:\\\/\\\/purehivehoney.com\\\/de\\\/product\\\/natural-pink-tiger-eye-edelsteinarmband-8-zoll-stretcharmband-fuer-maenner-frauen-polierte-runde-perlen-heilungsenergie-stein-modeschmuckgeschenk-fuer-ihn-und-sie\\\/\"]}]},{\"@type\":\"ImageObject\",\"inLanguage\":\"de\",\"@id\":\"https:\\\/\\\/purehivehoney.com\\\/de\\\/product\\\/natural-pink-tiger-eye-edelsteinarmband-8-zoll-stretcharmband-fuer-maenner-frauen-polierte-runde-perlen-heilungsenergie-stein-modeschmuckgeschenk-fuer-ihn-und-sie\\\/#primaryimage\",\"url\":\"https:\\\/\\\/purehivehoney.com\\\/de\\\/wp-content\\\/uploads\\\/2026\\\/04\\\/31CXqmCfJqL._AC_.jpg\",\"contentUrl\":\"https:\\\/\\\/purehivehoney.com\\\/de\\\/wp-content\\\/uploads\\\/2026\\\/04\\\/31CXqmCfJqL._AC_.jpg\",\"width\":498,\"height\":175},{\"@type\":\"BreadcrumbList\",\"@id\":\"https:\\\/\\\/purehivehoney.com\\\/de\\\/product\\\/natural-pink-tiger-eye-edelsteinarmband-8-zoll-stretcharmband-fuer-maenner-frauen-polierte-runde-perlen-heilungsenergie-stein-modeschmuckgeschenk-fuer-ihn-und-sie\\\/#breadcrumb\",\"itemListElement\":[{\"@type\":\"ListItem\",\"position\":1,\"name\":\"Home\",\"item\":\"https:\\\/\\\/purehivehoney.com\\\/de\\\/\"},{\"@type\":\"ListItem\",\"position\":2,\"name\":\"Shop\",\"item\":\"https:\\\/\\\/purehivehoney.com\\\/de\\\/shop\\\/\"},{\"@type\":\"ListItem\",\"position\":3,\"name\":\"Natural Pink Tiger Eye Edelsteinarm...\"}]},{\"@type\":\"WebSite\",\"@id\":\"https:\\\/\\\/purehivehoney.com\\\/de\\\/#website\",\"url\":\"https:\\\/\\\/purehivehoney.com\\\/de\\\/\",\"name\":\"PureHiveHoney\",\"description\":\"Reiner Honig &amp; Bienenprodukte Online | Rohhonig, Bio Honig &amp; Spezialhonig\",\"publisher\":{\"@id\":\"https:\\\/\\\/purehivehoney.com\\\/de\\\/#organization\"},\"potentialAction\":[{\"@type\":\"SearchAction\",\"target\":{\"@type\":\"EntryPoint\",\"urlTemplate\":\"https:\\\/\\\/purehivehoney.com\\\/de\\\/?s={search_term_string}\"},\"query-input\":{\"@type\":\"PropertyValueSpecification\",\"valueRequired\":true,\"valueName\":\"search_term_string\"}}],\"inLanguage\":\"de\"},{\"@type\":\"Organization\",\"@id\":\"https:\\\/\\\/purehivehoney.com\\\/de\\\/#organization\",\"name\":\"PureHiveHoney\",\"url\":\"https:\\\/\\\/purehivehoney.com\\\/de\\\/\",\"logo\":{\"@type\":\"ImageObject\",\"inLanguage\":\"de\",\"@id\":\"https:\\\/\\\/purehivehoney.com\\\/de\\\/#\\\/schema\\\/logo\\\/image\\\/\",\"url\":\"https:\\\/\\\/purehivehoney.com\\\/de\\\/wp-content\\\/uploads\\\/2026\\\/03\\\/Screenshot-2026-03-16-at-1.06.01-AM.png\",\"contentUrl\":\"https:\\\/\\\/purehivehoney.com\\\/de\\\/wp-content\\\/uploads\\\/2026\\\/03\\\/Screenshot-2026-03-16-at-1.06.01-AM.png\",\"width\":2112,\"height\":1086,\"caption\":\"PureHiveHoney\"},\"image\":{\"@id\":\"https:\\\/\\\/purehivehoney.com\\\/de\\\/#\\\/schema\\\/logo\\\/image\\\/\"}}]}<\/script>\n<!-- \/ Yoast SEO plugin. -->","yoast_head_json":{"title":"Natural Pink Tiger Eye Edelsteinarmband - 8 Zoll Stretcharmband f\u00fcr M\u00e4nner & Frauen | Polierte runde Perlen | Heilungsenergie Stein | Modeschmuckgeschenk f\u00fcr ihn und sie - PureHiveHoney","description":"Entdecken Sie hochwertigen Rohhonig, Bio Honig, Manuka Honig und nat\u00fcrliche Bienenprodukte. PureHiveHoney hilft Ihnen dabei, sorgf\u00e4ltig ausgew\u00e4hlte Honigsorten mit nat\u00fcrlicher Qualit\u00e4t und Reinheit zu entdecken.","robots":{"index":"index","follow":"follow","max-snippet":"max-snippet:-1","max-image-preview":"max-image-preview:large","max-video-preview":"max-video-preview:-1"},"canonical":"https:\/\/purehivehoney.com\/de\/product\/natural-pink-tiger-eye-edelsteinarmband-8-zoll-stretcharmband-fuer-maenner-frauen-polierte-runde-perlen-heilungsenergie-stein-modeschmuckgeschenk-fuer-ihn-und-sie\/","og_locale":"de_DE","og_type":"article","og_title":"Natural Pink Tiger Eye Edelsteinarmband - 8 Zoll Stretcharmband f\u00fcr M\u00e4nner & Frauen | Polierte runde Perlen | Heilungsenergie Stein | Modeschmuckgeschenk f\u00fcr ihn und sie - PureHiveHoney","og_description":"Entdecken Sie hochwertigen Rohhonig, Bio Honig, Manuka Honig und nat\u00fcrliche Bienenprodukte. PureHiveHoney hilft Ihnen dabei, sorgf\u00e4ltig ausgew\u00e4hlte Honigsorten mit nat\u00fcrlicher Qualit\u00e4t und Reinheit zu entdecken.","og_url":"https:\/\/purehivehoney.com\/de\/product\/natural-pink-tiger-eye-edelsteinarmband-8-zoll-stretcharmband-fuer-maenner-frauen-polierte-runde-perlen-heilungsenergie-stein-modeschmuckgeschenk-fuer-ihn-und-sie\/","og_site_name":"PureHiveHoney","article_modified_time":"2026-04-03T19:11:46+00:00","twitter_card":"summary_large_image","twitter_misc":{"Gesch\u00e4tzte Lesezeit":"1\u00a0Minute"},"schema":{"@context":"https:\/\/schema.org","@graph":[{"@type":"WebPage","@id":"https:\/\/purehivehoney.com\/de\/product\/natural-pink-tiger-eye-edelsteinarmband-8-zoll-stretcharmband-fuer-maenner-frauen-polierte-runde-perlen-heilungsenergie-stein-modeschmuckgeschenk-fuer-ihn-und-sie\/","url":"https:\/\/purehivehoney.com\/de\/product\/natural-pink-tiger-eye-edelsteinarmband-8-zoll-stretcharmband-fuer-maenner-frauen-polierte-runde-perlen-heilungsenergie-stein-modeschmuckgeschenk-fuer-ihn-und-sie\/","name":"Natural Pink Tiger Eye Edelsteinarmband - 8 Zoll Stretcharmband f\u00fcr M\u00e4nner & Frauen | Polierte runde Perlen | Heilungsenergie Stein | Modeschmuckgeschenk f\u00fcr ihn und sie - PureHiveHoney","isPartOf":{"@id":"https:\/\/purehivehoney.com\/de\/#website"},"primaryImageOfPage":{"@id":"https:\/\/purehivehoney.com\/de\/product\/natural-pink-tiger-eye-edelsteinarmband-8-zoll-stretcharmband-fuer-maenner-frauen-polierte-runde-perlen-heilungsenergie-stein-modeschmuckgeschenk-fuer-ihn-und-sie\/#primaryimage"},"image":{"@id":"https:\/\/purehivehoney.com\/de\/product\/natural-pink-tiger-eye-edelsteinarmband-8-zoll-stretcharmband-fuer-maenner-frauen-polierte-runde-perlen-heilungsenergie-stein-modeschmuckgeschenk-fuer-ihn-und-sie\/#primaryimage"},"thumbnailUrl":"https:\/\/purehivehoney.com\/de\/wp-content\/uploads\/2026\/04\/31CXqmCfJqL._AC_.jpg","datePublished":"2026-04-03T19:11:38+00:00","dateModified":"2026-04-03T19:11:46+00:00","description":"Entdecken Sie hochwertigen Rohhonig, Bio Honig, Manuka Honig und nat\u00fcrliche Bienenprodukte. PureHiveHoney hilft Ihnen dabei, sorgf\u00e4ltig ausgew\u00e4hlte Honigsorten mit nat\u00fcrlicher Qualit\u00e4t und Reinheit zu entdecken.","breadcrumb":{"@id":"https:\/\/purehivehoney.com\/de\/product\/natural-pink-tiger-eye-edelsteinarmband-8-zoll-stretcharmband-fuer-maenner-frauen-polierte-runde-perlen-heilungsenergie-stein-modeschmuckgeschenk-fuer-ihn-und-sie\/#breadcrumb"},"inLanguage":"de","potentialAction":[{"@type":"ReadAction","target":["https:\/\/purehivehoney.com\/de\/product\/natural-pink-tiger-eye-edelsteinarmband-8-zoll-stretcharmband-fuer-maenner-frauen-polierte-runde-perlen-heilungsenergie-stein-modeschmuckgeschenk-fuer-ihn-und-sie\/"]}]},{"@type":"ImageObject","inLanguage":"de","@id":"https:\/\/purehivehoney.com\/de\/product\/natural-pink-tiger-eye-edelsteinarmband-8-zoll-stretcharmband-fuer-maenner-frauen-polierte-runde-perlen-heilungsenergie-stein-modeschmuckgeschenk-fuer-ihn-und-sie\/#primaryimage","url":"https:\/\/purehivehoney.com\/de\/wp-content\/uploads\/2026\/04\/31CXqmCfJqL._AC_.jpg","contentUrl":"https:\/\/purehivehoney.com\/de\/wp-content\/uploads\/2026\/04\/31CXqmCfJqL._AC_.jpg","width":498,"height":175},{"@type":"BreadcrumbList","@id":"https:\/\/purehivehoney.com\/de\/product\/natural-pink-tiger-eye-edelsteinarmband-8-zoll-stretcharmband-fuer-maenner-frauen-polierte-runde-perlen-heilungsenergie-stein-modeschmuckgeschenk-fuer-ihn-und-sie\/#breadcrumb","itemListElement":[{"@type":"ListItem","position":1,"name":"Home","item":"https:\/\/purehivehoney.com\/de\/"},{"@type":"ListItem","position":2,"name":"Shop","item":"https:\/\/purehivehoney.com\/de\/shop\/"},{"@type":"ListItem","position":3,"name":"Natural Pink Tiger Eye Edelsteinarm..."}]},{"@type":"WebSite","@id":"https:\/\/purehivehoney.com\/de\/#website","url":"https:\/\/purehivehoney.com\/de\/","name":"PureHiveHoney","description":"Reiner Honig &amp; Bienenprodukte Online | Rohhonig, Bio Honig &amp; Spezialhonig","publisher":{"@id":"https:\/\/purehivehoney.com\/de\/#organization"},"potentialAction":[{"@type":"SearchAction","target":{"@type":"EntryPoint","urlTemplate":"https:\/\/purehivehoney.com\/de\/?s={search_term_string}"},"query-input":{"@type":"PropertyValueSpecification","valueRequired":true,"valueName":"search_term_string"}}],"inLanguage":"de"},{"@type":"Organization","@id":"https:\/\/purehivehoney.com\/de\/#organization","name":"PureHiveHoney","url":"https:\/\/purehivehoney.com\/de\/","logo":{"@type":"ImageObject","inLanguage":"de","@id":"https:\/\/purehivehoney.com\/de\/#\/schema\/logo\/image\/","url":"https:\/\/purehivehoney.com\/de\/wp-content\/uploads\/2026\/03\/Screenshot-2026-03-16-at-1.06.01-AM.png","contentUrl":"https:\/\/purehivehoney.com\/de\/wp-content\/uploads\/2026\/03\/Screenshot-2026-03-16-at-1.06.01-AM.png","width":2112,"height":1086,"caption":"PureHiveHoney"},"image":{"@id":"https:\/\/purehivehoney.com\/de\/#\/schema\/logo\/image\/"}}]}},"_links":{"self":[{"href":"https:\/\/purehivehoney.com\/de\/wp-json\/wp\/v2\/product\/2443","targetHints":{"allow":["GET"]}}],"collection":[{"href":"https:\/\/purehivehoney.com\/de\/wp-json\/wp\/v2\/product"}],"about":[{"href":"https:\/\/purehivehoney.com\/de\/wp-json\/wp\/v2\/types\/product"}],"replies":[{"embeddable":true,"href":"https:\/\/purehivehoney.com\/de\/wp-json\/wp\/v2\/comments?post=2443"}],"wp:featuredmedia":[{"embeddable":true,"href":"https:\/\/purehivehoney.com\/de\/wp-json\/wp\/v2\/media\/2444"}],"wp:attachment":[{"href":"https:\/\/purehivehoney.com\/de\/wp-json\/wp\/v2\/media?parent=2443"}],"wp:term":[{"taxonomy":"store","embeddable":true,"href":"https:\/\/purehivehoney.com\/de\/wp-json\/wp\/v2\/store?post=2443"},{"taxonomy":"product_brand","embeddable":true,"href":"https:\/\/purehivehoney.com\/de\/wp-json\/wp\/v2\/product_brand?post=2443"},{"taxonomy":"product_cat","embeddable":true,"href":"https:\/\/purehivehoney.com\/de\/wp-json\/wp\/v2\/product_cat?post=2443"},{"taxonomy":"product_tag","embeddable":true,"href":"https:\/\/purehivehoney.com\/de\/wp-json\/wp\/v2\/product_tag?post=2443"}],"curies":[{"name":"wp","href":"https:\/\/api.w.org\/{rel}","templated":true}]}}