{"id":243,"date":"2026-03-15T20:16:20","date_gmt":"2026-03-15T20:16:20","guid":{"rendered":"https:\/\/purehivehoney.com\/de\/product\/raw-greek-honey-100-pure-wild-thyme-from-the-wild-dry-and-rocky-regions-of-the-thebes-480g\/"},"modified":"2026-03-15T23:36:13","modified_gmt":"2026-03-15T23:36:13","slug":"raw-greek-honey-100-pure-wild-thyme-from-the-wild-dry-and-rocky-regions-of-the-thebes-480g","status":"publish","type":"product","link":"https:\/\/purehivehoney.com\/de\/product\/raw-greek-honey-100-pure-wild-thyme-from-the-wild-dry-and-rocky-regions-of-the-thebes-480g\/","title":{"rendered":"RAW Greek Honey 100% Pure &#8211; W..."},"content":{"rendered":"<p>    <span>Raw, pure, small Greek honey. <\/span><span>Contains all vitamins, minerals, metals, proteins, enzymes, pollen and antioxidants not found in refined, heated honey. <\/span><br \/><span>Wild thyme is native to Greece and is found in wild, dry, rocky regions such as the Valley of the Thebes, where our bees collect the nectar for this honey of exceptional quality. <\/span><br \/><span>It has an intense and complex aroma and a unique &#8222;spicy&#8220; aftertaste that lasts. <\/span><br \/><span>It serves as an antiseptic agent and strengthens the immune system. <\/span><br \/><span>Thymol, in this honey, is responsible for its antiseptic properties. It is used to heal wounds and is an effective remedy against food poisoning <\/span><br \/><span>It is ideal for respiratory and digestive disorders and can prevent cardiovascular diseases.<\/span><br \/> Is Discontinued By Manufacturer                                            \u200f                                            :                                            \u200e                                            No   <br \/> Product Dimensions                                            \u200f                                            :                                            \u200e                                            7 x 7 x 14 cm; 480 g   <br \/> Manufacturer                                            \u200f                                            :                                            \u200e                                            Sinanoglou Honey Farm   <br \/> ASIN                                            \u200f                                            :                                            \u200e                                            B01MYRM45C   <br \/>From tomorrow 10th March<br \/>Raw Greek honey is considered to be the finest in the world due to the extraordinary variety of flora and the unlimited, powerful summer sun. Traditional on Sinanoglous small farm. No pesticides, chemicals or dyes at any stage of production.<br \/>Antibacterial, antiviral and antifungal. Unfiltered, unheated and unpasteurised<br \/>Contains over 5000 enzymes &#8211; The live enzyme content of raw honey is one of the highest foods. Also contains 27 minerals, metals and trace elements, 22 amino acids, vitamins A, B, C, D, E and K and has a very high antioxidant value.<br \/>There are substances in raw Greek honey as they are still uniform, which can be responsible for their rather amazing properties.<\/p>\n\n","protected":false},"excerpt":{"rendered":"<p>Raw, pure, small Greek honey. Contains all vitamins, minerals, metals, proteins, enzymes, pollen and antioxidants not found in refined, heated honey. Wild thyme is native to Greece and is found in wild, dry, rocky regions such as the Valley of the Thebes, where our bees collect the nectar for this honey of exceptional quality. It [&hellip;]<\/p>\n","protected":false},"featured_media":244,"comment_status":"open","ping_status":"closed","template":"","meta":{"_aipt_faq_data":""},"store":[],"product_brand":[92],"product_cat":[54],"product_tag":[105],"class_list":{"0":"post-243","1":"product","2":"type-product","3":"status-publish","4":"has-post-thumbnail","6":"product_brand-yiri-yiri-greek-honey","7":"product_cat-krauterhonig","8":"product_tag-bio-kraeuterhonig-kaufen","10":"first","11":"instock","12":"sale","13":"shipping-taxable","14":"product-type-external"},"yoast_head":"<!-- This site is optimized with the Yoast SEO plugin v27.4 - https:\/\/yoast.com\/product\/yoast-seo-wordpress\/ -->\n<title>RAW Greek Honey 100% Pure - Wild Thyme - from the wild, dry and rocky regions of the Thebes. 480g - PureHiveHoney<\/title>\n<meta name=\"description\" content=\"Entdecken Sie hochwertigen Rohhonig, Bio Honig, Manuka Honig und nat\u00fcrliche Bienenprodukte. PureHiveHoney hilft Ihnen dabei, sorgf\u00e4ltig ausgew\u00e4hlte Honigsorten mit nat\u00fcrlicher Qualit\u00e4t und Reinheit zu entdecken.\" \/>\n<meta name=\"robots\" content=\"index, follow, max-snippet:-1, max-image-preview:large, max-video-preview:-1\" \/>\n<link rel=\"canonical\" href=\"https:\/\/purehivehoney.com\/de\/product\/raw-greek-honey-100-pure-wild-thyme-from-the-wild-dry-and-rocky-regions-of-the-thebes-480g\/\" \/>\n<meta property=\"og:locale\" content=\"de_DE\" \/>\n<meta property=\"og:type\" content=\"article\" \/>\n<meta property=\"og:title\" content=\"RAW Greek Honey 100% Pure - Wild Thyme - from the wild, dry and rocky regions of the Thebes. 480g - PureHiveHoney\" \/>\n<meta property=\"og:description\" content=\"Entdecken Sie hochwertigen Rohhonig, Bio Honig, Manuka Honig und nat\u00fcrliche Bienenprodukte. PureHiveHoney hilft Ihnen dabei, sorgf\u00e4ltig ausgew\u00e4hlte Honigsorten mit nat\u00fcrlicher Qualit\u00e4t und Reinheit zu entdecken.\" \/>\n<meta property=\"og:url\" content=\"https:\/\/purehivehoney.com\/de\/product\/raw-greek-honey-100-pure-wild-thyme-from-the-wild-dry-and-rocky-regions-of-the-thebes-480g\/\" \/>\n<meta property=\"og:site_name\" content=\"PureHiveHoney\" \/>\n<meta property=\"article:modified_time\" content=\"2026-03-15T23:36:13+00:00\" \/>\n<meta name=\"twitter:card\" content=\"summary_large_image\" \/>\n<meta name=\"twitter:label1\" content=\"Gesch\u00e4tzte Lesezeit\" \/>\n\t<meta name=\"twitter:data1\" content=\"1\u00a0Minute\" \/>\n<script type=\"application\/ld+json\" class=\"yoast-schema-graph\">{\"@context\":\"https:\\\/\\\/schema.org\",\"@graph\":[{\"@type\":\"WebPage\",\"@id\":\"https:\\\/\\\/purehivehoney.com\\\/de\\\/product\\\/raw-greek-honey-100-pure-wild-thyme-from-the-wild-dry-and-rocky-regions-of-the-thebes-480g\\\/\",\"url\":\"https:\\\/\\\/purehivehoney.com\\\/de\\\/product\\\/raw-greek-honey-100-pure-wild-thyme-from-the-wild-dry-and-rocky-regions-of-the-thebes-480g\\\/\",\"name\":\"RAW Greek Honey 100% Pure - Wild Thyme - from the wild, dry and rocky regions of the Thebes. 480g - PureHiveHoney\",\"isPartOf\":{\"@id\":\"https:\\\/\\\/purehivehoney.com\\\/de\\\/#website\"},\"primaryImageOfPage\":{\"@id\":\"https:\\\/\\\/purehivehoney.com\\\/de\\\/product\\\/raw-greek-honey-100-pure-wild-thyme-from-the-wild-dry-and-rocky-regions-of-the-thebes-480g\\\/#primaryimage\"},\"image\":{\"@id\":\"https:\\\/\\\/purehivehoney.com\\\/de\\\/product\\\/raw-greek-honey-100-pure-wild-thyme-from-the-wild-dry-and-rocky-regions-of-the-thebes-480g\\\/#primaryimage\"},\"thumbnailUrl\":\"https:\\\/\\\/purehivehoney.com\\\/de\\\/wp-content\\\/uploads\\\/2026\\\/03\\\/91RWujOVDL._SL1500_.jpg\",\"datePublished\":\"2026-03-15T20:16:20+00:00\",\"dateModified\":\"2026-03-15T23:36:13+00:00\",\"description\":\"Entdecken Sie hochwertigen Rohhonig, Bio Honig, Manuka Honig und nat\u00fcrliche Bienenprodukte. PureHiveHoney hilft Ihnen dabei, sorgf\u00e4ltig ausgew\u00e4hlte Honigsorten mit nat\u00fcrlicher Qualit\u00e4t und Reinheit zu entdecken.\",\"breadcrumb\":{\"@id\":\"https:\\\/\\\/purehivehoney.com\\\/de\\\/product\\\/raw-greek-honey-100-pure-wild-thyme-from-the-wild-dry-and-rocky-regions-of-the-thebes-480g\\\/#breadcrumb\"},\"inLanguage\":\"de\",\"potentialAction\":[{\"@type\":\"ReadAction\",\"target\":[\"https:\\\/\\\/purehivehoney.com\\\/de\\\/product\\\/raw-greek-honey-100-pure-wild-thyme-from-the-wild-dry-and-rocky-regions-of-the-thebes-480g\\\/\"]}]},{\"@type\":\"ImageObject\",\"inLanguage\":\"de\",\"@id\":\"https:\\\/\\\/purehivehoney.com\\\/de\\\/product\\\/raw-greek-honey-100-pure-wild-thyme-from-the-wild-dry-and-rocky-regions-of-the-thebes-480g\\\/#primaryimage\",\"url\":\"https:\\\/\\\/purehivehoney.com\\\/de\\\/wp-content\\\/uploads\\\/2026\\\/03\\\/91RWujOVDL._SL1500_.jpg\",\"contentUrl\":\"https:\\\/\\\/purehivehoney.com\\\/de\\\/wp-content\\\/uploads\\\/2026\\\/03\\\/91RWujOVDL._SL1500_.jpg\",\"width\":917,\"height\":1500},{\"@type\":\"BreadcrumbList\",\"@id\":\"https:\\\/\\\/purehivehoney.com\\\/de\\\/product\\\/raw-greek-honey-100-pure-wild-thyme-from-the-wild-dry-and-rocky-regions-of-the-thebes-480g\\\/#breadcrumb\",\"itemListElement\":[{\"@type\":\"ListItem\",\"position\":1,\"name\":\"Home\",\"item\":\"https:\\\/\\\/purehivehoney.com\\\/de\\\/\"},{\"@type\":\"ListItem\",\"position\":2,\"name\":\"Shop\",\"item\":\"https:\\\/\\\/purehivehoney.com\\\/de\\\/shop\\\/\"},{\"@type\":\"ListItem\",\"position\":3,\"name\":\"RAW Greek Honey 100% Pure &#8211; W...\"}]},{\"@type\":\"WebSite\",\"@id\":\"https:\\\/\\\/purehivehoney.com\\\/de\\\/#website\",\"url\":\"https:\\\/\\\/purehivehoney.com\\\/de\\\/\",\"name\":\"PureHiveHoney\",\"description\":\"Reiner Honig &amp; Bienenprodukte Online | Rohhonig, Bio Honig &amp; Spezialhonig\",\"publisher\":{\"@id\":\"https:\\\/\\\/purehivehoney.com\\\/de\\\/#organization\"},\"potentialAction\":[{\"@type\":\"SearchAction\",\"target\":{\"@type\":\"EntryPoint\",\"urlTemplate\":\"https:\\\/\\\/purehivehoney.com\\\/de\\\/?s={search_term_string}\"},\"query-input\":{\"@type\":\"PropertyValueSpecification\",\"valueRequired\":true,\"valueName\":\"search_term_string\"}}],\"inLanguage\":\"de\"},{\"@type\":\"Organization\",\"@id\":\"https:\\\/\\\/purehivehoney.com\\\/de\\\/#organization\",\"name\":\"PureHiveHoney\",\"url\":\"https:\\\/\\\/purehivehoney.com\\\/de\\\/\",\"logo\":{\"@type\":\"ImageObject\",\"inLanguage\":\"de\",\"@id\":\"https:\\\/\\\/purehivehoney.com\\\/de\\\/#\\\/schema\\\/logo\\\/image\\\/\",\"url\":\"https:\\\/\\\/purehivehoney.com\\\/de\\\/wp-content\\\/uploads\\\/2026\\\/03\\\/Screenshot-2026-03-16-at-1.06.01-AM.png\",\"contentUrl\":\"https:\\\/\\\/purehivehoney.com\\\/de\\\/wp-content\\\/uploads\\\/2026\\\/03\\\/Screenshot-2026-03-16-at-1.06.01-AM.png\",\"width\":2112,\"height\":1086,\"caption\":\"PureHiveHoney\"},\"image\":{\"@id\":\"https:\\\/\\\/purehivehoney.com\\\/de\\\/#\\\/schema\\\/logo\\\/image\\\/\"}}]}<\/script>\n<!-- \/ Yoast SEO plugin. -->","yoast_head_json":{"title":"RAW Greek Honey 100% Pure - Wild Thyme - from the wild, dry and rocky regions of the Thebes. 480g - PureHiveHoney","description":"Entdecken Sie hochwertigen Rohhonig, Bio Honig, Manuka Honig und nat\u00fcrliche Bienenprodukte. PureHiveHoney hilft Ihnen dabei, sorgf\u00e4ltig ausgew\u00e4hlte Honigsorten mit nat\u00fcrlicher Qualit\u00e4t und Reinheit zu entdecken.","robots":{"index":"index","follow":"follow","max-snippet":"max-snippet:-1","max-image-preview":"max-image-preview:large","max-video-preview":"max-video-preview:-1"},"canonical":"https:\/\/purehivehoney.com\/de\/product\/raw-greek-honey-100-pure-wild-thyme-from-the-wild-dry-and-rocky-regions-of-the-thebes-480g\/","og_locale":"de_DE","og_type":"article","og_title":"RAW Greek Honey 100% Pure - Wild Thyme - from the wild, dry and rocky regions of the Thebes. 480g - PureHiveHoney","og_description":"Entdecken Sie hochwertigen Rohhonig, Bio Honig, Manuka Honig und nat\u00fcrliche Bienenprodukte. PureHiveHoney hilft Ihnen dabei, sorgf\u00e4ltig ausgew\u00e4hlte Honigsorten mit nat\u00fcrlicher Qualit\u00e4t und Reinheit zu entdecken.","og_url":"https:\/\/purehivehoney.com\/de\/product\/raw-greek-honey-100-pure-wild-thyme-from-the-wild-dry-and-rocky-regions-of-the-thebes-480g\/","og_site_name":"PureHiveHoney","article_modified_time":"2026-03-15T23:36:13+00:00","twitter_card":"summary_large_image","twitter_misc":{"Gesch\u00e4tzte Lesezeit":"1\u00a0Minute"},"schema":{"@context":"https:\/\/schema.org","@graph":[{"@type":"WebPage","@id":"https:\/\/purehivehoney.com\/de\/product\/raw-greek-honey-100-pure-wild-thyme-from-the-wild-dry-and-rocky-regions-of-the-thebes-480g\/","url":"https:\/\/purehivehoney.com\/de\/product\/raw-greek-honey-100-pure-wild-thyme-from-the-wild-dry-and-rocky-regions-of-the-thebes-480g\/","name":"RAW Greek Honey 100% Pure - Wild Thyme - from the wild, dry and rocky regions of the Thebes. 480g - PureHiveHoney","isPartOf":{"@id":"https:\/\/purehivehoney.com\/de\/#website"},"primaryImageOfPage":{"@id":"https:\/\/purehivehoney.com\/de\/product\/raw-greek-honey-100-pure-wild-thyme-from-the-wild-dry-and-rocky-regions-of-the-thebes-480g\/#primaryimage"},"image":{"@id":"https:\/\/purehivehoney.com\/de\/product\/raw-greek-honey-100-pure-wild-thyme-from-the-wild-dry-and-rocky-regions-of-the-thebes-480g\/#primaryimage"},"thumbnailUrl":"https:\/\/purehivehoney.com\/de\/wp-content\/uploads\/2026\/03\/91RWujOVDL._SL1500_.jpg","datePublished":"2026-03-15T20:16:20+00:00","dateModified":"2026-03-15T23:36:13+00:00","description":"Entdecken Sie hochwertigen Rohhonig, Bio Honig, Manuka Honig und nat\u00fcrliche Bienenprodukte. PureHiveHoney hilft Ihnen dabei, sorgf\u00e4ltig ausgew\u00e4hlte Honigsorten mit nat\u00fcrlicher Qualit\u00e4t und Reinheit zu entdecken.","breadcrumb":{"@id":"https:\/\/purehivehoney.com\/de\/product\/raw-greek-honey-100-pure-wild-thyme-from-the-wild-dry-and-rocky-regions-of-the-thebes-480g\/#breadcrumb"},"inLanguage":"de","potentialAction":[{"@type":"ReadAction","target":["https:\/\/purehivehoney.com\/de\/product\/raw-greek-honey-100-pure-wild-thyme-from-the-wild-dry-and-rocky-regions-of-the-thebes-480g\/"]}]},{"@type":"ImageObject","inLanguage":"de","@id":"https:\/\/purehivehoney.com\/de\/product\/raw-greek-honey-100-pure-wild-thyme-from-the-wild-dry-and-rocky-regions-of-the-thebes-480g\/#primaryimage","url":"https:\/\/purehivehoney.com\/de\/wp-content\/uploads\/2026\/03\/91RWujOVDL._SL1500_.jpg","contentUrl":"https:\/\/purehivehoney.com\/de\/wp-content\/uploads\/2026\/03\/91RWujOVDL._SL1500_.jpg","width":917,"height":1500},{"@type":"BreadcrumbList","@id":"https:\/\/purehivehoney.com\/de\/product\/raw-greek-honey-100-pure-wild-thyme-from-the-wild-dry-and-rocky-regions-of-the-thebes-480g\/#breadcrumb","itemListElement":[{"@type":"ListItem","position":1,"name":"Home","item":"https:\/\/purehivehoney.com\/de\/"},{"@type":"ListItem","position":2,"name":"Shop","item":"https:\/\/purehivehoney.com\/de\/shop\/"},{"@type":"ListItem","position":3,"name":"RAW Greek Honey 100% Pure &#8211; W..."}]},{"@type":"WebSite","@id":"https:\/\/purehivehoney.com\/de\/#website","url":"https:\/\/purehivehoney.com\/de\/","name":"PureHiveHoney","description":"Reiner Honig &amp; Bienenprodukte Online | Rohhonig, Bio Honig &amp; Spezialhonig","publisher":{"@id":"https:\/\/purehivehoney.com\/de\/#organization"},"potentialAction":[{"@type":"SearchAction","target":{"@type":"EntryPoint","urlTemplate":"https:\/\/purehivehoney.com\/de\/?s={search_term_string}"},"query-input":{"@type":"PropertyValueSpecification","valueRequired":true,"valueName":"search_term_string"}}],"inLanguage":"de"},{"@type":"Organization","@id":"https:\/\/purehivehoney.com\/de\/#organization","name":"PureHiveHoney","url":"https:\/\/purehivehoney.com\/de\/","logo":{"@type":"ImageObject","inLanguage":"de","@id":"https:\/\/purehivehoney.com\/de\/#\/schema\/logo\/image\/","url":"https:\/\/purehivehoney.com\/de\/wp-content\/uploads\/2026\/03\/Screenshot-2026-03-16-at-1.06.01-AM.png","contentUrl":"https:\/\/purehivehoney.com\/de\/wp-content\/uploads\/2026\/03\/Screenshot-2026-03-16-at-1.06.01-AM.png","width":2112,"height":1086,"caption":"PureHiveHoney"},"image":{"@id":"https:\/\/purehivehoney.com\/de\/#\/schema\/logo\/image\/"}}]}},"_links":{"self":[{"href":"https:\/\/purehivehoney.com\/de\/wp-json\/wp\/v2\/product\/243","targetHints":{"allow":["GET"]}}],"collection":[{"href":"https:\/\/purehivehoney.com\/de\/wp-json\/wp\/v2\/product"}],"about":[{"href":"https:\/\/purehivehoney.com\/de\/wp-json\/wp\/v2\/types\/product"}],"replies":[{"embeddable":true,"href":"https:\/\/purehivehoney.com\/de\/wp-json\/wp\/v2\/comments?post=243"}],"wp:featuredmedia":[{"embeddable":true,"href":"https:\/\/purehivehoney.com\/de\/wp-json\/wp\/v2\/media\/244"}],"wp:attachment":[{"href":"https:\/\/purehivehoney.com\/de\/wp-json\/wp\/v2\/media?parent=243"}],"wp:term":[{"taxonomy":"store","embeddable":true,"href":"https:\/\/purehivehoney.com\/de\/wp-json\/wp\/v2\/store?post=243"},{"taxonomy":"product_brand","embeddable":true,"href":"https:\/\/purehivehoney.com\/de\/wp-json\/wp\/v2\/product_brand?post=243"},{"taxonomy":"product_cat","embeddable":true,"href":"https:\/\/purehivehoney.com\/de\/wp-json\/wp\/v2\/product_cat?post=243"},{"taxonomy":"product_tag","embeddable":true,"href":"https:\/\/purehivehoney.com\/de\/wp-json\/wp\/v2\/product_tag?post=243"}],"curies":[{"name":"wp","href":"https:\/\/api.w.org\/{rel}","templated":true}]}}