{"id":2425,"date":"2026-04-03T14:58:04","date_gmt":"2026-04-03T14:58:04","guid":{"rendered":"https:\/\/purehivehoney.com\/de\/product\/set-of-4-honey-spoons-olive-wood-15-cm\/"},"modified":"2026-04-03T14:58:18","modified_gmt":"2026-04-03T14:58:18","slug":"set-of-4-honey-spoons-olive-wood-15-cm","status":"publish","type":"product","link":"https:\/\/purehivehoney.com\/de\/product\/set-of-4-honey-spoons-olive-wood-15-cm\/","title":{"rendered":"Set of 4 Honey Spoons Olive Wood 15..."},"content":{"rendered":"<p>                                             Product Description   <\/p>\n<p>                                                         <img decoding=\"async\" alt=\"Naturehome Marke Wohnen Wohnaccessoires Olivenholz Holz bio kba vegan nat\u00fcrlich \u00f6ko antiallegisch\" src=\"https:\/\/images-na.ssl-images-amazon.com\/images\/G\/01\/x-locale\/common\/grey-pixel.gif\" class=\"a-lazy-loaded\" data-src=\"https:\/\/m.media-amazon.com\/images\/S\/aplus-seller-content-images-us-east-1\/A1PA6795UKMFR9\/A3QFNZ0RD6ICCI\/28815aa1-f0d6-45fa-884c-dd4b502ab593._CR0,0,600,180_PT0_SX600__.jpg\"><img decoding=\"async\" alt=\"Naturehome Marke Wohnen Wohnaccessoires Olivenholz Holz bio kba vegan nat\u00fcrlich \u00f6ko antiallegisch\" src=\"https:\/\/m.media-amazon.com\/images\/S\/aplus-seller-content-images-us-east-1\/A1PA6795UKMFR9\/A3QFNZ0RD6ICCI\/28815aa1-f0d6-45fa-884c-dd4b502ab593._CR0,0,600,180_PT0_SX600__.jpg\">      <\/p>\n<p>                                                                             <img decoding=\"async\" alt=\"honig l\u00f6ffel heber design olivenholz nat\u00fcrlich vegan bio holz k\u00fcche fr\u00fchst\u00fcck naturehome wohnen\" src=\"https:\/\/images-na.ssl-images-amazon.com\/images\/G\/01\/x-locale\/common\/grey-pixel.gif\" class=\"a-spacing-base a-lazy-loaded\" data-src=\"https:\/\/m.media-amazon.com\/images\/S\/aplus-media-library-service-media\/413bf7c1-dc1c-42e9-8a0c-c869bf16bb76.__CR0,0,970,600_PT0_SX970_V1___.jpg\"><img decoding=\"async\" alt=\"honig l\u00f6ffel heber design olivenholz nat\u00fcrlich vegan bio holz k\u00fcche fr\u00fchst\u00fcck naturehome wohnen\" src=\"https:\/\/m.media-amazon.com\/images\/S\/aplus-media-library-service-media\/413bf7c1-dc1c-42e9-8a0c-c869bf16bb76.__CR0,0,970,600_PT0_SX970_V1___.jpg\">                                         <\/p>\n<h3 class=\"a-spacing-mini\"> Sch\u00f6ner DESIGN Honigl\u00f6ffel aus echtem Olivenholz &#8211; dekorativ und funktionell  <\/h3>\n<h3 class=\"a-spacing-mini\"> Im 4er Set oder einzeln <\/h3>\n<p>                                            <img decoding=\"async\" alt=\"Honig l\u00f6ffel heber olivenholz naturehome vegan antiseptisch lebensmittel echt k\u00fcche vegan kochen bio\" src=\"https:\/\/images-na.ssl-images-amazon.com\/images\/G\/01\/x-locale\/common\/grey-pixel.gif\" class=\"a-lazy-loaded\" data-src=\"https:\/\/m.media-amazon.com\/images\/S\/aplus-seller-content-images-us-east-1\/A1PA6795UKMFR9\/A3QFNZ0RD6ICCI\/a74390e6-79bb-42b5-980e-564115c75de8._CR0,0,2000,2000_PT0_SX300__.jpg\"><img decoding=\"async\" alt=\"Honig l\u00f6ffel heber olivenholz naturehome vegan antiseptisch lebensmittel echt k\u00fcche vegan kochen bio\" src=\"https:\/\/m.media-amazon.com\/images\/S\/aplus-seller-content-images-us-east-1\/A1PA6795UKMFR9\/A3QFNZ0RD6ICCI\/a74390e6-79bb-42b5-980e-564115c75de8._CR0,0,2000,2000_PT0_SX300__.jpg\">                                      <\/p>\n<p> Produktdetails: <\/p>\n<p>     L\u00e4nge: ca. 15 cmGewicht: ca. 400gFarbe: Honig-braunMaterial: OlivenholzOberfl\u00e4che: geschliffen, mit Speise\u00f6l \/ Oliven\u00f6l behandelt, HandarbeitVerwendung: F\u00fcr den InnenraumLieferumfang: optional 4x Honigl\u00f6ffel als Set oder einzelnPflegehinweis: Olivenholzprodukte nicht in der Sp\u00fclmaschine reinigen. Nach M\u00f6glichkeit mit einem weichen Schwamm oder Lappen mit schonendem Reiniger und lauwarmem Wasser abwaschen (zu hei\u00dfes Wasser kann zu Rissen f\u00fchren). Gelegentlich sollten Sie es mit Oliven\u00f6l einreiben.       <\/p>\n<p>                                                                               <img decoding=\"async\" alt=\"honig l\u00f6ffel heber olivenholz set antiseptisch antibakteriell hygeinisch holz olivenholz vegan bio\" src=\"https:\/\/images-na.ssl-images-amazon.com\/images\/G\/01\/x-locale\/common\/grey-pixel.gif\" class=\"a-lazy-loaded\" data-src=\"https:\/\/m.media-amazon.com\/images\/S\/aplus-media-library-service-media\/eb1c5fe9-cf7b-4fb8-8db2-32b5797f571e.__UX300_V1___.jpg\"><img decoding=\"async\" alt=\"honig l\u00f6ffel heber olivenholz set antiseptisch antibakteriell hygeinisch holz olivenholz vegan bio\" src=\"https:\/\/m.media-amazon.com\/images\/S\/aplus-media-library-service-media\/eb1c5fe9-cf7b-4fb8-8db2-32b5797f571e.__UX300_V1___.jpg\">                                      <\/p>\n<p> Der handgearbeitete und bernsteinfarben gemaserte Honigl\u00f6ffel aus Holz kommt besonders gut in gold-gl\u00e4nzendem Honig zur Geltung. Im Gebrauch l\u00e4sst der Honigl\u00f6ffel durch seine besondere Form keinen Tropfen Honig mehr verloren gehen. Hier  finden Design und Funktionalit\u00e4t in perfekter Harmonie zusammen. <\/p>\n<p> Das harte, langsam wachsende Holz ist  feuchtigkeitsresistent, so dass der L\u00f6ffel nicht rau oder spr\u00f6de wird. Die charakterstarke Maserung und der warme Farbton des Olivenholzes machen ihn zu einem Unikat. Genau  wie der Honig ist auch unser Honigl\u00f6ffel aus Holz ein rein \u00f6kologisches  Naturprodukt. <\/p>\n<p> Von Hand gearbeitet und lediglich mit Oliven\u00f6l behandelt sind Holzprodukte aus Olivenbaum perfekte und gleichzeitig hochwertige K\u00fcchenhelfer. Das \u00d6l sch\u00fctzt sie vor Austrocknung und Bakterien. <\/p>\n<p> Unempfindlich gegen Ger\u00fcche, Farben und Kratzer, k\u00f6nnen Sie den L\u00f6ffel einfach mit warmem Wasser und etwas Sp\u00fclmittel reinigen. <\/p>\n<p>                                                  <img decoding=\"async\" alt=\"olivenholz k\u00fcche vegan profi nat\u00fcrlich antiseptisch hygiene antibakteriell holz schneidebrett honig\" src=\"https:\/\/images-na.ssl-images-amazon.com\/images\/G\/01\/x-locale\/common\/grey-pixel.gif\" class=\"a-lazy-loaded\" data-src=\"https:\/\/m.media-amazon.com\/images\/S\/aplus-media-library-service-media\/f1fafc4c-7f0d-48cd-8396-29f689d752d9.__CR0,66,1000,309_PT0_SX970_V1___.jpg\"><img decoding=\"async\" alt=\"olivenholz k\u00fcche vegan profi nat\u00fcrlich antiseptisch hygiene antibakteriell holz schneidebrett honig\" src=\"https:\/\/m.media-amazon.com\/images\/S\/aplus-media-library-service-media\/f1fafc4c-7f0d-48cd-8396-29f689d752d9.__CR0,66,1000,309_PT0_SX970_V1___.jpg\">  <\/p>\n<h3> Olivenholz in der K\u00fcche <\/h3>\n<p> Von Hand gearbeitet und lediglich mit Oliven\u00f6l behandelt sind Holzprodukte aus Olivenbaum lange haltbare, antiseptische und vegane K\u00fcchenhelfer. <\/p>\n<p>                                                                               <img decoding=\"async\" alt=\"Olivenholz design hartholz kba nachhaltig Forstwirtschaft vegan bio Natur nat\u00fcrlich k\u00fcche umwelt kba\" src=\"https:\/\/images-na.ssl-images-amazon.com\/images\/G\/01\/x-locale\/common\/grey-pixel.gif\" class=\"a-spacing-base a-lazy-loaded\" data-src=\"https:\/\/m.media-amazon.com\/images\/S\/aplus-media-library-service-media\/487074ae-b7f0-43f0-9ed1-89b65ae9be65.__UX300_V1___.jpg\"><img decoding=\"async\" alt=\"Olivenholz design hartholz kba nachhaltig Forstwirtschaft vegan bio Natur nat\u00fcrlich k\u00fcche umwelt kba\" src=\"https:\/\/m.media-amazon.com\/images\/S\/aplus-media-library-service-media\/487074ae-b7f0-43f0-9ed1-89b65ae9be65.__UX300_V1___.jpg\">                                    <\/p>\n<p> Einzigartiges Design: <\/p>\n<p> Zusammen mit unseren NATUREHOME Designern  integrieren wir   die nat\u00fcrliche Sch\u00f6nheit der biologischen Materialien in einzigartige Wohnaccessoires. <\/p>\n<p> F\u00fcr Sch\u00f6nes, das bleibt. <\/p>\n<p>                                            <img decoding=\"async\" alt=\"versand, plastikfrei, nachhaltig, vegan, qualit\u00e4t, design, naturehome, holz, nachhaltig, haltbar\" src=\"https:\/\/images-na.ssl-images-amazon.com\/images\/G\/01\/x-locale\/common\/grey-pixel.gif\" class=\"a-spacing-base a-lazy-loaded\" data-src=\"https:\/\/m.media-amazon.com\/images\/S\/aplus-media-library-service-media\/a4c5a021-d71f-44b7-8303-2b0fbc031b13.__UX300_V1___.jpg\"><img decoding=\"async\" alt=\"versand, plastikfrei, nachhaltig, vegan, qualit\u00e4t, design, naturehome, holz, nachhaltig, haltbar\" src=\"https:\/\/m.media-amazon.com\/images\/S\/aplus-media-library-service-media\/a4c5a021-d71f-44b7-8303-2b0fbc031b13.__UX300_V1___.jpg\">                                    <\/p>\n<p> Nachhaltigkeit: <\/p>\n<p> Wir lieben die Natur ebenso wie unsere Produkte. Deshalb verwenden wir ausschlie\u00dflich nachhaltig gewonnene vegane Rohstoffe. <\/p>\n<p> So \u00fcbernehmen wir als Hersteller \u00f6kologische Verantwortung. <\/p>\n<p>                                            <img decoding=\"async\" alt=\"handarbeit, design, naturehome, qualit\u00e4t, nachhaltig, naturehome, vegan, bio, qualit\u00e4t, handarbeit\" src=\"https:\/\/images-na.ssl-images-amazon.com\/images\/G\/01\/x-locale\/common\/grey-pixel.gif\" class=\"a-spacing-base a-lazy-loaded\" data-src=\"https:\/\/m.media-amazon.com\/images\/S\/aplus-media-library-service-media\/7b85dd8c-8b8b-4836-9be2-568fbf54052d.__UX300_V1___.jpg\"><img decoding=\"async\" alt=\"handarbeit, design, naturehome, qualit\u00e4t, nachhaltig, naturehome, vegan, bio, qualit\u00e4t, handarbeit\" src=\"https:\/\/m.media-amazon.com\/images\/S\/aplus-media-library-service-media\/7b85dd8c-8b8b-4836-9be2-568fbf54052d.__UX300_V1___.jpg\">                                    <\/p>\n<p> Hohe Qualit\u00e4t mit ganzheitlicher Firmenphilosophie: <\/p>\n<p> Alle unsere Produkte werden in Handarbeit gefertigt. Dabei w\u00e4hlen wir sorgsam die Materialien aus und \u00fcberpr\u00fcfen jeden unserer  Rohstofflieferanten. <\/p>\n<p>Beautiful honey spoon made of solid olive wood in a set of 4<br \/>Length: approx. 15 cm<br \/>Handmade, natural, sanded, oiled<br \/>Antiseptic, anti-allergic, vegan, scratch resistant<br \/>Functional, decorative, Mediterranean kitchen accessory, beautiful on the set breakfast table<\/p>\n\n","protected":false},"excerpt":{"rendered":"<p>Product Description Sch\u00f6ner DESIGN Honigl\u00f6ffel aus echtem Olivenholz &#8211; dekorativ und funktionell Im 4er Set oder einzeln Produktdetails: L\u00e4nge: ca. 15 cmGewicht: ca. 400gFarbe: Honig-braunMaterial: OlivenholzOberfl\u00e4che: geschliffen, mit Speise\u00f6l \/ Oliven\u00f6l behandelt, HandarbeitVerwendung: F\u00fcr den InnenraumLieferumfang: optional 4x Honigl\u00f6ffel als Set oder einzelnPflegehinweis: Olivenholzprodukte nicht in der Sp\u00fclmaschine reinigen. Nach M\u00f6glichkeit mit einem weichen Schwamm [&hellip;]<\/p>\n","protected":false},"featured_media":2426,"comment_status":"open","ping_status":"closed","template":"","meta":{"_aipt_faq_data":""},"store":[],"product_brand":[341],"product_cat":[69],"product_tag":[91],"class_list":{"0":"post-2425","1":"product","2":"type-product","3":"status-publish","4":"has-post-thumbnail","6":"product_brand-naturehome","7":"product_cat-honig-probier-sets","8":"product_tag-honig-probier-sets-bio","10":"first","11":"instock","12":"shipping-taxable","13":"product-type-external"},"yoast_head":"<!-- This site is optimized with the Yoast SEO plugin v27.4 - https:\/\/yoast.com\/product\/yoast-seo-wordpress\/ -->\n<title>Set of 4 Honey Spoons Olive Wood 15 cm - PureHiveHoney<\/title>\n<meta name=\"description\" content=\"Entdecken Sie hochwertigen Rohhonig, Bio Honig, Manuka Honig und nat\u00fcrliche Bienenprodukte. PureHiveHoney hilft Ihnen dabei, sorgf\u00e4ltig ausgew\u00e4hlte Honigsorten mit nat\u00fcrlicher Qualit\u00e4t und Reinheit zu entdecken.\" \/>\n<meta name=\"robots\" content=\"index, follow, max-snippet:-1, max-image-preview:large, max-video-preview:-1\" \/>\n<link rel=\"canonical\" href=\"https:\/\/purehivehoney.com\/de\/product\/set-of-4-honey-spoons-olive-wood-15-cm\/\" \/>\n<meta property=\"og:locale\" content=\"de_DE\" \/>\n<meta property=\"og:type\" content=\"article\" \/>\n<meta property=\"og:title\" content=\"Set of 4 Honey Spoons Olive Wood 15 cm - PureHiveHoney\" \/>\n<meta property=\"og:description\" content=\"Entdecken Sie hochwertigen Rohhonig, Bio Honig, Manuka Honig und nat\u00fcrliche Bienenprodukte. PureHiveHoney hilft Ihnen dabei, sorgf\u00e4ltig ausgew\u00e4hlte Honigsorten mit nat\u00fcrlicher Qualit\u00e4t und Reinheit zu entdecken.\" \/>\n<meta property=\"og:url\" content=\"https:\/\/purehivehoney.com\/de\/product\/set-of-4-honey-spoons-olive-wood-15-cm\/\" \/>\n<meta property=\"og:site_name\" content=\"PureHiveHoney\" \/>\n<meta property=\"article:modified_time\" content=\"2026-04-03T14:58:18+00:00\" \/>\n<meta property=\"og:image\" content=\"https:\/\/images-na.ssl-images-amazon.com\/images\/G\/01\/x-locale\/common\/grey-pixel.gif\" \/>\n<meta name=\"twitter:card\" content=\"summary_large_image\" \/>\n<meta name=\"twitter:label1\" content=\"Gesch\u00e4tzte Lesezeit\" \/>\n\t<meta name=\"twitter:data1\" content=\"2\u00a0Minuten\" \/>\n<script type=\"application\/ld+json\" class=\"yoast-schema-graph\">{\"@context\":\"https:\\\/\\\/schema.org\",\"@graph\":[{\"@type\":\"WebPage\",\"@id\":\"https:\\\/\\\/purehivehoney.com\\\/de\\\/product\\\/set-of-4-honey-spoons-olive-wood-15-cm\\\/\",\"url\":\"https:\\\/\\\/purehivehoney.com\\\/de\\\/product\\\/set-of-4-honey-spoons-olive-wood-15-cm\\\/\",\"name\":\"Set of 4 Honey Spoons Olive Wood 15 cm - PureHiveHoney\",\"isPartOf\":{\"@id\":\"https:\\\/\\\/purehivehoney.com\\\/de\\\/#website\"},\"primaryImageOfPage\":{\"@id\":\"https:\\\/\\\/purehivehoney.com\\\/de\\\/product\\\/set-of-4-honey-spoons-olive-wood-15-cm\\\/#primaryimage\"},\"image\":{\"@id\":\"https:\\\/\\\/purehivehoney.com\\\/de\\\/product\\\/set-of-4-honey-spoons-olive-wood-15-cm\\\/#primaryimage\"},\"thumbnailUrl\":\"https:\\\/\\\/purehivehoney.com\\\/de\\\/wp-content\\\/uploads\\\/2026\\\/04\\\/61r2MZkInUL._AC_SL1500_.jpg\",\"datePublished\":\"2026-04-03T14:58:04+00:00\",\"dateModified\":\"2026-04-03T14:58:18+00:00\",\"description\":\"Entdecken Sie hochwertigen Rohhonig, Bio Honig, Manuka Honig und nat\u00fcrliche Bienenprodukte. PureHiveHoney hilft Ihnen dabei, sorgf\u00e4ltig ausgew\u00e4hlte Honigsorten mit nat\u00fcrlicher Qualit\u00e4t und Reinheit zu entdecken.\",\"breadcrumb\":{\"@id\":\"https:\\\/\\\/purehivehoney.com\\\/de\\\/product\\\/set-of-4-honey-spoons-olive-wood-15-cm\\\/#breadcrumb\"},\"inLanguage\":\"de\",\"potentialAction\":[{\"@type\":\"ReadAction\",\"target\":[\"https:\\\/\\\/purehivehoney.com\\\/de\\\/product\\\/set-of-4-honey-spoons-olive-wood-15-cm\\\/\"]}]},{\"@type\":\"ImageObject\",\"inLanguage\":\"de\",\"@id\":\"https:\\\/\\\/purehivehoney.com\\\/de\\\/product\\\/set-of-4-honey-spoons-olive-wood-15-cm\\\/#primaryimage\",\"url\":\"https:\\\/\\\/purehivehoney.com\\\/de\\\/wp-content\\\/uploads\\\/2026\\\/04\\\/61r2MZkInUL._AC_SL1500_.jpg\",\"contentUrl\":\"https:\\\/\\\/purehivehoney.com\\\/de\\\/wp-content\\\/uploads\\\/2026\\\/04\\\/61r2MZkInUL._AC_SL1500_.jpg\",\"width\":1500,\"height\":1187},{\"@type\":\"BreadcrumbList\",\"@id\":\"https:\\\/\\\/purehivehoney.com\\\/de\\\/product\\\/set-of-4-honey-spoons-olive-wood-15-cm\\\/#breadcrumb\",\"itemListElement\":[{\"@type\":\"ListItem\",\"position\":1,\"name\":\"Home\",\"item\":\"https:\\\/\\\/purehivehoney.com\\\/de\\\/\"},{\"@type\":\"ListItem\",\"position\":2,\"name\":\"Shop\",\"item\":\"https:\\\/\\\/purehivehoney.com\\\/de\\\/shop\\\/\"},{\"@type\":\"ListItem\",\"position\":3,\"name\":\"Set of 4 Honey Spoons Olive Wood 15...\"}]},{\"@type\":\"WebSite\",\"@id\":\"https:\\\/\\\/purehivehoney.com\\\/de\\\/#website\",\"url\":\"https:\\\/\\\/purehivehoney.com\\\/de\\\/\",\"name\":\"PureHiveHoney\",\"description\":\"Reiner Honig &amp; Bienenprodukte Online | Rohhonig, Bio Honig &amp; Spezialhonig\",\"publisher\":{\"@id\":\"https:\\\/\\\/purehivehoney.com\\\/de\\\/#organization\"},\"potentialAction\":[{\"@type\":\"SearchAction\",\"target\":{\"@type\":\"EntryPoint\",\"urlTemplate\":\"https:\\\/\\\/purehivehoney.com\\\/de\\\/?s={search_term_string}\"},\"query-input\":{\"@type\":\"PropertyValueSpecification\",\"valueRequired\":true,\"valueName\":\"search_term_string\"}}],\"inLanguage\":\"de\"},{\"@type\":\"Organization\",\"@id\":\"https:\\\/\\\/purehivehoney.com\\\/de\\\/#organization\",\"name\":\"PureHiveHoney\",\"url\":\"https:\\\/\\\/purehivehoney.com\\\/de\\\/\",\"logo\":{\"@type\":\"ImageObject\",\"inLanguage\":\"de\",\"@id\":\"https:\\\/\\\/purehivehoney.com\\\/de\\\/#\\\/schema\\\/logo\\\/image\\\/\",\"url\":\"https:\\\/\\\/purehivehoney.com\\\/de\\\/wp-content\\\/uploads\\\/2026\\\/03\\\/Screenshot-2026-03-16-at-1.06.01-AM.png\",\"contentUrl\":\"https:\\\/\\\/purehivehoney.com\\\/de\\\/wp-content\\\/uploads\\\/2026\\\/03\\\/Screenshot-2026-03-16-at-1.06.01-AM.png\",\"width\":2112,\"height\":1086,\"caption\":\"PureHiveHoney\"},\"image\":{\"@id\":\"https:\\\/\\\/purehivehoney.com\\\/de\\\/#\\\/schema\\\/logo\\\/image\\\/\"}}]}<\/script>\n<!-- \/ Yoast SEO plugin. -->","yoast_head_json":{"title":"Set of 4 Honey Spoons Olive Wood 15 cm - PureHiveHoney","description":"Entdecken Sie hochwertigen Rohhonig, Bio Honig, Manuka Honig und nat\u00fcrliche Bienenprodukte. PureHiveHoney hilft Ihnen dabei, sorgf\u00e4ltig ausgew\u00e4hlte Honigsorten mit nat\u00fcrlicher Qualit\u00e4t und Reinheit zu entdecken.","robots":{"index":"index","follow":"follow","max-snippet":"max-snippet:-1","max-image-preview":"max-image-preview:large","max-video-preview":"max-video-preview:-1"},"canonical":"https:\/\/purehivehoney.com\/de\/product\/set-of-4-honey-spoons-olive-wood-15-cm\/","og_locale":"de_DE","og_type":"article","og_title":"Set of 4 Honey Spoons Olive Wood 15 cm - PureHiveHoney","og_description":"Entdecken Sie hochwertigen Rohhonig, Bio Honig, Manuka Honig und nat\u00fcrliche Bienenprodukte. PureHiveHoney hilft Ihnen dabei, sorgf\u00e4ltig ausgew\u00e4hlte Honigsorten mit nat\u00fcrlicher Qualit\u00e4t und Reinheit zu entdecken.","og_url":"https:\/\/purehivehoney.com\/de\/product\/set-of-4-honey-spoons-olive-wood-15-cm\/","og_site_name":"PureHiveHoney","article_modified_time":"2026-04-03T14:58:18+00:00","og_image":[{"url":"https:\/\/images-na.ssl-images-amazon.com\/images\/G\/01\/x-locale\/common\/grey-pixel.gif","type":"","width":"","height":""}],"twitter_card":"summary_large_image","twitter_misc":{"Gesch\u00e4tzte Lesezeit":"2\u00a0Minuten"},"schema":{"@context":"https:\/\/schema.org","@graph":[{"@type":"WebPage","@id":"https:\/\/purehivehoney.com\/de\/product\/set-of-4-honey-spoons-olive-wood-15-cm\/","url":"https:\/\/purehivehoney.com\/de\/product\/set-of-4-honey-spoons-olive-wood-15-cm\/","name":"Set of 4 Honey Spoons Olive Wood 15 cm - PureHiveHoney","isPartOf":{"@id":"https:\/\/purehivehoney.com\/de\/#website"},"primaryImageOfPage":{"@id":"https:\/\/purehivehoney.com\/de\/product\/set-of-4-honey-spoons-olive-wood-15-cm\/#primaryimage"},"image":{"@id":"https:\/\/purehivehoney.com\/de\/product\/set-of-4-honey-spoons-olive-wood-15-cm\/#primaryimage"},"thumbnailUrl":"https:\/\/purehivehoney.com\/de\/wp-content\/uploads\/2026\/04\/61r2MZkInUL._AC_SL1500_.jpg","datePublished":"2026-04-03T14:58:04+00:00","dateModified":"2026-04-03T14:58:18+00:00","description":"Entdecken Sie hochwertigen Rohhonig, Bio Honig, Manuka Honig und nat\u00fcrliche Bienenprodukte. PureHiveHoney hilft Ihnen dabei, sorgf\u00e4ltig ausgew\u00e4hlte Honigsorten mit nat\u00fcrlicher Qualit\u00e4t und Reinheit zu entdecken.","breadcrumb":{"@id":"https:\/\/purehivehoney.com\/de\/product\/set-of-4-honey-spoons-olive-wood-15-cm\/#breadcrumb"},"inLanguage":"de","potentialAction":[{"@type":"ReadAction","target":["https:\/\/purehivehoney.com\/de\/product\/set-of-4-honey-spoons-olive-wood-15-cm\/"]}]},{"@type":"ImageObject","inLanguage":"de","@id":"https:\/\/purehivehoney.com\/de\/product\/set-of-4-honey-spoons-olive-wood-15-cm\/#primaryimage","url":"https:\/\/purehivehoney.com\/de\/wp-content\/uploads\/2026\/04\/61r2MZkInUL._AC_SL1500_.jpg","contentUrl":"https:\/\/purehivehoney.com\/de\/wp-content\/uploads\/2026\/04\/61r2MZkInUL._AC_SL1500_.jpg","width":1500,"height":1187},{"@type":"BreadcrumbList","@id":"https:\/\/purehivehoney.com\/de\/product\/set-of-4-honey-spoons-olive-wood-15-cm\/#breadcrumb","itemListElement":[{"@type":"ListItem","position":1,"name":"Home","item":"https:\/\/purehivehoney.com\/de\/"},{"@type":"ListItem","position":2,"name":"Shop","item":"https:\/\/purehivehoney.com\/de\/shop\/"},{"@type":"ListItem","position":3,"name":"Set of 4 Honey Spoons Olive Wood 15..."}]},{"@type":"WebSite","@id":"https:\/\/purehivehoney.com\/de\/#website","url":"https:\/\/purehivehoney.com\/de\/","name":"PureHiveHoney","description":"Reiner Honig &amp; Bienenprodukte Online | Rohhonig, Bio Honig &amp; Spezialhonig","publisher":{"@id":"https:\/\/purehivehoney.com\/de\/#organization"},"potentialAction":[{"@type":"SearchAction","target":{"@type":"EntryPoint","urlTemplate":"https:\/\/purehivehoney.com\/de\/?s={search_term_string}"},"query-input":{"@type":"PropertyValueSpecification","valueRequired":true,"valueName":"search_term_string"}}],"inLanguage":"de"},{"@type":"Organization","@id":"https:\/\/purehivehoney.com\/de\/#organization","name":"PureHiveHoney","url":"https:\/\/purehivehoney.com\/de\/","logo":{"@type":"ImageObject","inLanguage":"de","@id":"https:\/\/purehivehoney.com\/de\/#\/schema\/logo\/image\/","url":"https:\/\/purehivehoney.com\/de\/wp-content\/uploads\/2026\/03\/Screenshot-2026-03-16-at-1.06.01-AM.png","contentUrl":"https:\/\/purehivehoney.com\/de\/wp-content\/uploads\/2026\/03\/Screenshot-2026-03-16-at-1.06.01-AM.png","width":2112,"height":1086,"caption":"PureHiveHoney"},"image":{"@id":"https:\/\/purehivehoney.com\/de\/#\/schema\/logo\/image\/"}}]}},"_links":{"self":[{"href":"https:\/\/purehivehoney.com\/de\/wp-json\/wp\/v2\/product\/2425","targetHints":{"allow":["GET"]}}],"collection":[{"href":"https:\/\/purehivehoney.com\/de\/wp-json\/wp\/v2\/product"}],"about":[{"href":"https:\/\/purehivehoney.com\/de\/wp-json\/wp\/v2\/types\/product"}],"replies":[{"embeddable":true,"href":"https:\/\/purehivehoney.com\/de\/wp-json\/wp\/v2\/comments?post=2425"}],"wp:featuredmedia":[{"embeddable":true,"href":"https:\/\/purehivehoney.com\/de\/wp-json\/wp\/v2\/media\/2426"}],"wp:attachment":[{"href":"https:\/\/purehivehoney.com\/de\/wp-json\/wp\/v2\/media?parent=2425"}],"wp:term":[{"taxonomy":"store","embeddable":true,"href":"https:\/\/purehivehoney.com\/de\/wp-json\/wp\/v2\/store?post=2425"},{"taxonomy":"product_brand","embeddable":true,"href":"https:\/\/purehivehoney.com\/de\/wp-json\/wp\/v2\/product_brand?post=2425"},{"taxonomy":"product_cat","embeddable":true,"href":"https:\/\/purehivehoney.com\/de\/wp-json\/wp\/v2\/product_cat?post=2425"},{"taxonomy":"product_tag","embeddable":true,"href":"https:\/\/purehivehoney.com\/de\/wp-json\/wp\/v2\/product_tag?post=2425"}],"curies":[{"name":"wp","href":"https:\/\/api.w.org\/{rel}","templated":true}]}}