{"id":2415,"date":"2026-04-03T10:40:22","date_gmt":"2026-04-03T10:40:22","guid":{"rendered":"https:\/\/purehivehoney.com\/de\/product\/dr-organic-manuka-honey-shampoo-conditioner-set-with-travel-bag-regenerating-dry-hair-natural-organic-265ml\/"},"modified":"2026-04-03T10:40:46","modified_gmt":"2026-04-03T10:40:46","slug":"dr-organic-manuka-honey-shampoo-conditioner-set-with-travel-bag-regenerating-dry-hair-natural-organic-265ml","status":"publish","type":"product","link":"https:\/\/purehivehoney.com\/de\/product\/dr-organic-manuka-honey-shampoo-conditioner-set-with-travel-bag-regenerating-dry-hair-natural-organic-265ml\/","title":{"rendered":"Dr Organic Manuka Honey Shampoo &#0..."},"content":{"rendered":"<p>    <span>This organic shampoo and conditioner soothes the scalp, moisturises and regenerates dry hair, leaving it feeling nourished and visibly healthy. Manuka honey differs from conventional honey due to its cleansing properties. Its active ingredient methylglyoxal is rich in antioxidants and supports skin and hair through its cleansing effect. <\/span><br \/><span>We are proud to be the largest Soil Association COSMOS Organic certified cosmetic brand in the UK &#8211; and we continue to grow! COSMOS Organic is the world&#8217;s leading organic standard for the cosmetic industry and offers independent validation and certification for the ingredients we use and the products we manufacture. <\/span><br \/><span>We avoid the use of irritating synthetic ingredients, often criticized for their strong side effects, and never use parabens, sodium lauryl sulfate (SLS), synthetic dyes, petrochemicals such as mineral oils, DHA, BHT and isothiazolinones. <\/span><br \/> Language                                            \u200f                                            :                                            \u200e                                            English   <br \/> Product Dimensions                                            \u200f                                            :                                            \u200e                                            19.6 x 4.1 x 4 cm; 500 g   <br \/> Manufacturer                                            \u200f                                            :                                            \u200e                                            Dr Organic Ltd   <br \/> ASIN                                            \u200f                                            :                                            \u200e                                            B0D92SV35G   <br \/> Item model number                                            \u200f                                            :                                            \u200e                                            PCO0069   <br \/>  Customer reviews:                                                                                            4.3               4.3 out of 5 stars                                  (323)                                              var dpAcrHasRegisteredArcLinkClickAction;                    P.when(&#8218;A&#8216;, &#8218;ready&#8216;).execute(function(A) {                        if (dpAcrHasRegisteredArcLinkClickAction !== true) {                            dpAcrHasRegisteredArcLinkClickAction = true;                            A.declarative(                                &#8218;acrLink-click-metrics&#8216;, &#8218;click&#8216;,                                { &#8222;allowLinkDefault&#8220;: true },                                function (event) {                                    if (window.ue) {                                        ue.count(&#8222;acrLinkClickCount&#8220;, (ue.count(&#8222;acrLinkClickCount&#8220;) || 0) + 1);                                    }                                }                            );                        }                    });                                             P.when(&#8218;A&#8216;, &#8218;cf&#8216;).execute(function(A) {                A.declarative(&#8218;acrStarsLink-click-metrics&#8216;, &#8218;click&#8216;, { &#8222;allowLinkDefault&#8220; : true },  function(event){                    if(window.ue) {                        ue.count(&#8222;acrStarsLinkWithPopoverClickCount&#8220;, (ue.count(&#8222;acrStarsLinkWithPopoverClickCount&#8220;) || 0) + 1);                    }                });            });                          <br \/>NATURAL HAIR CARE KIT &#8211; Nourish dry, dull or damaged hair with nutrient-rich Manuka honey that soothes the scalp and returns its moisture, suppleness and shine, leaving your hair feeling healthy and revitalised.<br \/>Organic Manuka Honey &#8211; The cleansing properties of Manuka Honey distinguish it from traditional honey. It contains methylglyoxal, an active ingredient rich in antioxidants that cleanses and nourishes both skin and hair.<br \/>Bundle &#038; Save &#8211; Save on your favorite natural shampoo and natural conditioner with a twin pack, complete with a convenient reusable travel bag.<br \/>NATURAL SHAMPOO &#038; CONDITIONER &#8211; Dr Organic Manuka Honey Shampoo and Conditioner Set for Women and Men soothes the scalp, moisturizes, regenerates dry hair and provides nourished and visibly healthy hair.<br \/>BUILDING CARE &#8211; Nourish dry, dull or damaged hair with this nutrient-rich Manuka Honey Hair Care for women and men, designed to restore smoothness and shine by enveloping the outer hair fibers and reviving natural vitality.<\/p>\n\n","protected":false},"excerpt":{"rendered":"<p>This organic shampoo and conditioner soothes the scalp, moisturises and regenerates dry hair, leaving it feeling nourished and visibly healthy. Manuka honey differs from conventional honey due to its cleansing properties. Its active ingredient methylglyoxal is rich in antioxidants and supports skin and hair through its cleansing effect. We are proud to be the largest [&hellip;]<\/p>\n","protected":false},"featured_media":2416,"comment_status":"open","ping_status":"closed","template":"","meta":{"_aipt_faq_data":""},"store":[],"product_brand":[145],"product_cat":[69],"product_tag":[91],"class_list":{"0":"post-2415","1":"product","2":"type-product","3":"status-publish","4":"has-post-thumbnail","6":"product_brand-dr-organic","7":"product_cat-honig-probier-sets","8":"product_tag-honig-probier-sets-bio","10":"first","11":"instock","12":"shipping-taxable","13":"product-type-external"},"yoast_head":"<!-- This site is optimized with the Yoast SEO plugin v27.4 - https:\/\/yoast.com\/product\/yoast-seo-wordpress\/ -->\n<title>Dr Organic Manuka Honey Shampoo &amp; Conditioner Set with Travel Bag Regenerating Dry Hair Natural Organic 265ml - PureHiveHoney<\/title>\n<meta name=\"description\" content=\"Entdecken Sie hochwertigen Rohhonig, Bio Honig, Manuka Honig und nat\u00fcrliche Bienenprodukte. PureHiveHoney hilft Ihnen dabei, sorgf\u00e4ltig ausgew\u00e4hlte Honigsorten mit nat\u00fcrlicher Qualit\u00e4t und Reinheit zu entdecken.\" \/>\n<meta name=\"robots\" content=\"index, follow, max-snippet:-1, max-image-preview:large, max-video-preview:-1\" \/>\n<link rel=\"canonical\" href=\"https:\/\/purehivehoney.com\/de\/product\/dr-organic-manuka-honey-shampoo-conditioner-set-with-travel-bag-regenerating-dry-hair-natural-organic-265ml\/\" \/>\n<meta property=\"og:locale\" content=\"de_DE\" \/>\n<meta property=\"og:type\" content=\"article\" \/>\n<meta property=\"og:title\" content=\"Dr Organic Manuka Honey Shampoo &amp; Conditioner Set with Travel Bag Regenerating Dry Hair Natural Organic 265ml - PureHiveHoney\" \/>\n<meta property=\"og:description\" content=\"Entdecken Sie hochwertigen Rohhonig, Bio Honig, Manuka Honig und nat\u00fcrliche Bienenprodukte. PureHiveHoney hilft Ihnen dabei, sorgf\u00e4ltig ausgew\u00e4hlte Honigsorten mit nat\u00fcrlicher Qualit\u00e4t und Reinheit zu entdecken.\" \/>\n<meta property=\"og:url\" content=\"https:\/\/purehivehoney.com\/de\/product\/dr-organic-manuka-honey-shampoo-conditioner-set-with-travel-bag-regenerating-dry-hair-natural-organic-265ml\/\" \/>\n<meta property=\"og:site_name\" content=\"PureHiveHoney\" \/>\n<meta property=\"article:modified_time\" content=\"2026-04-03T10:40:46+00:00\" \/>\n<meta name=\"twitter:card\" content=\"summary_large_image\" \/>\n<meta name=\"twitter:label1\" content=\"Gesch\u00e4tzte Lesezeit\" \/>\n\t<meta name=\"twitter:data1\" content=\"2\u00a0Minuten\" \/>\n<script type=\"application\/ld+json\" class=\"yoast-schema-graph\">{\"@context\":\"https:\\\/\\\/schema.org\",\"@graph\":[{\"@type\":\"WebPage\",\"@id\":\"https:\\\/\\\/purehivehoney.com\\\/de\\\/product\\\/dr-organic-manuka-honey-shampoo-conditioner-set-with-travel-bag-regenerating-dry-hair-natural-organic-265ml\\\/\",\"url\":\"https:\\\/\\\/purehivehoney.com\\\/de\\\/product\\\/dr-organic-manuka-honey-shampoo-conditioner-set-with-travel-bag-regenerating-dry-hair-natural-organic-265ml\\\/\",\"name\":\"Dr Organic Manuka Honey Shampoo & Conditioner Set with Travel Bag Regenerating Dry Hair Natural Organic 265ml - PureHiveHoney\",\"isPartOf\":{\"@id\":\"https:\\\/\\\/purehivehoney.com\\\/de\\\/#website\"},\"primaryImageOfPage\":{\"@id\":\"https:\\\/\\\/purehivehoney.com\\\/de\\\/product\\\/dr-organic-manuka-honey-shampoo-conditioner-set-with-travel-bag-regenerating-dry-hair-natural-organic-265ml\\\/#primaryimage\"},\"image\":{\"@id\":\"https:\\\/\\\/purehivehoney.com\\\/de\\\/product\\\/dr-organic-manuka-honey-shampoo-conditioner-set-with-travel-bag-regenerating-dry-hair-natural-organic-265ml\\\/#primaryimage\"},\"thumbnailUrl\":\"https:\\\/\\\/purehivehoney.com\\\/de\\\/wp-content\\\/uploads\\\/2026\\\/04\\\/81LeK41IE3L._SL1500_.jpg\",\"datePublished\":\"2026-04-03T10:40:22+00:00\",\"dateModified\":\"2026-04-03T10:40:46+00:00\",\"description\":\"Entdecken Sie hochwertigen Rohhonig, Bio Honig, Manuka Honig und nat\u00fcrliche Bienenprodukte. PureHiveHoney hilft Ihnen dabei, sorgf\u00e4ltig ausgew\u00e4hlte Honigsorten mit nat\u00fcrlicher Qualit\u00e4t und Reinheit zu entdecken.\",\"breadcrumb\":{\"@id\":\"https:\\\/\\\/purehivehoney.com\\\/de\\\/product\\\/dr-organic-manuka-honey-shampoo-conditioner-set-with-travel-bag-regenerating-dry-hair-natural-organic-265ml\\\/#breadcrumb\"},\"inLanguage\":\"de\",\"potentialAction\":[{\"@type\":\"ReadAction\",\"target\":[\"https:\\\/\\\/purehivehoney.com\\\/de\\\/product\\\/dr-organic-manuka-honey-shampoo-conditioner-set-with-travel-bag-regenerating-dry-hair-natural-organic-265ml\\\/\"]}]},{\"@type\":\"ImageObject\",\"inLanguage\":\"de\",\"@id\":\"https:\\\/\\\/purehivehoney.com\\\/de\\\/product\\\/dr-organic-manuka-honey-shampoo-conditioner-set-with-travel-bag-regenerating-dry-hair-natural-organic-265ml\\\/#primaryimage\",\"url\":\"https:\\\/\\\/purehivehoney.com\\\/de\\\/wp-content\\\/uploads\\\/2026\\\/04\\\/81LeK41IE3L._SL1500_.jpg\",\"contentUrl\":\"https:\\\/\\\/purehivehoney.com\\\/de\\\/wp-content\\\/uploads\\\/2026\\\/04\\\/81LeK41IE3L._SL1500_.jpg\",\"width\":1500,\"height\":1500},{\"@type\":\"BreadcrumbList\",\"@id\":\"https:\\\/\\\/purehivehoney.com\\\/de\\\/product\\\/dr-organic-manuka-honey-shampoo-conditioner-set-with-travel-bag-regenerating-dry-hair-natural-organic-265ml\\\/#breadcrumb\",\"itemListElement\":[{\"@type\":\"ListItem\",\"position\":1,\"name\":\"Home\",\"item\":\"https:\\\/\\\/purehivehoney.com\\\/de\\\/\"},{\"@type\":\"ListItem\",\"position\":2,\"name\":\"Shop\",\"item\":\"https:\\\/\\\/purehivehoney.com\\\/de\\\/shop\\\/\"},{\"@type\":\"ListItem\",\"position\":3,\"name\":\"Dr Organic Manuka Honey Shampoo &#0...\"}]},{\"@type\":\"WebSite\",\"@id\":\"https:\\\/\\\/purehivehoney.com\\\/de\\\/#website\",\"url\":\"https:\\\/\\\/purehivehoney.com\\\/de\\\/\",\"name\":\"PureHiveHoney\",\"description\":\"Reiner Honig &amp; Bienenprodukte Online | Rohhonig, Bio Honig &amp; Spezialhonig\",\"publisher\":{\"@id\":\"https:\\\/\\\/purehivehoney.com\\\/de\\\/#organization\"},\"potentialAction\":[{\"@type\":\"SearchAction\",\"target\":{\"@type\":\"EntryPoint\",\"urlTemplate\":\"https:\\\/\\\/purehivehoney.com\\\/de\\\/?s={search_term_string}\"},\"query-input\":{\"@type\":\"PropertyValueSpecification\",\"valueRequired\":true,\"valueName\":\"search_term_string\"}}],\"inLanguage\":\"de\"},{\"@type\":\"Organization\",\"@id\":\"https:\\\/\\\/purehivehoney.com\\\/de\\\/#organization\",\"name\":\"PureHiveHoney\",\"url\":\"https:\\\/\\\/purehivehoney.com\\\/de\\\/\",\"logo\":{\"@type\":\"ImageObject\",\"inLanguage\":\"de\",\"@id\":\"https:\\\/\\\/purehivehoney.com\\\/de\\\/#\\\/schema\\\/logo\\\/image\\\/\",\"url\":\"https:\\\/\\\/purehivehoney.com\\\/de\\\/wp-content\\\/uploads\\\/2026\\\/03\\\/Screenshot-2026-03-16-at-1.06.01-AM.png\",\"contentUrl\":\"https:\\\/\\\/purehivehoney.com\\\/de\\\/wp-content\\\/uploads\\\/2026\\\/03\\\/Screenshot-2026-03-16-at-1.06.01-AM.png\",\"width\":2112,\"height\":1086,\"caption\":\"PureHiveHoney\"},\"image\":{\"@id\":\"https:\\\/\\\/purehivehoney.com\\\/de\\\/#\\\/schema\\\/logo\\\/image\\\/\"}}]}<\/script>\n<!-- \/ Yoast SEO plugin. -->","yoast_head_json":{"title":"Dr Organic Manuka Honey Shampoo & Conditioner Set with Travel Bag Regenerating Dry Hair Natural Organic 265ml - PureHiveHoney","description":"Entdecken Sie hochwertigen Rohhonig, Bio Honig, Manuka Honig und nat\u00fcrliche Bienenprodukte. PureHiveHoney hilft Ihnen dabei, sorgf\u00e4ltig ausgew\u00e4hlte Honigsorten mit nat\u00fcrlicher Qualit\u00e4t und Reinheit zu entdecken.","robots":{"index":"index","follow":"follow","max-snippet":"max-snippet:-1","max-image-preview":"max-image-preview:large","max-video-preview":"max-video-preview:-1"},"canonical":"https:\/\/purehivehoney.com\/de\/product\/dr-organic-manuka-honey-shampoo-conditioner-set-with-travel-bag-regenerating-dry-hair-natural-organic-265ml\/","og_locale":"de_DE","og_type":"article","og_title":"Dr Organic Manuka Honey Shampoo & Conditioner Set with Travel Bag Regenerating Dry Hair Natural Organic 265ml - PureHiveHoney","og_description":"Entdecken Sie hochwertigen Rohhonig, Bio Honig, Manuka Honig und nat\u00fcrliche Bienenprodukte. PureHiveHoney hilft Ihnen dabei, sorgf\u00e4ltig ausgew\u00e4hlte Honigsorten mit nat\u00fcrlicher Qualit\u00e4t und Reinheit zu entdecken.","og_url":"https:\/\/purehivehoney.com\/de\/product\/dr-organic-manuka-honey-shampoo-conditioner-set-with-travel-bag-regenerating-dry-hair-natural-organic-265ml\/","og_site_name":"PureHiveHoney","article_modified_time":"2026-04-03T10:40:46+00:00","twitter_card":"summary_large_image","twitter_misc":{"Gesch\u00e4tzte Lesezeit":"2\u00a0Minuten"},"schema":{"@context":"https:\/\/schema.org","@graph":[{"@type":"WebPage","@id":"https:\/\/purehivehoney.com\/de\/product\/dr-organic-manuka-honey-shampoo-conditioner-set-with-travel-bag-regenerating-dry-hair-natural-organic-265ml\/","url":"https:\/\/purehivehoney.com\/de\/product\/dr-organic-manuka-honey-shampoo-conditioner-set-with-travel-bag-regenerating-dry-hair-natural-organic-265ml\/","name":"Dr Organic Manuka Honey Shampoo & Conditioner Set with Travel Bag Regenerating Dry Hair Natural Organic 265ml - PureHiveHoney","isPartOf":{"@id":"https:\/\/purehivehoney.com\/de\/#website"},"primaryImageOfPage":{"@id":"https:\/\/purehivehoney.com\/de\/product\/dr-organic-manuka-honey-shampoo-conditioner-set-with-travel-bag-regenerating-dry-hair-natural-organic-265ml\/#primaryimage"},"image":{"@id":"https:\/\/purehivehoney.com\/de\/product\/dr-organic-manuka-honey-shampoo-conditioner-set-with-travel-bag-regenerating-dry-hair-natural-organic-265ml\/#primaryimage"},"thumbnailUrl":"https:\/\/purehivehoney.com\/de\/wp-content\/uploads\/2026\/04\/81LeK41IE3L._SL1500_.jpg","datePublished":"2026-04-03T10:40:22+00:00","dateModified":"2026-04-03T10:40:46+00:00","description":"Entdecken Sie hochwertigen Rohhonig, Bio Honig, Manuka Honig und nat\u00fcrliche Bienenprodukte. PureHiveHoney hilft Ihnen dabei, sorgf\u00e4ltig ausgew\u00e4hlte Honigsorten mit nat\u00fcrlicher Qualit\u00e4t und Reinheit zu entdecken.","breadcrumb":{"@id":"https:\/\/purehivehoney.com\/de\/product\/dr-organic-manuka-honey-shampoo-conditioner-set-with-travel-bag-regenerating-dry-hair-natural-organic-265ml\/#breadcrumb"},"inLanguage":"de","potentialAction":[{"@type":"ReadAction","target":["https:\/\/purehivehoney.com\/de\/product\/dr-organic-manuka-honey-shampoo-conditioner-set-with-travel-bag-regenerating-dry-hair-natural-organic-265ml\/"]}]},{"@type":"ImageObject","inLanguage":"de","@id":"https:\/\/purehivehoney.com\/de\/product\/dr-organic-manuka-honey-shampoo-conditioner-set-with-travel-bag-regenerating-dry-hair-natural-organic-265ml\/#primaryimage","url":"https:\/\/purehivehoney.com\/de\/wp-content\/uploads\/2026\/04\/81LeK41IE3L._SL1500_.jpg","contentUrl":"https:\/\/purehivehoney.com\/de\/wp-content\/uploads\/2026\/04\/81LeK41IE3L._SL1500_.jpg","width":1500,"height":1500},{"@type":"BreadcrumbList","@id":"https:\/\/purehivehoney.com\/de\/product\/dr-organic-manuka-honey-shampoo-conditioner-set-with-travel-bag-regenerating-dry-hair-natural-organic-265ml\/#breadcrumb","itemListElement":[{"@type":"ListItem","position":1,"name":"Home","item":"https:\/\/purehivehoney.com\/de\/"},{"@type":"ListItem","position":2,"name":"Shop","item":"https:\/\/purehivehoney.com\/de\/shop\/"},{"@type":"ListItem","position":3,"name":"Dr Organic Manuka Honey Shampoo &#0..."}]},{"@type":"WebSite","@id":"https:\/\/purehivehoney.com\/de\/#website","url":"https:\/\/purehivehoney.com\/de\/","name":"PureHiveHoney","description":"Reiner Honig &amp; Bienenprodukte Online | Rohhonig, Bio Honig &amp; Spezialhonig","publisher":{"@id":"https:\/\/purehivehoney.com\/de\/#organization"},"potentialAction":[{"@type":"SearchAction","target":{"@type":"EntryPoint","urlTemplate":"https:\/\/purehivehoney.com\/de\/?s={search_term_string}"},"query-input":{"@type":"PropertyValueSpecification","valueRequired":true,"valueName":"search_term_string"}}],"inLanguage":"de"},{"@type":"Organization","@id":"https:\/\/purehivehoney.com\/de\/#organization","name":"PureHiveHoney","url":"https:\/\/purehivehoney.com\/de\/","logo":{"@type":"ImageObject","inLanguage":"de","@id":"https:\/\/purehivehoney.com\/de\/#\/schema\/logo\/image\/","url":"https:\/\/purehivehoney.com\/de\/wp-content\/uploads\/2026\/03\/Screenshot-2026-03-16-at-1.06.01-AM.png","contentUrl":"https:\/\/purehivehoney.com\/de\/wp-content\/uploads\/2026\/03\/Screenshot-2026-03-16-at-1.06.01-AM.png","width":2112,"height":1086,"caption":"PureHiveHoney"},"image":{"@id":"https:\/\/purehivehoney.com\/de\/#\/schema\/logo\/image\/"}}]}},"_links":{"self":[{"href":"https:\/\/purehivehoney.com\/de\/wp-json\/wp\/v2\/product\/2415","targetHints":{"allow":["GET"]}}],"collection":[{"href":"https:\/\/purehivehoney.com\/de\/wp-json\/wp\/v2\/product"}],"about":[{"href":"https:\/\/purehivehoney.com\/de\/wp-json\/wp\/v2\/types\/product"}],"replies":[{"embeddable":true,"href":"https:\/\/purehivehoney.com\/de\/wp-json\/wp\/v2\/comments?post=2415"}],"wp:featuredmedia":[{"embeddable":true,"href":"https:\/\/purehivehoney.com\/de\/wp-json\/wp\/v2\/media\/2416"}],"wp:attachment":[{"href":"https:\/\/purehivehoney.com\/de\/wp-json\/wp\/v2\/media?parent=2415"}],"wp:term":[{"taxonomy":"store","embeddable":true,"href":"https:\/\/purehivehoney.com\/de\/wp-json\/wp\/v2\/store?post=2415"},{"taxonomy":"product_brand","embeddable":true,"href":"https:\/\/purehivehoney.com\/de\/wp-json\/wp\/v2\/product_brand?post=2415"},{"taxonomy":"product_cat","embeddable":true,"href":"https:\/\/purehivehoney.com\/de\/wp-json\/wp\/v2\/product_cat?post=2415"},{"taxonomy":"product_tag","embeddable":true,"href":"https:\/\/purehivehoney.com\/de\/wp-json\/wp\/v2\/product_tag?post=2415"}],"curies":[{"name":"wp","href":"https:\/\/api.w.org\/{rel}","templated":true}]}}