{"id":240,"date":"2026-03-15T20:15:16","date_gmt":"2026-03-15T20:15:16","guid":{"rendered":"https:\/\/purehivehoney.com\/de\/product\/roher-griechischer-honig-100-rein-kastanie-480-g-aus-den-abgelegenen-kastanienwaeldern-der-peloponnes\/"},"modified":"2026-03-15T23:36:13","modified_gmt":"2026-03-15T23:36:13","slug":"roher-griechischer-honig-100-rein-kastanie-480-g-aus-den-abgelegenen-kastanienwaeldern-der-peloponnes","status":"publish","type":"product","link":"https:\/\/purehivehoney.com\/de\/product\/roher-griechischer-honig-100-rein-kastanie-480-g-aus-den-abgelegenen-kastanienwaeldern-der-peloponnes\/","title":{"rendered":"Roher griechischer Honig 100% rein ..."},"content":{"rendered":"<p>    <span>Roh, reiner, kleiner griechischer Honig. <\/span><span>Enth\u00e4lt alle Vitamine, Mineralstoffe, Metalle, Proteine, Enzyme, Pollen und Antioxidantien, die nicht in raffiniertem, erhitztem, gewerblichem Honig vorhanden sind. <\/span><br \/><span>Die Vorteile von Kastanienhonig sind vielf\u00e4ltig und vielf\u00e4ltig. <\/span><br \/><span>B-Vitamin, Mineralien und eisenreicher Kastanienhonig st\u00e4rkt die Muskeln und Knochen und erh\u00f6ht die Durchblutung. Es wird auch bei der Behandlung der Leber und mit seiner keimt\u00f6tenden Wirkung verwendet und ist auch bekannt als vorteilhaft f\u00fcr Magengeschw\u00fcre, Magens\u00e4ure und Sodbrennen. <\/span><span>Es ist gut f\u00fcr das Verdauungssystem, kann Verstopfungsprobleme beseitigen und Harnwegsinfektionen helfen. Kastanienhonig ist bekannt daf\u00fcr, das Risiko von Herzerkrankungen und Angriffen zu reduzieren, indem Cholesterinspiegel, Herzschlag und Blutdruck ausgeglichen gehalten werden. Mit seinem hohen Volumen an Kalzium und Mineralien, starken antioxidativen und antibakteriellen Eigenschaften st\u00e4rkt Kastanienhonig das Immunsystem und ist somit im Krieg gegen Krankheiten und Mikroben sehr vorteilhaft. Sein Reichtum an Antioxidantien ist gut f\u00fcr arthritische Erkrankungen, insbesondere wenn er zusammen mit Zimt verzehrt wird. Sch\u00fctzt vor Grippe und Erk\u00e4ltungen und ist im Allgemeinen effektiver bei Husten und Halsschmerzen als Arzneimittel. Es ist wirksam bei Augenerkrankungen und reduziert das Risiko von Augenerkrankungen wie Katarakt. Es ist ideal f\u00fcr Akne mit antibakterieller Wirkung und hilft mit seinem hohen Antioxidantiengehalt das Auftreten von Falten durch Alterung zu verlangsamen. Es beschleunigt den Heilungsprozess von Wunden mit seinen antiseptischen Eigenschaften. Wenn ein paar Teel\u00f6ffel sp\u00e4t abends auf einem relativ leeren Magen verbraucht werden, hilft es, Gewicht zu verlieren. Dies funktioniert wirklich, da der Honig den K\u00f6rper heilt und den Stoffwechsel w\u00e4hrend der Nacht beschleunigt. Yiri Yiri Honige sind qualitativ hochwertige handwerkliche Produkte und sind gl\u00fccklicher bei Umgebungstemperaturen. Bitte nicht im K\u00fchlschrank lagern.<\/span>    <br \/> Product Dimensions                                            \u200f                                            :                                            \u200e                                            6.7 x 6.7 x 10.7 cm; 480 g   <br \/> Manufacturer                                            \u200f                                            :                                            \u200e                                            Sinanoglou Honey Farm   <br \/> ASIN                                            \u200f                                            :                                            \u200e                                            B08Q9SBW7D   <br \/>Kastanienhonig ist einer der besten dunklen Honige der Welt. Kastanienw\u00e4lder sind selten und kommen haupts\u00e4chlich in Griechenland, Frankreich und Spanien vor. Unsere Beute befinden sich in den abgelegenen Kastanienw\u00e4ldern der westlichen Peloponnes.<br \/>Seine Eigenschaften sind einzigartig \u2013 viel weniger s\u00fc\u00df als andere Honige und hat einen unverwechselbaren starken Pfeffergeschmack mit einem Hauch von Sauerstoff. Es hat einen etwas bitteren Nachgeschmack. Sein Aroma ist stark und herb mit ausgepr\u00e4gten nussigen und pflanzlichen Untert\u00f6nen. Ein wunderbares Merkmal ist, dass der Honig aufgrund des geringen Glukosegehalts lange fl\u00fcssig bleibt. Verdickt sich schlie\u00dflich sch\u00f6n und gleichm\u00e4\u00dfig.<br \/>Es hat sehr bakteriostatische Eigenschaften und widersteht Temperaturunterschieden viel besser als andere Honigarten. Bienen m\u00fcssen den Nektar des Kastanienbaums w\u00e4hrend seiner sehr kurzen Bl\u00fctezeit von Juni bis Juli sammeln. Kastanienhonig ist eine au\u00dfergew\u00f6hnliche Delikatesse und teurer als die meisten anderen Honige, haupts\u00e4chlich wegen der begrenzten Produktion.<br \/>Der lebende Enzymgehalt des Rohhonigs geh\u00f6rt zu den h\u00f6chsten aller Lebensmittel. Enth\u00e4lt auch 27 Mineralien, Metalle und Spurenelemente, 22 Aminos\u00e4uren, Vitamin A, B, C, D, E und K und hat einen sehr hohen Antioxidantiengehalt<br \/>Traditionell auf dem kleinen l\u00e4ndlichen Bauernhof Sinanoglou produziert. Keine Pestizide, Chemikalien oder Farbstoffe in jeder Phase der Produktion verwendet. Ungefiltert, ungeheizt und unverpasteurisiert. Roher griechischer Honig gilt aufgrund der au\u00dfergew\u00f6hnlichen Vielfalt der Flora und der unbegrenzten, kraftvollen Sommersonne als der feinste der Welt. Im griechischen rohen Honig gibt es Substanzen, die vielleicht f\u00fcr seine ziemlich erstaunlichen Eigenschaften verantwortlich sein k\u00f6nnen.<\/p>\n\n","protected":false},"excerpt":{"rendered":"<p>Roh, reiner, kleiner griechischer Honig. Enth\u00e4lt alle Vitamine, Mineralstoffe, Metalle, Proteine, Enzyme, Pollen und Antioxidantien, die nicht in raffiniertem, erhitztem, gewerblichem Honig vorhanden sind. Die Vorteile von Kastanienhonig sind vielf\u00e4ltig und vielf\u00e4ltig. B-Vitamin, Mineralien und eisenreicher Kastanienhonig st\u00e4rkt die Muskeln und Knochen und erh\u00f6ht die Durchblutung. Es wird auch bei der Behandlung der Leber und [&hellip;]<\/p>\n","protected":false},"featured_media":241,"comment_status":"open","ping_status":"closed","template":"","meta":{"_aipt_faq_data":""},"store":[],"product_brand":[92],"product_cat":[56],"product_tag":[104],"class_list":{"0":"post-240","1":"product","2":"type-product","3":"status-publish","4":"has-post-thumbnail","6":"product_brand-yiri-yiri-greek-honey","7":"product_cat-cremiger-honig","8":"product_tag-cremiger-honig-aus-regionalem-anbau","10":"first","11":"instock","12":"sale","13":"shipping-taxable","14":"product-type-external"},"yoast_head":"<!-- This site is optimized with the Yoast SEO plugin v27.4 - https:\/\/yoast.com\/product\/yoast-seo-wordpress\/ -->\n<title>Roher griechischer Honig 100% rein \u2013 Kastanie 480 g \u2013 aus den abgelegenen Kastanienw\u00e4ldern der Peloponnes. - PureHiveHoney<\/title>\n<meta name=\"description\" content=\"Entdecken Sie hochwertigen Rohhonig, Bio Honig, Manuka Honig und nat\u00fcrliche Bienenprodukte. PureHiveHoney hilft Ihnen dabei, sorgf\u00e4ltig ausgew\u00e4hlte Honigsorten mit nat\u00fcrlicher Qualit\u00e4t und Reinheit zu entdecken.\" \/>\n<meta name=\"robots\" content=\"index, follow, max-snippet:-1, max-image-preview:large, max-video-preview:-1\" \/>\n<link rel=\"canonical\" href=\"https:\/\/purehivehoney.com\/de\/product\/roher-griechischer-honig-100-rein-kastanie-480-g-aus-den-abgelegenen-kastanienwaeldern-der-peloponnes\/\" \/>\n<meta property=\"og:locale\" content=\"de_DE\" \/>\n<meta property=\"og:type\" content=\"article\" \/>\n<meta property=\"og:title\" content=\"Roher griechischer Honig 100% rein \u2013 Kastanie 480 g \u2013 aus den abgelegenen Kastanienw\u00e4ldern der Peloponnes. - PureHiveHoney\" \/>\n<meta property=\"og:description\" content=\"Entdecken Sie hochwertigen Rohhonig, Bio Honig, Manuka Honig und nat\u00fcrliche Bienenprodukte. PureHiveHoney hilft Ihnen dabei, sorgf\u00e4ltig ausgew\u00e4hlte Honigsorten mit nat\u00fcrlicher Qualit\u00e4t und Reinheit zu entdecken.\" \/>\n<meta property=\"og:url\" content=\"https:\/\/purehivehoney.com\/de\/product\/roher-griechischer-honig-100-rein-kastanie-480-g-aus-den-abgelegenen-kastanienwaeldern-der-peloponnes\/\" \/>\n<meta property=\"og:site_name\" content=\"PureHiveHoney\" \/>\n<meta property=\"article:modified_time\" content=\"2026-03-15T23:36:13+00:00\" \/>\n<meta name=\"twitter:card\" content=\"summary_large_image\" \/>\n<meta name=\"twitter:label1\" content=\"Gesch\u00e4tzte Lesezeit\" \/>\n\t<meta name=\"twitter:data1\" content=\"3\u00a0Minuten\" \/>\n<script type=\"application\/ld+json\" class=\"yoast-schema-graph\">{\"@context\":\"https:\\\/\\\/schema.org\",\"@graph\":[{\"@type\":\"WebPage\",\"@id\":\"https:\\\/\\\/purehivehoney.com\\\/de\\\/product\\\/roher-griechischer-honig-100-rein-kastanie-480-g-aus-den-abgelegenen-kastanienwaeldern-der-peloponnes\\\/\",\"url\":\"https:\\\/\\\/purehivehoney.com\\\/de\\\/product\\\/roher-griechischer-honig-100-rein-kastanie-480-g-aus-den-abgelegenen-kastanienwaeldern-der-peloponnes\\\/\",\"name\":\"Roher griechischer Honig 100% rein \u2013 Kastanie 480 g \u2013 aus den abgelegenen Kastanienw\u00e4ldern der Peloponnes. - PureHiveHoney\",\"isPartOf\":{\"@id\":\"https:\\\/\\\/purehivehoney.com\\\/de\\\/#website\"},\"primaryImageOfPage\":{\"@id\":\"https:\\\/\\\/purehivehoney.com\\\/de\\\/product\\\/roher-griechischer-honig-100-rein-kastanie-480-g-aus-den-abgelegenen-kastanienwaeldern-der-peloponnes\\\/#primaryimage\"},\"image\":{\"@id\":\"https:\\\/\\\/purehivehoney.com\\\/de\\\/product\\\/roher-griechischer-honig-100-rein-kastanie-480-g-aus-den-abgelegenen-kastanienwaeldern-der-peloponnes\\\/#primaryimage\"},\"thumbnailUrl\":\"https:\\\/\\\/purehivehoney.com\\\/de\\\/wp-content\\\/uploads\\\/2026\\\/03\\\/81tu7lPeOpL._SL1500_.jpg\",\"datePublished\":\"2026-03-15T20:15:16+00:00\",\"dateModified\":\"2026-03-15T23:36:13+00:00\",\"description\":\"Entdecken Sie hochwertigen Rohhonig, Bio Honig, Manuka Honig und nat\u00fcrliche Bienenprodukte. PureHiveHoney hilft Ihnen dabei, sorgf\u00e4ltig ausgew\u00e4hlte Honigsorten mit nat\u00fcrlicher Qualit\u00e4t und Reinheit zu entdecken.\",\"breadcrumb\":{\"@id\":\"https:\\\/\\\/purehivehoney.com\\\/de\\\/product\\\/roher-griechischer-honig-100-rein-kastanie-480-g-aus-den-abgelegenen-kastanienwaeldern-der-peloponnes\\\/#breadcrumb\"},\"inLanguage\":\"de\",\"potentialAction\":[{\"@type\":\"ReadAction\",\"target\":[\"https:\\\/\\\/purehivehoney.com\\\/de\\\/product\\\/roher-griechischer-honig-100-rein-kastanie-480-g-aus-den-abgelegenen-kastanienwaeldern-der-peloponnes\\\/\"]}]},{\"@type\":\"ImageObject\",\"inLanguage\":\"de\",\"@id\":\"https:\\\/\\\/purehivehoney.com\\\/de\\\/product\\\/roher-griechischer-honig-100-rein-kastanie-480-g-aus-den-abgelegenen-kastanienwaeldern-der-peloponnes\\\/#primaryimage\",\"url\":\"https:\\\/\\\/purehivehoney.com\\\/de\\\/wp-content\\\/uploads\\\/2026\\\/03\\\/81tu7lPeOpL._SL1500_.jpg\",\"contentUrl\":\"https:\\\/\\\/purehivehoney.com\\\/de\\\/wp-content\\\/uploads\\\/2026\\\/03\\\/81tu7lPeOpL._SL1500_.jpg\",\"width\":1087,\"height\":1500},{\"@type\":\"BreadcrumbList\",\"@id\":\"https:\\\/\\\/purehivehoney.com\\\/de\\\/product\\\/roher-griechischer-honig-100-rein-kastanie-480-g-aus-den-abgelegenen-kastanienwaeldern-der-peloponnes\\\/#breadcrumb\",\"itemListElement\":[{\"@type\":\"ListItem\",\"position\":1,\"name\":\"Home\",\"item\":\"https:\\\/\\\/purehivehoney.com\\\/de\\\/\"},{\"@type\":\"ListItem\",\"position\":2,\"name\":\"Shop\",\"item\":\"https:\\\/\\\/purehivehoney.com\\\/de\\\/shop\\\/\"},{\"@type\":\"ListItem\",\"position\":3,\"name\":\"Roher griechischer Honig 100% rein ...\"}]},{\"@type\":\"WebSite\",\"@id\":\"https:\\\/\\\/purehivehoney.com\\\/de\\\/#website\",\"url\":\"https:\\\/\\\/purehivehoney.com\\\/de\\\/\",\"name\":\"PureHiveHoney\",\"description\":\"Reiner Honig &amp; Bienenprodukte Online | Rohhonig, Bio Honig &amp; Spezialhonig\",\"publisher\":{\"@id\":\"https:\\\/\\\/purehivehoney.com\\\/de\\\/#organization\"},\"potentialAction\":[{\"@type\":\"SearchAction\",\"target\":{\"@type\":\"EntryPoint\",\"urlTemplate\":\"https:\\\/\\\/purehivehoney.com\\\/de\\\/?s={search_term_string}\"},\"query-input\":{\"@type\":\"PropertyValueSpecification\",\"valueRequired\":true,\"valueName\":\"search_term_string\"}}],\"inLanguage\":\"de\"},{\"@type\":\"Organization\",\"@id\":\"https:\\\/\\\/purehivehoney.com\\\/de\\\/#organization\",\"name\":\"PureHiveHoney\",\"url\":\"https:\\\/\\\/purehivehoney.com\\\/de\\\/\",\"logo\":{\"@type\":\"ImageObject\",\"inLanguage\":\"de\",\"@id\":\"https:\\\/\\\/purehivehoney.com\\\/de\\\/#\\\/schema\\\/logo\\\/image\\\/\",\"url\":\"https:\\\/\\\/purehivehoney.com\\\/de\\\/wp-content\\\/uploads\\\/2026\\\/03\\\/Screenshot-2026-03-16-at-1.06.01-AM.png\",\"contentUrl\":\"https:\\\/\\\/purehivehoney.com\\\/de\\\/wp-content\\\/uploads\\\/2026\\\/03\\\/Screenshot-2026-03-16-at-1.06.01-AM.png\",\"width\":2112,\"height\":1086,\"caption\":\"PureHiveHoney\"},\"image\":{\"@id\":\"https:\\\/\\\/purehivehoney.com\\\/de\\\/#\\\/schema\\\/logo\\\/image\\\/\"}}]}<\/script>\n<!-- \/ Yoast SEO plugin. -->","yoast_head_json":{"title":"Roher griechischer Honig 100% rein \u2013 Kastanie 480 g \u2013 aus den abgelegenen Kastanienw\u00e4ldern der Peloponnes. - PureHiveHoney","description":"Entdecken Sie hochwertigen Rohhonig, Bio Honig, Manuka Honig und nat\u00fcrliche Bienenprodukte. PureHiveHoney hilft Ihnen dabei, sorgf\u00e4ltig ausgew\u00e4hlte Honigsorten mit nat\u00fcrlicher Qualit\u00e4t und Reinheit zu entdecken.","robots":{"index":"index","follow":"follow","max-snippet":"max-snippet:-1","max-image-preview":"max-image-preview:large","max-video-preview":"max-video-preview:-1"},"canonical":"https:\/\/purehivehoney.com\/de\/product\/roher-griechischer-honig-100-rein-kastanie-480-g-aus-den-abgelegenen-kastanienwaeldern-der-peloponnes\/","og_locale":"de_DE","og_type":"article","og_title":"Roher griechischer Honig 100% rein \u2013 Kastanie 480 g \u2013 aus den abgelegenen Kastanienw\u00e4ldern der Peloponnes. - PureHiveHoney","og_description":"Entdecken Sie hochwertigen Rohhonig, Bio Honig, Manuka Honig und nat\u00fcrliche Bienenprodukte. PureHiveHoney hilft Ihnen dabei, sorgf\u00e4ltig ausgew\u00e4hlte Honigsorten mit nat\u00fcrlicher Qualit\u00e4t und Reinheit zu entdecken.","og_url":"https:\/\/purehivehoney.com\/de\/product\/roher-griechischer-honig-100-rein-kastanie-480-g-aus-den-abgelegenen-kastanienwaeldern-der-peloponnes\/","og_site_name":"PureHiveHoney","article_modified_time":"2026-03-15T23:36:13+00:00","twitter_card":"summary_large_image","twitter_misc":{"Gesch\u00e4tzte Lesezeit":"3\u00a0Minuten"},"schema":{"@context":"https:\/\/schema.org","@graph":[{"@type":"WebPage","@id":"https:\/\/purehivehoney.com\/de\/product\/roher-griechischer-honig-100-rein-kastanie-480-g-aus-den-abgelegenen-kastanienwaeldern-der-peloponnes\/","url":"https:\/\/purehivehoney.com\/de\/product\/roher-griechischer-honig-100-rein-kastanie-480-g-aus-den-abgelegenen-kastanienwaeldern-der-peloponnes\/","name":"Roher griechischer Honig 100% rein \u2013 Kastanie 480 g \u2013 aus den abgelegenen Kastanienw\u00e4ldern der Peloponnes. - PureHiveHoney","isPartOf":{"@id":"https:\/\/purehivehoney.com\/de\/#website"},"primaryImageOfPage":{"@id":"https:\/\/purehivehoney.com\/de\/product\/roher-griechischer-honig-100-rein-kastanie-480-g-aus-den-abgelegenen-kastanienwaeldern-der-peloponnes\/#primaryimage"},"image":{"@id":"https:\/\/purehivehoney.com\/de\/product\/roher-griechischer-honig-100-rein-kastanie-480-g-aus-den-abgelegenen-kastanienwaeldern-der-peloponnes\/#primaryimage"},"thumbnailUrl":"https:\/\/purehivehoney.com\/de\/wp-content\/uploads\/2026\/03\/81tu7lPeOpL._SL1500_.jpg","datePublished":"2026-03-15T20:15:16+00:00","dateModified":"2026-03-15T23:36:13+00:00","description":"Entdecken Sie hochwertigen Rohhonig, Bio Honig, Manuka Honig und nat\u00fcrliche Bienenprodukte. PureHiveHoney hilft Ihnen dabei, sorgf\u00e4ltig ausgew\u00e4hlte Honigsorten mit nat\u00fcrlicher Qualit\u00e4t und Reinheit zu entdecken.","breadcrumb":{"@id":"https:\/\/purehivehoney.com\/de\/product\/roher-griechischer-honig-100-rein-kastanie-480-g-aus-den-abgelegenen-kastanienwaeldern-der-peloponnes\/#breadcrumb"},"inLanguage":"de","potentialAction":[{"@type":"ReadAction","target":["https:\/\/purehivehoney.com\/de\/product\/roher-griechischer-honig-100-rein-kastanie-480-g-aus-den-abgelegenen-kastanienwaeldern-der-peloponnes\/"]}]},{"@type":"ImageObject","inLanguage":"de","@id":"https:\/\/purehivehoney.com\/de\/product\/roher-griechischer-honig-100-rein-kastanie-480-g-aus-den-abgelegenen-kastanienwaeldern-der-peloponnes\/#primaryimage","url":"https:\/\/purehivehoney.com\/de\/wp-content\/uploads\/2026\/03\/81tu7lPeOpL._SL1500_.jpg","contentUrl":"https:\/\/purehivehoney.com\/de\/wp-content\/uploads\/2026\/03\/81tu7lPeOpL._SL1500_.jpg","width":1087,"height":1500},{"@type":"BreadcrumbList","@id":"https:\/\/purehivehoney.com\/de\/product\/roher-griechischer-honig-100-rein-kastanie-480-g-aus-den-abgelegenen-kastanienwaeldern-der-peloponnes\/#breadcrumb","itemListElement":[{"@type":"ListItem","position":1,"name":"Home","item":"https:\/\/purehivehoney.com\/de\/"},{"@type":"ListItem","position":2,"name":"Shop","item":"https:\/\/purehivehoney.com\/de\/shop\/"},{"@type":"ListItem","position":3,"name":"Roher griechischer Honig 100% rein ..."}]},{"@type":"WebSite","@id":"https:\/\/purehivehoney.com\/de\/#website","url":"https:\/\/purehivehoney.com\/de\/","name":"PureHiveHoney","description":"Reiner Honig &amp; Bienenprodukte Online | Rohhonig, Bio Honig &amp; Spezialhonig","publisher":{"@id":"https:\/\/purehivehoney.com\/de\/#organization"},"potentialAction":[{"@type":"SearchAction","target":{"@type":"EntryPoint","urlTemplate":"https:\/\/purehivehoney.com\/de\/?s={search_term_string}"},"query-input":{"@type":"PropertyValueSpecification","valueRequired":true,"valueName":"search_term_string"}}],"inLanguage":"de"},{"@type":"Organization","@id":"https:\/\/purehivehoney.com\/de\/#organization","name":"PureHiveHoney","url":"https:\/\/purehivehoney.com\/de\/","logo":{"@type":"ImageObject","inLanguage":"de","@id":"https:\/\/purehivehoney.com\/de\/#\/schema\/logo\/image\/","url":"https:\/\/purehivehoney.com\/de\/wp-content\/uploads\/2026\/03\/Screenshot-2026-03-16-at-1.06.01-AM.png","contentUrl":"https:\/\/purehivehoney.com\/de\/wp-content\/uploads\/2026\/03\/Screenshot-2026-03-16-at-1.06.01-AM.png","width":2112,"height":1086,"caption":"PureHiveHoney"},"image":{"@id":"https:\/\/purehivehoney.com\/de\/#\/schema\/logo\/image\/"}}]}},"_links":{"self":[{"href":"https:\/\/purehivehoney.com\/de\/wp-json\/wp\/v2\/product\/240","targetHints":{"allow":["GET"]}}],"collection":[{"href":"https:\/\/purehivehoney.com\/de\/wp-json\/wp\/v2\/product"}],"about":[{"href":"https:\/\/purehivehoney.com\/de\/wp-json\/wp\/v2\/types\/product"}],"replies":[{"embeddable":true,"href":"https:\/\/purehivehoney.com\/de\/wp-json\/wp\/v2\/comments?post=240"}],"wp:featuredmedia":[{"embeddable":true,"href":"https:\/\/purehivehoney.com\/de\/wp-json\/wp\/v2\/media\/241"}],"wp:attachment":[{"href":"https:\/\/purehivehoney.com\/de\/wp-json\/wp\/v2\/media?parent=240"}],"wp:term":[{"taxonomy":"store","embeddable":true,"href":"https:\/\/purehivehoney.com\/de\/wp-json\/wp\/v2\/store?post=240"},{"taxonomy":"product_brand","embeddable":true,"href":"https:\/\/purehivehoney.com\/de\/wp-json\/wp\/v2\/product_brand?post=240"},{"taxonomy":"product_cat","embeddable":true,"href":"https:\/\/purehivehoney.com\/de\/wp-json\/wp\/v2\/product_cat?post=240"},{"taxonomy":"product_tag","embeddable":true,"href":"https:\/\/purehivehoney.com\/de\/wp-json\/wp\/v2\/product_tag?post=240"}],"curies":[{"name":"wp","href":"https:\/\/api.w.org\/{rel}","templated":true}]}}