{"id":2359,"date":"2026-04-01T04:09:21","date_gmt":"2026-04-01T04:09:21","guid":{"rendered":"https:\/\/purehivehoney.com\/de\/product\/bienenpower-honig-pollen-propolis-80-raffinierte-ideen-fuer-kosmetik-heilmittel-und-genuss\/"},"modified":"2026-04-01T04:09:23","modified_gmt":"2026-04-01T04:09:23","slug":"bienenpower-honig-pollen-propolis-80-raffinierte-ideen-fuer-kosmetik-heilmittel-und-genuss","status":"publish","type":"product","link":"https:\/\/purehivehoney.com\/de\/product\/bienenpower-honig-pollen-propolis-80-raffinierte-ideen-fuer-kosmetik-heilmittel-und-genuss\/","title":{"rendered":"Bienenpower &#8211; Honig, Pollen, ..."},"content":{"rendered":"<p>  Das Beste aus dem Bienenstock in nur einem Buch! Ob Honig, Pollen, Propolis, Gel\u00e9e Royale und Bienenwachs: Finden Sie die besten Rezepte aus dem Bienenstock der leidenschaftlichen Imkerin Dr. Annette Schroeder. Sie zeigt Ihnen, untermalt von atmosph\u00e4rischen Wohlf\u00fchlbildern, 80 raffinierte Ideen f\u00fcr Kosmetik, Heilmittel und leckere s\u00fc\u00dfe wie herzhafte Rezepte. Neben charmanten Vorschl\u00e4gen f\u00fcr ganze Men\u00fcs und selbst gemachte Geschenke erfahren Sie zudem interessante Fakten \u00fcber die wertvollen Rohstoffe aus der Natur und was sie zu kleinen Wundermitteln macht. Legen Sie gleich los und finden Sie Ihr Rezept zum Gesundbleiben, Wohlf\u00fchlen oder einfach Gl\u00fccklichsein.    <br \/>Publisher                                            \u200f                                            :                                            \u200e                                                        Verlag Eugen Ulmer       <br \/> Publication date                                            \u200f                                            :                                            \u200e                                                        22 Sept. 2022       <br \/> Edition                                            \u200f                                            :                                            \u200e                                                        2nd       <br \/> Language                                            \u200f                                            :                                            \u200e                                            German   <br \/> Print length                                            \u200f                                            :                                            \u200e                                                        140 pages       <br \/> ISBN-10                                            \u200f                                            :                                            \u200e                                                        3818614253       <br \/> ISBN-13                                            \u200f                                            :                                            \u200e                                                        978-3818614256       <br \/> Dimensions                                            \u200f                                            :                                            \u200e                                                        17.3 x 1.5 x 23.2 cm       <br \/>       Best Sellers Rank:  161,503 in Books (See Top 100 in Books)    198 in Herbal Remedies   205 in Medicinal Herbs   934 in Beauty &#038; Fashion      <br \/>  Customer reviews:                                                                                            5.0               5.0 out of 5 stars                                  (3)                                              var dpAcrHasRegisteredArcLinkClickAction;                    P.when(&#8218;A&#8216;, &#8218;ready&#8216;).execute(function(A) {                        if (dpAcrHasRegisteredArcLinkClickAction !== true) {                            dpAcrHasRegisteredArcLinkClickAction = true;                            A.declarative(                                &#8218;acrLink-click-metrics&#8216;, &#8218;click&#8216;,                                { &#8222;allowLinkDefault&#8220;: true },                                function (event) {                                    if (window.ue) {                                        ue.count(&#8222;acrLinkClickCount&#8220;, (ue.count(&#8222;acrLinkClickCount&#8220;) || 0) + 1);                                    }                                }                            );                        }                    });                                             P.when(&#8218;A&#8216;, &#8218;cf&#8216;).execute(function(A) {                A.declarative(&#8218;acrStarsLink-click-metrics&#8216;, &#8218;click&#8216;, { &#8222;allowLinkDefault&#8220; : true },  function(event){                    if(window.ue) {                        ue.count(&#8222;acrStarsLinkWithPopoverClickCount&#8220;, (ue.count(&#8222;acrStarsLinkWithPopoverClickCount&#8220;) || 0) + 1);                    }                });            });                          <br \/><\/p>\n","protected":false},"excerpt":{"rendered":"<p>Das Beste aus dem Bienenstock in nur einem Buch! Ob Honig, Pollen, Propolis, Gel\u00e9e Royale und Bienenwachs: Finden Sie die besten Rezepte aus dem Bienenstock der leidenschaftlichen Imkerin Dr. Annette Schroeder. Sie zeigt Ihnen, untermalt von atmosph\u00e4rischen Wohlf\u00fchlbildern, 80 raffinierte Ideen f\u00fcr Kosmetik, Heilmittel und leckere s\u00fc\u00dfe wie herzhafte Rezepte. Neben charmanten Vorschl\u00e4gen f\u00fcr ganze [&hellip;]<\/p>\n","protected":false},"featured_media":2360,"comment_status":"open","ping_status":"closed","template":"","meta":{"_aipt_faq_data":""},"store":[],"product_brand":[],"product_cat":[62],"product_tag":[141],"class_list":{"0":"post-2359","1":"product","2":"type-product","3":"status-publish","4":"has-post-thumbnail","6":"product_cat-honig-fur-energie","7":"product_tag-natuerlicher-honig-fuer-energie","9":"first","10":"instock","11":"shipping-taxable","12":"product-type-external"},"yoast_head":"<!-- This site is optimized with the Yoast SEO plugin v27.4 - https:\/\/yoast.com\/product\/yoast-seo-wordpress\/ -->\n<title>Bienenpower - Honig, Pollen, Propolis: 80 raffinierte Ideen f\u00fcr Kosmetik, Heilmittel und Genuss - PureHiveHoney<\/title>\n<meta name=\"description\" content=\"Entdecken Sie hochwertigen Rohhonig, Bio Honig, Manuka Honig und nat\u00fcrliche Bienenprodukte. PureHiveHoney hilft Ihnen dabei, sorgf\u00e4ltig ausgew\u00e4hlte Honigsorten mit nat\u00fcrlicher Qualit\u00e4t und Reinheit zu entdecken.\" \/>\n<meta name=\"robots\" content=\"index, follow, max-snippet:-1, max-image-preview:large, max-video-preview:-1\" \/>\n<link rel=\"canonical\" href=\"https:\/\/purehivehoney.com\/de\/product\/bienenpower-honig-pollen-propolis-80-raffinierte-ideen-fuer-kosmetik-heilmittel-und-genuss\/\" \/>\n<meta property=\"og:locale\" content=\"de_DE\" \/>\n<meta property=\"og:type\" content=\"article\" \/>\n<meta property=\"og:title\" content=\"Bienenpower - Honig, Pollen, Propolis: 80 raffinierte Ideen f\u00fcr Kosmetik, Heilmittel und Genuss - PureHiveHoney\" \/>\n<meta property=\"og:description\" content=\"Entdecken Sie hochwertigen Rohhonig, Bio Honig, Manuka Honig und nat\u00fcrliche Bienenprodukte. PureHiveHoney hilft Ihnen dabei, sorgf\u00e4ltig ausgew\u00e4hlte Honigsorten mit nat\u00fcrlicher Qualit\u00e4t und Reinheit zu entdecken.\" \/>\n<meta property=\"og:url\" content=\"https:\/\/purehivehoney.com\/de\/product\/bienenpower-honig-pollen-propolis-80-raffinierte-ideen-fuer-kosmetik-heilmittel-und-genuss\/\" \/>\n<meta property=\"og:site_name\" content=\"PureHiveHoney\" \/>\n<meta property=\"article:modified_time\" content=\"2026-04-01T04:09:23+00:00\" \/>\n<meta name=\"twitter:card\" content=\"summary_large_image\" \/>\n<meta name=\"twitter:label1\" content=\"Gesch\u00e4tzte Lesezeit\" \/>\n\t<meta name=\"twitter:data1\" content=\"1\u00a0Minute\" \/>\n<script type=\"application\/ld+json\" class=\"yoast-schema-graph\">{\"@context\":\"https:\\\/\\\/schema.org\",\"@graph\":[{\"@type\":\"WebPage\",\"@id\":\"https:\\\/\\\/purehivehoney.com\\\/de\\\/product\\\/bienenpower-honig-pollen-propolis-80-raffinierte-ideen-fuer-kosmetik-heilmittel-und-genuss\\\/\",\"url\":\"https:\\\/\\\/purehivehoney.com\\\/de\\\/product\\\/bienenpower-honig-pollen-propolis-80-raffinierte-ideen-fuer-kosmetik-heilmittel-und-genuss\\\/\",\"name\":\"Bienenpower - Honig, Pollen, Propolis: 80 raffinierte Ideen f\u00fcr Kosmetik, Heilmittel und Genuss - PureHiveHoney\",\"isPartOf\":{\"@id\":\"https:\\\/\\\/purehivehoney.com\\\/de\\\/#website\"},\"primaryImageOfPage\":{\"@id\":\"https:\\\/\\\/purehivehoney.com\\\/de\\\/product\\\/bienenpower-honig-pollen-propolis-80-raffinierte-ideen-fuer-kosmetik-heilmittel-und-genuss\\\/#primaryimage\"},\"image\":{\"@id\":\"https:\\\/\\\/purehivehoney.com\\\/de\\\/product\\\/bienenpower-honig-pollen-propolis-80-raffinierte-ideen-fuer-kosmetik-heilmittel-und-genuss\\\/#primaryimage\"},\"thumbnailUrl\":\"https:\\\/\\\/purehivehoney.com\\\/de\\\/wp-content\\\/uploads\\\/2026\\\/04\\\/61HdGz3q6mL._SL1400_.jpg\",\"datePublished\":\"2026-04-01T04:09:21+00:00\",\"dateModified\":\"2026-04-01T04:09:23+00:00\",\"description\":\"Entdecken Sie hochwertigen Rohhonig, Bio Honig, Manuka Honig und nat\u00fcrliche Bienenprodukte. PureHiveHoney hilft Ihnen dabei, sorgf\u00e4ltig ausgew\u00e4hlte Honigsorten mit nat\u00fcrlicher Qualit\u00e4t und Reinheit zu entdecken.\",\"breadcrumb\":{\"@id\":\"https:\\\/\\\/purehivehoney.com\\\/de\\\/product\\\/bienenpower-honig-pollen-propolis-80-raffinierte-ideen-fuer-kosmetik-heilmittel-und-genuss\\\/#breadcrumb\"},\"inLanguage\":\"de\",\"potentialAction\":[{\"@type\":\"ReadAction\",\"target\":[\"https:\\\/\\\/purehivehoney.com\\\/de\\\/product\\\/bienenpower-honig-pollen-propolis-80-raffinierte-ideen-fuer-kosmetik-heilmittel-und-genuss\\\/\"]}]},{\"@type\":\"ImageObject\",\"inLanguage\":\"de\",\"@id\":\"https:\\\/\\\/purehivehoney.com\\\/de\\\/product\\\/bienenpower-honig-pollen-propolis-80-raffinierte-ideen-fuer-kosmetik-heilmittel-und-genuss\\\/#primaryimage\",\"url\":\"https:\\\/\\\/purehivehoney.com\\\/de\\\/wp-content\\\/uploads\\\/2026\\\/04\\\/61HdGz3q6mL._SL1400_.jpg\",\"contentUrl\":\"https:\\\/\\\/purehivehoney.com\\\/de\\\/wp-content\\\/uploads\\\/2026\\\/04\\\/61HdGz3q6mL._SL1400_.jpg\",\"width\":1025,\"height\":1400},{\"@type\":\"BreadcrumbList\",\"@id\":\"https:\\\/\\\/purehivehoney.com\\\/de\\\/product\\\/bienenpower-honig-pollen-propolis-80-raffinierte-ideen-fuer-kosmetik-heilmittel-und-genuss\\\/#breadcrumb\",\"itemListElement\":[{\"@type\":\"ListItem\",\"position\":1,\"name\":\"Home\",\"item\":\"https:\\\/\\\/purehivehoney.com\\\/de\\\/\"},{\"@type\":\"ListItem\",\"position\":2,\"name\":\"Shop\",\"item\":\"https:\\\/\\\/purehivehoney.com\\\/de\\\/shop\\\/\"},{\"@type\":\"ListItem\",\"position\":3,\"name\":\"Bienenpower &#8211; Honig, Pollen, ...\"}]},{\"@type\":\"WebSite\",\"@id\":\"https:\\\/\\\/purehivehoney.com\\\/de\\\/#website\",\"url\":\"https:\\\/\\\/purehivehoney.com\\\/de\\\/\",\"name\":\"PureHiveHoney\",\"description\":\"Reiner Honig &amp; Bienenprodukte Online | Rohhonig, Bio Honig &amp; Spezialhonig\",\"publisher\":{\"@id\":\"https:\\\/\\\/purehivehoney.com\\\/de\\\/#organization\"},\"potentialAction\":[{\"@type\":\"SearchAction\",\"target\":{\"@type\":\"EntryPoint\",\"urlTemplate\":\"https:\\\/\\\/purehivehoney.com\\\/de\\\/?s={search_term_string}\"},\"query-input\":{\"@type\":\"PropertyValueSpecification\",\"valueRequired\":true,\"valueName\":\"search_term_string\"}}],\"inLanguage\":\"de\"},{\"@type\":\"Organization\",\"@id\":\"https:\\\/\\\/purehivehoney.com\\\/de\\\/#organization\",\"name\":\"PureHiveHoney\",\"url\":\"https:\\\/\\\/purehivehoney.com\\\/de\\\/\",\"logo\":{\"@type\":\"ImageObject\",\"inLanguage\":\"de\",\"@id\":\"https:\\\/\\\/purehivehoney.com\\\/de\\\/#\\\/schema\\\/logo\\\/image\\\/\",\"url\":\"https:\\\/\\\/purehivehoney.com\\\/de\\\/wp-content\\\/uploads\\\/2026\\\/03\\\/Screenshot-2026-03-16-at-1.06.01-AM.png\",\"contentUrl\":\"https:\\\/\\\/purehivehoney.com\\\/de\\\/wp-content\\\/uploads\\\/2026\\\/03\\\/Screenshot-2026-03-16-at-1.06.01-AM.png\",\"width\":2112,\"height\":1086,\"caption\":\"PureHiveHoney\"},\"image\":{\"@id\":\"https:\\\/\\\/purehivehoney.com\\\/de\\\/#\\\/schema\\\/logo\\\/image\\\/\"}}]}<\/script>\n<!-- \/ Yoast SEO plugin. -->","yoast_head_json":{"title":"Bienenpower - Honig, Pollen, Propolis: 80 raffinierte Ideen f\u00fcr Kosmetik, Heilmittel und Genuss - PureHiveHoney","description":"Entdecken Sie hochwertigen Rohhonig, Bio Honig, Manuka Honig und nat\u00fcrliche Bienenprodukte. PureHiveHoney hilft Ihnen dabei, sorgf\u00e4ltig ausgew\u00e4hlte Honigsorten mit nat\u00fcrlicher Qualit\u00e4t und Reinheit zu entdecken.","robots":{"index":"index","follow":"follow","max-snippet":"max-snippet:-1","max-image-preview":"max-image-preview:large","max-video-preview":"max-video-preview:-1"},"canonical":"https:\/\/purehivehoney.com\/de\/product\/bienenpower-honig-pollen-propolis-80-raffinierte-ideen-fuer-kosmetik-heilmittel-und-genuss\/","og_locale":"de_DE","og_type":"article","og_title":"Bienenpower - Honig, Pollen, Propolis: 80 raffinierte Ideen f\u00fcr Kosmetik, Heilmittel und Genuss - PureHiveHoney","og_description":"Entdecken Sie hochwertigen Rohhonig, Bio Honig, Manuka Honig und nat\u00fcrliche Bienenprodukte. PureHiveHoney hilft Ihnen dabei, sorgf\u00e4ltig ausgew\u00e4hlte Honigsorten mit nat\u00fcrlicher Qualit\u00e4t und Reinheit zu entdecken.","og_url":"https:\/\/purehivehoney.com\/de\/product\/bienenpower-honig-pollen-propolis-80-raffinierte-ideen-fuer-kosmetik-heilmittel-und-genuss\/","og_site_name":"PureHiveHoney","article_modified_time":"2026-04-01T04:09:23+00:00","twitter_card":"summary_large_image","twitter_misc":{"Gesch\u00e4tzte Lesezeit":"1\u00a0Minute"},"schema":{"@context":"https:\/\/schema.org","@graph":[{"@type":"WebPage","@id":"https:\/\/purehivehoney.com\/de\/product\/bienenpower-honig-pollen-propolis-80-raffinierte-ideen-fuer-kosmetik-heilmittel-und-genuss\/","url":"https:\/\/purehivehoney.com\/de\/product\/bienenpower-honig-pollen-propolis-80-raffinierte-ideen-fuer-kosmetik-heilmittel-und-genuss\/","name":"Bienenpower - Honig, Pollen, Propolis: 80 raffinierte Ideen f\u00fcr Kosmetik, Heilmittel und Genuss - PureHiveHoney","isPartOf":{"@id":"https:\/\/purehivehoney.com\/de\/#website"},"primaryImageOfPage":{"@id":"https:\/\/purehivehoney.com\/de\/product\/bienenpower-honig-pollen-propolis-80-raffinierte-ideen-fuer-kosmetik-heilmittel-und-genuss\/#primaryimage"},"image":{"@id":"https:\/\/purehivehoney.com\/de\/product\/bienenpower-honig-pollen-propolis-80-raffinierte-ideen-fuer-kosmetik-heilmittel-und-genuss\/#primaryimage"},"thumbnailUrl":"https:\/\/purehivehoney.com\/de\/wp-content\/uploads\/2026\/04\/61HdGz3q6mL._SL1400_.jpg","datePublished":"2026-04-01T04:09:21+00:00","dateModified":"2026-04-01T04:09:23+00:00","description":"Entdecken Sie hochwertigen Rohhonig, Bio Honig, Manuka Honig und nat\u00fcrliche Bienenprodukte. PureHiveHoney hilft Ihnen dabei, sorgf\u00e4ltig ausgew\u00e4hlte Honigsorten mit nat\u00fcrlicher Qualit\u00e4t und Reinheit zu entdecken.","breadcrumb":{"@id":"https:\/\/purehivehoney.com\/de\/product\/bienenpower-honig-pollen-propolis-80-raffinierte-ideen-fuer-kosmetik-heilmittel-und-genuss\/#breadcrumb"},"inLanguage":"de","potentialAction":[{"@type":"ReadAction","target":["https:\/\/purehivehoney.com\/de\/product\/bienenpower-honig-pollen-propolis-80-raffinierte-ideen-fuer-kosmetik-heilmittel-und-genuss\/"]}]},{"@type":"ImageObject","inLanguage":"de","@id":"https:\/\/purehivehoney.com\/de\/product\/bienenpower-honig-pollen-propolis-80-raffinierte-ideen-fuer-kosmetik-heilmittel-und-genuss\/#primaryimage","url":"https:\/\/purehivehoney.com\/de\/wp-content\/uploads\/2026\/04\/61HdGz3q6mL._SL1400_.jpg","contentUrl":"https:\/\/purehivehoney.com\/de\/wp-content\/uploads\/2026\/04\/61HdGz3q6mL._SL1400_.jpg","width":1025,"height":1400},{"@type":"BreadcrumbList","@id":"https:\/\/purehivehoney.com\/de\/product\/bienenpower-honig-pollen-propolis-80-raffinierte-ideen-fuer-kosmetik-heilmittel-und-genuss\/#breadcrumb","itemListElement":[{"@type":"ListItem","position":1,"name":"Home","item":"https:\/\/purehivehoney.com\/de\/"},{"@type":"ListItem","position":2,"name":"Shop","item":"https:\/\/purehivehoney.com\/de\/shop\/"},{"@type":"ListItem","position":3,"name":"Bienenpower &#8211; Honig, Pollen, ..."}]},{"@type":"WebSite","@id":"https:\/\/purehivehoney.com\/de\/#website","url":"https:\/\/purehivehoney.com\/de\/","name":"PureHiveHoney","description":"Reiner Honig &amp; Bienenprodukte Online | Rohhonig, Bio Honig &amp; Spezialhonig","publisher":{"@id":"https:\/\/purehivehoney.com\/de\/#organization"},"potentialAction":[{"@type":"SearchAction","target":{"@type":"EntryPoint","urlTemplate":"https:\/\/purehivehoney.com\/de\/?s={search_term_string}"},"query-input":{"@type":"PropertyValueSpecification","valueRequired":true,"valueName":"search_term_string"}}],"inLanguage":"de"},{"@type":"Organization","@id":"https:\/\/purehivehoney.com\/de\/#organization","name":"PureHiveHoney","url":"https:\/\/purehivehoney.com\/de\/","logo":{"@type":"ImageObject","inLanguage":"de","@id":"https:\/\/purehivehoney.com\/de\/#\/schema\/logo\/image\/","url":"https:\/\/purehivehoney.com\/de\/wp-content\/uploads\/2026\/03\/Screenshot-2026-03-16-at-1.06.01-AM.png","contentUrl":"https:\/\/purehivehoney.com\/de\/wp-content\/uploads\/2026\/03\/Screenshot-2026-03-16-at-1.06.01-AM.png","width":2112,"height":1086,"caption":"PureHiveHoney"},"image":{"@id":"https:\/\/purehivehoney.com\/de\/#\/schema\/logo\/image\/"}}]}},"_links":{"self":[{"href":"https:\/\/purehivehoney.com\/de\/wp-json\/wp\/v2\/product\/2359","targetHints":{"allow":["GET"]}}],"collection":[{"href":"https:\/\/purehivehoney.com\/de\/wp-json\/wp\/v2\/product"}],"about":[{"href":"https:\/\/purehivehoney.com\/de\/wp-json\/wp\/v2\/types\/product"}],"replies":[{"embeddable":true,"href":"https:\/\/purehivehoney.com\/de\/wp-json\/wp\/v2\/comments?post=2359"}],"wp:featuredmedia":[{"embeddable":true,"href":"https:\/\/purehivehoney.com\/de\/wp-json\/wp\/v2\/media\/2360"}],"wp:attachment":[{"href":"https:\/\/purehivehoney.com\/de\/wp-json\/wp\/v2\/media?parent=2359"}],"wp:term":[{"taxonomy":"store","embeddable":true,"href":"https:\/\/purehivehoney.com\/de\/wp-json\/wp\/v2\/store?post=2359"},{"taxonomy":"product_brand","embeddable":true,"href":"https:\/\/purehivehoney.com\/de\/wp-json\/wp\/v2\/product_brand?post=2359"},{"taxonomy":"product_cat","embeddable":true,"href":"https:\/\/purehivehoney.com\/de\/wp-json\/wp\/v2\/product_cat?post=2359"},{"taxonomy":"product_tag","embeddable":true,"href":"https:\/\/purehivehoney.com\/de\/wp-json\/wp\/v2\/product_tag?post=2359"}],"curies":[{"name":"wp","href":"https:\/\/api.w.org\/{rel}","templated":true}]}}